{"id":3745,"date":"2025-01-14T09:29:58","date_gmt":"2025-01-14T09:29:58","guid":{"rendered":"https:\/\/vapestornado.com\/?post_type=product&#038;p=3745"},"modified":"2025-08-23T09:30:57","modified_gmt":"2025-08-23T09:30:57","slug":"high-capacity-bang-28000-puffs-disposable-e-cigarette","status":"publish","type":"product","link":"https:\/\/vapestornado.com\/fr\/product\/high-capacity-bang-28000-puffs-disposable-e-cigarette\/","title":{"rendered":"Cigarette \u00e9lectronique jetable Bang 28000 Puffs haute capacit\u00e9"},"content":{"rendered":"<h1>Cigarette \u00e9lectronique jetable Bang 28000 Puffs haute capacit\u00e9<\/h1>\n<p>&nbsp;<\/p>\n<div role=\"article\" data-tabster=\"{&quot;groupper&quot;:{&quot;tabbability&quot;:2},&quot;focusable&quot;:{}}\" data-content=\"ai-message\" aria-labelledby=\"64JRvXrTnY7mRmPkEQLLT-author 64JRvXrTnY7mRmPkEQLLT-content\">\n<div id=\"64JRvXrTnY7mRmPkEQLLT-content\">\n<p data-start=\"313\" data-end=\"602\">L' <strong data-start=\"317\" data-end=\"353\">Vape jetable Bang 28000 Puffs<\/strong> offre des performances et une commodit\u00e9 accrues gr\u00e2ce \u00e0 un r\u00e9servoir massif de <strong data-start=\"415\" data-end=\"439\">capacit\u00e9 de 28 000 bouff\u00e9es<\/strong> et une <strong data-start=\"446\" data-end=\"479\">30 ml de e-liquide pr\u00e9rempli<\/strong>. Utilisant <strong data-start=\"487\" data-end=\"520\">technologie avanc\u00e9e de bobine en maille<\/strong>, il assure une saveur constante et une production de vapeur douce du d\u00e9but \u00e0 la fin.<\/p>\n<p data-start=\"604\" data-end=\"814\">Disponible en <strong data-start=\"617\" data-end=\"656\">options de nicotine 0 %, 2 %, 3 % et 5 %<\/strong>, le Bang 28K r\u00e9pond \u00e0 toutes les pr\u00e9f\u00e9rences, tandis que la <strong data-start=\"708\" data-end=\"732\">niveau de glace r\u00e9glable<\/strong> fonction permet aux utilisateurs de personnaliser l'intensit\u00e9 du refroidissement pour un effet menthol rafra\u00eechissant.<\/p>\n<p data-start=\"816\" data-end=\"1116\">Aliment\u00e9 par une <strong data-start=\"829\" data-end=\"860\">batterie rechargeable de 650 mAh<\/strong> avec <strong data-start=\"866\" data-end=\"890\">Charge rapide Type-C<\/strong>, cet appareil minimise les temps d'arr\u00eat et prend en charge une utilisation fiable toute la journ\u00e9e. Son <strong data-start=\"962\" data-end=\"1001\">Direct-to-Lung (DTL)<\/strong> produit des nuages de vapeur denses et des saveurs audacieuses, ce qui le rend id\u00e9al pour les vapoteurs qui souhaitent \u00e0 la fois capacit\u00e9 et performance.<\/p>\n<p data-start=\"1118\" data-end=\"1279\">Pour les grossistes et les distributeurs, le <strong data-start=\"1156\" data-end=\"1181\">Bang 28000 Bouff\u00e9es Vape<\/strong> offre un fort attrait avec un nombre \u00e9lev\u00e9 de bouff\u00e9es, des options de personnalisation et une qualit\u00e9 de construction fiable.<\/p>\n<hr data-start=\"1281\" data-end=\"1284\" \/>\n<h3 data-start=\"1286\" data-end=\"1312\">M\u00e9ta Description SEO<\/h3>\n<\/div>\n<\/div>\n<div class=\"flex max-w-full flex-col flex-grow\">\n<div class=\"min-h-8 text-message flex w-full flex-col items-end gap-2 whitespace-normal break-words text-start [.text-message+&amp;]:mt-5\" dir=\"auto\" data-message-author-role=\"assistant\" data-message-id=\"cdb991c0-f594-4bff-b2d5-fbbdd7ce9e54\" data-message-model-slug=\"gpt-4o-mini\">\n<div class=\"flex w-full flex-col gap-1 empty:hidden first:pt-[3px]\">\n<div class=\"markdown prose w-full break-words dark:prose-invert light\"><\/div>\n<\/div>\n<\/div>\n<\/div>\n<div class=\"mb-2 flex gap-3 empty:hidden -ml-2\">\n<h2 class=\"sr-proMainInfo-baseInfoH1 J-baseInfo-name\">Meilleure Vente 28000 bouff\u00e9es Bang cigarettes \u00e9lectroniques jetables Caract\u00e9ristiques Cl\u00e9s:<\/h2>\n<ul>\n<li><strong>Nombre de Puffs Massif<\/strong>: Fournit jusqu'\u00e0 <strong>28 000 bouff\u00e9es<\/strong>, offrant des sessions de vapotage prolong\u00e9es sans remplacements fr\u00e9quents.<\/li>\n<li><strong>Capacit\u00e9 de E-liquide G\u00e9n\u00e9reuse<\/strong>: Pr\u00e9-rempli avec <strong>30mL de e-liquide de haute qualit\u00e9<\/strong> pour une saveur constante et une production de vapeur douce.<\/li>\n<li><strong>Teneur en nicotine personnalisable<\/strong>: Disponible en <strong>0%, 2%, 3%, ou 5% de nicotine<\/strong>, r\u00e9pondant \u00e0 diff\u00e9rentes pr\u00e9f\u00e9rences et besoins de vapotage.<\/li>\n<li><strong>Bobine Mesh Avanc\u00e9e<\/strong>: Dispose d'une <strong>Bobine Mesh 1.0\u03a9<\/strong> pour une densit\u00e9 de vapeur am\u00e9lior\u00e9e, des saveurs audacieuses et des bouff\u00e9es douces.<\/li>\n<li><strong>Niveau de Glace Ajustable<\/strong>: Personnalisez votre exp\u00e9rience de vapotage avec un <strong>effet de refroidissement ajustable<\/strong>, parfait pour une sensation de menthol rafra\u00eechissante.<\/li>\n<li><strong>Batterie rechargeable<\/strong>: Aliment\u00e9 par une <strong>batterie rechargeable de 650 mAh<\/strong>, assurant des performances fiables pendant la dur\u00e9e de vie de l'appareil.<\/li>\n<li><strong>Charge Rapide Type-C<\/strong>: \u00c9quip\u00e9 de la <strong>technologie de charge rapide Type-C<\/strong> pour un temps d'arr\u00eat minimal et des recharges efficaces.<\/li>\n<li><strong>Flux d'air Direct-to-Lung (DTL)<\/strong>: Con\u00e7u pour <strong>le vapotage DTL<\/strong>, produisant des nuages denses et des saveurs intenses.<\/li>\n<li><strong>Design Portable et \u00c9l\u00e9gant<\/strong>: Compact, l\u00e9ger et \u00e9l\u00e9gant, il est id\u00e9al pour les voyages ou l'utilisation quotidienne.<\/li>\n<li><strong>\u00c9cologique et jetable<\/strong>: Con\u00e7u pour la commodit\u00e9 et la durabilit\u00e9, il offre une \u00e9limination facile apr\u00e8s utilisation.<\/li>\n<\/ul>\n<\/div>\n<p><img fetchpriority=\"high\" decoding=\"async\" class=\"wp-image-2951\" src=\"https:\/\/vapestornado.com\/wp-content\/uploads\/2024\/12\/Wholesale-Disposable-Vape-265x300.jpg\" alt=\"Vape jetable en gros\" width=\"313\" height=\"354\" srcset=\"https:\/\/vapestornado.com\/wp-content\/uploads\/2024\/12\/Wholesale-Disposable-Vape-265x300.jpg 265w, https:\/\/vapestornado.com\/wp-content\/uploads\/2024\/12\/Wholesale-Disposable-Vape-768x871.jpg 768w, https:\/\/vapestornado.com\/wp-content\/uploads\/2024\/12\/Wholesale-Disposable-Vape-600x680.jpg 600w, https:\/\/vapestornado.com\/wp-content\/uploads\/2024\/12\/Wholesale-Disposable-Vape.jpg 823w\" sizes=\"(max-width: 313px) 100vw, 313px\" \/><\/p>\n<h5>Veuillez contacter Mandy sur WhatsApp pour un prix r\u00e9duit :<a href=\"https:\/\/wa.me\/8618077105796\" target=\"_blank\" rel=\"noopener\">+8618077105796<\/a><\/h5>\n<p>&nbsp;<\/p>\n<h3 class=\"sr-proMainInfo-baseInfoH1 J-baseInfo-name\">bangvape 28k Puffs Vapes en gros Saveur :<\/h3>\n<p>1. Fraise Past\u00e8que<br \/>\n2.Glace Myrtille<br \/>\n3.Sang et Sable<br \/>\n4.Ananas Coco<br \/>\n5. Fraise banane<br \/>\n6.Fruits M\u00e9lang\u00e9s<br \/>\n7.Myrtilles Framboises<br \/>\n8. P\u00eache Glac\u00e9e<br \/>\n9. Mangue P\u00eache<br \/>\n10.Past\u00e8que<br \/>\n11. Glace au raisin<br \/>\n12.Fraise Kiwi<\/p>\n<div role=\"article\" data-tabster=\"{&quot;groupper&quot;:{&quot;tabbability&quot;:2},&quot;focusable&quot;:{}}\" data-content=\"ai-message\" aria-labelledby=\"dARUyEWDoEYhnSPXFwx5A-author dARUyEWDoEYhnSPXFwx5A-content\">\n<div id=\"dARUyEWDoEYhnSPXFwx5A-content\">\n<h3><strong>Pourquoi acheter HQ Bang 28000 Puffs <\/strong>\u00a0cigarettes \u00e9lectroniques\u00a0<strong>chez vapestornado ?<\/strong><\/h3>\n<ul>\n<li><strong>Produits authentiques garantis<\/strong><br \/>\nvapestornado vous garantit des <strong>Vapes Bang 28000 Puffs<\/strong>, offrant une qualit\u00e9 sup\u00e9rieure et une performance fiable \u00e0 chaque achat.<\/li>\n<li><strong>Prix imbattables<\/strong><br \/>\nProfitez de prix comp\u00e9titifs et d'offres exclusives sur les vapes jetables de grande capacit\u00e9, faisant de vapestornado la destination de choix pour les commandes en gros ou individuelles.<\/li>\n<li><strong>Livraison rapide en France<\/strong><br \/>\nEn se concentrant sur la commodit\u00e9 du client, vapestornado offre <strong>une exp\u00e9dition rapide et fiable<\/strong> aux pays europ\u00e9ens, garantissant une livraison dans les d\u00e9lais.<\/li>\n<li><strong>Support ax\u00e9 sur le client<\/strong><br \/>\nB\u00e9n\u00e9ficiez d'une <strong>un service client d\u00e9di\u00e9<\/strong> pour r\u00e9pondre aux questions, rendant votre exp\u00e9rience d'achat fluide et sans tracas.<\/li>\n<li><strong>Exp\u00e9rience de vapotage de haut niveau<\/strong><br \/>\nLes vapes Bang 28000 Puffs sont dot\u00e9es d'une technologie avanc\u00e9e <strong>technologie de bobine de maille<\/strong>, <strong>niveaux de glace ajustables<\/strong>, et <strong>flux d'air Direct-to-Lung (DTL)<\/strong>, garantissant des saveurs audacieuses, des nuages denses et des sensations de fra\u00eecheur personnalis\u00e9es.<\/li>\n<li><strong>\u00c9co-responsable et pratique<\/strong><br \/>\nvapestornado soutient le vapotage respectueux de l'environnement avec des vapes jetables de qualit\u00e9 sup\u00e9rieure con\u00e7ues pour une utilisation et une \u00e9limination faciles.<\/li>\n<\/ul>\n<\/div>\n<\/div>\n<h3>FAQ sur la nouvelle Vape Bang 28000 Puffs<\/h3>\n<p><strong>1. Comment puis-je suivre ma commande de Bang 28000 Puffs ?<\/strong><br \/>\nSuivre votre commande est simple. Une fois votre commande confirm\u00e9e, vous recevrez un num\u00e9ro de suivi via WhatsApp. Utilisez ce num\u00e9ro sur le site web du transporteur d\u00e9sign\u00e9 pour suivre l'avancement de la livraison de votre colis. Pour toute assistance suppl\u00e9mentaire, n'h\u00e9sitez pas \u00e0 contacter notre \u00e9quipe du service client.<\/p>\n<p><strong>2. Puis-je sp\u00e9cifier les saveurs pour les produits s\u00e9lectionn\u00e9s au hasard ?<\/strong><br \/>\nOui, vous pouvez ! Bien que certains lots de produits soient livr\u00e9s avec des saveurs pr\u00e9s\u00e9lectionn\u00e9es, nous faisons de notre mieux pour satisfaire les pr\u00e9f\u00e9rences de saveurs sp\u00e9cifiques. Laissez simplement une note lors du paiement ou contactez notre service client avec votre demande. Nous nous assurerons que vos saveurs pr\u00e9f\u00e9r\u00e9es soient incluses si elles sont en stock.<\/p>\n<p><strong>3. Qu'est-ce qui rend les vapes Bang 28000 Puffs uniques ?<\/strong><br \/>\nL' <strong>Vape jetable Bang 28000 Puffs<\/strong> offre un nombre massif de bouff\u00e9es, <strong>capacit\u00e9 d'e-liquide de 30 ml<\/strong>, des niveaux de glace ajustables et une technologie avanc\u00e9e de bobine en maille. Elle est con\u00e7ue pour la commodit\u00e9, une utilisation durable et une exp\u00e9rience de vapotage personnalisable.<\/p>","protected":false},"excerpt":{"rendered":"<ul>\n<li>Vape jetable Bang 28000 Puffs Premium<\/li>\n<li>Vape rechargeable Bang 28000 Puff longue dur\u00e9e<\/li>\n<li>Cigarette \u00e9lectronique Bang 28000 Puffs avec pods de vape \u00e0 glace r\u00e9glables<\/li>\n<\/ul>\n<figure id=\"attachment_2951\" aria-describedby=\"caption-attachment-2951\" style=\"width: 265px\" class=\"wp-caption alignnone\"><img decoding=\"async\" class=\"size-medium wp-image-2951\" src=\"https:\/\/vapestornado.com\/wp-content\/uploads\/2024\/12\/Wholesale-Disposable-Vape-265x300.jpg\" alt=\"Vape jetable en gros\" width=\"265\" height=\"300\" srcset=\"https:\/\/vapestornado.com\/wp-content\/uploads\/2024\/12\/Wholesale-Disposable-Vape-265x300.jpg 265w, https:\/\/vapestornado.com\/wp-content\/uploads\/2024\/12\/Wholesale-Disposable-Vape-768x871.jpg 768w, https:\/\/vapestornado.com\/wp-content\/uploads\/2024\/12\/Wholesale-Disposable-Vape-600x680.jpg 600w, https:\/\/vapestornado.com\/wp-content\/uploads\/2024\/12\/Wholesale-Disposable-Vape.jpg 823w\" sizes=\"(max-width: 265px) 100vw, 265px\" \/><figcaption id=\"caption-attachment-2951\" class=\"wp-caption-text\">Veuillez contacter Mandy sur WhatsApp pour obtenir un prix r\u00e9duit\u00a0 <a href=\"https:\/\/wa.me\/8618077105796\">+8618077105796<\/a><\/figcaption><\/figure>\n<p>&nbsp;<\/p>","protected":false},"featured_media":3738,"comment_status":"open","ping_status":"closed","template":"","meta":{"_acf_changed":false,"_uag_custom_page_level_css":"","_lmt_disableupdate":"no","_lmt_disable":"","_monsterinsights_skip_tracking":false,"_monsterinsights_sitenote_active":false,"_monsterinsights_sitenote_note":"","_monsterinsights_sitenote_category":0,"site-sidebar-layout":"default","site-content-layout":"","ast-site-content-layout":"default","site-content-style":"default","site-sidebar-style":"default","ast-global-header-display":"","ast-banner-title-visibility":"","ast-main-header-display":"","ast-hfb-above-header-display":"","ast-hfb-below-header-display":"","ast-hfb-mobile-header-display":"","site-post-title":"","ast-breadcrumbs-content":"","ast-featured-img":"","footer-sml-layout":"","ast-disable-related-posts":"","theme-transparent-header-meta":"default","adv-header-id-meta":"","stick-header-meta":"","header-above-stick-meta":"","header-main-stick-meta":"","header-below-stick-meta":"","astra-migrate-meta-layouts":"set","ast-page-background-enabled":"default","ast-page-background-meta":{"desktop":{"background-color":"","background-image":"","background-repeat":"repeat","background-position":"center center","background-size":"auto","background-attachment":"scroll","background-type":"","background-media":"","overlay-type":"","overlay-color":"","overlay-opacity":"","overlay-gradient":""},"tablet":{"background-color":"","background-image":"","background-repeat":"repeat","background-position":"center center","background-size":"auto","background-attachment":"scroll","background-type":"","background-media":"","overlay-type":"","overlay-color":"","overlay-opacity":"","overlay-gradient":""},"mobile":{"background-color":"","background-image":"","background-repeat":"repeat","background-position":"center center","background-size":"auto","background-attachment":"scroll","background-type":"","background-media":"","overlay-type":"","overlay-color":"","overlay-opacity":"","overlay-gradient":""}},"ast-content-background-meta":{"desktop":{"background-color":"var(--ast-global-color-5)","background-image":"","background-repeat":"repeat","background-position":"center center","background-size":"auto","background-attachment":"scroll","background-type":"","background-media":"","overlay-type":"","overlay-color":"","overlay-opacity":"","overlay-gradient":""},"tablet":{"background-color":"var(--ast-global-color-5)","background-image":"","background-repeat":"repeat","background-position":"center center","background-size":"auto","background-attachment":"scroll","background-type":"","background-media":"","overlay-type":"","overlay-color":"","overlay-opacity":"","overlay-gradient":""},"mobile":{"background-color":"var(--ast-global-color-5)","background-image":"","background-repeat":"repeat","background-position":"center center","background-size":"auto","background-attachment":"scroll","background-type":"","background-media":"","overlay-type":"","overlay-color":"","overlay-opacity":"","overlay-gradient":""}},"_joinchat":{"telephone":"+8618077105796"}},"product_brand":[],"product_cat":[235,150,153,144],"product_tag":[236,97,98],"class_list":{"0":"post-3745","1":"product","2":"type-product","3":"status-publish","4":"has-post-thumbnail","6":"product_cat-28000-puff","7":"product_cat-buy-disposable-vapes-in-belgium","8":"product_cat-buy-disposable-vapes-in-italy","9":"product_cat-low-nicotine-disposable-vapes","10":"product_tag-bang-28000-puffs","11":"product_tag-hot-sale-disposable-vape","12":"product_tag-wholesale-price-disposable-vape","13":"desktop-align-left","14":"tablet-align-left","15":"mobile-align-left","17":"first","18":"instock","19":"sale","20":"shipping-taxable","21":"purchasable","22":"product-type-simple"},"acf":[],"uagb_featured_image_src":{"full":["https:\/\/vapestornado.com\/wp-content\/uploads\/2025\/01\/Bang-28000-Puffs-Ultimate-Long-Lasting-Vape.webp",800,800,false],"thumbnail":["https:\/\/vapestornado.com\/wp-content\/uploads\/2025\/01\/Bang-28000-Puffs-Ultimate-Long-Lasting-Vape-150x150.webp",150,150,true],"medium":["https:\/\/vapestornado.com\/wp-content\/uploads\/2025\/01\/Bang-28000-Puffs-Ultimate-Long-Lasting-Vape-300x300.webp",300,300,true],"medium_large":["https:\/\/vapestornado.com\/wp-content\/uploads\/2025\/01\/Bang-28000-Puffs-Ultimate-Long-Lasting-Vape-768x768.webp",768,768,true],"large":["https:\/\/vapestornado.com\/wp-content\/uploads\/2025\/01\/Bang-28000-Puffs-Ultimate-Long-Lasting-Vape.webp",800,800,false],"1536x1536":["https:\/\/vapestornado.com\/wp-content\/uploads\/2025\/01\/Bang-28000-Puffs-Ultimate-Long-Lasting-Vape.webp",800,800,false],"2048x2048":["https:\/\/vapestornado.com\/wp-content\/uploads\/2025\/01\/Bang-28000-Puffs-Ultimate-Long-Lasting-Vape.webp",800,800,false],"trp-custom-language-flag":["https:\/\/vapestornado.com\/wp-content\/uploads\/2025\/01\/Bang-28000-Puffs-Ultimate-Long-Lasting-Vape.webp",12,12,false],"woocommerce_thumbnail":["https:\/\/vapestornado.com\/wp-content\/uploads\/2025\/01\/Bang-28000-Puffs-Ultimate-Long-Lasting-Vape-300x300.webp",300,300,true],"woocommerce_single":["https:\/\/vapestornado.com\/wp-content\/uploads\/2025\/01\/Bang-28000-Puffs-Ultimate-Long-Lasting-Vape-600x600.webp",600,600,true],"woocommerce_gallery_thumbnail":["https:\/\/vapestornado.com\/wp-content\/uploads\/2025\/01\/Bang-28000-Puffs-Ultimate-Long-Lasting-Vape-100x100.webp",100,100,true]},"uagb_author_info":{"display_name":"ESMANDY","author_link":"https:\/\/vapestornado.com\/fr\/author\/"},"uagb_comment_info":0,"uagb_excerpt":"Premium Bang 28000 Puffs Disposable Vape Pen Long-Lasting Bang 28000 Puff Rechargeable Vape Bang 28000 Puffs E-Cigarette with Adjustable Ice Vape Pods [caption id=\"attachment_2951\" align=\"alignnone\" width=\"265\"] Pls Contact Mandy's WhatsApp For Discount Price\u00a0 +8618077105796[\/caption] &nbsp;","_links":{"self":[{"href":"https:\/\/vapestornado.com\/fr\/wp-json\/wp\/v2\/product\/3745","targetHints":{"allow":["GET"]}}],"collection":[{"href":"https:\/\/vapestornado.com\/fr\/wp-json\/wp\/v2\/product"}],"about":[{"href":"https:\/\/vapestornado.com\/fr\/wp-json\/wp\/v2\/types\/product"}],"replies":[{"embeddable":true,"href":"https:\/\/vapestornado.com\/fr\/wp-json\/wp\/v2\/comments?post=3745"}],"wp:featuredmedia":[{"embeddable":true,"href":"https:\/\/vapestornado.com\/fr\/wp-json\/wp\/v2\/media\/3738"}],"wp:attachment":[{"href":"https:\/\/vapestornado.com\/fr\/wp-json\/wp\/v2\/media?parent=3745"}],"wp:term":[{"taxonomy":"product_brand","embeddable":true,"href":"https:\/\/vapestornado.com\/fr\/wp-json\/wp\/v2\/product_brand?post=3745"},{"taxonomy":"product_cat","embeddable":true,"href":"https:\/\/vapestornado.com\/fr\/wp-json\/wp\/v2\/product_cat?post=3745"},{"taxonomy":"product_tag","embeddable":true,"href":"https:\/\/vapestornado.com\/fr\/wp-json\/wp\/v2\/product_tag?post=3745"}],"curies":[{"name":"wp","href":"https:\/\/api.w.org\/{rel}","templated":true}]}}