{"id":3734,"date":"2025-01-13T08:21:51","date_gmt":"2025-01-13T08:21:51","guid":{"rendered":"https:\/\/vapestornado.com\/?post_type=product&#038;p=3734"},"modified":"2025-08-23T09:32:47","modified_gmt":"2025-08-23T09:32:47","slug":"waspe-crystal-40000-puffs-40k-double-flavor-rechargeable-disposable-vapes-cheap-price","status":"publish","type":"product","link":"https:\/\/vapestornado.com\/fr\/product\/waspe-crystal-40000-puffs-40k-double-flavor-rechargeable-disposable-vapes-cheap-price\/","title":{"rendered":"WASPE Crystal 40000 Puffs 40k Double Saveur Rechargeable Vapes Jetables Prix \u200b\u200bpas cher"},"content":{"rendered":"<h1 class=\"product-title\">WASPE Crystal 40000 Puffs 40k Double Saveur Rechargeable Vapes Jetables Prix \u200b\u200bpas cher<\/h1>\n<p>L' <strong>WASPE Crystal 40000 Bouff\u00e9es<\/strong> est un produit de premier ordre <strong>vape jetable rechargeable<\/strong> con\u00e7u pour les vapoteurs recherchant une exp\u00e9rience prolong\u00e9e, savoureuse et personnalisable. Avec son nombre de bouff\u00e9es massif, <strong>flux d\u2019air r\u00e9glable<\/strong>, et innovant <strong>2-saveurs-en-1<\/strong> technologie, il se distingue parmi les <strong>meilleures marques de vapes jetables<\/strong> \u00e0 un prix de gros incroyablement <strong>bon march\u00e9<\/strong>.<\/p>\n<p>Avec un impressionnant <strong>40 000 bouff\u00e9es<\/strong>, cet appareil offre l'une des plus grandes capacit\u00e9s sur le march\u00e9 des vapes jetables, assurant un plaisir durable sans remplacements fr\u00e9quents. La <strong>technologie \u00e0 double saveur<\/strong> combine deux saveurs compl\u00e9mentaires dans un seul appareil, permettant aux utilisateurs de basculer entre elles sans effort et de profiter d'une exp\u00e9rience de vapotage dynamique.<\/p>\n<p data-start=\"598\" data-end=\"841\">L' <strong data-start=\"602\" data-end=\"624\">syst\u00e8me \u00e0 double saveur<\/strong> permet aux utilisateurs de basculer entre deux m\u00e9langes dans un seul appareil, offrant vari\u00e9t\u00e9 et fra\u00eecheur \u00e0 chaque session. Associ\u00e9 \u00e0 <strong data-start=\"744\" data-end=\"766\">flux d\u2019air r\u00e9glable<\/strong>, il permet aux vapoteurs de personnaliser leur tirage, des bouff\u00e9es serr\u00e9es aux nuages plus doux.<\/p>\n<p data-start=\"843\" data-end=\"1081\">\u00c9quip\u00e9 de <strong data-start=\"857\" data-end=\"881\">double bobine mesh de 0,9\u00a0\u03a9<\/strong>, le WASPE Crystal am\u00e9liore la constance de la saveur et la densit\u00e9 de la vapeur. Disponible en <strong data-start=\"961\" data-end=\"998\">concentrations de nicotine 0%, 2% et 5%<\/strong>, il convient \u00e0 diff\u00e9rentes pr\u00e9f\u00e9rences, de l\u2019utilisation sans nicotine aux bouff\u00e9es plus fortes.<\/p>\n<p data-start=\"1083\" data-end=\"1291\">Propuls\u00e9 par un <strong data-start=\"1097\" data-end=\"1128\">Batterie rechargeable de 850 mAh<\/strong> avec <strong data-start=\"1134\" data-end=\"1158\">Charge rapide Type-C<\/strong>, cet appareil minimise les temps d\u2019arr\u00eat. Un <strong data-start=\"1194\" data-end=\"1217\">\u00e9cran num\u00e9rique LED<\/strong> affiche en temps r\u00e9el les niveaux de batterie et d\u2019e-liquide, donnant aux utilisateurs un contr\u00f4le total.<\/p>\n<p data-start=\"1293\" data-end=\"1484\">Pour les grossistes et les d\u00e9taillants, le <strong data-start=\"1328\" data-end=\"1354\">WASPE Crystal 40K Vape<\/strong> est emball\u00e9 efficacement avec <strong data-start=\"1384\" data-end=\"1424\">200\u00a0pi\u00e8ces par carton et 10\u00a0par bo\u00eete<\/strong>, ce qui en fait une option \u00e9conomique pour la distribution en gros.<\/p>\n<p>Pour ceux qui cherchent \u00e0 <strong>acheter en gros<\/strong>, le WASPE Crystal offre d'excellentes options de vente en gros avec un emballage de <strong>200 pi\u00e8ces par carton et 10 pi\u00e8ces par bo\u00eete<\/strong>, ce qui le rend parfait pour les d\u00e9taillants et les distributeurs. Le poids brut total de 22,5 kg assure une exp\u00e9dition efficace et rentable pour les acheteurs en gros.<\/p>\n<p><strong>Ajoutez le Whatsapp d'Amy pour obtenir une r\u00e9ponse imm\u00e9diate et un coupon de vape !<\/strong><\/p>\n<p><img fetchpriority=\"high\" decoding=\"async\" class=\"size-full wp-image-2932\" src=\"https:\/\/vapestornado.com\/wp-content\/uploads\/2024\/12\/Vape-Wholesale.jpg\" alt=\"Vente en Gros de Vapes\" width=\"229\" height=\"300\" \/><\/p>\n<h3><a href=\"https:\/\/wa.me\/8617776015835\" target=\"_blank\" rel=\"noopener\"><span style=\"color: #ff0000;\"><strong>WhatsApp : +86 17776015835<\/strong><\/span><\/a><\/h3>\n<p>&nbsp;<\/p>\n<h2><strong>Caract\u00e9ristiques du produit WASPE Crystal 40000<\/strong><\/h2>\n<ol>\n<li><strong>Nombre maximal de bouff\u00e9es<\/strong>: 40000<\/li>\n<li><strong>Double saveur<\/strong>: 20000 bouff\u00e9es + 20000 bouff\u00e9es = 40000 bouff\u00e9es<\/li>\n<li><strong>Teneur en nicotine<\/strong>: 0% \/ 2% \/ 3% \/ 5%<\/li>\n<li><strong>Capacit\u00e9 pr\u00e9remplie<\/strong>: 32mL<\/li>\n<li><strong>Capacit\u00e9 de la batterie<\/strong>: 850mAh<\/li>\n<li><strong>Port de chargement<\/strong>: USB Type-C<\/li>\n<li><strong>Fonctionnement<\/strong>: Activation par tirage<\/li>\n<li><strong>Bobine \u00e0 double maille de 0,9 ohm<\/strong><\/li>\n<li><strong>\u00c9cran d'affichage LED<\/strong><\/li>\n<li><strong>Indicateur de niveau de batterie<\/strong><\/li>\n<li><strong>Indicateur de niveau d'e-liquide<\/strong><\/li>\n<\/ol>\n<h2 class=\"product-title\"><strong>Liste des saveurs WASPE Crystal 40000<\/strong><\/h2>\n<p>1. Past\u00e8que Glac\u00e9e<br \/>\n2. Red Bull Glac\u00e9<br \/>\n3. Red Bull Fraise<br \/>\n4. Bonbon Myrtille<br \/>\n5. Fraise Kiwi<br \/>\n6. Myrtille Framboise<br \/>\n7. Fraise Framboise Cerise<br \/>\n8. P\u00eache Glac\u00e9e<br \/>\n9. Fraise Banane<br \/>\n10. Raisin Glac\u00e9<br \/>\n11. Fruits Rouges M\u00e9lang\u00e9s<br \/>\n12. Myrtille Glac\u00e9e<\/p>\n<h3 class=\"product-title\"><strong>Examen approfondi de la liste des saveurs WASPE Crystal 40000 Puffs<\/strong><\/h3>\n<ol>\n<li><strong>Past\u00e8que Glac\u00e9e<\/strong> \u2013 Un m\u00e9lange rafra\u00eechissant de past\u00e8que fra\u00eeche avec une touche acidul\u00e9e de citron-lime.<\/li>\n<li><strong>Myrtille Glac\u00e9e<\/strong> \u2013 Des myrtilles sucr\u00e9es rencontrent le plaisir p\u00e9tillant du cola cerise avec une finale glac\u00e9e.<\/li>\n<li><strong>Fruits Rouges M\u00e9lang\u00e9s<\/strong> \u2013 Un m\u00e9lange fruit\u00e9 de baies m\u00e9lang\u00e9es avec le zeste acidul\u00e9 de la limonade aux framboises.<\/li>\n<li><strong>Grape Ice<\/strong> \u2013 Saveur de raisin juteux associ\u00e9e au frisson exotique de la glace de dragon noir.<\/li>\n<li><strong>Strawberry Banana<\/strong> \u2013 Une fusion tropicale de banane cr\u00e9meuse, de fraise sucr\u00e9e et de noix de coco ananas glac\u00e9e.<\/li>\n<li><strong>Peach Ice<\/strong> \u2013 Glace \u00e0 la p\u00eache onctueuse m\u00e9lang\u00e9e \u00e0 de la past\u00e8que et de la mangue juteuses.<\/li>\n<li><strong>Strawberry Raspberry Cherry<\/strong> \u2013 Un m\u00e9lange succulent de fraises, de framboises, de cerises et de la myst\u00e9rieuse saveur Love 666.<\/li>\n<li><strong>Blueberry Raspberry<\/strong> \u2013 Myrtilles et framboises sucr\u00e9es m\u00e9lang\u00e9es \u00e0 des p\u00eaches et des baies glac\u00e9es.<\/li>\n<li><strong>Strawberry Kiwi<\/strong> \u2013 Un m\u00e9lange d\u00e9licieux de fraises sucr\u00e9es avec du kiwi acidul\u00e9 et de la cerise.<\/li>\n<li><strong>Blueberry Candy<\/strong> \u2013 Une douceur de myrtille semblable \u00e0 un bonbon combin\u00e9e \u00e0 de la past\u00e8que et des fraises juteuses.<\/li>\n<li><strong>Strawberry Red Bull<\/strong> \u2013 Un m\u00e9lange unique de saveur Red Bull \u00e9nergisante avec de la cerise et de la myrtille sucr\u00e9e.<\/li>\n<li><strong>Red Bull Ice<\/strong> \u2013 Une glace Red Bull rafra\u00eechissante associ\u00e9e \u00e0 de la mangue et des fraises sucr\u00e9es.<\/li>\n<\/ol>\n<h3>Pourquoi choisir vapestornado pour la vente en gros de vapes WASPE Crystal 40000 ?<\/h3>\n<div class=\"flex-shrink-0 flex flex-col relative items-end\">\n<div class=\"pt-0\">\n<div class=\"gizmo-bot-avatar flex h-8 w-8 items-center justify-center overflow-hidden rounded-full\">\n<div class=\"relative p-1 rounded-sm flex items-center justify-center bg-token-main-surface-primary text-token-text-primary h-8 w-8\">\n<p>Bienvenue chez vapestornado, votre boutique de vape en ligne de confiance pour les vapes jetables de qualit\u00e9 sup\u00e9rieure. Avec plus de 5 ans d'expertise, nous vous proposons des marques populaires de vapes jetables telles que Fumot RandM Vape, <a href=\"https:\/\/vapestornado.com\/fr\/product\/vapme-crystal-7000-puffs-rechargeable-disposable-vape-wholesale-cheap-price\/\">Vapme<\/a>, Bang Vape, Waspe Vape et WGA Vape, etc.<\/p>\n<p>Notre gamme comprend des vapes tr\u00e8s demand\u00e9es comme le <a href=\"https:\/\/vapestornado.com\/fr\/product\/fumot-randm-tornado-15000-puffs-rechargeable-disposable-vape-wholesale\/\">RandM Tornade 15000<\/a>, et des choix riches en saveurs comme le <a href=\"https:\/\/vapestornado.com\/fr\/product\/waspe-40000-puffs-double-flavour-led-display-disposable-vape-wholesale\/\">WASPE Double Saveur 40000 Bouff\u00e9es<\/a> . Chaque produit est choisi en mettant l'accent sur la qualit\u00e9, la valeur et la vari\u00e9t\u00e9, afin de vous assurer de trouver la solution id\u00e9ale pour vos besoins. D\u00e9couvrez un service exceptionnel et une large gamme de produits de qualit\u00e9 sup\u00e9rieure \u00e0 prix de gros chez vapestornado.<\/p>\n<\/div>\n<h3><\/h3>\n<div class=\"relative p-1 rounded-sm flex items-center justify-center bg-token-main-surface-primary text-token-text-primary h-8 w-8\">\n<h3>FAQ pour le Vape Jetable WASPE Crystal 40000<\/h3>\n<\/div>\n<\/div>\n<\/div>\n<\/div>\n<div class=\"flex-shrink-0 flex flex-col relative items-end\">\n<div class=\"pt-0\">\n<div class=\"gizmo-bot-avatar flex h-8 w-8 items-center justify-center overflow-hidden rounded-full\">\n<div class=\"relative p-1 rounded-sm flex items-center justify-center bg-token-main-surface-primary text-token-text-primary h-8 w-8\">\n<div class=\"mb-2 flex gap-3 empty:hidden -ml-2\">\n<ol>\n<li><strong>Combien de temps faut-il pour charger compl\u00e8tement le WASPE Crystal ?<\/strong>\n<ul>\n<li>Avec la charge rapide Type-C, l'appareil prend environ 1 heure pour se charger compl\u00e8tement.<\/li>\n<\/ul>\n<\/li>\n<li><strong>O\u00f9 puis-je acheter le WASPE Crystal \u00e0 un prix de gros ?<\/strong>\n<ul>\n<li>Vous pouvez l'acheter \u00e0 des prix de gros chez vapestornado, qui offre d'excellentes affaires et des options d'achat en gros.<\/li>\n<\/ul>\n<\/li>\n<li><strong>Comment fonctionne le syst\u00e8me \u00e0 double saveur ?<\/strong>\n<ul>\n<li>Ajustez simplement les param\u00e8tres de flux d'air pour basculer facilement entre les deux saveurs.<\/li>\n<\/ul>\n<\/li>\n<li><strong>Le WASPE Crystal convient-il aux d\u00e9butants ?<\/strong>\n<ul>\n<li>Oui, il est facile \u00e0 utiliser et offre une option de nicotine 0%, ce qui le rend parfait pour les d\u00e9butants.<\/li>\n<\/ul>\n<\/li>\n<li><strong>Quel type de charge le WASPE Crystal prend-il en charge ?<\/strong>\n<ul>\n<li>Il prend en charge la charge de Type-C, le rendant compatible avec la plupart des chargeurs modernes.<\/li>\n<\/ul>\n<\/li>\n<\/ol>\n<h2>Comment commander ?<\/h2>\n<p><strong>1. Quels modes de paiement acceptez-vous ?<\/strong><br \/>\nNous acceptons les virements IBAN et <span style=\"font-size: 16px;\">Western Union<\/span>\u00a0pour des transactions s\u00e9curis\u00e9es et pratiques.<\/p>\n<p><strong>2. Comment puis-je suivre ma commande ?<\/strong><br \/>\nUne fois votre commande exp\u00e9di\u00e9e, <span class=\"selectable-text copyable-text false\">nous continuerons \u00e0 suivre le parcours des marchandises jusqu'\u00e0 ce que vous les ayez re\u00e7ues<\/span>.<\/p>\n<p><strong>3. Quel est le d\u00e9lai de livraison estim\u00e9 ?<\/strong><\/p>\n<ul>\n<li>L'exp\u00e9dition depuis <strong>les entrep\u00f4ts en Chine<\/strong> prend environ <strong>7 \u00e0 14 jours ouvrables<\/strong>.<\/li>\n<li>L'exp\u00e9dition depuis <strong>Entrep\u00f4ts europ\u00e9ens<\/strong> prend g\u00e9n\u00e9ralement <strong>3 \u00e0 6 jours ouvrables<\/strong>.<\/li>\n<\/ul>\n<p><strong>4. Comment puis-je obtenir une livraison plus rapide ?<\/strong><br \/>\nPour une livraison plus rapide, nous vous recommandons de commander depuis notre <strong>entrep\u00f4t europ\u00e9en<\/strong>, qui offre des d\u00e9lais d'exp\u00e9dition plus rapides.<\/p>\n<p><strong>5. Comment retourner un article ?<\/strong><br \/>\nPour retourner un article, contactez notre service client\u00e8le pour obtenir des instructions d\u00e9taill\u00e9es sur la proc\u00e9dure de retour.<\/p>\n<p><strong>6. Proposez-vous une exp\u00e9dition internationale ?<\/strong><br \/>\nOui, nous exp\u00e9dions vers la plupart des pays et nous nous occupons du <strong>d\u00e9douanement<\/strong> pour une exp\u00e9rience de livraison sans souci.<\/p>\n<p><strong>7. Que faire si je re\u00e7ois un produit endommag\u00e9 ou d\u00e9fectueux ?<\/strong><br \/>\nSi votre article est endommag\u00e9 ou d\u00e9fectueux, contactez le service client pour un <strong>remplacement ou un remboursement<\/strong>.<\/p>\n<p><strong>8. Comment puis-je contacter le service client ?<\/strong><br \/>\nVous pouvez nous joindre par <strong>e-mail, WhatsApp ou chat en direct<\/strong> sur notre site web pour toute assistance.<\/p>\n<\/div>\n<\/div>\n<\/div>\n<\/div>\n<\/div>","protected":false},"excerpt":{"rendered":"<p>Meilleur Vape Cristal Waspe 40000 Bouff\u00e9es Double Saveur Vape Jetable \u00e0 Faible Teneur en Nicotine en Gros<br \/>\nWASPE Crystal 40000 Bouff\u00e9es Double Saveur LED Affichage Vape Jetable Achat en Gros<br \/>\nWASPE Crystal 40000 Bouff\u00e9es 2 en 1 Saveur Vapes Jetables Rechargeables Prix Bon March\u00e9<\/p>\n<p><strong>Ajoutez le WhatsApp d'Amy pour obtenir une bonne r\u00e9ponse et un coupon de vape !<\/strong><\/p>\n<p><img fetchpriority=\"high\" decoding=\"async\" class=\"size-full wp-image-2932\" src=\"https:\/\/vapestornado.com\/wp-content\/uploads\/2024\/12\/Vape-Wholesale.jpg\" alt=\"Vente en Gros de Vapes\" width=\"229\" height=\"300\" \/><\/p>\n<h3><a href=\"https:\/\/wa.me\/8617776015835\"><span style=\"color: #ff0000;\"><strong>WhatsApp : +86 17776015835<\/strong><\/span><\/a><\/h3>\n<p>&nbsp;<\/p>","protected":false},"featured_media":3756,"comment_status":"open","ping_status":"closed","template":"","meta":{"_acf_changed":false,"_uag_custom_page_level_css":"","_lmt_disableupdate":"no","_lmt_disable":"","_monsterinsights_skip_tracking":false,"_monsterinsights_sitenote_active":false,"_monsterinsights_sitenote_note":"","_monsterinsights_sitenote_category":0,"site-sidebar-layout":"default","site-content-layout":"","ast-site-content-layout":"default","site-content-style":"default","site-sidebar-style":"default","ast-global-header-display":"","ast-banner-title-visibility":"","ast-main-header-display":"","ast-hfb-above-header-display":"","ast-hfb-below-header-display":"","ast-hfb-mobile-header-display":"","site-post-title":"","ast-breadcrumbs-content":"","ast-featured-img":"","footer-sml-layout":"","ast-disable-related-posts":"","theme-transparent-header-meta":"default","adv-header-id-meta":"","stick-header-meta":"","header-above-stick-meta":"","header-main-stick-meta":"","header-below-stick-meta":"","astra-migrate-meta-layouts":"set","ast-page-background-enabled":"default","ast-page-background-meta":{"desktop":{"background-color":"","background-image":"","background-repeat":"repeat","background-position":"center center","background-size":"auto","background-attachment":"scroll","background-type":"","background-media":"","overlay-type":"","overlay-color":"","overlay-opacity":"","overlay-gradient":""},"tablet":{"background-color":"","background-image":"","background-repeat":"repeat","background-position":"center center","background-size":"auto","background-attachment":"scroll","background-type":"","background-media":"","overlay-type":"","overlay-color":"","overlay-opacity":"","overlay-gradient":""},"mobile":{"background-color":"","background-image":"","background-repeat":"repeat","background-position":"center center","background-size":"auto","background-attachment":"scroll","background-type":"","background-media":"","overlay-type":"","overlay-color":"","overlay-opacity":"","overlay-gradient":""}},"ast-content-background-meta":{"desktop":{"background-color":"var(--ast-global-color-5)","background-image":"","background-repeat":"repeat","background-position":"center center","background-size":"auto","background-attachment":"scroll","background-type":"","background-media":"","overlay-type":"","overlay-color":"","overlay-opacity":"","overlay-gradient":""},"tablet":{"background-color":"var(--ast-global-color-5)","background-image":"","background-repeat":"repeat","background-position":"center center","background-size":"auto","background-attachment":"scroll","background-type":"","background-media":"","overlay-type":"","overlay-color":"","overlay-opacity":"","overlay-gradient":""},"mobile":{"background-color":"var(--ast-global-color-5)","background-image":"","background-repeat":"repeat","background-position":"center center","background-size":"auto","background-attachment":"scroll","background-type":"","background-media":"","overlay-type":"","overlay-color":"","overlay-opacity":"","overlay-gradient":""}},"_joinchat":{"telephone":"+8617776015835"}},"product_brand":[],"product_cat":[19,65,140,153,155,141,142,60],"product_tag":[120,97,94,93,237,163],"class_list":{"0":"post-3734","1":"product","2":"type-product","3":"status-publish","4":"has-post-thumbnail","6":"product_cat-vapes","7":"product_cat-40000-puff","8":"product_cat-big-puffs-disposable-vapes","9":"product_cat-buy-disposable-vapes-in-italy","10":"product_cat-buy-disposable-vapes-in-norway","11":"product_cat-crystal-disposable-vapes","12":"product_cat-digital-box-disposable-vapes","13":"product_cat-waspe-fihp-vape","14":"product_tag-crystal-vape","15":"product_tag-hot-sale-disposable-vape","16":"product_tag-rechargeable-disposable-vape","17":"product_tag-vape-wholesale","18":"product_tag-waspe-crystal-40000","19":"product_tag-waspe-vape","20":"desktop-align-left","21":"tablet-align-left","22":"mobile-align-left","24":"first","25":"instock","26":"sale","27":"shipping-taxable","28":"purchasable","29":"product-type-simple"},"acf":[],"uagb_featured_image_src":{"full":["https:\/\/vapestornado.com\/wp-content\/uploads\/2025\/01\/WASPE-40000-Puffs-Crystal-Disposable-Vape-Wholesale-Price.webp",1000,1000,false],"thumbnail":["https:\/\/vapestornado.com\/wp-content\/uploads\/2025\/01\/WASPE-40000-Puffs-Crystal-Disposable-Vape-Wholesale-Price-150x150.webp",150,150,true],"medium":["https:\/\/vapestornado.com\/wp-content\/uploads\/2025\/01\/WASPE-40000-Puffs-Crystal-Disposable-Vape-Wholesale-Price-300x300.webp",300,300,true],"medium_large":["https:\/\/vapestornado.com\/wp-content\/uploads\/2025\/01\/WASPE-40000-Puffs-Crystal-Disposable-Vape-Wholesale-Price-768x768.webp",768,768,true],"large":["https:\/\/vapestornado.com\/wp-content\/uploads\/2025\/01\/WASPE-40000-Puffs-Crystal-Disposable-Vape-Wholesale-Price.webp",1000,1000,false],"1536x1536":["https:\/\/vapestornado.com\/wp-content\/uploads\/2025\/01\/WASPE-40000-Puffs-Crystal-Disposable-Vape-Wholesale-Price.webp",1000,1000,false],"2048x2048":["https:\/\/vapestornado.com\/wp-content\/uploads\/2025\/01\/WASPE-40000-Puffs-Crystal-Disposable-Vape-Wholesale-Price.webp",1000,1000,false],"trp-custom-language-flag":["https:\/\/vapestornado.com\/wp-content\/uploads\/2025\/01\/WASPE-40000-Puffs-Crystal-Disposable-Vape-Wholesale-Price.webp",12,12,false],"woocommerce_thumbnail":["https:\/\/vapestornado.com\/wp-content\/uploads\/2025\/01\/WASPE-40000-Puffs-Crystal-Disposable-Vape-Wholesale-Price-300x300.webp",300,300,true],"woocommerce_single":["https:\/\/vapestornado.com\/wp-content\/uploads\/2025\/01\/WASPE-40000-Puffs-Crystal-Disposable-Vape-Wholesale-Price-600x600.webp",600,600,true],"woocommerce_gallery_thumbnail":["https:\/\/vapestornado.com\/wp-content\/uploads\/2025\/01\/WASPE-40000-Puffs-Crystal-Disposable-Vape-Wholesale-Price-100x100.webp",100,100,true]},"uagb_author_info":{"display_name":"ESAMY","author_link":"https:\/\/vapestornado.com\/fr\/author\/"},"uagb_comment_info":0,"uagb_excerpt":"Best Waspe Crystal Vape 40000 Puffs Dual Flavors Low Nicotine Disposable Vape Wholesale WASPE Crystal 40000 Puffs Double Flavor LED Display Disposable Vape Bulk Buy WASPE Crystal 40000 Puffs 2 in 1 Flavor Rechargeable Disposable Vapes Cheap Price Add Amy's whatsapp get right reply and vape vape coupon! WhatsApp: +86 17776015835 &nbsp;","_links":{"self":[{"href":"https:\/\/vapestornado.com\/fr\/wp-json\/wp\/v2\/product\/3734","targetHints":{"allow":["GET"]}}],"collection":[{"href":"https:\/\/vapestornado.com\/fr\/wp-json\/wp\/v2\/product"}],"about":[{"href":"https:\/\/vapestornado.com\/fr\/wp-json\/wp\/v2\/types\/product"}],"replies":[{"embeddable":true,"href":"https:\/\/vapestornado.com\/fr\/wp-json\/wp\/v2\/comments?post=3734"}],"wp:featuredmedia":[{"embeddable":true,"href":"https:\/\/vapestornado.com\/fr\/wp-json\/wp\/v2\/media\/3756"}],"wp:attachment":[{"href":"https:\/\/vapestornado.com\/fr\/wp-json\/wp\/v2\/media?parent=3734"}],"wp:term":[{"taxonomy":"product_brand","embeddable":true,"href":"https:\/\/vapestornado.com\/fr\/wp-json\/wp\/v2\/product_brand?post=3734"},{"taxonomy":"product_cat","embeddable":true,"href":"https:\/\/vapestornado.com\/fr\/wp-json\/wp\/v2\/product_cat?post=3734"},{"taxonomy":"product_tag","embeddable":true,"href":"https:\/\/vapestornado.com\/fr\/wp-json\/wp\/v2\/product_tag?post=3734"}],"curies":[{"name":"wp","href":"https:\/\/api.w.org\/{rel}","templated":true}]}}