{"id":3726,"date":"2025-01-13T07:22:44","date_gmt":"2025-01-13T07:22:44","guid":{"rendered":"https:\/\/vapestornado.com\/?post_type=product&#038;p=3726"},"modified":"2025-08-23T12:33:57","modified_gmt":"2025-08-23T12:33:57","slug":"bang-king-35k-35000-puffs-2-in-1-dual-flavour-disposable-vape-wholesale-cheap-price","status":"publish","type":"product","link":"https:\/\/vapestornado.com\/fr\/product\/bang-king-35k-35000-puffs-2-in-1-dual-flavour-disposable-vape-wholesale-cheap-price\/","title":{"rendered":"Bang King 35K 35000 Bouff\u00e9es 2 en 1 Vape Jetable Double Saveur Prix de Gros Pas Cher"},"content":{"rendered":"<h1 class=\"product-title\">Bang King 35K 35000 Bouff\u00e9es 2 en 1 Vape Jetable Double Saveur Prix de Gros Pas Cher<\/h1>\n<p>&nbsp;<\/p>\n<p>Pourquoi le <strong>Bang King 35K 35000 Bouff\u00e9es 2 en 1 Vape Jetable \u00e0 Double Saveur<\/strong> devient-il populaire ? Cet appareil combine commodit\u00e9, saveur et prix abordable. Avec un \u00e9cran num\u00e9rique \u00e9l\u00e9gant, un nombre impressionnant de bouff\u00e9es et deux saveurs distinctes dans un seul appareil, cette vape red\u00e9finit ce que les vapes jetables peuvent offrir.<\/p>\n<p>Dites adieu aux remplacements fr\u00e9quents ! Avec un \u00e9norme <strong>35 000 bouff\u00e9es<\/strong>, le Bang King 35K assure une satisfaction durable, ce qui en fait l'un des <strong>vapes jetables populaires<\/strong> sur le march\u00e9. Pourquoi se contenter d'une seule saveur quand on peut en avoir deux ? Profitez du <strong>conception de saveur 2 en 1<\/strong>, vous permettant de basculer entre deux saveurs incroyables dans un seul appareil. Savourez le double du go\u00fbt, le tout dans un seul emballage \u00e9l\u00e9gant. Restez en contr\u00f4le avec le <strong>\u00e9cran tactile LED<\/strong>. Il affiche la dur\u00e9e de vie de la batterie, les niveaux d'e-liquide et vous permet de r\u00e9gler le flux d'air et les param\u00e8tres d'alimentation pour une exp\u00e9rience personnalisable.<\/p>\n<p>Avec trois modes de flux d'air, vous pouvez facilement ajuster le tirage en fonction de vos pr\u00e9f\u00e9rences. Que vous pr\u00e9f\u00e9riez des bouff\u00e9es douces ou robustes, cette vape s'adapte \u00e0 vous. Le <strong>batterie rechargeable de 700mAh<\/strong> et de <strong>le chargement de type C<\/strong> assure des recharges rapides et efficaces, gardant votre appareil aliment\u00e9 tout au long de la journ\u00e9e. Le <strong>R\u00e9servoir d'e-liquide de 35ML<\/strong> r\u00e9duit le besoin de remplissages fr\u00e9quents, offrant un vapotage plus ininterrompu. Parfait pour les acheteurs en gros, le <strong>prix de gros<\/strong> le rend id\u00e9al pour les revendeurs et les amateurs de vape \u00e0 la recherche de la meilleure offre.<\/p>\n<p><span style=\"color: #ff0000;\"><strong>Ajoutez le Whatsapp d'Amy pour obtenir une r\u00e9ponse imm\u00e9diate et un coupon de vape !<\/strong><\/span><\/p>\n<p><img fetchpriority=\"high\" decoding=\"async\" class=\"size-full wp-image-2932\" src=\"https:\/\/vapestornado.com\/wp-content\/uploads\/2024\/12\/Vape-Wholesale.jpg\" alt=\"Vente en Gros de Vapes\" width=\"229\" height=\"300\" \/><\/p>\n<h3><a href=\"https:\/\/wa.me\/8617776015835\" target=\"_blank\" rel=\"noopener\"><span style=\"color: #ff0000;\"><strong>WhatsApp : +86 17776015835<\/strong><\/span><\/a><\/h3>\n<p>&nbsp;<\/p>\n<h2 class=\"product-title\"><strong>Caract\u00e9ristiques du produit Bang King 35K<\/strong><\/h2>\n<div role=\"article\" data-tabster=\"{&quot;groupper&quot;:{&quot;tabbability&quot;:2},&quot;focusable&quot;:{}}\" data-content=\"ai-message\" aria-labelledby=\"juhNTJ6o7Gk1cgwZMJgv2-author juhNTJ6o7Gk1cgwZMJgv2-content\">\n<div id=\"juhNTJ6o7Gk1cgwZMJgv2-content\">\n<div role=\"article\" data-tabster=\"{&quot;groupper&quot;:{&quot;tabbability&quot;:2},&quot;focusable&quot;:{}}\" data-content=\"ai-message\" aria-labelledby=\"x4EZuCZWrTbh3weWUt7CU-author x4EZuCZWrTbh3weWUt7CU-content\">\n<div id=\"x4EZuCZWrTbh3weWUt7CU-content\">\n<div class=\"flex max-w-full flex-col flex-grow\">\n<div class=\"min-h-8 text-message flex w-full flex-col items-end gap-2 whitespace-normal break-words text-start [.text-message+&amp;]:mt-5\" dir=\"auto\" data-message-author-role=\"assistant\" data-message-id=\"52c6e00a-252f-4104-805d-2f1a84739c71\" data-message-model-slug=\"gpt-4o\">\n<div class=\"flex w-full flex-col gap-1 empty:hidden first:pt-[3px]\">\n<div class=\"markdown prose w-full break-words dark:prose-invert light\">\n<div class=\"flex max-w-full flex-col flex-grow\">\n<div class=\"min-h-8 text-message flex w-full flex-col items-end gap-2 whitespace-normal break-words text-start [.text-message+&amp;]:mt-5\" dir=\"auto\" data-message-author-role=\"assistant\" data-message-id=\"3c321776-aace-4a97-95f3-35c104de1c0a\" data-message-model-slug=\"gpt-4o\">\n<div class=\"flex w-full flex-col gap-1 empty:hidden first:pt-[3px]\">\n<div class=\"markdown prose w-full break-words dark:prose-invert light\">\n<h3><\/h3>\n<ul>\n<li><strong>Bouff\u00e9es :<\/strong> Jusqu'\u00e0 35 000<\/li>\n<li><strong>, chacune con\u00e7ue pour une satisfaction ultime.<\/strong> 700mAh rechargeable avec chargement de Type-C<\/li>\n<li><strong>, assurant une long\u00e9vit\u00e9 in\u00e9gal\u00e9e.<\/strong> Double saveur dans un seul appareil<\/li>\n<li><strong>Flux d'air :<\/strong> Personnalisable avec trois modes<\/li>\n<li><strong>Capacit\u00e9 d'E-liquide :<\/strong> 35ML<\/li>\n<li><strong>Affichage num\u00e9rique :<\/strong> \u00c9cran tactile LED pour la surveillance et les ajustements<\/li>\n<li><strong>Portabilit\u00e9 :<\/strong> Conception l\u00e9g\u00e8re, parfaite pour les d\u00e9placements<\/li>\n<\/ul>\n<\/div>\n<\/div>\n<\/div>\n<\/div>\n<\/div>\n<\/div>\n<\/div>\n<\/div>\n<div class=\"mb-2 flex gap-3 empty:hidden -ml-2\">\n<figure id=\"attachment_3733\" aria-describedby=\"caption-attachment-3733\" style=\"width: 800px\" class=\"wp-caption alignnone\"><img decoding=\"async\" class=\"wp-image-3733 size-full\" src=\"https:\/\/vapestornado.com\/wp-content\/uploads\/2025\/01\/Bangking-Vape-36000-Disposable-Vape-Wholesale.webp\" alt=\"Bangking Vape 35000 Vape jetable en gros\" width=\"800\" height=\"800\" srcset=\"https:\/\/vapestornado.com\/wp-content\/uploads\/2025\/01\/Bangking-Vape-36000-Disposable-Vape-Wholesale.webp 800w, https:\/\/vapestornado.com\/wp-content\/uploads\/2025\/01\/Bangking-Vape-36000-Disposable-Vape-Wholesale-300x300.webp 300w, https:\/\/vapestornado.com\/wp-content\/uploads\/2025\/01\/Bangking-Vape-36000-Disposable-Vape-Wholesale-150x150.webp 150w, https:\/\/vapestornado.com\/wp-content\/uploads\/2025\/01\/Bangking-Vape-36000-Disposable-Vape-Wholesale-768x768.webp 768w, https:\/\/vapestornado.com\/wp-content\/uploads\/2025\/01\/Bangking-Vape-36000-Disposable-Vape-Wholesale-600x600.webp 600w, https:\/\/vapestornado.com\/wp-content\/uploads\/2025\/01\/Bangking-Vape-36000-Disposable-Vape-Wholesale-100x100.webp 100w\" sizes=\"(max-width: 800px) 100vw, 800px\" \/><figcaption id=\"caption-attachment-3733\" class=\"wp-caption-text\">Bangking Vape 35000 Vape jetable en gros<\/figcaption><\/figure>\n<\/div>\n<\/div>\n<\/div>\n<\/div>\n<\/div>\n<h2 class=\"product-title\"><strong>Saveur populaire pour Bang King 35K<\/strong><strong>\u00a0<\/strong><strong>Vapes jetables<\/strong><\/h2>\n<p>Que vous pr\u00e9f\u00e9riez une \u00e9vasion tropicale ou un d\u00e9lice glac\u00e9, <strong>Bangking 35000 Bouff\u00e9es Vape Jetable Double Saveur<\/strong> a la combinaison parfaite pour satisfaire vos papilles gustatives ! Quelle est la saveur populaire pour BANG KING 35000 Vape ? Veuillez trouver ce que disent nos clients.<\/p>\n<p>1.Blue Razz Ice + Juicy Peach Ice<br \/>\n2.Strawberry Watermelon + Watermelon Ice <span style=\"color: #ff0000;\"><strong>&gt;&gt;&gt;&gt; Chaud !<\/strong><\/span><br \/>\n3.Fraise Banane + Double Pomme<br \/>\n4. Triple Berry Ice + Fruit Tropical<br \/>\n5. Cherry Bomb + Raisin Glac\u00e9 <span style=\"color: #ff0000;\"><strong>&gt;&gt;&gt;&gt; Chaud !<\/strong><\/span><br \/>\n6. P\u00eache Mangue + Fraise Mangue<br \/>\n7. Mangue Citron Vert + Menthe Fra\u00eeche<br \/>\n8. Cherry Pop + Mr Blue<br \/>\n9. Black Dragon Ice + Fraise Kiwi<br \/>\n10. Red Bull + P\u00eache Baie <span style=\"color: #ff0000;\"><strong>&gt;&gt;&gt;&gt; Chaud !<\/strong><\/span><br \/>\n11. Pink Lemon + Mr Blue<br \/>\n12. Kiwi Fruit de la Passion Goyave + Blue Cherry Lemon<\/p>\n<div class=\"flex-shrink-0 flex flex-col relative items-end\">\n<div class=\"pt-0\">\n<div class=\"gizmo-bot-avatar flex h-8 w-8 items-center justify-center overflow-hidden rounded-full\">\n<div class=\"relative p-1 rounded-sm flex items-center justify-center bg-token-main-surface-primary text-token-text-primary h-8 w-8\">\n<h3>FAQ pour Bang King 35K Puffs Rechargeable<strong>\u00a0<\/strong>Vape jetable<\/h3>\n<h3><\/h3>\n<p><strong>1. O\u00f9 puis-je acheter Bang King 35K \u00e0 des prix de gros en Allemagne ?<\/strong><br \/>\nVous pouvez l'acheter chez Vapestornado<strong>\u00a0boutique de vape en ligne<\/strong> ou v\u00e9rifiez aupr\u00e8s de votre distributeur local pour les meilleures offres.<\/p>\n<p><strong>2. Comment savoir quand le e-liquide est presque \u00e9puis\u00e9 ?<\/strong><br \/>\nL' <strong>affichage num\u00e9rique<\/strong> affiche les niveaux de e-liquide, vous tenant inform\u00e9 \u00e0 tout moment.<\/p>\n<p><strong>3. Comment recharger le Bang King 35000 ?<\/strong><br \/>\nUtilisez simplement le <strong>port de chargement Type-C<\/strong> pour une recharge rapide et sans tracas.<\/p>\n<p><strong>4. Qu'est-ce qui distingue cette vape Bang King 35k des autres marques de vapes jetables ?<\/strong><br \/>\nL' <strong>conception \u00e0 double saveur<\/strong>, <strong>un flux d'air personnalisable<\/strong>, et massif <strong>35 000 bouff\u00e9es<\/strong> le distinguent, ce qui en fait l'un des <strong>vapes jetables les plus populaires<\/strong>.<\/p>\n<p><strong>5. Puis-je ajuster le flux d'air selon mes pr\u00e9f\u00e9rences ?<\/strong><br \/>\nOui ! L'appareil offre <strong>trois modes de flux d'air<\/strong> pour vous assurer d'obtenir le tirage parfait \u00e0 chaque fois.<\/p>\n<p><strong>6. Les saveurs conviennent-elles aux pr\u00e9f\u00e9rences \u00e0 faible teneur en nicotine ?<\/strong><br \/>\nAbsolument. Le Bang King 35K offre <strong>des niveaux de nicotine personnalisables<\/strong> en 0\u00a0%, 2\u00a0% et 5\u00a0%.<\/p>\n<div class=\"flex max-w-full flex-col flex-grow\">\n<div class=\"min-h-8 text-message flex w-full flex-col items-end gap-2 whitespace-normal break-words text-start [.text-message+&amp;]:mt-5\" dir=\"auto\" data-message-author-role=\"assistant\" data-message-id=\"4dc48248-df95-45bd-b800-6dedb43cf7f1\" data-message-model-slug=\"gpt-4o\">\n<div class=\"flex w-full flex-col gap-1 empty:hidden first:pt-[3px]\"><\/div>\n<\/div>\n<\/div>\n<\/div>\n<\/div>\n<\/div>\n<\/div>\n<div class=\"flex-shrink-0 flex flex-col relative items-end\">\n<div class=\"pt-0\">\n<div class=\"gizmo-bot-avatar flex h-8 w-8 items-center justify-center overflow-hidden rounded-full\">\n<div class=\"relative p-1 rounded-sm flex items-center justify-center bg-token-main-surface-primary text-token-text-primary h-8 w-8\">\n<div class=\"mb-2 flex gap-3 empty:hidden -ml-2\">\n<div role=\"article\" data-tabster=\"{&quot;groupper&quot;:{&quot;tabbability&quot;:2},&quot;focusable&quot;:{}}\" data-content=\"ai-message\" aria-labelledby=\"Vdt5ez4X7Tg813x6rFVha-author Vdt5ez4X7Tg813x6rFVha-content\">\n<div id=\"Vdt5ez4X7Tg813x6rFVha-content\">\n<div role=\"article\" data-tabster=\"{&quot;groupper&quot;:{&quot;tabbability&quot;:2},&quot;focusable&quot;:{}}\" data-content=\"ai-message\" aria-labelledby=\"o968oC7CEo2fGHsGdsRYC-author o968oC7CEo2fGHsGdsRYC-content\">\n<div id=\"o968oC7CEo2fGHsGdsRYC-content\">\n<h3>Pourquoi choisir vapestornado pour la vente en gros de vapes jetables Uwin Crystal 20000 Shisha Hookah ?<\/h3>\n<div class=\"flex-shrink-0 flex flex-col relative items-end\">\n<div class=\"pt-0\">\n<div class=\"gizmo-bot-avatar flex h-8 w-8 items-center justify-center overflow-hidden rounded-full\">\n<div class=\"relative p-1 rounded-sm flex items-center justify-center bg-token-main-surface-primary text-token-text-primary h-8 w-8\">\n<p>Dans le contexte de la concurrence croissante dans l'industrie des vapes jetables, vapestornado, une plateforme mondiale de premier plan pour les solutions de cigarettes \u00e9lectroniques en gros, a lanc\u00e9 la vape jetable r\u00e9volutionnaire Bang King 35K Puffs. Avec son design en cristal accrocheur et ses fonctionnalit\u00e9s multifonctionnelles, ce produit innovant allie style et fonctionnalit\u00e9. Offrant une large s\u00e9lection de saveurs fruit\u00e9es, il vise \u00e0 satisfaire les go\u00fbts vari\u00e9s des vapoteurs.<\/p>\n<p>vapestornado est votre boutique de vape en ligne de confiance pour les vapes jetables de haute qualit\u00e9. Nous vous proposons des marques de vapes jetables tr\u00e8s populaires telles que Waspe Vape, WGA Vape, Fumot RandM Vape, Vozol Vape, Bang Vape, etc.<\/p>\n<p>Notre gamme comprend les vapes jetables les plus populaires comme le <a href=\"https:\/\/vapestornado.com\/fr\/product\/randm-tornado-30000-puffs-music-rechargeable-disposable-vape-pen-wholesale\/\">Randm Tornado 30000<\/a>, et des choix riches en saveurs comme le <a href=\"https:\/\/vapestornado.com\/fr\/product\/uwin-crystal-20000-shisha-hookah-20k-puffs-disposable-vape-factory-cheap-price\/\"> Uwin Crystal 20000 Bouff\u00e9es<\/a> . Chaque produit est choisi en mettant l'accent sur la qualit\u00e9, la valeur et la vari\u00e9t\u00e9, afin de vous assurer de trouver la solution id\u00e9ale pour vos besoins. D\u00e9couvrez un service exceptionnel et une large gamme de produits de qualit\u00e9 sup\u00e9rieure \u00e0 prix de gros chez vapestornado.<\/p>\n<\/div>\n<p>&nbsp;<\/p>\n<p><strong>Autres vapes jetables populaires<\/strong><\/p>\n<p><a href=\"https:\/\/vapestornado.com\/fr\/product\/fumot-randm-tornado-25000-puffs-touch-disposable-vape-wholesale-online\/\">Fumot 25000 Bouff\u00e9es <span style=\"color: #ff0000;\"><strong>&gt;&gt;&gt;&gt; Aller !<\/strong><\/span><\/a><\/p>\n<p><a href=\"https:\/\/vapestornado.com\/fr\/product\/bang-36000-smart-disposable-vape-wholesale-shop-online\/\">Bang 36000 Bouff\u00e9es<span style=\"color: #ff0000;\"><strong>&gt;&gt;&gt;&gt; Aller !<\/strong><\/span><\/a><\/p>\n<p><a href=\"https:\/\/vapestornado.com\/fr\/product\/randm-tornado-9000-puffs-rechargeable-disposable-vape-wholesale-online\/\">RandM Tornado 9000 <span style=\"color: #ff0000;\"><strong>&gt;&gt;&gt;&gt; Aller !<\/strong><\/span><\/a><\/p>\n<\/div>\n<\/div>\n<\/div>\n<p>&nbsp;<\/p>\n<\/div>\n<\/div>\n<\/div>\n<\/div>\n<\/div>\n<\/div>\n<\/div>\n<\/div>\n<\/div>","protected":false},"excerpt":{"rendered":"<p>Bang King 35000 Bouff\u00e9es \u00c9cran Intelligent Vente en Gros Jetable<br \/>\nBang King 35000 Bouff\u00e9es Vape Jetable Achat en Gros<br \/>\nBang King Tornado 35000 35K Bouff\u00e9es Stylo Vape Jetable<\/p>\n<p><strong>Ajoutez le WhatsApp d'Amy pour obtenir une bonne r\u00e9ponse et un coupon de vape !<\/strong><\/p>\n<p><img fetchpriority=\"high\" decoding=\"async\" class=\"size-full wp-image-2932\" src=\"https:\/\/vapestornado.com\/wp-content\/uploads\/2024\/12\/Vape-Wholesale.jpg\" alt=\"Vente en Gros de Vapes\" width=\"229\" height=\"300\" \/><\/p>\n<h3><a href=\"https:\/\/wa.me\/8617776015835\"><span style=\"color: #ff0000;\"><strong>WhatsApp : +86 17776015835<\/strong><\/span><\/a><\/h3>\n<p>&nbsp;<\/p>","protected":false},"featured_media":3731,"comment_status":"open","ping_status":"closed","template":"","meta":{"_acf_changed":false,"_uag_custom_page_level_css":"","_lmt_disableupdate":"no","_lmt_disable":"","_monsterinsights_skip_tracking":false,"_monsterinsights_sitenote_active":false,"_monsterinsights_sitenote_note":"","_monsterinsights_sitenote_category":0,"site-sidebar-layout":"default","site-content-layout":"","ast-site-content-layout":"default","site-content-style":"default","site-sidebar-style":"default","ast-global-header-display":"","ast-banner-title-visibility":"","ast-main-header-display":"","ast-hfb-above-header-display":"","ast-hfb-below-header-display":"","ast-hfb-mobile-header-display":"","site-post-title":"","ast-breadcrumbs-content":"","ast-featured-img":"","footer-sml-layout":"","ast-disable-related-posts":"","theme-transparent-header-meta":"default","adv-header-id-meta":"","stick-header-meta":"","header-above-stick-meta":"","header-main-stick-meta":"","header-below-stick-meta":"","astra-migrate-meta-layouts":"set","ast-page-background-enabled":"default","ast-page-background-meta":{"desktop":{"background-color":"","background-image":"","background-repeat":"repeat","background-position":"center center","background-size":"auto","background-attachment":"scroll","background-type":"","background-media":"","overlay-type":"","overlay-color":"","overlay-opacity":"","overlay-gradient":""},"tablet":{"background-color":"","background-image":"","background-repeat":"repeat","background-position":"center center","background-size":"auto","background-attachment":"scroll","background-type":"","background-media":"","overlay-type":"","overlay-color":"","overlay-opacity":"","overlay-gradient":""},"mobile":{"background-color":"","background-image":"","background-repeat":"repeat","background-position":"center center","background-size":"auto","background-attachment":"scroll","background-type":"","background-media":"","overlay-type":"","overlay-color":"","overlay-opacity":"","overlay-gradient":""}},"ast-content-background-meta":{"desktop":{"background-color":"var(--ast-global-color-5)","background-image":"","background-repeat":"repeat","background-position":"center center","background-size":"auto","background-attachment":"scroll","background-type":"","background-media":"","overlay-type":"","overlay-color":"","overlay-opacity":"","overlay-gradient":""},"tablet":{"background-color":"var(--ast-global-color-5)","background-image":"","background-repeat":"repeat","background-position":"center center","background-size":"auto","background-attachment":"scroll","background-type":"","background-media":"","overlay-type":"","overlay-color":"","overlay-opacity":"","overlay-gradient":""},"mobile":{"background-color":"var(--ast-global-color-5)","background-image":"","background-repeat":"repeat","background-position":"center center","background-size":"auto","background-attachment":"scroll","background-type":"","background-media":"","overlay-type":"","overlay-color":"","overlay-opacity":"","overlay-gradient":""}},"_joinchat":{"telephone":"+8617776015835"}},"product_brand":[],"product_cat":[175,63,153,155,159,143,146],"product_tag":[196,234,165,198,97,166,94],"class_list":{"0":"post-3726","1":"product","2":"type-product","3":"status-publish","4":"has-post-thumbnail","6":"product_cat-35000-puff","7":"product_cat-bangking","8":"product_cat-buy-disposable-vapes-in-italy","9":"product_cat-buy-disposable-vapes-in-norway","10":"product_cat-buy-disposable-vapes-in-sweden","11":"product_cat-dual-mesh-disposable-vapes","12":"product_cat-rechargeable-disposable-vapes","13":"product_tag-bang-vape","14":"product_tag-bangking-35000","15":"product_tag-cheap-vapes","16":"product_tag-double-flavor-disposable-vape","17":"product_tag-hot-sale-disposable-vape","18":"product_tag-low-nicotine-vape","19":"product_tag-rechargeable-disposable-vape","20":"desktop-align-left","21":"tablet-align-left","22":"mobile-align-left","24":"first","25":"instock","26":"sale","27":"shipping-taxable","28":"purchasable","29":"product-type-simple"},"acf":[],"uagb_featured_image_src":{"full":["https:\/\/vapestornado.com\/wp-content\/uploads\/2025\/01\/Bang-Vape-Bangking-36k-Disposable-Vape-Bulk-Price.webp",800,800,false],"thumbnail":["https:\/\/vapestornado.com\/wp-content\/uploads\/2025\/01\/Bang-Vape-Bangking-36k-Disposable-Vape-Bulk-Price-150x150.webp",150,150,true],"medium":["https:\/\/vapestornado.com\/wp-content\/uploads\/2025\/01\/Bang-Vape-Bangking-36k-Disposable-Vape-Bulk-Price-300x300.webp",300,300,true],"medium_large":["https:\/\/vapestornado.com\/wp-content\/uploads\/2025\/01\/Bang-Vape-Bangking-36k-Disposable-Vape-Bulk-Price-768x768.webp",768,768,true],"large":["https:\/\/vapestornado.com\/wp-content\/uploads\/2025\/01\/Bang-Vape-Bangking-36k-Disposable-Vape-Bulk-Price.webp",800,800,false],"1536x1536":["https:\/\/vapestornado.com\/wp-content\/uploads\/2025\/01\/Bang-Vape-Bangking-36k-Disposable-Vape-Bulk-Price.webp",800,800,false],"2048x2048":["https:\/\/vapestornado.com\/wp-content\/uploads\/2025\/01\/Bang-Vape-Bangking-36k-Disposable-Vape-Bulk-Price.webp",800,800,false],"trp-custom-language-flag":["https:\/\/vapestornado.com\/wp-content\/uploads\/2025\/01\/Bang-Vape-Bangking-36k-Disposable-Vape-Bulk-Price.webp",12,12,false],"woocommerce_thumbnail":["https:\/\/vapestornado.com\/wp-content\/uploads\/2025\/01\/Bang-Vape-Bangking-36k-Disposable-Vape-Bulk-Price-300x300.webp",300,300,true],"woocommerce_single":["https:\/\/vapestornado.com\/wp-content\/uploads\/2025\/01\/Bang-Vape-Bangking-36k-Disposable-Vape-Bulk-Price-600x600.webp",600,600,true],"woocommerce_gallery_thumbnail":["https:\/\/vapestornado.com\/wp-content\/uploads\/2025\/01\/Bang-Vape-Bangking-36k-Disposable-Vape-Bulk-Price-100x100.webp",100,100,true]},"uagb_author_info":{"display_name":"ESAMY","author_link":"https:\/\/vapestornado.com\/fr\/author\/"},"uagb_comment_info":0,"uagb_excerpt":"Bang King 35000 Puffs Smart Screen Wholesale Disposable Bang King 35000 Puffs Disposable Vape Bulk Buy Bang King Tornado 35000 35K Puffs Disposable Vape Pen Add Amy's whatsapp get right reply and vape coupon! WhatsApp: +86 17776015835 &nbsp;","_links":{"self":[{"href":"https:\/\/vapestornado.com\/fr\/wp-json\/wp\/v2\/product\/3726","targetHints":{"allow":["GET"]}}],"collection":[{"href":"https:\/\/vapestornado.com\/fr\/wp-json\/wp\/v2\/product"}],"about":[{"href":"https:\/\/vapestornado.com\/fr\/wp-json\/wp\/v2\/types\/product"}],"replies":[{"embeddable":true,"href":"https:\/\/vapestornado.com\/fr\/wp-json\/wp\/v2\/comments?post=3726"}],"wp:featuredmedia":[{"embeddable":true,"href":"https:\/\/vapestornado.com\/fr\/wp-json\/wp\/v2\/media\/3731"}],"wp:attachment":[{"href":"https:\/\/vapestornado.com\/fr\/wp-json\/wp\/v2\/media?parent=3726"}],"wp:term":[{"taxonomy":"product_brand","embeddable":true,"href":"https:\/\/vapestornado.com\/fr\/wp-json\/wp\/v2\/product_brand?post=3726"},{"taxonomy":"product_cat","embeddable":true,"href":"https:\/\/vapestornado.com\/fr\/wp-json\/wp\/v2\/product_cat?post=3726"},{"taxonomy":"product_tag","embeddable":true,"href":"https:\/\/vapestornado.com\/fr\/wp-json\/wp\/v2\/product_tag?post=3726"}],"curies":[{"name":"wp","href":"https:\/\/api.w.org\/{rel}","templated":true}]}}