{"id":3700,"date":"2025-01-07T09:47:56","date_gmt":"2025-01-07T09:47:56","guid":{"rendered":"https:\/\/vapestornado.com\/?post_type=product&#038;p=3700"},"modified":"2025-08-23T09:34:23","modified_gmt":"2025-08-23T09:34:23","slug":"wholesale-price-bang-king-35000-puffs-tornado-vape","status":"publish","type":"product","link":"https:\/\/vapestornado.com\/fr\/product\/wholesale-price-bang-king-35000-puffs-tornado-vape\/","title":{"rendered":"Prix de gros Bang King 35000 Bouff\u00e9es Tornado Vape"},"content":{"rendered":"<h1>Prix de gros Bang King 35000 Bouff\u00e9es Tornado Vape<\/h1>\n<p>&nbsp;<\/p>\n<div role=\"article\" data-tabster=\"{&quot;groupper&quot;:{&quot;tabbability&quot;:2},&quot;focusable&quot;:{}}\" data-content=\"ai-message\" aria-labelledby=\"64JRvXrTnY7mRmPkEQLLT-author 64JRvXrTnY7mRmPkEQLLT-content\">\n<div id=\"64JRvXrTnY7mRmPkEQLLT-content\">\n<p data-start=\"302\" data-end=\"548\">L' <strong data-start=\"306\" data-end=\"347\">Bang King 35000 Puffs Vape Jetable<\/strong> offre capacit\u00e9, performance et saveur douce dans un seul appareil. Avec jusqu'\u00e0 <strong data-start=\"424\" data-end=\"440\">35 000 bouff\u00e9es<\/strong> et une <strong data-start=\"447\" data-end=\"480\">23 ml de r\u00e9servoir d'e-liquide pr\u00e9-rempli<\/strong>, il offre une utilisation durable tout en conservant un go\u00fbt constant.<\/p>\n<p data-start=\"550\" data-end=\"829\">\u00c9quip\u00e9 d'une <strong data-start=\"566\" data-end=\"584\">Bobine mesh de 0,6 \u03a9<\/strong>, le Bang King 35K assure une vapeur riche et un flux d'air constant. Un <strong data-start=\"645\" data-end=\"677\">batterie rechargeable de 1000 mAh<\/strong> avec <strong data-start=\"683\" data-end=\"707\">Charge rapide Type-C<\/strong> prend en charge les sessions ininterrompues, tandis que <strong data-start=\"747\" data-end=\"775\">protection anti-br\u00fblure \u00e0 sec<\/strong> emp\u00eache les bouff\u00e9es s\u00e8ches pour une exp\u00e9rience de vapotage fiable.<\/p>\n<p data-start=\"831\" data-end=\"1092\">Disponible en <strong data-start=\"844\" data-end=\"885\">0%, 2%, 3% et 5% concentrations de nicotine<\/strong>, il convient aux utilisateurs l\u00e9gers et lourds. Emball\u00e9 <strong data-start=\"933\" data-end=\"972\">10 pi\u00e8ces par bo\u00eete et 200 pi\u00e8ces par carton<\/strong>, le Bang King 35000 est id\u00e9al pour la distribution en gros et les acheteurs en gros \u00e0 la recherche d'une forte demande <strong data-start=\"1068\" data-end=\"1089\">Vapeur de 35 000 bouff\u00e9es<\/strong><\/p>\n<p>Achetez maintenant sur <strong>Vapebulkp.com<\/strong> pour d\u00e9couvrir les performances et la qualit\u00e9 in\u00e9gal\u00e9es de Bang King 35\u00a0000\u00a0Puffs.<\/p>\n<\/div>\n<\/div>\n<p><img fetchpriority=\"high\" decoding=\"async\" class=\"alignleft wp-image-2951 size-medium\" src=\"https:\/\/vapestornado.com\/wp-content\/uploads\/2024\/12\/Wholesale-Disposable-Vape-265x300.jpg\" alt=\"Vape jetable en gros\" width=\"265\" height=\"300\" srcset=\"https:\/\/vapestornado.com\/wp-content\/uploads\/2024\/12\/Wholesale-Disposable-Vape-265x300.jpg 265w, https:\/\/vapestornado.com\/wp-content\/uploads\/2024\/12\/Wholesale-Disposable-Vape-768x871.jpg 768w, https:\/\/vapestornado.com\/wp-content\/uploads\/2024\/12\/Wholesale-Disposable-Vape-600x680.jpg 600w, https:\/\/vapestornado.com\/wp-content\/uploads\/2024\/12\/Wholesale-Disposable-Vape.jpg 823w\" sizes=\"(max-width: 265px) 100vw, 265px\" \/><\/p>\n<h5>Veuillez contacter Mandy sur WhatsApp pour un prix r\u00e9duit :<a href=\"https:\/\/wa.me\/8618077105796\" target=\"_blank\" rel=\"noopener\">+8618077105796<\/a><\/h5>\n<div class=\"flex max-w-full flex-col flex-grow\">\n<div class=\"min-h-8 text-message flex w-full flex-col items-end gap-2 whitespace-normal break-words text-start [.text-message+&amp;]:mt-5\" dir=\"auto\" data-message-author-role=\"assistant\" data-message-id=\"cdb991c0-f594-4bff-b2d5-fbbdd7ce9e54\" data-message-model-slug=\"gpt-4o-mini\">\n<div class=\"flex w-full flex-col gap-1 empty:hidden first:pt-[3px]\">\n<div class=\"markdown prose w-full break-words dark:prose-invert light\"><\/div>\n<\/div>\n<\/div>\n<\/div>\n<div class=\"mb-2 flex gap-3 empty:hidden -ml-2\">\n<h2 class=\"sr-proMainInfo-baseInfoH1 J-baseInfo-name\">Vente en gros de vapes intelligentes Bang King 35k Puffs - Caract\u00e9ristiques principales :<\/h2>\n<ul>\n<li><strong>Capacit\u00e9 de bouff\u00e9es in\u00e9gal\u00e9e<\/strong>: Profitez de <strong>35 000 bouff\u00e9es<\/strong>, parfait pour une utilisation prolong\u00e9e sans remplacements fr\u00e9quents.<\/li>\n<li><strong>Volume g\u00e9n\u00e9reux d'e-liquide<\/strong>: Pr\u00e9-rempli avec <strong>23 ml de jus de vape de qualit\u00e9 sup\u00e9rieure<\/strong> pour une saveur constante.<\/li>\n<li><strong>Batterie rechargeable<\/strong>: Aliment\u00e9 par une <strong>batterie de 1000 mAh<\/strong> avec <strong>Charge rapide Type-C<\/strong>.<\/li>\n<li><strong>Technologie de bobine Mesh<\/strong>: La technologie avanc\u00e9e <strong>Bobine mesh de 0,6 \u03a9<\/strong> assure une vapeur riche, douce et dense.<\/li>\n<li><strong>Teneur en nicotine personnalisable<\/strong>: Disponible en <strong>0 %, 2 %, 3 % et 5 % de sel de nicotine<\/strong> pour satisfaire toutes les pr\u00e9f\u00e9rences.<\/li>\n<li><strong>Protection anti-combustion \u00e0 sec<\/strong>: Emp\u00eache la surchauffe et les bouff\u00e9es s\u00e8ches pour une exp\u00e9rience de vapotage plus s\u00fbre et plus agr\u00e9able.<\/li>\n<li><strong>Emballage de vente en gros<\/strong>: Emball\u00e9 de mani\u00e8re pratique en <strong>10 pi\u00e8ces par bo\u00eete et 200 pi\u00e8ces par carton<\/strong>, id\u00e9al pour les acheteurs personnels et en gros.<\/li>\n<\/ul>\n<\/div>\n<h2 class=\"sr-proMainInfo-baseInfoH1 J-baseInfo-name\">BANGKING 35000PUFF VAPEUR Saveur :<\/h2>\n<p>1.fraise mangue<br \/>\n2.love66<br \/>\n3.ice razz bleu<br \/>\n4.fraise past\u00e8que<br \/>\n5.citron menthe<br \/>\n6.double pomme<br \/>\n7.boisson \u00e9nergisante<br \/>\n8.p\u00eache glac\u00e9e<br \/>\n9.fraise kiwi<br \/>\n10. Glace au raisin<br \/>\n11. Glace \u00e0 la myrtille<br \/>\n12. Past\u00e8que<\/p>\n<div role=\"article\" data-tabster=\"{&quot;groupper&quot;:{&quot;tabbability&quot;:2},&quot;focusable&quot;:{}}\" data-content=\"ai-message\" aria-labelledby=\"dARUyEWDoEYhnSPXFwx5A-author dARUyEWDoEYhnSPXFwx5A-content\">\n<div id=\"dARUyEWDoEYhnSPXFwx5A-content\">\n<h2><strong>Pourquoi acheter les vapes Bang King 35000 bouff\u00e9es chez vapestornado ?<\/strong><\/h2>\n<ul>\n<li><strong>Qualit\u00e9 \u00e9prouv\u00e9e<\/strong>: vapestornado est un distributeur leader de <strong>vapes jetables de qualit\u00e9 sup\u00e9rieure<\/strong>, vous assurant de recevoir des produits authentiques et de haute qualit\u00e9.<\/li>\n<li><strong>Prix comp\u00e9titifs<\/strong>: Obtenez les meilleures offres de gros et les prix de gros pour le Bang King 35 000 Bouff\u00e9es.<\/li>\n<li><strong>Exp\u00e9dition rapide<\/strong>: Nous livrons rapidement dans toute l'Europe, garantissant que vos produits arrivent \u00e0 temps.<\/li>\n<li><strong>Support client exceptionnel<\/strong>: Notre \u00e9quipe est disponible pour r\u00e9pondre \u00e0 vos questions, assurant une exp\u00e9rience d'achat fluide.<\/li>\n<li><strong>S\u00e9lection compl\u00e8te<\/strong>: Explorez une large gamme de <strong>cigarettes \u00e9lectroniques jetables haut de gamme<\/strong> pour satisfaire toutes les pr\u00e9f\u00e9rences de vapotage.<\/li>\n<\/ul>\n<\/div>\n<\/div>\n<h2>FAQ sur les cigarettes \u00e9lectroniques jetables longue dur\u00e9e Bang Vape 35000 Bouff\u00e9es<\/h2>\n<h4><strong>1. Combien de temps dure le Bang Vape King 35000 Bouff\u00e9es ?<\/strong><\/h4>\n<p>Le Bang King est con\u00e7u pour fournir jusqu'\u00e0 <strong>35 000 bouff\u00e9es<\/strong>bouff\u00e9es, ce qui en fait l'une des vapes jetables les plus durables du march\u00e9. La dur\u00e9e d'utilisation d\u00e9pendra de votre fr\u00e9quence de vapotage et de la dur\u00e9e de vos bouff\u00e9es.<\/p>\n<h4><strong>2. Puis-je recharger le Hot Sale Vape Bang King 35000 Bouff\u00e9es ?<\/strong><\/h4>\n<p>Oui, cet appareil est dot\u00e9 d'un <strong>port de chargement Type-C<\/strong> et une <strong>batterie rechargeable de 1000 mAh<\/strong>, vous assurant de profiter de toutes les 35 000 bouff\u00e9es sans interruption.<\/p>\n<h4><strong>3. Qu'est-ce qui diff\u00e9rencie le Bang 35000 puffvape des autres vapes jetables ?<\/strong><\/h4>\n<p>Sa combinaison de <strong>capacit\u00e9 de 35 000 bouff\u00e9es<\/strong>, <strong>23 ml de volume d'e-liquide<\/strong>, <strong>technologie de bobine de maille<\/strong>, et <strong>protection anti-br\u00fblure \u00e0 sec<\/strong> le distingue comme une cigarette \u00e9lectronique jetable de premier plan.<\/p>","protected":false},"excerpt":{"rendered":"<p>D\u00e9couvrez les prix de gros pour le Bang King 35000 Puffs Tornado Vape sur Vapebulkp.com. Dot\u00e9 de 35 000 bouff\u00e9es, 23 ml d'e-liquide, une batterie de 1000 mAh, un chargement de type C et une technologie anti-br\u00fblure \u00e0 sec. Id\u00e9al pour les commandes en gros avec des options de nicotine personnalisables (0%, 2%, 3%, 5%). Achetez des vapes jetables de qualit\u00e9 sup\u00e9rieure d\u00e8s aujourd'hui !<\/p>\n<figure id=\"attachment_2951\" aria-describedby=\"caption-attachment-2951\" style=\"width: 265px\" class=\"wp-caption alignnone\"><img decoding=\"async\" class=\"size-medium wp-image-2951\" src=\"https:\/\/vapestornado.com\/wp-content\/uploads\/2024\/12\/Wholesale-Disposable-Vape-265x300.jpg\" alt=\"Vape jetable en gros\" width=\"265\" height=\"300\" srcset=\"https:\/\/vapestornado.com\/wp-content\/uploads\/2024\/12\/Wholesale-Disposable-Vape-265x300.jpg 265w, https:\/\/vapestornado.com\/wp-content\/uploads\/2024\/12\/Wholesale-Disposable-Vape-768x871.jpg 768w, https:\/\/vapestornado.com\/wp-content\/uploads\/2024\/12\/Wholesale-Disposable-Vape-600x680.jpg 600w, https:\/\/vapestornado.com\/wp-content\/uploads\/2024\/12\/Wholesale-Disposable-Vape.jpg 823w\" sizes=\"(max-width: 265px) 100vw, 265px\" \/><figcaption id=\"caption-attachment-2951\" class=\"wp-caption-text\">Veuillez contacter Mandy sur WhatsApp pour obtenir un prix r\u00e9duit\u00a0 <a href=\"https:\/\/wa.me\/8618077105796\">+8618077105796<\/a><\/figcaption><\/figure>\n<p>&nbsp;<\/p>","protected":false},"featured_media":3702,"comment_status":"open","ping_status":"closed","template":"","meta":{"_acf_changed":false,"_uag_custom_page_level_css":"","_lmt_disableupdate":"no","_lmt_disable":"","_monsterinsights_skip_tracking":false,"_monsterinsights_sitenote_active":false,"_monsterinsights_sitenote_note":"","_monsterinsights_sitenote_category":0,"site-sidebar-layout":"default","site-content-layout":"","ast-site-content-layout":"default","site-content-style":"default","site-sidebar-style":"default","ast-global-header-display":"","ast-banner-title-visibility":"","ast-main-header-display":"","ast-hfb-above-header-display":"","ast-hfb-below-header-display":"","ast-hfb-mobile-header-display":"","site-post-title":"","ast-breadcrumbs-content":"","ast-featured-img":"","footer-sml-layout":"","ast-disable-related-posts":"","theme-transparent-header-meta":"default","adv-header-id-meta":"","stick-header-meta":"","header-above-stick-meta":"","header-main-stick-meta":"","header-below-stick-meta":"","astra-migrate-meta-layouts":"set","ast-page-background-enabled":"default","ast-page-background-meta":{"desktop":{"background-color":"","background-image":"","background-repeat":"repeat","background-position":"center center","background-size":"auto","background-attachment":"scroll","background-type":"","background-media":"","overlay-type":"","overlay-color":"","overlay-opacity":"","overlay-gradient":""},"tablet":{"background-color":"","background-image":"","background-repeat":"repeat","background-position":"center center","background-size":"auto","background-attachment":"scroll","background-type":"","background-media":"","overlay-type":"","overlay-color":"","overlay-opacity":"","overlay-gradient":""},"mobile":{"background-color":"","background-image":"","background-repeat":"repeat","background-position":"center center","background-size":"auto","background-attachment":"scroll","background-type":"","background-media":"","overlay-type":"","overlay-color":"","overlay-opacity":"","overlay-gradient":""}},"ast-content-background-meta":{"desktop":{"background-color":"var(--ast-global-color-5)","background-image":"","background-repeat":"repeat","background-position":"center center","background-size":"auto","background-attachment":"scroll","background-type":"","background-media":"","overlay-type":"","overlay-color":"","overlay-opacity":"","overlay-gradient":""},"tablet":{"background-color":"var(--ast-global-color-5)","background-image":"","background-repeat":"repeat","background-position":"center center","background-size":"auto","background-attachment":"scroll","background-type":"","background-media":"","overlay-type":"","overlay-color":"","overlay-opacity":"","overlay-gradient":""},"mobile":{"background-color":"var(--ast-global-color-5)","background-image":"","background-repeat":"repeat","background-position":"center center","background-size":"auto","background-attachment":"scroll","background-type":"","background-media":"","overlay-type":"","overlay-color":"","overlay-opacity":"","overlay-gradient":""}},"_joinchat":{"telephone":"+8618077105796"}},"product_brand":[],"product_cat":[175,63,140,158,159],"product_tag":[223,97,98],"class_list":{"0":"post-3700","1":"product","2":"type-product","3":"status-publish","4":"has-post-thumbnail","6":"product_cat-35000-puff","7":"product_cat-bangking","8":"product_cat-big-puffs-disposable-vapes","9":"product_cat-buy-disposable-vapes-in-spain","10":"product_cat-buy-disposable-vapes-in-sweden","11":"product_tag-bang-king-vape-35000","12":"product_tag-hot-sale-disposable-vape","13":"product_tag-wholesale-price-disposable-vape","14":"desktop-align-left","15":"tablet-align-left","16":"mobile-align-left","18":"first","19":"instock","20":"sale","21":"shipping-taxable","22":"purchasable","23":"product-type-simple"},"acf":[],"uagb_featured_image_src":{"full":["https:\/\/vapestornado.com\/wp-content\/uploads\/2025\/01\/Bang-Vape-35000-Puffs-Disposable-Vape-Hot-Sale-In-Germany.webp",800,800,false],"thumbnail":["https:\/\/vapestornado.com\/wp-content\/uploads\/2025\/01\/Bang-Vape-35000-Puffs-Disposable-Vape-Hot-Sale-In-Germany-150x150.webp",150,150,true],"medium":["https:\/\/vapestornado.com\/wp-content\/uploads\/2025\/01\/Bang-Vape-35000-Puffs-Disposable-Vape-Hot-Sale-In-Germany-300x300.webp",300,300,true],"medium_large":["https:\/\/vapestornado.com\/wp-content\/uploads\/2025\/01\/Bang-Vape-35000-Puffs-Disposable-Vape-Hot-Sale-In-Germany-768x768.webp",768,768,true],"large":["https:\/\/vapestornado.com\/wp-content\/uploads\/2025\/01\/Bang-Vape-35000-Puffs-Disposable-Vape-Hot-Sale-In-Germany.webp",800,800,false],"1536x1536":["https:\/\/vapestornado.com\/wp-content\/uploads\/2025\/01\/Bang-Vape-35000-Puffs-Disposable-Vape-Hot-Sale-In-Germany.webp",800,800,false],"2048x2048":["https:\/\/vapestornado.com\/wp-content\/uploads\/2025\/01\/Bang-Vape-35000-Puffs-Disposable-Vape-Hot-Sale-In-Germany.webp",800,800,false],"trp-custom-language-flag":["https:\/\/vapestornado.com\/wp-content\/uploads\/2025\/01\/Bang-Vape-35000-Puffs-Disposable-Vape-Hot-Sale-In-Germany.webp",12,12,false],"woocommerce_thumbnail":["https:\/\/vapestornado.com\/wp-content\/uploads\/2025\/01\/Bang-Vape-35000-Puffs-Disposable-Vape-Hot-Sale-In-Germany-300x300.webp",300,300,true],"woocommerce_single":["https:\/\/vapestornado.com\/wp-content\/uploads\/2025\/01\/Bang-Vape-35000-Puffs-Disposable-Vape-Hot-Sale-In-Germany-600x600.webp",600,600,true],"woocommerce_gallery_thumbnail":["https:\/\/vapestornado.com\/wp-content\/uploads\/2025\/01\/Bang-Vape-35000-Puffs-Disposable-Vape-Hot-Sale-In-Germany-100x100.webp",100,100,true]},"uagb_author_info":{"display_name":"ESMANDY","author_link":"https:\/\/vapestornado.com\/fr\/author\/"},"uagb_comment_info":0,"uagb_excerpt":"Explore wholesale prices for Bang King 35000 Puffs Tornado Vape at Vapebulkp.com. Featuring 35,000 puffs, 23ml e-liquid, 1000mAh battery, Type-C charging, and anti-dry burn technology. Ideal for bulk orders with customizable nicotine options (0%, 2%, 3%, 5%). Shop premium disposable vapes today! [caption id=\"attachment_2951\" align=\"alignnone\" width=\"265\"] Pls Contact Mandy's WhatsApp For Discount Price\u00a0 +8618077105796[\/caption] &nbsp;","_links":{"self":[{"href":"https:\/\/vapestornado.com\/fr\/wp-json\/wp\/v2\/product\/3700","targetHints":{"allow":["GET"]}}],"collection":[{"href":"https:\/\/vapestornado.com\/fr\/wp-json\/wp\/v2\/product"}],"about":[{"href":"https:\/\/vapestornado.com\/fr\/wp-json\/wp\/v2\/types\/product"}],"replies":[{"embeddable":true,"href":"https:\/\/vapestornado.com\/fr\/wp-json\/wp\/v2\/comments?post=3700"}],"wp:featuredmedia":[{"embeddable":true,"href":"https:\/\/vapestornado.com\/fr\/wp-json\/wp\/v2\/media\/3702"}],"wp:attachment":[{"href":"https:\/\/vapestornado.com\/fr\/wp-json\/wp\/v2\/media?parent=3700"}],"wp:term":[{"taxonomy":"product_brand","embeddable":true,"href":"https:\/\/vapestornado.com\/fr\/wp-json\/wp\/v2\/product_brand?post=3700"},{"taxonomy":"product_cat","embeddable":true,"href":"https:\/\/vapestornado.com\/fr\/wp-json\/wp\/v2\/product_cat?post=3700"},{"taxonomy":"product_tag","embeddable":true,"href":"https:\/\/vapestornado.com\/fr\/wp-json\/wp\/v2\/product_tag?post=3700"}],"curies":[{"name":"wp","href":"https:\/\/api.w.org\/{rel}","templated":true}]}}