{"id":3690,"date":"2025-01-06T09:55:58","date_gmt":"2025-01-06T09:55:58","guid":{"rendered":"https:\/\/vapestornado.com\/?post_type=product&#038;p=3690"},"modified":"2025-08-23T09:35:59","modified_gmt":"2025-08-23T09:35:59","slug":"wholesale-price-bang-beach-20000-puffs-high-quality-vape-pods","status":"publish","type":"product","link":"https:\/\/vapestornado.com\/fr\/product\/wholesale-price-bang-beach-20000-puffs-high-quality-vape-pods\/","title":{"rendered":"Prix de gros Bang Beach 20000 Bouff\u00e9es Pods de vape de haute qualit\u00e9"},"content":{"rendered":"<h1>Prix de gros Bang Beach 20000 Bouff\u00e9es Pods de vape de haute qualit\u00e9<\/h1>\n<p>&nbsp;<\/p>\n<div role=\"article\" data-tabster=\"{&quot;groupper&quot;:{&quot;tabbability&quot;:2},&quot;focusable&quot;:{}}\" data-content=\"ai-message\" aria-labelledby=\"64JRvXrTnY7mRmPkEQLLT-author 64JRvXrTnY7mRmPkEQLLT-content\">\n<div id=\"64JRvXrTnY7mRmPkEQLLT-content\">\n<p data-start=\"323\" data-end=\"588\">L' <strong data-start=\"327\" data-end=\"369\">Bang Beach 20000 Bouff\u00e9es Vape Jetable<\/strong> combine une grande capacit\u00e9, une technologie intelligente et un design \u00e9l\u00e9gant pour une option de vapotage fiable. Avec jusqu'\u00e0 <strong data-start=\"473\" data-end=\"489\">20 000 bouff\u00e9es<\/strong> et une <strong data-start=\"496\" data-end=\"529\">R\u00e9servoir d'e-liquide pr\u00e9-rempli de 35 ml<\/strong>, il offre une utilisation prolong\u00e9e sans remplacements fr\u00e9quents.<\/p>\n<p data-start=\"590\" data-end=\"854\">Aliment\u00e9 par une <strong data-start=\"603\" data-end=\"634\">batterie rechargeable de 650 mAh<\/strong> avec <strong data-start=\"640\" data-end=\"664\">Charge rapide Type-C<\/strong>, le Bang Beach 20K assure une performance constante tout au long de la journ\u00e9e. L' <strong data-start=\"740\" data-end=\"767\">\u00e9cran intelligent int\u00e9gr\u00e9<\/strong> fournit des mises \u00e0 jour en temps r\u00e9el sur la dur\u00e9e de vie de la batterie et l'utilisation des bouff\u00e9es, permettant aux utilisateurs de garder le contr\u00f4le.<\/p>\n<p data-start=\"856\" data-end=\"1041\">Disponible en <strong data-start=\"869\" data-end=\"910\">0%, 2%, 3% et 5% concentrations de nicotine<\/strong>, il r\u00e9pond \u00e0 diff\u00e9rentes pr\u00e9f\u00e9rences, tandis que le <strong data-start=\"958\" data-end=\"987\">design ergonomique d\u00e9grad\u00e9<\/strong> le rend \u00e0 la fois attrayant et confortable \u00e0 tenir.<\/p>\n<p data-start=\"1043\" data-end=\"1235\">Pour les grossistes et les d\u00e9taillants, le <strong data-start=\"1078\" data-end=\"1109\">Bang Beach 20000 Bouff\u00e9es Vape<\/strong> offre un m\u00e9lange solide de capacit\u00e9, de design et de valeur de gros, ce qui en fait un choix comp\u00e9titif sur le march\u00e9 des vapes jetables.<\/p>\n<figure id=\"attachment_3691\" aria-describedby=\"caption-attachment-3691\" style=\"width: 676px\" class=\"wp-caption alignnone\"><img fetchpriority=\"high\" decoding=\"async\" class=\"wp-image-3691\" src=\"https:\/\/vapestornado.com\/wp-content\/uploads\/2025\/01\/Bang-Beach-20000-puff-vape-best-sale-Germany.jpg\" alt=\"Bang Beach 20000 bouff\u00e9es vape meilleur vente France\" width=\"676\" height=\"676\" srcset=\"https:\/\/vapestornado.com\/wp-content\/uploads\/2025\/01\/Bang-Beach-20000-puff-vape-best-sale-Germany.jpg 800w, https:\/\/vapestornado.com\/wp-content\/uploads\/2025\/01\/Bang-Beach-20000-puff-vape-best-sale-Germany-300x300.jpg 300w, https:\/\/vapestornado.com\/wp-content\/uploads\/2025\/01\/Bang-Beach-20000-puff-vape-best-sale-Germany-150x150.jpg 150w, https:\/\/vapestornado.com\/wp-content\/uploads\/2025\/01\/Bang-Beach-20000-puff-vape-best-sale-Germany-768x768.jpg 768w, https:\/\/vapestornado.com\/wp-content\/uploads\/2025\/01\/Bang-Beach-20000-puff-vape-best-sale-Germany-600x600.jpg 600w, https:\/\/vapestornado.com\/wp-content\/uploads\/2025\/01\/Bang-Beach-20000-puff-vape-best-sale-Germany-100x100.jpg 100w\" sizes=\"(max-width: 676px) 100vw, 676px\" \/><figcaption id=\"caption-attachment-3691\" class=\"wp-caption-text\">Bang Beach 20000 bouff\u00e9es vape meilleur vente France<\/figcaption><\/figure>\n<\/div>\n<\/div>\n<p><img decoding=\"async\" class=\"alignleft wp-image-2951 size-medium\" src=\"https:\/\/vapestornado.com\/wp-content\/uploads\/2024\/12\/Wholesale-Disposable-Vape-265x300.jpg\" alt=\"Vape jetable en gros\" width=\"265\" height=\"300\" srcset=\"https:\/\/vapestornado.com\/wp-content\/uploads\/2024\/12\/Wholesale-Disposable-Vape-265x300.jpg 265w, https:\/\/vapestornado.com\/wp-content\/uploads\/2024\/12\/Wholesale-Disposable-Vape-768x871.jpg 768w, https:\/\/vapestornado.com\/wp-content\/uploads\/2024\/12\/Wholesale-Disposable-Vape-600x680.jpg 600w, https:\/\/vapestornado.com\/wp-content\/uploads\/2024\/12\/Wholesale-Disposable-Vape.jpg 823w\" sizes=\"(max-width: 265px) 100vw, 265px\" \/><\/p>\n<h5>Veuillez contacter Mandy sur WhatsApp pour un prix r\u00e9duit :<a href=\"https:\/\/wa.me\/8618077105796\" target=\"_blank\" rel=\"noopener\">+8618077105796<\/a><\/h5>\n<div class=\"flex max-w-full flex-col flex-grow\">\n<div class=\"min-h-8 text-message flex w-full flex-col items-end gap-2 whitespace-normal break-words text-start [.text-message+&amp;]:mt-5\" dir=\"auto\" data-message-author-role=\"assistant\" data-message-id=\"cdb991c0-f594-4bff-b2d5-fbbdd7ce9e54\" data-message-model-slug=\"gpt-4o-mini\">\n<div class=\"flex w-full flex-col gap-1 empty:hidden first:pt-[3px]\">\n<div class=\"markdown prose w-full break-words dark:prose-invert light\"><\/div>\n<\/div>\n<\/div>\n<\/div>\n<div class=\"mb-2 flex gap-3 empty:hidden -ml-2\">\n<h2>Bang Beach 20000 Puffs Caract\u00e9ristiques Cl\u00e9s:<\/h2>\n<ul>\n<li>Sessions de vapotage prolong\u00e9es avec 20 000 bouff\u00e9es.<\/li>\n<li>Grande capacit\u00e9 d'e-liquide de 35 ml pour des saveurs riches et durables.<\/li>\n<li>Niveaux de nicotine ajustables pour une satisfaction personnalis\u00e9e.<\/li>\n<li>Batterie puissante de 650 mAh pour une utilisation durable.<\/li>\n<li>\u00c9cran intelligent pour des informations sur l'utilisation en temps r\u00e9el.<\/li>\n<li>Design \u00e9l\u00e9gant et ergonomique avec des couleurs d\u00e9grad\u00e9es vives.<\/li>\n<\/ul>\n<\/div>\n<h2>Bang Beach 20000 Puffs Saveurs:<\/h2>\n<p>1) Glace triple baies<br \/>\n2) Limonade rose<br \/>\n3) Myrtille Framboise<br \/>\n4) Baies m\u00e9lang\u00e9es<br \/>\n5) Fraise past\u00e8que<br \/>\n6) Glace \u00e0 la fraise<br \/>\n7) Glace au raisin<br \/>\n8) P\u00eache mangue<br \/>\n9) Glace au razz bleu<br \/>\n10) Pomme acidul\u00e9e<br \/>\n11) Glace \u00e0 la past\u00e8que<br \/>\n12) Glace \u00e0 la p\u00eache<\/p>\n<h2 data-pm-slice=\"1 1 []\">Pourquoi la cigarette \u00e9lectronique Bang Beach Smart Screen 20000 bouff\u00e9es se d\u00e9marque ?<\/h2>\n<p>L' <strong>\u00c9cran Intelligent Bang Beach 20000<\/strong> est plus qu'une simple cigarette \u00e9lectronique jetable ; c'est un appareil haute performance con\u00e7u pour les vapoteurs \u00e0 la recherche d'une qualit\u00e9 et d'une fiabilit\u00e9 sup\u00e9rieures. Son nombre de bouff\u00e9es \u00e9tendu, sa batterie robuste et ses taux de nicotine personnalisables en font un choix polyvalent pour toutes les pr\u00e9f\u00e9rences de vapotage. Que vous soyez un utilisateur exp\u00e9riment\u00e9 ou d\u00e9butant, la fonction d'\u00e9cran intelligent et la conception conviviale am\u00e9liorent votre exp\u00e9rience de vapotage.<\/p>\n<div role=\"article\" data-tabster=\"{&quot;groupper&quot;:{&quot;tabbability&quot;:2},&quot;focusable&quot;:{}}\" data-content=\"ai-message\" aria-labelledby=\"dARUyEWDoEYhnSPXFwx5A-author dARUyEWDoEYhnSPXFwx5A-content\">\n<div id=\"dARUyEWDoEYhnSPXFwx5A-content\">\n<h2>Pourquoi choisir le Bang Beach Smart Screen 20000 bouff\u00e9es ? <a href=\"https:\/\/vapestornado.com\/fr\/product\/bang-box-35k-puffs-high-capacity-long-lasting-disposable-vape\/\">vapestornado.com ?<\/a><\/h2>\n<p>vapestornado.com est votre destination ultime pour les produits de vapotage de qualit\u00e9, et le <strong>Bang Beach Smart Screen 20000 bouff\u00e9es<\/strong> ne fait pas exception. Voici pourquoi cet appareil se d\u00e9marque et pourquoi vapestornado.com est le meilleur endroit pour l'acheter :<\/p>\n<h4><strong>*Qualit\u00e9 in\u00e9gal\u00e9e<\/strong><\/h4>\n<p>Chez vapestornado.com, nous ne proposons que des produits de vapotage authentiques et de haute qualit\u00e9. Le Bang Beach Smart Screen 20000 bouff\u00e9es est con\u00e7u dans un souci de durabilit\u00e9 et de performance, garantissant une exp\u00e9rience fiable et agr\u00e9able \u00e0 chaque utilisation.<\/p>\n<h4><strong>*Prix comp\u00e9titifs<\/strong><\/h4>\n<p>vapestornado.com propose les cigarettes \u00e9lectroniques Bang Beach Smart Screen 20000 bouff\u00e9es \u00e0 des prix tr\u00e8s comp\u00e9titifs, vous assurant d'obtenir un excellent rapport qualit\u00e9-prix pour un produit haut de gamme.<\/p>\n<h4><strong>*Rapide<\/strong><\/h4>\n<p>Profitez d'une livraison rapide et fiable partout en France, pour que votre exp\u00e9rience de vapotage ne soit jamais retard\u00e9e.<\/p>\n<h4><strong>*Support ax\u00e9 sur le client<\/strong><\/h4>\n<p>Notre \u00e9quipe de support d\u00e9di\u00e9e est pr\u00eate \u00e0 vous aider pour toute question, garantissant une exp\u00e9rience d'achat fluide.<\/p>\n<p>Am\u00e9liorez votre exp\u00e9rience de vapotage d\u00e8s aujourd'hui avec le <strong>Vapes rechargeables Bang Beach Vape 20k Puffs<\/strong>, disponibles exclusivement sur vapestornado.com\u2014votre partenaire de confiance pour tout ce qui concerne le vapotage !<\/p>\n<p>Am\u00e9liorez votre exp\u00e9rience de vapotage d\u00e8s aujourd'hui avec le <strong>Pods de vapotage Bang Beach 20000 Puffs<\/strong>, disponibles exclusivement sur vapestornado.com\u2014votre partenaire de confiance pour tout ce qui concerne le vapotage !<\/p>\n<\/div>\n<\/div>\n<h2>FAQ sur l'achat en gros de Bang Beach Vape 20000 Puffs<\/h2>\n<p><strong>1. Comment puis-je passer une commande en gros pour les vapes Bang Beach 20000 Puffs ?<\/strong><br \/>\nRendez-vous chez un fournisseur de confiance comme vapestornado.com, naviguez sur la page produit Bang Beach Vape et s\u00e9lectionnez l'option de quantit\u00e9 en gros. Vous pouvez aussi contacter leur service client pour de l'aide concernant les grosses commandes.<\/p>\n<p><strong>2. Quelles sont les options d'exp\u00e9dition pour les commandes en gros de Bangvape 20000 Puffs ?<\/strong><br \/>\nLes commandes en gros sont exp\u00e9di\u00e9es en toute s\u00e9curit\u00e9 pour prot\u00e9ger le produit pendant le transport. De nombreux fournisseurs proposent des options d'exp\u00e9dition express et des services de suivi pour garantir une livraison dans les d\u00e9lais.<\/p>\n<p><strong>3. Le Bang Beach Vape 20000 bouff\u00e9es est-il adapt\u00e9 \u00e0 la distribution en gros ?<\/strong><br \/>\nAbsolument. Avec ses fonctionnalit\u00e9s avanc\u00e9es, ses performances longue dur\u00e9e et son design \u00e9l\u00e9gant, le Bang Beach Vape 20000 est tr\u00e8s attrayant pour les consommateurs, ce qui en fait un excellent choix pour la distribution en gros.<\/p>\n<p><strong>4. Comment puis-je m'assurer que j'ach\u00e8te d'authentiques produits Bang Beach Vape ?<\/strong><br \/>\nAchetez toujours aupr\u00e8s de fournisseurs de confiance ou de distributeurs agr\u00e9\u00e9s comme vapestornado.com pour garantir l'authenticit\u00e9 et la qualit\u00e9. \u00c9vitez les vendeurs non v\u00e9rifi\u00e9s pour \u00e9viter les contrefa\u00e7ons.<\/p>","protected":false},"excerpt":{"rendered":"<p>Bang Beach 20000 Puffs offre jusqu'\u00e0 20 000 bouff\u00e9es, 35 ml d'e-liquide pr\u00e9-rempli, des niveaux de nicotine personnalisables (0%, 2%, 3%, 5%), une batterie rechargeable de 650 mAh et un \u00e9cran intelligent pour suivre votre utilisation. Une vape \u00e9l\u00e9gante et durable, parfaite pour tous les besoins de vapotage.<\/p>\n<figure id=\"attachment_2951\" aria-describedby=\"caption-attachment-2951\" style=\"width: 265px\" class=\"wp-caption alignnone\"><img decoding=\"async\" class=\"size-medium wp-image-2951\" src=\"https:\/\/vapestornado.com\/wp-content\/uploads\/2024\/12\/Wholesale-Disposable-Vape-265x300.jpg\" alt=\"Vape jetable en gros\" width=\"265\" height=\"300\" srcset=\"https:\/\/vapestornado.com\/wp-content\/uploads\/2024\/12\/Wholesale-Disposable-Vape-265x300.jpg 265w, https:\/\/vapestornado.com\/wp-content\/uploads\/2024\/12\/Wholesale-Disposable-Vape-768x871.jpg 768w, https:\/\/vapestornado.com\/wp-content\/uploads\/2024\/12\/Wholesale-Disposable-Vape-600x680.jpg 600w, https:\/\/vapestornado.com\/wp-content\/uploads\/2024\/12\/Wholesale-Disposable-Vape.jpg 823w\" sizes=\"(max-width: 265px) 100vw, 265px\" \/><figcaption id=\"caption-attachment-2951\" class=\"wp-caption-text\">Veuillez contacter Mandy sur WhatsApp pour obtenir un prix r\u00e9duit\u00a0 <a href=\"https:\/\/wa.me\/8618077105796\">+8618077105796<\/a><\/figcaption><\/figure>\n<p>&nbsp;<\/p>","protected":false},"featured_media":3693,"comment_status":"open","ping_status":"closed","template":"","meta":{"_acf_changed":false,"_uag_custom_page_level_css":"","_lmt_disableupdate":"no","_lmt_disable":"","_monsterinsights_skip_tracking":false,"_monsterinsights_sitenote_active":false,"_monsterinsights_sitenote_note":"","_monsterinsights_sitenote_category":0,"site-sidebar-layout":"default","site-content-layout":"","ast-site-content-layout":"default","site-content-style":"default","site-sidebar-style":"default","ast-global-header-display":"","ast-banner-title-visibility":"","ast-main-header-display":"","ast-hfb-above-header-display":"","ast-hfb-below-header-display":"","ast-hfb-mobile-header-display":"","site-post-title":"","ast-breadcrumbs-content":"","ast-featured-img":"","footer-sml-layout":"","ast-disable-related-posts":"","theme-transparent-header-meta":"default","adv-header-id-meta":"","stick-header-meta":"","header-above-stick-meta":"","header-main-stick-meta":"","header-below-stick-meta":"","astra-migrate-meta-layouts":"set","ast-page-background-enabled":"default","ast-page-background-meta":{"desktop":{"background-color":"","background-image":"","background-repeat":"repeat","background-position":"center center","background-size":"auto","background-attachment":"scroll","background-type":"","background-media":"","overlay-type":"","overlay-color":"","overlay-opacity":"","overlay-gradient":""},"tablet":{"background-color":"","background-image":"","background-repeat":"repeat","background-position":"center center","background-size":"auto","background-attachment":"scroll","background-type":"","background-media":"","overlay-type":"","overlay-color":"","overlay-opacity":"","overlay-gradient":""},"mobile":{"background-color":"","background-image":"","background-repeat":"repeat","background-position":"center center","background-size":"auto","background-attachment":"scroll","background-type":"","background-media":"","overlay-type":"","overlay-color":"","overlay-opacity":"","overlay-gradient":""}},"ast-content-background-meta":{"desktop":{"background-color":"var(--ast-global-color-5)","background-image":"","background-repeat":"repeat","background-position":"center center","background-size":"auto","background-attachment":"scroll","background-type":"","background-media":"","overlay-type":"","overlay-color":"","overlay-opacity":"","overlay-gradient":""},"tablet":{"background-color":"var(--ast-global-color-5)","background-image":"","background-repeat":"repeat","background-position":"center center","background-size":"auto","background-attachment":"scroll","background-type":"","background-media":"","overlay-type":"","overlay-color":"","overlay-opacity":"","overlay-gradient":""},"mobile":{"background-color":"var(--ast-global-color-5)","background-image":"","background-repeat":"repeat","background-position":"center center","background-size":"auto","background-attachment":"scroll","background-type":"","background-media":"","overlay-type":"","overlay-color":"","overlay-opacity":"","overlay-gradient":""}},"_joinchat":{"telephone":"+8618077105796"}},"product_brand":[],"product_cat":[69,62,151,157],"product_tag":[229,97,98],"class_list":{"0":"post-3690","1":"product","2":"type-product","3":"status-publish","4":"has-post-thumbnail","6":"product_cat-20000-puff","7":"product_cat-bang-vape","8":"product_cat-buy-disposable-vapes-in-france","9":"product_cat-buy-disposable-vapes-in-portugal","10":"product_tag-bang-beach-20000-puffs","11":"product_tag-hot-sale-disposable-vape","12":"product_tag-wholesale-price-disposable-vape","13":"desktop-align-left","14":"tablet-align-left","15":"mobile-align-left","17":"first","18":"instock","19":"sale","20":"shipping-taxable","21":"purchasable","22":"product-type-simple"},"acf":[],"uagb_featured_image_src":{"full":["https:\/\/vapestornado.com\/wp-content\/uploads\/2025\/01\/Bang-Beach-20000-puff-vape-good-sale-Germany.webp",800,800,false],"thumbnail":["https:\/\/vapestornado.com\/wp-content\/uploads\/2025\/01\/Bang-Beach-20000-puff-vape-good-sale-Germany-150x150.webp",150,150,true],"medium":["https:\/\/vapestornado.com\/wp-content\/uploads\/2025\/01\/Bang-Beach-20000-puff-vape-good-sale-Germany-300x300.webp",300,300,true],"medium_large":["https:\/\/vapestornado.com\/wp-content\/uploads\/2025\/01\/Bang-Beach-20000-puff-vape-good-sale-Germany-768x768.webp",768,768,true],"large":["https:\/\/vapestornado.com\/wp-content\/uploads\/2025\/01\/Bang-Beach-20000-puff-vape-good-sale-Germany.webp",800,800,false],"1536x1536":["https:\/\/vapestornado.com\/wp-content\/uploads\/2025\/01\/Bang-Beach-20000-puff-vape-good-sale-Germany.webp",800,800,false],"2048x2048":["https:\/\/vapestornado.com\/wp-content\/uploads\/2025\/01\/Bang-Beach-20000-puff-vape-good-sale-Germany.webp",800,800,false],"trp-custom-language-flag":["https:\/\/vapestornado.com\/wp-content\/uploads\/2025\/01\/Bang-Beach-20000-puff-vape-good-sale-Germany.webp",12,12,false],"woocommerce_thumbnail":["https:\/\/vapestornado.com\/wp-content\/uploads\/2025\/01\/Bang-Beach-20000-puff-vape-good-sale-Germany-300x300.webp",300,300,true],"woocommerce_single":["https:\/\/vapestornado.com\/wp-content\/uploads\/2025\/01\/Bang-Beach-20000-puff-vape-good-sale-Germany-600x600.webp",600,600,true],"woocommerce_gallery_thumbnail":["https:\/\/vapestornado.com\/wp-content\/uploads\/2025\/01\/Bang-Beach-20000-puff-vape-good-sale-Germany-100x100.webp",100,100,true]},"uagb_author_info":{"display_name":"ESMANDY","author_link":"https:\/\/vapestornado.com\/fr\/author\/"},"uagb_comment_info":0,"uagb_excerpt":"Bang Beach 20000 Puffs offers up to 20,000 puffs, a 35ml pre-filled e-liquid, customizable nicotine levels (0%, 2%, 3%, 5%), a 650mAh rechargeable battery, and a smart screen for tracking usage. Stylish and long-lasting vape, perfect for every vaping need. [caption id=\"attachment_2951\" align=\"alignnone\" width=\"265\"] Pls Contact Mandy's WhatsApp For Discount Price\u00a0 +8618077105796[\/caption] &nbsp;","_links":{"self":[{"href":"https:\/\/vapestornado.com\/fr\/wp-json\/wp\/v2\/product\/3690","targetHints":{"allow":["GET"]}}],"collection":[{"href":"https:\/\/vapestornado.com\/fr\/wp-json\/wp\/v2\/product"}],"about":[{"href":"https:\/\/vapestornado.com\/fr\/wp-json\/wp\/v2\/types\/product"}],"replies":[{"embeddable":true,"href":"https:\/\/vapestornado.com\/fr\/wp-json\/wp\/v2\/comments?post=3690"}],"wp:featuredmedia":[{"embeddable":true,"href":"https:\/\/vapestornado.com\/fr\/wp-json\/wp\/v2\/media\/3693"}],"wp:attachment":[{"href":"https:\/\/vapestornado.com\/fr\/wp-json\/wp\/v2\/media?parent=3690"}],"wp:term":[{"taxonomy":"product_brand","embeddable":true,"href":"https:\/\/vapestornado.com\/fr\/wp-json\/wp\/v2\/product_brand?post=3690"},{"taxonomy":"product_cat","embeddable":true,"href":"https:\/\/vapestornado.com\/fr\/wp-json\/wp\/v2\/product_cat?post=3690"},{"taxonomy":"product_tag","embeddable":true,"href":"https:\/\/vapestornado.com\/fr\/wp-json\/wp\/v2\/product_tag?post=3690"}],"curies":[{"name":"wp","href":"https:\/\/api.w.org\/{rel}","templated":true}]}}