{"id":3683,"date":"2025-01-06T07:58:56","date_gmt":"2025-01-06T07:58:56","guid":{"rendered":"https:\/\/vapestornado.com\/?post_type=product&#038;p=3683"},"modified":"2025-12-05T07:32:09","modified_gmt":"2025-12-05T07:32:09","slug":"uwin-crystal-10000-puffs-wholesale-disposable-vape-puff-10k-low-nicotine-rechargeable-vapes-pen-bulk-buy-wholesalepuffs-disposable-vape-wholesale-price-copy","status":"publish","type":"product","link":"https:\/\/vapestornado.com\/fr\/product\/uwin-crystal-10000-puffs-wholesale-disposable-vape-puff-10k-low-nicotine-rechargeable-vapes-pen-bulk-buy-wholesalepuffs-disposable-vape-wholesale-price-copy\/","title":{"rendered":"Uwin Crystal 10000 Bouff\u00e9es Vape Jetable en Gros 10k Vape Rechargeable \u00e0 Faible Teneur en Nicotine Achat en Gros en Gros"},"content":{"rendered":"<h1 class=\"product-title\">Uwin Crystal 10000 Bouff\u00e9es Vape Jetable en Gros 10k Vape Rechargeable \u00e0 Faible Teneur en Nicotine Achat en Gros en Gros<\/h1>\n<p data-start=\"1245\" data-end=\"1398\">Uwin Crystal 10000 Bouff\u00e9es est une vape jetable rechargeable compacte qui offre jusqu'\u00e0 10 000 bouff\u00e9es par appareil, propose des options \u00e0 faible nicotine de 0,2% \u00e0 3,5%, et se d\u00e9cline en plusieurs saveurs pour une transition quotidienne facile depuis la cigarette.<\/p>\n<p data-start=\"603\" data-end=\"949\"><strong data-start=\"603\" data-end=\"643\">10 000 bouff\u00e9es pour une v\u00e9ritable autonomie quotidienne.<\/strong><br data-start=\"643\" data-end=\"646\" \/>Avec un <strong data-start=\"653\" data-end=\"672\">Note de 10K bouff\u00e9es<\/strong>, Uwin Crystal se situe dans la gamme \u00ab \u00e0 utiliser pendant un moment, pas un week-end \u00bb. Il convient aux personnes qui veulent un appareil qui dure pendant les journ\u00e9es de travail, les trajets et les soir\u00e9es sans devoir le recharger constamment. Dans la <strong data-start=\"870\" data-end=\"900\">vape jetable de 10 000 bouff\u00e9es<\/strong> cat\u00e9gorie, c\u2019est le principe : moins d\u2019\u00e9changes, moins de tracas.<\/p>\n<p data-start=\"951\" data-end=\"1264\"><strong data-start=\"951\" data-end=\"994\">Des forces de nicotine faibles qui ne dominent pas.<\/strong><br data-start=\"994\" data-end=\"997\" \/>Uwin Crystal propose <strong data-start=\"1017\" data-end=\"1039\">des niveaux de nicotine de 0,2% \u00e0 3,5%<\/strong> offrant aux fumeurs la possibilit\u00e9 de choisir ce qui leur convient. La nicotine l\u00e9g\u00e8re est adapt\u00e9e aux utilisateurs occasionnels ou \u00e0 ceux qui r\u00e9duisent leur consommation, tandis que la gamme sup\u00e9rieure convient \u00e0 tous ceux qui veulent encore une sensation notable sans passer \u00e0 des concentrations de sel plus fortes.<\/p>\n<p data-start=\"1266\" data-end=\"1564\"><strong data-start=\"1266\" data-end=\"1329\">Conception rechargeable qui \u00e9vite \u00e0 l\u2019appareil de tomber en panne pr\u00e9matur\u00e9ment.<\/strong><br data-start=\"1329\" data-end=\"1332\" \/>Il s'agit d'un <strong data-start=\"1342\" data-end=\"1399\">Uwin Crystal 10000 Bouff\u00e9es vape jetable rechargeable<\/strong>. La recharge signifie que vous n\u2019\u00eates pas oblig\u00e9 de le jeter simplement parce que la batterie est \u00e0 plat avant que le liquide ne soit \u00e9puis\u00e9. C\u2019est une configuration pratique pour les appareils \u00e0 haute capacit\u00e9 de bouff\u00e9es.<\/p>\n<p data-start=\"1566\" data-end=\"1794\"><strong data-start=\"1566\" data-end=\"1599\">Corps en cristal pratique pour la poche.<\/strong><br data-start=\"1599\" data-end=\"1602\" \/>La construction est compacte et \u00e9l\u00e9gante, facile \u00e0 transporter sans para\u00eetre encombrante. C\u2019est le genre de forme qui tient dans une poche de veste, un plateau de voiture ou un tiroir de bureau et reste pr\u00eat pour des pauses rapides.<\/p>\n<p data-start=\"1796\" data-end=\"2073\"><strong data-start=\"1796\" data-end=\"1834\">Gamme de saveurs simple.<\/strong><br data-start=\"1834\" data-end=\"1837\" \/>Plusieurs options de saveurs sont disponibles pour que les utilisateurs puissent rester fid\u00e8les \u00e0 ce qu\u2019ils aiment \u2014 fruits, m\u00e9langes rafra\u00eechissants ou profils plus sucr\u00e9s \u2014 sans avoir \u00e0 changer d\u2019appareil pour varier. Pour les boutiques, cela facilite l\u2019adaptation du Uwin Crystal 10K aux tendances locales en mati\u00e8re de go\u00fbts.<\/p>\n<h3><strong>Pourquoi s'associer avec vapestornado ?<\/strong><\/h3>\n<p>vapestornado est votre fournisseur incontournable pour les meilleures offres en gros sur les stylos \u00e0 vape jetables comme le Uwin Crystal 10000 bouff\u00e9es. Avec des prix comp\u00e9titifs, des services d'exp\u00e9dition exceptionnels et un engagement envers la qualit\u00e9, nous garantissons une exp\u00e9rience d'achat transparente pour les acheteurs en gros en France.<\/p>\n<p>&nbsp;<\/p>\n<p><span style=\"color: #ff0000;\"><strong>Ajoutez le Whatsapp d'Amy pour obtenir une r\u00e9ponse imm\u00e9diate et un coupon de vape !<\/strong><\/span><\/p>\n<p><img fetchpriority=\"high\" decoding=\"async\" class=\"size-full wp-image-2932\" src=\"https:\/\/vapestornado.com\/wp-content\/uploads\/2024\/12\/Vape-Wholesale.jpg\" alt=\"Vente en Gros de Vapes\" width=\"229\" height=\"300\" \/><\/p>\n<h3><a href=\"https:\/\/wa.me\/8617776015835\" target=\"_blank\" rel=\"noopener\"><span style=\"color: #ff0000;\"><strong>WhatsApp : +86 17776015835<\/strong><\/span><\/a><\/h3>\n<p>&nbsp;<\/p>\n<h2 class=\"product-title\"><strong>Caract\u00e9ristiques du produit Uwin Crystal 10000<\/strong><\/h2>\n<div role=\"article\" data-tabster=\"{&quot;groupper&quot;:{&quot;tabbability&quot;:2},&quot;focusable&quot;:{}}\" data-content=\"ai-message\" aria-labelledby=\"juhNTJ6o7Gk1cgwZMJgv2-author juhNTJ6o7Gk1cgwZMJgv2-content\">\n<div id=\"juhNTJ6o7Gk1cgwZMJgv2-content\">\n<div role=\"article\" data-tabster=\"{&quot;groupper&quot;:{&quot;tabbability&quot;:2},&quot;focusable&quot;:{}}\" data-content=\"ai-message\" aria-labelledby=\"x4EZuCZWrTbh3weWUt7CU-author x4EZuCZWrTbh3weWUt7CU-content\">\n<div id=\"x4EZuCZWrTbh3weWUt7CU-content\">\n<div class=\"flex max-w-full flex-col flex-grow\">\n<div class=\"min-h-8 text-message flex w-full flex-col items-end gap-2 whitespace-normal break-words text-start [.text-message+&amp;]:mt-5\" dir=\"auto\" data-message-author-role=\"assistant\" data-message-id=\"52c6e00a-252f-4104-805d-2f1a84739c71\" data-message-model-slug=\"gpt-4o\">\n<div class=\"flex w-full flex-col gap-1 empty:hidden first:pt-[3px]\">\n<div class=\"markdown prose w-full break-words dark:prose-invert light\">\n<h3><\/h3>\n<table>\n<thead>\n<tr>\n<th>Fonction \/ Param\u00e8tre<\/th>\n<th align=\"right\">Spec<\/th>\n<th>Explication<\/th>\n<\/tr>\n<\/thead>\n<tbody>\n<tr>\n<td>Nom du produit<\/td>\n<td align=\"right\">Vape jetable Uwin Crystal 10000 Puffs<\/td>\n<td>Nom clair pour les commandes r\u00e9p\u00e9t\u00e9es et la recherche.<\/td>\n<\/tr>\n<tr>\n<td>Capacit\u00e9 de bouff\u00e9es<\/td>\n<td align=\"right\">Jusqu'\u00e0 10 000 bouff\u00e9es<\/td>\n<td>Utilisation plus longue que les jetables standard ; moins de remplacements.<\/td>\n<\/tr>\n<tr>\n<td>Niveaux de nicotine<\/td>\n<td align=\"right\">0,2% \u2013 3,5%<\/td>\n<td>Gamme \u00e0 faible teneur en nicotine pour une utilisation quotidienne plus l\u00e9g\u00e8re ou en r\u00e9duction.<\/td>\n<\/tr>\n<tr>\n<td>Batterie<\/td>\n<td align=\"right\">Rechargeable<\/td>\n<td>Vous aide \u00e0 finir le liquide plut\u00f4t que de perdre des bouff\u00e9es \u00e0 cause d'une batterie plate.<\/td>\n<\/tr>\n<tr>\n<td>Design<\/td>\n<td align=\"right\">Corps compact de style cristal<\/td>\n<td>Facile \u00e0 transporter, look \u00e9pur\u00e9, s'int\u00e8gre dans les routines quotidiennes.<\/td>\n<\/tr>\n<tr>\n<td>Options de saveur<\/td>\n<td align=\"right\">Plusieurs saveurs<\/td>\n<td>Permet aux utilisateurs de choisir leur go\u00fbt habituel sans appareils suppl\u00e9mentaires.<\/td>\n<\/tr>\n<tr>\n<td>Utilisation<\/td>\n<td align=\"right\">Activ\u00e9 par tirage<\/td>\n<td>Pas de boutons ; inhalez pour vapoter.<\/td>\n<\/tr>\n<\/tbody>\n<\/table>\n<\/div>\n<\/div>\n<\/div>\n<\/div>\n<div class=\"mb-2 flex gap-3 empty:hidden -ml-2\">\n<figure id=\"attachment_3662\" aria-describedby=\"caption-attachment-3662\" style=\"width: 800px\" class=\"wp-caption alignnone\"><img decoding=\"async\" class=\"wp-image-3662 size-full\" src=\"https:\/\/vapestornado.com\/wp-content\/uploads\/2025\/01\/UWIN-Crystal-10000-Puff-Disposable-Vape-Wholesale-Cheap-Price.webp\" alt=\"Prix de gros pas cher pour la cigarette \u00e9lectronique jetable UWIN Crystal 10000 Puff\" width=\"800\" height=\"880\" srcset=\"https:\/\/vapestornado.com\/wp-content\/uploads\/2025\/01\/UWIN-Crystal-10000-Puff-Disposable-Vape-Wholesale-Cheap-Price.webp 800w, https:\/\/vapestornado.com\/wp-content\/uploads\/2025\/01\/UWIN-Crystal-10000-Puff-Disposable-Vape-Wholesale-Cheap-Price-273x300.webp 273w, https:\/\/vapestornado.com\/wp-content\/uploads\/2025\/01\/UWIN-Crystal-10000-Puff-Disposable-Vape-Wholesale-Cheap-Price-768x845.webp 768w, https:\/\/vapestornado.com\/wp-content\/uploads\/2025\/01\/UWIN-Crystal-10000-Puff-Disposable-Vape-Wholesale-Cheap-Price-600x660.webp 600w\" sizes=\"(max-width: 800px) 100vw, 800px\" \/><figcaption id=\"caption-attachment-3662\" class=\"wp-caption-text\">Prix de gros pas cher pour la cigarette \u00e9lectronique jetable UWIN Crystal 10000 Puff<\/figcaption><\/figure>\n<\/div>\n<\/div>\n<\/div>\n<\/div>\n<\/div>\n<h2 class=\"product-title\"><strong>Saveurs populaires pour Uwin Crystal 10000<\/strong><strong>\u00a0<\/strong><strong>Vapes jetables<\/strong><\/h2>\n<h2 class=\"product-title\"><\/h2>\n<p>D\u00e9couvrez un monde de saveurs avec l'Uwin Crystal 10000 Puffs. De la menthe rafra\u00eechissante aux d\u00e9lices fruit\u00e9s, la large gamme d'options garantit qu'il y a une correspondance parfaite pour chaque humeur et pr\u00e9f\u00e9rence de go\u00fbt. Veuillez trouver la saveur populaire selon notre date de vente et les commentaires des clients.<\/p>\n<p>1. Framboise Bleue <span style=\"color: #ff0000;\"><strong>&gt;&gt;&gt;&gt; Chaud !<\/strong><\/span><br \/>\n2. Raisin glac\u00e9<br \/>\n3. Fraise Past\u00e8que<br \/>\n4. Myrtille glac\u00e9e<br \/>\n5. Past\u00e8que glac\u00e9e <span style=\"color: #ff0000;\"><strong>&gt;&gt;&gt;&gt; Chaud !<\/strong><\/span><br \/>\n6. Cerise glac\u00e9e<br \/>\n7. Fraise framboise cerise <span style=\"color: #ff0000;\"><strong>&gt;&gt;&gt;&gt; Chaud !<\/strong><\/span><br \/>\n8. Kiwi fruit de la passion goyave<br \/>\n9. Fraise glac\u00e9e<br \/>\n10. P\u00eache glac\u00e9e<br \/>\n11. Fraise kiwi<br \/>\n12. P\u00eache baies<br \/>\n13. Cerise cola <span style=\"color: #ff0000;\"><strong>&gt;&gt;&gt;&gt; Chaud !<\/strong><\/span><br \/>\n14. Baies m\u00e9lang\u00e9es<br \/>\n15. Mr blue<br \/>\n16. P\u00eache mangue ananas<br \/>\n17. Deux pommes<br \/>\n18. Fraise canneberge cerise <span style=\"color: #ff0000;\"><strong>&gt;&gt;&gt;&gt; Le meilleur !<\/strong><\/span><br \/>\n19. Fraise banane<br \/>\n20. Lady Killa<br \/>\n21. Limonade aux framboises bleues<br \/>\n22. Red Bull <span style=\"color: #ff0000;\"><strong>&gt;&gt;&gt;&gt; Chaud !<\/strong><\/span><br \/>\n23.Fraise raisin<br \/>\n24.Cerise baie<br \/>\n25. Love 66<br \/>\n26.Fruit de la passion glac\u00e9<br \/>\n27.Cola glac\u00e9<br \/>\n28.Menthe de Miami <span style=\"color: #ff0000;\"><strong>&gt;&gt;&gt;&gt; Chaud !<\/strong><\/span><br \/>\n29.Vanille glac\u00e9e<br \/>\n30.Citron vert<\/p>\n<div class=\"flex-shrink-0 flex flex-col relative items-end\">\n<div class=\"pt-0\">\n<div class=\"gizmo-bot-avatar flex h-8 w-8 items-center justify-center overflow-hidden rounded-full\">\n<div class=\"relative p-1 rounded-sm flex items-center justify-center bg-token-main-surface-primary text-token-text-primary h-8 w-8\">\n<h3>FAQ pour Uwin Crystal 10000 Rechargeable<strong>\u00a0<\/strong>Vape jetable<\/h3>\n<h3><\/h3>\n<p data-start=\"2904\" data-end=\"3222\"><strong data-start=\"2904\" data-end=\"3008\">1. Le vapoteur jetable Uwin Crystal 10000 Bouff\u00e9es est-il adapt\u00e9 \u00e0 quelqu'un qui passe de la cigarette ?<\/strong><br data-start=\"3008\" data-end=\"3011\" \/>Oui. Le <strong data-start=\"3020\" data-end=\"3064\">Vape jetable Uwin Crystal 10000 Bouff\u00e9es<\/strong> offre une longue autonomie et une gamme \u00e0 faible teneur en nicotine r\u00e9glable, permettant aux fumeurs de choisir une force proche de leur habitude habituelle et d'\u00e9viter de changer constamment d'appareil.<\/p>\n<p data-start=\"3224\" data-end=\"3539\"><strong data-start=\"3224\" data-end=\"3311\">2. Combien de temps dure g\u00e9n\u00e9ralement une vape jetable rechargeable Uwin Crystal 10000 Bouff\u00e9es ?<\/strong><br data-start=\"3311\" data-end=\"3314\" \/>La dur\u00e9e de vie d\u00e9pend de la fr\u00e9quence d'utilisation, mais en utilisation quotidienne normale, la <strong data-start=\"3382\" data-end=\"3434\">Uwin Crystal 10000 Bouff\u00e9es rechargeable<\/strong> dure g\u00e9n\u00e9ralement bien plus longtemps que les mod\u00e8les 3k\u20135k gr\u00e2ce \u00e0 sa capacit\u00e9 de bouff\u00e9es plus \u00e9lev\u00e9e et sa batterie rechargeable.<\/p>\n<p data-start=\"3541\" data-end=\"3817\"><strong data-start=\"3541\" data-end=\"3619\">3. Quel niveau de nicotine devrais-je choisir pour le Uwin Crystal 10000 Bouff\u00e9es ?<\/strong><br data-start=\"3619\" data-end=\"3622\" \/>Si vous fumez l\u00e9g\u00e8rement ou souhaitez moins de nicotine, commencez pr\u00e8s de <strong data-start=\"3677\" data-end=\"3688\">0.2%\u20131%<\/strong>. Si vous \u00e9tiez un fumeur plus lourd mais que vous souhaitez toujours une inhalation mod\u00e9r\u00e9e, <strong data-start=\"3750\" data-end=\"3761\">2%\u20133.5%<\/strong> est la plage habituelle. L'essentiel est le contr\u00f4le, pas la surcharge.<\/p>\n<p data-start=\"3819\" data-end=\"4073\"><strong data-start=\"3819\" data-end=\"3892\">4. Est-ce que le Uwin Crystal 10000 Puffs conserve le m\u00eame go\u00fbt avec le temps ?<\/strong><br data-start=\"3892\" data-end=\"3895\" \/>Les appareils \u00e0 forte inhalation peuvent perdre de leur intensit\u00e9 si la bobine ne peut pas supporter la charge. Uwin Crystal est con\u00e7u pour une utilisation quotidienne r\u00e9guli\u00e8re, et la recharge aide \u00e0 maintenir une sortie constante jusqu'\u00e0 ce que le liquide soit \u00e9puis\u00e9.<\/p>\n<p data-start=\"4075\" data-end=\"4309\"><strong data-start=\"4075\" data-end=\"4149\">5. Le Uwin Crystal 10000 Puffs est-il facile \u00e0 transporter pour le travail ou en voyage ?<\/strong><br data-start=\"4149\" data-end=\"4152\" \/>Oui. Le corps compact est con\u00e7u pour les poches et les sacs de journ\u00e9e. C\u2019est simple pour les personnes qui veulent quelque chose de basique pendant les pauses sans transporter d\u2019\u00e9quipement suppl\u00e9mentaire.<\/p>\n<p data-start=\"4075\" data-end=\"4309\">\n<\/div>\n<\/div>\n<\/div>\n<\/div>\n<div class=\"flex-shrink-0 flex flex-col relative items-end\">\n<div class=\"pt-0\">\n<div class=\"gizmo-bot-avatar flex h-8 w-8 items-center justify-center overflow-hidden rounded-full\">\n<div class=\"relative p-1 rounded-sm flex items-center justify-center bg-token-main-surface-primary text-token-text-primary h-8 w-8\">\n<div class=\"mb-2 flex gap-3 empty:hidden -ml-2\">\n<div role=\"article\" data-tabster=\"{&quot;groupper&quot;:{&quot;tabbability&quot;:2},&quot;focusable&quot;:{}}\" data-content=\"ai-message\" aria-labelledby=\"Vdt5ez4X7Tg813x6rFVha-author Vdt5ez4X7Tg813x6rFVha-content\">\n<div id=\"Vdt5ez4X7Tg813x6rFVha-content\">\n<div role=\"article\" data-tabster=\"{&quot;groupper&quot;:{&quot;tabbability&quot;:2},&quot;focusable&quot;:{}}\" data-content=\"ai-message\" aria-labelledby=\"o968oC7CEo2fGHsGdsRYC-author o968oC7CEo2fGHsGdsRYC-content\">\n<div id=\"o968oC7CEo2fGHsGdsRYC-content\">\n<h3>Pourquoi choisir vapestornado pour la vente en gros de cigarettes \u00e9lectroniques jetables Uwin Crystal 10000 Puffs ?<\/h3>\n<div class=\"flex-shrink-0 flex flex-col relative items-end\">\n<div class=\"pt-0\">\n<div class=\"gizmo-bot-avatar flex h-8 w-8 items-center justify-center overflow-hidden rounded-full\">\n<div class=\"relative p-1 rounded-sm flex items-center justify-center bg-token-main-surface-primary text-token-text-primary h-8 w-8\">\n<p>Bienvenue chez vapestornado, votre boutique de vape en ligne de confiance pour les vapes jetables de qualit\u00e9 sup\u00e9rieure. Avec plus de 5 ans d'expertise, nous vous proposons des marques populaires de vapes jetables telles que Fumot RandM Vape, Vapme, Bang Vape, Waspe Vape et WGA Vape, etc.<\/p>\n<p>Notre gamme comprend des vapes tr\u00e8s demand\u00e9es comme le <a href=\"https:\/\/vapestornado.com\/fr\/product\/randm-12000-puffs-fumot-digital-disposable-vape-wholesale-price\/\">RandM Tornado 12000<\/a>, et des choix riches en saveurs comme le <a href=\"https:\/\/vapestornado.com\/fr\/product\/wga-crystal-pro-max-extra-15000-puffs-rechargeable-disposable-vape-wholesale-bulk-buy\/\">\u00a0WGA Crystal 15k Bouff\u00e9es<\/a> . Chaque produit est choisi en mettant l'accent sur la qualit\u00e9, la valeur et la vari\u00e9t\u00e9, afin de vous assurer de trouver la solution id\u00e9ale pour vos besoins. D\u00e9couvrez un service exceptionnel et une large gamme de produits de qualit\u00e9 sup\u00e9rieure \u00e0 prix de gros chez vapestornado.<\/p>\n<\/div>\n<p>&nbsp;<\/p>\n<p><strong>Autres vapes jetables populaires<\/strong><\/p>\n<p><a href=\"https:\/\/vapestornado.com\/fr\/product\/vapsolo-tornado-pro-12000-puffs-2-5-low-nicotine-bulk-buy-rechargeable-disposable-vapes-pen-wholesale-price\/\">VapSolo Tornado Pro 12000 bouff\u00e9es <span style=\"color: #ff0000;\"><strong>&gt;&gt;&gt;&gt; Aller !<\/strong><\/span><\/a><\/p>\n<p><a href=\"https:\/\/vapestornado.com\/fr\/product\/jnr-mega-shisha-hookah-100000-puffs-disposable-vape-wholesale-price\/\">JNR Mega Shisha Hookah 100 bouff\u00e9es<span style=\"color: #ff0000;\"><strong>&gt;&gt;&gt;&gt; Aller !<\/strong><\/span><\/a><\/p>\n<p><a href=\"https:\/\/vapestornado.com\/fr\/product\/tornado-vape-fihp-15000-puffs-2-low-nicotine-disposable-vape-wholesale\/\">Tornado Vape FIHP 15000 <span style=\"color: #ff0000;\"><strong>&gt;&gt;&gt;&gt; Aller !<\/strong><\/span><\/a><\/p>\n<\/div>\n<\/div>\n<\/div>\n<p>&nbsp;<\/p>\n<\/div>\n<\/div>\n<\/div>\n<\/div>\n<\/div>\n<\/div>\n<\/div>\n<\/div>\n<\/div>","protected":false},"excerpt":{"rendered":"<p>Uwin Crystal 10000 Bouff\u00e9es Vape Jetable pour une utilisation quotidienne stable<br \/>\nUwin Crystal 10K Rechargeable Jetable avec options \u00e0 faible nicotine<br \/>\nUwin Crystal 10000 Bouff\u00e9es Bar aux saveurs riches dans un corps en cristal compact<\/p>\n<p><strong>Ajoutez le WhatsApp d'Amy pour obtenir une bonne r\u00e9ponse et un coupon de vape !<\/strong><\/p>\n<p><img fetchpriority=\"high\" decoding=\"async\" class=\"size-full wp-image-2932\" src=\"https:\/\/vapestornado.com\/wp-content\/uploads\/2024\/12\/Vape-Wholesale.jpg\" alt=\"Vente en Gros de Vapes\" width=\"229\" height=\"300\" \/><\/p>\n<h3><a href=\"https:\/\/wa.me\/8617776015835\"><span style=\"color: #ff0000;\"><strong>WhatsApp : +86 17776015835<\/strong><\/span><\/a><\/h3>\n<p>&nbsp;<\/p>","protected":false},"featured_media":3664,"comment_status":"open","ping_status":"closed","template":"","meta":{"_acf_changed":false,"_uag_custom_page_level_css":"","_lmt_disableupdate":"no","_lmt_disable":"","_monsterinsights_skip_tracking":false,"_monsterinsights_sitenote_active":false,"_monsterinsights_sitenote_note":"","_monsterinsights_sitenote_category":0,"site-sidebar-layout":"default","site-content-layout":"","ast-site-content-layout":"default","site-content-style":"default","site-sidebar-style":"default","ast-global-header-display":"","ast-banner-title-visibility":"","ast-main-header-display":"","ast-hfb-above-header-display":"","ast-hfb-below-header-display":"","ast-hfb-mobile-header-display":"","site-post-title":"","ast-breadcrumbs-content":"","ast-featured-img":"","footer-sml-layout":"","ast-disable-related-posts":"","theme-transparent-header-meta":"default","adv-header-id-meta":"","stick-header-meta":"","header-above-stick-meta":"","header-main-stick-meta":"","header-below-stick-meta":"","astra-migrate-meta-layouts":"set","ast-page-background-enabled":"default","ast-page-background-meta":{"desktop":{"background-color":"","background-image":"","background-repeat":"repeat","background-position":"center center","background-size":"auto","background-attachment":"scroll","background-type":"","background-media":"","overlay-type":"","overlay-color":"","overlay-opacity":"","overlay-gradient":""},"tablet":{"background-color":"","background-image":"","background-repeat":"repeat","background-position":"center center","background-size":"auto","background-attachment":"scroll","background-type":"","background-media":"","overlay-type":"","overlay-color":"","overlay-opacity":"","overlay-gradient":""},"mobile":{"background-color":"","background-image":"","background-repeat":"repeat","background-position":"center center","background-size":"auto","background-attachment":"scroll","background-type":"","background-media":"","overlay-type":"","overlay-color":"","overlay-opacity":"","overlay-gradient":""}},"ast-content-background-meta":{"desktop":{"background-color":"var(--ast-global-color-5)","background-image":"","background-repeat":"repeat","background-position":"center center","background-size":"auto","background-attachment":"scroll","background-type":"","background-media":"","overlay-type":"","overlay-color":"","overlay-opacity":"","overlay-gradient":""},"tablet":{"background-color":"var(--ast-global-color-5)","background-image":"","background-repeat":"repeat","background-position":"center center","background-size":"auto","background-attachment":"scroll","background-type":"","background-media":"","overlay-type":"","overlay-color":"","overlay-opacity":"","overlay-gradient":""},"mobile":{"background-color":"var(--ast-global-color-5)","background-image":"","background-repeat":"repeat","background-position":"center center","background-size":"auto","background-attachment":"scroll","background-type":"","background-media":"","overlay-type":"","overlay-color":"","overlay-opacity":"","overlay-gradient":""}},"_joinchat":{"telephone":"+8617776015835"}},"product_brand":[],"product_cat":[106,153,160,143,146,233],"product_tag":[165,120,97,166,94,227,477],"class_list":{"0":"post-3683","1":"product","2":"type-product","3":"status-publish","4":"has-post-thumbnail","6":"product_cat-10000-puff","7":"product_cat-buy-disposable-vapes-in-italy","8":"product_cat-buy-disposable-vapes-in-switzerland","9":"product_cat-dual-mesh-disposable-vapes","10":"product_cat-rechargeable-disposable-vapes","11":"product_cat-uwin-vape","12":"product_tag-cheap-vapes","13":"product_tag-crystal-vape","14":"product_tag-hot-sale-disposable-vape","15":"product_tag-low-nicotine-vape","16":"product_tag-rechargeable-disposable-vape","17":"product_tag-uwin-crystal-10000","18":"product_tag-vape-with-rgb-light","19":"desktop-align-left","20":"tablet-align-left","21":"mobile-align-left","23":"first","24":"instock","25":"sale","26":"shipping-taxable","27":"purchasable","28":"product-type-simple"},"acf":[],"uagb_featured_image_src":{"full":["https:\/\/vapestornado.com\/wp-content\/uploads\/2025\/01\/UWIN-Crystal-10000-Puffs-Disposable-Vape-Wholesale.webp",800,870,false],"thumbnail":["https:\/\/vapestornado.com\/wp-content\/uploads\/2025\/01\/UWIN-Crystal-10000-Puffs-Disposable-Vape-Wholesale-150x150.webp",150,150,true],"medium":["https:\/\/vapestornado.com\/wp-content\/uploads\/2025\/01\/UWIN-Crystal-10000-Puffs-Disposable-Vape-Wholesale-276x300.webp",276,300,true],"medium_large":["https:\/\/vapestornado.com\/wp-content\/uploads\/2025\/01\/UWIN-Crystal-10000-Puffs-Disposable-Vape-Wholesale-768x835.webp",768,835,true],"large":["https:\/\/vapestornado.com\/wp-content\/uploads\/2025\/01\/UWIN-Crystal-10000-Puffs-Disposable-Vape-Wholesale.webp",800,870,false],"1536x1536":["https:\/\/vapestornado.com\/wp-content\/uploads\/2025\/01\/UWIN-Crystal-10000-Puffs-Disposable-Vape-Wholesale.webp",800,870,false],"2048x2048":["https:\/\/vapestornado.com\/wp-content\/uploads\/2025\/01\/UWIN-Crystal-10000-Puffs-Disposable-Vape-Wholesale.webp",800,870,false],"trp-custom-language-flag":["https:\/\/vapestornado.com\/wp-content\/uploads\/2025\/01\/UWIN-Crystal-10000-Puffs-Disposable-Vape-Wholesale.webp",11,12,false],"woocommerce_thumbnail":["https:\/\/vapestornado.com\/wp-content\/uploads\/2025\/01\/UWIN-Crystal-10000-Puffs-Disposable-Vape-Wholesale-300x300.webp",300,300,true],"woocommerce_single":["https:\/\/vapestornado.com\/wp-content\/uploads\/2025\/01\/UWIN-Crystal-10000-Puffs-Disposable-Vape-Wholesale-600x653.webp",600,653,true],"woocommerce_gallery_thumbnail":["https:\/\/vapestornado.com\/wp-content\/uploads\/2025\/01\/UWIN-Crystal-10000-Puffs-Disposable-Vape-Wholesale-100x100.webp",100,100,true]},"uagb_author_info":{"display_name":"ESAMY","author_link":"https:\/\/vapestornado.com\/fr\/author\/"},"uagb_comment_info":0,"uagb_excerpt":"Uwin Crystal 10000 Puffs Disposable Vape for Steady Daily Use Uwin Crystal 10K Rechargeable Disposable with Low-Nicitube Options Uwin Crystal 10000 Puff Bar Rich Flavors in a Compact Crystal Body Add Amy's whatsapp get right reply and vape coupon! WhatsApp: +86 17776015835 &nbsp;","_links":{"self":[{"href":"https:\/\/vapestornado.com\/fr\/wp-json\/wp\/v2\/product\/3683","targetHints":{"allow":["GET"]}}],"collection":[{"href":"https:\/\/vapestornado.com\/fr\/wp-json\/wp\/v2\/product"}],"about":[{"href":"https:\/\/vapestornado.com\/fr\/wp-json\/wp\/v2\/types\/product"}],"replies":[{"embeddable":true,"href":"https:\/\/vapestornado.com\/fr\/wp-json\/wp\/v2\/comments?post=3683"}],"wp:featuredmedia":[{"embeddable":true,"href":"https:\/\/vapestornado.com\/fr\/wp-json\/wp\/v2\/media\/3664"}],"wp:attachment":[{"href":"https:\/\/vapestornado.com\/fr\/wp-json\/wp\/v2\/media?parent=3683"}],"wp:term":[{"taxonomy":"product_brand","embeddable":true,"href":"https:\/\/vapestornado.com\/fr\/wp-json\/wp\/v2\/product_brand?post=3683"},{"taxonomy":"product_cat","embeddable":true,"href":"https:\/\/vapestornado.com\/fr\/wp-json\/wp\/v2\/product_cat?post=3683"},{"taxonomy":"product_tag","embeddable":true,"href":"https:\/\/vapestornado.com\/fr\/wp-json\/wp\/v2\/product_tag?post=3683"}],"curies":[{"name":"wp","href":"https:\/\/api.w.org\/{rel}","templated":true}]}}