{"id":3661,"date":"2025-01-03T08:52:12","date_gmt":"2025-01-03T08:52:12","guid":{"rendered":"https:\/\/vapestornado.com\/?post_type=product&#038;p=3661"},"modified":"2025-08-23T09:37:36","modified_gmt":"2025-08-23T09:37:36","slug":"cheap-price-razz-bar-25000-puffs-wholesale-vape","status":"publish","type":"product","link":"https:\/\/vapestornado.com\/fr\/product\/cheap-price-razz-bar-25000-puffs-wholesale-vape\/","title":{"rendered":"Vape RAZZ BAR 25000 Puffs en gros \u00e0 bas prix"},"content":{"rendered":"<h1>Vape RAZZ BAR 25000 Puffs en gros \u00e0 bas prix<\/h1>\n<div role=\"article\" data-tabster=\"{&quot;groupper&quot;:{&quot;tabbability&quot;:2},&quot;focusable&quot;:{}}\" data-content=\"ai-message\" aria-labelledby=\"64JRvXrTnY7mRmPkEQLLT-author 64JRvXrTnY7mRmPkEQLLT-content\">\n<div id=\"64JRvXrTnY7mRmPkEQLLT-content\">\n<div role=\"article\" data-tabster=\"{&quot;groupper&quot;:{&quot;tabbability&quot;:2},&quot;focusable&quot;:{}}\" data-content=\"ai-message\" aria-labelledby=\"64JRvXrTnY7mRmPkEQLLT-author 64JRvXrTnY7mRmPkEQLLT-content\">\n<div id=\"64JRvXrTnY7mRmPkEQLLT-content\">\n<p>L' <strong>RAZZ BAR 25000 Bouff\u00e9es Vape Jetable<\/strong> est un produit r\u00e9volutionnaire pour les amateurs de vape et les grossistes. Con\u00e7u avec l'innovation au c\u0153ur, cet appareil \u00e0 haute capacit\u00e9 offre une combinaison harmonieuse de qualit\u00e9, de style et d'abordabilit\u00e9. Avec un impressionnant <strong>compte de 25 000 bouff\u00e9es<\/strong>, il garantit un plaisir prolong\u00e9, ce qui le rend parfait pour ceux qui recherchent une valeur \u00e0 long terme.<\/p>\n<p>Chaque unit\u00e9 dispose d'une <strong>batterie rechargeable de 650 mAh<\/strong>, compl\u00e9t\u00e9e par une <strong>technologie de charge Type-C<\/strong>rapide et fiable, vous assurant de rester aliment\u00e9 o\u00f9 que vous alliez. Son <strong>technologie de bobine de maille<\/strong> amplifie chaque saveur, d\u00e9livrant des nuages lisses et denses qui am\u00e9liorent votre satisfaction de vapotage.<\/p>\n<p>Disponible en <strong>16 saveurs irr\u00e9sistibles<\/strong> et infus\u00e9 avec <strong>2% ou 5% de nicotine de sel<\/strong>, le RAZZ BAR r\u00e9pond \u00e0 diverses pr\u00e9f\u00e9rences gustatives. Son design l\u00e9ger et portable le rend id\u00e9al pour les utilisateurs occasionnels et les vapoteurs engag\u00e9s.<\/p>\n<p>Pour les entreprises, le RAZZ BAR est un r\u00eave de vente en gros, emball\u00e9 en <strong>200 pi\u00e8ces par carton<\/strong> pour une distribution en gros efficace. Avec son prix comp\u00e9titif et ses caract\u00e9ristiques haut de gamme, ce produit est un incontournable pour \u00e9largir votre inventaire.<\/p>\n<p>Am\u00e9liorez votre exp\u00e9rience de vapotage ou remplissez vos rayons avec le <strong>RAZZ BAR 25000 Bouff\u00e9es<\/strong>, l'\u00e9quilibre parfait entre performance et prix abordable. Ne manquez pas l'occasion de proposer un produit qui red\u00e9finit le march\u00e9 des vapes jetables !<\/p>\n<\/div>\n<\/div>\n<figure id=\"attachment_3686\" aria-describedby=\"caption-attachment-3686\" style=\"width: 531px\" class=\"wp-caption alignnone\"><img fetchpriority=\"high\" decoding=\"async\" class=\"wp-image-3686\" src=\"https:\/\/vapestornado.com\/wp-content\/uploads\/2025\/01\/RAZZ-BAR-25000-Puffs-Lemon-Lime.webp\" alt=\"RAZZ BAR 25000 Bouff\u00e9es Citron Vert\" width=\"531\" height=\"531\" srcset=\"https:\/\/vapestornado.com\/wp-content\/uploads\/2025\/01\/RAZZ-BAR-25000-Puffs-Lemon-Lime.webp 800w, https:\/\/vapestornado.com\/wp-content\/uploads\/2025\/01\/RAZZ-BAR-25000-Puffs-Lemon-Lime-300x300.webp 300w, https:\/\/vapestornado.com\/wp-content\/uploads\/2025\/01\/RAZZ-BAR-25000-Puffs-Lemon-Lime-150x150.webp 150w, https:\/\/vapestornado.com\/wp-content\/uploads\/2025\/01\/RAZZ-BAR-25000-Puffs-Lemon-Lime-768x768.webp 768w, https:\/\/vapestornado.com\/wp-content\/uploads\/2025\/01\/RAZZ-BAR-25000-Puffs-Lemon-Lime-600x600.webp 600w, https:\/\/vapestornado.com\/wp-content\/uploads\/2025\/01\/RAZZ-BAR-25000-Puffs-Lemon-Lime-100x100.webp 100w\" sizes=\"(max-width: 531px) 100vw, 531px\" \/><figcaption id=\"caption-attachment-3686\" class=\"wp-caption-text\">RAZZ BAR 25000 Bouff\u00e9es Citron Vert<\/figcaption><\/figure>\n<\/div>\n<\/div>\n<p><img decoding=\"async\" class=\"alignleft wp-image-2951 size-medium\" src=\"https:\/\/vapestornado.com\/wp-content\/uploads\/2024\/12\/Wholesale-Disposable-Vape-265x300.jpg\" alt=\"Vape jetable en gros\" width=\"265\" height=\"300\" srcset=\"https:\/\/vapestornado.com\/wp-content\/uploads\/2024\/12\/Wholesale-Disposable-Vape-265x300.jpg 265w, https:\/\/vapestornado.com\/wp-content\/uploads\/2024\/12\/Wholesale-Disposable-Vape-768x871.jpg 768w, https:\/\/vapestornado.com\/wp-content\/uploads\/2024\/12\/Wholesale-Disposable-Vape-600x680.jpg 600w, https:\/\/vapestornado.com\/wp-content\/uploads\/2024\/12\/Wholesale-Disposable-Vape.jpg 823w\" sizes=\"(max-width: 265px) 100vw, 265px\" \/><\/p>\n<h5>Veuillez contacter Mandy sur WhatsApp pour un prix r\u00e9duit :<a href=\"https:\/\/wa.me\/8618077105796\" target=\"_blank\" rel=\"noopener\">+8618077105796<\/a><\/h5>\n<div class=\"flex max-w-full flex-col flex-grow\">\n<div class=\"min-h-8 text-message flex w-full flex-col items-end gap-2 whitespace-normal break-words text-start [.text-message+&amp;]:mt-5\" dir=\"auto\" data-message-author-role=\"assistant\" data-message-id=\"cdb991c0-f594-4bff-b2d5-fbbdd7ce9e54\" data-message-model-slug=\"gpt-4o-mini\">\n<div class=\"flex w-full flex-col gap-1 empty:hidden first:pt-[3px]\">\n<div class=\"markdown prose w-full break-words dark:prose-invert light\"><\/div>\n<\/div>\n<\/div>\n<\/div>\n<div class=\"mb-2 flex gap-3 empty:hidden -ml-2\">\n<h2>Razz bar 25000 bouff\u00e9es vapes Caract\u00e9ristiques principales :<\/h2>\n<ul>\n<li><strong>Teneur en nicotine :<\/strong> Disponible en nicotine de sel \u00e0 2% et 5% pour une exp\u00e9rience de vapotage personnalis\u00e9e.<\/li>\n<li><strong>Nombre de bouff\u00e9es :<\/strong> Jusqu'\u00e0 <strong>25 000 bouff\u00e9es<\/strong>25000 bouff\u00e9es<\/li>\n<li><strong>, assurant une long\u00e9vit\u00e9 in\u00e9gal\u00e9e.<\/strong> Saveurs : <strong>Choisissez parmi<\/strong>16 saveurs premium<\/li>\n<li><strong>, chacune con\u00e7ue pour une satisfaction ultime.<\/strong> <strong>batterie rechargeable de 650 mAh<\/strong> Batterie : <strong>Charge rapide Type-C<\/strong> avec une<\/li>\n<li><strong>Technologie\u00a0:<\/strong> Int\u00e9gr\u00e9 <strong>technologie de bobine de maille<\/strong> offre une vapeur uniforme et douce ainsi qu'une saveur intensifi\u00e9e.<\/li>\n<li><strong>Emballage\u00a0:<\/strong> Emball\u00e9 de mani\u00e8re pratique avec <strong>200 pi\u00e8ces par carton<\/strong> pour les commandes en gros.<\/li>\n<\/ul>\n<\/div>\n<h2>RAZZBAR 25000 Bouff\u00e9es Vape Pods Saveur\u00a0:<\/h2>\n<p>1. Glace \u00e0 la p\u00eache juteuse<br \/>\n2. Fraise Banane<br \/>\n3. Raisin Red Bull<br \/>\n4. Glace \u00e0 la myrtille<br \/>\n5. Glace \u00e0 la past\u00e8que<br \/>\n6. Glace luxuriante<br \/>\n7. Fruits tropicaux<br \/>\n8. Fraise kiwi<br \/>\n9. Glace \u00e0 la fraise<br \/>\n10. Fruits rouges m\u00e9lang\u00e9s<br \/>\n11. Glace cerise framboise fraise<br \/>\n12. Amour 66<br \/>\n13. Glace Dragon Noir<br \/>\n14. Citron vert<br \/>\n15. Framboise acidul\u00e9e \u00e0 la myrtille<br \/>\n16. Chewing-gum fraise past\u00e8que<\/p>\n<div role=\"article\" data-tabster=\"{&quot;groupper&quot;:{&quot;tabbability&quot;:2},&quot;focusable&quot;:{}}\" data-content=\"ai-message\" aria-labelledby=\"dARUyEWDoEYhnSPXFwx5A-author dARUyEWDoEYhnSPXFwx5A-content\">\n<div id=\"dARUyEWDoEYhnSPXFwx5A-content\">\n<h2>Pourquoi choisir le RAZZ BAR 25000 Bouff\u00e9es <strong>\u00a0<\/strong>at <a href=\"https:\/\/vapestornado.com\/fr\/product\/bang-box-35k-puffs-high-capacity-long-lasting-disposable-vape\/\">vapestornado.com ?<\/a><\/h2>\n<h4><strong>*Long\u00e9vit\u00e9 in\u00e9gal\u00e9e<\/strong><\/h4>\n<p>L' <strong>RAZZ BAR 25000 Bouff\u00e9es<\/strong> est con\u00e7u pour l'endurance, offrant jusqu'\u00e0 <strong>25 000 bouff\u00e9es<\/strong> par appareil. Cela en fait le choix ultime pour les vapoteurs qui privil\u00e9gient une performance durable sans remplacements constants.<\/p>\n<h4><strong>*Qualit\u00e9 sup\u00e9rieure \u00e0 des prix comp\u00e9titifs<\/strong><\/h4>\n<p>At <strong>vapestornado.com<\/strong>, nous offrons le RAZZ BAR \u00e0 des prix de gros imbattables, ce qui en fait une option rentable pour les d\u00e9taillants et les acheteurs individuels. Profitez d'une technologie de vapotage haut de gamme sans vous ruiner.<\/p>\n<h4><strong>*Diverses options de saveurs<\/strong><\/h4>\n<p>Avec <strong>16 saveurs vibrantes<\/strong> disponibles, il y en a pour tous les go\u00fbts. Des m\u00e9langes fruit\u00e9s au menthol rafra\u00eechissant, chaque saveur est con\u00e7ue pour offrir une exp\u00e9rience riche et satisfaisante.<\/p>\n<h4><strong>*Fonctionnalit\u00e9s avanc\u00e9es<\/strong><\/h4>\n<p>L' <strong>batterie rechargeable de 650 mAh<\/strong>, combin\u00e9es avec <strong>Charge rapide Type-C<\/strong> et de <strong>technologie de bobine de maille<\/strong>, garantit des performances constantes, une production de vapeur douce et une intensit\u00e9 de saveur audacieuse \u00e0 chaque bouff\u00e9e.<\/p>\n<h4><strong>*Partenaire de gros de confiance<\/strong><\/h4>\n<p>vapestornado.com est un fournisseur de confiance dans l'industrie du vapotage, offrant <strong>des transactions s\u00e9curis\u00e9es<\/strong>, <strong>une exp\u00e9dition rapide<\/strong>et un support client d\u00e9di\u00e9. Avec un emballage en vrac de <strong>200 pi\u00e8ces par carton<\/strong>, il n'a jamais \u00e9t\u00e9 aussi facile de garnir votre inventaire.<\/p>\n<h4><strong>*Conception \u00e9cologique<\/strong><\/h4>\n<p>Le RAZZ BAR est dot\u00e9 d'une technologie rechargeable, r\u00e9duisant les d\u00e9chets et soutenant un style de vie de vapotage plus durable.<\/p>\n<p>Choisissez le <strong>RAZZ BAR 25000 Bouff\u00e9es<\/strong> at <strong>vapestornado.com<\/strong> pour une solution de vapotage haut de gamme qui offre une valeur, une innovation et une saveur exceptionnelles \u00e0 chaque bouff\u00e9e !<\/p>\n<\/div>\n<\/div>\n<h2>FAQ sur RAZZ BAR VAPE 25000 Bouff\u00e9es<\/h2>\n<p><strong>1. Combien de temps dure le RAZZ BAR 25000 Bouff\u00e9es ?<\/strong><br \/>\nLe RAZZ BAR 25000 Bouff\u00e9es offre jusqu'\u00e0 25 000 bouff\u00e9es, ce qui en fait l'un des vapes jetables les plus durables disponibles. Sa long\u00e9vit\u00e9 d\u00e9pend des habitudes d'utilisation individuelles, mais dure g\u00e9n\u00e9ralement plusieurs semaines, voire plusieurs mois pour les utilisateurs mod\u00e9r\u00e9s.<\/p>\n<p><strong>2. Puis-je recharger le RAZZ BAR 25000 puffvape plusieurs fois ?<\/strong><br \/>\nOui, le RAZZ BAR est \u00e9quip\u00e9 d'une batterie rechargeable de 650 mAh qui peut \u00eatre recharg\u00e9e plusieurs fois. Il est con\u00e7u pour garantir des performances constantes tout au long de sa dur\u00e9e de vie, vous pouvez donc l'utiliser jusqu'\u00e0 ce que l'e-liquide soit compl\u00e8tement termin\u00e9.<\/p>\n<p><strong>3. Le port de charge de type C est-il inclus avec le RAZZ BAR 25k puffs ?<\/strong><br \/>\nLe RAZZ BAR est livr\u00e9 avec un port de charge de type C int\u00e9gr\u00e9, permettant une recharge pratique et rapide. Cependant, l'emballage ne comprend pas de c\u00e2ble de charge, vous devrez donc utiliser un c\u00e2ble de type C standard pour la recharge.<\/p>\n<p><strong>4. Quelle est la meilleure fa\u00e7on de maintenir des performances optimales pour le Vape 25000 Puffs For RAZZ BAR ?<\/strong><br \/>\nPour que le RAZZ BAR fonctionne au mieux, chargez-le r\u00e9guli\u00e8rement \u00e0 l'aide d'un c\u00e2ble de type C et \u00e9vitez de surcharger la batterie. Rangez l'appareil dans un endroit frais et sec, \u00e0 l'abri de la chaleur ou de la lumi\u00e8re directe du soleil. Assurez-vous que le port de charge reste propre et exempt de poussi\u00e8re. De plus, laissez l'appareil reposer entre les longues s\u00e9ances de vapotage pour \u00e9viter la surchauffe.<\/p>","protected":false},"excerpt":{"rendered":"<p><strong>Vape RAZZ BAR 25000 Bouff\u00e9es en gros<\/strong> \u00e0 des prix imbattables. Offrant 16 saveurs premium, une batterie rechargeable de 650mAh et 25 000 bouff\u00e9es pour une satisfaction durable !<\/p>\n<figure id=\"attachment_2951\" aria-describedby=\"caption-attachment-2951\" style=\"width: 265px\" class=\"wp-caption alignnone\"><img decoding=\"async\" class=\"size-medium wp-image-2951\" src=\"https:\/\/vapestornado.com\/wp-content\/uploads\/2024\/12\/Wholesale-Disposable-Vape-265x300.jpg\" alt=\"Vape jetable en gros\" width=\"265\" height=\"300\" srcset=\"https:\/\/vapestornado.com\/wp-content\/uploads\/2024\/12\/Wholesale-Disposable-Vape-265x300.jpg 265w, https:\/\/vapestornado.com\/wp-content\/uploads\/2024\/12\/Wholesale-Disposable-Vape-768x871.jpg 768w, https:\/\/vapestornado.com\/wp-content\/uploads\/2024\/12\/Wholesale-Disposable-Vape-600x680.jpg 600w, https:\/\/vapestornado.com\/wp-content\/uploads\/2024\/12\/Wholesale-Disposable-Vape.jpg 823w\" sizes=\"(max-width: 265px) 100vw, 265px\" \/><figcaption id=\"caption-attachment-2951\" class=\"wp-caption-text\">Veuillez contacter Mandy sur WhatsApp pour obtenir un prix r\u00e9duit\u00a0 <a href=\"https:\/\/wa.me\/8618077105796\">+8618077105796<\/a><\/figcaption><\/figure>\n<p>&nbsp;<\/p>","protected":false},"featured_media":3687,"comment_status":"open","ping_status":"closed","template":"","meta":{"_acf_changed":false,"_uag_custom_page_level_css":"","_lmt_disableupdate":"no","_lmt_disable":"","_monsterinsights_skip_tracking":false,"_monsterinsights_sitenote_active":false,"_monsterinsights_sitenote_note":"","_monsterinsights_sitenote_category":0,"site-sidebar-layout":"default","site-content-layout":"","ast-site-content-layout":"default","site-content-style":"default","site-sidebar-style":"default","ast-global-header-display":"","ast-banner-title-visibility":"","ast-main-header-display":"","ast-hfb-above-header-display":"","ast-hfb-below-header-display":"","ast-hfb-mobile-header-display":"","site-post-title":"","ast-breadcrumbs-content":"","ast-featured-img":"","footer-sml-layout":"","ast-disable-related-posts":"","theme-transparent-header-meta":"default","adv-header-id-meta":"","stick-header-meta":"","header-above-stick-meta":"","header-main-stick-meta":"","header-below-stick-meta":"","astra-migrate-meta-layouts":"set","ast-page-background-enabled":"default","ast-page-background-meta":{"desktop":{"background-color":"","background-image":"","background-repeat":"repeat","background-position":"center center","background-size":"auto","background-attachment":"scroll","background-type":"","background-media":"","overlay-type":"","overlay-color":"","overlay-opacity":"","overlay-gradient":""},"tablet":{"background-color":"","background-image":"","background-repeat":"repeat","background-position":"center center","background-size":"auto","background-attachment":"scroll","background-type":"","background-media":"","overlay-type":"","overlay-color":"","overlay-opacity":"","overlay-gradient":""},"mobile":{"background-color":"","background-image":"","background-repeat":"repeat","background-position":"center center","background-size":"auto","background-attachment":"scroll","background-type":"","background-media":"","overlay-type":"","overlay-color":"","overlay-opacity":"","overlay-gradient":""}},"ast-content-background-meta":{"desktop":{"background-color":"var(--ast-global-color-5)","background-image":"","background-repeat":"repeat","background-position":"center center","background-size":"auto","background-attachment":"scroll","background-type":"","background-media":"","overlay-type":"","overlay-color":"","overlay-opacity":"","overlay-gradient":""},"tablet":{"background-color":"var(--ast-global-color-5)","background-image":"","background-repeat":"repeat","background-position":"center center","background-size":"auto","background-attachment":"scroll","background-type":"","background-media":"","overlay-type":"","overlay-color":"","overlay-opacity":"","overlay-gradient":""},"mobile":{"background-color":"var(--ast-global-color-5)","background-image":"","background-repeat":"repeat","background-position":"center center","background-size":"auto","background-attachment":"scroll","background-type":"","background-media":"","overlay-type":"","overlay-color":"","overlay-opacity":"","overlay-gradient":""}},"_joinchat":{"telephone":"+8618077105796"}},"product_brand":[],"product_cat":[68,149,153,158,146],"product_tag":[97,228],"class_list":{"0":"post-3661","1":"product","2":"type-product","3":"status-publish","4":"has-post-thumbnail","6":"product_cat-25000-puff","7":"product_cat-buy-disposable-vapes-in-austria","8":"product_cat-buy-disposable-vapes-in-italy","9":"product_cat-buy-disposable-vapes-in-spain","10":"product_cat-rechargeable-disposable-vapes","11":"product_tag-hot-sale-disposable-vape","12":"product_tag-razz-bar-25000-puffs","13":"desktop-align-left","14":"tablet-align-left","15":"mobile-align-left","17":"first","18":"instock","19":"sale","20":"shipping-taxable","21":"purchasable","22":"product-type-simple"},"acf":[],"uagb_featured_image_src":{"full":["https:\/\/vapestornado.com\/wp-content\/uploads\/2025\/01\/RAZZ-BAR-25000-Puffs-Black-Dragon-ice-GEEK-BAR.webp",800,800,false],"thumbnail":["https:\/\/vapestornado.com\/wp-content\/uploads\/2025\/01\/RAZZ-BAR-25000-Puffs-Black-Dragon-ice-GEEK-BAR-150x150.webp",150,150,true],"medium":["https:\/\/vapestornado.com\/wp-content\/uploads\/2025\/01\/RAZZ-BAR-25000-Puffs-Black-Dragon-ice-GEEK-BAR-300x300.webp",300,300,true],"medium_large":["https:\/\/vapestornado.com\/wp-content\/uploads\/2025\/01\/RAZZ-BAR-25000-Puffs-Black-Dragon-ice-GEEK-BAR-768x768.webp",768,768,true],"large":["https:\/\/vapestornado.com\/wp-content\/uploads\/2025\/01\/RAZZ-BAR-25000-Puffs-Black-Dragon-ice-GEEK-BAR.webp",800,800,false],"1536x1536":["https:\/\/vapestornado.com\/wp-content\/uploads\/2025\/01\/RAZZ-BAR-25000-Puffs-Black-Dragon-ice-GEEK-BAR.webp",800,800,false],"2048x2048":["https:\/\/vapestornado.com\/wp-content\/uploads\/2025\/01\/RAZZ-BAR-25000-Puffs-Black-Dragon-ice-GEEK-BAR.webp",800,800,false],"trp-custom-language-flag":["https:\/\/vapestornado.com\/wp-content\/uploads\/2025\/01\/RAZZ-BAR-25000-Puffs-Black-Dragon-ice-GEEK-BAR.webp",12,12,false],"woocommerce_thumbnail":["https:\/\/vapestornado.com\/wp-content\/uploads\/2025\/01\/RAZZ-BAR-25000-Puffs-Black-Dragon-ice-GEEK-BAR-300x300.webp",300,300,true],"woocommerce_single":["https:\/\/vapestornado.com\/wp-content\/uploads\/2025\/01\/RAZZ-BAR-25000-Puffs-Black-Dragon-ice-GEEK-BAR-600x600.webp",600,600,true],"woocommerce_gallery_thumbnail":["https:\/\/vapestornado.com\/wp-content\/uploads\/2025\/01\/RAZZ-BAR-25000-Puffs-Black-Dragon-ice-GEEK-BAR-100x100.webp",100,100,true]},"uagb_author_info":{"display_name":"ESMANDY","author_link":"https:\/\/vapestornado.com\/fr\/author\/"},"uagb_comment_info":0,"uagb_excerpt":"RAZZ BAR 25000 Puffs Wholesale Vape at unbeatable prices. Offering 16 premium flavors, 650mAh rechargeable battery, and 25,000 puffs for long-lasting satisfaction! [caption id=\"attachment_2951\" align=\"alignnone\" width=\"265\"] Pls Contact Mandy's WhatsApp For Discount Price\u00a0 +8618077105796[\/caption] &nbsp;","_links":{"self":[{"href":"https:\/\/vapestornado.com\/fr\/wp-json\/wp\/v2\/product\/3661","targetHints":{"allow":["GET"]}}],"collection":[{"href":"https:\/\/vapestornado.com\/fr\/wp-json\/wp\/v2\/product"}],"about":[{"href":"https:\/\/vapestornado.com\/fr\/wp-json\/wp\/v2\/types\/product"}],"replies":[{"embeddable":true,"href":"https:\/\/vapestornado.com\/fr\/wp-json\/wp\/v2\/comments?post=3661"}],"wp:featuredmedia":[{"embeddable":true,"href":"https:\/\/vapestornado.com\/fr\/wp-json\/wp\/v2\/media\/3687"}],"wp:attachment":[{"href":"https:\/\/vapestornado.com\/fr\/wp-json\/wp\/v2\/media?parent=3661"}],"wp:term":[{"taxonomy":"product_brand","embeddable":true,"href":"https:\/\/vapestornado.com\/fr\/wp-json\/wp\/v2\/product_brand?post=3661"},{"taxonomy":"product_cat","embeddable":true,"href":"https:\/\/vapestornado.com\/fr\/wp-json\/wp\/v2\/product_cat?post=3661"},{"taxonomy":"product_tag","embeddable":true,"href":"https:\/\/vapestornado.com\/fr\/wp-json\/wp\/v2\/product_tag?post=3661"}],"curies":[{"name":"wp","href":"https:\/\/api.w.org\/{rel}","templated":true}]}}