{"id":3614,"date":"2025-01-02T03:10:17","date_gmt":"2025-01-02T03:10:17","guid":{"rendered":"https:\/\/vapestornado.com\/?post_type=product&#038;p=3614"},"modified":"2025-08-23T12:23:25","modified_gmt":"2025-08-23T12:23:25","slug":"vozol-gear-power-20k-20000-puffs-vape-rechargeable-disposable-box-bulk-buy-cheap-price","status":"publish","type":"product","link":"https:\/\/vapestornado.com\/fr\/product\/vozol-gear-power-20k-20000-puffs-vape-rechargeable-disposable-box-bulk-buy-cheap-price\/","title":{"rendered":"VOZOL Gear Power 20K 20000 Puffs Vape Rechargeable Jetable Box Achat en Gros Prix Pas Cher"},"content":{"rendered":"<h1 class=\"product-title\">VOZOL Gear Power 20K 20000 Puffs Vape Rechargeable Jetable Box Achat en Gros Prix Pas Cher<\/h1>\n<p>Le VOZOL GEAR POWER 20k est pr\u00e9rempli avec un impressionnant <strong>20 ml de e-liquide<\/strong>, ce qui le rend id\u00e9al m\u00eame pour les utilisateurs les plus intensifs, durant plus d'une semaine. Il offre <strong>trois options de concentration de nicotine<\/strong>\u20140 mg, 20 mg et 50 mg\u2014et est disponible en <strong>20 saveurs uniques<\/strong>, r\u00e9pondant \u00e0 un large \u00e9ventail de pr\u00e9f\u00e9rences.<\/p>\n<p>L'appareil est dot\u00e9 d'un <strong>Batterie rechargeable de 650 mAh<\/strong>, assurant des performances constantes. Il se recharge rapidement via USB-C et comprend <strong>des doubles bobines en mesh avec la technologie S.i.L.C (Douce, Identique, Durable, Propre)<\/strong>, offrant une exp\u00e9rience de vapotage douce et constante avec une saveur et une production de vapeur am\u00e9lior\u00e9es.<\/p>\n<p>Con\u00e7u pour la polyvalence, le GEAR POWER offre deux modes de puissance. <strong>Mode ECO<\/strong> offre jusqu'\u00e0 <strong>20 000 bouff\u00e9es<\/strong>, id\u00e9al pour une utilisation de longue dur\u00e9e, tandis que <strong>Mode PUISSANCE<\/strong> privil\u00e9gie une saveur plus riche et une vapeur plus dense, offrant environ <strong>12 000 bouff\u00e9es<\/strong>.<\/p>\n<p>L'appareil convivial <strong>\u00c9cran LED<\/strong> affiche le mode actuel, le pourcentage de batterie restant et le niveau d'e-liquide, ce qui facilite le suivi de l'utilisation. Pour plus d'hygi\u00e8ne, l'appareil est livr\u00e9 avec un <strong>capuchon en silicone<\/strong> pour prot\u00e9ger l'embout buccal lorsqu'il n'est pas utilis\u00e9.<\/p>\n<p>Combinant des performances exceptionnelles, une commodit\u00e9 et un design \u00e9l\u00e9gant, le VOZOL GEAR POWER est le choix parfait pour les vapoteurs \u00e0 la recherche d'un appareil jetable fiable et de haute qualit\u00e9.<\/p>\n<p>&nbsp;<\/p>\n<p><span style=\"color: #ff0000;\"><strong>Ajoutez le Whatsapp d'Amy pour obtenir une r\u00e9ponse imm\u00e9diate et un coupon de vape !<\/strong><\/span><\/p>\n<p><img fetchpriority=\"high\" decoding=\"async\" class=\"size-full wp-image-2932\" src=\"https:\/\/vapestornado.com\/wp-content\/uploads\/2024\/12\/Vape-Wholesale.jpg\" alt=\"Vente en Gros de Vapes\" width=\"229\" height=\"300\" \/><\/p>\n<h3><a href=\"https:\/\/wa.me\/8617776015835\" target=\"_blank\" rel=\"noopener\"><span style=\"color: #ff0000;\"><strong>WhatsApp : +86 17776015835<\/strong><\/span><\/a><\/h3>\n<p>&nbsp;<\/p>\n<h2 class=\"product-title\"><strong>Caract\u00e9ristiques du produit VOZOL Gear Power 20K<\/strong><\/h2>\n<div role=\"article\" data-tabster=\"{&quot;groupper&quot;:{&quot;tabbability&quot;:2},&quot;focusable&quot;:{}}\" data-content=\"ai-message\" aria-labelledby=\"juhNTJ6o7Gk1cgwZMJgv2-author juhNTJ6o7Gk1cgwZMJgv2-content\">\n<div id=\"juhNTJ6o7Gk1cgwZMJgv2-content\">\n<div role=\"article\" data-tabster=\"{&quot;groupper&quot;:{&quot;tabbability&quot;:2},&quot;focusable&quot;:{}}\" data-content=\"ai-message\" aria-labelledby=\"x4EZuCZWrTbh3weWUt7CU-author x4EZuCZWrTbh3weWUt7CU-content\">\n<div id=\"x4EZuCZWrTbh3weWUt7CU-content\">\n<div class=\"flex max-w-full flex-col flex-grow\">\n<div class=\"min-h-8 text-message flex w-full flex-col items-end gap-2 whitespace-normal break-words text-start [.text-message+&amp;]:mt-5\" dir=\"auto\" data-message-author-role=\"assistant\" data-message-id=\"52c6e00a-252f-4104-805d-2f1a84739c71\" data-message-model-slug=\"gpt-4o\">\n<div class=\"flex w-full flex-col gap-1 empty:hidden first:pt-[3px]\">\n<div class=\"markdown prose w-full break-words dark:prose-invert light\">\n<p>&nbsp;<\/p>\n<ul>\n<li><strong>Capacit\u00e9 massive d'e-liquide<\/strong>: Pr\u00e9rempli avec 20 ml d'e-liquide, il dure plus d'une semaine, m\u00eame pour les utilisateurs intensifs.<\/li>\n<li><strong>Options de Nicotine<\/strong>: Disponible en <strong>0, 20 et 50 mg<\/strong> de concentrations dans 20 saveurs uniques.<\/li>\n<li><strong>Batterie rechargeable<\/strong>: Dispose d'une batterie de 650 mAh, rechargeable via USB-C.<\/li>\n<li><strong>Bobines avanc\u00e9es<\/strong>: Bobines doubles en mesh avec <strong>Technologie S.i.L.C<\/strong> garantissent des bouff\u00e9es douces et constantes.<\/li>\n<\/ul>\n<p><strong>Modes d'alimentation doubles pour plus de polyvalence<\/strong><\/p>\n<ul>\n<li><strong>Mode ECO<\/strong>: Offre jusqu'\u00e0 <strong>20 000 bouff\u00e9es<\/strong> pour une utilisation de longue dur\u00e9e.<\/li>\n<li><strong>Mode PUISSANCE<\/strong>: Offre une saveur plus riche et une vapeur plus \u00e9paisse, avec environ <strong>12 000 bouff\u00e9es<\/strong>.<\/li>\n<\/ul>\n<\/div>\n<\/div>\n<\/div>\n<\/div>\n<div class=\"mb-2 flex gap-3 empty:hidden -ml-2\">\n<figure id=\"attachment_3610\" aria-describedby=\"caption-attachment-3610\" style=\"width: 1000px\" class=\"wp-caption alignnone\"><img decoding=\"async\" class=\"wp-image-3610 size-full\" src=\"https:\/\/vapestornado.com\/wp-content\/uploads\/2025\/01\/VOZOL-Gear-Power-20000-Disposable-Bulk-Buy.jpg\" alt=\"Achat en gros de dispositifs jetables VOZOL Gear Power 20000\" width=\"1000\" height=\"1000\" srcset=\"https:\/\/vapestornado.com\/wp-content\/uploads\/2025\/01\/VOZOL-Gear-Power-20000-Disposable-Bulk-Buy.jpg 1000w, https:\/\/vapestornado.com\/wp-content\/uploads\/2025\/01\/VOZOL-Gear-Power-20000-Disposable-Bulk-Buy-300x300.jpg 300w, https:\/\/vapestornado.com\/wp-content\/uploads\/2025\/01\/VOZOL-Gear-Power-20000-Disposable-Bulk-Buy-150x150.jpg 150w, https:\/\/vapestornado.com\/wp-content\/uploads\/2025\/01\/VOZOL-Gear-Power-20000-Disposable-Bulk-Buy-768x768.jpg 768w, https:\/\/vapestornado.com\/wp-content\/uploads\/2025\/01\/VOZOL-Gear-Power-20000-Disposable-Bulk-Buy-600x600.jpg 600w, https:\/\/vapestornado.com\/wp-content\/uploads\/2025\/01\/VOZOL-Gear-Power-20000-Disposable-Bulk-Buy-100x100.jpg 100w\" sizes=\"(max-width: 1000px) 100vw, 1000px\" \/><figcaption id=\"caption-attachment-3610\" class=\"wp-caption-text\">Achat en gros de dispositifs jetables VOZOL Gear Power 20000<\/figcaption><\/figure>\n<\/div>\n<\/div>\n<\/div>\n<\/div>\n<\/div>\n<h2 class=\"product-title\"><strong>Saveur populaire pour VOZOL Gear Power 20000<\/strong><strong>\u00a0<\/strong><strong>Vapes jetables<\/strong><\/h2>\n<p>Vozol Star 20000 offre une gamme d'options diversifi\u00e9e et passionnante pour votre gamme de produits, r\u00e9pondant \u00e0 diverses pr\u00e9f\u00e9rences gustatives\u00a0! Veuillez trouver la saveur populaire en fonction de notre date de vente et des commentaires des clients.<\/p>\n<p>1. Menthe Citronn\u00e9e<br \/>\n2. Fruits Rouges M\u00e9lang\u00e9s <span style=\"color: #ff0000;\"><strong>&gt;&gt;&gt; Chaud !<\/strong><\/span><br \/>\n3. Mangue Fraise<br \/>\n4. Glace \u00e0 la mangue<br \/>\n5. Mangue Ananas Pamplemousse<br \/>\n6. Raisin Glac\u00e9<span style=\"color: #ff0000;\"><strong>&gt;&gt;&gt; Chaud !<\/strong><\/span><br \/>\n7. Glace \u00e0 la p\u00eache<br \/>\n8. Citron Vert<br \/>\n9. Glace \u00e0 la past\u00e8que<br \/>\n10. Fruit du dragon Banane Cerise <span style=\"color: #ff0000;\"><strong>&gt;&gt;&gt; Chaud !<\/strong><\/span><br \/>\n11. Double glace \u00e0 la pomme<br \/>\n12. Limonade aux cerises<br \/>\n13. Fraise Past\u00e8que<br \/>\n14. Glace Razz Bleue <span style=\"color: #ff0000;\"><strong>&gt;&gt;&gt; Le meilleur !<\/strong><\/span><br \/>\n15. Temp\u00eate de myrtilles<br \/>\n16. Mojito Bleu <span style=\"color: #ff0000;\"><strong>&gt;&gt;&gt; Chaud !<\/strong><\/span><br \/>\n17. Framboise Past\u00e8que<br \/>\n18. Feu de lave<\/p>\n<div class=\"flex-shrink-0 flex flex-col relative items-end\">\n<div class=\"pt-0\">\n<div class=\"gizmo-bot-avatar flex h-8 w-8 items-center justify-center overflow-hidden rounded-full\">\n<div class=\"relative p-1 rounded-sm flex items-center justify-center bg-token-main-surface-primary text-token-text-primary h-8 w-8\">\n<h2>FAQ pour VOZOL Gear Power 20K<strong>\u00a0<\/strong>Vape jetable<\/h2>\n<p>&nbsp;<\/p>\n<div class=\"flex max-w-full flex-col flex-grow\">\n<div class=\"min-h-8 text-message flex w-full flex-col items-end gap-2 whitespace-normal break-words text-start [.text-message+&amp;]:mt-5\" dir=\"auto\" data-message-author-role=\"assistant\" data-message-id=\"4dc48248-df95-45bd-b800-6dedb43cf7f1\" data-message-model-slug=\"gpt-4o\">\n<div class=\"flex w-full flex-col gap-1 empty:hidden first:pt-[3px]\">\n<div class=\"markdown prose w-full break-words dark:prose-invert light\">\n<ol>\n<li><strong>Combien de temps dure le VOZOL GEAR POWER ?<\/strong><br \/>\nLe VOZOL GEAR POWER offre jusqu'\u00e0 <strong>20 000 bouff\u00e9es<\/strong> en mode ECO et environ <strong>12 000 bouff\u00e9es<\/strong> en mode POWER, selon les habitudes d'utilisation. Avec sa capacit\u00e9 de 20 ml d'e-liquide, il peut durer plus d'une semaine pour les utilisateurs intensifs.<\/li>\n<li><strong>Quels sont les taux de nicotine disponibles pour le VOZOL GEAR POWER 20k ?<\/strong><br \/>\nLe GEAR POWER 20k est disponible en <strong>0 mg, 20 mg et 50 mg de nicotine<\/strong>, ce qui le rend adapt\u00e9 \u00e0 diverses pr\u00e9f\u00e9rences et besoins en nicotine.<\/li>\n<li><strong>Puis-je recharger le GEAR POWER, et comment puis-je le faire ?<\/strong><br \/>\nOui, l'appareil est \u00e9quip\u00e9 d'un <strong>Batterie rechargeable de 650 mAh<\/strong>. Il peut \u00eatre facilement recharg\u00e9 \u00e0 l'aide d'un <strong>c\u00e2ble USB-C<\/strong>, assurant une utilisation ininterrompue.<\/li>\n<li><strong>Quelles saveurs sont disponibles pour le VOZOL GEAR POWER 20000 ?<\/strong><br \/>\nLe GEAR POWER est disponible en <strong>20 saveurs uniques<\/strong>, allant de fruit\u00e9 et sucr\u00e9 \u00e0 classique et audacieux, r\u00e9pondant \u00e0 un large \u00e9ventail de pr\u00e9f\u00e9rences gustatives.<\/li>\n<li><strong>Comment le VOZL 20000 assure-t-il une saveur et une production de vapeur constantes ?<\/strong><br \/>\nL'appareil est \u00e9quip\u00e9 de <strong>bobines doubles en mesh et de la technologie S.i.L.C (Douce, Identique, Longue dur\u00e9e, Propre)<\/strong>, assurant des bouff\u00e9es douces et constantes avec une saveur et une production de vapeur am\u00e9lior\u00e9es.<\/li>\n<li><strong>Quelles caract\u00e9ristiques rendent le GEAR POWER convivial ?<\/strong><br \/>\nLe GEAR POWER comprend un <strong>\u00e9cran LED lumineux<\/strong> affichant le mode d'alimentation, le pourcentage de batterie et le niveau d'e-liquide. Il est \u00e9galement livr\u00e9 avec un <strong>capuchon en silicone<\/strong> pour garder l'embout buccal propre lorsqu'il n'est pas utilis\u00e9, ajoutant commodit\u00e9 et hygi\u00e8ne.<\/li>\n<\/ol>\n<\/div>\n<\/div>\n<\/div>\n<\/div>\n<\/div>\n<\/div>\n<\/div>\n<\/div>\n<div class=\"flex-shrink-0 flex flex-col relative items-end\">\n<div class=\"pt-0\">\n<div class=\"gizmo-bot-avatar flex h-8 w-8 items-center justify-center overflow-hidden rounded-full\">\n<div class=\"relative p-1 rounded-sm flex items-center justify-center bg-token-main-surface-primary text-token-text-primary h-8 w-8\">\n<div class=\"mb-2 flex gap-3 empty:hidden -ml-2\">\n<div role=\"article\" data-tabster=\"{&quot;groupper&quot;:{&quot;tabbability&quot;:2},&quot;focusable&quot;:{}}\" data-content=\"ai-message\" aria-labelledby=\"Vdt5ez4X7Tg813x6rFVha-author Vdt5ez4X7Tg813x6rFVha-content\">\n<div id=\"Vdt5ez4X7Tg813x6rFVha-content\">\n<div role=\"article\" data-tabster=\"{&quot;groupper&quot;:{&quot;tabbability&quot;:2},&quot;focusable&quot;:{}}\" data-content=\"ai-message\" aria-labelledby=\"o968oC7CEo2fGHsGdsRYC-author o968oC7CEo2fGHsGdsRYC-content\">\n<div id=\"o968oC7CEo2fGHsGdsRYC-content\">\n<h2>Pourquoi choisir vapestornado pour la vente en gros de vapes VOZOL 20K Puffs ?<\/h2>\n<div class=\"flex-shrink-0 flex flex-col relative items-end\">\n<div class=\"pt-0\">\n<div class=\"gizmo-bot-avatar flex h-8 w-8 items-center justify-center overflow-hidden rounded-full\">\n<div class=\"relative p-1 rounded-sm flex items-center justify-center bg-token-main-surface-primary text-token-text-primary h-8 w-8\">\n<p>Bienvenue chez vapestornado, votre boutique de vape en ligne de confiance pour les vapes jetables de qualit\u00e9 sup\u00e9rieure. Avec plus de 5 ans d'expertise, nous vous proposons des marques populaires de vapes jetables telles que Fumot RandM Vape, <a href=\"https:\/\/vapestornado.com\/fr\/product-category\/vapme-shisha\/\">Vapme<\/a>, Bang Vape, Waspe Vape et WGA Vape, etc.<\/p>\n<p>Notre gamme comprend des vapes tr\u00e8s demand\u00e9es comme le <a href=\"https:\/\/vapestornado.com\/fr\/product\/randm-12000-puffs-fumot-digital-disposable-vape-wholesale-price\/\">RandM Tornado 12000<\/a>, et des choix riches en saveurs comme le <a href=\"https:\/\/vapestornado.com\/fr\/product\/wga-crystal-pro-max-extra-15000-puffs-rechargeable-disposable-vape-wholesale-bulk-buy\/\">\u00a0WGA Crystal 15k Bouff\u00e9es<\/a> . Chaque produit est choisi en mettant l'accent sur la qualit\u00e9, la valeur et la vari\u00e9t\u00e9, afin de vous assurer de trouver la solution id\u00e9ale pour vos besoins. D\u00e9couvrez un service exceptionnel et une large gamme de produits de qualit\u00e9 sup\u00e9rieure \u00e0 prix de gros chez vapestornado.<\/p>\n<\/div>\n<p>&nbsp;<\/p>\n<p><strong>Autres vapes jetables populaires<\/strong><\/p>\n<p><a href=\"https:\/\/vapestornado.com\/fr\/product\/vozol-vista-20000-vape-rechargeable-disposable-vape-wholesale-cheap-price\/\">VOZOL VISTA 20000 Bouff\u00e9es <span style=\"color: #ff0000;\"><strong>&gt;&gt;&gt;&gt; Aller !<\/strong><\/span><\/a><\/p>\n<p><a href=\"https:\/\/vapestornado.com\/fr\/product\/vopk-ultra-40000-puffs-2-in-1-digital-screen-rechargeable-disposable-vape\/\">VOPK 40000 Go\u00fbt Double<span style=\"color: #ff0000;\"><strong>&gt;&gt;&gt;&gt; Aller !<\/strong><\/span><\/a><\/p>\n<p><a href=\"https:\/\/vapestornado.com\/fr\/product\/puff-25k-bang-king-25000-puffs-rechargeable-disposable-vape-wholesale-bulk-buy\/\">Bang King 25000 <span style=\"color: #ff0000;\"><strong>&gt;&gt;&gt;&gt; Aller !<\/strong><\/span><\/a><\/p>\n<\/div>\n<\/div>\n<\/div>\n<p>&nbsp;<\/p>\n<\/div>\n<\/div>\n<\/div>\n<\/div>\n<\/div>\n<\/div>\n<\/div>\n<\/div>\n<\/div>","protected":false},"excerpt":{"rendered":"<p>VOZOL Gear Power 20K Bouff\u00e9es 2% Vape Jetable \u00e0 Faible Teneur en Nicotine en Gros<br \/>\nVOZOL Gear Power 20000 Bouff\u00e9es Vape Jetable \u00e0 Affichage Num\u00e9rique Achat en Gros<br \/>\nVOZOL Gear Power 20k Vape Jetable Rechargeable Prix \u200b\u200bBas<\/p>\n<p><strong>Ajoutez le WhatsApp d'Amy pour obtenir une bonne r\u00e9ponse et un coupon de vape !<\/strong><\/p>\n<p><img fetchpriority=\"high\" decoding=\"async\" class=\"size-full wp-image-2932\" src=\"https:\/\/vapestornado.com\/wp-content\/uploads\/2024\/12\/Vape-Wholesale.jpg\" alt=\"Vente en Gros de Vapes\" width=\"229\" height=\"300\" \/><\/p>\n<h3><a href=\"https:\/\/wa.me\/8617776015835\"><span style=\"color: #ff0000;\"><strong>WhatsApp : +86 17776015835<\/strong><\/span><\/a><\/h3>\n<p>&nbsp;<\/p>","protected":false},"featured_media":3611,"comment_status":"open","ping_status":"closed","template":"","meta":{"_acf_changed":false,"_uag_custom_page_level_css":"","_lmt_disableupdate":"no","_lmt_disable":"","_monsterinsights_skip_tracking":false,"_monsterinsights_sitenote_active":false,"_monsterinsights_sitenote_note":"","_monsterinsights_sitenote_category":0,"site-sidebar-layout":"default","site-content-layout":"","ast-site-content-layout":"default","site-content-style":"default","site-sidebar-style":"default","ast-global-header-display":"","ast-banner-title-visibility":"","ast-main-header-display":"","ast-hfb-above-header-display":"","ast-hfb-below-header-display":"","ast-hfb-mobile-header-display":"","site-post-title":"","ast-breadcrumbs-content":"","ast-featured-img":"","footer-sml-layout":"","ast-disable-related-posts":"","theme-transparent-header-meta":"default","adv-header-id-meta":"","stick-header-meta":"","header-above-stick-meta":"","header-main-stick-meta":"","header-below-stick-meta":"","astra-migrate-meta-layouts":"set","ast-page-background-enabled":"default","ast-page-background-meta":{"desktop":{"background-color":"","background-image":"","background-repeat":"repeat","background-position":"center center","background-size":"auto","background-attachment":"scroll","background-type":"","background-media":"","overlay-type":"","overlay-color":"","overlay-opacity":"","overlay-gradient":""},"tablet":{"background-color":"","background-image":"","background-repeat":"repeat","background-position":"center center","background-size":"auto","background-attachment":"scroll","background-type":"","background-media":"","overlay-type":"","overlay-color":"","overlay-opacity":"","overlay-gradient":""},"mobile":{"background-color":"","background-image":"","background-repeat":"repeat","background-position":"center center","background-size":"auto","background-attachment":"scroll","background-type":"","background-media":"","overlay-type":"","overlay-color":"","overlay-opacity":"","overlay-gradient":""}},"ast-content-background-meta":{"desktop":{"background-color":"var(--ast-global-color-5)","background-image":"","background-repeat":"repeat","background-position":"center center","background-size":"auto","background-attachment":"scroll","background-type":"","background-media":"","overlay-type":"","overlay-color":"","overlay-opacity":"","overlay-gradient":""},"tablet":{"background-color":"var(--ast-global-color-5)","background-image":"","background-repeat":"repeat","background-position":"center center","background-size":"auto","background-attachment":"scroll","background-type":"","background-media":"","overlay-type":"","overlay-color":"","overlay-opacity":"","overlay-gradient":""},"mobile":{"background-color":"var(--ast-global-color-5)","background-image":"","background-repeat":"repeat","background-position":"center center","background-size":"auto","background-attachment":"scroll","background-type":"","background-media":"","overlay-type":"","overlay-color":"","overlay-opacity":"","overlay-gradient":""}},"_joinchat":{"telephone":"+8617776015835"}},"product_brand":[],"product_cat":[69,140,150,154,158,143,144,146,57],"product_tag":[165,105,97,166,94,222,221,220],"class_list":{"0":"post-3614","1":"product","2":"type-product","3":"status-publish","4":"has-post-thumbnail","6":"product_cat-20000-puff","7":"product_cat-big-puffs-disposable-vapes","8":"product_cat-buy-disposable-vapes-in-belgium","9":"product_cat-buy-disposable-vapes-in-netherlands","10":"product_cat-buy-disposable-vapes-in-spain","11":"product_cat-dual-mesh-disposable-vapes","12":"product_cat-low-nicotine-disposable-vapes","13":"product_cat-rechargeable-disposable-vapes","14":"product_cat-vozol-vape","15":"product_tag-cheap-vapes","16":"product_tag-digital-disposable-vape","17":"product_tag-hot-sale-disposable-vape","18":"product_tag-low-nicotine-vape","19":"product_tag-rechargeable-disposable-vape","20":"product_tag-vozol-gear-power-20000","21":"product_tag-vozol-gear-power-20k","22":"product_tag-vozol-vape","23":"desktop-align-left","24":"tablet-align-left","25":"mobile-align-left","27":"first","28":"instock","29":"sale","30":"shipping-taxable","31":"purchasable","32":"product-type-simple"},"acf":[],"uagb_featured_image_src":{"full":["https:\/\/vapestornado.com\/wp-content\/uploads\/2025\/01\/VOZOL-Gear-Power-20000-Disposable-Wholesale-Price.jpg",1000,1000,false],"thumbnail":["https:\/\/vapestornado.com\/wp-content\/uploads\/2025\/01\/VOZOL-Gear-Power-20000-Disposable-Wholesale-Price-150x150.jpg",150,150,true],"medium":["https:\/\/vapestornado.com\/wp-content\/uploads\/2025\/01\/VOZOL-Gear-Power-20000-Disposable-Wholesale-Price-300x300.jpg",300,300,true],"medium_large":["https:\/\/vapestornado.com\/wp-content\/uploads\/2025\/01\/VOZOL-Gear-Power-20000-Disposable-Wholesale-Price-768x768.jpg",768,768,true],"large":["https:\/\/vapestornado.com\/wp-content\/uploads\/2025\/01\/VOZOL-Gear-Power-20000-Disposable-Wholesale-Price.jpg",1000,1000,false],"1536x1536":["https:\/\/vapestornado.com\/wp-content\/uploads\/2025\/01\/VOZOL-Gear-Power-20000-Disposable-Wholesale-Price.jpg",1000,1000,false],"2048x2048":["https:\/\/vapestornado.com\/wp-content\/uploads\/2025\/01\/VOZOL-Gear-Power-20000-Disposable-Wholesale-Price.jpg",1000,1000,false],"trp-custom-language-flag":["https:\/\/vapestornado.com\/wp-content\/uploads\/2025\/01\/VOZOL-Gear-Power-20000-Disposable-Wholesale-Price.jpg",12,12,false],"woocommerce_thumbnail":["https:\/\/vapestornado.com\/wp-content\/uploads\/2025\/01\/VOZOL-Gear-Power-20000-Disposable-Wholesale-Price-300x300.jpg",300,300,true],"woocommerce_single":["https:\/\/vapestornado.com\/wp-content\/uploads\/2025\/01\/VOZOL-Gear-Power-20000-Disposable-Wholesale-Price-600x600.jpg",600,600,true],"woocommerce_gallery_thumbnail":["https:\/\/vapestornado.com\/wp-content\/uploads\/2025\/01\/VOZOL-Gear-Power-20000-Disposable-Wholesale-Price-100x100.jpg",100,100,true]},"uagb_author_info":{"display_name":"ESAMY","author_link":"https:\/\/vapestornado.com\/fr\/author\/"},"uagb_comment_info":0,"uagb_excerpt":"VOZOL Gear Power 20K\u00a0 Puffs 2% Low Nicotine Disposable Vape Wholesale VOZOL Gear Power 20000 Puff \u00a0Digital Display Disposable Vape Bulk Buy VOZOL Gear Power 20k Rechargeable Disposable Vape Cheap Price Add Amy's whatsapp get right reply and vape coupon! WhatsApp: +86 17776015835 &nbsp;","_links":{"self":[{"href":"https:\/\/vapestornado.com\/fr\/wp-json\/wp\/v2\/product\/3614","targetHints":{"allow":["GET"]}}],"collection":[{"href":"https:\/\/vapestornado.com\/fr\/wp-json\/wp\/v2\/product"}],"about":[{"href":"https:\/\/vapestornado.com\/fr\/wp-json\/wp\/v2\/types\/product"}],"replies":[{"embeddable":true,"href":"https:\/\/vapestornado.com\/fr\/wp-json\/wp\/v2\/comments?post=3614"}],"wp:featuredmedia":[{"embeddable":true,"href":"https:\/\/vapestornado.com\/fr\/wp-json\/wp\/v2\/media\/3611"}],"wp:attachment":[{"href":"https:\/\/vapestornado.com\/fr\/wp-json\/wp\/v2\/media?parent=3614"}],"wp:term":[{"taxonomy":"product_brand","embeddable":true,"href":"https:\/\/vapestornado.com\/fr\/wp-json\/wp\/v2\/product_brand?post=3614"},{"taxonomy":"product_cat","embeddable":true,"href":"https:\/\/vapestornado.com\/fr\/wp-json\/wp\/v2\/product_cat?post=3614"},{"taxonomy":"product_tag","embeddable":true,"href":"https:\/\/vapestornado.com\/fr\/wp-json\/wp\/v2\/product_tag?post=3614"}],"curies":[{"name":"wp","href":"https:\/\/api.w.org\/{rel}","templated":true}]}}