{"id":3515,"date":"2024-12-28T08:19:21","date_gmt":"2024-12-28T08:19:21","guid":{"rendered":"https:\/\/vapestornado.com\/?post_type=product&#038;p=3515"},"modified":"2025-08-23T12:19:13","modified_gmt":"2025-08-23T12:19:13","slug":"uwin-shisha-hookah-crystal-20000-puffs-new-vape-bulk-price","status":"publish","type":"product","link":"https:\/\/vapestornado.com\/fr\/product\/uwin-shisha-hookah-crystal-20000-puffs-new-vape-bulk-price\/","title":{"rendered":"Uwin CHICHA NARGUIL\u00c9 Crystal 20000 Bouff\u00e9es Nouveau Vape Prix de Gros"},"content":{"rendered":"<h1>Uwin CHICHA NARGUIL\u00c9 Crystal 20000 Bouff\u00e9es Nouveau Vape Prix de Gros<\/h1>\n<p>L' <strong data-start=\"291\" data-end=\"333\">Uwin Shisha Hookah Crystal 20000 Bouff\u00e9es<\/strong> est une vape jetable de qualit\u00e9 sup\u00e9rieure con\u00e7ue pour les d\u00e9taillants et les distributeurs \u00e0 la recherche de <strong data-start=\"415\" data-end=\"438\">solutions de vape en gros<\/strong> avec une forte demande \u00e0 travers l'Europe. Chaque appareil offre jusqu'\u00e0 <strong data-start=\"500\" data-end=\"523\">20 000 bouff\u00e9es douces<\/strong>, pr\u00e9-rempli avec <strong data-start=\"541\" data-end=\"561\">25 ml d'e-liquide<\/strong> et aliment\u00e9 par un <strong data-start=\"580\" data-end=\"618\">batterie rechargeable au cobalt de 850 mAh<\/strong> avec rapide <strong data-start=\"629\" data-end=\"648\">le chargement de type C<\/strong>.<\/p>\n<p>Disponible en <strong data-start=\"672\" data-end=\"713\">0%, 2%, 3% et 5% concentrations de nicotine<\/strong>, il offre une flexibilit\u00e9 pour chaque type de client. Le <strong data-start=\"769\" data-end=\"793\">technologie de bobine de maille<\/strong> assure une saveur riche et des nuages denses, tandis que le <strong data-start=\"842\" data-end=\"867\">design de chicha en cristal<\/strong> ajoute un attrait moderne et \u00e9l\u00e9gant.<\/p>\n<p>Avec <strong data-start=\"913\" data-end=\"940\">12 saveurs les plus vendues<\/strong> et un emballage de gros pratique (<strong data-start=\"976\" data-end=\"1019\">10pcs\/bo\u00eete, 200pcs\/carton, 20.3kg\/carton<\/strong>), l'Uwin Crystal 20K est con\u00e7u \u00e0 la fois pour <strong data-start=\"1061\" data-end=\"1109\">les rayons de vente au d\u00e9tail et les commandes de distribution importantes<\/strong>. Compact mais puissant, il combine <strong data-start=\"1145\" data-end=\"1192\">fiabilit\u00e9, performance et abordabilit\u00e9<\/strong>, ce qui en fait l'une des vapes en gros les plus comp\u00e9titives dans la cat\u00e9gorie des 20k bouff\u00e9es.<img fetchpriority=\"high\" decoding=\"async\" class=\"wp-image-3531\" style=\"font-style: inherit; font-weight: 600;\" src=\"https:\/\/vapestornado.com\/wp-content\/uploads\/2024\/12\/UWIN-VAPES-HOOKAH-Crystal-20000-Puffs-Grape-ice.jpg\" alt=\"UWIN VAPES HOOKAH Crystal 20000 Puffs Raisin glac\u00e9\" width=\"473\" height=\"473\" srcset=\"https:\/\/vapestornado.com\/wp-content\/uploads\/2024\/12\/UWIN-VAPES-HOOKAH-Crystal-20000-Puffs-Grape-ice.jpg 800w, https:\/\/vapestornado.com\/wp-content\/uploads\/2024\/12\/UWIN-VAPES-HOOKAH-Crystal-20000-Puffs-Grape-ice-300x300.jpg 300w, https:\/\/vapestornado.com\/wp-content\/uploads\/2024\/12\/UWIN-VAPES-HOOKAH-Crystal-20000-Puffs-Grape-ice-150x150.jpg 150w, https:\/\/vapestornado.com\/wp-content\/uploads\/2024\/12\/UWIN-VAPES-HOOKAH-Crystal-20000-Puffs-Grape-ice-768x768.jpg 768w, https:\/\/vapestornado.com\/wp-content\/uploads\/2024\/12\/UWIN-VAPES-HOOKAH-Crystal-20000-Puffs-Grape-ice-600x600.jpg 600w, https:\/\/vapestornado.com\/wp-content\/uploads\/2024\/12\/UWIN-VAPES-HOOKAH-Crystal-20000-Puffs-Grape-ice-100x100.jpg 100w\" sizes=\"(max-width: 473px) 100vw, 473px\" \/><\/p>\n<div role=\"article\" data-tabster=\"{&quot;groupper&quot;:{&quot;tabbability&quot;:2},&quot;focusable&quot;:{}}\" data-content=\"ai-message\" aria-labelledby=\"64JRvXrTnY7mRmPkEQLLT-author 64JRvXrTnY7mRmPkEQLLT-content\">\n<div id=\"64JRvXrTnY7mRmPkEQLLT-content\">UWIN VAPES HOOKAH Crystal 20000 Puffs Raisin glac\u00e9<\/div>\n<\/div>\n<p><img decoding=\"async\" class=\"alignleft wp-image-2951 size-medium\" src=\"https:\/\/vapestornado.com\/wp-content\/uploads\/2024\/12\/Wholesale-Disposable-Vape-265x300.jpg\" alt=\"Vape jetable en gros\" width=\"265\" height=\"300\" srcset=\"https:\/\/vapestornado.com\/wp-content\/uploads\/2024\/12\/Wholesale-Disposable-Vape-265x300.jpg 265w, https:\/\/vapestornado.com\/wp-content\/uploads\/2024\/12\/Wholesale-Disposable-Vape-768x871.jpg 768w, https:\/\/vapestornado.com\/wp-content\/uploads\/2024\/12\/Wholesale-Disposable-Vape-600x680.jpg 600w, https:\/\/vapestornado.com\/wp-content\/uploads\/2024\/12\/Wholesale-Disposable-Vape.jpg 823w\" sizes=\"(max-width: 265px) 100vw, 265px\" \/><\/p>\n<h6>Veuillez contacter Mandy sur WhatsApp pour un prix r\u00e9duit :<a href=\"https:\/\/wa.me\/8618077105796\" target=\"_blank\" rel=\"noopener\">+8618077105796<\/a><\/h6>\n<div class=\"flex max-w-full flex-col flex-grow\">\n<div class=\"min-h-8 text-message flex w-full flex-col items-end gap-2 whitespace-normal break-words text-start [.text-message+&amp;]:mt-5\" dir=\"auto\" data-message-author-role=\"assistant\" data-message-id=\"cdb991c0-f594-4bff-b2d5-fbbdd7ce9e54\" data-message-model-slug=\"gpt-4o-mini\">\n<div class=\"flex w-full flex-col gap-1 empty:hidden first:pt-[3px]\">\n<div class=\"markdown prose w-full break-words dark:prose-invert light\"><\/div>\n<\/div>\n<\/div>\n<\/div>\n<div class=\"mb-2 flex gap-3 empty:hidden -ml-2\">\n<h2><strong>Uwin SHISHA VAPE Cristal 20000 Bouff\u00e9es <\/strong>Caract\u00e9ristiques exceptionnelles :<\/h2>\n<ul>\n<li><strong>Niveaux de nicotine<\/strong>: 0%, 2%, 3%, 5%<\/li>\n<li><strong>Bouff\u00e9es<\/strong>: Jusqu'\u00e0 20 000<\/li>\n<li><strong>E-liquide<\/strong>: Capacit\u00e9 de 25ml<\/li>\n<li><strong>Batterie<\/strong>: 850mAh rechargeable, port Type-C<\/li>\n<li><strong>Bobine<\/strong>: Bobine mesh pour une saveur riche<\/li>\n<li><strong>Saveurs<\/strong>: 12 options<\/li>\n<li><strong>Emballage<\/strong>: 10 pi\u00e8ces\/bo\u00eete, 200 pi\u00e8ces\/carton<\/li>\n<li><strong>Sp\u00e9cifications du carton<\/strong>: 20,3 kg, 39,5 \u00d7 39 \u00d7 30,5 cm<\/li>\n<li><strong>Style de vapotage<\/strong>: Direct-poumon (DTL)<\/li>\n<\/ul>\n<\/div>\n<h2><strong>Uwin SHISHA HOOKAH VAPES Cristal 20k Bouff\u00e9es<\/strong> Liste des Saveurs :<\/h2>\n<p>1.Myrtille sur glace<br \/>\n2.Kiwi fruit de la passion goyave<br \/>\n3.Fraise kiwi<br \/>\n4.Baies m\u00e9lang\u00e9es<br \/>\n5.Fraise past\u00e8que<br \/>\n6.Raisin glac\u00e9<br \/>\n7.Past\u00e8que glac\u00e9e<br \/>\n8.Cerise glac\u00e9e<br \/>\n9. Fraise glac\u00e9e<br \/>\n10.P\u00eache glac\u00e9e<br \/>\n11.Myrtille framboise<br \/>\n12. Amour 66<\/p>\n<div role=\"article\" data-tabster=\"{&quot;groupper&quot;:{&quot;tabbability&quot;:2},&quot;focusable&quot;:{}}\" data-content=\"ai-message\" aria-labelledby=\"dARUyEWDoEYhnSPXFwx5A-author dARUyEWDoEYhnSPXFwx5A-content\">\n<div id=\"dARUyEWDoEYhnSPXFwx5A-content\">\n<h2>Pourquoi choisir le <strong>Uwin CHICHA HOOKAH Cristal 20000 bouff\u00e9es <\/strong>at <a href=\"https:\/\/vapestornado.com\/fr\/product\/bang-box-35k-puffs-high-capacity-long-lasting-disposable-vape\/\">vapestornado.com ?<\/a><\/h2>\n<p>Si vous recherchez des vapes jetables de qualit\u00e9 sup\u00e9rieure \u00e0 des prix comp\u00e9titifs, vapestornado.com est votre source fiable pour le <strong>Uwin Shisha Crystal 20000 Puffs<\/strong>. Voici pourquoi ce produit et cette plateforme se d\u00e9marquent :<\/p>\n<ul>\n<li><strong>Long\u00e9vit\u00e9 exceptionnelle<\/strong><br \/>\nLe Uwin Shisha Hookah Crystal offre jusqu'\u00e0 <strong>20 000 bouff\u00e9es<\/strong>, ce qui en fait l'une des vapes jetables les plus durables sur le march\u00e9. Parfait pour les vapoteurs assidus et ceux qui recherchent une utilisation prolong\u00e9e.<\/li>\n<li><strong>Diverses options de nicotine<\/strong><br \/>\nPour r\u00e9pondre \u00e0 toutes les pr\u00e9f\u00e9rences, cette vape est disponible en <strong>0%, 2%, 3% et 5% concentrations de nicotine<\/strong>, ce qui le rend id\u00e9al pour les utilisateurs occasionnels et r\u00e9guliers.<\/li>\n<li><strong>Vari\u00e9t\u00e9 de saveurs<\/strong><br \/>\nSaveurs : <strong>12 saveurs premium<\/strong>, soigneusement con\u00e7ues pour satisfaire une vari\u00e9t\u00e9 de go\u00fbts, des favoris fruit\u00e9s aux m\u00e9langes frais de menthol.<\/li>\n<li><strong>Technologie avanc\u00e9e<\/strong><br \/>\n\u00c9quip\u00e9 d'une <strong>bobine en maille<\/strong> et de <strong>batterie rechargeable au cobalt de 850 mAh<\/strong>, l'appareil offre une vapeur douce, une saveur riche et un chargement rapide et pratique via un <strong>Type-C<\/strong>.<\/li>\n<li><strong>Commodit\u00e9 de la vente en gros<\/strong><br \/>\nChez vapestornado.com, profitez d'options d'emballage en vrac avec <strong>10 pi\u00e8ces par bo\u00eete<\/strong> et de <strong>200 pi\u00e8ces par carton<\/strong>, parfait pour les d\u00e9taillants et les distributeurs.<\/li>\n<li><strong>Fournisseur de confiance<\/strong><br \/>\nvapestornado.com est connu pour son service fiable, ses produits authentiques et ses prix comp\u00e9titifs, ce qui en fait la plateforme de r\u00e9f\u00e9rence pour les vapes de haute qualit\u00e9.<\/li>\n<\/ul>\n<\/div>\n<\/div>\n<h2>FAQ sur <strong>Uwin CHICHA HOOKAH Cristal 20000 bouff\u00e9es <\/strong>les pods de vapotage<\/h2>\n<p>&nbsp;<\/p>\n<p><strong>1. Combien de bouff\u00e9es puis-je obtenir des vapes Uwin Shisha Hookah 20k bouff\u00e9es ?<\/strong><br \/>\nChaque pod offre jusqu'\u00e0 <strong>20 000 bouff\u00e9es<\/strong>, ce qui en fait une option durable pour le vapotage r\u00e9gulier.<\/p>\n<p><strong>2. Quelles sont les concentrations de nicotine disponibles pour l'Uwin Crystal 20000 bouff\u00e9es ?<\/strong><br \/>\nL'Uwin Shisha Hookah Crystal est disponible en <strong>Nicotine 0%, 2%, 3% et 5%<\/strong> options pour r\u00e9pondre aux diff\u00e9rentes pr\u00e9f\u00e9rences.<\/p>\n<p><strong>3. Quelle quantit\u00e9 de e-liquide les Vapes Uwin Crystal 20k bouff\u00e9es contiennent-ils ?<\/strong><br \/>\nChaque pod est pr\u00e9-rempli avec <strong>25ml de e-liquide de premi\u00e8re qualit\u00e9<\/strong> pour une utilisation prolong\u00e9e.<\/p>\n<p><strong>4. Combien de temps faut-il pour livrer les pods de vapotage Uwin Shisha Hookah Crystal 20000 bouff\u00e9es dans mon pays ?<\/strong><br \/>\nLes d\u00e9lais de livraison varient en fonction de votre emplacement et de la m\u00e9thode d'exp\u00e9dition s\u00e9lectionn\u00e9e. Pour la France, l'exp\u00e9dition standard prend g\u00e9n\u00e9ralement 10<strong>\u201315 jours ouvrables.<\/strong> S'il y a des jours f\u00e9ri\u00e9s, le d\u00e9lai de livraison du colis sera retard\u00e9.<\/p>\n<p><strong>5. Comment suivre ma commande?<\/strong><br \/>\nUne fois votre commande exp\u00e9di\u00e9e, vous recevrez un num\u00e9ro de suivi du fournisseur ou du d\u00e9taillant. Utilisez-le pour suivre la progression de votre livraison.<\/p>","protected":false},"excerpt":{"rendered":"<p>Uwin Shisha Hookah Crystal 20000 Puffs Vape, prix de gros, saveurs de qualit\u00e9 sup\u00e9rieure, rechargeable, 2% ou 5% de nicotine, \u00e9cologique. Parfait pour les acheteurs en gros en Europe.<\/p>\n<figure id=\"attachment_2951\" aria-describedby=\"caption-attachment-2951\" style=\"width: 265px\" class=\"wp-caption alignnone\"><img decoding=\"async\" class=\"size-medium wp-image-2951\" src=\"https:\/\/vapestornado.com\/wp-content\/uploads\/2024\/12\/Wholesale-Disposable-Vape-265x300.jpg\" alt=\"Vape jetable en gros\" width=\"265\" height=\"300\" srcset=\"https:\/\/vapestornado.com\/wp-content\/uploads\/2024\/12\/Wholesale-Disposable-Vape-265x300.jpg 265w, https:\/\/vapestornado.com\/wp-content\/uploads\/2024\/12\/Wholesale-Disposable-Vape-768x871.jpg 768w, https:\/\/vapestornado.com\/wp-content\/uploads\/2024\/12\/Wholesale-Disposable-Vape-600x680.jpg 600w, https:\/\/vapestornado.com\/wp-content\/uploads\/2024\/12\/Wholesale-Disposable-Vape.jpg 823w\" sizes=\"(max-width: 265px) 100vw, 265px\" \/><figcaption id=\"caption-attachment-2951\" class=\"wp-caption-text\">Veuillez contacter Mandy sur WhatsApp pour obtenir un prix r\u00e9duit\u00a0 <a href=\"https:\/\/wa.me\/8618077105796\">+8618077105796<\/a><\/figcaption><\/figure>\n<p>&nbsp;<\/p>","protected":false},"featured_media":3520,"comment_status":"open","ping_status":"closed","template":"","meta":{"_acf_changed":false,"_uag_custom_page_level_css":"","_lmt_disableupdate":"no","_lmt_disable":"","_monsterinsights_skip_tracking":false,"_monsterinsights_sitenote_active":false,"_monsterinsights_sitenote_note":"","_monsterinsights_sitenote_category":0,"site-sidebar-layout":"default","site-content-layout":"","ast-site-content-layout":"default","site-content-style":"default","site-sidebar-style":"default","ast-global-header-display":"","ast-banner-title-visibility":"","ast-main-header-display":"","ast-hfb-above-header-display":"","ast-hfb-below-header-display":"","ast-hfb-mobile-header-display":"","site-post-title":"","ast-breadcrumbs-content":"","ast-featured-img":"","footer-sml-layout":"","ast-disable-related-posts":"","theme-transparent-header-meta":"default","adv-header-id-meta":"","stick-header-meta":"","header-above-stick-meta":"","header-main-stick-meta":"","header-below-stick-meta":"","astra-migrate-meta-layouts":"set","ast-page-background-enabled":"default","ast-page-background-meta":{"desktop":{"background-color":"","background-image":"","background-repeat":"repeat","background-position":"center center","background-size":"auto","background-attachment":"scroll","background-type":"","background-media":"","overlay-type":"","overlay-color":"","overlay-opacity":"","overlay-gradient":""},"tablet":{"background-color":"","background-image":"","background-repeat":"repeat","background-position":"center center","background-size":"auto","background-attachment":"scroll","background-type":"","background-media":"","overlay-type":"","overlay-color":"","overlay-opacity":"","overlay-gradient":""},"mobile":{"background-color":"","background-image":"","background-repeat":"repeat","background-position":"center center","background-size":"auto","background-attachment":"scroll","background-type":"","background-media":"","overlay-type":"","overlay-color":"","overlay-opacity":"","overlay-gradient":""}},"ast-content-background-meta":{"desktop":{"background-color":"var(--ast-global-color-5)","background-image":"","background-repeat":"repeat","background-position":"center center","background-size":"auto","background-attachment":"scroll","background-type":"","background-media":"","overlay-type":"","overlay-color":"","overlay-opacity":"","overlay-gradient":""},"tablet":{"background-color":"var(--ast-global-color-5)","background-image":"","background-repeat":"repeat","background-position":"center center","background-size":"auto","background-attachment":"scroll","background-type":"","background-media":"","overlay-type":"","overlay-color":"","overlay-opacity":"","overlay-gradient":""},"mobile":{"background-color":"var(--ast-global-color-5)","background-image":"","background-repeat":"repeat","background-position":"center center","background-size":"auto","background-attachment":"scroll","background-type":"","background-media":"","overlay-type":"","overlay-color":"","overlay-opacity":"","overlay-gradient":""}},"_joinchat":{"telephone":"+8618077105796"}},"product_brand":[],"product_cat":[69,150,151,153,157,141],"product_tag":[97,217],"class_list":{"0":"post-3515","1":"product","2":"type-product","3":"status-publish","4":"has-post-thumbnail","6":"product_cat-20000-puff","7":"product_cat-buy-disposable-vapes-in-belgium","8":"product_cat-buy-disposable-vapes-in-france","9":"product_cat-buy-disposable-vapes-in-italy","10":"product_cat-buy-disposable-vapes-in-portugal","11":"product_cat-crystal-disposable-vapes","12":"product_tag-hot-sale-disposable-vape","13":"product_tag-uwin-shisha-hookah-crystal-20000-puffs","14":"desktop-align-left","15":"tablet-align-left","16":"mobile-align-left","18":"first","19":"instock","20":"sale","21":"shipping-taxable","22":"purchasable","23":"product-type-simple"},"acf":[],"uagb_featured_image_src":{"full":["https:\/\/vapestornado.com\/wp-content\/uploads\/2024\/12\/Good-Sale-UWIN-HOOKAH-Crystal-20000-Puffs-Watermelon-ice.jpg",800,800,false],"thumbnail":["https:\/\/vapestornado.com\/wp-content\/uploads\/2024\/12\/Good-Sale-UWIN-HOOKAH-Crystal-20000-Puffs-Watermelon-ice-150x150.jpg",150,150,true],"medium":["https:\/\/vapestornado.com\/wp-content\/uploads\/2024\/12\/Good-Sale-UWIN-HOOKAH-Crystal-20000-Puffs-Watermelon-ice-300x300.jpg",300,300,true],"medium_large":["https:\/\/vapestornado.com\/wp-content\/uploads\/2024\/12\/Good-Sale-UWIN-HOOKAH-Crystal-20000-Puffs-Watermelon-ice-768x768.jpg",768,768,true],"large":["https:\/\/vapestornado.com\/wp-content\/uploads\/2024\/12\/Good-Sale-UWIN-HOOKAH-Crystal-20000-Puffs-Watermelon-ice.jpg",800,800,false],"1536x1536":["https:\/\/vapestornado.com\/wp-content\/uploads\/2024\/12\/Good-Sale-UWIN-HOOKAH-Crystal-20000-Puffs-Watermelon-ice.jpg",800,800,false],"2048x2048":["https:\/\/vapestornado.com\/wp-content\/uploads\/2024\/12\/Good-Sale-UWIN-HOOKAH-Crystal-20000-Puffs-Watermelon-ice.jpg",800,800,false],"trp-custom-language-flag":["https:\/\/vapestornado.com\/wp-content\/uploads\/2024\/12\/Good-Sale-UWIN-HOOKAH-Crystal-20000-Puffs-Watermelon-ice.jpg",12,12,false],"woocommerce_thumbnail":["https:\/\/vapestornado.com\/wp-content\/uploads\/2024\/12\/Good-Sale-UWIN-HOOKAH-Crystal-20000-Puffs-Watermelon-ice-300x300.jpg",300,300,true],"woocommerce_single":["https:\/\/vapestornado.com\/wp-content\/uploads\/2024\/12\/Good-Sale-UWIN-HOOKAH-Crystal-20000-Puffs-Watermelon-ice-600x600.jpg",600,600,true],"woocommerce_gallery_thumbnail":["https:\/\/vapestornado.com\/wp-content\/uploads\/2024\/12\/Good-Sale-UWIN-HOOKAH-Crystal-20000-Puffs-Watermelon-ice-100x100.jpg",100,100,true]},"uagb_author_info":{"display_name":"ESMANDY","author_link":"https:\/\/vapestornado.com\/fr\/author\/"},"uagb_comment_info":0,"uagb_excerpt":"Uwin Shisha Hookah Crystal 20000 Puffs Vape, bulk prices, premium flavors, rechargeable, 2%5% nicotine, eco-friendly. Perfect for wholesale buyers in Europe. [caption id=\"attachment_2951\" align=\"alignnone\" width=\"265\"] Pls Contact Mandy's WhatsApp For Discount Price\u00a0 +8618077105796[\/caption] &nbsp;","_links":{"self":[{"href":"https:\/\/vapestornado.com\/fr\/wp-json\/wp\/v2\/product\/3515","targetHints":{"allow":["GET"]}}],"collection":[{"href":"https:\/\/vapestornado.com\/fr\/wp-json\/wp\/v2\/product"}],"about":[{"href":"https:\/\/vapestornado.com\/fr\/wp-json\/wp\/v2\/types\/product"}],"replies":[{"embeddable":true,"href":"https:\/\/vapestornado.com\/fr\/wp-json\/wp\/v2\/comments?post=3515"}],"wp:featuredmedia":[{"embeddable":true,"href":"https:\/\/vapestornado.com\/fr\/wp-json\/wp\/v2\/media\/3520"}],"wp:attachment":[{"href":"https:\/\/vapestornado.com\/fr\/wp-json\/wp\/v2\/media?parent=3515"}],"wp:term":[{"taxonomy":"product_brand","embeddable":true,"href":"https:\/\/vapestornado.com\/fr\/wp-json\/wp\/v2\/product_brand?post=3515"},{"taxonomy":"product_cat","embeddable":true,"href":"https:\/\/vapestornado.com\/fr\/wp-json\/wp\/v2\/product_cat?post=3515"},{"taxonomy":"product_tag","embeddable":true,"href":"https:\/\/vapestornado.com\/fr\/wp-json\/wp\/v2\/product_tag?post=3515"}],"curies":[{"name":"wp","href":"https:\/\/api.w.org\/{rel}","templated":true}]}}