{"id":3445,"date":"2024-12-27T09:09:56","date_gmt":"2024-12-27T09:09:56","guid":{"rendered":"https:\/\/vapestornado.com\/?post_type=product&#038;p=3445"},"modified":"2025-08-23T10:50:44","modified_gmt":"2025-08-23T10:50:44","slug":"bood-pulse-pro-25k-50k-puffs-geek-bar-new-vape-bulk-price","status":"publish","type":"product","link":"https:\/\/vapestornado.com\/fr\/product\/bood-pulse-pro-25k-50k-puffs-geek-bar-new-vape-bulk-price\/","title":{"rendered":"Bood Pulse Pro 25k 50k Puffs Geek Bar Nouvelle Vape Prix de gros"},"content":{"rendered":"<h1>Bood Pulse Pro 25k 50k Puffs Geek Bar Nouvelle Vape Prix de gros<\/h1>\n<p>&nbsp;<\/p>\n<div role=\"article\" data-tabster=\"{&quot;groupper&quot;:{&quot;tabbability&quot;:2},&quot;focusable&quot;:{}}\" data-content=\"ai-message\" aria-labelledby=\"64JRvXrTnY7mRmPkEQLLT-author 64JRvXrTnY7mRmPkEQLLT-content\">\n<div id=\"64JRvXrTnY7mRmPkEQLLT-content\">\n<p data-start=\"210\" data-end=\"488\">L' <strong data-start=\"214\" data-end=\"268\">Barre de Vape Jetable Bood Pulse Pro 25K \/ 50K Bouff\u00e9es<\/strong> est con\u00e7u pour les grossistes et les d\u00e9taillants qui souhaitent offrir aux clients un choix entre des appareils de capacit\u00e9 moyenne et ultra-\u00e9lev\u00e9e. Avec <strong data-start=\"404\" data-end=\"437\">25 000 ou 50 000 bouff\u00e9es<\/strong>, cette vape s'adresse aux utilisateurs l\u00e9gers et intensifs.<\/p>\n<p data-start=\"490\" data-end=\"798\">Chaque unit\u00e9 est aliment\u00e9e par un <strong data-start=\"517\" data-end=\"548\">Batterie rechargeable de 850 mAh<\/strong> avec <strong data-start=\"554\" data-end=\"578\">Charge rapide Type-C<\/strong>, assurant une performance fiable et un temps d'arr\u00eat minimal. Le <strong data-start=\"636\" data-end=\"669\">r\u00e9servoir d'e-liquide pr\u00e9-rempli de 38 ml<\/strong> offre une utilisation prolong\u00e9e, tandis que <strong data-start=\"701\" data-end=\"734\">technologie avanc\u00e9e de bobine en maille<\/strong> garantit une saveur riche et une vapeur douce du d\u00e9but \u00e0 la fin.<\/p>\n<p data-start=\"800\" data-end=\"1124\">Disponible en <strong data-start=\"813\" data-end=\"835\">sans nicotine (0%)<\/strong>, ainsi que <strong data-start=\"848\" data-end=\"880\">2% et 5% de taux de nicotine<\/strong>, le <strong data-start=\"886\" data-end=\"912\">Bood Pulse Pro 25K\/50K<\/strong> convient \u00e0 un large \u00e9ventail de clients europ\u00e9ens. Son <strong data-start=\"959\" data-end=\"1027\">design \u00e9l\u00e9gant, sa forte production de vapeur et ses prix avantageux pour les achats en gros<\/strong> en font une option attrayante pour les boutiques de vape et les distributeurs \u00e0 la recherche de stocks de gros fiables.<\/p>\n<p>&nbsp;<\/p>\n<\/div>\n<\/div>\n<p><img fetchpriority=\"high\" decoding=\"async\" class=\"alignleft wp-image-2951 size-medium\" src=\"https:\/\/vapestornado.com\/wp-content\/uploads\/2024\/12\/Wholesale-Disposable-Vape-265x300.jpg\" alt=\"Vape jetable en gros\" width=\"265\" height=\"300\" srcset=\"https:\/\/vapestornado.com\/wp-content\/uploads\/2024\/12\/Wholesale-Disposable-Vape-265x300.jpg 265w, https:\/\/vapestornado.com\/wp-content\/uploads\/2024\/12\/Wholesale-Disposable-Vape-768x871.jpg 768w, https:\/\/vapestornado.com\/wp-content\/uploads\/2024\/12\/Wholesale-Disposable-Vape-600x680.jpg 600w, https:\/\/vapestornado.com\/wp-content\/uploads\/2024\/12\/Wholesale-Disposable-Vape.jpg 823w\" sizes=\"(max-width: 265px) 100vw, 265px\" \/><\/p>\n<h6>Veuillez contacter Mandy sur WhatsApp pour un prix r\u00e9duit :<a href=\"https:\/\/wa.me\/8618077105796\" target=\"_blank\" rel=\"noopener\">+8618077105796<\/a><\/h6>\n<div class=\"flex max-w-full flex-col flex-grow\">\n<div class=\"min-h-8 text-message flex w-full flex-col items-end gap-2 whitespace-normal break-words text-start [.text-message+&amp;]:mt-5\" dir=\"auto\" data-message-author-role=\"assistant\" data-message-id=\"cdb991c0-f594-4bff-b2d5-fbbdd7ce9e54\" data-message-model-slug=\"gpt-4o-mini\">\n<div class=\"flex w-full flex-col gap-1 empty:hidden first:pt-[3px]\">\n<div class=\"markdown prose w-full break-words dark:prose-invert light\"><\/div>\n<\/div>\n<\/div>\n<\/div>\n<div class=\"mb-2 flex gap-3 empty:hidden -ml-2\">\n<h2><strong>Bood Pulse Pro 50k Bouff\u00e9es <\/strong>Caract\u00e9ristiques exceptionnelles :<\/h2>\n<ul>\n<li><strong>50 000 bouff\u00e9es<\/strong>: Long\u00e9vit\u00e9 exceptionnelle pour des s\u00e9ances de vapotage prolong\u00e9es<\/li>\n<li><strong>Capacit\u00e9 d'e-liquide<\/strong>: 38 ml g\u00e9n\u00e9reux pour moins de recharges<\/li>\n<li><strong>Autonomie de la batterie<\/strong>: Batterie rechargeable durable de 850 mAh pour des performances constantes<\/li>\n<li><strong>Options de nicotine<\/strong>: Variantes 0%, 2% et 5% pour correspondre aux pr\u00e9f\u00e9rences individuelles<\/li>\n<li><strong>Bobine en maille<\/strong>: Saveur et production de vapeur am\u00e9lior\u00e9es<\/li>\n<\/ul>\n<\/div>\n<h2>Liste des saveurs Bood Pulse Pro 50000 Bouff\u00e9es :<\/h2>\n<p>1.MELON ANANAS ORANGE<br \/>\n2.FRAMBOISE S\u00dbRE AUX MYRTILLES<br \/>\n3.PAST\u00c8QUE KIWI<br \/>\n4.MYRTILLE PAST\u00c8QUE<br \/>\n5.GLACE \u00c0 LA M\u00dbRE<br \/>\n6.TRIPLE MELON<br \/>\n7.GLACE \u00c0 LA FRAISE<br \/>\n8. GLACE \u00c0 LA FRAISE ET \u00c0 LA PAST\u00c8QUE<br \/>\n9. DOUBLE LIMONADE<br \/>\n10. RAISIN CANNEBERGE MYRTILLE FRAMBOISE<\/p>\n<div role=\"article\" data-tabster=\"{&quot;groupper&quot;:{&quot;tabbability&quot;:2},&quot;focusable&quot;:{}}\" data-content=\"ai-message\" aria-labelledby=\"dARUyEWDoEYhnSPXFwx5A-author dARUyEWDoEYhnSPXFwx5A-content\">\n<div id=\"dARUyEWDoEYhnSPXFwx5A-content\">\n<h2>Pourquoi choisir le Bood Pulse Pro 25k\/50k Bouff\u00e9es sur vapestornado.com ?<\/h2>\n<p>L' <strong>Bood Pulse Pro 25k\/50k Bouff\u00e9es<\/strong> Le vape jetable est le choix ultime pour les vapoteurs recherchant performance, commodit\u00e9 et qualit\u00e9. Disponible exclusivement sur <strong>vapestornado.com<\/strong>, cet appareil offre une gamme de fonctionnalit\u00e9s con\u00e7ues pour am\u00e9liorer votre exp\u00e9rience de vapotage. Voici pourquoi vous devriez choisir le Bood Pulse Pro :<\/p>\n<ul>\n<li><strong>Long\u00e9vit\u00e9 in\u00e9gal\u00e9e<\/strong><\/li>\n<\/ul>\n<p>Avec un impressionnant <strong>25 000 \u00e0 50 000 bouff\u00e9es<\/strong>, le Bood Pulse Pro offre l'un des vapes jetables les plus durables sur le march\u00e9. Vous n'aurez pas \u00e0 vous soucier des remplacements fr\u00e9quents, ce qui le rend parfait pour une utilisation quotidienne et une satisfaction \u00e0 long terme.<\/p>\n<ul>\n<li><strong>Options de nicotine polyvalentes<\/strong><\/li>\n<\/ul>\n<p>Le Bood Pulse Pro est livr\u00e9 avec <strong>sans nicotine<\/strong>, <strong>2%<\/strong>, et <strong>5%<\/strong> options de nicotine, vous donnant la flexibilit\u00e9 de choisir votre niveau de nicotine pr\u00e9f\u00e9r\u00e9. Que vous cherchiez \u00e0 arr\u00eater la nicotine ou \u00e0 profiter d'un coup fort, il existe une option parfaite pour vous.<\/p>\n<ul>\n<li><strong>Grande capacit\u00e9 d'e-liquide<\/strong><\/li>\n<\/ul>\n<p>Emball\u00e9 avec <strong>38 ml d'e-liquide<\/strong>, le Bood Pulse Pro offre plus qu'assez de jus pour un vapotage prolong\u00e9 sans avoir besoin de recharges fr\u00e9quentes. Cela en fait un choix pratique et fiable pour les utilisateurs en d\u00e9placement.<\/p>\n<ul>\n<li><strong>Performance puissante<\/strong><\/li>\n<\/ul>\n<p>\u00c9quip\u00e9 d'un robuste <strong>Batterie rechargeable de 850 mAh<\/strong>, le Bood Pulse Pro assure une performance constante tout au long de sa longue dur\u00e9e de vie. Avec un <strong>bobine en maille<\/strong> Pour une saveur optimale et une production de vapeur douce, chaque bouff\u00e9e est une exp\u00e9rience premium.<\/p>\n<ul>\n<li><strong>Une Qualit\u00e9 \u00e0 laquelle Vous Pouvez Faire Confiance<\/strong><\/li>\n<\/ul>\n<p>vapestornado.com propose une s\u00e9lection rigoureuse des meilleurs produits de vapotage, et le <strong>Bood Pulse Pro 25k\/50k Bouff\u00e9es<\/strong> ne fait pas exception. Lorsque vous magasinez chez nous, vous avez la garantie de produits authentiques, de prix comp\u00e9titifs et d'une exp\u00e9dition rapide et fiable.<\/p>\n<ul>\n<li><strong>Satisfaction Client<\/strong><\/li>\n<\/ul>\n<p>Chez vapestornado.com, la satisfaction du client est notre priorit\u00e9 absolue. Nous offrons un excellent service \u00e0 la client\u00e8le pour assurer une exp\u00e9rience d'achat sans faille, y compris des retours faciles, des informations d\u00e9taill\u00e9es sur les produits et un soutien personnalis\u00e9.<\/p>\n<p>&nbsp;<\/p>\n<\/div>\n<\/div>\n<h2>FAQ sur les pods de vape Bood Pulse Pro 25k\/50k bouff\u00e9es<\/h2>\n<p>Voici quelques questions fr\u00e9quemment pos\u00e9es pour vous aider \u00e0 mieux comprendre le <strong>Bood Pulse Pro 25k\/50k bouff\u00e9es Pods de Vape<\/strong>:<\/p>\n<h4>1. <strong>Combien de temps dure la vape Bood Pulse Pro 50000 bouff\u00e9es ?<\/strong><\/h4>\n<p>L' <strong>Bood Pulse Pro<\/strong> offre une dur\u00e9e de vie impressionnante allant jusqu'\u00e0 <strong>25 000 \u00e0 50 000 bouff\u00e9es<\/strong>, selon votre utilisation. Cette conception durable vous assure de ne pas avoir \u00e0 remplacer fr\u00e9quemment votre appareil, ce qui en fait un excellent choix pour une utilisation quotidienne.<\/p>\n<h4>2. <strong>Quelles sont les options de concentration de nicotine disponibles dans la vape Bood 50000 bouff\u00e9es ?<\/strong><\/h4>\n<p>Le Bood Pulse Pro est disponible en <strong>sans nicotine<\/strong>, <strong>2%<\/strong>, et <strong>5%<\/strong> options de nicotine. Que vous souhaitiez une dose de nicotine l\u00e9g\u00e8re ou plus forte, il y a une option pour chacun. La version sans nicotine est parfaite pour ceux qui pr\u00e9f\u00e8rent vapoter sans nicotine.<\/p>\n<h4>3. <strong>Quelle est la capacit\u00e9 d'e-liquide du Bood Pulse Pro 50000 bouff\u00e9es ?<\/strong><\/h4>\n<p>L'appareil est pr\u00e9-rempli avec <strong>38 ml d'e-liquide<\/strong>, fournissant suffisamment de liquide pour des s\u00e9ances de vapotage prolong\u00e9es. Cela signifie moins de recharges et plus de commodit\u00e9 pour les vapoteurs.<\/p>\n<h4>4. <strong>O\u00f9 puis-je acheter le Bood Pulse Pro 25000 50000 Bouff\u00e9es ?<\/strong><\/h4>\n<p>Vous pouvez acheter le <strong>Bood Pulse Pro 25k\/50k bouff\u00e9es Pods de Vape<\/strong> directement aupr\u00e8s de <strong>vapestornado.com<\/strong>. Nous offrons une exp\u00e9dition rapide, des prix comp\u00e9titifs et un service client exceptionnel pour assurer une exp\u00e9rience d'achat agr\u00e9able.<\/p>\n<p>Pour plus d'informations ou des demandes sp\u00e9cifiques, n'h\u00e9sitez pas \u00e0 contacter notre \u00e9quipe de support client !<\/p>","protected":false},"excerpt":{"rendered":"<p>L' <strong data-start=\"1168\" data-end=\"1205\">Vape Bood Pulse Pro 25K\/50K Bouff\u00e9es<\/strong> offre des options de capacit\u00e9 double, une performance de bobine en maille et une alimentation rechargeable. Un jetable polyvalent con\u00e7u pour <strong data-start=\"1319\" data-end=\"1354\">les acheteurs en gros en Europe<\/strong>.<\/p>\n<figure id=\"attachment_2951\" aria-describedby=\"caption-attachment-2951\" style=\"width: 265px\" class=\"wp-caption alignnone\"><img decoding=\"async\" class=\"size-medium wp-image-2951\" src=\"https:\/\/vapestornado.com\/wp-content\/uploads\/2024\/12\/Wholesale-Disposable-Vape-265x300.jpg\" alt=\"Vape jetable en gros\" width=\"265\" height=\"300\" srcset=\"https:\/\/vapestornado.com\/wp-content\/uploads\/2024\/12\/Wholesale-Disposable-Vape-265x300.jpg 265w, https:\/\/vapestornado.com\/wp-content\/uploads\/2024\/12\/Wholesale-Disposable-Vape-768x871.jpg 768w, https:\/\/vapestornado.com\/wp-content\/uploads\/2024\/12\/Wholesale-Disposable-Vape-600x680.jpg 600w, https:\/\/vapestornado.com\/wp-content\/uploads\/2024\/12\/Wholesale-Disposable-Vape.jpg 823w\" sizes=\"(max-width: 265px) 100vw, 265px\" \/><figcaption id=\"caption-attachment-2951\" class=\"wp-caption-text\">Veuillez contacter Mandy sur WhatsApp pour obtenir un prix r\u00e9duit\u00a0 <a href=\"https:\/\/wa.me\/8618077105796\">+8618077105796<\/a><\/figcaption><\/figure>\n<p>&nbsp;<\/p>","protected":false},"featured_media":3504,"comment_status":"open","ping_status":"closed","template":"","meta":{"_acf_changed":false,"_uag_custom_page_level_css":"","_lmt_disableupdate":"no","_lmt_disable":"","_monsterinsights_skip_tracking":false,"_monsterinsights_sitenote_active":false,"_monsterinsights_sitenote_note":"","_monsterinsights_sitenote_category":0,"site-sidebar-layout":"default","site-content-layout":"","ast-site-content-layout":"default","site-content-style":"default","site-sidebar-style":"default","ast-global-header-display":"","ast-banner-title-visibility":"","ast-main-header-display":"","ast-hfb-above-header-display":"","ast-hfb-below-header-display":"","ast-hfb-mobile-header-display":"","site-post-title":"","ast-breadcrumbs-content":"","ast-featured-img":"","footer-sml-layout":"","ast-disable-related-posts":"","theme-transparent-header-meta":"default","adv-header-id-meta":"","stick-header-meta":"","header-above-stick-meta":"","header-main-stick-meta":"","header-below-stick-meta":"","astra-migrate-meta-layouts":"set","ast-page-background-enabled":"default","ast-page-background-meta":{"desktop":{"background-color":"","background-image":"","background-repeat":"repeat","background-position":"center center","background-size":"auto","background-attachment":"scroll","background-type":"","background-media":"","overlay-type":"","overlay-color":"","overlay-opacity":"","overlay-gradient":""},"tablet":{"background-color":"","background-image":"","background-repeat":"repeat","background-position":"center center","background-size":"auto","background-attachment":"scroll","background-type":"","background-media":"","overlay-type":"","overlay-color":"","overlay-opacity":"","overlay-gradient":""},"mobile":{"background-color":"","background-image":"","background-repeat":"repeat","background-position":"center center","background-size":"auto","background-attachment":"scroll","background-type":"","background-media":"","overlay-type":"","overlay-color":"","overlay-opacity":"","overlay-gradient":""}},"ast-content-background-meta":{"desktop":{"background-color":"var(--ast-global-color-5)","background-image":"","background-repeat":"repeat","background-position":"center center","background-size":"auto","background-attachment":"scroll","background-type":"","background-media":"","overlay-type":"","overlay-color":"","overlay-opacity":"","overlay-gradient":""},"tablet":{"background-color":"var(--ast-global-color-5)","background-image":"","background-repeat":"repeat","background-position":"center center","background-size":"auto","background-attachment":"scroll","background-type":"","background-media":"","overlay-type":"","overlay-color":"","overlay-opacity":"","overlay-gradient":""},"mobile":{"background-color":"var(--ast-global-color-5)","background-image":"","background-repeat":"repeat","background-position":"center center","background-size":"auto","background-attachment":"scroll","background-type":"","background-media":"","overlay-type":"","overlay-color":"","overlay-opacity":"","overlay-gradient":""}},"_joinchat":{"telephone":"+8618077105796"}},"product_brand":[],"product_cat":[192,140,193,155,156],"product_tag":[190,97],"class_list":{"0":"post-3445","1":"product","2":"type-product","3":"status-publish","4":"has-post-thumbnail","6":"product_cat-50000-puff","7":"product_cat-big-puffs-disposable-vapes","8":"product_cat-bood-disposable-vapes","9":"product_cat-buy-disposable-vapes-in-norway","10":"product_cat-buy-disposable-vapes-in-poland","11":"product_tag-bood-pulse-pro-50000","12":"product_tag-hot-sale-disposable-vape","13":"desktop-align-left","14":"tablet-align-left","15":"mobile-align-left","17":"first","18":"instock","19":"sale","20":"shipping-taxable","21":"purchasable","22":"product-type-simple"},"acf":[],"uagb_featured_image_src":{"full":["https:\/\/vapestornado.com\/wp-content\/uploads\/2024\/12\/Bood-vape-pulse-pro-25000-Puffs-50000-Puffs.jpg",800,800,false],"thumbnail":["https:\/\/vapestornado.com\/wp-content\/uploads\/2024\/12\/Bood-vape-pulse-pro-25000-Puffs-50000-Puffs-150x150.jpg",150,150,true],"medium":["https:\/\/vapestornado.com\/wp-content\/uploads\/2024\/12\/Bood-vape-pulse-pro-25000-Puffs-50000-Puffs-300x300.jpg",300,300,true],"medium_large":["https:\/\/vapestornado.com\/wp-content\/uploads\/2024\/12\/Bood-vape-pulse-pro-25000-Puffs-50000-Puffs-768x768.jpg",768,768,true],"large":["https:\/\/vapestornado.com\/wp-content\/uploads\/2024\/12\/Bood-vape-pulse-pro-25000-Puffs-50000-Puffs.jpg",800,800,false],"1536x1536":["https:\/\/vapestornado.com\/wp-content\/uploads\/2024\/12\/Bood-vape-pulse-pro-25000-Puffs-50000-Puffs.jpg",800,800,false],"2048x2048":["https:\/\/vapestornado.com\/wp-content\/uploads\/2024\/12\/Bood-vape-pulse-pro-25000-Puffs-50000-Puffs.jpg",800,800,false],"trp-custom-language-flag":["https:\/\/vapestornado.com\/wp-content\/uploads\/2024\/12\/Bood-vape-pulse-pro-25000-Puffs-50000-Puffs.jpg",12,12,false],"woocommerce_thumbnail":["https:\/\/vapestornado.com\/wp-content\/uploads\/2024\/12\/Bood-vape-pulse-pro-25000-Puffs-50000-Puffs-300x300.jpg",300,300,true],"woocommerce_single":["https:\/\/vapestornado.com\/wp-content\/uploads\/2024\/12\/Bood-vape-pulse-pro-25000-Puffs-50000-Puffs-600x600.jpg",600,600,true],"woocommerce_gallery_thumbnail":["https:\/\/vapestornado.com\/wp-content\/uploads\/2024\/12\/Bood-vape-pulse-pro-25000-Puffs-50000-Puffs-100x100.jpg",100,100,true]},"uagb_author_info":{"display_name":"ESMANDY","author_link":"https:\/\/vapestornado.com\/fr\/author\/"},"uagb_comment_info":0,"uagb_excerpt":"The Bood Pulse Pro 25K\/50K Puffs Vape offers dual capacity options, mesh coil performance, and rechargeable power. A versatile disposable designed for wholesale bulk buyers in Europe. [caption id=\"attachment_2951\" align=\"alignnone\" width=\"265\"] Pls Contact Mandy's WhatsApp For Discount Price\u00a0 +8618077105796[\/caption] &nbsp;","_links":{"self":[{"href":"https:\/\/vapestornado.com\/fr\/wp-json\/wp\/v2\/product\/3445","targetHints":{"allow":["GET"]}}],"collection":[{"href":"https:\/\/vapestornado.com\/fr\/wp-json\/wp\/v2\/product"}],"about":[{"href":"https:\/\/vapestornado.com\/fr\/wp-json\/wp\/v2\/types\/product"}],"replies":[{"embeddable":true,"href":"https:\/\/vapestornado.com\/fr\/wp-json\/wp\/v2\/comments?post=3445"}],"wp:featuredmedia":[{"embeddable":true,"href":"https:\/\/vapestornado.com\/fr\/wp-json\/wp\/v2\/media\/3504"}],"wp:attachment":[{"href":"https:\/\/vapestornado.com\/fr\/wp-json\/wp\/v2\/media?parent=3445"}],"wp:term":[{"taxonomy":"product_brand","embeddable":true,"href":"https:\/\/vapestornado.com\/fr\/wp-json\/wp\/v2\/product_brand?post=3445"},{"taxonomy":"product_cat","embeddable":true,"href":"https:\/\/vapestornado.com\/fr\/wp-json\/wp\/v2\/product_cat?post=3445"},{"taxonomy":"product_tag","embeddable":true,"href":"https:\/\/vapestornado.com\/fr\/wp-json\/wp\/v2\/product_tag?post=3445"}],"curies":[{"name":"wp","href":"https:\/\/api.w.org\/{rel}","templated":true}]}}