{"id":3421,"date":"2024-12-27T07:57:48","date_gmt":"2024-12-27T07:57:48","guid":{"rendered":"https:\/\/vapestornado.com\/?post_type=product&#038;p=3421"},"modified":"2025-08-23T12:05:35","modified_gmt":"2025-08-23T12:05:35","slug":"fumot-randm-tornado-15000-puffs-disposable-vape","status":"publish","type":"product","link":"https:\/\/vapestornado.com\/fr\/product\/fumot-randm-tornado-15000-puffs-disposable-vape\/","title":{"rendered":"Fumot RandM Tornado 15000 Bouff\u00e9es Vape jetable"},"content":{"rendered":"<h1>Fumot RandM Tornado 15000 Bouff\u00e9es Vape jetable<\/h1>\n<p>L' <strong data-start=\"332\" data-end=\"383\">Fumot RandM Tornado 15000 Bouff\u00e9es Vape jetable<\/strong> est con\u00e7u pour les d\u00e9taillants et les distributeurs qui souhaitent proposer un appareil haute capacit\u00e9 et riche en fonctionnalit\u00e9s \u00e0 des prix de gros comp\u00e9titifs. Offrant jusqu'\u00e0 <strong data-start=\"534\" data-end=\"550\">15 000 bouff\u00e9es<\/strong>, cette vape combine <strong data-start=\"571\" data-end=\"599\">25 ml d'e-liquide pr\u00e9-rempli<\/strong> avec <strong data-start=\"605\" data-end=\"634\">technologie de double bobine en maille<\/strong>, assurant une vapeur douce et une saveur constante \u00e0 chaque fois.<\/p>\n<p>Aliment\u00e9 par une <strong data-start=\"714\" data-end=\"752\">une batterie rechargeable robuste de 850mAh<\/strong> et \u00e9quip\u00e9 de <strong data-start=\"771\" data-end=\"795\">Charge rapide Type-C<\/strong>, le Tornado 15K garantit un temps d'arr\u00eat minimal et des performances fiables. Son <strong data-start=\"871\" data-end=\"894\">\u00e9cran num\u00e9rique LED<\/strong> permet aux utilisateurs de v\u00e9rifier instantan\u00e9ment le nombre de bouff\u00e9es et l'autonomie de la batterie, ajoutant une touche moderne et conviviale.<\/p>\n<p>Disponible en <strong data-start=\"1016\" data-end=\"1037\">51 saveurs uniques<\/strong> et des concentrations de nicotine de <strong data-start=\"1064\" data-end=\"1076\">2% ou 5%<\/strong>, le RandM Tornado 15000 offre vari\u00e9t\u00e9 et satisfaction \u00e0 une large client\u00e8le. \u00c9l\u00e9gant, durable et efficace, c'est le choix parfait pour les acheteurs en gros et les magasins cherchant \u00e0 \u00e9largir leur s\u00e9lection de vapes jetables avec un best-seller \u00e9prouv\u00e9.<\/p>\n<p><img fetchpriority=\"high\" decoding=\"async\" class=\"alignnone size-large wp-image-3428\" src=\"https:\/\/vapestornado.com\/wp-content\/uploads\/2024\/12\/LED-Screen-Disposable-Vape-RandM-Tornado-15000-Puffs-1024x657.jpg\" alt=\"Vape jetable avec \u00e9cran LED RandM Tornado 15000 Puffs\" width=\"1024\" height=\"657\" srcset=\"https:\/\/vapestornado.com\/wp-content\/uploads\/2024\/12\/LED-Screen-Disposable-Vape-RandM-Tornado-15000-Puffs-1024x657.jpg 1024w, https:\/\/vapestornado.com\/wp-content\/uploads\/2024\/12\/LED-Screen-Disposable-Vape-RandM-Tornado-15000-Puffs-300x192.jpg 300w, https:\/\/vapestornado.com\/wp-content\/uploads\/2024\/12\/LED-Screen-Disposable-Vape-RandM-Tornado-15000-Puffs-768x492.jpg 768w, https:\/\/vapestornado.com\/wp-content\/uploads\/2024\/12\/LED-Screen-Disposable-Vape-RandM-Tornado-15000-Puffs-1536x985.jpg 1536w, https:\/\/vapestornado.com\/wp-content\/uploads\/2024\/12\/LED-Screen-Disposable-Vape-RandM-Tornado-15000-Puffs-600x385.jpg 600w, https:\/\/vapestornado.com\/wp-content\/uploads\/2024\/12\/LED-Screen-Disposable-Vape-RandM-Tornado-15000-Puffs.jpg 2048w\" sizes=\"(max-width: 1024px) 100vw, 1024px\" \/><\/p>\n<hr \/>\n<h3>Caract\u00e9ristiques du produit<\/h3>\n<ol>\n<li><strong>Utilisation prolong\u00e9e<\/strong>: <strong>15,000<\/strong> bouff\u00e9es avec <strong>25 ml<\/strong> e-liquide pour des performances durables.<\/li>\n<li><strong>Batterie rechargeable<\/strong>: Int\u00e9gr\u00e9 <strong>c\u0153ur pour une sortie stable, et un<\/strong> batterie avec <strong>Type-C<\/strong> charge rapide.<\/li>\n<li><strong>Double bobine maill\u00e9e<\/strong>: Production de vapeur et saveur am\u00e9lior\u00e9es.<\/li>\n<li><strong>\u00c9cran d'affichage LED<\/strong>: Surveillance en temps r\u00e9el des bouff\u00e9es et de la batterie.<\/li>\n<li><strong>41 Saveurs Disponibles<\/strong>: Large vari\u00e9t\u00e9 d'options excitantes pour chaque pr\u00e9f\u00e9rence.<\/li>\n<\/ol>\n<hr \/>\n<h3>Liste des saveurs<\/h3>\n<ol>\n<li>Limonade aux framboises bleues<\/li>\n<li>P\u00eache Glac\u00e9e<\/li>\n<li>Pomme Acidul\u00e9e<\/li>\n<li>Glace Past\u00e8que<\/li>\n<li>Myrtille Glac\u00e9e<\/li>\n<li>Myrtille Framboise<\/li>\n<li>Ananas Glac\u00e9<\/li>\n<li>Cerise<\/li>\n<li>Fraise Glac\u00e9e<\/li>\n<li>Vimto<\/li>\n<li>Glace au raisin<\/li>\n<li>Cola Glac\u00e9<\/li>\n<li>Fraise Past\u00e8que<\/li>\n<li>Limonade rose<\/li>\n<li>Baies m\u00e9lang\u00e9es<\/li>\n<li>P\u00eache Mangue<\/li>\n<li>Fruit du Dragon<\/li>\n<li>Raisin et fraise<\/li>\n<li>M. Blue<\/li>\n<li>Glace luxuriante<\/li>\n<li>Sucette glac\u00e9e<\/li>\n<li>Fraise Kiwi<\/li>\n<li>Kiwi Fruit de la Passion Goyave<\/li>\n<li>Triple Baie<\/li>\n<li>Glace \u00e0 la banane<\/li>\n<li>Bonbon P\u00eache Myrtille<\/li>\n<li>Pomme P\u00eache Poire<\/li>\n<li>Limonade aux Baies<\/li>\n<li>Cerise Framboise Bleue<\/li>\n<li>Bubblegum Myrtille<\/li>\n<li>Myrtille Cerise Canneberge<\/li>\n<li>Grenade Myrtille<\/li>\n<li>Framboise Bleue Acide<\/li>\n<li>Coca-cola cerise<\/li>\n<li>Oursons en G\u00e9latine<\/li>\n<li>Citron<\/li>\n<li>Mangue Glac\u00e9e<\/li>\n<li>Boisson \u00c9nergisante Rouge Glac\u00e9e<\/li>\n<li>Fraise Banane<\/li>\n<li>Fraise Red Bull<\/li>\n<li>Limonade Fraise Past\u00e8que<\/li>\n<\/ol>\n<hr \/>\n<h3>RandM Tornado 15000 Puffs Top 5 Saveurs<\/h3>\n<ol>\n<li><strong>Limonade aux framboises bleues<\/strong>: Myrtille rafra\u00eechissante avec un zeste de limonade acidul\u00e9e.<\/li>\n<li><strong>P\u00eache Mangue<\/strong>: P\u00eache sucr\u00e9e m\u00e9lang\u00e9e \u00e0 de la mangue tropicale.<\/li>\n<li><strong>Glace luxuriante<\/strong>: Past\u00e8que avec une touche glac\u00e9e et menthol\u00e9e.<\/li>\n<li><strong>Oursons en G\u00e9latine<\/strong>: Une saveur de bonbon nostalgique avec une touche fruit\u00e9e.<\/li>\n<li><strong>Fraise Kiwi<\/strong>: Fraise juteuse associ\u00e9e \u00e0 du kiwi acidul\u00e9.<\/li>\n<\/ol>\n<hr \/>\n<h3>Pourquoi choisir le RandM Tornado 15000 Puffs ?<\/h3>\n<ul>\n<li><strong>Nombre de Puffs Massif<\/strong>: Offre 15 000 puffs pour une satisfaction longue dur\u00e9e.<\/li>\n<li><strong>Rendu des Saveurs Premium<\/strong>: La double r\u00e9sistance en maille assure une saveur riche et constante.<\/li>\n<li><strong>Design Pratique<\/strong>: Rechargeable avec un port Type-C et un \u00e9cran LED pour le suivi.<\/li>\n<li><strong>Vari\u00e9t\u00e9 In\u00e9gal\u00e9e<\/strong>: 41 saveurs pour satisfaire toutes les pr\u00e9f\u00e9rences gustatives.<\/li>\n<li><strong>Portable et \u00c9l\u00e9gant<\/strong>: Conception compacte avec un \u00e9cran LED \u00e9l\u00e9gant.<\/li>\n<\/ul>\n<hr \/>\n<h3>FAQ<\/h3>\n<p><strong>Q1: Combien de temps dure la batterie sur une seule charge?<\/strong><br \/>\nLe RandM 15000 puffs, une cigarette \u00e9lectronique jetable, contient une batterie rechargeable de 850mAh offrant des heures de vapotage continu et peut \u00eatre facilement recharg\u00e9e avec un c\u00e2ble Type-C.<\/p>\n<p><strong>Q2: Les 41 saveurs sont-elles disponibles dans toutes les r\u00e9gions?<\/strong><br \/>\nOui, la gamme compl\u00e8te des 41 saveurs est disponible mondialement, vous assurant de trouver votre pr\u00e9f\u00e9r\u00e9e o\u00f9 que vous soyez.<\/p>\n<p><strong>Q3: Quelles sont les concentrations de nicotine disponibles?<\/strong><br \/>\nLe Fumot RandM Tornado 15000 Puffs est disponible en options de sel de nicotine de 2% et 5%.<\/p>\n<h4>Contactez Fumot Vape 9k en gros et obtenez une r\u00e9duction d\u00e8s maintenant !<\/h4>\n<p><img decoding=\"async\" class=\"size-large wp-image-2921\" src=\"https:\/\/vapestornado.com\/wp-content\/uploads\/2024\/11\/20062b3a285f900e79520aad496b94d-887x1024.jpg\" alt=\"vapestornado Vicky\" width=\"887\" height=\"1024\" srcset=\"https:\/\/vapestornado.com\/wp-content\/uploads\/2024\/11\/20062b3a285f900e79520aad496b94d-887x1024.jpg 887w, https:\/\/vapestornado.com\/wp-content\/uploads\/2024\/11\/20062b3a285f900e79520aad496b94d-260x300.jpg 260w, https:\/\/vapestornado.com\/wp-content\/uploads\/2024\/11\/20062b3a285f900e79520aad496b94d-768x887.jpg 768w, https:\/\/vapestornado.com\/wp-content\/uploads\/2024\/11\/20062b3a285f900e79520aad496b94d-600x693.jpg 600w, https:\/\/vapestornado.com\/wp-content\/uploads\/2024\/11\/20062b3a285f900e79520aad496b94d.jpg 1080w\" sizes=\"(max-width: 887px) 100vw, 887px\" \/><\/p>","protected":false},"excerpt":{"rendered":"<p><strong>RandM Tornado 15000 Puffs Vape Jetable<\/strong> propose 51 saveurs, une batterie rechargeable de 850mAh, un \u00e9cran LED, une double r\u00e9sistance mesh et 15 000 bouff\u00e9es pour un plaisir prolong\u00e9.<\/p>\n<p><strong><span style=\"color: #ff0000;\">(le prix de notre site Web n'inclut pas les frais d'exp\u00e9dition, veuillez me contacter pour obtenir le prix total et votre r\u00e9duction\u00a0!)<\/span><\/strong><\/p>\n<p><img decoding=\"async\" class=\"size-medium wp-image-2921\" src=\"https:\/\/vapestornado.com\/wp-content\/uploads\/2024\/11\/20062b3a285f900e79520aad496b94d-260x300.jpg\" alt=\"vapestornado Vicky\" width=\"260\" height=\"300\" srcset=\"https:\/\/vapestornado.com\/wp-content\/uploads\/2024\/11\/20062b3a285f900e79520aad496b94d-260x300.jpg 260w, https:\/\/vapestornado.com\/wp-content\/uploads\/2024\/11\/20062b3a285f900e79520aad496b94d-887x1024.jpg 887w, https:\/\/vapestornado.com\/wp-content\/uploads\/2024\/11\/20062b3a285f900e79520aad496b94d-768x887.jpg 768w, https:\/\/vapestornado.com\/wp-content\/uploads\/2024\/11\/20062b3a285f900e79520aad496b94d-600x693.jpg 600w, https:\/\/vapestornado.com\/wp-content\/uploads\/2024\/11\/20062b3a285f900e79520aad496b94d.jpg 1080w\" sizes=\"(max-width: 260px) 100vw, 260px\" \/><\/p>","protected":false},"featured_media":3425,"comment_status":"open","ping_status":"closed","template":"","meta":{"_acf_changed":false,"_uag_custom_page_level_css":"","_lmt_disableupdate":"no","_lmt_disable":"","_monsterinsights_skip_tracking":false,"_monsterinsights_sitenote_active":false,"_monsterinsights_sitenote_note":"","_monsterinsights_sitenote_category":0,"site-sidebar-layout":"default","site-content-layout":"","ast-site-content-layout":"default","site-content-style":"default","site-sidebar-style":"default","ast-global-header-display":"","ast-banner-title-visibility":"","ast-main-header-display":"","ast-hfb-above-header-display":"","ast-hfb-below-header-display":"","ast-hfb-mobile-header-display":"","site-post-title":"","ast-breadcrumbs-content":"","ast-featured-img":"","footer-sml-layout":"","ast-disable-related-posts":"","theme-transparent-header-meta":"default","adv-header-id-meta":"","stick-header-meta":"","header-above-stick-meta":"","header-main-stick-meta":"","header-below-stick-meta":"","astra-migrate-meta-layouts":"set","ast-page-background-enabled":"default","ast-page-background-meta":{"desktop":{"background-color":"","background-image":"","background-repeat":"repeat","background-position":"center center","background-size":"auto","background-attachment":"scroll","background-type":"","background-media":"","overlay-type":"","overlay-color":"","overlay-opacity":"","overlay-gradient":""},"tablet":{"background-color":"","background-image":"","background-repeat":"repeat","background-position":"center center","background-size":"auto","background-attachment":"scroll","background-type":"","background-media":"","overlay-type":"","overlay-color":"","overlay-opacity":"","overlay-gradient":""},"mobile":{"background-color":"","background-image":"","background-repeat":"repeat","background-position":"center center","background-size":"auto","background-attachment":"scroll","background-type":"","background-media":"","overlay-type":"","overlay-color":"","overlay-opacity":"","overlay-gradient":""}},"ast-content-background-meta":{"desktop":{"background-color":"var(--ast-global-color-5)","background-image":"","background-repeat":"repeat","background-position":"center center","background-size":"auto","background-attachment":"scroll","background-type":"","background-media":"","overlay-type":"","overlay-color":"","overlay-opacity":"","overlay-gradient":""},"tablet":{"background-color":"var(--ast-global-color-5)","background-image":"","background-repeat":"repeat","background-position":"center center","background-size":"auto","background-attachment":"scroll","background-type":"","background-media":"","overlay-type":"","overlay-color":"","overlay-opacity":"","overlay-gradient":""},"mobile":{"background-color":"var(--ast-global-color-5)","background-image":"","background-repeat":"repeat","background-position":"center center","background-size":"auto","background-attachment":"scroll","background-type":"","background-media":"","overlay-type":"","overlay-color":"","overlay-opacity":"","overlay-gradient":""}},"_joinchat":{"telephone":"+8618077105750"}},"product_brand":[],"product_cat":[71,150,152,159,142,58,144,148,19],"product_tag":[],"class_list":{"0":"post-3421","1":"product","2":"type-product","3":"status-publish","4":"has-post-thumbnail","6":"product_cat-15000-puff","7":"product_cat-buy-disposable-vapes-in-belgium","8":"product_cat-buy-disposable-vapes-in-cermany","9":"product_cat-buy-disposable-vapes-in-sweden","10":"product_cat-digital-box-disposable-vapes","11":"product_cat-fumot-vape","12":"product_cat-low-nicotine-disposable-vapes","13":"product_cat-tornado-disposable-vapes","14":"product_cat-vapes","15":"desktop-align-left","16":"tablet-align-left","17":"mobile-align-left","19":"first","20":"instock","21":"sale","22":"shipping-taxable","23":"purchasable","24":"product-type-simple"},"acf":[],"uagb_featured_image_src":{"full":["https:\/\/vapestornado.com\/wp-content\/uploads\/2024\/12\/Fumot-RandM-Tornado-15000-Puffs-Review.jpg",1080,1350,false],"thumbnail":["https:\/\/vapestornado.com\/wp-content\/uploads\/2024\/12\/Fumot-RandM-Tornado-15000-Puffs-Review-150x150.jpg",150,150,true],"medium":["https:\/\/vapestornado.com\/wp-content\/uploads\/2024\/12\/Fumot-RandM-Tornado-15000-Puffs-Review-240x300.jpg",240,300,true],"medium_large":["https:\/\/vapestornado.com\/wp-content\/uploads\/2024\/12\/Fumot-RandM-Tornado-15000-Puffs-Review-768x960.jpg",768,960,true],"large":["https:\/\/vapestornado.com\/wp-content\/uploads\/2024\/12\/Fumot-RandM-Tornado-15000-Puffs-Review-819x1024.jpg",819,1024,true],"1536x1536":["https:\/\/vapestornado.com\/wp-content\/uploads\/2024\/12\/Fumot-RandM-Tornado-15000-Puffs-Review.jpg",1080,1350,false],"2048x2048":["https:\/\/vapestornado.com\/wp-content\/uploads\/2024\/12\/Fumot-RandM-Tornado-15000-Puffs-Review.jpg",1080,1350,false],"trp-custom-language-flag":["https:\/\/vapestornado.com\/wp-content\/uploads\/2024\/12\/Fumot-RandM-Tornado-15000-Puffs-Review.jpg",10,12,false],"woocommerce_thumbnail":["https:\/\/vapestornado.com\/wp-content\/uploads\/2024\/12\/Fumot-RandM-Tornado-15000-Puffs-Review-300x300.jpg",300,300,true],"woocommerce_single":["https:\/\/vapestornado.com\/wp-content\/uploads\/2024\/12\/Fumot-RandM-Tornado-15000-Puffs-Review-600x750.jpg",600,750,true],"woocommerce_gallery_thumbnail":["https:\/\/vapestornado.com\/wp-content\/uploads\/2024\/12\/Fumot-RandM-Tornado-15000-Puffs-Review-100x100.jpg",100,100,true]},"uagb_author_info":{"display_name":"ESvicky","author_link":"https:\/\/vapestornado.com\/fr\/author\/"},"uagb_comment_info":0,"uagb_excerpt":"RandM Tornado 15000 Puffs Disposable Vape features 51 flavors, 850mAh rechargeable battery, LED display, dual mesh coil, and 15,000 puffs for extended enjoyment. (our website price not include shipping cost, please contact me to get whole price and your disccount!)","_links":{"self":[{"href":"https:\/\/vapestornado.com\/fr\/wp-json\/wp\/v2\/product\/3421","targetHints":{"allow":["GET"]}}],"collection":[{"href":"https:\/\/vapestornado.com\/fr\/wp-json\/wp\/v2\/product"}],"about":[{"href":"https:\/\/vapestornado.com\/fr\/wp-json\/wp\/v2\/types\/product"}],"replies":[{"embeddable":true,"href":"https:\/\/vapestornado.com\/fr\/wp-json\/wp\/v2\/comments?post=3421"}],"wp:featuredmedia":[{"embeddable":true,"href":"https:\/\/vapestornado.com\/fr\/wp-json\/wp\/v2\/media\/3425"}],"wp:attachment":[{"href":"https:\/\/vapestornado.com\/fr\/wp-json\/wp\/v2\/media?parent=3421"}],"wp:term":[{"taxonomy":"product_brand","embeddable":true,"href":"https:\/\/vapestornado.com\/fr\/wp-json\/wp\/v2\/product_brand?post=3421"},{"taxonomy":"product_cat","embeddable":true,"href":"https:\/\/vapestornado.com\/fr\/wp-json\/wp\/v2\/product_cat?post=3421"},{"taxonomy":"product_tag","embeddable":true,"href":"https:\/\/vapestornado.com\/fr\/wp-json\/wp\/v2\/product_tag?post=3421"}],"curies":[{"name":"wp","href":"https:\/\/api.w.org\/{rel}","templated":true}]}}