{"id":3383,"date":"2024-12-26T02:33:15","date_gmt":"2024-12-26T02:33:15","guid":{"rendered":"https:\/\/vapestornado.com\/?post_type=product&#038;p=3383"},"modified":"2025-12-09T09:06:34","modified_gmt":"2025-12-09T09:06:34","slug":"wga-crystal-pro-max-extra-15000-puffs-rechargeable-disposable-vape-wholesale-bulk-buy","status":"publish","type":"product","link":"https:\/\/vapestornado.com\/fr\/product\/wga-crystal-pro-max-extra-15000-puffs-rechargeable-disposable-vape-wholesale-bulk-buy\/","title":{"rendered":"WGA Crystal Pro Max Extra 15000 Bouff\u00e9es Rechargeable Jetable Vape Achat en Gros"},"content":{"rendered":"<h1 class=\"product-title\">WGA Crystal Pro Max Extra 15000 Bouff\u00e9es Vape Jetable avec affichage \u00e0 \u00e9cran &amp; douceur du coil en mesh<\/h1>\n<p>WGA Crystal Pro Max Extra 15000 Bouff\u00e9es est une vape jetable rechargeable tr\u00e8s populaire, avec un design en cristal, 15000 bouff\u00e9es, coil en mesh pour la stabilit\u00e9 du go\u00fbt et charge rapide Type-C, con\u00e7ue pour une vape quotidienne fluide avec nicotine 2% et 5%.<\/p>\n<p data-start=\"904\" data-end=\"1140\"><strong data-start=\"904\" data-end=\"938\">Performance \u00e9quilibr\u00e9e pour une longue utilisation.<\/strong> L' <strong data-start=\"943\" data-end=\"1013\">WGA Crystal Pro Max Extra 15000 Bouff\u00e9es vape jetable rechargeable<\/strong> est con\u00e7ue pour les utilisateurs r\u00e9guliers qui souhaitent un appareil plus durable que les jetables standard, sans devenir encombrant dans la poche.<\/p>\n<p data-start=\"1144\" data-end=\"1344\"><strong data-start=\"1144\" data-end=\"1181\">Consistance du coil en mesh que vous remarquez.<\/strong> L' <strong data-start=\"1186\" data-end=\"1236\">WGA 15K coil en mesh jetable<\/strong> offre un chauffage uniforme, ce qui signifie des inhalations plus douces et moins de sensations d\u00e9sagr\u00e9ables en fin de consommation \u00e0 mesure que le nombre de bouff\u00e9es augmente.<\/p>\n<p data-start=\"1348\" data-end=\"1566\"><strong data-start=\"1348\" data-end=\"1382\">Force de nicotine adapt\u00e9e \u00e0 l'Europe.<\/strong> Avec une configuration fixe <strong data-start=\"1396\" data-end=\"1427\">vape jetable nicotine 2% et 5%<\/strong> la sensation reste l\u00e9g\u00e8re \u00e0 mod\u00e9r\u00e9e et pr\u00e9visible \u2014 populaire sur des march\u00e9s tels que <strong data-start=\"1510\" data-end=\"1565\">la France, l'Allemagne, les Pays-Bas, l'Espagne, et la Pologne<\/strong>.<\/p>\n<p data-start=\"1570\" data-end=\"1784\"><strong data-start=\"1570\" data-end=\"1616\">Charge rapide compatible avec l'usage quotidien.<\/strong> L' <strong data-start=\"1621\" data-end=\"1676\">WGA Crystal Pro Max Extra 15000 rechargeable Type-C<\/strong> maintient un temps d'arr\u00eat r\u00e9duit gr\u00e2ce aux c\u00e2bles modernes de l'UE que vous poss\u00e9dez d\u00e9j\u00e0, ce qui le rend pratique pour voyager ou de longues journ\u00e9es de travail.<\/p>\n<p data-start=\"1788\" data-end=\"1988\"><strong data-start=\"1788\" data-end=\"1823\">Design \u00e9pur\u00e9 qui se vend tout seul.<\/strong> Le corps de style cristal donne le <strong data-start=\"1857\" data-end=\"1895\">WGA Crystal 15K vape<\/strong> un aspect premium qui performe bien en pr\u00e9sentoirs de vente et qui est agr\u00e9able en main pour une utilisation quotidienne.<\/p>\n<p><span style=\"color: #ff0000;\"><strong>Ajoutez le Whatsapp d'Amy pour obtenir une r\u00e9ponse imm\u00e9diate et un coupon de vape !<\/strong><\/span><\/p>\n<p><img fetchpriority=\"high\" decoding=\"async\" class=\"size-full wp-image-2932\" src=\"https:\/\/vapestornado.com\/wp-content\/uploads\/2024\/12\/Vape-Wholesale.jpg\" alt=\"Vente en Gros de Vapes\" width=\"229\" height=\"300\" \/><\/p>\n<h3><a href=\"https:\/\/wa.me\/8617776015835\" target=\"_blank\" rel=\"noopener\"><span style=\"color: #ff0000;\"><strong>WhatsApp : +86 17776015835<\/strong><\/span><\/a><\/h3>\n<p>&nbsp;<\/p>\n<h2 class=\"product-title\">WGA Crystal 15k Vape Jetable<strong> Caract\u00e9ristiques du produit<\/strong><\/h2>\n<div role=\"article\" data-tabster=\"{&quot;groupper&quot;:{&quot;tabbability&quot;:2},&quot;focusable&quot;:{}}\" data-content=\"ai-message\" aria-labelledby=\"juhNTJ6o7Gk1cgwZMJgv2-author juhNTJ6o7Gk1cgwZMJgv2-content\">\n<div id=\"juhNTJ6o7Gk1cgwZMJgv2-content\">\n<div role=\"article\" data-tabster=\"{&quot;groupper&quot;:{&quot;tabbability&quot;:2},&quot;focusable&quot;:{}}\" data-content=\"ai-message\" aria-labelledby=\"x4EZuCZWrTbh3weWUt7CU-author x4EZuCZWrTbh3weWUt7CU-content\">\n<div id=\"x4EZuCZWrTbh3weWUt7CU-content\">\n<div class=\"flex max-w-full flex-col flex-grow\">\n<div class=\"min-h-8 text-message flex w-full flex-col items-end gap-2 whitespace-normal break-words text-start [.text-message+&amp;]:mt-5\" dir=\"auto\" data-message-author-role=\"assistant\" data-message-id=\"52c6e00a-252f-4104-805d-2f1a84739c71\" data-message-model-slug=\"gpt-4o\">\n<div class=\"flex w-full flex-col gap-1 empty:hidden first:pt-[3px]\">\n<div class=\"markdown prose w-full break-words dark:prose-invert light\"><\/div>\n<\/div>\n<\/div>\n<\/div>\n<div class=\"mb-2 flex gap-3 empty:hidden -ml-2\">\n<table>\n<thead>\n<tr>\n<th>Fonctionnalit\u00e9<\/th>\n<th>Spec<\/th>\n<th>D\u00e9tails<\/th>\n<\/tr>\n<\/thead>\n<tbody>\n<tr>\n<td>Nom du produit<\/td>\n<td>WGA Crystal Pro Max Extra 15000<\/td>\n<td>Vape jetable rechargeable de qualit\u00e9 sup\u00e9rieure.<\/td>\n<\/tr>\n<tr>\n<td>Capacit\u00e9 de bouff\u00e9es<\/td>\n<td>Jusqu'\u00e0 15 000 bouff\u00e9es<\/td>\n<td>Dur\u00e9e de vie prolong\u00e9e pour une utilisation quotidienne r\u00e9guli\u00e8re.<\/td>\n<\/tr>\n<tr>\n<td>Type de Bobine<\/td>\n<td>Bobine en maille<\/td>\n<td>Chauffage uniforme pour une vapeur lisse et une saveur stable.<\/td>\n<\/tr>\n<tr>\n<td>Teneur en nicotine<\/td>\n<td>Nicotine sal\u00e9e 2%<\/td>\n<td>Impact l\u00e9ger \u00e0 mod\u00e9r\u00e9 conforme aux pr\u00e9f\u00e9rences de l'UE.<\/td>\n<\/tr>\n<tr>\n<td>Chargement<\/td>\n<td>charge rapide Type-C<\/td>\n<td>Recharge rapide avec des c\u00e2bles modernes courants.<\/td>\n<\/tr>\n<tr>\n<td>Batterie<\/td>\n<td>Batterie rechargeable longue dur\u00e9e<\/td>\n<td>Con\u00e7u pour permettre une utilisation compl\u00e8te de l'appareil ; recharge selon les besoins.<\/td>\n<\/tr>\n<tr>\n<td>Design du corps<\/td>\n<td>Coque transparente de style cristal<\/td>\n<td>Aspect \u00e9l\u00e9gant et moderne ; facile \u00e0 transporter et \u00e0 exposer.<\/td>\n<\/tr>\n<tr>\n<td>Utilisation cible<\/td>\n<td>Jetable, haute demande en vente au d\u00e9tail\/gros en Europe<\/td>\n<td>Fonctionnement simple avec une sensation premium.<\/td>\n<\/tr>\n<\/tbody>\n<\/table>\n<\/div>\n<\/div>\n<\/div>\n<\/div>\n<\/div>\n<h2><\/h2>\n<h2 class=\"product-title\"><strong>Saveurs Populaires pour les Vapes Jetables WGA Crystal 15000 Bouff\u00e9es<\/strong><\/h2>\n<p>1. Past\u00e8que Glac\u00e9e<span style=\"color: #ff0000;\"> <strong>&gt;&gt;&gt;&gt; Chaud !<\/strong><\/span><br \/>\n2. Framboise Bleue <span style=\"color: #ff0000;\"><strong>&gt;&gt;&gt;&gt; Chaud !<\/strong><\/span><br \/>\n3. Cerise P\u00e9tillante<br \/>\n4. Oursons en G\u00e9latine<br \/>\n5. Citron Vert<br \/>\n6. Fraise glac\u00e9e<br \/>\n7. Framboise Bleue Acidul\u00e9e <span style=\"color: #ff0000;\"><strong>&gt;&gt;&gt;&gt; Chaud !<\/strong><\/span><br \/>\n8. Glace de Razz Bleue<br \/>\n9. M. Blue<br \/>\n10. Skittles<br \/>\n11. Myrtille Cerise Cranberry<br \/>\n12. P\u00eache Juteuse<br \/>\n13. Fraise Framboise Cerise Glac\u00e9e <span style=\"color: #ff0000;\"><strong>&gt;&gt;&gt;&gt; Le meilleur !<\/strong><\/span><br \/>\n14. Hubba Bubba<br \/>\n15. M\u00fbre Myrtille Framboise<br \/>\n16. B\u00e2tonnet Glac\u00e9 \u00e0 la Fraise<br \/>\n17. B\u00e2tonnet Glac\u00e9 \u00e0 la Myrtille<br \/>\n18. Prime Fraise Past\u00e8que<br \/>\n19. Chewing-gum Fraise Cerise<br \/>\n20. Framboise Cerise Glac\u00e9e <span style=\"color: #ff0000;\"><strong>&gt;&gt;&gt;&gt; Chaud !<\/strong><\/span><br \/>\n21. Ananas Glac\u00e9<br \/>\n22. R\u00eave d'\u00e9t\u00e9<br \/>\n23. Rose Wga<br \/>\n24. Menthe fra\u00eeche<br \/>\n25. Double Pomme<br \/>\n26. Triple Mangue<br \/>\n27. Glace Dragon Noir<br \/>\n28. Cola Glac\u00e9<br \/>\n29. Ananas Citron <span style=\"color: #ff0000;\"><strong>&gt;&gt;&gt;&gt; Chaud !<\/strong><\/span><br \/>\n30. M. Black<br \/>\n31. Kiwi Fruit de la Passion Goyave<\/p>\n<div class=\"flex-shrink-0 flex flex-col relative items-end\">\n<div class=\"pt-0\">\n<div class=\"gizmo-bot-avatar flex h-8 w-8 items-center justify-center overflow-hidden rounded-full\">\n<div class=\"relative p-1 rounded-sm flex items-center justify-center bg-token-main-surface-primary text-token-text-primary h-8 w-8\">\n<figure id=\"attachment_3375\" aria-describedby=\"caption-attachment-3375\" style=\"width: 1000px\" class=\"wp-caption alignnone\"><img decoding=\"async\" class=\"wp-image-3375 size-full\" src=\"https:\/\/vapestornado.com\/wp-content\/uploads\/2024\/12\/WGA-Crystal-15k-Disposable-Vape.jpg\" alt=\"WGA Crystal 15k Vape Jetable\" width=\"1000\" height=\"1000\" srcset=\"https:\/\/vapestornado.com\/wp-content\/uploads\/2024\/12\/WGA-Crystal-15k-Disposable-Vape.jpg 1000w, https:\/\/vapestornado.com\/wp-content\/uploads\/2024\/12\/WGA-Crystal-15k-Disposable-Vape-300x300.jpg 300w, https:\/\/vapestornado.com\/wp-content\/uploads\/2024\/12\/WGA-Crystal-15k-Disposable-Vape-150x150.jpg 150w, https:\/\/vapestornado.com\/wp-content\/uploads\/2024\/12\/WGA-Crystal-15k-Disposable-Vape-768x768.jpg 768w, https:\/\/vapestornado.com\/wp-content\/uploads\/2024\/12\/WGA-Crystal-15k-Disposable-Vape-600x600.jpg 600w, https:\/\/vapestornado.com\/wp-content\/uploads\/2024\/12\/WGA-Crystal-15k-Disposable-Vape-100x100.jpg 100w\" sizes=\"(max-width: 1000px) 100vw, 1000px\" \/><figcaption id=\"caption-attachment-3375\" class=\"wp-caption-text\">WGA Crystal 15k Vape Jetable<\/figcaption><\/figure>\n<h3>FAQ pour le Vape Jetable WGA Crystal 15000<\/h3>\n<ol data-start=\"2830\" data-end=\"4028\">\n<li data-start=\"2830\" data-end=\"3071\">\n<p data-start=\"2833\" data-end=\"3071\"><strong data-start=\"2833\" data-end=\"2923\">Comment le coil en mesh du WGA Crystal Pro Max Extra 15000 bouff\u00e9es influence-t-il la saveur au fil du temps ?<\/strong><br data-start=\"2923\" data-end=\"2926\" \/>Les coils en mesh chauffent uniform\u00e9ment \u00e0 travers la m\u00e8che, ce qui permet \u00e0 la saveur de rester plus riche et plus lisse plus longtemps dans la dur\u00e9e de vie de l'appareil compar\u00e9 aux coils en fil standard.<\/p>\n<\/li>\n<li data-start=\"3073\" data-end=\"3301\">\n<p data-start=\"3076\" data-end=\"3301\"><strong data-start=\"3076\" data-end=\"3181\">Le WGA Crystal Pro Max Extra 15K rechargeable jetable est-il adapt\u00e9 pour les d\u00e9placements quotidiens et les voyages ?<\/strong><br data-start=\"3181\" data-end=\"3184\" \/>Oui. Le corps en cristal reste compact, et <strong data-start=\"3225\" data-end=\"3244\">le chargement de type C<\/strong> facilite le rechargement lors de longues journ\u00e9es loin de chez soi.<\/p>\n<\/li>\n<li data-start=\"3303\" data-end=\"3532\">\n<p data-start=\"3306\" data-end=\"3532\"><strong data-start=\"3306\" data-end=\"3412\">Quel type de sensation de vapeur les utilisateurs doivent-ils attendre du vapoteur jetable WGA Crystal Pro Max Extra 15000 ?<\/strong><br data-start=\"3412\" data-end=\"3415\" \/>Attendez une aspiration douce et r\u00e9guli\u00e8re avec une densit\u00e9 de vapeur constante \u2014 la conception \u00e0 coil en mesh aide \u00e0 \u00e9viter les coups secs et secs en fin d'utilisation.<\/p>\n<\/li>\n<li data-start=\"3534\" data-end=\"3772\">\n<p data-start=\"3537\" data-end=\"3772\"><strong data-start=\"3537\" data-end=\"3632\">Pourquoi la nicotine 2% est-elle une correspondance forte pour la version EU du vapoteur jetable WGA Crystal Pro Max Extra 15000 Puff ?<\/strong><br data-start=\"3632\" data-end=\"3635\" \/>2% offre une sensation contr\u00f4l\u00e9e et mod\u00e9r\u00e9e qui convient \u00e0 de nombreux utilisateurs europ\u00e9ens qui pr\u00e9f\u00e8rent une force quotidienne plus l\u00e9g\u00e8re sans sacrifier la satisfaction.<\/p>\n<\/li>\n<li data-start=\"3774\" data-end=\"4028\">\n<p data-start=\"3777\" data-end=\"4028\"><strong data-start=\"3777\" data-end=\"3878\">Le vapoteur rechargeable WGA Crystal Pro Max Extra 15000 Type-C emp\u00eache-t-il une d\u00e9charge pr\u00e9matur\u00e9e de la batterie ?<\/strong><br data-start=\"3878\" data-end=\"3881\" \/>La rechargeable r\u00e9sout ce probl\u00e8me. Si la batterie chute avant la fin des puffs, une recharge rapide via Type-C permet de continuer jusqu'\u00e0 ce que ce soit termin\u00e9.<\/p>\n<\/li>\n<\/ol>\n<\/div>\n<\/div>\n<\/div>\n<\/div>\n<div class=\"flex-shrink-0 flex flex-col relative items-end\">\n<div class=\"pt-0\">\n<div class=\"gizmo-bot-avatar flex h-8 w-8 items-center justify-center overflow-hidden rounded-full\">\n<div class=\"relative p-1 rounded-sm flex items-center justify-center bg-token-main-surface-primary text-token-text-primary h-8 w-8\">\n<div class=\"mb-2 flex gap-3 empty:hidden -ml-2\">\n<div role=\"article\" data-tabster=\"{&quot;groupper&quot;:{&quot;tabbability&quot;:2},&quot;focusable&quot;:{}}\" data-content=\"ai-message\" aria-labelledby=\"Vdt5ez4X7Tg813x6rFVha-author Vdt5ez4X7Tg813x6rFVha-content\">\n<div id=\"Vdt5ez4X7Tg813x6rFVha-content\">\n<div role=\"article\" data-tabster=\"{&quot;groupper&quot;:{&quot;tabbability&quot;:2},&quot;focusable&quot;:{}}\" data-content=\"ai-message\" aria-labelledby=\"o968oC7CEo2fGHsGdsRYC-author o968oC7CEo2fGHsGdsRYC-content\">\n<div id=\"o968oC7CEo2fGHsGdsRYC-content\">\n<p>&nbsp;<\/p>\n<h3>Pourquoi choisir vapestornado pour la vente en gros de vapes WGA Crystal 15000 Puffs ?<\/h3>\n<div class=\"flex-shrink-0 flex flex-col relative items-end\">\n<div class=\"pt-0\">\n<div class=\"gizmo-bot-avatar flex h-8 w-8 items-center justify-center overflow-hidden rounded-full\">\n<div class=\"relative p-1 rounded-sm flex items-center justify-center bg-token-main-surface-primary text-token-text-primary h-8 w-8\">\n<p>Bienvenue chez vapestornado, votre boutique de vape en ligne de confiance pour les vapes jetables de qualit\u00e9 sup\u00e9rieure. Avec plus de 5 ans d'expertise, nous vous proposons des marques populaires de vapes jetables telles que Fumot RandM Vape, <a href=\"https:\/\/vapestornado.com\/fr\/product-category\/vapme-shisha\/\">Vapme<\/a>, Bang Vape, Waspe Vape et WGA Vape, etc.<\/p>\n<p>Notre gamme comprend des vapes tr\u00e8s demand\u00e9es comme le <a href=\"https:\/\/vapestornado.com\/fr\/product\/fumot-randm-tornado-15000-puffs-rechargeable-disposable-vape-wholesale\/\">RandM Tornade 15000<\/a>, et des choix riches en saveurs comme le <a href=\"https:\/\/vapestornado.com\/fr\/product\/vapsolo-dg-18000-puffs-smart-screen-wholesale-disposable-cheap-vapes\/\">\u00a0Vapsolo DG18000 Bouff\u00e9es<\/a> . Chaque produit est choisi en mettant l'accent sur la qualit\u00e9, la valeur et la vari\u00e9t\u00e9, afin de vous assurer de trouver la solution id\u00e9ale pour vos besoins. D\u00e9couvrez un service exceptionnel et une large gamme de produits de qualit\u00e9 sup\u00e9rieure \u00e0 prix de gros chez vapestornado.<\/p>\n<\/div>\n<p>&nbsp;<\/p>\n<p><strong>Autres vapes jetables populaires<\/strong><\/p>\n<p><a href=\"https:\/\/vapestornado.com\/fr\/product\/bang-vape-35000-puffs-low-nicotine-bulk-buy-rechargeable-disposable-vapes-box-wholesale-price\/\">Bang Vape 35000 Bouff\u00e9es <span style=\"color: #ff0000;\"><strong>&gt;&gt;&gt;&gt; Aller !<\/strong><\/span><\/a><\/p>\n<p><a href=\"https:\/\/vapestornado.com\/fr\/product\/bang-box-30000-30k-puffs-low-nicotine-bulk-buy-rechargeable-digital-display-disposable-vapes-pen-wholesale\/\">Bang Box 30000 <span style=\"color: #ff0000;\"><strong>&gt;&gt;&gt;&gt; Aller !<\/strong><\/span><\/a><\/p>\n<p><a href=\"https:\/\/vapestornado.com\/fr\/product\/bood-twins-46000-puff-double-flavour-low-nicotine-disposable-vape-wholesale-bulk-buy-price\/\">Bood Twins 46000<span style=\"color: #ff0000;\"><strong>&gt;&gt;&gt;&gt; Aller !<\/strong><\/span><\/a><\/p>\n<\/div>\n<\/div>\n<\/div>\n<p>&nbsp;<\/p>\n<\/div>\n<\/div>\n<\/div>\n<\/div>\n<\/div>\n<\/div>\n<\/div>\n<\/div>\n<\/div>","protected":false},"excerpt":{"rendered":"<p>WGA Crystal Pro Max Extra 15000 Bouff\u00e9es vapoteuse jetable rechargeable avec design en cristal, technologie de coil en mesh, force de nicotine 2%, et charge rapide Type-C. Design compact haut de gamme pour un vapeur au go\u00fbt fluide et stable, et une forte demande en vente au d\u00e9tail en Europe.<\/p>\n<p><strong>Ajoutez le WhatsApp d'Amy pour obtenir une bonne r\u00e9ponse et un coupon de vape !<\/strong><\/p>\n<p><img fetchpriority=\"high\" decoding=\"async\" class=\"size-full wp-image-2932\" src=\"https:\/\/vapestornado.com\/wp-content\/uploads\/2024\/12\/Vape-Wholesale.jpg\" alt=\"Vente en Gros de Vapes\" width=\"229\" height=\"300\" \/><\/p>\n<h3><a href=\"https:\/\/wa.me\/8617776015835\"><span style=\"color: #ff0000;\"><strong>WhatsApp : +86 17776015835<\/strong><\/span><\/a><\/h3>\n<p>&nbsp;<\/p>","protected":false},"featured_media":3378,"comment_status":"open","ping_status":"closed","template":"","meta":{"_acf_changed":false,"_uag_custom_page_level_css":"","_lmt_disableupdate":"no","_lmt_disable":"","_monsterinsights_skip_tracking":false,"_monsterinsights_sitenote_active":false,"_monsterinsights_sitenote_note":"","_monsterinsights_sitenote_category":0,"site-sidebar-layout":"default","site-content-layout":"","ast-site-content-layout":"default","site-content-style":"default","site-sidebar-style":"default","ast-global-header-display":"","ast-banner-title-visibility":"","ast-main-header-display":"","ast-hfb-above-header-display":"","ast-hfb-below-header-display":"","ast-hfb-mobile-header-display":"","site-post-title":"","ast-breadcrumbs-content":"","ast-featured-img":"","footer-sml-layout":"","ast-disable-related-posts":"","theme-transparent-header-meta":"default","adv-header-id-meta":"","stick-header-meta":"","header-above-stick-meta":"","header-main-stick-meta":"","header-below-stick-meta":"","astra-migrate-meta-layouts":"set","ast-page-background-enabled":"default","ast-page-background-meta":{"desktop":{"background-color":"","background-image":"","background-repeat":"repeat","background-position":"center center","background-size":"auto","background-attachment":"scroll","background-type":"","background-media":"","overlay-type":"","overlay-color":"","overlay-opacity":"","overlay-gradient":""},"tablet":{"background-color":"","background-image":"","background-repeat":"repeat","background-position":"center center","background-size":"auto","background-attachment":"scroll","background-type":"","background-media":"","overlay-type":"","overlay-color":"","overlay-opacity":"","overlay-gradient":""},"mobile":{"background-color":"","background-image":"","background-repeat":"repeat","background-position":"center center","background-size":"auto","background-attachment":"scroll","background-type":"","background-media":"","overlay-type":"","overlay-color":"","overlay-opacity":"","overlay-gradient":""}},"ast-content-background-meta":{"desktop":{"background-color":"var(--ast-global-color-5)","background-image":"","background-repeat":"repeat","background-position":"center center","background-size":"auto","background-attachment":"scroll","background-type":"","background-media":"","overlay-type":"","overlay-color":"","overlay-opacity":"","overlay-gradient":""},"tablet":{"background-color":"var(--ast-global-color-5)","background-image":"","background-repeat":"repeat","background-position":"center center","background-size":"auto","background-attachment":"scroll","background-type":"","background-media":"","overlay-type":"","overlay-color":"","overlay-opacity":"","overlay-gradient":""},"mobile":{"background-color":"var(--ast-global-color-5)","background-image":"","background-repeat":"repeat","background-position":"center center","background-size":"auto","background-attachment":"scroll","background-type":"","background-media":"","overlay-type":"","overlay-color":"","overlay-opacity":"","overlay-gradient":""}},"_joinchat":{"telephone":"+8617776015835"}},"product_brand":[],"product_cat":[71,153,154,155,141,142,143,59],"product_tag":[165,105,97,166,94,485,202,203,204],"class_list":{"0":"post-3383","1":"product","2":"type-product","3":"status-publish","4":"has-post-thumbnail","6":"product_cat-15000-puff","7":"product_cat-buy-disposable-vapes-in-italy","8":"product_cat-buy-disposable-vapes-in-netherlands","9":"product_cat-buy-disposable-vapes-in-norway","10":"product_cat-crystal-disposable-vapes","11":"product_cat-digital-box-disposable-vapes","12":"product_cat-dual-mesh-disposable-vapes","13":"product_cat-wga-crystal-vape","14":"product_tag-cheap-vapes","15":"product_tag-digital-disposable-vape","16":"product_tag-hot-sale-disposable-vape","17":"product_tag-low-nicotine-vape","18":"product_tag-rechargeable-disposable-vape","19":"product_tag-wga-15k","20":"product_tag-wga-crystal-15000","21":"product_tag-wga-crystal-15k","22":"product_tag-wga-vape","23":"desktop-align-left","24":"tablet-align-left","25":"mobile-align-left","27":"first","28":"instock","29":"sale","30":"shipping-taxable","31":"purchasable","32":"product-type-simple"},"acf":[],"uagb_featured_image_src":{"full":["https:\/\/vapestornado.com\/wp-content\/uploads\/2024\/12\/WGA-Crystal-15000-Rechargeable-Vape.jpg",1000,1000,false],"thumbnail":["https:\/\/vapestornado.com\/wp-content\/uploads\/2024\/12\/WGA-Crystal-15000-Rechargeable-Vape-150x150.jpg",150,150,true],"medium":["https:\/\/vapestornado.com\/wp-content\/uploads\/2024\/12\/WGA-Crystal-15000-Rechargeable-Vape-300x300.jpg",300,300,true],"medium_large":["https:\/\/vapestornado.com\/wp-content\/uploads\/2024\/12\/WGA-Crystal-15000-Rechargeable-Vape-768x768.jpg",768,768,true],"large":["https:\/\/vapestornado.com\/wp-content\/uploads\/2024\/12\/WGA-Crystal-15000-Rechargeable-Vape.jpg",1000,1000,false],"1536x1536":["https:\/\/vapestornado.com\/wp-content\/uploads\/2024\/12\/WGA-Crystal-15000-Rechargeable-Vape.jpg",1000,1000,false],"2048x2048":["https:\/\/vapestornado.com\/wp-content\/uploads\/2024\/12\/WGA-Crystal-15000-Rechargeable-Vape.jpg",1000,1000,false],"trp-custom-language-flag":["https:\/\/vapestornado.com\/wp-content\/uploads\/2024\/12\/WGA-Crystal-15000-Rechargeable-Vape.jpg",12,12,false],"woocommerce_thumbnail":["https:\/\/vapestornado.com\/wp-content\/uploads\/2024\/12\/WGA-Crystal-15000-Rechargeable-Vape-300x300.jpg",300,300,true],"woocommerce_single":["https:\/\/vapestornado.com\/wp-content\/uploads\/2024\/12\/WGA-Crystal-15000-Rechargeable-Vape-600x600.jpg",600,600,true],"woocommerce_gallery_thumbnail":["https:\/\/vapestornado.com\/wp-content\/uploads\/2024\/12\/WGA-Crystal-15000-Rechargeable-Vape-100x100.jpg",100,100,true]},"uagb_author_info":{"display_name":"ESAMY","author_link":"https:\/\/vapestornado.com\/fr\/author\/"},"uagb_comment_info":1,"uagb_excerpt":"WGA Crystal Pro Max Extra 15000 Puffs rechargeable disposable vape with crystal design, mesh coil technology, 2% nicotine strength, and Type-C fast charging. Compact premium design for smooth flavour-stable vapour and strong EU retail demand. Add Amy's whatsapp get right reply and vape coupon! WhatsApp: +86 17776015835 &nbsp;","_links":{"self":[{"href":"https:\/\/vapestornado.com\/fr\/wp-json\/wp\/v2\/product\/3383","targetHints":{"allow":["GET"]}}],"collection":[{"href":"https:\/\/vapestornado.com\/fr\/wp-json\/wp\/v2\/product"}],"about":[{"href":"https:\/\/vapestornado.com\/fr\/wp-json\/wp\/v2\/types\/product"}],"replies":[{"embeddable":true,"href":"https:\/\/vapestornado.com\/fr\/wp-json\/wp\/v2\/comments?post=3383"}],"wp:featuredmedia":[{"embeddable":true,"href":"https:\/\/vapestornado.com\/fr\/wp-json\/wp\/v2\/media\/3378"}],"wp:attachment":[{"href":"https:\/\/vapestornado.com\/fr\/wp-json\/wp\/v2\/media?parent=3383"}],"wp:term":[{"taxonomy":"product_brand","embeddable":true,"href":"https:\/\/vapestornado.com\/fr\/wp-json\/wp\/v2\/product_brand?post=3383"},{"taxonomy":"product_cat","embeddable":true,"href":"https:\/\/vapestornado.com\/fr\/wp-json\/wp\/v2\/product_cat?post=3383"},{"taxonomy":"product_tag","embeddable":true,"href":"https:\/\/vapestornado.com\/fr\/wp-json\/wp\/v2\/product_tag?post=3383"}],"curies":[{"name":"wp","href":"https:\/\/api.w.org\/{rel}","templated":true}]}}