{"id":3303,"date":"2024-12-20T09:07:38","date_gmt":"2024-12-20T09:07:38","guid":{"rendered":"https:\/\/vapestornado.com\/?post_type=product&#038;p=3303"},"modified":"2025-08-23T12:21:46","modified_gmt":"2025-08-23T12:21:46","slug":"bood-infinity-30000-30k-puff-low-nicotine-disposable-vape-cheap-price","status":"publish","type":"product","link":"https:\/\/vapestornado.com\/fr\/product\/bood-infinity-30000-30k-puff-low-nicotine-disposable-vape-cheap-price\/","title":{"rendered":"Bood Infinity 30000 30k Bouff\u00e9es Vape Jetable \u00e0 Faible Teneur en Nicotine Prix \u200b\u200bBas"},"content":{"rendered":"<h1 class=\"product-title\">Bood Infinity 30000 30k Bouff\u00e9es Vape Jetable \u00e0 Faible Teneur en Nicotine Prix \u200b\u200bBas<\/h1>\n<p>L' <strong data-start=\"288\" data-end=\"333\">Bood Infinity 30000 Bouff\u00e9es Vape Jetable<\/strong> est con\u00e7u pour les vapoteurs qui exigent une performance durable \u00e0 un prix de gros comp\u00e9titif. Offrant jusqu'\u00e0 <strong data-start=\"444\" data-end=\"467\">30 000 bouff\u00e9es douces<\/strong>, il combine commodit\u00e9 et fonctionnalit\u00e9s avanc\u00e9es, ce qui en fait un produit exceptionnel dans la cat\u00e9gorie des <strong data-start=\"557\" data-end=\"590\">vapes jetables \u00e0 faible teneur en nicotine<\/strong>.<\/p>\n<p>Aliment\u00e9 par une <strong data-start=\"614\" data-end=\"645\">batterie rechargeable de 650 mAh<\/strong> avec <strong data-start=\"651\" data-end=\"675\">Charge rapide Type-C<\/strong>, cet appareil assure une fiabilit\u00e9 pour des sessions prolong\u00e9es. Le <strong data-start=\"736\" data-end=\"757\">LED intelligent<\/strong> fournit des mises \u00e0 jour en temps r\u00e9el sur le nombre de bouff\u00e9es et l'\u00e9tat de la batterie, tandis que le <strong data-start=\"829\" data-end=\"858\">syst\u00e8me de flux d'air r\u00e9glable<\/strong> permet aux utilisateurs de personnaliser leur tirage, qu'ils pr\u00e9f\u00e8rent une aspiration serr\u00e9e ou une inhalation plus douce.<\/p>\n<p>Pr\u00e9-rempli avec un e-liquide de haute qualit\u00e9, le Bood Infinity 30K offre \u00e0 la fois <strong data-start=\"1029\" data-end=\"1064\">des options de sel de nicotine 2% et 5%<\/strong>, r\u00e9pondant aux besoins des vapoteurs occasionnels et exp\u00e9riment\u00e9s. Son design compact et \u00e9l\u00e9gant le rend id\u00e9al pour les voyages, tandis que l'emballage en vrac assure une excellente valeur pour les d\u00e9taillants et les distributeurs \u00e0 travers l'Europe.<\/p>\n<p>Parfait pour ceux qui recherchent <strong data-start=\"1295\" data-end=\"1334\">des vapes jetables bon march\u00e9 en gros<\/strong>, le Bood Infinity 30K \u00e9quilibre le prix, la performance et la vari\u00e9t\u00e9 des saveurs, ce qui en fait un incontournable pour tout inventaire de vape.<\/p>\n<p>&nbsp;<\/p>\n<p><strong>Ajoutez le Whatsapp d'Amy pour obtenir une r\u00e9ponse imm\u00e9diate et un coupon de vape !<\/strong><\/p>\n<p><img fetchpriority=\"high\" decoding=\"async\" class=\"size-full wp-image-2932\" src=\"https:\/\/vapestornado.com\/wp-content\/uploads\/2024\/12\/Vape-Wholesale.jpg\" alt=\"Vente en Gros de Vapes\" width=\"229\" height=\"300\" \/><\/p>\n<h3><a href=\"https:\/\/wa.me\/8617776015835\" target=\"_blank\" rel=\"noopener\"><span style=\"color: #ff0000;\"><strong>WhatsApp : +86 17776015835<\/strong><\/span><\/a><\/h3>\n<p>&nbsp;<\/p>\n<p><span style=\"font-size: 1.5em; font-weight: bold;\">Principales caract\u00e9ristiques du produit Bood Infinity 30000\u00a0<\/span><\/p>\n<div role=\"article\" data-tabster=\"{&quot;groupper&quot;:{&quot;tabbability&quot;:2},&quot;focusable&quot;:{}}\" data-content=\"ai-message\" aria-labelledby=\"juhNTJ6o7Gk1cgwZMJgv2-author juhNTJ6o7Gk1cgwZMJgv2-content\">\n<div id=\"juhNTJ6o7Gk1cgwZMJgv2-content\">\n<div role=\"article\" data-tabster=\"{&quot;groupper&quot;:{&quot;tabbability&quot;:2},&quot;focusable&quot;:{}}\" data-content=\"ai-message\" aria-labelledby=\"x4EZuCZWrTbh3weWUt7CU-author x4EZuCZWrTbh3weWUt7CU-content\">\n<div id=\"x4EZuCZWrTbh3weWUt7CU-content\">\n<ol start=\"1\">\n<li><strong>30000 bouff\u00e9es, une satisfaction sans fin<\/strong><\/li>\n<li><strong>batterie rechargeable de 650 mAh<\/strong><\/li>\n<li><strong>\u00c9cran intelligent LED<\/strong><\/li>\n<li><strong>Flux d'air r\u00e9glable pour un vapotage personnalis\u00e9<\/strong><\/li>\n<li><strong>Haute qualit\u00e9 \u00e0 bas prix de gros<\/strong><\/li>\n<\/ol>\n<\/div>\n<\/div>\n<\/div>\n<\/div>\n<h2 class=\"product-title\"><strong>Saveur populaire pour Bood Infinity 30k Bouff\u00e9es<\/strong><\/h2>\n<p>1 PAST\u00c8QUE FRAISE<strong><span style=\"color: #ff0000;\">&gt;&gt;&gt;&gt;&gt; Chaud !<\/span><\/strong><br \/>\n2 ANANAS MANGUE P\u00caCHE<br \/>\n3 GLACE LUXURIANTE<br \/>\n4 RAFALE DE BAIES<br \/>\n5 KIWI FRAISE<br \/>\n6 HAWA\u00cf<br \/>\n8 LIMONADE AUX MYRTILLES<br \/>\n9 GLACE NOIRE<br \/>\n10 TIFFANY <strong><span style=\"color: #ff0000;\">&gt;&gt;&gt;&gt; Le meilleur !<\/span><\/strong><\/p>\n<p>&nbsp;<\/p>\n<figure id=\"attachment_3290\" aria-describedby=\"caption-attachment-3290\" style=\"width: 300px\" class=\"wp-caption alignnone\"><img decoding=\"async\" class=\"size-medium wp-image-3290\" src=\"https:\/\/vapestornado.com\/wp-content\/uploads\/2024\/12\/Bood-Infinity-30000-Puff-Disposable-Vape-Wholesale-300x300.jpg\" alt=\"Vente en gros de vapes jetables Bood Infinity 30000 bouff\u00e9es\" width=\"300\" height=\"300\" srcset=\"https:\/\/vapestornado.com\/wp-content\/uploads\/2024\/12\/Bood-Infinity-30000-Puff-Disposable-Vape-Wholesale-300x300.jpg 300w, https:\/\/vapestornado.com\/wp-content\/uploads\/2024\/12\/Bood-Infinity-30000-Puff-Disposable-Vape-Wholesale-150x150.jpg 150w, https:\/\/vapestornado.com\/wp-content\/uploads\/2024\/12\/Bood-Infinity-30000-Puff-Disposable-Vape-Wholesale-768x768.jpg 768w, https:\/\/vapestornado.com\/wp-content\/uploads\/2024\/12\/Bood-Infinity-30000-Puff-Disposable-Vape-Wholesale-600x600.jpg 600w, https:\/\/vapestornado.com\/wp-content\/uploads\/2024\/12\/Bood-Infinity-30000-Puff-Disposable-Vape-Wholesale-100x100.jpg 100w, https:\/\/vapestornado.com\/wp-content\/uploads\/2024\/12\/Bood-Infinity-30000-Puff-Disposable-Vape-Wholesale.jpg 800w\" sizes=\"(max-width: 300px) 100vw, 300px\" \/><figcaption id=\"caption-attachment-3290\" class=\"wp-caption-text\">Vente en gros de vapes jetables Bood Infinity 30000 bouff\u00e9es<\/figcaption><\/figure>\n<h3>Pourquoi choisir vapestornado pour la vente en gros de vapes Bood Infinity 30000 30k bouff\u00e9es ?<\/h3>\n<div class=\"flex-shrink-0 flex flex-col relative items-end\">\n<div class=\"pt-0\">\n<div class=\"gizmo-bot-avatar flex h-8 w-8 items-center justify-center overflow-hidden rounded-full\">\n<div class=\"relative p-1 rounded-sm flex items-center justify-center bg-token-main-surface-primary text-token-text-primary h-8 w-8\">\n<p>Bienvenue chez vapestornado, votre boutique de vape en ligne de confiance pour les vapes jetables de qualit\u00e9 sup\u00e9rieure. Avec plus de 5 ans d'expertise, nous vous proposons des marques populaires de vapes jetables telles que Fumot RandM Vape, <a href=\"https:\/\/vapestornado.com\/fr\/product\/vapme-crystal-7000-puffs-rechargeable-disposable-vape-wholesale-cheap-price\/\">Vapme<\/a>, Bang Vape, Waspe Vape et WGA Vape, etc.<\/p>\n<p>Notre gamme comprend des vapes tr\u00e8s demand\u00e9es comme le <a href=\"https:\/\/vapestornado.com\/fr\/product\/fumot-randm-tornado-15000-puffs-rechargeable-disposable-vape-wholesale\/\">RandM Tornade 15000<\/a>, et des choix riches en saveurs comme le <a href=\"https:\/\/vapestornado.com\/fr\/product\/vapsolo-dg-18000-puffs-smart-screen-wholesale-disposable-cheap-vapes\/\">\u00a0Vapsolo DG18000 Bouff\u00e9es<\/a> . Chaque produit est choisi en mettant l'accent sur la qualit\u00e9, la valeur et la vari\u00e9t\u00e9, afin de vous assurer de trouver la solution id\u00e9ale pour vos besoins. D\u00e9couvrez un service exceptionnel et une large gamme de produits de qualit\u00e9 sup\u00e9rieure \u00e0 prix de gros chez vapestornado.<\/p>\n<\/div>\n<h3><\/h3>\n<div class=\"relative p-1 rounded-sm flex items-center justify-center bg-token-main-surface-primary text-token-text-primary h-8 w-8\">\n<h3>FAQ pour la vape jetable Bood Infinity 30k<\/h3>\n<\/div>\n<\/div>\n<\/div>\n<\/div>\n<div class=\"flex-shrink-0 flex flex-col relative items-end\">\n<div class=\"pt-0\">\n<div class=\"gizmo-bot-avatar flex h-8 w-8 items-center justify-center overflow-hidden rounded-full\">\n<div class=\"relative p-1 rounded-sm flex items-center justify-center bg-token-main-surface-primary text-token-text-primary h-8 w-8\">\n<div class=\"mb-2 flex gap-3 empty:hidden -ml-2\">\n<div role=\"article\" data-tabster=\"{&quot;groupper&quot;:{&quot;tabbability&quot;:2},&quot;focusable&quot;:{}}\" data-content=\"ai-message\" aria-labelledby=\"Vdt5ez4X7Tg813x6rFVha-author Vdt5ez4X7Tg813x6rFVha-content\">\n<div id=\"Vdt5ez4X7Tg813x6rFVha-content\">\n<div role=\"article\" data-tabster=\"{&quot;groupper&quot;:{&quot;tabbability&quot;:2},&quot;focusable&quot;:{}}\" data-content=\"ai-message\" aria-labelledby=\"o968oC7CEo2fGHsGdsRYC-author o968oC7CEo2fGHsGdsRYC-content\">\n<div id=\"o968oC7CEo2fGHsGdsRYC-content\">\n<div class=\"flex max-w-full flex-col flex-grow\">\n<div class=\"min-h-8 text-message flex w-full flex-col items-end gap-2 whitespace-normal break-words text-start [.text-message+&amp;]:mt-5\" dir=\"auto\" data-message-author-role=\"assistant\" data-message-id=\"b080906d-586a-45a5-bbed-ade28bd7e809\" data-message-model-slug=\"gpt-4o\">\n<div class=\"flex w-full flex-col gap-1 empty:hidden first:pt-[3px]\">\n<div class=\"markdown prose w-full break-words dark:prose-invert light\">\n<h3><\/h3>\n<div role=\"article\" data-tabster=\"{&quot;groupper&quot;:{&quot;tabbability&quot;:2},&quot;focusable&quot;:{}}\" data-content=\"ai-message\" aria-labelledby=\"56SXh4AMWhyZudHYw72d2-author} 56SXh4AMWhyZudHYw72d2-content-0\">\n<div id=\"56SXh4AMWhyZudHYw72d2-content-0\">\n<ol start=\"1\">\n<li><strong>Combien de bouff\u00e9es offre le Bood Infinity 30k ?<\/strong> Le Bood Infinity 30000 offre jusqu'\u00e0 30000 bouff\u00e9es pour un plaisir durable.<\/li>\n<li><strong>Quelles fonctionnalit\u00e9s l'\u00e9cran intelligent LED offre-t-il ?<\/strong> L'\u00e9cran intelligent LED affiche le niveau de la batterie et le nombre de bouff\u00e9es, vous tenant inform\u00e9 \u00e0 tout moment.<\/li>\n<li><strong>Le Bood Infinity 30k est-il rechargeable ?<\/strong> Oui, il est livr\u00e9 avec une batterie rechargeable de 650 mAh pour une utilisation continue.<\/li>\n<li><strong>Comment puis-je r\u00e9gler le d\u00e9bit d'air sur le Bood 30000 ?<\/strong> Le Bood Infinity 30000 est dot\u00e9 d'un syst\u00e8me de d\u00e9bit d'air r\u00e9glable, vous permettant de personnaliser votre exp\u00e9rience de vapotage.<\/li>\n<li><strong>O\u00f9 puis-je acheter le Bood Infinity 30k \u00e0 un prix de gros ?<\/strong> Vous pouvez acheter le Bood Infinity 30000 \u00e0 des prix de gros aupr\u00e8s de <strong>vapestornado boutique de vape en ligne<\/strong>.<\/li>\n<\/ol>\n<\/div>\n<\/div>\n<\/div>\n<\/div>\n<\/div>\n<\/div>\n<div class=\"mb-2 flex gap-3 empty:hidden -ml-2\">\n<div class=\"items-center justify-start rounded-xl p-1 flex\"><\/div>\n<\/div>\n<\/div>\n<\/div>\n<\/div>\n<\/div>\n<\/div>\n<\/div>\n<\/div>\n<\/div>\n<\/div>","protected":false},"excerpt":{"rendered":"<p>Bood Infinity 30000 Bouff\u00e9es 2% 5% Vape Jetable \u00e0 Faible Teneur en Nicotine Achat en Gros Prix<br \/>\nBood Infinity 30000 Bouff\u00e9es Vape Jetable Rechargeable en Gros<br \/>\nVape Jetable \u00e0 Faible Teneur en Nicotine Bood Infinity 30000 Bouff\u00e9es 2% 5% d'Usine Bon March\u00e9<\/p>\n<p><strong>Ajoutez le WhatsApp d'Amy pour obtenir une bonne r\u00e9ponse et un coupon de vape !<\/strong><\/p>\n<p><img fetchpriority=\"high\" decoding=\"async\" class=\"size-full wp-image-2932\" src=\"https:\/\/vapestornado.com\/wp-content\/uploads\/2024\/12\/Vape-Wholesale.jpg\" alt=\"Vente en Gros de Vapes\" width=\"229\" height=\"300\" \/><\/p>\n<h3><a href=\"https:\/\/wa.me\/8617776015835\"><span style=\"color: #ff0000;\"><strong>WhatsApp : +86 17776015835<\/strong><\/span><\/a><\/h3>\n<p>&nbsp;<\/p>","protected":false},"featured_media":3292,"comment_status":"open","ping_status":"closed","template":"","meta":{"_acf_changed":false,"_uag_custom_page_level_css":"","_lmt_disableupdate":"no","_lmt_disable":"","_monsterinsights_skip_tracking":false,"_monsterinsights_sitenote_active":false,"_monsterinsights_sitenote_note":"","_monsterinsights_sitenote_category":0,"site-sidebar-layout":"default","site-content-layout":"","ast-site-content-layout":"default","site-content-style":"default","site-sidebar-style":"default","ast-global-header-display":"","ast-banner-title-visibility":"","ast-main-header-display":"","ast-hfb-above-header-display":"","ast-hfb-below-header-display":"","ast-hfb-mobile-header-display":"","site-post-title":"","ast-breadcrumbs-content":"","ast-featured-img":"","footer-sml-layout":"","ast-disable-related-posts":"","theme-transparent-header-meta":"default","adv-header-id-meta":"","stick-header-meta":"","header-above-stick-meta":"","header-main-stick-meta":"","header-below-stick-meta":"","astra-migrate-meta-layouts":"set","ast-page-background-enabled":"default","ast-page-background-meta":{"desktop":{"background-color":"","background-image":"","background-repeat":"repeat","background-position":"center center","background-size":"auto","background-attachment":"scroll","background-type":"","background-media":"","overlay-type":"","overlay-color":"","overlay-opacity":"","overlay-gradient":""},"tablet":{"background-color":"","background-image":"","background-repeat":"repeat","background-position":"center center","background-size":"auto","background-attachment":"scroll","background-type":"","background-media":"","overlay-type":"","overlay-color":"","overlay-opacity":"","overlay-gradient":""},"mobile":{"background-color":"","background-image":"","background-repeat":"repeat","background-position":"center center","background-size":"auto","background-attachment":"scroll","background-type":"","background-media":"","overlay-type":"","overlay-color":"","overlay-opacity":"","overlay-gradient":""}},"ast-content-background-meta":{"desktop":{"background-color":"var(--ast-global-color-5)","background-image":"","background-repeat":"repeat","background-position":"center center","background-size":"auto","background-attachment":"scroll","background-type":"","background-media":"","overlay-type":"","overlay-color":"","overlay-opacity":"","overlay-gradient":""},"tablet":{"background-color":"var(--ast-global-color-5)","background-image":"","background-repeat":"repeat","background-position":"center center","background-size":"auto","background-attachment":"scroll","background-type":"","background-media":"","overlay-type":"","overlay-color":"","overlay-opacity":"","overlay-gradient":""},"mobile":{"background-color":"var(--ast-global-color-5)","background-image":"","background-repeat":"repeat","background-position":"center center","background-size":"auto","background-attachment":"scroll","background-type":"","background-media":"","overlay-type":"","overlay-color":"","overlay-opacity":"","overlay-gradient":""}},"_joinchat":{"telephone":"+8617776015835"}},"product_brand":[],"product_cat":[140,67,193,152,157,160,143,144],"product_tag":[187,165,97,166,184,94],"class_list":{"0":"post-3303","1":"product","2":"type-product","3":"status-publish","4":"has-post-thumbnail","6":"product_cat-big-puffs-disposable-vapes","7":"product_cat-30000-puff","8":"product_cat-bood-disposable-vapes","9":"product_cat-buy-disposable-vapes-in-cermany","10":"product_cat-buy-disposable-vapes-in-portugal","11":"product_cat-buy-disposable-vapes-in-switzerland","12":"product_cat-dual-mesh-disposable-vapes","13":"product_cat-low-nicotine-disposable-vapes","14":"product_tag-bood-infinity-30000","15":"product_tag-cheap-vapes","16":"product_tag-hot-sale-disposable-vape","17":"product_tag-low-nicotine-vape","18":"product_tag-puff-35k","19":"product_tag-rechargeable-disposable-vape","20":"desktop-align-left","21":"tablet-align-left","22":"mobile-align-left","24":"first","25":"instock","26":"sale","27":"shipping-taxable","28":"purchasable","29":"product-type-simple"},"acf":[],"uagb_featured_image_src":{"full":["https:\/\/vapestornado.com\/wp-content\/uploads\/2024\/12\/Bood-Infinity-30000-Puff-Vape.jpg",800,800,false],"thumbnail":["https:\/\/vapestornado.com\/wp-content\/uploads\/2024\/12\/Bood-Infinity-30000-Puff-Vape-150x150.jpg",150,150,true],"medium":["https:\/\/vapestornado.com\/wp-content\/uploads\/2024\/12\/Bood-Infinity-30000-Puff-Vape-300x300.jpg",300,300,true],"medium_large":["https:\/\/vapestornado.com\/wp-content\/uploads\/2024\/12\/Bood-Infinity-30000-Puff-Vape-768x768.jpg",768,768,true],"large":["https:\/\/vapestornado.com\/wp-content\/uploads\/2024\/12\/Bood-Infinity-30000-Puff-Vape.jpg",800,800,false],"1536x1536":["https:\/\/vapestornado.com\/wp-content\/uploads\/2024\/12\/Bood-Infinity-30000-Puff-Vape.jpg",800,800,false],"2048x2048":["https:\/\/vapestornado.com\/wp-content\/uploads\/2024\/12\/Bood-Infinity-30000-Puff-Vape.jpg",800,800,false],"trp-custom-language-flag":["https:\/\/vapestornado.com\/wp-content\/uploads\/2024\/12\/Bood-Infinity-30000-Puff-Vape.jpg",12,12,false],"woocommerce_thumbnail":["https:\/\/vapestornado.com\/wp-content\/uploads\/2024\/12\/Bood-Infinity-30000-Puff-Vape-300x300.jpg",300,300,true],"woocommerce_single":["https:\/\/vapestornado.com\/wp-content\/uploads\/2024\/12\/Bood-Infinity-30000-Puff-Vape-600x600.jpg",600,600,true],"woocommerce_gallery_thumbnail":["https:\/\/vapestornado.com\/wp-content\/uploads\/2024\/12\/Bood-Infinity-30000-Puff-Vape-100x100.jpg",100,100,true]},"uagb_author_info":{"display_name":"ESAMY","author_link":"https:\/\/vapestornado.com\/fr\/author\/"},"uagb_comment_info":1,"uagb_excerpt":"Bood Infinity 30000 Puffs 2% 5% Low Nicotine Disposable Vape Bulk Buy Price Bood Infinity 30000 Puffs Rechargeable Disposable Vape Wholesale Cheap Factory Bood Infinity 30000 Puffs 2% 5% Low Nicotine Disposable Vape Add Amy's whatsapp get right reply and vape vape coupon! WhatsApp: +86 17776015835 &nbsp;","_links":{"self":[{"href":"https:\/\/vapestornado.com\/fr\/wp-json\/wp\/v2\/product\/3303","targetHints":{"allow":["GET"]}}],"collection":[{"href":"https:\/\/vapestornado.com\/fr\/wp-json\/wp\/v2\/product"}],"about":[{"href":"https:\/\/vapestornado.com\/fr\/wp-json\/wp\/v2\/types\/product"}],"replies":[{"embeddable":true,"href":"https:\/\/vapestornado.com\/fr\/wp-json\/wp\/v2\/comments?post=3303"}],"wp:featuredmedia":[{"embeddable":true,"href":"https:\/\/vapestornado.com\/fr\/wp-json\/wp\/v2\/media\/3292"}],"wp:attachment":[{"href":"https:\/\/vapestornado.com\/fr\/wp-json\/wp\/v2\/media?parent=3303"}],"wp:term":[{"taxonomy":"product_brand","embeddable":true,"href":"https:\/\/vapestornado.com\/fr\/wp-json\/wp\/v2\/product_brand?post=3303"},{"taxonomy":"product_cat","embeddable":true,"href":"https:\/\/vapestornado.com\/fr\/wp-json\/wp\/v2\/product_cat?post=3303"},{"taxonomy":"product_tag","embeddable":true,"href":"https:\/\/vapestornado.com\/fr\/wp-json\/wp\/v2\/product_tag?post=3303"}],"curies":[{"name":"wp","href":"https:\/\/api.w.org\/{rel}","templated":true}]}}