{"id":3289,"date":"2024-12-20T06:26:27","date_gmt":"2024-12-20T06:26:27","guid":{"rendered":"https:\/\/vapestornado.com\/?post_type=product&#038;p=3289"},"modified":"2025-12-09T08:34:55","modified_gmt":"2025-12-09T08:34:55","slug":"aivono-flash-35000-puffs-rechargeable-disposable-vape-bulk-buy","status":"publish","type":"product","link":"https:\/\/vapestornado.com\/fr\/product\/aivono-flash-35000-puffs-rechargeable-disposable-vape-bulk-buy\/","title":{"rendered":"Achat en gros de vape jetable rechargeable Aivono Flash 35000 bouff\u00e9es"},"content":{"rendered":"<h2 class=\"sr-only\">Aivono Flash 35000 Bouff\u00e9es Vape Jetable Rechargeable Ajustable Mode de Vape &amp; Double Mesh Coil<\/h2>\n<p><strong data-start=\"107\" data-end=\"135\">Aivono Flash 35000 Bouff\u00e9es<\/strong> est une cigarette \u00e9lectronique jetable rechargeable de grande capacit\u00e9 pour les vapoteurs qui souhaitent une longue autonomie, un contr\u00f4le pr\u00e9cis, et un tirage pouvant \u00eatre ajust\u00e9 selon le go\u00fbt personnel. Avec <strong data-start=\"281\" data-end=\"303\">jusqu'\u00e0 35 000 bouff\u00e9es<\/strong> et une <strong data-start=\"310\" data-end=\"334\">r\u00e9servoir pr\u00e9-rempli de 36 ml<\/strong>, elle est con\u00e7ue pour durer plusieurs semaines plut\u00f4t que quelques jours. La <strong data-start=\"386\" data-end=\"404\">double bobine en maille<\/strong> produit un vapeur dense et une saveur constante, tandis que <strong data-start=\"453\" data-end=\"487\">l'airflow r\u00e9glable et la puissance<\/strong> vous permettent de configurer l'appareil selon vos pr\u00e9f\u00e9rences plut\u00f4t que d'accepter un tirage universel. Un <strong data-start=\"580\" data-end=\"603\">\u00e9cran intelligent incurv\u00e9<\/strong> vous tient inform\u00e9 de l'\u00e9tat de la batterie et du liquide, et un <strong data-start=\"652\" data-end=\"666\">verrouillage enfant<\/strong> ajoute une couche de s\u00e9curit\u00e9 pratique.<\/p>\n<h3 data-start=\"921\" data-end=\"996\">Pourquoi Aivono Flash 35000 Bouff\u00e9es est un Bon Choix pour les Vapoteurs en France?<\/h3>\n<ul data-start=\"998\" data-end=\"1872\">\n<li data-start=\"998\" data-end=\"1192\">\n<p data-start=\"1000\" data-end=\"1192\"><strong data-start=\"1000\" data-end=\"1037\">Capacit\u00e9 support\u00e9e par des sp\u00e9cifications r\u00e9elles.<\/strong> La revendication de 35K est confirm\u00e9e par <strong data-start=\"1065\" data-end=\"1085\">36 ml d'e-liquide<\/strong> et une batterie rechargeable, permettant \u00e0 l'appareil de fournir une utilisation prolong\u00e9e sans s'\u00e9puiser pr\u00e9matur\u00e9ment.<\/p>\n<\/li>\n<li data-start=\"1194\" data-end=\"1399\">\n<p data-start=\"1196\" data-end=\"1399\"><strong data-start=\"1196\" data-end=\"1237\">Personnalisation qui change l'utilisation quotidienne.<\/strong> <strong data-start=\"1238\" data-end=\"1283\">Deux vitesses d'airflow plus puissance r\u00e9glable<\/strong> vous permettent d'ajuster le tirage et le niveau de vapeur \u2014 plus serr\u00e9 et plus calme pour la journ\u00e9e, plus ouvert et punchy quand vous le souhaitez.<\/p>\n<\/li>\n<li data-start=\"1401\" data-end=\"1580\">\n<p data-start=\"1403\" data-end=\"1580\"><strong data-start=\"1403\" data-end=\"1443\">Double coils en mesh pour une saveur constante.<\/strong> Le chauffage en mesh r\u00e9partit la chaleur uniform\u00e9ment. Sur une utilisation prolong\u00e9e, cela signifie <strong data-start=\"1504\" data-end=\"1546\">moins de d\u00e9coloration de la saveur et moins de coups durs<\/strong> par rapport aux configurations de bobines standard.<\/p>\n<\/li>\n<li data-start=\"1582\" data-end=\"1757\">\n<p data-start=\"1584\" data-end=\"1757\"><strong data-start=\"1584\" data-end=\"1641\">La batterie rechargeable au cobalt est con\u00e7ue pour la coh\u00e9rence.<\/strong> L' <strong data-start=\"1646\" data-end=\"1690\">Batterie de 850mAh avec charge rapide Type-C<\/strong> maintient les temps d'arr\u00eat courts et une sortie stable jusqu'\u00e0 ce que le r\u00e9servoir soit vide.<\/p>\n<\/li>\n<li data-start=\"1759\" data-end=\"1872\">\n<p data-start=\"1761\" data-end=\"1872\"><strong data-start=\"1761\" data-end=\"1787\">Am\u00e9lioration simple de la s\u00e9curit\u00e9.<\/strong> L' <strong data-start=\"1792\" data-end=\"1806\">verrouillage enfant<\/strong> un avantage r\u00e9el pour les m\u00e9nages et les voyages, pas un gadget.<\/p>\n<\/li>\n<\/ul>\n<p><strong>Ajoutez le Whatsapp d'Amy pour obtenir une r\u00e9ponse imm\u00e9diate et un coupon de vape !<\/strong><\/p>\n<p><img fetchpriority=\"high\" decoding=\"async\" class=\"size-full wp-image-2932\" src=\"https:\/\/vapestornado.com\/wp-content\/uploads\/2024\/12\/Vape-Wholesale.jpg\" alt=\"Vente en Gros de Vapes\" width=\"229\" height=\"300\" \/><\/p>\n<h3><a href=\"https:\/\/wa.me\/8617776015835\" target=\"_blank\" rel=\"noopener\"><span style=\"color: #ff0000;\"><strong>WhatsApp : +86 17776015835<\/strong><\/span><\/a><\/h3>\n<p>&nbsp;<\/p>\n<p><span style=\"font-size: 1.5em; font-weight: bold;\">Caract\u00e9ristiques principales du produit Aivono Flash 35000\u00a0<\/span><\/p>\n<div role=\"article\" data-tabster=\"{&quot;groupper&quot;:{&quot;tabbability&quot;:2},&quot;focusable&quot;:{}}\" data-content=\"ai-message\" aria-labelledby=\"juhNTJ6o7Gk1cgwZMJgv2-author juhNTJ6o7Gk1cgwZMJgv2-content\">\n<div id=\"juhNTJ6o7Gk1cgwZMJgv2-content\">\n<div role=\"article\" data-tabster=\"{&quot;groupper&quot;:{&quot;tabbability&quot;:2},&quot;focusable&quot;:{}}\" data-content=\"ai-message\" aria-labelledby=\"x4EZuCZWrTbh3weWUt7CU-author x4EZuCZWrTbh3weWUt7CU-content\">\n<div id=\"x4EZuCZWrTbh3weWUt7CU-content\">\n<table>\n<thead>\n<tr>\n<th>Fonctionnalit\u00e9<\/th>\n<th>Spec<\/th>\n<th>D\u00e9tails<\/th>\n<\/tr>\n<\/thead>\n<tbody>\n<tr>\n<td>Capacit\u00e9 de bouff\u00e9es<\/td>\n<td>Jusqu'\u00e0 35 000 bouff\u00e9es<\/td>\n<td>Dur\u00e9e de vie prolong\u00e9e visant une utilisation de plusieurs semaines.<\/td>\n<\/tr>\n<tr>\n<td>Volume d'E-Liquide<\/td>\n<td>Pre-rempli de 36ml<\/td>\n<td>Grand r\u00e9servoir supportant de longues sessions et une sortie stable.<\/td>\n<\/tr>\n<tr>\n<td>Syst\u00e8me de bobine<\/td>\n<td>Double r\u00e9sistance mesh<\/td>\n<td>Chauffage uniforme pour une vapeur dense et une saveur durable.<\/td>\n<\/tr>\n<tr>\n<td>Batterie<\/td>\n<td>batterie rechargeable au cobalt de 850 mAh<\/td>\n<td>Distribution d'\u00e9nergie fiable ; rechargez pour utiliser le r\u00e9servoir complet.<\/td>\n<\/tr>\n<tr>\n<td>Chargement<\/td>\n<td>charge rapide Type-C<\/td>\n<td>Recharges rapides avec des c\u00e2bles modernes conformes aux normes europ\u00e9ennes.<\/td>\n<\/tr>\n<tr>\n<td>Flux d'air<\/td>\n<td>R\u00e9glable, \u00e0 deux vitesses<\/td>\n<td>Passez d'un style MTL plus serr\u00e9 \u00e0 un style DTL plus a\u00e9rien.<\/td>\n<\/tr>\n<tr>\n<td>Puissance<\/td>\n<td>Sortie r\u00e9glable<\/td>\n<td>Personnalise la force et la chaleur de la vapeur.<\/td>\n<\/tr>\n<tr>\n<td>Affichage<\/td>\n<td>\u00c9cran incurv\u00e9 intelligent<\/td>\n<td>Statut de la batterie + e-liquide en direct, facile \u00e0 lire.<\/td>\n<\/tr>\n<tr>\n<td>S\u00e9curit\u00e9<\/td>\n<td>Verrouillage pour enfants<\/td>\n<td>R\u00e9duit l'activation accidentelle et offre une tranquillit\u00e9 d'esprit.<\/td>\n<\/tr>\n<tr>\n<td>Niveaux de nicotine<\/td>\n<td>0% \/ 2% \/ 5% nicotine de sel<\/td>\n<td>Sans nicotine, options faibles et fortes.<\/td>\n<\/tr>\n<tr>\n<td>Saveurs<\/td>\n<td>15 saveurs<\/td>\n<td>Large gamme, y compris profils fruit\u00e9s et rafra\u00eechissants.<\/td>\n<\/tr>\n<\/tbody>\n<\/table>\n<figure id=\"attachment_3284\" aria-describedby=\"caption-attachment-3284\" style=\"width: 800px\" class=\"wp-caption alignnone\"><img decoding=\"async\" class=\"wp-image-3284 size-full\" src=\"https:\/\/vapestornado.com\/wp-content\/uploads\/2024\/12\/AIVONO-FLASH-35000-Disposable-Vape-Wholesale.jpg\" alt=\"AIVONO FLASH 35000 Vape Jetable en Gros\" width=\"800\" height=\"800\" srcset=\"https:\/\/vapestornado.com\/wp-content\/uploads\/2024\/12\/AIVONO-FLASH-35000-Disposable-Vape-Wholesale.jpg 800w, https:\/\/vapestornado.com\/wp-content\/uploads\/2024\/12\/AIVONO-FLASH-35000-Disposable-Vape-Wholesale-300x300.jpg 300w, https:\/\/vapestornado.com\/wp-content\/uploads\/2024\/12\/AIVONO-FLASH-35000-Disposable-Vape-Wholesale-150x150.jpg 150w, https:\/\/vapestornado.com\/wp-content\/uploads\/2024\/12\/AIVONO-FLASH-35000-Disposable-Vape-Wholesale-768x768.jpg 768w, https:\/\/vapestornado.com\/wp-content\/uploads\/2024\/12\/AIVONO-FLASH-35000-Disposable-Vape-Wholesale-600x600.jpg 600w, https:\/\/vapestornado.com\/wp-content\/uploads\/2024\/12\/AIVONO-FLASH-35000-Disposable-Vape-Wholesale-100x100.jpg 100w\" sizes=\"(max-width: 800px) 100vw, 800px\" \/><figcaption id=\"caption-attachment-3284\" class=\"wp-caption-text\">AIVONO FLASH 35000 Vape Jetable en Gros<\/figcaption><\/figure>\n<\/div>\n<\/div>\n<\/div>\n<\/div>\n<h2 class=\"product-title\"><strong>Saveur Populaire pour Aivono Flash 35000 Bouff\u00e9es<\/strong><\/h2>\n<h3><\/h3>\n<ol>\n<li>Fraise Glac\u00e9e<\/li>\n<li>Fraise Past\u00e8que<strong> <span style=\"color: #ff0000;\">&gt;&gt;&gt;&gt;&gt; Chaud !<\/span><\/strong><\/li>\n<li>Framboise Cerise<\/li>\n<li>Framboise Bleue <strong><span style=\"color: #ff0000;\">&gt;&gt;&gt;&gt;&gt; Chaud !<\/span><\/strong><\/li>\n<li>Citron Menthe<\/li>\n<li>Jus de P\u00eache<\/li>\n<li>Myrtille Raisin<\/li>\n<li>Glace Past\u00e8que<\/li>\n<li>Pomme Baie<\/li>\n<li>Mangue Ananas<\/li>\n<li>Ranch Bleu<\/li>\n<li>Cr\u00e8me Glac\u00e9e \u00e0 la Fraise<\/li>\n<li>Glace au raisin<\/li>\n<li>Baies m\u00e9lang\u00e9es <strong><span style=\"color: #ff0000;\">&gt;&gt;&gt;&gt;&gt; Meilleur !<\/span><\/strong><\/li>\n<li>Fraise Kiwi<\/li>\n<\/ol>\n<h3>Pourquoi choisir vapestornado pour la vente en gros de la vape Aivono Flash 35000 bouff\u00e9es ?<\/h3>\n<div class=\"flex-shrink-0 flex flex-col relative items-end\">\n<div class=\"pt-0\">\n<div class=\"gizmo-bot-avatar flex h-8 w-8 items-center justify-center overflow-hidden rounded-full\">\n<div class=\"relative p-1 rounded-sm flex items-center justify-center bg-token-main-surface-primary text-token-text-primary h-8 w-8\">\n<p>Bienvenue chez vapestornado, votre boutique de vape en ligne de confiance pour les vapes jetables de qualit\u00e9 sup\u00e9rieure. Avec plus de 5 ans d'expertise, nous vous proposons des marques populaires de vapes jetables telles que Fumot RandM Vape, <a href=\"https:\/\/vapestornado.com\/fr\/product\/vapme-crystal-7000-puffs-rechargeable-disposable-vape-wholesale-cheap-price\/\">Vapme<\/a>, Bang Vape, Waspe Vape et WGA Vape, etc.<\/p>\n<p>Notre gamme comprend des vapes tr\u00e8s demand\u00e9es comme le <a href=\"https:\/\/vapestornado.com\/fr\/product\/fumot-randm-tornado-15000-puffs-rechargeable-disposable-vape-wholesale\/\">RandM Tornade 15000<\/a>, et des choix riches en saveurs comme le <a href=\"https:\/\/vapestornado.com\/fr\/product\/vapsolo-dg-18000-puffs-smart-screen-wholesale-disposable-cheap-vapes\/\">\u00a0Vapsolo DG18000 Bouff\u00e9es<\/a> . Chaque produit est choisi en mettant l'accent sur la qualit\u00e9, la valeur et la vari\u00e9t\u00e9, afin de vous assurer de trouver la solution id\u00e9ale pour vos besoins. D\u00e9couvrez un service exceptionnel et une large gamme de produits de qualit\u00e9 sup\u00e9rieure \u00e0 prix de gros chez vapestornado.<\/p>\n<\/div>\n<h3><\/h3>\n<div class=\"relative p-1 rounded-sm flex items-center justify-center bg-token-main-surface-primary text-token-text-primary h-8 w-8\">\n<h3>FAQ pour Aivono Flash 35k Vape Jetable<\/h3>\n<\/div>\n<\/div>\n<\/div>\n<\/div>\n<div class=\"flex-shrink-0 flex flex-col relative items-end\">\n<div class=\"pt-0\">\n<div class=\"gizmo-bot-avatar flex h-8 w-8 items-center justify-center overflow-hidden rounded-full\">\n<div class=\"relative p-1 rounded-sm flex items-center justify-center bg-token-main-surface-primary text-token-text-primary h-8 w-8\">\n<div class=\"mb-2 flex gap-3 empty:hidden -ml-2\">\n<div role=\"article\" data-tabster=\"{&quot;groupper&quot;:{&quot;tabbability&quot;:2},&quot;focusable&quot;:{}}\" data-content=\"ai-message\" aria-labelledby=\"Vdt5ez4X7Tg813x6rFVha-author Vdt5ez4X7Tg813x6rFVha-content\">\n<div id=\"Vdt5ez4X7Tg813x6rFVha-content\">\n<div role=\"article\" data-tabster=\"{&quot;groupper&quot;:{&quot;tabbability&quot;:2},&quot;focusable&quot;:{}}\" data-content=\"ai-message\" aria-labelledby=\"o968oC7CEo2fGHsGdsRYC-author o968oC7CEo2fGHsGdsRYC-content\">\n<div id=\"o968oC7CEo2fGHsGdsRYC-content\">\n<div class=\"flex max-w-full flex-col flex-grow\">\n<div class=\"min-h-8 text-message flex w-full flex-col items-end gap-2 whitespace-normal break-words text-start [.text-message+&amp;]:mt-5\" dir=\"auto\" data-message-author-role=\"assistant\" data-message-id=\"b080906d-586a-45a5-bbed-ade28bd7e809\" data-message-model-slug=\"gpt-4o\">\n<div class=\"flex w-full flex-col gap-1 empty:hidden first:pt-[3px]\">\n<div class=\"markdown prose w-full break-words dark:prose-invert light\">\n<ol data-start=\"3738\" data-end=\"4924\">\n<li data-start=\"3738\" data-end=\"3959\">\n<p data-start=\"3741\" data-end=\"3959\"><strong data-start=\"3741\" data-end=\"3827\">Comment la bobine \u00e0 double mesh Aivono Flash 35000 bouff\u00e9es influence-t-elle la saveur sur une utilisation prolong\u00e9e?<\/strong><br data-start=\"3827\" data-end=\"3830\" \/>Les coils \u00e0 double mesh chauffent plus uniform\u00e9ment que les coils en fil unique, aidant le Flash 35K \u00e0 maintenir une saveur constante plus profond\u00e9ment dans le r\u00e9servoir de 36 ml.<\/p>\n<\/li>\n<li data-start=\"3961\" data-end=\"4212\">\n<p data-start=\"3964\" data-end=\"4212\"><strong data-start=\"3964\" data-end=\"4065\">Quel est l'avantage de la puissance r\u00e9glable sur la cigarette \u00e9lectronique jetable rechargeable Aivono Flash 35000 ?<\/strong><br data-start=\"4065\" data-end=\"4068\" \/>La puissance r\u00e9glable vous permet de contr\u00f4ler la chaleur et l'intensit\u00e9 de la vapeur. Les r\u00e9glages plus faibles conviennent \u00e0 une aspiration plus douce au quotidien, tandis que les r\u00e9glages plus \u00e9lev\u00e9s produisent des nuages plus \u00e9pais.<\/p>\n<\/li>\n<li data-start=\"4214\" data-end=\"4429\">\n<p data-start=\"4217\" data-end=\"4429\"><strong data-start=\"4217\" data-end=\"4297\">Le flux d'air \u00e0 deux vitesses du Aivono Flash 35K fonctionne-t-il pour les utilisateurs MTL et DTL ?<\/strong><br data-start=\"4297\" data-end=\"4300\" \/>Oui. Un r\u00e9glage d'air plus serr\u00e9 supporte les tirages de style MTL, tandis que le r\u00e9glage plus ouvert offre aux utilisateurs DTL une aspiration plus libre et une vapeur plus importante.<\/p>\n<\/li>\n<li data-start=\"4431\" data-end=\"4670\">\n<p data-start=\"4434\" data-end=\"4670\"><strong data-start=\"4434\" data-end=\"4533\">La cigarette \u00e9lectronique jetable rechargeable Aivono Flash 35000 avec Type-C peut-elle finir le r\u00e9servoir de 36 ml de e-liquide ?<\/strong><br data-start=\"4533\" data-end=\"4536\" \/>C\u2019est l\u2019objectif de sa conception rechargeable. Si la batterie se d\u00e9charge avant que le liquide ne soit \u00e9puis\u00e9, une recharge rapide via Type-C la maintient en marche.<\/p>\n<\/li>\n<li data-start=\"4672\" data-end=\"4924\">\n<p data-start=\"4675\" data-end=\"4924\"><strong data-start=\"4675\" data-end=\"4785\">La cigarette \u00e9lectronique \u00e0 haute capacit\u00e9 Aivono Flash 35000 Puffs convient-elle aux utilisateurs intensifs qui souhaitent une production de vapeur stable ?<\/strong><br data-start=\"4785\" data-end=\"4788\" \/>Elle est con\u00e7ue pour cette routine : grand volume de liquide, coils \u00e0 double mesh, et puissance r\u00e9glable pour maintenir la densit\u00e9 de vapeur constante lors de longues sessions.<\/p>\n<\/li>\n<\/ol>\n<\/div>\n<\/div>\n<\/div>\n<\/div>\n<\/div>\n<\/div>\n<\/div>\n<\/div>\n<\/div>\n<\/div>\n<\/div>\n<\/div>\n<\/div>","protected":false},"excerpt":{"rendered":"<p>Aivono Aim Flash 35000 Puffs 21% 5% Faible Teneur en Nicotine Cigarette \u00c9lectronique Jetable Prix d'achat en gros<br \/>\nAivono Flash 35000 Puffs Cigarette \u00c9lectronique Jetable Rechargeable Vente en gros<br \/>\nUsine Bon March\u00e9 Aivono Aim Flash 35000 Puffs 21% 5% Faible Teneur en Nicotine Cigarette \u00c9lectronique Jetable<\/p>\n<p><strong>Ajoutez le WhatsApp d'Amy pour obtenir une bonne r\u00e9ponse et un coupon de vape !<\/strong><\/p>\n<p><img fetchpriority=\"high\" decoding=\"async\" class=\"size-full wp-image-2932\" src=\"https:\/\/vapestornado.com\/wp-content\/uploads\/2024\/12\/Vape-Wholesale.jpg\" alt=\"Vente en Gros de Vapes\" width=\"229\" height=\"300\" \/><\/p>\n<h3><a href=\"https:\/\/wa.me\/8617776015835\"><span style=\"color: #ff0000;\"><strong>WhatsApp : +86 17776015835<\/strong><\/span><\/a><\/h3>\n<p>&nbsp;<\/p>","protected":false},"featured_media":3283,"comment_status":"open","ping_status":"closed","template":"","meta":{"_acf_changed":false,"_uag_custom_page_level_css":"","_lmt_disableupdate":"no","_lmt_disable":"","_monsterinsights_skip_tracking":false,"_monsterinsights_sitenote_active":false,"_monsterinsights_sitenote_note":"","_monsterinsights_sitenote_category":0,"site-sidebar-layout":"default","site-content-layout":"","ast-site-content-layout":"default","site-content-style":"default","site-sidebar-style":"default","ast-global-header-display":"","ast-banner-title-visibility":"","ast-main-header-display":"","ast-hfb-above-header-display":"","ast-hfb-below-header-display":"","ast-hfb-mobile-header-display":"","site-post-title":"","ast-breadcrumbs-content":"","ast-featured-img":"","footer-sml-layout":"","ast-disable-related-posts":"","theme-transparent-header-meta":"default","adv-header-id-meta":"","stick-header-meta":"","header-above-stick-meta":"","header-main-stick-meta":"","header-below-stick-meta":"","astra-migrate-meta-layouts":"set","ast-page-background-enabled":"default","ast-page-background-meta":{"desktop":{"background-color":"","background-image":"","background-repeat":"repeat","background-position":"center center","background-size":"auto","background-attachment":"scroll","background-type":"","background-media":"","overlay-type":"","overlay-color":"","overlay-opacity":"","overlay-gradient":""},"tablet":{"background-color":"","background-image":"","background-repeat":"repeat","background-position":"center center","background-size":"auto","background-attachment":"scroll","background-type":"","background-media":"","overlay-type":"","overlay-color":"","overlay-opacity":"","overlay-gradient":""},"mobile":{"background-color":"","background-image":"","background-repeat":"repeat","background-position":"center center","background-size":"auto","background-attachment":"scroll","background-type":"","background-media":"","overlay-type":"","overlay-color":"","overlay-opacity":"","overlay-gradient":""}},"ast-content-background-meta":{"desktop":{"background-color":"var(--ast-global-color-5)","background-image":"","background-repeat":"repeat","background-position":"center center","background-size":"auto","background-attachment":"scroll","background-type":"","background-media":"","overlay-type":"","overlay-color":"","overlay-opacity":"","overlay-gradient":""},"tablet":{"background-color":"var(--ast-global-color-5)","background-image":"","background-repeat":"repeat","background-position":"center center","background-size":"auto","background-attachment":"scroll","background-type":"","background-media":"","overlay-type":"","overlay-color":"","overlay-opacity":"","overlay-gradient":""},"mobile":{"background-color":"var(--ast-global-color-5)","background-image":"","background-repeat":"repeat","background-position":"center center","background-size":"auto","background-attachment":"scroll","background-type":"","background-media":"","overlay-type":"","overlay-color":"","overlay-opacity":"","overlay-gradient":""}},"_joinchat":{"telephone":"+8617776015835"}},"product_brand":[],"product_cat":[175,176,151,157,158,142,144],"product_tag":[185,165,97,166,184,94],"class_list":{"0":"post-3289","1":"product","2":"type-product","3":"status-publish","4":"has-post-thumbnail","6":"product_cat-35000-puff","7":"product_cat-aivono-vape","8":"product_cat-buy-disposable-vapes-in-france","9":"product_cat-buy-disposable-vapes-in-portugal","10":"product_cat-buy-disposable-vapes-in-spain","11":"product_cat-digital-box-disposable-vapes","12":"product_cat-low-nicotine-disposable-vapes","13":"product_tag-aivono-flash-35000-puffs","14":"product_tag-cheap-vapes","15":"product_tag-hot-sale-disposable-vape","16":"product_tag-low-nicotine-vape","17":"product_tag-puff-35k","18":"product_tag-rechargeable-disposable-vape","19":"desktop-align-left","20":"tablet-align-left","21":"mobile-align-left","23":"first","24":"instock","25":"sale","26":"shipping-taxable","27":"purchasable","28":"product-type-simple"},"acf":[],"uagb_featured_image_src":{"full":["https:\/\/vapestornado.com\/wp-content\/uploads\/2024\/12\/Aivono-35000-Puffs-Disposable-Vape-Wholesale.jpg",800,800,false],"thumbnail":["https:\/\/vapestornado.com\/wp-content\/uploads\/2024\/12\/Aivono-35000-Puffs-Disposable-Vape-Wholesale-150x150.jpg",150,150,true],"medium":["https:\/\/vapestornado.com\/wp-content\/uploads\/2024\/12\/Aivono-35000-Puffs-Disposable-Vape-Wholesale-300x300.jpg",300,300,true],"medium_large":["https:\/\/vapestornado.com\/wp-content\/uploads\/2024\/12\/Aivono-35000-Puffs-Disposable-Vape-Wholesale-768x768.jpg",768,768,true],"large":["https:\/\/vapestornado.com\/wp-content\/uploads\/2024\/12\/Aivono-35000-Puffs-Disposable-Vape-Wholesale.jpg",800,800,false],"1536x1536":["https:\/\/vapestornado.com\/wp-content\/uploads\/2024\/12\/Aivono-35000-Puffs-Disposable-Vape-Wholesale.jpg",800,800,false],"2048x2048":["https:\/\/vapestornado.com\/wp-content\/uploads\/2024\/12\/Aivono-35000-Puffs-Disposable-Vape-Wholesale.jpg",800,800,false],"trp-custom-language-flag":["https:\/\/vapestornado.com\/wp-content\/uploads\/2024\/12\/Aivono-35000-Puffs-Disposable-Vape-Wholesale.jpg",12,12,false],"woocommerce_thumbnail":["https:\/\/vapestornado.com\/wp-content\/uploads\/2024\/12\/Aivono-35000-Puffs-Disposable-Vape-Wholesale-300x300.jpg",300,300,true],"woocommerce_single":["https:\/\/vapestornado.com\/wp-content\/uploads\/2024\/12\/Aivono-35000-Puffs-Disposable-Vape-Wholesale-600x600.jpg",600,600,true],"woocommerce_gallery_thumbnail":["https:\/\/vapestornado.com\/wp-content\/uploads\/2024\/12\/Aivono-35000-Puffs-Disposable-Vape-Wholesale-100x100.jpg",100,100,true]},"uagb_author_info":{"display_name":"ESAMY","author_link":"https:\/\/vapestornado.com\/fr\/author\/"},"uagb_comment_info":0,"uagb_excerpt":"Aivono Aim Flash 35000 Puffs 2% 5% Low Nicotine Disposable Vape Bulk Buy Price Aivono Flash 35000 Puffs Rechargeable Disposable Vape Wholesale Cheap Factory\u00a0Aivono Aim Flash 35000 Puffs 2% 5% Low Nicotine Disposable Vape Add Amy's whatsapp get right reply and vape vape coupon! WhatsApp: +86 17776015835 &nbsp;","_links":{"self":[{"href":"https:\/\/vapestornado.com\/fr\/wp-json\/wp\/v2\/product\/3289","targetHints":{"allow":["GET"]}}],"collection":[{"href":"https:\/\/vapestornado.com\/fr\/wp-json\/wp\/v2\/product"}],"about":[{"href":"https:\/\/vapestornado.com\/fr\/wp-json\/wp\/v2\/types\/product"}],"replies":[{"embeddable":true,"href":"https:\/\/vapestornado.com\/fr\/wp-json\/wp\/v2\/comments?post=3289"}],"wp:featuredmedia":[{"embeddable":true,"href":"https:\/\/vapestornado.com\/fr\/wp-json\/wp\/v2\/media\/3283"}],"wp:attachment":[{"href":"https:\/\/vapestornado.com\/fr\/wp-json\/wp\/v2\/media?parent=3289"}],"wp:term":[{"taxonomy":"product_brand","embeddable":true,"href":"https:\/\/vapestornado.com\/fr\/wp-json\/wp\/v2\/product_brand?post=3289"},{"taxonomy":"product_cat","embeddable":true,"href":"https:\/\/vapestornado.com\/fr\/wp-json\/wp\/v2\/product_cat?post=3289"},{"taxonomy":"product_tag","embeddable":true,"href":"https:\/\/vapestornado.com\/fr\/wp-json\/wp\/v2\/product_tag?post=3289"}],"curies":[{"name":"wp","href":"https:\/\/api.w.org\/{rel}","templated":true}]}}