{"id":3231,"date":"2024-12-18T09:42:32","date_gmt":"2024-12-18T09:42:32","guid":{"rendered":"https:\/\/vapestornado.com\/?post_type=product&#038;p=3231"},"modified":"2025-08-23T12:12:36","modified_gmt":"2025-08-23T12:12:36","slug":"wholesale-price-aivono-curved-smart-screen-35000-puffs-disposable-vape","status":"publish","type":"product","link":"https:\/\/vapestornado.com\/fr\/product\/wholesale-price-aivono-curved-smart-screen-35000-puffs-disposable-vape\/","title":{"rendered":"Prix de gros AIVONO Curved Smart Screen 35000 Bouff\u00e9es Vape Jetable"},"content":{"rendered":"<h1>Prix de gros AIVONO Curved Smart Screen 35000 Bouff\u00e9es Vape Jetable<\/h1>\n<p>L' <strong data-start=\"346\" data-end=\"404\">Vape jetable AIVONO \u00e0 \u00e9cran incurv\u00e9 intelligent 35000 bouff\u00e9es<\/strong> est con\u00e7u pour les vapoteurs qui appr\u00e9cient la technologie avanc\u00e9e, le design haut de gamme et les performances durables. Offrant jusqu'\u00e0 <strong data-start=\"524\" data-end=\"540\">35 000 bouff\u00e9es<\/strong>, cet appareil est aliment\u00e9 par une batterie rechargeable fiable <strong data-start=\"579\" data-end=\"622\">de 850mAh en cobalt pur<\/strong> avec <strong data-start=\"628\" data-end=\"652\">Charge rapide Type-C<\/strong>, assurant un vapotage ininterrompu. Sa <strong data-start=\"689\" data-end=\"726\">capacit\u00e9 de 28ml d'e-liquide pr\u00e9-rempli<\/strong> et ses multiples concentrations de nicotine (0%, 2%, 3%, 5%) le rendent adapt\u00e9 \u00e0 un large public.<\/p>\n<p>A <strong data-start=\"825\" data-end=\"848\">Double bobine maill\u00e9e de 1,0 \u03a9<\/strong> assure une saveur riche et des nuages \u200b\u200blisses, tandis que le <strong data-start=\"898\" data-end=\"927\">param\u00e8tres de puissance r\u00e9glables<\/strong> permet aux utilisateurs d'adapter la densit\u00e9 et l'intensit\u00e9 de la vapeur. L'\u00e9cran dynamique incurv\u00e9 <strong data-start=\"998\" data-end=\"1015\">\u00e9cran intelligent<\/strong> affiche l'autonomie de la batterie et les niveaux d'e-liquide en temps r\u00e9el, compl\u00e9t\u00e9 par des visuels de charge anim\u00e9s et un logo lumineux personnalisable.<\/p>\n<p>Avec son <strong data-start=\"1166\" data-end=\"1190\">construction \u00e9l\u00e9gante et compacte<\/strong> et les options OEM\/ODM, l'AIVONO Curved Smart Screen 35K est id\u00e9al pour les utilisateurs personnels et <strong data-start=\"1284\" data-end=\"1304\">acheteurs en gros<\/strong> \u00e0 travers la France. Combinant innovation, durabilit\u00e9 et style, c'est un choix exceptionnel pour <strong data-start=\"1392\" data-end=\"1452\">les d\u00e9taillants et distributeurs \u00e0 la recherche de vapes jetables en gros<\/strong> \u00e0 des prix comp\u00e9titifs.<\/p>\n<figure id=\"attachment_3474\" aria-describedby=\"caption-attachment-3474\" style=\"width: 800px\" class=\"wp-caption alignnone\"><img fetchpriority=\"high\" decoding=\"async\" class=\"wp-image-3474 size-full\" src=\"https:\/\/vapestornado.com\/wp-content\/uploads\/2024\/12\/AIVONO-35k-puff-vape-Box.jpg\" alt=\"Bo\u00eete de vape AIVONO 35k bouff\u00e9es\" width=\"800\" height=\"800\" srcset=\"https:\/\/vapestornado.com\/wp-content\/uploads\/2024\/12\/AIVONO-35k-puff-vape-Box.jpg 800w, https:\/\/vapestornado.com\/wp-content\/uploads\/2024\/12\/AIVONO-35k-puff-vape-Box-300x300.jpg 300w, https:\/\/vapestornado.com\/wp-content\/uploads\/2024\/12\/AIVONO-35k-puff-vape-Box-150x150.jpg 150w, https:\/\/vapestornado.com\/wp-content\/uploads\/2024\/12\/AIVONO-35k-puff-vape-Box-768x768.jpg 768w, https:\/\/vapestornado.com\/wp-content\/uploads\/2024\/12\/AIVONO-35k-puff-vape-Box-600x600.jpg 600w, https:\/\/vapestornado.com\/wp-content\/uploads\/2024\/12\/AIVONO-35k-puff-vape-Box-100x100.jpg 100w\" sizes=\"(max-width: 800px) 100vw, 800px\" \/><figcaption id=\"caption-attachment-3474\" class=\"wp-caption-text\">Bo\u00eete de vape AIVONO 35k bouff\u00e9es<\/figcaption><\/figure>\n<p><img decoding=\"async\" class=\"wp-image-2951\" src=\"https:\/\/vapestornado.com\/wp-content\/uploads\/2024\/12\/Wholesale-Disposable-Vape-265x300.jpg\" alt=\"Vape jetable en gros\" width=\"295\" height=\"334\" srcset=\"https:\/\/vapestornado.com\/wp-content\/uploads\/2024\/12\/Wholesale-Disposable-Vape-265x300.jpg 265w, https:\/\/vapestornado.com\/wp-content\/uploads\/2024\/12\/Wholesale-Disposable-Vape-768x871.jpg 768w, https:\/\/vapestornado.com\/wp-content\/uploads\/2024\/12\/Wholesale-Disposable-Vape-600x680.jpg 600w, https:\/\/vapestornado.com\/wp-content\/uploads\/2024\/12\/Wholesale-Disposable-Vape.jpg 823w\" sizes=\"(max-width: 295px) 100vw, 295px\" \/><\/p>\n<h6>Veuillez contacter Mandy sur WhatsApp pour obtenir un prix r\u00e9duit<a href=\"https:\/\/wa.me\/8618077105796\" target=\"_blank\" rel=\"noopener\">+8618077105796<\/a><\/h6>\n<h2><strong>Vape AIVONO \u00c9cran Incurv\u00e9 35000 Bouff\u00e9es \u2013 Sp\u00e9cifications Cl\u00e9s<\/strong><\/h2>\n<div class=\"flex max-w-full flex-col flex-grow\">\n<div class=\"min-h-8 text-message flex w-full flex-col items-end gap-2 whitespace-normal break-words text-start [.text-message+&amp;]:mt-5\" dir=\"auto\" data-message-author-role=\"assistant\" data-message-id=\"cdb991c0-f594-4bff-b2d5-fbbdd7ce9e54\" data-message-model-slug=\"gpt-4o-mini\">\n<div class=\"flex w-full flex-col gap-1 empty:hidden first:pt-[3px]\">\n<div class=\"markdown prose w-full break-words dark:prose-invert light\">\n<ul>\n<li><strong>Bouff\u00e9es :<\/strong> Jusqu'\u00e0 35 000 bouff\u00e9es<\/li>\n<li><strong>Capacit\u00e9 d'e-liquide :<\/strong> 28 ml<\/li>\n<li><strong>, chacune con\u00e7ue pour une satisfaction ultime.<\/strong> 17350 cobalt pur, 850 mAh (Rechargeable, Type-C)<\/li>\n<li><strong>R\u00e9sistance de la bobine :<\/strong> Double bobine maill\u00e9e de 1,0 \u03a9<\/li>\n<li><strong>Options de nicotine :<\/strong> 5%, 3%, 2%, 0%<\/li>\n<li><strong>Fonctionnalit\u00e9s de l'\u00e9cran :<\/strong> Voyants indicateurs d'e-liquide et de batterie, logo lumineux personnalisable<\/li>\n<li><strong>Affichage :<\/strong> \u00c9cran dynamique incurv\u00e9 avec effets d'animation de chargement et de vapeur<\/li>\n<li><strong>Puissance r\u00e9glable :<\/strong> Prend en charge le contr\u00f4le de la saveur et de la vapeur<\/li>\n<li><strong>Conception :<\/strong> Taille compacte (55*95mm), prend en charge la personnalisation OEM\/ODM<\/li>\n<\/ul>\n<\/div>\n<\/div>\n<\/div>\n<\/div>\n<div class=\"mb-2 flex gap-3 empty:hidden -ml-2\">\n<div class=\"items-center justify-start rounded-xl p-1 flex\"><\/div>\n<\/div>\n<h2><strong>Liste des saveurs des vapes AIVONO Curved Screen 35k Puff en gros :<\/strong><\/h2>\n<p>1.AIM FLASH: Fraise glac\u00e9e<br \/>\n2.AIM FLASH: Fraise past\u00e8que<br \/>\n3.AIM FLASH: Cerise framboise<br \/>\n4.AIM FLASH: Glace aux baies bleues<br \/>\n5.AIM FLASH: Citronn\u00e9<br \/>\n6.AIM FLASH: Jus de p\u00eache<br \/>\n7.AIM FLASH: Myrtille raisin<br \/>\n8.AIM FLASH: Past\u00e8que glac\u00e9e<br \/>\n9.AIM FLASH: Pomme baie<br \/>\n10.AIM FLASH:Mangue Ananas<br \/>\n11.AIM FLASH:Ranch Bleu<br \/>\n12.AIM FLASH:Glace \u00e0 la Fraise<br \/>\n13.AIM FLASH:Raisin<br \/>\n14.AIM FLASH:Baies Mixtes<br \/>\n15.AIM FLASH:Glace Fraise Kiwi<\/p>\n<div role=\"article\" data-tabster=\"{&quot;groupper&quot;:{&quot;tabbability&quot;:2},&quot;focusable&quot;:{}}\" data-content=\"ai-message\" aria-labelledby=\"dARUyEWDoEYhnSPXFwx5A-author dARUyEWDoEYhnSPXFwx5A-content\">\n<div id=\"dARUyEWDoEYhnSPXFwx5A-content\">\n<h3>Pourquoi choisir le AIVONO Curved Smart Screen 35000 Puffs en France <a href=\"https:\/\/vapestornado.com\/fr\/store\/\">vapestornado.com<\/a>?<\/h3>\n<ol>\n<li><strong>Qualit\u00e9 et performance sup\u00e9rieures<\/strong><br \/>\nLe AIVONO Curved Smart Screen 35000 Puffs Disposable Vape offre une exp\u00e9rience de vapotage exceptionnelle avec jusqu'\u00e0 35 000 bouff\u00e9es. Aliment\u00e9 par une batterie rechargeable de 850mAh de haute capacit\u00e9, il offre des performances constantes et une durabilit\u00e9 sup\u00e9rieure.<\/li>\n<li><strong>Fonctionnalit\u00e9s avanc\u00e9es pour une exp\u00e9rience sup\u00e9rieure<\/strong><br \/>\n\u00c9quip\u00e9 d'une double bobine de 1,0\u03a9, cet appareil assure une production de vapeur douce et une saveur riche \u00e0 chaque bouff\u00e9e. L'\u00e9cran intelligent dynamique incurv\u00e9 fournit des mises \u00e0 jour en temps r\u00e9el sur les niveaux de e-liquide et de batterie, tandis que le logo lumineux personnalisable ajoute une touche de sophistication.<\/li>\n<li><strong>Con\u00e7u pour chaque vapoteur<\/strong><br \/>\nOffrant plusieurs options de nicotine (5%, 3%, 2%, 0%), la vape AIVONO r\u00e9pond \u00e0 une vari\u00e9t\u00e9 de pr\u00e9f\u00e9rences, assurant un choix id\u00e9al pour chaque vapoteur.<\/li>\n<li><strong>Design \u00e9l\u00e9gant et compact<\/strong><br \/>\nCon\u00e7ue pour la commodit\u00e9, la vape AIVONO Curved Smart Screen pr\u00e9sente un format compact de 55*95mm, la rendant facile \u00e0 transporter tout en conservant une apparence \u00e9l\u00e9gante et moderne.<\/li>\n<li><strong>Disponibilit\u00e9 exclusive sur vapestornado.com<\/strong><br \/>\nvapestornado.com offre un acc\u00e8s exclusif \u00e0 la AIVONO Curved Smart Screen 35000 Puffs, assurant des prix comp\u00e9titifs, une exp\u00e9dition rapide et un excellent service client pour les clients fran\u00e7ais et au-del\u00e0.<\/li>\n<li><strong>Id\u00e9al pour les vapoteurs fran\u00e7ais<\/strong><br \/>\nAvec son design innovant et ses performances haut de gamme, la vape AIVONO Curved Smart Screen est parfaitement adapt\u00e9e aux go\u00fbts sophistiqu\u00e9s des vapoteurs fran\u00e7ais, combinant technologie de pointe et durabilit\u00e9 dans un seul appareil.<\/li>\n<\/ol>\n<\/div>\n<\/div>\n<h3>FAQ sur AIVONO Curved Smart Screen 35000 Puffs<\/h3>\n<p><strong>Q: Combien de bouff\u00e9es puis-je attendre de la AIVONO Curved Smart Screen 35000 Puffs ?<\/strong><br \/>\n<strong>A:<\/strong> La AIVONO Curved Smart Screen fournit jusqu'\u00e0 <strong>35 000 bouff\u00e9es<\/strong>, assurant une exp\u00e9rience de vapotage durable et satisfaisante.<\/p>\n<p><strong>Q: Quelle est la capacit\u00e9 de la batterie de la vape AIVONO CurvedScreen 35k bouff\u00e9es ?<\/strong><br \/>\n<strong>A:<\/strong> L'appareil est aliment\u00e9 par une <strong>batterie rechargeable au cobalt pur 17350<\/strong> d'une capacit\u00e9 de <strong>c\u0153ur pour une sortie stable, et un<\/strong>, offrant des performances fiables et une longue dur\u00e9e de vie de la batterie.<\/p>\n<p><strong>Q: La vape AIVONO Screen 35k bouff\u00e9es supporte-t-elle le chargement Type-C ?<\/strong><br \/>\n<strong>A:<\/strong> Oui, l'appareil est \u00e9quip\u00e9 d'un <strong>port de chargement Type-C<\/strong>, permettant une recharge rapide et pratique.<\/p>\n<p><strong>Q: Quel type de bobine utilise la AIVONO Curved Screen 35k bouff\u00e9es ?<\/strong><br \/>\n<strong>A:<\/strong> Cette cigarette \u00e9lectronique utilise un <strong>Double bobine maill\u00e9e de 1,0 \u03a9<\/strong>, assurant une production de vapeur lisse et constante, avec des bouff\u00e9es riches et savoureuses.<\/p>\n<p><strong>Q: Comment puis-je v\u00e9rifier les niveaux d'e-liquide et de batterie sur la barre de vape AIVONO Curved Smart Screen 35000 ?<\/strong><br \/>\n<strong>A:<\/strong> L'appareil est dot\u00e9 d'un <strong>\u00e9cran intelligent dynamique incurv\u00e9<\/strong> qui affiche les niveaux d'e-liquide et de batterie en temps r\u00e9el, pour que vous sachiez toujours quand recharger ou faire l'appoint.<\/p>\n<p><strong>Q: Qu'est-ce qui rend les Vapes AIVONO Curved Smart Screen 35k \u00e0 prix abordable id\u00e9ales pour les vapoteurs europ\u00e9ens ?<\/strong><br \/>\n<strong>A:<\/strong> La vape AIVONO Curved 35k bouff\u00e9es combine une technologie de pointe, un design \u00e9l\u00e9gant et de multiples options de nicotine, ce qui en fait un choix parfait pour les pr\u00e9f\u00e9rences exigeantes des vapoteurs europ\u00e9ens.<\/p>","protected":false},"excerpt":{"rendered":"<p>Pods de vape AIVONO \u00e0 \u00e9cran intelligent incurv\u00e9 35000 bouff\u00e9es : vape jetable haut de gamme, 35 000 bouff\u00e9es, fonctionnalit\u00e9s personnalisables, double r\u00e9sistance mesh, chargement Type-C, id\u00e9al pour les vapoteurs europ\u00e9ens.<\/p>\n<figure id=\"attachment_2951\" aria-describedby=\"caption-attachment-2951\" style=\"width: 265px\" class=\"wp-caption alignnone\"><img decoding=\"async\" class=\"size-medium wp-image-2951\" src=\"https:\/\/vapestornado.com\/wp-content\/uploads\/2024\/12\/Wholesale-Disposable-Vape-265x300.jpg\" alt=\"Vape jetable en gros\" width=\"265\" height=\"300\" srcset=\"https:\/\/vapestornado.com\/wp-content\/uploads\/2024\/12\/Wholesale-Disposable-Vape-265x300.jpg 265w, https:\/\/vapestornado.com\/wp-content\/uploads\/2024\/12\/Wholesale-Disposable-Vape-768x871.jpg 768w, https:\/\/vapestornado.com\/wp-content\/uploads\/2024\/12\/Wholesale-Disposable-Vape-600x680.jpg 600w, https:\/\/vapestornado.com\/wp-content\/uploads\/2024\/12\/Wholesale-Disposable-Vape.jpg 823w\" sizes=\"(max-width: 265px) 100vw, 265px\" \/><figcaption id=\"caption-attachment-2951\" class=\"wp-caption-text\">Veuillez contacter Mandy sur WhatsApp pour obtenir un prix r\u00e9duit\u00a0 <a href=\"https:\/\/wa.me\/8618077105796\">+8618077105796<\/a><\/figcaption><\/figure>\n<p>&nbsp;<\/p>","protected":false},"featured_media":3479,"comment_status":"open","ping_status":"closed","template":"","meta":{"_acf_changed":false,"_uag_custom_page_level_css":"","_lmt_disableupdate":"no","_lmt_disable":"","_monsterinsights_skip_tracking":false,"_monsterinsights_sitenote_active":false,"_monsterinsights_sitenote_note":"","_monsterinsights_sitenote_category":0,"site-sidebar-layout":"default","site-content-layout":"","ast-site-content-layout":"default","site-content-style":"default","site-sidebar-style":"default","ast-global-header-display":"","ast-banner-title-visibility":"","ast-main-header-display":"","ast-hfb-above-header-display":"","ast-hfb-below-header-display":"","ast-hfb-mobile-header-display":"","site-post-title":"","ast-breadcrumbs-content":"","ast-featured-img":"","footer-sml-layout":"","ast-disable-related-posts":"","theme-transparent-header-meta":"default","adv-header-id-meta":"","stick-header-meta":"","header-above-stick-meta":"","header-main-stick-meta":"","header-below-stick-meta":"","astra-migrate-meta-layouts":"set","ast-page-background-enabled":"default","ast-page-background-meta":{"desktop":{"background-color":"","background-image":"","background-repeat":"repeat","background-position":"center center","background-size":"auto","background-attachment":"scroll","background-type":"","background-media":"","overlay-type":"","overlay-color":"","overlay-opacity":"","overlay-gradient":""},"tablet":{"background-color":"","background-image":"","background-repeat":"repeat","background-position":"center center","background-size":"auto","background-attachment":"scroll","background-type":"","background-media":"","overlay-type":"","overlay-color":"","overlay-opacity":"","overlay-gradient":""},"mobile":{"background-color":"","background-image":"","background-repeat":"repeat","background-position":"center center","background-size":"auto","background-attachment":"scroll","background-type":"","background-media":"","overlay-type":"","overlay-color":"","overlay-opacity":"","overlay-gradient":""}},"ast-content-background-meta":{"desktop":{"background-color":"var(--ast-global-color-5)","background-image":"","background-repeat":"repeat","background-position":"center center","background-size":"auto","background-attachment":"scroll","background-type":"","background-media":"","overlay-type":"","overlay-color":"","overlay-opacity":"","overlay-gradient":""},"tablet":{"background-color":"var(--ast-global-color-5)","background-image":"","background-repeat":"repeat","background-position":"center center","background-size":"auto","background-attachment":"scroll","background-type":"","background-media":"","overlay-type":"","overlay-color":"","overlay-opacity":"","overlay-gradient":""},"mobile":{"background-color":"var(--ast-global-color-5)","background-image":"","background-repeat":"repeat","background-position":"center center","background-size":"auto","background-attachment":"scroll","background-type":"","background-media":"","overlay-type":"","overlay-color":"","overlay-opacity":"","overlay-gradient":""}},"_joinchat":{"telephone":"+8618077105796"}},"product_brand":[],"product_cat":[175,176,140,153,157],"product_tag":[177,97],"class_list":{"0":"post-3231","1":"product","2":"type-product","3":"status-publish","4":"has-post-thumbnail","6":"product_cat-35000-puff","7":"product_cat-aivono-vape","8":"product_cat-big-puffs-disposable-vapes","9":"product_cat-buy-disposable-vapes-in-italy","10":"product_cat-buy-disposable-vapes-in-portugal","11":"product_tag-aivono-35000-puffs","12":"product_tag-hot-sale-disposable-vape","13":"desktop-align-left","14":"tablet-align-left","15":"mobile-align-left","17":"first","18":"instock","19":"sale","20":"shipping-taxable","21":"purchasable","22":"product-type-simple"},"acf":[],"uagb_featured_image_src":{"full":["https:\/\/vapestornado.com\/wp-content\/uploads\/2024\/12\/AIVONO-35000-Puffs-Good-Sale-Vape.jpg",800,800,false],"thumbnail":["https:\/\/vapestornado.com\/wp-content\/uploads\/2024\/12\/AIVONO-35000-Puffs-Good-Sale-Vape-150x150.jpg",150,150,true],"medium":["https:\/\/vapestornado.com\/wp-content\/uploads\/2024\/12\/AIVONO-35000-Puffs-Good-Sale-Vape-300x300.jpg",300,300,true],"medium_large":["https:\/\/vapestornado.com\/wp-content\/uploads\/2024\/12\/AIVONO-35000-Puffs-Good-Sale-Vape-768x768.jpg",768,768,true],"large":["https:\/\/vapestornado.com\/wp-content\/uploads\/2024\/12\/AIVONO-35000-Puffs-Good-Sale-Vape.jpg",800,800,false],"1536x1536":["https:\/\/vapestornado.com\/wp-content\/uploads\/2024\/12\/AIVONO-35000-Puffs-Good-Sale-Vape.jpg",800,800,false],"2048x2048":["https:\/\/vapestornado.com\/wp-content\/uploads\/2024\/12\/AIVONO-35000-Puffs-Good-Sale-Vape.jpg",800,800,false],"trp-custom-language-flag":["https:\/\/vapestornado.com\/wp-content\/uploads\/2024\/12\/AIVONO-35000-Puffs-Good-Sale-Vape.jpg",12,12,false],"woocommerce_thumbnail":["https:\/\/vapestornado.com\/wp-content\/uploads\/2024\/12\/AIVONO-35000-Puffs-Good-Sale-Vape-300x300.jpg",300,300,true],"woocommerce_single":["https:\/\/vapestornado.com\/wp-content\/uploads\/2024\/12\/AIVONO-35000-Puffs-Good-Sale-Vape-600x600.jpg",600,600,true],"woocommerce_gallery_thumbnail":["https:\/\/vapestornado.com\/wp-content\/uploads\/2024\/12\/AIVONO-35000-Puffs-Good-Sale-Vape-100x100.jpg",100,100,true]},"uagb_author_info":{"display_name":"ESMANDY","author_link":"https:\/\/vapestornado.com\/fr\/author\/"},"uagb_comment_info":0,"uagb_excerpt":"AIVONO Curved Smart Screen 35000 Puff\u00a0 vape pods : Premium disposable vape, 35,000 puffs, customizable features, dual mesh coil, Type-C charging, ideal for European vapers. [caption id=\"attachment_2951\" align=\"alignnone\" width=\"265\"] Pls Contact Mandy's WhatsApp For Discount Price\u00a0 +8618077105796[\/caption] &nbsp;","_links":{"self":[{"href":"https:\/\/vapestornado.com\/fr\/wp-json\/wp\/v2\/product\/3231","targetHints":{"allow":["GET"]}}],"collection":[{"href":"https:\/\/vapestornado.com\/fr\/wp-json\/wp\/v2\/product"}],"about":[{"href":"https:\/\/vapestornado.com\/fr\/wp-json\/wp\/v2\/types\/product"}],"replies":[{"embeddable":true,"href":"https:\/\/vapestornado.com\/fr\/wp-json\/wp\/v2\/comments?post=3231"}],"wp:featuredmedia":[{"embeddable":true,"href":"https:\/\/vapestornado.com\/fr\/wp-json\/wp\/v2\/media\/3479"}],"wp:attachment":[{"href":"https:\/\/vapestornado.com\/fr\/wp-json\/wp\/v2\/media?parent=3231"}],"wp:term":[{"taxonomy":"product_brand","embeddable":true,"href":"https:\/\/vapestornado.com\/fr\/wp-json\/wp\/v2\/product_brand?post=3231"},{"taxonomy":"product_cat","embeddable":true,"href":"https:\/\/vapestornado.com\/fr\/wp-json\/wp\/v2\/product_cat?post=3231"},{"taxonomy":"product_tag","embeddable":true,"href":"https:\/\/vapestornado.com\/fr\/wp-json\/wp\/v2\/product_tag?post=3231"}],"curies":[{"name":"wp","href":"https:\/\/api.w.org\/{rel}","templated":true}]}}