{"id":3201,"date":"2024-12-18T03:39:14","date_gmt":"2024-12-18T03:39:14","guid":{"rendered":"https:\/\/vapestornado.com\/?post_type=product&#038;p=3201"},"modified":"2025-08-23T09:47:27","modified_gmt":"2025-08-23T09:47:27","slug":"vapsolo-viking-12000-puffs-2-5-low-nicotine-bulk-buy-rechargeable-disposable-vapes-pen-wholesale-price","status":"publish","type":"product","link":"https:\/\/vapestornado.com\/fr\/product\/vapsolo-viking-12000-puffs-2-5-low-nicotine-bulk-buy-rechargeable-disposable-vapes-pen-wholesale-price\/","title":{"rendered":"VapSolo Viking 12000 Bouff\u00e9es 2% 5% Faible Nicotine Achat en gros Vapes jetables rechargeables Stylo Prix de gros"},"content":{"rendered":"<h1 class=\"product-title\">VapSolo Viking 12000 Bouff\u00e9es 2% 5% Faible Nicotine Achat en gros Vapes jetables rechargeables Stylo Prix de gros<\/h1>\n<p data-start=\"403\" data-end=\"652\">L' <strong data-start=\"407\" data-end=\"453\">VapSolo Viking 12000 Bouff\u00e9es Vape Jetable<\/strong> offre des performances et une flexibilit\u00e9 \u00e9tendues dans un design \u00e9l\u00e9gant et portable. Avec un <strong data-start=\"536\" data-end=\"562\">Capacit\u00e9 de 22 ml d'e-liquide<\/strong> et jusqu'\u00e0 <strong data-start=\"573\" data-end=\"589\">12 000 bouff\u00e9es<\/strong>, il offre une utilisation durable sans remplacements constants.<\/p>\n<p data-start=\"654\" data-end=\"909\">Aliment\u00e9 par une <strong data-start=\"667\" data-end=\"698\">batterie rechargeable de 650 mAh<\/strong> avec <strong data-start=\"704\" data-end=\"728\">Charge rapide Type-C<\/strong>, le Viking 12K assure des sessions coh\u00e9rentes et une recharge efficace. Il est disponible en <strong data-start=\"811\" data-end=\"843\">2% et 5% de taux de nicotine<\/strong>, ce qui le rend adapt\u00e9 aux pr\u00e9f\u00e9rences mod\u00e9r\u00e9es et plus fortes.<\/p>\n<p data-start=\"911\" data-end=\"1150\">\u00c9quip\u00e9 de <strong data-start=\"925\" data-end=\"949\">technologie de bobine de maille<\/strong> et de <strong data-start=\"954\" data-end=\"984\">d\u00e9bit d'air r\u00e9glable \u00e0 4 niveaux<\/strong>, cet appareil garantit une production de vapeur douce et des tirages personnalisables. Le <strong data-start=\"1061\" data-end=\"1076\">\u00c9cran LCD<\/strong> ajoute de la commodit\u00e9 en affichant le nombre de bouff\u00e9es et l'\u00e9tat de la batterie en temps r\u00e9el.<\/p>\n<p data-start=\"1152\" data-end=\"1410\">L\u00e9ger et facile \u00e0 transporter, le <strong data-start=\"1187\" data-end=\"1211\">VapSolo Viking 12000<\/strong> est id\u00e9al pour les utilisateurs quotidiens et les grossistes. Sa combinaison de capacit\u00e9, de fonctionnalit\u00e9s avanc\u00e9es et de prix comp\u00e9titif <strong data-start=\"1326\" data-end=\"1347\">des prix de gros<\/strong> en fait une option rentable pour les d\u00e9taillants et les distributeurs.<\/p>\n<p><strong>Ajoutez le Whatsapp d'Amy pour obtenir une r\u00e9ponse imm\u00e9diate et un coupon de vape !<\/strong><\/p>\n<p><img fetchpriority=\"high\" decoding=\"async\" class=\"size-full wp-image-2932\" src=\"https:\/\/vapestornado.com\/wp-content\/uploads\/2024\/12\/Vape-Wholesale.jpg\" alt=\"Vente en Gros de Vapes\" width=\"229\" height=\"300\" \/><\/p>\n<h3><a href=\"https:\/\/wa.me\/8617776015835\" target=\"_blank\" rel=\"noopener\"><span style=\"color: #ff0000;\"><strong>WhatsApp : +86 17776015835<\/strong><\/span><\/a><\/h3>\n<p>&nbsp;<\/p>\n<h2><strong>Caract\u00e9ristiques du produit VapSolo Viking 12000<\/strong><\/h2>\n<div role=\"article\" data-tabster=\"{&quot;groupper&quot;:{&quot;tabbability&quot;:2},&quot;focusable&quot;:{}}\" data-content=\"ai-message\" aria-labelledby=\"juhNTJ6o7Gk1cgwZMJgv2-author juhNTJ6o7Gk1cgwZMJgv2-content\">\n<div id=\"juhNTJ6o7Gk1cgwZMJgv2-content\">\n<div role=\"article\" data-tabster=\"{&quot;groupper&quot;:{&quot;tabbability&quot;:2},&quot;focusable&quot;:{}}\" data-content=\"ai-message\" aria-labelledby=\"x4EZuCZWrTbh3weWUt7CU-author x4EZuCZWrTbh3weWUt7CU-content\">\n<div id=\"x4EZuCZWrTbh3weWUt7CU-content\">\n<h3><\/h3>\n<ol>\n<li><strong>12 000 bouff\u00e9es par appareil :<\/strong> Utilisation prolong\u00e9e pour une exp\u00e9rience de vapotage sans tracas.<\/li>\n<li><strong>Options \u00e0 faible teneur en nicotine :<\/strong> Disponible en 2 % et 5 %, r\u00e9pondant \u00e0 une vari\u00e9t\u00e9 de pr\u00e9f\u00e9rences.<\/li>\n<li><strong>Batterie rechargeable :<\/strong> Capacit\u00e9 de 650mAh avec chargement rapide Type-C pratique.<\/li>\n<li><strong>Flux d'air r\u00e9glable \u00e0 4 niveaux :<\/strong> Personnalisez votre style de vapotage avec pr\u00e9cision.<\/li>\n<li><strong>Technologie de r\u00e9sistance Mesh :<\/strong> Fournit une vapeur douce et une saveur am\u00e9lior\u00e9e \u00e0 chaque fois.<\/li>\n<li><strong>Capacit\u00e9 de 22ml d'E-Liquide :<\/strong> Offre des sessions de vapotage plus longues sans remplissages fr\u00e9quents.<\/li>\n<li><strong>\u00c9cran LCD :<\/strong> Surveillez facilement le nombre de bouff\u00e9es et l'\u00e9tat de la batterie en temps r\u00e9el.<\/li>\n<li><strong>Compact et l\u00e9ger :<\/strong> Conception portable, ne pesant que 95g pour une utilisation facile en d\u00e9placement.<\/li>\n<li><strong>Prix de gros abordables :<\/strong> Id\u00e9al pour les achats en gros et la revente.<\/li>\n<li><strong>Marque de vape jetable de qualit\u00e9 sup\u00e9rieure :<\/strong> Combine commodit\u00e9, performance et style.<\/li>\n<\/ol>\n<\/div>\n<\/div>\n<\/div>\n<\/div>\n<h2 class=\"product-title\"><strong>Liste des saveurs VapSolo 12000 Bouff\u00e9es<\/strong><\/h2>\n<p>1. framboise myrtille<br \/>\n2. myrtille<br \/>\n3. cerise p\u00e9tillante<br \/>\n4. Past\u00e8que glac\u00e9e<br \/>\n5. kiwi fraise<br \/>\n6. past\u00e8que fraise<br \/>\n7. r\u00eave d'\u00e9t\u00e9<br \/>\n8. canneberge cerise myrtille<br \/>\n9. Citron vert<br \/>\n10. Oursons en g\u00e9latine<br \/>\n11. Banane Fraise<br \/>\n12. Menthe fra\u00eeche<br \/>\n13. Glace framboise fraise<br \/>\n14. P\u00eache citronn\u00e9e<br \/>\n15. Glace pomme rouge<\/p>\n<figure id=\"attachment_3194\" aria-describedby=\"caption-attachment-3194\" style=\"width: 600px\" class=\"wp-caption alignnone\"><img decoding=\"async\" class=\"wp-image-3194\" src=\"https:\/\/vapestornado.com\/wp-content\/uploads\/2024\/12\/VapSolo-12000-Puffs-Disposable-Vape-Wholesale-Cheap-Price-300x300.jpg\" alt=\"VapSolo 12000 Bouff\u00e9es Vape Jetable Prix de gros pas cher\" width=\"600\" height=\"600\" srcset=\"https:\/\/vapestornado.com\/wp-content\/uploads\/2024\/12\/VapSolo-12000-Puffs-Disposable-Vape-Wholesale-Cheap-Price-300x300.jpg 300w, https:\/\/vapestornado.com\/wp-content\/uploads\/2024\/12\/VapSolo-12000-Puffs-Disposable-Vape-Wholesale-Cheap-Price-1024x1024.jpg 1024w, https:\/\/vapestornado.com\/wp-content\/uploads\/2024\/12\/VapSolo-12000-Puffs-Disposable-Vape-Wholesale-Cheap-Price-150x150.jpg 150w, https:\/\/vapestornado.com\/wp-content\/uploads\/2024\/12\/VapSolo-12000-Puffs-Disposable-Vape-Wholesale-Cheap-Price-768x768.jpg 768w, https:\/\/vapestornado.com\/wp-content\/uploads\/2024\/12\/VapSolo-12000-Puffs-Disposable-Vape-Wholesale-Cheap-Price-600x600.jpg 600w, https:\/\/vapestornado.com\/wp-content\/uploads\/2024\/12\/VapSolo-12000-Puffs-Disposable-Vape-Wholesale-Cheap-Price-100x100.jpg 100w, https:\/\/vapestornado.com\/wp-content\/uploads\/2024\/12\/VapSolo-12000-Puffs-Disposable-Vape-Wholesale-Cheap-Price.jpg 1126w\" sizes=\"(max-width: 600px) 100vw, 600px\" \/><figcaption id=\"caption-attachment-3194\" class=\"wp-caption-text\">VapSolo 12000 Bouff\u00e9es Vape Jetable Prix de gros pas cher<\/figcaption><\/figure>\n<h3>Pourquoi choisir vapestornado pour la vente en gros de VapSolo Viking 12000 bouff\u00e9es\u00a0?<\/h3>\n<div class=\"flex-shrink-0 flex flex-col relative items-end\">\n<div class=\"pt-0\">\n<div class=\"gizmo-bot-avatar flex h-8 w-8 items-center justify-center overflow-hidden rounded-full\">\n<div class=\"relative p-1 rounded-sm flex items-center justify-center bg-token-main-surface-primary text-token-text-primary h-8 w-8\">\n<p>Bienvenue chez vapestornado, votre boutique de vape en ligne de confiance pour les vapes jetables de qualit\u00e9 sup\u00e9rieure. Avec plus de 5 ans d'expertise, nous vous proposons des marques populaires de vapes jetables telles que Fumot RandM Vape, <a href=\"https:\/\/vapestornado.com\/fr\/product\/vapme-crystal-7000-puffs-rechargeable-disposable-vape-wholesale-cheap-price\/\">Vapme<\/a>, Bang Vape, Waspe Vape et WGA Vape, etc.<\/p>\n<p>Notre gamme comprend des vapes tr\u00e8s demand\u00e9es comme le <a href=\"https:\/\/vapestornado.com\/fr\/product\/fumot-randm-tornado-15000-puffs-rechargeable-disposable-vape-wholesale\/\">RandM Tornade 15000<\/a>, et des choix riches en saveurs comme le <a href=\"https:\/\/vapestornado.com\/fr\/product\/waspe-40000-puffs-double-flavour-led-display-disposable-vape-wholesale\/\">WASPE Double Saveur 40000 Bouff\u00e9es<\/a> . Chaque produit est choisi en mettant l'accent sur la qualit\u00e9, la valeur et la vari\u00e9t\u00e9, afin de vous assurer de trouver la solution id\u00e9ale pour vos besoins. D\u00e9couvrez un service exceptionnel et une large gamme de produits de qualit\u00e9 sup\u00e9rieure \u00e0 prix de gros chez vapestornado.<\/p>\n<\/div>\n<h3><\/h3>\n<div class=\"relative p-1 rounded-sm flex items-center justify-center bg-token-main-surface-primary text-token-text-primary h-8 w-8\">\n<h3>FAQ pour VapSolo Viking 12k Puff Vape jetable<\/h3>\n<\/div>\n<\/div>\n<\/div>\n<\/div>\n<div class=\"flex-shrink-0 flex flex-col relative items-end\">\n<div class=\"pt-0\">\n<div class=\"gizmo-bot-avatar flex h-8 w-8 items-center justify-center overflow-hidden rounded-full\">\n<div class=\"relative p-1 rounded-sm flex items-center justify-center bg-token-main-surface-primary text-token-text-primary h-8 w-8\">\n<div class=\"mb-2 flex gap-3 empty:hidden -ml-2\">\n<div role=\"article\" data-tabster=\"{&quot;groupper&quot;:{&quot;tabbability&quot;:2},&quot;focusable&quot;:{}}\" data-content=\"ai-message\" aria-labelledby=\"Vdt5ez4X7Tg813x6rFVha-author Vdt5ez4X7Tg813x6rFVha-content\">\n<div id=\"Vdt5ez4X7Tg813x6rFVha-content\">\n<div role=\"article\" data-tabster=\"{&quot;groupper&quot;:{&quot;tabbability&quot;:2},&quot;focusable&quot;:{}}\" data-content=\"ai-message\" aria-labelledby=\"o968oC7CEo2fGHsGdsRYC-author o968oC7CEo2fGHsGdsRYC-content\">\n<div id=\"o968oC7CEo2fGHsGdsRYC-content\">\n<ol>\n<li><strong>Quelle est la capacit\u00e9 de bouff\u00e9e du VapSolo Viking 12000\u00a0?<\/strong><br \/>\nL' <strong>VapSolo Viking 12000<\/strong> offre jusqu'\u00e0 <strong>12 000 bouff\u00e9es<\/strong>, assurant une utilisation prolong\u00e9e avec un minimum d'entretien.<\/li>\n<li><strong>Puis-je recharger le VapSolo Viking 12000 ?<\/strong><br \/>\nOui, l'appareil est \u00e9quip\u00e9 d'un <strong>batterie rechargeable de 650 mAh<\/strong> et une <strong>port de chargement Type-C<\/strong> pour une recharge rapide et efficace.<\/li>\n<li><strong>Quels sont les niveaux de nicotine disponibles ?<\/strong><br \/>\nL'appareil est disponible en <strong>Options \u00e0 faible teneur en nicotine 2% et 5%<\/strong>, r\u00e9pondant \u00e0 un \u00e9ventail de pr\u00e9f\u00e9rences des utilisateurs.<\/li>\n<li><strong>Comment fonctionne le flux d'air r\u00e9glable ?<\/strong><br \/>\nL' <strong>d\u00e9bit d'air r\u00e9glable \u00e0 4 niveaux<\/strong> vous permet de basculer entre des tirages plus serr\u00e9s et plus amples, vous donnant un contr\u00f4le total sur votre style de vapotage.<\/li>\n<li><strong>Pourquoi le VapSolo Viking 12000 est-il id\u00e9al pour les acheteurs en gros ?<\/strong><br \/>\nAvec son <strong>nombre \u00e9lev\u00e9 de bouff\u00e9es<\/strong>, <strong>\u00c9cran LCD<\/strong>, et <strong>une tarification de gros abordable<\/strong>, il est parfait pour les d\u00e9taillants cherchant \u00e0 stocker des produits de haute qualit\u00e9, riches en fonctionnalit\u00e9s <strong>vape jetable<\/strong> \u00e0 des prix comp\u00e9titifs.<\/li>\n<\/ol>\n<\/div>\n<\/div>\n<\/div>\n<\/div>\n<\/div>\n<\/div>\n<\/div>\n<\/div>\n<\/div>","protected":false},"excerpt":{"rendered":"<p>VapSolo Viking 12000 Puffs 2% 5% Faible Taux de Nicotine Vape Jetable Prix d'Achat en Gros<br \/>\nVapSolo Viking 12000 Puffs Vape Jetable Rechargeable Vente en Gros<br \/>\nVapSolo Viking 12000 Puffs 2% 5% Faible Taux de Nicotine Vape Jetable Prix Usine Pas Cher<\/p>\n<p><strong>Ajoutez le WhatsApp d'Amy pour obtenir une bonne r\u00e9ponse et un coupon de vape !<\/strong><\/p>\n<p><img fetchpriority=\"high\" decoding=\"async\" class=\"size-full wp-image-2932\" src=\"https:\/\/vapestornado.com\/wp-content\/uploads\/2024\/12\/Vape-Wholesale.jpg\" alt=\"Vente en Gros de Vapes\" width=\"229\" height=\"300\" \/><\/p>\n<h3><a href=\"https:\/\/wa.me\/8617776015835\"><span style=\"color: #ff0000;\"><strong>WhatsApp : +86 17776015835<\/strong><\/span><\/a><\/h3>\n<p>&nbsp;<\/p>","protected":false},"featured_media":3193,"comment_status":"open","ping_status":"closed","template":"","meta":{"_acf_changed":false,"_uag_custom_page_level_css":"","_lmt_disableupdate":"no","_lmt_disable":"","_monsterinsights_skip_tracking":false,"_monsterinsights_sitenote_active":false,"_monsterinsights_sitenote_note":"","_monsterinsights_sitenote_category":0,"site-sidebar-layout":"default","site-content-layout":"","ast-site-content-layout":"default","site-content-style":"default","site-sidebar-style":"default","ast-global-header-display":"","ast-banner-title-visibility":"","ast-main-header-display":"","ast-hfb-above-header-display":"","ast-hfb-below-header-display":"","ast-hfb-mobile-header-display":"","site-post-title":"","ast-breadcrumbs-content":"","ast-featured-img":"","footer-sml-layout":"","ast-disable-related-posts":"","theme-transparent-header-meta":"default","adv-header-id-meta":"","stick-header-meta":"","header-above-stick-meta":"","header-main-stick-meta":"","header-below-stick-meta":"","astra-migrate-meta-layouts":"set","ast-page-background-enabled":"default","ast-page-background-meta":{"desktop":{"background-color":"","background-image":"","background-repeat":"repeat","background-position":"center center","background-size":"auto","background-attachment":"scroll","background-type":"","background-media":"","overlay-type":"","overlay-color":"","overlay-opacity":"","overlay-gradient":""},"tablet":{"background-color":"","background-image":"","background-repeat":"repeat","background-position":"center center","background-size":"auto","background-attachment":"scroll","background-type":"","background-media":"","overlay-type":"","overlay-color":"","overlay-opacity":"","overlay-gradient":""},"mobile":{"background-color":"","background-image":"","background-repeat":"repeat","background-position":"center center","background-size":"auto","background-attachment":"scroll","background-type":"","background-media":"","overlay-type":"","overlay-color":"","overlay-opacity":"","overlay-gradient":""}},"ast-content-background-meta":{"desktop":{"background-color":"var(--ast-global-color-5)","background-image":"","background-repeat":"repeat","background-position":"center center","background-size":"auto","background-attachment":"scroll","background-type":"","background-media":"","overlay-type":"","overlay-color":"","overlay-opacity":"","overlay-gradient":""},"tablet":{"background-color":"var(--ast-global-color-5)","background-image":"","background-repeat":"repeat","background-position":"center center","background-size":"auto","background-attachment":"scroll","background-type":"","background-media":"","overlay-type":"","overlay-color":"","overlay-opacity":"","overlay-gradient":""},"mobile":{"background-color":"var(--ast-global-color-5)","background-image":"","background-repeat":"repeat","background-position":"center center","background-size":"auto","background-attachment":"scroll","background-type":"","background-media":"","overlay-type":"","overlay-color":"","overlay-opacity":"","overlay-gradient":""}},"_joinchat":{"telephone":"+8617776015835"}},"product_brand":[],"product_cat":[72,149,150,156,144,146,171],"product_tag":[165,97,166,94,139,170,169],"class_list":{"0":"post-3201","1":"product","2":"type-product","3":"status-publish","4":"has-post-thumbnail","6":"product_cat-12000-puff","7":"product_cat-buy-disposable-vapes-in-austria","8":"product_cat-buy-disposable-vapes-in-belgium","9":"product_cat-buy-disposable-vapes-in-poland","10":"product_cat-low-nicotine-disposable-vapes","11":"product_cat-rechargeable-disposable-vapes","12":"product_cat-vapsolo-disposable-vapes","13":"product_tag-cheap-vapes","14":"product_tag-hot-sale-disposable-vape","15":"product_tag-low-nicotine-vape","16":"product_tag-rechargeable-disposable-vape","17":"product_tag-vapsolo","18":"product_tag-vapsolo-viking-12000","19":"product_tag-vasolo-12000","20":"desktop-align-left","21":"tablet-align-left","22":"mobile-align-left","24":"first","25":"instock","26":"sale","27":"shipping-taxable","28":"purchasable","29":"product-type-simple"},"acf":[],"uagb_featured_image_src":{"full":["https:\/\/vapestornado.com\/wp-content\/uploads\/2024\/12\/VapSolo-12000-Puffs-Disposable-Vape-Bulk-Buy-Price.jpg",1126,1126,false],"thumbnail":["https:\/\/vapestornado.com\/wp-content\/uploads\/2024\/12\/VapSolo-12000-Puffs-Disposable-Vape-Bulk-Buy-Price-150x150.jpg",150,150,true],"medium":["https:\/\/vapestornado.com\/wp-content\/uploads\/2024\/12\/VapSolo-12000-Puffs-Disposable-Vape-Bulk-Buy-Price-300x300.jpg",300,300,true],"medium_large":["https:\/\/vapestornado.com\/wp-content\/uploads\/2024\/12\/VapSolo-12000-Puffs-Disposable-Vape-Bulk-Buy-Price-768x768.jpg",768,768,true],"large":["https:\/\/vapestornado.com\/wp-content\/uploads\/2024\/12\/VapSolo-12000-Puffs-Disposable-Vape-Bulk-Buy-Price-1024x1024.jpg",1024,1024,true],"1536x1536":["https:\/\/vapestornado.com\/wp-content\/uploads\/2024\/12\/VapSolo-12000-Puffs-Disposable-Vape-Bulk-Buy-Price.jpg",1126,1126,false],"2048x2048":["https:\/\/vapestornado.com\/wp-content\/uploads\/2024\/12\/VapSolo-12000-Puffs-Disposable-Vape-Bulk-Buy-Price.jpg",1126,1126,false],"trp-custom-language-flag":["https:\/\/vapestornado.com\/wp-content\/uploads\/2024\/12\/VapSolo-12000-Puffs-Disposable-Vape-Bulk-Buy-Price.jpg",12,12,false],"woocommerce_thumbnail":["https:\/\/vapestornado.com\/wp-content\/uploads\/2024\/12\/VapSolo-12000-Puffs-Disposable-Vape-Bulk-Buy-Price-300x300.jpg",300,300,true],"woocommerce_single":["https:\/\/vapestornado.com\/wp-content\/uploads\/2024\/12\/VapSolo-12000-Puffs-Disposable-Vape-Bulk-Buy-Price-600x600.jpg",600,600,true],"woocommerce_gallery_thumbnail":["https:\/\/vapestornado.com\/wp-content\/uploads\/2024\/12\/VapSolo-12000-Puffs-Disposable-Vape-Bulk-Buy-Price-100x100.jpg",100,100,true]},"uagb_author_info":{"display_name":"ESAMY","author_link":"https:\/\/vapestornado.com\/fr\/author\/"},"uagb_comment_info":0,"uagb_excerpt":"VapSolo Viking 12000 Puffs 2% 5% Low Nicotine Disposable VapeBulk Buy Price VapSolo Viking 12000 Puffs Rechargeable Disposable Vape Wholesale Cheap Factory VapSolo 12000 Puffs 2% 5% Low Nicotine Disposable Vape Add Amy's whatsapp get right reply and vape vape coupon! WhatsApp: +86 17776015835 &nbsp;","_links":{"self":[{"href":"https:\/\/vapestornado.com\/fr\/wp-json\/wp\/v2\/product\/3201","targetHints":{"allow":["GET"]}}],"collection":[{"href":"https:\/\/vapestornado.com\/fr\/wp-json\/wp\/v2\/product"}],"about":[{"href":"https:\/\/vapestornado.com\/fr\/wp-json\/wp\/v2\/types\/product"}],"replies":[{"embeddable":true,"href":"https:\/\/vapestornado.com\/fr\/wp-json\/wp\/v2\/comments?post=3201"}],"wp:featuredmedia":[{"embeddable":true,"href":"https:\/\/vapestornado.com\/fr\/wp-json\/wp\/v2\/media\/3193"}],"wp:attachment":[{"href":"https:\/\/vapestornado.com\/fr\/wp-json\/wp\/v2\/media?parent=3201"}],"wp:term":[{"taxonomy":"product_brand","embeddable":true,"href":"https:\/\/vapestornado.com\/fr\/wp-json\/wp\/v2\/product_brand?post=3201"},{"taxonomy":"product_cat","embeddable":true,"href":"https:\/\/vapestornado.com\/fr\/wp-json\/wp\/v2\/product_cat?post=3201"},{"taxonomy":"product_tag","embeddable":true,"href":"https:\/\/vapestornado.com\/fr\/wp-json\/wp\/v2\/product_tag?post=3201"}],"curies":[{"name":"wp","href":"https:\/\/api.w.org\/{rel}","templated":true}]}}