{"id":3179,"date":"2024-12-16T03:01:14","date_gmt":"2024-12-16T03:01:14","guid":{"rendered":"https:\/\/vapestornado.com\/?post_type=product&#038;p=3179"},"modified":"2025-08-23T09:54:56","modified_gmt":"2025-08-23T09:54:56","slug":"china-factory-vapsolo-super-15000-puffs-disposable-wholesale-price-disposable-vape-rechargeable-disposable-vapes-pen-bulk-buy-wholesale","status":"publish","type":"product","link":"https:\/\/vapestornado.com\/fr\/product\/china-factory-vapsolo-super-15000-puffs-disposable-wholesale-price-disposable-vape-rechargeable-disposable-vapes-pen-bulk-buy-wholesale\/","title":{"rendered":"Usine chinoise Vapsolo Super 15000 Bouff\u00e9es Jetables Prix de gros Vape Jetable Rechargeable Vapes Jetables Stylo Achat en gros Vente en gros"},"content":{"rendered":"<h1 class=\"product-title\">Usine chinoise Vapsolo Super 15000 Bouff\u00e9es Jetables Prix de gros Vape Jetable Rechargeable Vapes Jetables Stylo Achat en gros Vente en gros<\/h1>\n<p data-start=\"396\" data-end=\"669\">L' <strong data-start=\"400\" data-end=\"445\">Vape jetable Vapsolo Super 15000 Bouff\u00e9es<\/strong> combine capacit\u00e9, performance et personnalisation dans un appareil compact. Avec jusqu'\u00e0 <strong data-start=\"528\" data-end=\"544\">15 000 bouff\u00e9es<\/strong> et une <strong data-start=\"551\" data-end=\"584\">r\u00e9servoir de e-liquide pr\u00e9-rempli de 25 ml<\/strong>, il offre une satisfaction durable pour un usage personnel et pour les acheteurs en gros.<\/p>\n<p data-start=\"671\" data-end=\"981\">Aliment\u00e9 par une <strong data-start=\"684\" data-end=\"715\">batterie rechargeable de 650 mAh<\/strong> avec <strong data-start=\"721\" data-end=\"745\">Charge rapide Type-C<\/strong>, le Super 15K assure une production constante et un temps d'arr\u00eat minimal. Son <strong data-start=\"813\" data-end=\"843\">d\u00e9bit d'air r\u00e9glable \u00e0 4 niveaux<\/strong> permet aux utilisateurs de choisir entre des tirages MTL plus serr\u00e9s ou des bouff\u00e9es plus douces et ouvertes, tandis que le <strong data-start=\"922\" data-end=\"935\">bobine en maille<\/strong> am\u00e9liore la restitution des saveurs et la densit\u00e9 de la vapeur.<\/p>\n<p data-start=\"983\" data-end=\"1292\">Disponible en <strong data-start=\"996\" data-end=\"1020\">options \u00e0 faible teneur en nicotine<\/strong>, le <strong data-start=\"1026\" data-end=\"1049\">Vapsolo Super 15000<\/strong> est con\u00e7u pour r\u00e9pondre \u00e0 diverses pr\u00e9f\u00e9rences. Combinant des fonctionnalit\u00e9s avanc\u00e9es, une qualit\u00e9 de construction durable et un prix comp\u00e9titif <strong data-start=\"1159\" data-end=\"1180\">des prix de gros<\/strong>, c'est un choix judicieux pour les d\u00e9taillants, les distributeurs et les acheteurs en gros \u00e0 la recherche de vapes jetables \u00e0 forte demande.<\/p>\n<p><strong>Ajoutez le Whatsapp d'Amy pour obtenir une r\u00e9ponse imm\u00e9diate et un coupon de vape !<\/strong><\/p>\n<p><img fetchpriority=\"high\" decoding=\"async\" class=\"size-full wp-image-2932\" src=\"https:\/\/vapestornado.com\/wp-content\/uploads\/2024\/12\/Vape-Wholesale.jpg\" alt=\"Vente en Gros de Vapes\" width=\"229\" height=\"300\" \/><\/p>\n<h3><a href=\"https:\/\/wa.me\/8617776015835\" target=\"_blank\" rel=\"noopener\"><span style=\"color: #ff0000;\"><strong>WhatsApp : +86 17776015835<\/strong><\/span><\/a><\/h3>\n<p>&nbsp;<\/p>\n<h2><strong>Caract\u00e9ristiques du produit Vapsolo Super 15000<\/strong><\/h2>\n<div role=\"article\" data-tabster=\"{&quot;groupper&quot;:{&quot;tabbability&quot;:2},&quot;focusable&quot;:{}}\" data-content=\"ai-message\" aria-labelledby=\"juhNTJ6o7Gk1cgwZMJgv2-author juhNTJ6o7Gk1cgwZMJgv2-content\">\n<div id=\"juhNTJ6o7Gk1cgwZMJgv2-content\">\n<div role=\"article\" data-tabster=\"{&quot;groupper&quot;:{&quot;tabbability&quot;:2},&quot;focusable&quot;:{}}\" data-content=\"ai-message\" aria-labelledby=\"x4EZuCZWrTbh3weWUt7CU-author x4EZuCZWrTbh3weWUt7CU-content\">\n<div id=\"x4EZuCZWrTbh3weWUt7CU-content\">\n<h3><\/h3>\n<ol>\n<li><strong>Capacit\u00e9 de 15 000 bouff\u00e9es :<\/strong> Utilisation longue dur\u00e9e pour une satisfaction ininterrompue.<\/li>\n<li><strong>R\u00e9servoir d'e-liquide de 25 ml :<\/strong> Grande capacit\u00e9 pour moins de remplissages et un maximum de commodit\u00e9.<\/li>\n<li><strong>Batterie rechargeable de 650 mAh :<\/strong> Performance fiable avec chargement rapide de type C.<\/li>\n<li><strong>Flux d'air r\u00e9glable \u00e0 4 niveaux :<\/strong> Tirage personnalisable pour une exp\u00e9rience de vapotage sur mesure.<\/li>\n<li><strong>Technologie de r\u00e9sistance Mesh :<\/strong> Am\u00e9liore la saveur et fournit une vapeur douce et constante.<\/li>\n<li><strong>Conception compacte et portable :<\/strong> Facile \u00e0 transporter et \u00e0 utiliser partout.<\/li>\n<li><strong>Options de vape \u00e0 faible teneur en nicotine :<\/strong> Parfait pour ceux qui recherchent des niveaux de nicotine r\u00e9duits.<\/li>\n<li><strong>Prix de gros abordables :<\/strong> Id\u00e9al pour les achats en gros et la revente.<\/li>\n<li><strong>Construction durable :<\/strong> Con\u00e7u pour une utilisation \u00e0 long terme sans compromettre la qualit\u00e9.<\/li>\n<li><strong>Meilleure marque de vape jetable :<\/strong> Un choix de confiance pour les vapes jetables de haute qualit\u00e9.<\/li>\n<\/ol>\n<\/div>\n<\/div>\n<\/div>\n<\/div>\n<h2 class=\"product-title\"><strong>Liste des saveurs Vapsolo Super 15000 Bouff\u00e9es<\/strong><\/h2>\n<p>1. framboise bleue<br \/>\n2. glace \u00e0 la myrtille<br \/>\n3. double pomme<br \/>\n4. Past\u00e8que glac\u00e9e<br \/>\n5. kiwi fraise<br \/>\n6. fruits rouges<br \/>\n7. red bull<br \/>\n8. canneberge cerise myrtille<br \/>\n9. Citron vert<br \/>\n10. Skittles<br \/>\n11. R\u00eave d'\u00e9t\u00e9<br \/>\n12. Fraise banane<br \/>\n13. Framboise past\u00e8que<br \/>\n14. Myrtille Cherry Cola<br \/>\n15. Glace noire Fruit du dragon Fraise<\/p>\n<h3>Pourquoi choisir vapestornado pour la vente en gros de vapes Vapsolo Super 15000 bouff\u00e9es ?<\/h3>\n<div class=\"flex-shrink-0 flex flex-col relative items-end\">\n<div class=\"pt-0\">\n<div class=\"gizmo-bot-avatar flex h-8 w-8 items-center justify-center overflow-hidden rounded-full\">\n<div class=\"relative p-1 rounded-sm flex items-center justify-center bg-token-main-surface-primary text-token-text-primary h-8 w-8\">\n<p>Bienvenue chez vapestornado, votre boutique de vape en ligne de confiance pour les vapes jetables de qualit\u00e9 sup\u00e9rieure. Avec plus de 5 ans d'expertise, nous vous proposons des marques populaires de vapes jetables telles que Fumot RandM Vape, <a href=\"https:\/\/vapestornado.com\/fr\/product\/vapme-crystal-7000-puffs-rechargeable-disposable-vape-wholesale-cheap-price\/\">Vapme<\/a>, Bang Vape, Waspe Vape et WGA Vape, etc.<\/p>\n<p>Notre gamme comprend des vapes tr\u00e8s demand\u00e9es comme le <a href=\"https:\/\/vapestornado.com\/fr\/product\/fumot-randm-tornado-15000-puffs-rechargeable-disposable-vape-wholesale\/\">RandM Tornade 15000<\/a>, et des choix riches en saveurs comme le <a href=\"https:\/\/vapestornado.com\/fr\/product\/waspe-40000-puffs-double-flavour-led-display-disposable-vape-wholesale\/\">WASPE Double Saveur 40000 Bouff\u00e9es<\/a> . Chaque produit est choisi en mettant l'accent sur la qualit\u00e9, la valeur et la vari\u00e9t\u00e9, afin de vous assurer de trouver la solution id\u00e9ale pour vos besoins. D\u00e9couvrez un service exceptionnel et une large gamme de produits de qualit\u00e9 sup\u00e9rieure \u00e0 prix de gros chez vapestornado.<\/p>\n<\/div>\n<h3><\/h3>\n<div class=\"relative p-1 rounded-sm flex items-center justify-center bg-token-main-surface-primary text-token-text-primary h-8 w-8\">\n<h3>FAQ pour la vape jetable Vapsolo Super 15000 bouff\u00e9es<\/h3>\n<\/div>\n<\/div>\n<\/div>\n<\/div>\n<div class=\"flex-shrink-0 flex flex-col relative items-end\">\n<div class=\"pt-0\">\n<div class=\"gizmo-bot-avatar flex h-8 w-8 items-center justify-center overflow-hidden rounded-full\">\n<div class=\"relative p-1 rounded-sm flex items-center justify-center bg-token-main-surface-primary text-token-text-primary h-8 w-8\">\n<div class=\"mb-2 flex gap-3 empty:hidden -ml-2\">\n<div role=\"article\" data-tabster=\"{&quot;groupper&quot;:{&quot;tabbability&quot;:2},&quot;focusable&quot;:{}}\" data-content=\"ai-message\" aria-labelledby=\"Vdt5ez4X7Tg813x6rFVha-author Vdt5ez4X7Tg813x6rFVha-content\">\n<div id=\"Vdt5ez4X7Tg813x6rFVha-content\">\n<div role=\"article\" data-tabster=\"{&quot;groupper&quot;:{&quot;tabbability&quot;:2},&quot;focusable&quot;:{}}\" data-content=\"ai-message\" aria-labelledby=\"o968oC7CEo2fGHsGdsRYC-author o968oC7CEo2fGHsGdsRYC-content\">\n<div id=\"o968oC7CEo2fGHsGdsRYC-content\">\n<h3><\/h3>\n<ol>\n<li><strong>Combien de bouff\u00e9es offre le Vapsolo Super 15k ?<\/strong><br \/>\nL' <strong>Vapsolo 15000<\/strong> offre jusqu'\u00e0 <strong>15 000 bouff\u00e9es<\/strong>, ce qui le rend tr\u00e8s durable et r\u00e9sistant.<\/li>\n<li><strong>Puis-je personnaliser le flux d'air ?<\/strong><br \/>\nOui, il dispose de <strong>d\u00e9bit d'air r\u00e9glable \u00e0 4 niveaux<\/strong>, vous permettant d'adapter le tirage \u00e0 votre pr\u00e9f\u00e9rence.<\/li>\n<li><strong>Le Vapsolo Super 15000 est-il rechargeable ?<\/strong><br \/>\nAbsolument ! Il est livr\u00e9 avec un <strong>batterie rechargeable de 650 mAh<\/strong> et de <strong>port de chargement Type-C<\/strong> pour des recharges rapides.<\/li>\n<li><strong>Qu'est-ce qui rend le Vapsolo Super 15000 adapt\u00e9 \u00e0 la vente en gros ?<\/strong><br \/>\nSon <strong>prix bas<\/strong>, un nombre \u00e9lev\u00e9 de bouff\u00e9es et des fonctionnalit\u00e9s haut de gamme le rendent id\u00e9al pour <strong>vapes jetables en gros<\/strong> et les acheteurs en gros.<\/li>\n<li><strong>Le Vapsolo Super 15000 est-il une bonne option pour les utilisateurs \u00e0 faible nicotine ?<\/strong><br \/>\nOui, ce <strong>vape jetable \u00e0 faible teneur en nicotine<\/strong> est parfait pour les utilisateurs recherchant des niveaux de nicotine r\u00e9duits tout en profitant d'une exp\u00e9rience de vapotage premium.<\/li>\n<\/ol>\n<\/div>\n<\/div>\n<\/div>\n<\/div>\n<\/div>\n<\/div>\n<\/div>\n<\/div>\n<\/div>","protected":false},"excerpt":{"rendered":"<p>Vapsolo Super 15000 bouff\u00e9es 2 % 5 % de faible teneur en nicotine, prix d'achat en gros<br \/>\nVapsolo Super 15000 bouff\u00e9es, cigarette \u00e9lectronique jetable rechargeable<br \/>\nUsine de France Vapsolo 15000 bouff\u00e9es, 2 % 5 % de faible teneur en nicotine, cigarette \u00e9lectronique jetable<\/p>\n<p><strong>Ajoutez le WhatsApp d'Amy pour obtenir une bonne r\u00e9ponse et un coupon de vape !<\/strong><\/p>\n<p><img fetchpriority=\"high\" decoding=\"async\" class=\"size-full wp-image-2932\" src=\"https:\/\/vapestornado.com\/wp-content\/uploads\/2024\/12\/Vape-Wholesale.jpg\" alt=\"Vente en Gros de Vapes\" width=\"229\" height=\"300\" \/><\/p>\n<h3><a href=\"https:\/\/wa.me\/8617776015835\"><span style=\"color: #ff0000;\"><strong>WhatsApp : +86 17776015835<\/strong><\/span><\/a><\/h3>\n<p>&nbsp;<\/p>","protected":false},"featured_media":3189,"comment_status":"open","ping_status":"closed","template":"","meta":{"_acf_changed":false,"_uag_custom_page_level_css":"","_lmt_disableupdate":"no","_lmt_disable":"","_monsterinsights_skip_tracking":false,"_monsterinsights_sitenote_active":false,"_monsterinsights_sitenote_note":"","_monsterinsights_sitenote_category":0,"site-sidebar-layout":"default","site-content-layout":"","ast-site-content-layout":"default","site-content-style":"default","site-sidebar-style":"default","ast-global-header-display":"","ast-banner-title-visibility":"","ast-main-header-display":"","ast-hfb-above-header-display":"","ast-hfb-below-header-display":"","ast-hfb-mobile-header-display":"","site-post-title":"","ast-breadcrumbs-content":"","ast-featured-img":"","footer-sml-layout":"","ast-disable-related-posts":"","theme-transparent-header-meta":"default","adv-header-id-meta":"","stick-header-meta":"","header-above-stick-meta":"","header-main-stick-meta":"","header-below-stick-meta":"","astra-migrate-meta-layouts":"set","ast-page-background-enabled":"default","ast-page-background-meta":{"desktop":{"background-color":"","background-image":"","background-repeat":"repeat","background-position":"center center","background-size":"auto","background-attachment":"scroll","background-type":"","background-media":"","overlay-type":"","overlay-color":"","overlay-opacity":"","overlay-gradient":""},"tablet":{"background-color":"","background-image":"","background-repeat":"repeat","background-position":"center center","background-size":"auto","background-attachment":"scroll","background-type":"","background-media":"","overlay-type":"","overlay-color":"","overlay-opacity":"","overlay-gradient":""},"mobile":{"background-color":"","background-image":"","background-repeat":"repeat","background-position":"center center","background-size":"auto","background-attachment":"scroll","background-type":"","background-media":"","overlay-type":"","overlay-color":"","overlay-opacity":"","overlay-gradient":""}},"ast-content-background-meta":{"desktop":{"background-color":"var(--ast-global-color-5)","background-image":"","background-repeat":"repeat","background-position":"center center","background-size":"auto","background-attachment":"scroll","background-type":"","background-media":"","overlay-type":"","overlay-color":"","overlay-opacity":"","overlay-gradient":""},"tablet":{"background-color":"var(--ast-global-color-5)","background-image":"","background-repeat":"repeat","background-position":"center center","background-size":"auto","background-attachment":"scroll","background-type":"","background-media":"","overlay-type":"","overlay-color":"","overlay-opacity":"","overlay-gradient":""},"mobile":{"background-color":"var(--ast-global-color-5)","background-image":"","background-repeat":"repeat","background-position":"center center","background-size":"auto","background-attachment":"scroll","background-type":"","background-media":"","overlay-type":"","overlay-color":"","overlay-opacity":"","overlay-gradient":""}},"_joinchat":{"telephone":"+8617776015835"}},"product_brand":[],"product_cat":[71,140,157,159,143,146,171],"product_tag":[165,97,166,94,139,168,167],"class_list":{"0":"post-3179","1":"product","2":"type-product","3":"status-publish","4":"has-post-thumbnail","6":"product_cat-15000-puff","7":"product_cat-big-puffs-disposable-vapes","8":"product_cat-buy-disposable-vapes-in-portugal","9":"product_cat-buy-disposable-vapes-in-sweden","10":"product_cat-dual-mesh-disposable-vapes","11":"product_cat-rechargeable-disposable-vapes","12":"product_cat-vapsolo-disposable-vapes","13":"product_tag-cheap-vapes","14":"product_tag-hot-sale-disposable-vape","15":"product_tag-low-nicotine-vape","16":"product_tag-rechargeable-disposable-vape","17":"product_tag-vapsolo","18":"product_tag-vapsolo-15000","19":"product_tag-vapsolo-super-15000","20":"desktop-align-left","21":"tablet-align-left","22":"mobile-align-left","24":"first","25":"instock","26":"sale","27":"shipping-taxable","28":"purchasable","29":"product-type-simple"},"acf":[],"uagb_featured_image_src":{"full":["https:\/\/vapestornado.com\/wp-content\/uploads\/2024\/12\/Vapsolo-Super-15000-Puffs-Disposable-Vapes-Bulk-Buy.jpg",1713,1713,false],"thumbnail":["https:\/\/vapestornado.com\/wp-content\/uploads\/2024\/12\/Vapsolo-Super-15000-Puffs-Disposable-Vapes-Bulk-Buy-150x150.jpg",150,150,true],"medium":["https:\/\/vapestornado.com\/wp-content\/uploads\/2024\/12\/Vapsolo-Super-15000-Puffs-Disposable-Vapes-Bulk-Buy-300x300.jpg",300,300,true],"medium_large":["https:\/\/vapestornado.com\/wp-content\/uploads\/2024\/12\/Vapsolo-Super-15000-Puffs-Disposable-Vapes-Bulk-Buy-768x768.jpg",768,768,true],"large":["https:\/\/vapestornado.com\/wp-content\/uploads\/2024\/12\/Vapsolo-Super-15000-Puffs-Disposable-Vapes-Bulk-Buy-1024x1024.jpg",1024,1024,true],"1536x1536":["https:\/\/vapestornado.com\/wp-content\/uploads\/2024\/12\/Vapsolo-Super-15000-Puffs-Disposable-Vapes-Bulk-Buy-1536x1536.jpg",1536,1536,true],"2048x2048":["https:\/\/vapestornado.com\/wp-content\/uploads\/2024\/12\/Vapsolo-Super-15000-Puffs-Disposable-Vapes-Bulk-Buy.jpg",1713,1713,false],"trp-custom-language-flag":["https:\/\/vapestornado.com\/wp-content\/uploads\/2024\/12\/Vapsolo-Super-15000-Puffs-Disposable-Vapes-Bulk-Buy.jpg",12,12,false],"woocommerce_thumbnail":["https:\/\/vapestornado.com\/wp-content\/uploads\/2024\/12\/Vapsolo-Super-15000-Puffs-Disposable-Vapes-Bulk-Buy-300x300.jpg",300,300,true],"woocommerce_single":["https:\/\/vapestornado.com\/wp-content\/uploads\/2024\/12\/Vapsolo-Super-15000-Puffs-Disposable-Vapes-Bulk-Buy-600x600.jpg",600,600,true],"woocommerce_gallery_thumbnail":["https:\/\/vapestornado.com\/wp-content\/uploads\/2024\/12\/Vapsolo-Super-15000-Puffs-Disposable-Vapes-Bulk-Buy-100x100.jpg",100,100,true]},"uagb_author_info":{"display_name":"ESAMY","author_link":"https:\/\/vapestornado.com\/fr\/author\/"},"uagb_comment_info":0,"uagb_excerpt":"Vapsolo Super 15000 Puffs 2% 5% Low Nicotine Bulk Buy Price Vapsolo Super 15000 Puffs Rechargeable Disposable Vape China Factory Vapsolo 15000 Puffs 2% 5% Low Nicotine Disposable Vape Add Amy's whatsapp get right reply and vape vape coupon! WhatsApp: +86 17776015835 &nbsp;","_links":{"self":[{"href":"https:\/\/vapestornado.com\/fr\/wp-json\/wp\/v2\/product\/3179","targetHints":{"allow":["GET"]}}],"collection":[{"href":"https:\/\/vapestornado.com\/fr\/wp-json\/wp\/v2\/product"}],"about":[{"href":"https:\/\/vapestornado.com\/fr\/wp-json\/wp\/v2\/types\/product"}],"replies":[{"embeddable":true,"href":"https:\/\/vapestornado.com\/fr\/wp-json\/wp\/v2\/comments?post=3179"}],"wp:featuredmedia":[{"embeddable":true,"href":"https:\/\/vapestornado.com\/fr\/wp-json\/wp\/v2\/media\/3189"}],"wp:attachment":[{"href":"https:\/\/vapestornado.com\/fr\/wp-json\/wp\/v2\/media?parent=3179"}],"wp:term":[{"taxonomy":"product_brand","embeddable":true,"href":"https:\/\/vapestornado.com\/fr\/wp-json\/wp\/v2\/product_brand?post=3179"},{"taxonomy":"product_cat","embeddable":true,"href":"https:\/\/vapestornado.com\/fr\/wp-json\/wp\/v2\/product_cat?post=3179"},{"taxonomy":"product_tag","embeddable":true,"href":"https:\/\/vapestornado.com\/fr\/wp-json\/wp\/v2\/product_tag?post=3179"}],"curies":[{"name":"wp","href":"https:\/\/api.w.org\/{rel}","templated":true}]}}