{"id":3171,"date":"2024-12-14T09:23:10","date_gmt":"2024-12-14T09:23:10","guid":{"rendered":"https:\/\/vapestornado.com\/?post_type=product&#038;p=3171"},"modified":"2025-08-23T10:02:23","modified_gmt":"2025-08-23T10:02:23","slug":"waspe-40000-puffs-double-flavor-rechargeable-vape-cheap-price","status":"publish","type":"product","link":"https:\/\/vapestornado.com\/fr\/product\/waspe-40000-puffs-double-flavor-rechargeable-vape-cheap-price\/","title":{"rendered":"WASPE 40000 Puffs Vape Rechargeable Double Saveur Prix \u200b\u200bpas cher"},"content":{"rendered":"<h1>WASPE 40000 Puffs Vape Rechargeable Double Saveur Prix \u200b\u200bpas cher<\/h1>\n<p>&nbsp;<\/p>\n<div role=\"article\" data-tabster=\"{&quot;groupper&quot;:{&quot;tabbability&quot;:2},&quot;focusable&quot;:{}}\" data-content=\"ai-message\" aria-labelledby=\"64JRvXrTnY7mRmPkEQLLT-author 64JRvXrTnY7mRmPkEQLLT-content\">\n<div id=\"64JRvXrTnY7mRmPkEQLLT-content\">\n<p>La vape rechargeable double saveur WASPE 40000 bouff\u00e9es combine une technologie avanc\u00e9e avec une diffusion de saveur exceptionnelle. Con\u00e7ue pour une utilisation prolong\u00e9e, WASPE VAPES offre jusqu'\u00e0 40 000 bouff\u00e9es, assurant une satisfaction durable. Les doubles bobines en maille de 0,9 \u03a9 fournissent une vapeur douce et cors\u00e9e avec une intensit\u00e9 de saveur am\u00e9lior\u00e9e et un hit de gorge satisfaisant. Sa capacit\u00e9 d'e-liquide de 36 ml r\u00e9duit le besoin de remplissages fr\u00e9quents, tandis que la batterie rechargeable de 850 mAh assure des performances fiables. La fonction de charge rapide de type C minimise les temps d'arr\u00eat. L'\u00e9cran LED intelligent offre des mises \u00e0 jour en temps r\u00e9el sur les niveaux de batterie et d'e-liquide pour plus de commodit\u00e9. Avec un syst\u00e8me \u00e0 double saveur, les utilisateurs peuvent basculer sans effort entre deux saveurs distinctes, am\u00e9liorant ainsi l'exp\u00e9rience de vapotage. Disponible en concentrations de nicotine de 2% et 5% et en 16 saveurs uniques, il convient aux vapoteurs d\u00e9butants et exp\u00e9riment\u00e9s. Choisissez la vape WASPE FIHP 40000 bouff\u00e9es pour des fonctionnalit\u00e9s de pointe, un design \u00e9l\u00e9gant et une exp\u00e9rience de vapotage haut de gamme adapt\u00e9e \u00e0 vos pr\u00e9f\u00e9rences.<\/p>\n<\/div>\n<\/div>\n<p><img fetchpriority=\"high\" decoding=\"async\" class=\"alignnone size-medium wp-image-4245\" src=\"https:\/\/vapestornado.com\/wp-content\/uploads\/2024\/12\/Waspe-DOUBLE-FLAVOUR-40k-Vape-Cheap-Price-300x300.jpg\" alt=\"\" width=\"300\" height=\"300\" srcset=\"https:\/\/vapestornado.com\/wp-content\/uploads\/2024\/12\/Waspe-DOUBLE-FLAVOUR-40k-Vape-Cheap-Price-300x300.jpg 300w, https:\/\/vapestornado.com\/wp-content\/uploads\/2024\/12\/Waspe-DOUBLE-FLAVOUR-40k-Vape-Cheap-Price-1024x1024.jpg 1024w, https:\/\/vapestornado.com\/wp-content\/uploads\/2024\/12\/Waspe-DOUBLE-FLAVOUR-40k-Vape-Cheap-Price-150x150.jpg 150w, https:\/\/vapestornado.com\/wp-content\/uploads\/2024\/12\/Waspe-DOUBLE-FLAVOUR-40k-Vape-Cheap-Price-768x768.jpg 768w, https:\/\/vapestornado.com\/wp-content\/uploads\/2024\/12\/Waspe-DOUBLE-FLAVOUR-40k-Vape-Cheap-Price-12x12.jpg 12w, https:\/\/vapestornado.com\/wp-content\/uploads\/2024\/12\/Waspe-DOUBLE-FLAVOUR-40k-Vape-Cheap-Price-600x600.jpg 600w, https:\/\/vapestornado.com\/wp-content\/uploads\/2024\/12\/Waspe-DOUBLE-FLAVOUR-40k-Vape-Cheap-Price-100x100.jpg 100w, https:\/\/vapestornado.com\/wp-content\/uploads\/2024\/12\/Waspe-DOUBLE-FLAVOUR-40k-Vape-Cheap-Price.jpg 1500w\" sizes=\"(max-width: 300px) 100vw, 300px\" \/><\/p>\n<p><img decoding=\"async\" class=\"wp-image-2951\" src=\"https:\/\/vapestornado.com\/wp-content\/uploads\/2024\/12\/Wholesale-Disposable-Vape-265x300.jpg\" alt=\"Vape jetable en gros\" width=\"295\" height=\"334\" srcset=\"https:\/\/vapestornado.com\/wp-content\/uploads\/2024\/12\/Wholesale-Disposable-Vape-265x300.jpg 265w, https:\/\/vapestornado.com\/wp-content\/uploads\/2024\/12\/Wholesale-Disposable-Vape-768x871.jpg 768w, https:\/\/vapestornado.com\/wp-content\/uploads\/2024\/12\/Wholesale-Disposable-Vape-600x680.jpg 600w, https:\/\/vapestornado.com\/wp-content\/uploads\/2024\/12\/Wholesale-Disposable-Vape.jpg 823w\" sizes=\"(max-width: 295px) 100vw, 295px\" \/><\/p>\n<h6>Veuillez contacter Mandy sur WhatsApp pour obtenir un prix r\u00e9duit<a href=\"https:\/\/wa.me\/8618077105796\" target=\"_blank\" rel=\"noopener\">+8618077105796<\/a><\/h6>\n<p>&nbsp;<\/p>\n<h2><strong>Sp\u00e9cifications des vapes jetables WASPE 40000 bouff\u00e9es<\/strong><\/h2>\n<ul>\n<li><strong>Teneur en nicotine<\/strong>: Disponible en options 2% et 5% pour une exp\u00e9rience de vapotage sur mesure.<\/li>\n<li><strong>Capacit\u00e9 de bouff\u00e9es<\/strong>: Jusqu'\u00e0 40 000 bouff\u00e9es, id\u00e9al pour une utilisation prolong\u00e9e avec un minimum de remplacements.<\/li>\n<li><strong>Capacit\u00e9 d'e-liquide<\/strong>: Pr\u00e9-rempli avec 36 ml de jus de vape premium pour des sessions de longue dur\u00e9e.<\/li>\n<li><strong>Bobines en maille avanc\u00e9es<\/strong>: Les doubles bobines en maille de 0,9 \u03a9 offrent une vapeur douce et riche et une saveur am\u00e9lior\u00e9e.<\/li>\n<li><strong>Rechargeable de type C<\/strong>: La charge de type C rapide et efficace minimise les temps d'arr\u00eat.<\/li>\n<li><strong>Capacit\u00e9 de la batterie<\/strong>: La batterie rechargeable robuste de 850 mAh assure des performances constantes.<\/li>\n<li><strong>\u00c9cran LED intelligent<\/strong>: Mises \u00e0 jour en temps r\u00e9el des niveaux de batterie et d'e-liquide pour une utilisation transparente.<\/li>\n<li><strong>Technologie \u00e0 double saveur<\/strong>: Basculez entre deux saveurs distinctes pour une exp\u00e9rience de vapotage dynamique et personnalis\u00e9e.<\/li>\n<\/ul>\n<h2><strong>Liste des saveurs WASPE Tornado Vape 40k Puffs :<\/strong><\/h2>\n<p class=\"selectable-text copyable-text x15bjb6t x1n2onr6\" dir=\"ltr\"><span class=\"selectable-text copyable-text false\">1. Past\u00e8que Glac\u00e9e<\/span><\/p>\n<p class=\"selectable-text copyable-text x15bjb6t x1n2onr6\" dir=\"ltr\"><span class=\"selectable-text copyable-text false x1sdyfia xss6m8b\">2.<\/span><span class=\"selectable-text copyable-text false\"> Cherry p\u00e9tillant glac\u00e9<\/span><\/p>\n<p class=\"selectable-text copyable-text x15bjb6t x1n2onr6\" dir=\"ltr\"><span class=\"selectable-text copyable-text false x1sdyfia xss6m8b\">3.<\/span><span class=\"selectable-text copyable-text false\"> Fraise Past\u00e8que<\/span><\/p>\n<p class=\"selectable-text copyable-text x15bjb6t x1n2onr6\" dir=\"ltr\"><span class=\"selectable-text copyable-text false x1sdyfia xss6m8b\">4.<\/span><span class=\"selectable-text copyable-text false\"> Red Bull Ice<\/span><\/p>\n<p class=\"selectable-text copyable-text x15bjb6t x1n2onr6\" dir=\"ltr\"><span class=\"selectable-text copyable-text false x1sdyfia xss6m8b\">5.<\/span><span class=\"selectable-text copyable-text false\"> P\u00eache Glac\u00e9e<\/span><\/p>\n<p class=\"selectable-text copyable-text x15bjb6t x1n2onr6\" dir=\"ltr\"><span class=\"selectable-text copyable-text false x1sdyfia xss6m8b\">6.<\/span><span class=\"selectable-text copyable-text false\"> Raisin Glac\u00e9<\/span><\/p>\n<p class=\"selectable-text copyable-text x15bjb6t x1n2onr6\" dir=\"ltr\"><span class=\"selectable-text copyable-text false x1sdyfia xss6m8b\">7.<\/span><span class=\"selectable-text copyable-text false\"> Limonade aux framboises bleues<\/span><\/p>\n<p class=\"selectable-text copyable-text x15bjb6t x1n2onr6\" dir=\"ltr\"><span class=\"selectable-text copyable-text false x1sdyfia xss6m8b\">8.<\/span><span class=\"selectable-text copyable-text false\"> Baies M\u00e9lang\u00e9es<\/span><\/p>\n<p class=\"selectable-text copyable-text x15bjb6t x1n2onr6\" dir=\"ltr\"><span class=\"selectable-text copyable-text false x1sdyfia xss6m8b\">9.<\/span><span class=\"selectable-text copyable-text false\"> Strawberry Raspberry Cherry<\/span><\/p>\n<p class=\"selectable-text copyable-text x15bjb6t x1n2onr6\" dir=\"ltr\"><span class=\"selectable-text copyable-text false x1sdyfia xss6m8b\">10.<\/span><span class=\"selectable-text copyable-text false\"> Strawberry Banana<\/span><\/p>\n<p class=\"selectable-text copyable-text x15bjb6t x1n2onr6\" dir=\"ltr\"><span class=\"selectable-text copyable-text false x1sdyfia xss6m8b\">11.<\/span><span class=\"selectable-text copyable-text false\"> Chewing-gum Fraise Past\u00e8que<\/span><\/p>\n<p class=\"selectable-text copyable-text x15bjb6t x1n2onr6\" dir=\"ltr\"><span class=\"selectable-text copyable-text false x1sdyfia xss6m8b\">12.<\/span><span class=\"selectable-text copyable-text false\"> Cherry Cola Glac\u00e9<\/span><\/p>\n<p class=\"selectable-text copyable-text x15bjb6t x1n2onr6\" dir=\"ltr\"><span class=\"selectable-text copyable-text false x1sdyfia xss6m8b\">13.<\/span><span class=\"selectable-text copyable-text false\"> Framboise Pomme Sure<\/span><\/p>\n<p class=\"selectable-text copyable-text x15bjb6t x1n2onr6\" dir=\"ltr\"><span class=\"selectable-text copyable-text false x1sdyfia xss6m8b\">14.<\/span><span class=\"selectable-text copyable-text false\"> P\u00eache Baie<\/span><\/p>\n<p class=\"selectable-text copyable-text x15bjb6t x1n2onr6\" dir=\"ltr\"><span class=\"selectable-text copyable-text false x1sdyfia xss6m8b\">15.<\/span><span class=\"selectable-text copyable-text false\"> Myrtille Glac\u00e9e<\/span><\/p>\n<p class=\"selectable-text copyable-text x15bjb6t x1n2onr6\" dir=\"ltr\"><span class=\"selectable-text copyable-text false x1sdyfia xss6m8b\">16.<\/span><span class=\"selectable-text copyable-text false\"> Fraise Cerise<\/span><\/p>\n<div role=\"article\" data-tabster=\"{&quot;groupper&quot;:{&quot;tabbability&quot;:2},&quot;focusable&quot;:{}}\" data-content=\"ai-message\" aria-labelledby=\"dARUyEWDoEYhnSPXFwx5A-author dARUyEWDoEYhnSPXFwx5A-content\">\n<div id=\"dARUyEWDoEYhnSPXFwx5A-content\">\n<h2><strong>Pourquoi choisir les dosettes de vape WASPE 40k Puffs sur vapestornado.com ?<\/strong><\/h2>\n<ul>\n<li><strong>Long\u00e9vit\u00e9 in\u00e9gal\u00e9e<\/strong>: Avec un nombre impressionnant de 40 000 bouff\u00e9es, le WASPE 40K est parfait pour les vapoteurs \u00e0 la recherche d'une utilisation prolong\u00e9e sans remplacements fr\u00e9quents.<\/li>\n<li><strong>Technologie de vapotage avanc\u00e9e<\/strong>: Dot\u00e9 de deux bobines de maille de 0,9 \u03a9, cet appareil assure une vapeur douce et savoureuse \u00e0 chaque bouff\u00e9e, offrant une exp\u00e9rience de vapotage haut de gamme.<\/li>\n<li><strong>Capacit\u00e9 massive d'e-liquide<\/strong>: Pr\u00e9rempli avec 36 ml de e-liquide de haute qualit\u00e9, il est con\u00e7u pour des sessions ininterrompues et durables.<\/li>\n<li><strong>Rechargeabilit\u00e9 pratique<\/strong>: \u00c9quip\u00e9 d'une batterie rechargeable Type-C de 850 mAh, le WASPE 40000 bouff\u00e9es offre une alimentation fiable et une charge rapide, vous assurant d'\u00eatre toujours pr\u00eat \u00e0 vapoter.<\/li>\n<li><strong>Fonctionnalit\u00e9 innovante de double saveur<\/strong>: Profitez de deux saveurs dans un seul appareil, offrant une exp\u00e9rience de vapotage personnalisable et dynamique adapt\u00e9e \u00e0 vos pr\u00e9f\u00e9rences.<\/li>\n<li><strong>Conception conviviale<\/strong>: L'\u00e9cran LED intelligent vous tient inform\u00e9 des niveaux de batterie et de e-liquide, ajoutant une couche de commodit\u00e9 \u00e0 votre routine de vapotage.<\/li>\n<li><strong>Options de nicotine flexibles<\/strong>: Disponible en concentrations de nicotine de 2% et 5%, r\u00e9pondant aux vapoteurs l\u00e9gers et exp\u00e9riment\u00e9s.<\/li>\n<li><strong>Service Premium de vapestornado<\/strong>: Faire des achats sur vapestornado.com, c'est avoir acc\u00e8s \u00e0 des produits authentiques, \u00e0 des prix comp\u00e9titifs et \u00e0 un service client exceptionnel.<\/li>\n<\/ul>\n<\/div>\n<\/div>\n<h2>FAQ \u00e0 propos de <strong>WASPE 40K Puffs Vapes rechargeables en gros<\/strong><\/h2>\n<p><strong>Q1 : Comment puis-je suivre ma commande WASPE VAPES 40k Puffs ?<\/strong><br \/>\nR : Une fois votre commande exp\u00e9di\u00e9e, vous recevrez un num\u00e9ro de suivi par e-mail pour suivre la progression de votre livraison.<\/p>\n<p><strong>Q2 : Quel est le d\u00e9lai de livraison estim\u00e9 pour le WASPE 40000 PUFF ?<\/strong><br \/>\nR : Les commandes exp\u00e9di\u00e9es depuis la Chine prennent g\u00e9n\u00e9ralement de 7 \u00e0 14 jours ouvrables, tandis que les commandes provenant des entrep\u00f4ts europ\u00e9ens arrivent en 3 \u00e0 6 jours ouvrables.<\/p>\n<p><strong>Q3 : Puis-je b\u00e9n\u00e9ficier d'une livraison plus rapide ?<\/strong><br \/>\nR : Pour une exp\u00e9dition plus rapide, pensez \u00e0 commander des produits stock\u00e9s dans nos entrep\u00f4ts europ\u00e9ens.<\/p>\n<p><strong>Q4 : Puis-je choisir des saveurs sp\u00e9cifiques pour le WASPE FIHP VAPE 40000 PUFFS ?<\/strong><br \/>\nR : Les saveurs sont g\u00e9n\u00e9ralement attribu\u00e9es au hasard, mais vous pouvez laisser une note lors du paiement avec vos pr\u00e9f\u00e9rences, et nous ferons de notre mieux pour r\u00e9pondre \u00e0 votre demande.<\/p>\n<p><strong>Q5 : Exp\u00e9diez-vous les WASPE 40000 puffs \u00e0 l'international ?<\/strong><br \/>\nR : Oui, nous exp\u00e9dions dans la plupart des pays du monde et nous nous occupons du d\u00e9douanement.<\/p>\n<p><strong>Q6 : Comment puis-je contacter le service client ?<\/strong><br \/>\nR : Contactez-nous par e-mail, WhatsApp ou chat en direct sur notre site web pour une assistance rapide.<\/p>","protected":false},"excerpt":{"rendered":"<ul>\n<li><strong>Obtenez la vape rechargeable WASPE FIHP 40000 bouff\u00e9es \u00e0 des prix imbattables<\/strong><\/li>\n<li><strong>Offres de gros sur les vapes WASPE FIHP 40K bouff\u00e9es \u2013 \u00c9conomisez gros sur les commandes en gros<\/strong><\/li>\n<li><strong>Achetez la vape double saveur WASPE 40000 bouff\u00e9es \u2013 Fonctionnalit\u00e9s avanc\u00e9es, prix abordables<\/strong><\/li>\n<\/ul>\n<figure id=\"attachment_2951\" aria-describedby=\"caption-attachment-2951\" style=\"width: 265px\" class=\"wp-caption alignnone\"><img decoding=\"async\" class=\"size-medium wp-image-2951\" src=\"https:\/\/vapestornado.com\/wp-content\/uploads\/2024\/12\/Wholesale-Disposable-Vape-265x300.jpg\" alt=\"Vape jetable en gros\" width=\"265\" height=\"300\" srcset=\"https:\/\/vapestornado.com\/wp-content\/uploads\/2024\/12\/Wholesale-Disposable-Vape-265x300.jpg 265w, https:\/\/vapestornado.com\/wp-content\/uploads\/2024\/12\/Wholesale-Disposable-Vape-768x871.jpg 768w, https:\/\/vapestornado.com\/wp-content\/uploads\/2024\/12\/Wholesale-Disposable-Vape-600x680.jpg 600w, https:\/\/vapestornado.com\/wp-content\/uploads\/2024\/12\/Wholesale-Disposable-Vape.jpg 823w\" sizes=\"(max-width: 265px) 100vw, 265px\" \/><figcaption id=\"caption-attachment-2951\" class=\"wp-caption-text\">Veuillez contacter Mandy sur WhatsApp pour obtenir un prix r\u00e9duit\u00a0 <a href=\"https:\/\/wa.me\/8618077105796\">+8618077105796<\/a><\/figcaption><\/figure>\n<p>&nbsp;<\/p>","protected":false},"featured_media":4245,"comment_status":"open","ping_status":"closed","template":"","meta":{"_acf_changed":false,"_uag_custom_page_level_css":"","_lmt_disableupdate":"no","_lmt_disable":"","_monsterinsights_skip_tracking":false,"_monsterinsights_sitenote_active":false,"_monsterinsights_sitenote_note":"","_monsterinsights_sitenote_category":0,"site-sidebar-layout":"default","site-content-layout":"","ast-site-content-layout":"default","site-content-style":"default","site-sidebar-style":"default","ast-global-header-display":"","ast-banner-title-visibility":"","ast-main-header-display":"","ast-hfb-above-header-display":"","ast-hfb-below-header-display":"","ast-hfb-mobile-header-display":"","site-post-title":"","ast-breadcrumbs-content":"","ast-featured-img":"","footer-sml-layout":"","ast-disable-related-posts":"","theme-transparent-header-meta":"default","adv-header-id-meta":"","stick-header-meta":"","header-above-stick-meta":"","header-main-stick-meta":"","header-below-stick-meta":"","astra-migrate-meta-layouts":"set","ast-page-background-enabled":"default","ast-page-background-meta":{"desktop":{"background-color":"","background-image":"","background-repeat":"repeat","background-position":"center center","background-size":"auto","background-attachment":"scroll","background-type":"","background-media":"","overlay-type":"","overlay-color":"","overlay-opacity":"","overlay-gradient":""},"tablet":{"background-color":"","background-image":"","background-repeat":"repeat","background-position":"center center","background-size":"auto","background-attachment":"scroll","background-type":"","background-media":"","overlay-type":"","overlay-color":"","overlay-opacity":"","overlay-gradient":""},"mobile":{"background-color":"","background-image":"","background-repeat":"repeat","background-position":"center center","background-size":"auto","background-attachment":"scroll","background-type":"","background-media":"","overlay-type":"","overlay-color":"","overlay-opacity":"","overlay-gradient":""}},"ast-content-background-meta":{"desktop":{"background-color":"var(--ast-global-color-5)","background-image":"","background-repeat":"repeat","background-position":"center center","background-size":"auto","background-attachment":"scroll","background-type":"","background-media":"","overlay-type":"","overlay-color":"","overlay-opacity":"","overlay-gradient":""},"tablet":{"background-color":"var(--ast-global-color-5)","background-image":"","background-repeat":"repeat","background-position":"center center","background-size":"auto","background-attachment":"scroll","background-type":"","background-media":"","overlay-type":"","overlay-color":"","overlay-opacity":"","overlay-gradient":""},"mobile":{"background-color":"var(--ast-global-color-5)","background-image":"","background-repeat":"repeat","background-position":"center center","background-size":"auto","background-attachment":"scroll","background-type":"","background-media":"","overlay-type":"","overlay-color":"","overlay-opacity":"","overlay-gradient":""}},"_joinchat":{"telephone":"+8618077105796"}},"product_brand":[],"product_cat":[65,149,153,156,157,158,60],"product_tag":[97,89],"class_list":{"0":"post-3171","1":"product","2":"type-product","3":"status-publish","4":"has-post-thumbnail","6":"product_cat-40000-puff","7":"product_cat-buy-disposable-vapes-in-austria","8":"product_cat-buy-disposable-vapes-in-italy","9":"product_cat-buy-disposable-vapes-in-poland","10":"product_cat-buy-disposable-vapes-in-portugal","11":"product_cat-buy-disposable-vapes-in-spain","12":"product_cat-waspe-fihp-vape","13":"product_tag-hot-sale-disposable-vape","14":"product_tag-waspe-40000-puffs","15":"desktop-align-left","16":"tablet-align-left","17":"mobile-align-left","19":"first","20":"instock","21":"sale","22":"shipping-taxable","23":"purchasable","24":"product-type-simple"},"acf":[],"uagb_featured_image_src":{"full":["https:\/\/vapestornado.com\/wp-content\/uploads\/2024\/12\/Waspe-DOUBLE-FLAVOUR-40k-Vape-Cheap-Price.jpg",1500,1500,false],"thumbnail":["https:\/\/vapestornado.com\/wp-content\/uploads\/2024\/12\/Waspe-DOUBLE-FLAVOUR-40k-Vape-Cheap-Price-150x150.jpg",150,150,true],"medium":["https:\/\/vapestornado.com\/wp-content\/uploads\/2024\/12\/Waspe-DOUBLE-FLAVOUR-40k-Vape-Cheap-Price-300x300.jpg",300,300,true],"medium_large":["https:\/\/vapestornado.com\/wp-content\/uploads\/2024\/12\/Waspe-DOUBLE-FLAVOUR-40k-Vape-Cheap-Price-768x768.jpg",768,768,true],"large":["https:\/\/vapestornado.com\/wp-content\/uploads\/2024\/12\/Waspe-DOUBLE-FLAVOUR-40k-Vape-Cheap-Price-1024x1024.jpg",1024,1024,true],"1536x1536":["https:\/\/vapestornado.com\/wp-content\/uploads\/2024\/12\/Waspe-DOUBLE-FLAVOUR-40k-Vape-Cheap-Price.jpg",1500,1500,false],"2048x2048":["https:\/\/vapestornado.com\/wp-content\/uploads\/2024\/12\/Waspe-DOUBLE-FLAVOUR-40k-Vape-Cheap-Price.jpg",1500,1500,false],"trp-custom-language-flag":["https:\/\/vapestornado.com\/wp-content\/uploads\/2024\/12\/Waspe-DOUBLE-FLAVOUR-40k-Vape-Cheap-Price-12x12.jpg",12,12,true],"woocommerce_thumbnail":["https:\/\/vapestornado.com\/wp-content\/uploads\/2024\/12\/Waspe-DOUBLE-FLAVOUR-40k-Vape-Cheap-Price-300x300.jpg",300,300,true],"woocommerce_single":["https:\/\/vapestornado.com\/wp-content\/uploads\/2024\/12\/Waspe-DOUBLE-FLAVOUR-40k-Vape-Cheap-Price-600x600.jpg",600,600,true],"woocommerce_gallery_thumbnail":["https:\/\/vapestornado.com\/wp-content\/uploads\/2024\/12\/Waspe-DOUBLE-FLAVOUR-40k-Vape-Cheap-Price-100x100.jpg",100,100,true]},"uagb_author_info":{"display_name":"ESMANDY","author_link":"https:\/\/vapestornado.com\/fr\/author\/"},"uagb_comment_info":0,"uagb_excerpt":"Get WASPE FIHP 40000 Puff Rechargeable Vape at Unbeatable Prices Wholesale Deals on WASPE FIHP 40K Puffs Vapes \u2013 Save Big on Bulk Orders Shop WASPE 40000 Puffs Dual Flavor Vape \u2013 Advanced Features, Affordable Prices [caption id=\"attachment_2951\" align=\"alignnone\" width=\"265\"] Pls Contact Mandy's WhatsApp For Discount Price\u00a0 +8618077105796[\/caption] &nbsp;","_links":{"self":[{"href":"https:\/\/vapestornado.com\/fr\/wp-json\/wp\/v2\/product\/3171","targetHints":{"allow":["GET"]}}],"collection":[{"href":"https:\/\/vapestornado.com\/fr\/wp-json\/wp\/v2\/product"}],"about":[{"href":"https:\/\/vapestornado.com\/fr\/wp-json\/wp\/v2\/types\/product"}],"replies":[{"embeddable":true,"href":"https:\/\/vapestornado.com\/fr\/wp-json\/wp\/v2\/comments?post=3171"}],"wp:featuredmedia":[{"embeddable":true,"href":"https:\/\/vapestornado.com\/fr\/wp-json\/wp\/v2\/media\/4245"}],"wp:attachment":[{"href":"https:\/\/vapestornado.com\/fr\/wp-json\/wp\/v2\/media?parent=3171"}],"wp:term":[{"taxonomy":"product_brand","embeddable":true,"href":"https:\/\/vapestornado.com\/fr\/wp-json\/wp\/v2\/product_brand?post=3171"},{"taxonomy":"product_cat","embeddable":true,"href":"https:\/\/vapestornado.com\/fr\/wp-json\/wp\/v2\/product_cat?post=3171"},{"taxonomy":"product_tag","embeddable":true,"href":"https:\/\/vapestornado.com\/fr\/wp-json\/wp\/v2\/product_tag?post=3171"}],"curies":[{"name":"wp","href":"https:\/\/api.w.org\/{rel}","templated":true}]}}