{"id":3132,"date":"2024-12-13T09:10:35","date_gmt":"2024-12-13T09:10:35","guid":{"rendered":"https:\/\/vapestornado.com\/?post_type=product&#038;p=3132"},"modified":"2025-08-23T10:04:00","modified_gmt":"2025-08-23T10:04:00","slug":"vapsolo-twins-20000-double-flavour-rechargeable-disposable-vape-wholesale-price","status":"publish","type":"product","link":"https:\/\/vapestornado.com\/fr\/product\/vapsolo-twins-20000-double-flavour-rechargeable-disposable-vape-wholesale-price\/","title":{"rendered":"Vapsolo Twins 20000 Double Saveur Rechargeable Vape Jetable Prix de Gros"},"content":{"rendered":"<h1 class=\"product-title\">Vapsolo Twins 20000 Double Saveur Rechargeable Vape Jetable Prix de Gros<\/h1>\n<p data-start=\"319\" data-end=\"581\">L' <strong data-start=\"323\" data-end=\"377\">Vapsolo Twins 20000 Vape Jetable Double Saveur<\/strong> est con\u00e7u pour les d\u00e9taillants et les grossistes qui ont besoin d'un stock fiable et durable. Avec jusqu'\u00e0 <strong data-start=\"470\" data-end=\"497\">20 000 bouff\u00e9es par appareil<\/strong> et une <strong data-start=\"504\" data-end=\"526\">r\u00e9servoir d'e-liquide de 25 ml<\/strong>, il offre une utilisation prolong\u00e9e et un fort potentiel de revente.<\/p>\n<p data-start=\"583\" data-end=\"946\">Son <strong data-start=\"587\" data-end=\"612\">syst\u00e8me double saveur<\/strong> permet aux clients de passer d'un m\u00e9lange \u00e0 l'autre dans un seul appareil, ce qui le rend plus attrayant pour les acheteurs qui souhaitent de la vari\u00e9t\u00e9 sans avoir \u00e0 transporter plusieurs vapes. Le <strong data-start=\"759\" data-end=\"783\">technologie de bobine de maille<\/strong> assure une vapeur douce et un go\u00fbt constant, tandis que le <strong data-start=\"837\" data-end=\"868\">batterie rechargeable de 650 mAh<\/strong> avec <strong data-start=\"874\" data-end=\"898\">Charge rapide Type-C<\/strong> maintient des performances stables jusqu'\u00e0 la derni\u00e8re goutte.<\/p>\n<p data-start=\"948\" data-end=\"1202\">Disponible en <strong data-start=\"961\" data-end=\"993\">2% et 5% de taux de nicotine<\/strong>, le <strong data-start=\"999\" data-end=\"1025\">Vapsolo Twins 20K Vape<\/strong> r\u00e9pond aux diff\u00e9rentes pr\u00e9f\u00e9rences des clients. Avec des <strong data-start=\"1085\" data-end=\"1106\">des prix de gros<\/strong> comp\u00e9titifs et une forte demande du march\u00e9, c'est un choix judicieux pour les petites boutiques et les distributeurs \u00e0 travers l'Europe<\/p>\n<p><strong>Ajoutez le Whatsapp d'Amy pour obtenir une r\u00e9ponse imm\u00e9diate et un coupon de vape !<\/strong><\/p>\n<p><img fetchpriority=\"high\" decoding=\"async\" class=\"size-full wp-image-2932\" src=\"https:\/\/vapestornado.com\/wp-content\/uploads\/2024\/12\/Vape-Wholesale.jpg\" alt=\"Vente en Gros de Vapes\" width=\"229\" height=\"300\" \/><\/p>\n<h3><a href=\"https:\/\/wa.me\/8617776015835\" target=\"_blank\" rel=\"noopener\"><span style=\"color: #ff0000;\"><strong>WhatsApp : +86 17776015835<\/strong><\/span><\/a><\/h3>\n<p>&nbsp;<\/p>\n<h2><strong>Caract\u00e9ristiques du produit Vapsolo Twins 20000<\/strong><\/h2>\n<div role=\"article\" data-tabster=\"{&quot;groupper&quot;:{&quot;tabbability&quot;:2},&quot;focusable&quot;:{}}\" data-content=\"ai-message\" aria-labelledby=\"juhNTJ6o7Gk1cgwZMJgv2-author juhNTJ6o7Gk1cgwZMJgv2-content\">\n<div id=\"juhNTJ6o7Gk1cgwZMJgv2-content\">\n<div role=\"article\" data-tabster=\"{&quot;groupper&quot;:{&quot;tabbability&quot;:2},&quot;focusable&quot;:{}}\" data-content=\"ai-message\" aria-labelledby=\"x4EZuCZWrTbh3weWUt7CU-author x4EZuCZWrTbh3weWUt7CU-content\">\n<div id=\"x4EZuCZWrTbh3weWUt7CU-content\">\n<h3><\/h3>\n<ol>\n<li><strong>Double plaisir de saveur :<\/strong> Syst\u00e8me \u00e0 double r\u00e9servoir pour deux saveurs dans un seul vape.<\/li>\n<li><strong>Nombre de bouff\u00e9es \u00e9lev\u00e9\u00a0:<\/strong> Offre un impressionnant <strong>20 000 bouff\u00e9es<\/strong>.<\/li>\n<li><strong>Batterie rechargeable :<\/strong> Batterie longue dur\u00e9e de 650mAh avec chargement de Type-C.<\/li>\n<li><strong>Capacit\u00e9 g\u00e9n\u00e9reuse d'e-liquide :<\/strong> <strong>R\u00e9servoirs pr\u00e9-remplis de 25mL<\/strong> pour une utilisation prolong\u00e9e.<\/li>\n<li><strong>Options de concentration de nicotine :<\/strong> Choisissez entre <strong>2% ou 5%<\/strong> taux de nicotine.<\/li>\n<li><strong>Technologie de r\u00e9sistance Mesh :<\/strong> Assure une production de vapeur douce et savoureuse.<\/li>\n<li><strong>Flux d'air r\u00e9glable :<\/strong> Personnalisez l'intensit\u00e9 de la vapeur selon votre style.<\/li>\n<li><strong>Conception conviviale :<\/strong> Syst\u00e8me activ\u00e9 par tirage pour une vape facile et pratique.<\/li>\n<li><strong>Compact<\/strong> Design \u00e9l\u00e9gant parfait pour les utilisateurs en d\u00e9placement.<\/li>\n<li><strong>\u00c9cran d'affichage intelligent :<\/strong> Mises \u00e0 jour en temps r\u00e9el sur l'autonomie de la batterie et le nombre de bouff\u00e9es.<\/li>\n<\/ol>\n<\/div>\n<\/div>\n<\/div>\n<\/div>\n<h2 class=\"product-title\"><strong>Liste des saveurs Vapsolo Twins 20000<\/strong><\/h2>\n<p>1. Citron vert<br \/>\n2. Raisin glac\u00e9<br \/>\n3. Ananas coco<br \/>\n4. Orange mangue past\u00e8que<br \/>\n5. Myrtille glac\u00e9e<br \/>\n6. Past\u00e8que glac\u00e9e<br \/>\n7. Fraise banane<br \/>\n8. Fraise framboise cerise glac\u00e9e<br \/>\n9. Limonade aux framboises bleues<br \/>\n10. Past\u00e8que glac\u00e9e<br \/>\n11. Triple Melon<br \/>\n12. Fraise Fruit du Dragon Glace Noire<br \/>\n13. Ananas Coco<br \/>\n14. Fraise Glac\u00e9e<br \/>\n15. Fraise Kiwi<br \/>\n16. Triple Melon<\/p>\n<h3>Pourquoi choisir vapestornado pour la vente en gros de vapes Vapsolo Twins 20k Puffs ?<\/h3>\n<div class=\"flex-shrink-0 flex flex-col relative items-end\">\n<div class=\"pt-0\">\n<div class=\"gizmo-bot-avatar flex h-8 w-8 items-center justify-center overflow-hidden rounded-full\">\n<div class=\"relative p-1 rounded-sm flex items-center justify-center bg-token-main-surface-primary text-token-text-primary h-8 w-8\">\n<p>Bienvenue chez vapestornado, votre boutique de vape en ligne de confiance pour les vapes jetables de qualit\u00e9 sup\u00e9rieure. Avec plus de 5 ans d'expertise, nous vous proposons des marques populaires de vapes jetables telles que Fumot RandM Vape, <a href=\"https:\/\/vapestornado.com\/fr\/product\/vapme-crystal-7000-puffs-rechargeable-disposable-vape-wholesale-cheap-price\/\">Vapme<\/a>, Bang Vape, Waspe Vape et WGA Vape, etc.<\/p>\n<p>Notre gamme comprend des vapes tr\u00e8s demand\u00e9es comme le <a href=\"https:\/\/vapestornado.com\/fr\/product\/fumot-randm-tornado-15000-puffs-rechargeable-disposable-vape-wholesale\/\">RandM Tornade 15000<\/a>, et des choix riches en saveurs comme le <a href=\"https:\/\/vapestornado.com\/fr\/product\/waspe-40000-puffs-double-flavour-led-display-disposable-vape-wholesale\/\">WASPE Double Saveur 40000 Bouff\u00e9es<\/a> . Chaque produit est choisi en mettant l'accent sur la qualit\u00e9, la valeur et la vari\u00e9t\u00e9, afin de vous assurer de trouver la solution id\u00e9ale pour vos besoins. D\u00e9couvrez un service exceptionnel et une large gamme de produits de qualit\u00e9 sup\u00e9rieure \u00e0 prix de gros chez vapestornado.<\/p>\n<\/div>\n<h3><\/h3>\n<div class=\"relative p-1 rounded-sm flex items-center justify-center bg-token-main-surface-primary text-token-text-primary h-8 w-8\">\n<h3>FAQ pour la vape jetable Vapsolo 20k Puffs<\/h3>\n<\/div>\n<\/div>\n<\/div>\n<\/div>\n<div class=\"flex-shrink-0 flex flex-col relative items-end\">\n<div class=\"pt-0\">\n<div class=\"gizmo-bot-avatar flex h-8 w-8 items-center justify-center overflow-hidden rounded-full\">\n<div class=\"relative p-1 rounded-sm flex items-center justify-center bg-token-main-surface-primary text-token-text-primary h-8 w-8\">\n<div class=\"mb-2 flex gap-3 empty:hidden -ml-2\">\n<div role=\"article\" data-tabster=\"{&quot;groupper&quot;:{&quot;tabbability&quot;:2},&quot;focusable&quot;:{}}\" data-content=\"ai-message\" aria-labelledby=\"Vdt5ez4X7Tg813x6rFVha-author Vdt5ez4X7Tg813x6rFVha-content\">\n<div id=\"Vdt5ez4X7Tg813x6rFVha-content\">\n<div role=\"article\" data-tabster=\"{&quot;groupper&quot;:{&quot;tabbability&quot;:2},&quot;focusable&quot;:{}}\" data-content=\"ai-message\" aria-labelledby=\"o968oC7CEo2fGHsGdsRYC-author o968oC7CEo2fGHsGdsRYC-content\">\n<div id=\"o968oC7CEo2fGHsGdsRYC-content\">\n<ol>\n<li><strong>Qu'est-ce qui rend le Vapsolo Twins 20000 unique ?<\/strong><br \/>\nL' <strong>syst\u00e8me de r\u00e9servoir \u00e0 double saveur<\/strong> vous permet de profiter de deux saveurs distinctes dans un seul appareil, ce qui le rend tr\u00e8s polyvalent.<\/li>\n<li><strong>Combien de bouff\u00e9es le Vapsolo Twins 20000 offre-t-il ?<\/strong><br \/>\nIl offre un impressionnant <strong>20 000 bouff\u00e9es<\/strong>, ce qui le rend id\u00e9al pour une utilisation \u00e0 long terme.<\/li>\n<li><strong>Le Vapsolo Twins peut-il \u00eatre recharg\u00e9 ?<\/strong><br \/>\nOui, il dispose d'une <strong>batterie rechargeable de 650 mAh<\/strong> avec un chargement rapide de type C pour plus de commodit\u00e9.<\/li>\n<li><strong>Quelles sont les options de concentration de nicotine disponibles ?<\/strong><br \/>\nL'appareil est disponible en <strong>taux de nicotine 2% et 5%<\/strong>, r\u00e9pondant aux besoins des utilisateurs de nicotine l\u00e9gers et lourds.<\/li>\n<li><strong>Le Vapsolo Twins convient-il aux d\u00e9butants ?<\/strong><br \/>\nAbsolument ! Sa <strong>syst\u00e8me activ\u00e9 par tirage<\/strong> et des commandes simples le rendent facile pour les d\u00e9butants tout en offrant des fonctionnalit\u00e9s avanc\u00e9es pour les vapoteurs exp\u00e9riment\u00e9s.<\/li>\n<\/ol>\n<\/div>\n<\/div>\n<\/div>\n<\/div>\n<p>&nbsp;<\/p>\n<\/div>\n<\/div>\n<\/div>\n<\/div>\n<\/div>\n<div class=\"group\/conversation-turn relative flex w-full min-w-0 flex-col agent-turn\">\n<div class=\"flex-col gap-1 md:gap-3\">\n<div class=\"flex max-w-full flex-col flex-grow\">\n<div class=\"min-h-8 text-message flex w-full flex-col items-end gap-2 whitespace-normal break-words [.text-message+&amp;]:mt-5\" dir=\"auto\" data-message-author-role=\"assistant\" data-message-id=\"db716a1c-9ed0-4b8d-b3b0-7bdb913c3d42\" data-message-model-slug=\"gpt-4o\">\n<div class=\"flex w-full flex-col gap-1 empty:hidden first:pt-[3px]\">\n<div class=\"markdown prose w-full break-words dark:prose-invert light\">\n<p>&nbsp;<\/p>\n<\/div>\n<\/div>\n<\/div>\n<\/div>\n<\/div>\n<\/div>","protected":false},"excerpt":{"rendered":"<p>Vapsolo Twins 20000 Puffs 2 en 1 Vape Jetable Prix de Gros<br \/>\nVapsolo 20000 Double Saveur Vape Jetable Rechargeable Vente Chaude<br \/>\nVapsolo Twins 20k 2 Saveurs en 1 Vape Jetable Prix d'Achat en Gros<\/p>\n<p><strong>Ajoutez le WhatsApp d'Amy pour obtenir une bonne r\u00e9ponse et un coupon de vape !<\/strong><\/p>\n<p><img fetchpriority=\"high\" decoding=\"async\" class=\"size-full wp-image-2932\" src=\"https:\/\/vapestornado.com\/wp-content\/uploads\/2024\/12\/Vape-Wholesale.jpg\" alt=\"Vente en Gros de Vapes\" width=\"229\" height=\"300\" \/><\/p>\n<h3><a href=\"https:\/\/wa.me\/8617776015835\"><span style=\"color: #ff0000;\"><strong>WhatsApp : +86 17776015835<\/strong><\/span><\/a><\/h3>\n<p>&nbsp;<\/p>","protected":false},"featured_media":3129,"comment_status":"open","ping_status":"closed","template":"","meta":{"_acf_changed":false,"_uag_custom_page_level_css":"","_lmt_disableupdate":"no","_lmt_disable":"","_monsterinsights_skip_tracking":false,"_monsterinsights_sitenote_active":false,"_monsterinsights_sitenote_note":"","_monsterinsights_sitenote_category":0,"site-sidebar-layout":"default","site-content-layout":"","ast-site-content-layout":"default","site-content-style":"default","site-sidebar-style":"default","ast-global-header-display":"","ast-banner-title-visibility":"","ast-main-header-display":"","ast-hfb-above-header-display":"","ast-hfb-below-header-display":"","ast-hfb-mobile-header-display":"","site-post-title":"","ast-breadcrumbs-content":"","ast-featured-img":"","footer-sml-layout":"","ast-disable-related-posts":"","theme-transparent-header-meta":"default","adv-header-id-meta":"","stick-header-meta":"","header-above-stick-meta":"","header-main-stick-meta":"","header-below-stick-meta":"","astra-migrate-meta-layouts":"set","ast-page-background-enabled":"default","ast-page-background-meta":{"desktop":{"background-color":"","background-image":"","background-repeat":"repeat","background-position":"center center","background-size":"auto","background-attachment":"scroll","background-type":"","background-media":"","overlay-type":"","overlay-color":"","overlay-opacity":"","overlay-gradient":""},"tablet":{"background-color":"","background-image":"","background-repeat":"repeat","background-position":"center center","background-size":"auto","background-attachment":"scroll","background-type":"","background-media":"","overlay-type":"","overlay-color":"","overlay-opacity":"","overlay-gradient":""},"mobile":{"background-color":"","background-image":"","background-repeat":"repeat","background-position":"center center","background-size":"auto","background-attachment":"scroll","background-type":"","background-media":"","overlay-type":"","overlay-color":"","overlay-opacity":"","overlay-gradient":""}},"ast-content-background-meta":{"desktop":{"background-color":"var(--ast-global-color-5)","background-image":"","background-repeat":"repeat","background-position":"center center","background-size":"auto","background-attachment":"scroll","background-type":"","background-media":"","overlay-type":"","overlay-color":"","overlay-opacity":"","overlay-gradient":""},"tablet":{"background-color":"var(--ast-global-color-5)","background-image":"","background-repeat":"repeat","background-position":"center center","background-size":"auto","background-attachment":"scroll","background-type":"","background-media":"","overlay-type":"","overlay-color":"","overlay-opacity":"","overlay-gradient":""},"mobile":{"background-color":"var(--ast-global-color-5)","background-image":"","background-repeat":"repeat","background-position":"center center","background-size":"auto","background-attachment":"scroll","background-type":"","background-media":"","overlay-type":"","overlay-color":"","overlay-opacity":"","overlay-gradient":""}},"_joinchat":{"telephone":"+8617776015835"}},"product_brand":[],"product_cat":[69,171],"product_tag":[97,94,139,137,138],"class_list":{"0":"post-3132","1":"product","2":"type-product","3":"status-publish","4":"has-post-thumbnail","6":"product_cat-20000-puff","7":"product_cat-vapsolo-disposable-vapes","8":"product_tag-hot-sale-disposable-vape","9":"product_tag-rechargeable-disposable-vape","10":"product_tag-vapsolo","11":"product_tag-vapsolo-twins-20000","12":"product_tag-vapsolo-twins-20k","13":"desktop-align-left","14":"tablet-align-left","15":"mobile-align-left","17":"first","18":"instock","19":"sale","20":"shipping-taxable","21":"purchasable","22":"product-type-simple"},"acf":[],"uagb_featured_image_src":{"full":["https:\/\/vapestornado.com\/wp-content\/uploads\/2024\/12\/Vapsolo-Twins-EU-Electronic-Cigarette-Wholesale.jpg",1126,1126,false],"thumbnail":["https:\/\/vapestornado.com\/wp-content\/uploads\/2024\/12\/Vapsolo-Twins-EU-Electronic-Cigarette-Wholesale-150x150.jpg",150,150,true],"medium":["https:\/\/vapestornado.com\/wp-content\/uploads\/2024\/12\/Vapsolo-Twins-EU-Electronic-Cigarette-Wholesale-300x300.jpg",300,300,true],"medium_large":["https:\/\/vapestornado.com\/wp-content\/uploads\/2024\/12\/Vapsolo-Twins-EU-Electronic-Cigarette-Wholesale-768x768.jpg",768,768,true],"large":["https:\/\/vapestornado.com\/wp-content\/uploads\/2024\/12\/Vapsolo-Twins-EU-Electronic-Cigarette-Wholesale-1024x1024.jpg",1024,1024,true],"1536x1536":["https:\/\/vapestornado.com\/wp-content\/uploads\/2024\/12\/Vapsolo-Twins-EU-Electronic-Cigarette-Wholesale.jpg",1126,1126,false],"2048x2048":["https:\/\/vapestornado.com\/wp-content\/uploads\/2024\/12\/Vapsolo-Twins-EU-Electronic-Cigarette-Wholesale.jpg",1126,1126,false],"trp-custom-language-flag":["https:\/\/vapestornado.com\/wp-content\/uploads\/2024\/12\/Vapsolo-Twins-EU-Electronic-Cigarette-Wholesale.jpg",12,12,false],"woocommerce_thumbnail":["https:\/\/vapestornado.com\/wp-content\/uploads\/2024\/12\/Vapsolo-Twins-EU-Electronic-Cigarette-Wholesale-300x300.jpg",300,300,true],"woocommerce_single":["https:\/\/vapestornado.com\/wp-content\/uploads\/2024\/12\/Vapsolo-Twins-EU-Electronic-Cigarette-Wholesale-600x600.jpg",600,600,true],"woocommerce_gallery_thumbnail":["https:\/\/vapestornado.com\/wp-content\/uploads\/2024\/12\/Vapsolo-Twins-EU-Electronic-Cigarette-Wholesale-100x100.jpg",100,100,true]},"uagb_author_info":{"display_name":"ESAMY","author_link":"https:\/\/vapestornado.com\/fr\/author\/"},"uagb_comment_info":0,"uagb_excerpt":"Vapsolo Twins 20000 Puffs 2 in 1 Disposable Vape Wholesale Price Vapsolo 20000 Double Flavour Rechargeable Disposable Vape Hot Sale Vapsolo Twins 20k 2 Flavour in 1 Disposable Vape Bulk Buy Price Add Amy's whatsapp get right reply and vape vape coupon! WhatsApp: +86 17776015835 &nbsp;","_links":{"self":[{"href":"https:\/\/vapestornado.com\/fr\/wp-json\/wp\/v2\/product\/3132","targetHints":{"allow":["GET"]}}],"collection":[{"href":"https:\/\/vapestornado.com\/fr\/wp-json\/wp\/v2\/product"}],"about":[{"href":"https:\/\/vapestornado.com\/fr\/wp-json\/wp\/v2\/types\/product"}],"replies":[{"embeddable":true,"href":"https:\/\/vapestornado.com\/fr\/wp-json\/wp\/v2\/comments?post=3132"}],"wp:featuredmedia":[{"embeddable":true,"href":"https:\/\/vapestornado.com\/fr\/wp-json\/wp\/v2\/media\/3129"}],"wp:attachment":[{"href":"https:\/\/vapestornado.com\/fr\/wp-json\/wp\/v2\/media?parent=3132"}],"wp:term":[{"taxonomy":"product_brand","embeddable":true,"href":"https:\/\/vapestornado.com\/fr\/wp-json\/wp\/v2\/product_brand?post=3132"},{"taxonomy":"product_cat","embeddable":true,"href":"https:\/\/vapestornado.com\/fr\/wp-json\/wp\/v2\/product_cat?post=3132"},{"taxonomy":"product_tag","embeddable":true,"href":"https:\/\/vapestornado.com\/fr\/wp-json\/wp\/v2\/product_tag?post=3132"}],"curies":[{"name":"wp","href":"https:\/\/api.w.org\/{rel}","templated":true}]}}