{"id":3107,"date":"2024-12-13T02:59:26","date_gmt":"2024-12-13T02:59:26","guid":{"rendered":"https:\/\/vapestornado.com\/?post_type=product&#038;p=3107"},"modified":"2025-08-22T10:31:24","modified_gmt":"2025-08-22T10:31:24","slug":"randm-tornado-music-30000-puffs-fumot-bulk-sale-disposable","status":"publish","type":"product","link":"https:\/\/vapestornado.com\/fr\/product\/randm-tornado-music-30000-puffs-fumot-bulk-sale-disposable\/","title":{"rendered":"Randm Tornado Music 30000 Fumot Vente en gros Vape jetable"},"content":{"rendered":"<h1>Randm Tornado Music 30000 Puffs Fumot Vente en Gros Cigarette \u00c9lectronique Jetable.<\/h1>\n<p data-start=\"293\" data-end=\"626\">L' <strong data-start=\"297\" data-end=\"364\">Randm Tornado Music 30000 Puffs Fumot Vente en Gros Cigarette \u00c9lectronique Jetable.<\/strong> est con\u00e7ue pour les vapoteurs qui recherchent des performances durables et pratiques. Avec une impressionnante <strong data-start=\"458\" data-end=\"482\">Capacit\u00e9 de 30 000 bouff\u00e9es<\/strong>, un <strong data-start=\"486\" data-end=\"517\">batterie rechargeable de 600 mAh<\/strong>, et une technologie avanc\u00e9e de <strong data-start=\"532\" data-end=\"569\">bobine maill\u00e9e de 1.0\u03a9<\/strong>, elle d\u00e9livre une vapeur douce et constante \u00e0 chaque tirage.<\/p>\n<p data-start=\"628\" data-end=\"848\">Compacte et \u00e9l\u00e9gante, la Tornado Music 30K est facile \u00e0 transporter et id\u00e9ale pour vapoter toute la journ\u00e9e. Pr\u00e9-remplie d'une large gamme de <strong data-start=\"750\" data-end=\"771\">30 saveurs uniques<\/strong>, elle offre quelque chose pour chaque pr\u00e9f\u00e9rence de go\u00fbt, des m\u00e9langes fruit\u00e9s aux m\u00e9langes glac\u00e9s.<\/p>\n<p data-start=\"850\" data-end=\"1048\">Pour les grossistes et les d\u00e9taillants, le <strong data-start=\"885\" data-end=\"920\">La cigarette \u00e9lectronique jetable Fumot Randm 30k<\/strong> combine une grande capacit\u00e9, une forte reconnaissance de marque et un excellent rapport qualit\u00e9-prix en gros, ce qui en fait un choix rentable pour le march\u00e9 europ\u00e9en.<\/p>\n<p><img fetchpriority=\"high\" decoding=\"async\" class=\"wp-image-3114 alignleft\" src=\"https:\/\/vapestornado.com\/wp-content\/uploads\/2024\/12\/Randm-tornado-vape-30000-puffs.jpg\" alt=\"Randm tornado vape 30000 bouff\u00e9es prix de gros\" width=\"559\" height=\"559\" srcset=\"https:\/\/vapestornado.com\/wp-content\/uploads\/2024\/12\/Randm-tornado-vape-30000-puffs.jpg 800w, https:\/\/vapestornado.com\/wp-content\/uploads\/2024\/12\/Randm-tornado-vape-30000-puffs-300x300.jpg 300w, https:\/\/vapestornado.com\/wp-content\/uploads\/2024\/12\/Randm-tornado-vape-30000-puffs-150x150.jpg 150w, https:\/\/vapestornado.com\/wp-content\/uploads\/2024\/12\/Randm-tornado-vape-30000-puffs-768x768.jpg 768w, https:\/\/vapestornado.com\/wp-content\/uploads\/2024\/12\/Randm-tornado-vape-30000-puffs-600x600.jpg 600w, https:\/\/vapestornado.com\/wp-content\/uploads\/2024\/12\/Randm-tornado-vape-30000-puffs-100x100.jpg 100w\" sizes=\"(max-width: 559px) 100vw, 559px\" \/><\/p>\n<p style=\"padding-left: 40px;\">\u00a0<img decoding=\"async\" class=\"wp-image-3124 alignleft\" src=\"https:\/\/vapestornado.com\/wp-content\/uploads\/2024\/12\/LYN-whatsapp-846x1024.jpg\" alt=\"LYN WhatsApp\" width=\"290\" height=\"351\" srcset=\"https:\/\/vapestornado.com\/wp-content\/uploads\/2024\/12\/LYN-whatsapp-846x1024.jpg 846w, https:\/\/vapestornado.com\/wp-content\/uploads\/2024\/12\/LYN-whatsapp-248x300.jpg 248w, https:\/\/vapestornado.com\/wp-content\/uploads\/2024\/12\/LYN-whatsapp-768x930.jpg 768w, https:\/\/vapestornado.com\/wp-content\/uploads\/2024\/12\/LYN-whatsapp-600x726.jpg 600w, https:\/\/vapestornado.com\/wp-content\/uploads\/2024\/12\/LYN-whatsapp.jpg 1046w\" sizes=\"(max-width: 290px) 100vw, 290px\" \/><\/p>\n<p><em><strong><span style=\"color: #ff0000;\">Contactez-moi en scannant ce code pour en savoir plus sur les bouff\u00e9es.<\/span><\/strong><\/em><\/p>\n<p><em><strong>Whatsapp :<a href=\"https:\/\/wa.me\/8617840853976\" target=\"_blank\" rel=\"noopener\">+86178 4085 3976<\/a><\/strong><\/em><\/p>\n<p>&nbsp;<\/p>\n<h2><\/h2>\n<h2><strong>Points forts du produit pour la cigarette \u00e9lectronique Fumot 30k Music.<br \/>\n<\/strong><\/h2>\n<p>(1) batterie :<span style=\"color: #ff0000;\">600mAh<\/span> rechargeable pour assurer une puissance durable.<\/p>\n<p>(2) Nicotine : fournit <span style=\"color: #ff0000;\">2 % \/ 5 % de nicotine<\/span> pour choisir pour diff\u00e9rents utilisateurs.<\/p>\n<p>(3) Bouff\u00e9es : offre<span style=\"color: #ff0000;\">r 30000 bouff\u00e9es<\/span>, peut \u00eatre utilis\u00e9 pendant longtemps et sans avoir besoin de le remplacer fr\u00e9quemment.<\/p>\n<p>(4) <span style=\"color: #ff0000;\">30 saveurs<\/span>: il est possible de choisir plus de saveurs, et 50 pi\u00e8ces peuvent choisir au moins 5 saveurs.<\/p>\n<p>(5) Port de charge :<span style=\"color: #ff0000;\">Type-C<\/span> interface de charge rapide, prend en charge la fonction de charge.<\/p>\n<p>(6) <span style=\"color: #ff0000;\">Lumi\u00e8re musicale<\/span>: La lumi\u00e8re du Randm 30k changera en synchronisation avec la musique lors de son utilisation, cr\u00e9ant une exp\u00e9rience de vapotage am\u00e9lior\u00e9e.<\/p>\n<h2><strong>Quelles saveurs sont disponibles pour le vape jetable 30k Fumot ?<br \/>\n<\/strong><\/h2>\n<p><em><span style=\"color: #000000;\"><strong>1. Banana Ice : <\/strong><\/span><\/em>Un m\u00e9lange onctueux de bananes m\u00fbres avec une finale glac\u00e9e rafra\u00eechissante.<br \/>\n<span style=\"color: #000000;\"><strong><em>2. Black Ice :<\/em> <\/strong><\/span>Cassis audacieux avec une touche de menthol frais.<br \/>\n<em><strong><span style=\"color: #000000;\">3. Blue Razz Ice :<\/span> <\/strong><\/em>Framboise bleue douce et acidul\u00e9e avec un coup de fouet givr\u00e9.<br \/>\n<em><strong><span style=\"color: #000000;\">4. Blueberry On Ice :<\/span><\/strong> <\/em>Des myrtilles juteuses associ\u00e9es \u00e0 une brise de menthol rafra\u00eechissante.<br \/>\n<em><strong><span style=\"color: #000000;\">5. Blueberry Raspberry :<\/span><\/strong><\/em> Un d\u00e9licieux m\u00e9lange de myrtilles sucr\u00e9es et de framboises acidul\u00e9es.<br \/>\n<em><strong><span style=\"color: #000000;\">6. Myrtille Framboise Acide :<\/span> <\/strong><\/em>Myrtilles et framboises avec une touche acidul\u00e9e.<br \/>\n<em><strong><span style=\"color: #000000;\">7. Cerise Glac\u00e9e :<\/span> <\/strong><\/em>Cerises douces avec une touche glac\u00e9e rafra\u00eechissante.<br \/>\n<em><strong><span style=\"color: #000000;\">8. Cerise Cola :<\/span> <\/strong><\/em>Saveur de cola classique avec une touche de cerise.<br \/>\n<em><strong><span style=\"color: #000000;\">9. Cola Glac\u00e9 :<\/span> <\/strong><\/em>Cola p\u00e9tillant avec une finale fra\u00eeche au menthol.<br \/>\n<em><strong><span style=\"color: #000000;\">10. Menthe Fra\u00eeche :<\/span><\/strong> <\/em>Ar\u00f4me de menthe vif et rafra\u00eechissant.<br \/>\n<em><strong><span style=\"color: #000000;\">11. Pomme double :<\/span><\/strong> <\/em>Un m\u00e9lange de pommes douces et acidul\u00e9es.<br \/>\n<em><strong><span style=\"color: #000000;\">12. Dr Blue :<\/span><\/strong> <\/em>Un m\u00e9lange myst\u00e9rieux de baies avec une finale fra\u00eeche.<br \/>\n<em><strong><span style=\"color: #000000;\">13. Raisin glac\u00e9 :<\/span> <\/strong><\/em>Raisins doux avec une touche de menthol givr\u00e9.<br \/>\n<em><strong><span style=\"color: #000000;\">14. Sucette glac\u00e9e :<\/span> <\/strong><\/em>Un m\u00e9lange nostalgique d'ar\u00f4mes de sucettes glac\u00e9es fruit\u00e9es.<br \/>\n<em><strong><span style=\"color: #000000;\">15. Kiwi Fruit de la Passion Goyave :<\/span><\/strong> <\/em>M\u00e9lange exotique de kiwi, de fruit de la passion et de goyave.<br \/>\n<em><strong><span style=\"color: #000000;\">16. Amour 66 :<\/span> <\/strong><\/em>Un m\u00e9lange unique de fruits tropicaux avec un soup\u00e7on de menthol.<br \/>\n<em><strong><span style=\"color: #000000;\">17. Glace luxuriante :<\/span><\/strong> <\/em>Past\u00e8que avec une finale glac\u00e9e rafra\u00eechissante.<br \/>\n<em><strong><span style=\"color: #000000;\">18. Baies m\u00e9lang\u00e9es :<\/span><\/strong><\/em> Un m\u00e9lange de diff\u00e9rentes baies.<br \/>\n<em><strong><span style=\"color: #000000;\">19. P\u00eache Baies :<\/span> <\/strong><\/em>P\u00eaches juteuses avec une touche de baies.<br \/>\n<em><strong><span style=\"color: #000000;\">20. P\u00eache glac\u00e9e :<\/span> <\/strong><\/em>P\u00eaches sucr\u00e9es avec une finale fra\u00eeche de menthol.<br \/>\n<em><strong><span style=\"color: #000000;\">21. P\u00eache Mangue Ananas:<\/span><\/strong> <\/em>Un m\u00e9lange tropical de p\u00eache, de mangue et d'ananas.<br \/>\n<em><strong><span style=\"color: #000000;\">22. Ananas Glac\u00e9:<\/span> <\/strong><\/em>De l'ananas sucr\u00e9 et acidul\u00e9 avec une touche givr\u00e9e.<br \/>\n<em><strong><span style=\"color: #000000;\">23. Limonade Rose:<\/span> <\/strong><\/em>De la limonade acidul\u00e9e avec une touche de baies.<br \/>\n<em><strong><span style=\"color: #000000;\">24. Skittles :<\/span> <\/strong><\/em>Un arc-en-ciel de saveurs fruit\u00e9es.<br \/>\n<em><strong><span style=\"color: #000000;\">25. Fraise Banane:<\/span> <\/strong><\/em>Un m\u00e9lange classique de fraises sucr\u00e9es et de bananes cr\u00e9meuses.<br \/>\n<em><strong><span style=\"color: #000000;\">26. Fraise Raisin:<\/span><\/strong> <\/em>Des fraises sucr\u00e9es associ\u00e9es \u00e0 des raisins juteux.<br \/>\n<em><strong><span style=\"color: #000000;\">27. Fraise Glac\u00e9e:<\/span><\/strong> <\/em>Des fraises fra\u00eeches avec une finale fra\u00eeche de menthol.<br \/>\n<em><strong><span style=\"color: #000000;\">28. Fraise Past\u00e8que:<\/span> <\/strong><\/em>Un m\u00e9lange rafra\u00eechissant de fraises et de past\u00e8que.<br \/>\n<em><strong><span style=\"color: #000000;\">29. Triple Mangue:<\/span> <\/strong><\/em>Une saveur de mangue intense avec trois fois plus de punch.<br \/>\n<em><strong><span style=\"color: #000000;\">30. Vimto :<\/span> <\/strong><\/em>Un m\u00e9lange unique de fruits vari\u00e9s inspir\u00e9 de la boisson classique.<\/p>\n<div class=\"flex-shrink-0 flex flex-col relative items-end\">\n<div class=\"pt-0\">\n<div class=\"gizmo-bot-avatar flex h-8 w-8 items-center justify-center overflow-hidden rounded-full\">\n<div class=\"relative p-1 rounded-sm flex items-center justify-center bg-token-main-surface-primary text-token-text-primary h-8 w-8\">\n<h2><strong>FAQ :<\/strong><\/h2>\n<h4>Q : Pourquoi choisir la cigarette \u00e9lectronique jetable Fumot RANDM Tornado 30000 puffs ?<\/h4>\n<p><span style=\"color: #000000;\"><b>A\uff1a<\/b><\/span>Choisissez la Fumot RANDM Tornado 30000 Puffs pour une vape durable, savoureuse et sans tracas. Parfaite pour l'achat en gros.<\/p>\n<h4>Q : Quelle est la commande minimale pour la vente en gros de la cigarette \u00e9lectronique jetable Fumot 30k ?<\/h4>\n<p><span style=\"color: #000000;\"><b>A\uff1a<\/b><\/span>La commande minimale pour la cigarette \u00e9lectronique jetable Fumot 30k Tornado Music est de 50 pi\u00e8ces. Plus la quantit\u00e9 que vous commandez est grande, meilleur est le prix que vous obtenez.<\/p>\n<h4>Q : La r\u00e9duction augmente-t-elle avec le nombre de commandes ?<\/h4>\n<p><span style=\"color: #000000;\"><b>A\uff1a<\/b>Nous offrons d\u00e9j\u00e0 un prix tr\u00e8s bas, mais le prix ne diminuera pas avec une augmentation de la quantit\u00e9 command\u00e9e. Cependant, nous ferons de notre mieux pour demander un \u00e9chantillon pour vous. Enfin, nous esp\u00e9rons que cela vous donnera une bonne exp\u00e9rience.<\/span><\/p>\n<h4>Q : Peut-on suivre le colis soi-m\u00eame ?<\/h4>\n<p><strong><span style=\"color: #000000;\"><b>A\uff1a<\/b><\/span><\/strong><span style=\"color: #000000;\">Oui, une fois le colis exp\u00e9di\u00e9, nous vous enverrons un num\u00e9ro de suivi <\/span><span style=\"color: #000000;\">afin que vous puissiez en v\u00e9rifier le statut. De plus, nous ferons un suivi du colis jusqu'\u00e0 ce que vous le receviez, ce qui vous garantit d'\u00eatre tenu inform\u00e9 tout au long du processus.<\/span><\/p>\n<p>d'autres vapes que vous pourriez aussi aimer<br \/>\n<a href=\"https:\/\/vapestornado.com\/fr\/product-category\/30000-puff\/\">Vape 30000 bouff\u00e9es<\/a><\/p>\n<\/div>\n<\/div>\n<\/div>\n<\/div>","protected":false},"excerpt":{"rendered":"<p><em><strong>Randm 30k, une cigarette \u00e9lectronique jetable musicale qui offre 30 000 bouff\u00e9es et 30 saveurs au choix.\u00a0 <\/strong><\/em><\/p>\n<p><em><strong>Nous proposons des taux de nicotine de 2 % ou 5 % dans les cigarettes \u00e9lectroniques Fumot 30k. De plus, nous offrons des prix de gros et le meilleur service.<\/strong><\/em><\/p>\n<figure id=\"attachment_3124\" aria-describedby=\"caption-attachment-3124\" style=\"width: 248px\" class=\"wp-caption alignleft\"><img decoding=\"async\" class=\"size-medium wp-image-3124\" src=\"https:\/\/vapestornado.com\/wp-content\/uploads\/2024\/12\/LYN-whatsapp-248x300.jpg\" alt=\"LYN WhatsApp\" width=\"248\" height=\"300\" srcset=\"https:\/\/vapestornado.com\/wp-content\/uploads\/2024\/12\/LYN-whatsapp-248x300.jpg 248w, https:\/\/vapestornado.com\/wp-content\/uploads\/2024\/12\/LYN-whatsapp-846x1024.jpg 846w, https:\/\/vapestornado.com\/wp-content\/uploads\/2024\/12\/LYN-whatsapp-768x930.jpg 768w, https:\/\/vapestornado.com\/wp-content\/uploads\/2024\/12\/LYN-whatsapp-600x726.jpg 600w, https:\/\/vapestornado.com\/wp-content\/uploads\/2024\/12\/LYN-whatsapp.jpg 1046w\" sizes=\"(max-width: 248px) 100vw, 248px\" \/><figcaption id=\"caption-attachment-3124\" class=\"wp-caption-text\"><a href=\"https:\/\/wa.me\/8617840853976\"><em><strong>Contactez Lyn pour en savoir plus sur les bouff\u00e9es.<\/strong><\/em><\/a><\/figcaption><\/figure>","protected":false},"featured_media":3109,"comment_status":"open","ping_status":"closed","template":"","meta":{"_acf_changed":false,"_uag_custom_page_level_css":"","_lmt_disableupdate":"no","_lmt_disable":"","_monsterinsights_skip_tracking":false,"_monsterinsights_sitenote_active":false,"_monsterinsights_sitenote_note":"","_monsterinsights_sitenote_category":0,"site-sidebar-layout":"default","site-content-layout":"","ast-site-content-layout":"default","site-content-style":"default","site-sidebar-style":"default","ast-global-header-display":"","ast-banner-title-visibility":"","ast-main-header-display":"","ast-hfb-above-header-display":"","ast-hfb-below-header-display":"","ast-hfb-mobile-header-display":"","site-post-title":"","ast-breadcrumbs-content":"","ast-featured-img":"","footer-sml-layout":"","ast-disable-related-posts":"","theme-transparent-header-meta":"default","adv-header-id-meta":"","stick-header-meta":"","header-above-stick-meta":"","header-main-stick-meta":"","header-below-stick-meta":"","astra-migrate-meta-layouts":"set","ast-page-background-enabled":"default","ast-page-background-meta":{"desktop":{"background-color":"","background-image":"","background-repeat":"repeat","background-position":"center center","background-size":"auto","background-attachment":"scroll","background-type":"","background-media":"","overlay-type":"","overlay-color":"","overlay-opacity":"","overlay-gradient":""},"tablet":{"background-color":"","background-image":"","background-repeat":"repeat","background-position":"center center","background-size":"auto","background-attachment":"scroll","background-type":"","background-media":"","overlay-type":"","overlay-color":"","overlay-opacity":"","overlay-gradient":""},"mobile":{"background-color":"","background-image":"","background-repeat":"repeat","background-position":"center center","background-size":"auto","background-attachment":"scroll","background-type":"","background-media":"","overlay-type":"","overlay-color":"","overlay-opacity":"","overlay-gradient":""}},"ast-content-background-meta":{"desktop":{"background-color":"var(--ast-global-color-5)","background-image":"","background-repeat":"repeat","background-position":"center center","background-size":"auto","background-attachment":"scroll","background-type":"","background-media":"","overlay-type":"","overlay-color":"","overlay-opacity":"","overlay-gradient":""},"tablet":{"background-color":"var(--ast-global-color-5)","background-image":"","background-repeat":"repeat","background-position":"center center","background-size":"auto","background-attachment":"scroll","background-type":"","background-media":"","overlay-type":"","overlay-color":"","overlay-opacity":"","overlay-gradient":""},"mobile":{"background-color":"var(--ast-global-color-5)","background-image":"","background-repeat":"repeat","background-position":"center center","background-size":"auto","background-attachment":"scroll","background-type":"","background-media":"","overlay-type":"","overlay-color":"","overlay-opacity":"","overlay-gradient":""}},"_joinchat":{"telephone":"17776015835"}},"product_brand":[],"product_cat":[19,67,58],"product_tag":[83,125,124,126,78,114],"class_list":{"0":"post-3107","1":"product","2":"type-product","3":"status-publish","4":"has-post-thumbnail","6":"product_cat-vapes","7":"product_cat-30000-puff","8":"product_cat-fumot-vape","9":"product_tag-fumot-vape","10":"product_tag-randm-30000","11":"product_tag-randm-tornado-30000","12":"product_tag-randm-tornado-30k","13":"product_tag-randm-vape","14":"product_tag-tornado-vape","15":"desktop-align-left","16":"tablet-align-left","17":"mobile-align-left","19":"first","20":"instock","21":"sale","22":"shipping-taxable","23":"purchasable","24":"product-type-simple"},"acf":[],"uagb_featured_image_src":{"full":["https:\/\/vapestornado.com\/wp-content\/uploads\/2024\/12\/Randm-disposable-vape-30k-puffs.jpg",800,800,false],"thumbnail":["https:\/\/vapestornado.com\/wp-content\/uploads\/2024\/12\/Randm-disposable-vape-30k-puffs-150x150.jpg",150,150,true],"medium":["https:\/\/vapestornado.com\/wp-content\/uploads\/2024\/12\/Randm-disposable-vape-30k-puffs-300x300.jpg",300,300,true],"medium_large":["https:\/\/vapestornado.com\/wp-content\/uploads\/2024\/12\/Randm-disposable-vape-30k-puffs-768x768.jpg",768,768,true],"large":["https:\/\/vapestornado.com\/wp-content\/uploads\/2024\/12\/Randm-disposable-vape-30k-puffs.jpg",800,800,false],"1536x1536":["https:\/\/vapestornado.com\/wp-content\/uploads\/2024\/12\/Randm-disposable-vape-30k-puffs.jpg",800,800,false],"2048x2048":["https:\/\/vapestornado.com\/wp-content\/uploads\/2024\/12\/Randm-disposable-vape-30k-puffs.jpg",800,800,false],"trp-custom-language-flag":["https:\/\/vapestornado.com\/wp-content\/uploads\/2024\/12\/Randm-disposable-vape-30k-puffs.jpg",12,12,false],"woocommerce_thumbnail":["https:\/\/vapestornado.com\/wp-content\/uploads\/2024\/12\/Randm-disposable-vape-30k-puffs-300x300.jpg",300,300,true],"woocommerce_single":["https:\/\/vapestornado.com\/wp-content\/uploads\/2024\/12\/Randm-disposable-vape-30k-puffs-600x600.jpg",600,600,true],"woocommerce_gallery_thumbnail":["https:\/\/vapestornado.com\/wp-content\/uploads\/2024\/12\/Randm-disposable-vape-30k-puffs-100x100.jpg",100,100,true]},"uagb_author_info":{"display_name":"ESLYN","author_link":"https:\/\/vapestornado.com\/fr\/author\/"},"uagb_comment_info":0,"uagb_excerpt":"Randm 30k disaposable music vape that can offer 30,000 puffs and 30 flavors to choose.\u00a0 We have 2% or 5% Nicotine level can be choose in Fumot 30k vapes. Beside,we are sale Bulk price and have best service. [caption id=\"attachment_3124\" align=\"alignleft\" width=\"248\"] Contact Lyn to know more about puffs[\/caption]","_links":{"self":[{"href":"https:\/\/vapestornado.com\/fr\/wp-json\/wp\/v2\/product\/3107","targetHints":{"allow":["GET"]}}],"collection":[{"href":"https:\/\/vapestornado.com\/fr\/wp-json\/wp\/v2\/product"}],"about":[{"href":"https:\/\/vapestornado.com\/fr\/wp-json\/wp\/v2\/types\/product"}],"replies":[{"embeddable":true,"href":"https:\/\/vapestornado.com\/fr\/wp-json\/wp\/v2\/comments?post=3107"}],"wp:featuredmedia":[{"embeddable":true,"href":"https:\/\/vapestornado.com\/fr\/wp-json\/wp\/v2\/media\/3109"}],"wp:attachment":[{"href":"https:\/\/vapestornado.com\/fr\/wp-json\/wp\/v2\/media?parent=3107"}],"wp:term":[{"taxonomy":"product_brand","embeddable":true,"href":"https:\/\/vapestornado.com\/fr\/wp-json\/wp\/v2\/product_brand?post=3107"},{"taxonomy":"product_cat","embeddable":true,"href":"https:\/\/vapestornado.com\/fr\/wp-json\/wp\/v2\/product_cat?post=3107"},{"taxonomy":"product_tag","embeddable":true,"href":"https:\/\/vapestornado.com\/fr\/wp-json\/wp\/v2\/product_tag?post=3107"}],"curies":[{"name":"wp","href":"https:\/\/api.w.org\/{rel}","templated":true}]}}