{"id":3101,"date":"2024-12-12T09:12:28","date_gmt":"2024-12-12T09:12:28","guid":{"rendered":"https:\/\/vapestornado.com\/?post_type=product&#038;p=3101"},"modified":"2025-12-05T08:52:27","modified_gmt":"2025-12-05T08:52:27","slug":"jnr-falcon-x-18000-puffs-disposable-vape-wholesale-price","status":"publish","type":"product","link":"https:\/\/vapestornado.com\/fr\/product\/jnr-falcon-x-18000-puffs-disposable-vape-wholesale-price\/","title":{"rendered":"JNR Falcon X 18000 Puffs Vape Jetable Prix de gros"},"content":{"rendered":"<h1 class=\"product-title\">JNR Falcon X 18000 Puffs Vape Jetable Prix de gros<\/h1>\n<p data-start=\"1154\" data-end=\"1343\">JNR Falcon X 18000 offre 18 000 bouff\u00e9es avec des coils \u00e0 double mesh, une batterie rechargeable Type-C de 950mAh, et un \u00e9cran d\u2019\u00e9tat HD\u2014con\u00e7u pour une saveur constante et une utilisation quotidienne prolong\u00e9e sans baisse de la sensation de br\u00fbl\u00e9.<\/p>\n<p data-start=\"567\" data-end=\"897\"><strong data-start=\"567\" data-end=\"608\">Capacit\u00e9 de 18K adapt\u00e9e aux routines r\u00e9elles.<\/strong><br data-start=\"608\" data-end=\"611\" \/>L' <strong data-start=\"615\" data-end=\"653\">Vape jetable JNR Falcon X 18000<\/strong> est con\u00e7ue pour des sessions plus longues, pas pour de courtes utilisations. Avec <strong data-start=\"700\" data-end=\"722\">jusqu\u2019\u00e0 18 000 bouff\u00e9es<\/strong>, elle r\u00e9duit la fr\u00e9quence de remplacement par rapport aux petits mod\u00e8les jetables. Pour ceux qui vapotent pendant les journ\u00e9es de travail et le week-end, cela a plus d\u2019importance que des fonctionnalit\u00e9s sophistiqu\u00e9es.<\/p>\n<p data-start=\"899\" data-end=\"1149\"><strong data-start=\"899\" data-end=\"936\">Coils \u00e0 double mesh pour un go\u00fbt stable.<\/strong><br data-start=\"936\" data-end=\"939\" \/>\u00c0 l\u2019int\u00e9rieur, un <strong data-start=\"949\" data-end=\"974\">syst\u00e8me de double bobine en maille<\/strong> r\u00e9partit la chaleur uniform\u00e9ment. Cela maintient une aspiration douce et aide \u00e0 \u00e9viter le go\u00fbt de br\u00fbl\u00e9 dur qui appara\u00eet dans les appareils \u00e0 haute consommation de bouff\u00e9es moins puissants. La saveur reste constante m\u00eame lorsque le r\u00e9servoir se vide.<\/p>\n<p data-start=\"1151\" data-end=\"1400\"><strong data-start=\"1151\" data-end=\"1192\">Grande batterie rechargeable avec Type-C.<\/strong><br data-start=\"1192\" data-end=\"1195\" \/>A <strong data-start=\"1197\" data-end=\"1215\">Batterie de 950mAh<\/strong> alimente cet appareil, et elle est rechargeable. Lorsque la batterie est faible, une <strong data-start=\"1294\" data-end=\"1311\">recharge rapide Type-C<\/strong> le remet en service, \u00e9vitant ainsi le gaspillage de liquide lorsque l\u2019alimentation s\u2019\u00e9puise en premier.<\/p>\n<p data-start=\"1402\" data-end=\"1619\"><strong data-start=\"1402\" data-end=\"1437\">\u00c9cran HD pour une simplicit\u00e9 d\u2019utilisation.<\/strong><br data-start=\"1437\" data-end=\"1440\" \/>L'\u00e9cran affiche <strong data-start=\"1457\" data-end=\"1493\">niveau de batterie et niveau de e-liquide<\/strong> en temps r\u00e9el. Les utilisateurs peuvent voir ce qu\u2019il reste en un coup d\u2019\u0153il, recharger avant que la puissance ne diminue, et \u00e9viter les surprises de sensations de s\u00e9cheresse vers la fin.<\/p>\n<p data-start=\"1621\" data-end=\"1892\"><strong data-start=\"1621\" data-end=\"1660\">Options \u00e0 faible nicotine pour une utilisation contr\u00f4l\u00e9e.<\/strong><br data-start=\"1660\" data-end=\"1663\" \/>Ce mod\u00e8le est propos\u00e9 avec des niveaux de nicotine plus faibles pour ceux qui souhaitent une inhalation plus douce et moins agressive. Cela rend la <strong data-start=\"1782\" data-end=\"1802\">JNR 18K Falcon X<\/strong> Une \u00e9tape pratique pour les fumeurs qui souhaitent avoir plus de contr\u00f4le sur leur consommation sans renoncer \u00e0 l'autonomie.<\/p>\n<p><strong>Ajoutez le Whatsapp d'Amy pour obtenir une r\u00e9ponse imm\u00e9diate et un coupon de vape !<\/strong><\/p>\n<p><img fetchpriority=\"high\" decoding=\"async\" class=\"size-full wp-image-2932\" src=\"https:\/\/vapestornado.com\/wp-content\/uploads\/2024\/12\/Vape-Wholesale.jpg\" alt=\"Vente en Gros de Vapes\" width=\"229\" height=\"300\" \/><\/p>\n<h3><a href=\"https:\/\/wa.me\/8617776015835\" target=\"_blank\" rel=\"noopener\"><span style=\"color: #ff0000;\"><strong>WhatsApp : +86 17776015835<\/strong><\/span><\/a><\/h3>\n<p>&nbsp;<\/p>\n<h2><strong>Caract\u00e9ristiques du produit JNR Falcon X 18000<\/strong><\/h2>\n<div role=\"article\" data-tabster=\"{&quot;groupper&quot;:{&quot;tabbability&quot;:2},&quot;focusable&quot;:{}}\" data-content=\"ai-message\" aria-labelledby=\"juhNTJ6o7Gk1cgwZMJgv2-author juhNTJ6o7Gk1cgwZMJgv2-content\">\n<div id=\"juhNTJ6o7Gk1cgwZMJgv2-content\">\n<div role=\"article\" data-tabster=\"{&quot;groupper&quot;:{&quot;tabbability&quot;:2},&quot;focusable&quot;:{}}\" data-content=\"ai-message\" aria-labelledby=\"x4EZuCZWrTbh3weWUt7CU-author x4EZuCZWrTbh3weWUt7CU-content\">\n<div id=\"x4EZuCZWrTbh3weWUt7CU-content\">\n<table>\n<thead>\n<tr>\n<th>Fonction \/ Param\u00e8tre<\/th>\n<th align=\"right\">Spec<\/th>\n<th>Explication<\/th>\n<\/tr>\n<\/thead>\n<tbody>\n<tr>\n<td>Nom du produit<\/td>\n<td align=\"right\">JNR Falcon X 18000 Puffs Vape Jetable<\/td>\n<td>Nom clair pour les commandes r\u00e9p\u00e9t\u00e9es et la recherche.<\/td>\n<\/tr>\n<tr>\n<td>Capacit\u00e9 de bouff\u00e9es<\/td>\n<td align=\"right\">Jusqu'\u00e0 18 000 bouff\u00e9es<\/td>\n<td>Utilisation longue dur\u00e9e ; moins de changements d'appareil.<\/td>\n<\/tr>\n<tr>\n<td>Type de Bobine<\/td>\n<td align=\"right\">Doubles bobines maill\u00e9es<\/td>\n<td>Chauffage uniforme = vapeur plus douce, saveur plus stable, moins de hits br\u00fbl\u00e9s.<\/td>\n<\/tr>\n<tr>\n<td>Batterie<\/td>\n<td align=\"right\">950mAh rechargeable<\/td>\n<td>Assez puissant pour une utilisation \u00e0 haute fr\u00e9quence ; rechargez pour finir le r\u00e9servoir.<\/td>\n<\/tr>\n<tr>\n<td>Chargement<\/td>\n<td align=\"right\">Charge rapide USB Type-C<\/td>\n<td>Standard de c\u00e2ble commun ; temps d'arr\u00eat r\u00e9duit.<\/td>\n<\/tr>\n<tr>\n<td>Affichage<\/td>\n<td align=\"right\">\u00c9cran HD (batterie + e-liquide)<\/td>\n<td>Affiche la puissance restante et le liquide pour que vous gardiez le contr\u00f4le.<\/td>\n<\/tr>\n<tr>\n<td>Options de Nicotine<\/td>\n<td align=\"right\">Variantes \u00e0 faible nicotine<\/td>\n<td>Convient aux utilisateurs qui veulent une inhalation quotidienne plus l\u00e9g\u00e8re.<\/td>\n<\/tr>\n<tr>\n<td>Construction<\/td>\n<td align=\"right\">Corps compact et durable<\/td>\n<td>Facile \u00e0 transporter ; supporte une utilisation quotidienne en poche.<\/td>\n<\/tr>\n<tr>\n<td>Target Fit<\/td>\n<td align=\"right\">D\u00e9tail en vente au d\u00e9tail et en gros en France 2025<\/td>\n<td>Segment \u00e0 haute capacit\u00e9 avec une demande de ventes r\u00e9p\u00e9t\u00e9es.<\/td>\n<\/tr>\n<\/tbody>\n<\/table>\n<\/div>\n<\/div>\n<\/div>\n<\/div>\n<h2 class=\"product-title\"><strong>Liste des saveurs JNR Falcon X 18000<\/strong><\/h2>\n<p>1. Blue Razz Ice<br \/>\n2. Framboise Bleue<br \/>\n3. Menthe Fra\u00eeche<br \/>\n4. Kiwi Past\u00e8que Glac\u00e9e<br \/>\n5. Raisin Glac\u00e9<br \/>\n6. Fraise Kiwi<br \/>\n7. Fraise Past\u00e8que Glac\u00e9e<br \/>\n8. Past\u00e8que Glac\u00e9e<br \/>\n9. Glace \u00e0 la fraise<br \/>\n10. Fruits Rouges<br \/>\n11. Bubblegum Past\u00e8que<br \/>\n12. Glace Pomme Sure<br \/>\n13. Glace P\u00eache<br \/>\n14. Explosion de Baies<br \/>\n15. Cerise Framboise Myrtille<br \/>\n16. Cerise Baie<br \/>\n17. Fraise Banane<br \/>\n18. Myrtille Kiwi<br \/>\n19. Kiwi Fruit de la Passion<br \/>\n20. Framboise P\u00eache Blanche<br \/>\n21. Blue Razz Cherry<br \/>\n22. Cherry Watermelon Freeze<br \/>\n23. Cherry Cola<br \/>\n24. Banana Ice<br \/>\n25. Skittles<br \/>\n26. Triple Melon<br \/>\n27. Mr. Blue<br \/>\n28. Cherry Ice<br \/>\n29. Watermelon Lychee<\/p>\n<h3>Pourquoi choisir vapestornado pour la vente en gros de vapes JNR 18000 bouff\u00e9es\u00a0?<\/h3>\n<div class=\"flex-shrink-0 flex flex-col relative items-end\">\n<div class=\"pt-0\">\n<div class=\"gizmo-bot-avatar flex h-8 w-8 items-center justify-center overflow-hidden rounded-full\">\n<div class=\"relative p-1 rounded-sm flex items-center justify-center bg-token-main-surface-primary text-token-text-primary h-8 w-8\">\n<p>Bienvenue chez vapestornado, votre boutique de vape en ligne de confiance pour les vapes jetables de qualit\u00e9 sup\u00e9rieure. Avec plus de 5 ans d'expertise, nous vous proposons des marques populaires de vapes jetables telles que Fumot RandM Vape, <a href=\"https:\/\/vapestornado.com\/fr\/product\/vapme-crystal-7000-puffs-rechargeable-disposable-vape-wholesale-cheap-price\/\">Vapme<\/a>, Bang Vape, Waspe Vape et WGA Vape, etc.<\/p>\n<p>Notre gamme comprend des vapes tr\u00e8s demand\u00e9es comme le <a href=\"https:\/\/vapestornado.com\/fr\/product\/fumot-randm-tornado-15000-puffs-rechargeable-disposable-vape-wholesale\/\">RandM Tornade 15000<\/a>, et des choix riches en saveurs comme le <a href=\"https:\/\/vapestornado.com\/fr\/product\/waspe-40000-puffs-double-flavour-led-display-disposable-vape-wholesale\/\">WASPE Double Saveur 40000 Bouff\u00e9es<\/a> . Chaque produit est choisi en mettant l'accent sur la qualit\u00e9, la valeur et la vari\u00e9t\u00e9, afin de vous assurer de trouver la solution id\u00e9ale pour vos besoins. D\u00e9couvrez un service exceptionnel et une large gamme de produits de qualit\u00e9 sup\u00e9rieure \u00e0 prix de gros chez vapestornado.<\/p>\n<\/div>\n<h3><\/h3>\n<div class=\"relative p-1 rounded-sm flex items-center justify-center bg-token-main-surface-primary text-token-text-primary h-8 w-8\">\n<h3>FAQ pour la vape jetable JNR Falcon X 18k bouff\u00e9es<\/h3>\n<p data-start=\"2922\" data-end=\"3135\"><strong data-start=\"2922\" data-end=\"2995\">1. Ai-je besoin d'un chargeur sp\u00e9cial pour le jetable JNR Falcon X 18K ?<\/strong><br data-start=\"2995\" data-end=\"2998\" \/>Non. Le <strong data-start=\"3006\" data-end=\"3042\">Vape jetable JNR Falcon X 18K<\/strong> se recharge avec un <strong data-start=\"3065\" data-end=\"3079\">USB Type-C<\/strong>, donc tout c\u00e2ble Type-C normal et adaptateur s\u00e9curis\u00e9 fonctionneront.<\/p>\n<p data-start=\"3137\" data-end=\"3403\"><strong data-start=\"3137\" data-end=\"3216\">2. Combien de temps dure une vape JNR Falcon X 18000 Bouff\u00e9es pour un fumeur quotidien ?<\/strong><br data-start=\"3216\" data-end=\"3219\" \/>Cela d\u00e9pend de l'utilisation, mais la plupart des utilisateurs quotidiens b\u00e9n\u00e9ficient d'une autonomie bien plus longue qu'avec 5 000 \u00e0 10 000 appareils car le <strong data-start=\"3321\" data-end=\"3349\">JNR Falcon X 18000 Bouff\u00e9es<\/strong> associe une haute capacit\u00e9 de bouff\u00e9e \u00e0 une batterie rechargeable.<\/p>\n<p data-start=\"3405\" data-end=\"3635\"><strong data-start=\"3405\" data-end=\"3471\">3. Est-ce que le JNR Falcon X 18K \u00e9vite le go\u00fbt de br\u00fbl\u00e9 vers la fin ?<\/strong><br data-start=\"3471\" data-end=\"3474\" \/>L' <strong data-start=\"3478\" data-end=\"3497\">des bobines \u00e0 double maille<\/strong> dans le <strong data-start=\"3505\" data-end=\"3525\">JNR 18K Falcon X<\/strong> chauffe uniform\u00e9ment et est con\u00e7u pour r\u00e9duire les coups de br\u00fbl\u00e9 en fin de vie qui apparaissent souvent dans les dispositifs jetables \u00e0 haute capacit\u00e9.<\/p>\n<p data-start=\"3637\" data-end=\"3918\"><strong data-start=\"3637\" data-end=\"3714\">4. La version \u00e0 faible teneur en nicotine du JNR Falcon X 18000 est-elle adapt\u00e9e pour r\u00e9duire la consommation ?<\/strong><br data-start=\"3714\" data-end=\"3717\" \/>Oui. Le <strong data-start=\"3726\" data-end=\"3772\">vape jetable JNR Falcon X 18000 \u00e0 faible teneur en nicotine<\/strong> est souvent choisie par les utilisateurs qui souhaitent une inhalation quotidienne plus l\u00e9g\u00e8re tout en conservant un appareil durable afin de ne pas remplacer (ou utiliser) excessivement de plus petits mod\u00e8les.<\/p>\n<p data-start=\"3920\" data-end=\"4186\"><strong data-start=\"3920\" data-end=\"3989\">5. Puis-je emporter une vape jetable JNR Falcon X 18000 en avion ?<\/strong><br data-start=\"3989\" data-end=\"3992\" \/>La plupart des compagnies a\u00e9riennes autorisent uniquement les dispositifs jetables dans <strong data-start=\"4032\" data-end=\"4052\">bagage \u00e0 main<\/strong>, pas dans les bagages enregistr\u00e9s, en raison des r\u00e8gles sur la batterie. Gardez la <strong data-start=\"4103\" data-end=\"4141\">Vape jetable JNR Falcon X 18000<\/strong> scell\u00e9e et respectez les r\u00e9glementations de la compagnie a\u00e9rienne\/locales.<\/p>\n<\/div>\n<\/div>\n<\/div>\n<\/div>","protected":false},"excerpt":{"rendered":"<p>JNR Falcon X 18000 Puffs Vape Jetable en Gros<br \/>\nJNR Bar 18000 PUFFS Vape Jetable Cristal<br \/>\nJNR Falcon X 18000 Puffs Vape Jetable Num\u00e9rique<\/p>\n<p><strong>Ajoutez le WhatsApp d'Amy pour obtenir une bonne r\u00e9ponse et un coupon de vape !<\/strong><\/p>\n<p><img fetchpriority=\"high\" decoding=\"async\" class=\"size-full wp-image-2932\" src=\"https:\/\/vapestornado.com\/wp-content\/uploads\/2024\/12\/Vape-Wholesale.jpg\" alt=\"Vente en Gros de Vapes\" width=\"229\" height=\"300\" \/><\/p>\n<h3><a href=\"https:\/\/wa.me\/8617776015835\"><span style=\"color: #ff0000;\"><strong>WhatsApp : +86 17776015835<\/strong><\/span><\/a><\/h3>\n<p>&nbsp;<\/p>","protected":false},"featured_media":3089,"comment_status":"open","ping_status":"closed","template":"","meta":{"_acf_changed":false,"_uag_custom_page_level_css":"","_lmt_disableupdate":"no","_lmt_disable":"","_monsterinsights_skip_tracking":false,"_monsterinsights_sitenote_active":false,"_monsterinsights_sitenote_note":"","_monsterinsights_sitenote_category":0,"site-sidebar-layout":"default","site-content-layout":"","ast-site-content-layout":"default","site-content-style":"default","site-sidebar-style":"default","ast-global-header-display":"","ast-banner-title-visibility":"","ast-main-header-display":"","ast-hfb-above-header-display":"","ast-hfb-below-header-display":"","ast-hfb-mobile-header-display":"","site-post-title":"","ast-breadcrumbs-content":"","ast-featured-img":"","footer-sml-layout":"","ast-disable-related-posts":"","theme-transparent-header-meta":"default","adv-header-id-meta":"","stick-header-meta":"","header-above-stick-meta":"","header-main-stick-meta":"","header-below-stick-meta":"","astra-migrate-meta-layouts":"set","ast-page-background-enabled":"default","ast-page-background-meta":{"desktop":{"background-color":"","background-image":"","background-repeat":"repeat","background-position":"center center","background-size":"auto","background-attachment":"scroll","background-type":"","background-media":"","overlay-type":"","overlay-color":"","overlay-opacity":"","overlay-gradient":""},"tablet":{"background-color":"","background-image":"","background-repeat":"repeat","background-position":"center center","background-size":"auto","background-attachment":"scroll","background-type":"","background-media":"","overlay-type":"","overlay-color":"","overlay-opacity":"","overlay-gradient":""},"mobile":{"background-color":"","background-image":"","background-repeat":"repeat","background-position":"center center","background-size":"auto","background-attachment":"scroll","background-type":"","background-media":"","overlay-type":"","overlay-color":"","overlay-opacity":"","overlay-gradient":""}},"ast-content-background-meta":{"desktop":{"background-color":"var(--ast-global-color-5)","background-image":"","background-repeat":"repeat","background-position":"center center","background-size":"auto","background-attachment":"scroll","background-type":"","background-media":"","overlay-type":"","overlay-color":"","overlay-opacity":"","overlay-gradient":""},"tablet":{"background-color":"var(--ast-global-color-5)","background-image":"","background-repeat":"repeat","background-position":"center center","background-size":"auto","background-attachment":"scroll","background-type":"","background-media":"","overlay-type":"","overlay-color":"","overlay-opacity":"","overlay-gradient":""},"mobile":{"background-color":"var(--ast-global-color-5)","background-image":"","background-repeat":"repeat","background-position":"center center","background-size":"auto","background-attachment":"scroll","background-type":"","background-media":"","overlay-type":"","overlay-color":"","overlay-opacity":"","overlay-gradient":""}},"_joinchat":{"telephone":"+8617776015835"}},"product_brand":[],"product_cat":[70,151,141,76],"product_tag":[97,136,479,134,135,94],"class_list":{"0":"post-3101","1":"product","2":"type-product","3":"status-publish","4":"has-post-thumbnail","6":"product_cat-18000-puff","7":"product_cat-buy-disposable-vapes-in-france","8":"product_cat-crystal-disposable-vapes","9":"product_cat-jnr-vape","10":"product_tag-hot-sale-disposable-vape","11":"product_tag-jnr-18000","12":"product_tag-jnr-18k","13":"product_tag-jnr-falcon-x-18000","14":"product_tag-jnr-vape","15":"product_tag-rechargeable-disposable-vape","16":"desktop-align-left","17":"tablet-align-left","18":"mobile-align-left","20":"first","21":"instock","22":"sale","23":"shipping-taxable","24":"purchasable","25":"product-type-simple"},"acf":[],"uagb_featured_image_src":{"full":["https:\/\/vapestornado.com\/wp-content\/uploads\/2024\/12\/JNR-Falcon-X-18000-Digital-Disposable-Vape.jpg",1126,1130,false],"thumbnail":["https:\/\/vapestornado.com\/wp-content\/uploads\/2024\/12\/JNR-Falcon-X-18000-Digital-Disposable-Vape-150x150.jpg",150,150,true],"medium":["https:\/\/vapestornado.com\/wp-content\/uploads\/2024\/12\/JNR-Falcon-X-18000-Digital-Disposable-Vape-300x300.jpg",300,300,true],"medium_large":["https:\/\/vapestornado.com\/wp-content\/uploads\/2024\/12\/JNR-Falcon-X-18000-Digital-Disposable-Vape-768x771.jpg",768,771,true],"large":["https:\/\/vapestornado.com\/wp-content\/uploads\/2024\/12\/JNR-Falcon-X-18000-Digital-Disposable-Vape-1020x1024.jpg",1020,1024,true],"1536x1536":["https:\/\/vapestornado.com\/wp-content\/uploads\/2024\/12\/JNR-Falcon-X-18000-Digital-Disposable-Vape.jpg",1126,1130,false],"2048x2048":["https:\/\/vapestornado.com\/wp-content\/uploads\/2024\/12\/JNR-Falcon-X-18000-Digital-Disposable-Vape.jpg",1126,1130,false],"trp-custom-language-flag":["https:\/\/vapestornado.com\/wp-content\/uploads\/2024\/12\/JNR-Falcon-X-18000-Digital-Disposable-Vape.jpg",12,12,false],"woocommerce_thumbnail":["https:\/\/vapestornado.com\/wp-content\/uploads\/2024\/12\/JNR-Falcon-X-18000-Digital-Disposable-Vape-300x300.jpg",300,300,true],"woocommerce_single":["https:\/\/vapestornado.com\/wp-content\/uploads\/2024\/12\/JNR-Falcon-X-18000-Digital-Disposable-Vape-600x602.jpg",600,602,true],"woocommerce_gallery_thumbnail":["https:\/\/vapestornado.com\/wp-content\/uploads\/2024\/12\/JNR-Falcon-X-18000-Digital-Disposable-Vape-100x100.jpg",100,100,true]},"uagb_author_info":{"display_name":"ESAMY","author_link":"https:\/\/vapestornado.com\/fr\/author\/"},"uagb_comment_info":0,"uagb_excerpt":"JNR Falcon X 18000 Puffs Disposable Vape Wholesale JNR Bar 18000 PUFFS Crystal Disposable Vape JNR Falcon X 18000 Puffs Digital Disposable Vape Add Amy's whatsapp get right reply and vape vape coupon! WhatsApp: +86 17776015835 &nbsp;","_links":{"self":[{"href":"https:\/\/vapestornado.com\/fr\/wp-json\/wp\/v2\/product\/3101","targetHints":{"allow":["GET"]}}],"collection":[{"href":"https:\/\/vapestornado.com\/fr\/wp-json\/wp\/v2\/product"}],"about":[{"href":"https:\/\/vapestornado.com\/fr\/wp-json\/wp\/v2\/types\/product"}],"replies":[{"embeddable":true,"href":"https:\/\/vapestornado.com\/fr\/wp-json\/wp\/v2\/comments?post=3101"}],"wp:featuredmedia":[{"embeddable":true,"href":"https:\/\/vapestornado.com\/fr\/wp-json\/wp\/v2\/media\/3089"}],"wp:attachment":[{"href":"https:\/\/vapestornado.com\/fr\/wp-json\/wp\/v2\/media?parent=3101"}],"wp:term":[{"taxonomy":"product_brand","embeddable":true,"href":"https:\/\/vapestornado.com\/fr\/wp-json\/wp\/v2\/product_brand?post=3101"},{"taxonomy":"product_cat","embeddable":true,"href":"https:\/\/vapestornado.com\/fr\/wp-json\/wp\/v2\/product_cat?post=3101"},{"taxonomy":"product_tag","embeddable":true,"href":"https:\/\/vapestornado.com\/fr\/wp-json\/wp\/v2\/product_tag?post=3101"}],"curies":[{"name":"wp","href":"https:\/\/api.w.org\/{rel}","templated":true}]}}