{"id":3083,"date":"2024-12-11T09:26:24","date_gmt":"2024-12-11T09:26:24","guid":{"rendered":"https:\/\/vapestornado.com\/?post_type=product&#038;p=3083"},"modified":"2025-08-23T11:13:51","modified_gmt":"2025-08-23T11:13:51","slug":"randm-vape-tornado-7000-puffs-disposable-vape-bulk-buy-price-germany","status":"publish","type":"product","link":"https:\/\/vapestornado.com\/fr\/product\/randm-vape-tornado-7000-puffs-disposable-vape-bulk-buy-price-germany\/","title":{"rendered":"Acheter en gros RandM Vape Tornado 7000 Puffs Vape jetable Prix France"},"content":{"rendered":"<h1 class=\"product-title\">Acheter en gros RandM Vape Tornado 7000 Puffs Vape jetable Prix France<\/h1>\n<p data-start=\"178\" data-end=\"507\">L' <strong data-start=\"182\" data-end=\"220\">RandM Tornado 7000 Vape Jetable<\/strong> est un vendeur important sur le march\u00e9 allemand, combinant des performances fiables avec un large attrait gustatif \u00e0 un prix comp\u00e9titif <strong data-start=\"336\" data-end=\"354\">prix d'achat en gros<\/strong>. Avec jusqu'\u00e0 <strong data-start=\"367\" data-end=\"391\">7 000 bouff\u00e9es par unit\u00e9<\/strong>, ce mod\u00e8le offre aux d\u00e9taillants une option abordable mais durable pour les clients recherchant \u00e0 la fois saveur et commodit\u00e9.<span id=\"1\" class=\"notranslate immersive-translate-target-wrapper\" lang=\"zh-CN\" translate=\"no\" data-immersive-translate-loading-id=\"\">\u00a0 <\/span><\/p>\n<p data-start=\"509\" data-end=\"785\">\u00c9quip\u00e9 d'une <strong data-start=\"525\" data-end=\"557\">batterie rechargeable de 1000 mAh<\/strong> et de <strong data-start=\"562\" data-end=\"586\">Charge rapide Type-C<\/strong>, le RandM 7K assure une utilisation continue sans gaspillage d'e-liquide. Un <strong data-start=\"654\" data-end=\"683\">syst\u00e8me de flux d'air r\u00e9glable<\/strong> permet aux utilisateurs de basculer entre des tirages plus serr\u00e9s ou plus ouverts, ce qui le rend adapt\u00e9 \u00e0 diff\u00e9rentes pr\u00e9f\u00e9rences.<\/p>\n<p data-start=\"787\" data-end=\"1022\">Avec <strong data-start=\"792\" data-end=\"816\">56 vari\u00e9t\u00e9s de saveurs<\/strong> allant des profils fruit\u00e9s aux profils de desserts, cet appareil s'adresse \u00e0 diverses bases de clients allemands. Le <strong data-start=\"915\" data-end=\"938\">format \u00e0 faible nicotine<\/strong> (2% ou moins) en fait une option attrayante pour les vapoteurs recherchant des sessions plus douces.<\/p>\n<p data-start=\"1024\" data-end=\"1096\">Pour les distributeurs et les propri\u00e9taires de boutiques, le <strong data-start=\"1062\" data-end=\"1084\">RandM Tornado 7000<\/strong> fournit :<\/p>\n<ul data-start=\"1097\" data-end=\"1349\">\n<li data-start=\"1097\" data-end=\"1151\">\n<p data-start=\"1099\" data-end=\"1151\">Une capacit\u00e9 de bouff\u00e9e de milieu de gamme id\u00e9ale pour les ventes quotidiennes<\/p>\n<\/li>\n<li data-start=\"1152\" data-end=\"1200\">\n<p data-start=\"1154\" data-end=\"1200\">Large catalogue de saveurs pour les achats r\u00e9p\u00e9t\u00e9s<\/p>\n<\/li>\n<li data-start=\"1201\" data-end=\"1257\">\n<p data-start=\"1203\" data-end=\"1257\">Conception rechargeable, r\u00e9duisant les retours et les plaintes<\/p>\n<\/li>\n<li data-start=\"1258\" data-end=\"1349\">\n<p data-start=\"1260\" data-end=\"1349\"><strong data-start=\"1260\" data-end=\"1312\">Emballage en gros et prix de gros comp\u00e9titifs<\/strong> adapt\u00e9 aux march\u00e9s de l'UE et de l'Allemagne<\/p>\n<\/li>\n<\/ul>\n<p><strong>Ajoutez le Whatsapp d'Amy pour obtenir une r\u00e9ponse imm\u00e9diate et un coupon de vape !<\/strong><\/p>\n<p><img fetchpriority=\"high\" decoding=\"async\" class=\"size-full wp-image-2932\" src=\"https:\/\/vapestornado.com\/wp-content\/uploads\/2024\/12\/Vape-Wholesale.jpg\" alt=\"Vente en Gros de Vapes\" width=\"229\" height=\"300\" \/><\/p>\n<h3><a href=\"https:\/\/wa.me\/8617776015835\" target=\"_blank\" rel=\"noopener\"><span style=\"color: #ff0000;\"><strong>WhatsApp : +86 17776015835<\/strong><\/span><\/a><\/h3>\n<p>&nbsp;<\/p>\n<h2><strong>Caract\u00e9ristiques du produit RandM Tornado 7000<\/strong><\/h2>\n<p>Batterie int\u00e9gr\u00e9e de 1000 mAh<br \/>\nBatterie rechargeable<br \/>\n7000 bouff\u00e9es par appareil<br \/>\nContr\u00f4le du d\u00e9bit d'air<br \/>\n56 saveurs disponibles<br \/>\nRecharg\u00e9 par Type-C<\/p>\n<h2 class=\"product-title\"><strong>Liste des saveurs RandM Tornado 7000<\/strong><\/h2>\n<p>1 Menthe fra\u00eeche<br \/>\n2 Glace luxuriante<br \/>\n3 Tangerine glac\u00e9e<br \/>\n4 Beignet \u00e0 la fraise<br \/>\n5 Oursons en G\u00e9latine<br \/>\n6 Myrtille Glac\u00e9e<br \/>\n7 Mangue Glac\u00e9e<br \/>\n8 P\u00eache Glac\u00e9e<br \/>\n9 Banane Glac\u00e9e<br \/>\n10 Raisin Glac\u00e9<br \/>\n11 Limonade Rose<br \/>\n12 Rhum Pina Colada<br \/>\n13 Fruits Rouges M\u00e9lang\u00e9s<br \/>\n14 Milkshake \u00e0 la Banane<br \/>\n15 Fraise Past\u00e8que<br \/>\n16 Pomme Rouge Citron<br \/>\n17 Ananas Glac\u00e9<br \/>\n18 Barbe \u00e0 Papa<br \/>\n19 Fraise Banane<br \/>\n20 Fraise Glac\u00e9e<br \/>\n21 Fraise Kiwi<br \/>\n22. Red Energy Ice<br \/>\n23. Blue Razz Limonade<br \/>\n24. Red Appleice<br \/>\n25. Limonade aux Baies<br \/>\n26. Chewing-gum Myrtille<br \/>\n27. Framboise Bleue Acidul\u00e9e<br \/>\n28. Dr Blue<br \/>\n29. Pomme P\u00eache Poire<br \/>\n30. Myrtille Grenade<br \/>\n31. Vimto<br \/>\n32. Kiwi Fruit de la Passion Goyave<br \/>\n33. Colaice<br \/>\n34. Pomme Acide<br \/>\n35. Cassis Menthol<br \/>\n36. Sang de Tigre<br \/>\n37. Bonbon P\u00eache Myrtille<br \/>\n38. P\u00eache Mangue<br \/>\n39. Fraise Red Bull<br \/>\n40. Cassis Glac\u00e9<br \/>\n41. Limonade Fraise Past\u00e8que<br \/>\n42. Cerise<br \/>\n43. Framboise Bleue Cerise<br \/>\n44. Skittles<br \/>\n45. Myrtille Framboise<br \/>\n46. Fraise Raisin<br \/>\n47. Myrtille Cerise Canneberge<br \/>\n48. Explosion de Pomme et de Baies<br \/>\n49. Cola Cerise<br \/>\n50. Citron<br \/>\n51. Rafale Rose<br \/>\n52. Refroidisseur Pacifique<br \/>\n53. B\u00e2tonnet Glac\u00e9<br \/>\n54. Bingo Crush<\/p>\n<h2>Pourquoi choisir vapestornado pour la vente en gros de vapes Fumot RandM 7k ?<\/h2>\n<div class=\"flex-shrink-0 flex flex-col relative items-end\">\n<div class=\"pt-0\">\n<div class=\"gizmo-bot-avatar flex h-8 w-8 items-center justify-center overflow-hidden rounded-full\">\n<div class=\"relative p-1 rounded-sm flex items-center justify-center bg-token-main-surface-primary text-token-text-primary h-8 w-8\">\n<p>Bienvenue chez vapestornado, votre boutique de vape en ligne de confiance pour les vapes jetables de qualit\u00e9 sup\u00e9rieure. Avec plus de 5 ans d'expertise, nous vous proposons des marques populaires de vapes jetables telles que Fumot RandM Vape, <a href=\"https:\/\/vapestornado.com\/fr\/product\/vapme-crystal-7000-puffs-rechargeable-disposable-vape-wholesale-cheap-price\/\">Vapme<\/a>, Bang Vape, Waspe Vape et WGA Vape, etc.<\/p>\n<p>Notre gamme comprend des vapes tr\u00e8s demand\u00e9es comme le <a href=\"https:\/\/vapestornado.com\/fr\/product\/fumot-randm-tornado-15000-puffs-rechargeable-disposable-vape-wholesale\/\">RandM Tornade 15000<\/a>, et des choix riches en saveurs comme le <a href=\"https:\/\/vapestornado.com\/fr\/product\/waspe-40000-puffs-double-flavour-led-display-disposable-vape-wholesale\/\">WASPE Double Saveur 40000 Bouff\u00e9es<\/a> . Chaque produit est choisi en mettant l'accent sur la qualit\u00e9, la valeur et la vari\u00e9t\u00e9, afin de vous assurer de trouver la solution id\u00e9ale pour vos besoins. D\u00e9couvrez un service exceptionnel et une large gamme de produits de qualit\u00e9 sup\u00e9rieure \u00e0 prix de gros chez vapestornado.<\/p>\n<\/div>\n<h3><\/h3>\n<div class=\"relative p-1 rounded-sm flex items-center justify-center bg-token-main-surface-primary text-token-text-primary h-8 w-8\">\n<h2>FAQ pour la vape jetable RandM 7000 Music<\/h2>\n<\/div>\n<\/div>\n<\/div>\n<\/div>\n<div class=\"flex-shrink-0 flex flex-col relative items-end\">\n<div class=\"pt-0\">\n<div class=\"gizmo-bot-avatar flex h-8 w-8 items-center justify-center overflow-hidden rounded-full\">\n<div class=\"relative p-1 rounded-sm flex items-center justify-center bg-token-main-surface-primary text-token-text-primary h-8 w-8\">\n<div class=\"mb-2 flex gap-3 empty:hidden -ml-2\">\n<h3><\/h3>\n<ol>\n<li><strong>Combien de bouff\u00e9es le RandM 7000 offre-t-il ?<\/strong><br \/>\nLe RandM 7000 offre un nombre impressionnant de 7 000 bouff\u00e9es par appareil, assurant une utilisation durable pour chaque session de vape.<\/li>\n<li><strong>Le RandM 7000 peut-il \u00eatre recharg\u00e9 ?<\/strong><br \/>\nOui, l'appareil est \u00e9quip\u00e9 d'une batterie rechargeable de 1000mAh et prend en charge la charge rapide de Type-C pour plus de commodit\u00e9.<\/li>\n<li><strong>Combien de saveurs sont disponibles pour le Fumot Tornado 7000 ?<\/strong><br \/>\nLe Fumot Tornado 7000 est livr\u00e9 avec 56 saveurs diff\u00e9rentes, offrant une grande vari\u00e9t\u00e9 pour satisfaire diverses pr\u00e9f\u00e9rences.<\/li>\n<li><strong>Le RandM Tornado 7k convient-il aux utilisateurs \u00e0 faible nicotine ?<\/strong><br \/>\nOui, le RandM Tornado 7k est un <strong>vape jetable \u00e0 faible teneur en nicotine<\/strong>, ce qui en fait une excellente option pour ceux qui pr\u00e9f\u00e8rent une exp\u00e9rience de vapotage plus douce et plus l\u00e9g\u00e8re.<\/li>\n<li><strong>Puis-je acheter le RandM Tornado 7000 en gros \u00e0 des prix de gros ?<\/strong><br \/>\nAbsolument ! Le RandM Tornado 7000 est disponible pour <strong>vente en gros de vape<\/strong>, offrant des prix de gros comp\u00e9titifs pour les d\u00e9taillants en France et au-del\u00e0.<\/li>\n<\/ol>\n<p>&nbsp;<\/p>\n<\/div>\n<\/div>\n<\/div>\n<\/div>\n<\/div>\n<div class=\"group\/conversation-turn relative flex w-full min-w-0 flex-col agent-turn\">\n<div class=\"flex-col gap-1 md:gap-3\">\n<div class=\"flex max-w-full flex-col flex-grow\">\n<div class=\"min-h-8 text-message flex w-full flex-col items-end gap-2 whitespace-normal break-words [.text-message+&amp;]:mt-5\" dir=\"auto\" data-message-author-role=\"assistant\" data-message-id=\"db716a1c-9ed0-4b8d-b3b0-7bdb913c3d42\" data-message-model-slug=\"gpt-4o\">\n<div class=\"flex w-full flex-col gap-1 empty:hidden first:pt-[3px]\">\n<div class=\"markdown prose w-full break-words dark:prose-invert light\">\n<p>&nbsp;<\/p>\n<\/div>\n<\/div>\n<\/div>\n<\/div>\n<\/div>\n<\/div>","protected":false},"excerpt":{"rendered":"<p>L' <strong data-start=\"1398\" data-end=\"1426\">RandM Tornado 7000 Bouff\u00e9es<\/strong> offre 56 saveurs, une batterie rechargeable de 1000mAh et un flux d'air r\u00e9glable. Une vape jetable de capacit\u00e9 moyenne con\u00e7ue pour les <strong data-start=\"1545\" data-end=\"1578\">acheteurs en gros en Allemagne<\/strong> \u00e0 des prix comp\u00e9titifs.<\/p>\n<p><strong>Ajoutez le WhatsApp d'Amy pour obtenir une bonne r\u00e9ponse et un coupon de vape !<\/strong><\/p>\n<p><img fetchpriority=\"high\" decoding=\"async\" class=\"size-full wp-image-2932\" src=\"https:\/\/vapestornado.com\/wp-content\/uploads\/2024\/12\/Vape-Wholesale.jpg\" alt=\"Vente en Gros de Vapes\" width=\"229\" height=\"300\" \/><\/p>\n<h3><a href=\"https:\/\/wa.me\/8617776015835\"><span style=\"color: #ff0000;\"><strong>WhatsApp : +86 17776015835<\/strong><\/span><\/a><\/h3>\n<p>&nbsp;<\/p>","protected":false},"featured_media":3080,"comment_status":"open","ping_status":"closed","template":"","meta":{"_acf_changed":false,"_uag_custom_page_level_css":"","_lmt_disableupdate":"no","_lmt_disable":"","_monsterinsights_skip_tracking":false,"_monsterinsights_sitenote_active":false,"_monsterinsights_sitenote_note":"","_monsterinsights_sitenote_category":0,"site-sidebar-layout":"default","site-content-layout":"","ast-site-content-layout":"default","site-content-style":"default","site-sidebar-style":"default","ast-global-header-display":"","ast-banner-title-visibility":"","ast-main-header-display":"","ast-hfb-above-header-display":"","ast-hfb-below-header-display":"","ast-hfb-mobile-header-display":"","site-post-title":"","ast-breadcrumbs-content":"","ast-featured-img":"","footer-sml-layout":"","ast-disable-related-posts":"","theme-transparent-header-meta":"default","adv-header-id-meta":"","stick-header-meta":"","header-above-stick-meta":"","header-main-stick-meta":"","header-below-stick-meta":"","astra-migrate-meta-layouts":"set","ast-page-background-enabled":"default","ast-page-background-meta":{"desktop":{"background-color":"","background-image":"","background-repeat":"repeat","background-position":"center center","background-size":"auto","background-attachment":"scroll","background-type":"","background-media":"","overlay-type":"","overlay-color":"","overlay-opacity":"","overlay-gradient":""},"tablet":{"background-color":"","background-image":"","background-repeat":"repeat","background-position":"center center","background-size":"auto","background-attachment":"scroll","background-type":"","background-media":"","overlay-type":"","overlay-color":"","overlay-opacity":"","overlay-gradient":""},"mobile":{"background-color":"","background-image":"","background-repeat":"repeat","background-position":"center center","background-size":"auto","background-attachment":"scroll","background-type":"","background-media":"","overlay-type":"","overlay-color":"","overlay-opacity":"","overlay-gradient":""}},"ast-content-background-meta":{"desktop":{"background-color":"var(--ast-global-color-5)","background-image":"","background-repeat":"repeat","background-position":"center center","background-size":"auto","background-attachment":"scroll","background-type":"","background-media":"","overlay-type":"","overlay-color":"","overlay-opacity":"","overlay-gradient":""},"tablet":{"background-color":"var(--ast-global-color-5)","background-image":"","background-repeat":"repeat","background-position":"center center","background-size":"auto","background-attachment":"scroll","background-type":"","background-media":"","overlay-type":"","overlay-color":"","overlay-opacity":"","overlay-gradient":""},"mobile":{"background-color":"var(--ast-global-color-5)","background-image":"","background-repeat":"repeat","background-position":"center center","background-size":"auto","background-attachment":"scroll","background-type":"","background-media":"","overlay-type":"","overlay-color":"","overlay-opacity":"","overlay-gradient":""}},"_joinchat":{"telephone":"+8617776015835"}},"product_brand":[],"product_cat":[74,151,152,143,58,144,148],"product_tag":[83,128,127,129,78,114,93],"class_list":{"0":"post-3083","1":"product","2":"type-product","3":"status-publish","4":"has-post-thumbnail","6":"product_cat-7000-puff","7":"product_cat-buy-disposable-vapes-in-france","8":"product_cat-buy-disposable-vapes-in-cermany","9":"product_cat-dual-mesh-disposable-vapes","10":"product_cat-fumot-vape","11":"product_cat-low-nicotine-disposable-vapes","12":"product_cat-tornado-disposable-vapes","13":"product_tag-fumot-vape","14":"product_tag-randm-7000","15":"product_tag-randm-tornado-7000","16":"product_tag-randm-tornado-7000-germany","17":"product_tag-randm-vape","18":"product_tag-tornado-vape","19":"product_tag-vape-wholesale","20":"desktop-align-left","21":"tablet-align-left","22":"mobile-align-left","24":"first","25":"instock","26":"sale","27":"shipping-taxable","28":"purchasable","29":"product-type-simple"},"acf":[],"uagb_featured_image_src":{"full":["https:\/\/vapestornado.com\/wp-content\/uploads\/2024\/12\/RandM-Tornado-7000-Puffs-Disposable-Vape.jpg",1126,1126,false],"thumbnail":["https:\/\/vapestornado.com\/wp-content\/uploads\/2024\/12\/RandM-Tornado-7000-Puffs-Disposable-Vape-150x150.jpg",150,150,true],"medium":["https:\/\/vapestornado.com\/wp-content\/uploads\/2024\/12\/RandM-Tornado-7000-Puffs-Disposable-Vape-300x300.jpg",300,300,true],"medium_large":["https:\/\/vapestornado.com\/wp-content\/uploads\/2024\/12\/RandM-Tornado-7000-Puffs-Disposable-Vape-768x768.jpg",768,768,true],"large":["https:\/\/vapestornado.com\/wp-content\/uploads\/2024\/12\/RandM-Tornado-7000-Puffs-Disposable-Vape-1024x1024.jpg",1024,1024,true],"1536x1536":["https:\/\/vapestornado.com\/wp-content\/uploads\/2024\/12\/RandM-Tornado-7000-Puffs-Disposable-Vape.jpg",1126,1126,false],"2048x2048":["https:\/\/vapestornado.com\/wp-content\/uploads\/2024\/12\/RandM-Tornado-7000-Puffs-Disposable-Vape.jpg",1126,1126,false],"trp-custom-language-flag":["https:\/\/vapestornado.com\/wp-content\/uploads\/2024\/12\/RandM-Tornado-7000-Puffs-Disposable-Vape.jpg",12,12,false],"woocommerce_thumbnail":["https:\/\/vapestornado.com\/wp-content\/uploads\/2024\/12\/RandM-Tornado-7000-Puffs-Disposable-Vape-300x300.jpg",300,300,true],"woocommerce_single":["https:\/\/vapestornado.com\/wp-content\/uploads\/2024\/12\/RandM-Tornado-7000-Puffs-Disposable-Vape-600x600.jpg",600,600,true],"woocommerce_gallery_thumbnail":["https:\/\/vapestornado.com\/wp-content\/uploads\/2024\/12\/RandM-Tornado-7000-Puffs-Disposable-Vape-100x100.jpg",100,100,true]},"uagb_author_info":{"display_name":"ESAMY","author_link":"https:\/\/vapestornado.com\/fr\/author\/"},"uagb_comment_info":0,"uagb_excerpt":"The RandM Tornado 7000 Puffs offers 56 flavours, 1000mAh rechargeable battery, and adjustable airflow. A mid-capacity disposable vape designed for Germany wholesale bulk buyers at competitive prices. Add Amy's whatsapp get right reply and vape vape coupon! WhatsApp: +86 17776015835 &nbsp;","_links":{"self":[{"href":"https:\/\/vapestornado.com\/fr\/wp-json\/wp\/v2\/product\/3083","targetHints":{"allow":["GET"]}}],"collection":[{"href":"https:\/\/vapestornado.com\/fr\/wp-json\/wp\/v2\/product"}],"about":[{"href":"https:\/\/vapestornado.com\/fr\/wp-json\/wp\/v2\/types\/product"}],"replies":[{"embeddable":true,"href":"https:\/\/vapestornado.com\/fr\/wp-json\/wp\/v2\/comments?post=3083"}],"wp:featuredmedia":[{"embeddable":true,"href":"https:\/\/vapestornado.com\/fr\/wp-json\/wp\/v2\/media\/3080"}],"wp:attachment":[{"href":"https:\/\/vapestornado.com\/fr\/wp-json\/wp\/v2\/media?parent=3083"}],"wp:term":[{"taxonomy":"product_brand","embeddable":true,"href":"https:\/\/vapestornado.com\/fr\/wp-json\/wp\/v2\/product_brand?post=3083"},{"taxonomy":"product_cat","embeddable":true,"href":"https:\/\/vapestornado.com\/fr\/wp-json\/wp\/v2\/product_cat?post=3083"},{"taxonomy":"product_tag","embeddable":true,"href":"https:\/\/vapestornado.com\/fr\/wp-json\/wp\/v2\/product_tag?post=3083"}],"curies":[{"name":"wp","href":"https:\/\/api.w.org\/{rel}","templated":true}]}}