{"id":3076,"date":"2024-12-11T08:15:21","date_gmt":"2024-12-11T08:15:21","guid":{"rendered":"https:\/\/vapestornado.com\/?post_type=product&#038;p=3076"},"modified":"2025-12-09T09:39:23","modified_gmt":"2025-12-09T09:39:23","slug":"randm-tornado-30000-puffs-music-rechargeable-disposable-vape-pen-wholesale","status":"publish","type":"product","link":"https:\/\/vapestornado.com\/fr\/product\/randm-tornado-30000-puffs-music-rechargeable-disposable-vape-pen-wholesale\/","title":{"rendered":"RandM Tornado 30000 Bouff\u00e9es Music Vape Jetable Rechargeable Stylo Vente en Gros"},"content":{"rendered":"<h1 class=\"product-title\">RandM Tornado 30000 Bouff\u00e9es Music Vape Jetable Rechargeable Stylo Vente en Gros<\/h1>\n<p data-start=\"1141\" data-end=\"1425\">Fumot RandM Tornado 30000 Bouff\u00e9es est un vape jetable rechargeable de 30 000 bouff\u00e9es avec une coil en mesh de 1.0\u03a9 et un \u00e9clairage LED synchronis\u00e9 avec la musique, con\u00e7u pour de longues sessions, une saveur stable et un style remarquable.<\/p>\n<p data-start=\"915\" data-end=\"1120\"><strong data-start=\"915\" data-end=\"946\">Longue dur\u00e9e de vie sans encombrement.<\/strong> L' <strong data-start=\"951\" data-end=\"1000\">Stylo vape jetable RandM Tornado 30000 Bouff\u00e9es<\/strong> vise les utilisateurs r\u00e9guliers qui veulent un appareil qui dure des semaines, pas des jours, tout en restant facile \u00e0 transporter pour les routines quotidiennes.<\/p>\n<p data-start=\"1124\" data-end=\"1346\"><strong data-start=\"1124\" data-end=\"1172\">Stabilit\u00e9 de la coil en mesh sur un grand nombre de bouff\u00e9es.<\/strong> Ce FUMOT<strong data-start=\"1177\" data-end=\"1232\">\u00a0Jetable rechargeable \u00e0 coil en mesh 30K<\/strong> utilise un <strong data-start=\"1240\" data-end=\"1258\">Bobine Mesh 1.0\u03a9<\/strong> pour offrir des inhalations fluides, une vapeur dense, et une d\u00e9coloration de la saveur plus lente jusqu'\u00e0 la gamme de 30K.<\/p>\n<p data-start=\"1350\" data-end=\"1534\"><strong data-start=\"1350\" data-end=\"1397\">Alimentation Type-C qui \u00e9vite le gaspillage de e-liquide.<\/strong> Avec un <strong data-start=\"1405\" data-end=\"1455\">Tornado Vape 30k rechargeable de 650mAh avec Type-C<\/strong>, vous le remplissez quand n\u00e9cessaire et continuez \u00e0 vapoter jusqu'\u00e0 ce que l'appareil soit r\u00e9ellement termin\u00e9.<\/p>\n<p data-start=\"1538\" data-end=\"1781\"><strong data-start=\"1538\" data-end=\"1577\">LED synchronis\u00e9e avec la musique pour les environnements sociaux.<\/strong> Fumot <strong data-start=\"1582\" data-end=\"1616\">Tornade Vape<\/strong> pulse des lumi\u00e8res en fonction de votre playlist, une fonctionnalit\u00e9 qui se vend fortement en <strong data-start=\"1682\" data-end=\"1736\">France, Allemagne, Pologne, Espagne, Italie, et Pays-Bas<\/strong>, notamment dans la vie nocturne et les sc\u00e8nes du week-end.<\/p>\n<p data-start=\"1785\" data-end=\"1987\"><strong data-start=\"1785\" data-end=\"1820\">Rotation large de saveurs int\u00e9gr\u00e9e.<\/strong> Vingt saveurs couvrant les profils fruit\u00e9s, glac\u00e9s et classiques, ainsi que <strong data-start=\"1884\" data-end=\"1922\">le disposable RandM 30K<\/strong> reste int\u00e9ressant lors d'une utilisation prolong\u00e9e sans n\u00e9cessiter un deuxi\u00e8me appareil.<\/p>\n<p><strong>Ajoutez le Whatsapp d'Amy pour obtenir une r\u00e9ponse imm\u00e9diate et un coupon de vape !<\/strong><\/p>\n<p><img fetchpriority=\"high\" decoding=\"async\" class=\"size-full wp-image-2932\" src=\"https:\/\/vapestornado.com\/wp-content\/uploads\/2024\/12\/Vape-Wholesale.jpg\" alt=\"Vente en Gros de Vapes\" width=\"229\" height=\"300\" \/><\/p>\n<h3><a href=\"https:\/\/wa.me\/8617776015835\" target=\"_blank\" rel=\"noopener\"><span style=\"color: #ff0000;\"><strong>WhatsApp : +86 17776015835<\/strong><\/span><\/a><\/h3>\n<p>&nbsp;<\/p>\n<h2><strong>Caract\u00e9ristiques du produit RandM Tornado 30000<\/strong><\/h2>\n<table>\n<thead>\n<tr>\n<th>Fonctionnalit\u00e9<\/th>\n<th>Spec<\/th>\n<th>D\u00e9tails<\/th>\n<\/tr>\n<\/thead>\n<tbody>\n<tr>\n<td>Nom du produit<\/td>\n<td>Vape musicale RandM Tornado 30000 bouff\u00e9es<\/td>\n<td>Jetable rechargeable \u00e0 haute capacit\u00e9 avec fonctionnalit\u00e9s lumineuses.<\/td>\n<\/tr>\n<tr>\n<td>Capacit\u00e9 de bouff\u00e9es<\/td>\n<td>Jusqu'\u00e0 30 000 bouff\u00e9es<\/td>\n<td>Con\u00e7u pour une utilisation quotidienne prolong\u00e9e avec moins de remplacements.<\/td>\n<\/tr>\n<tr>\n<td>Type de Bobine<\/td>\n<td>Bobine Mesh 1.0\u03a9<\/td>\n<td>Chauffage uniforme pour une vapeur lisse et une saveur constante.<\/td>\n<\/tr>\n<tr>\n<td>Batterie<\/td>\n<td>Batterie rechargeable de 650 mAh<\/td>\n<td>Sortie fiable ; rechargez pour utiliser toute la dur\u00e9e de vie de l'appareil.<\/td>\n<\/tr>\n<tr>\n<td>Chargement<\/td>\n<td>charge rapide Type-C<\/td>\n<td>Recharges rapides avec des c\u00e2bles modernes conformes aux normes europ\u00e9ennes.<\/td>\n<\/tr>\n<tr>\n<td>Fonction d'\u00c9clairage<\/td>\n<td>Syst\u00e8me LED synchronis\u00e9 avec la musique<\/td>\n<td>Les LEDs pulsent au rythme de la musique pour un effet visuel interactif.<\/td>\n<\/tr>\n<tr>\n<td>Gamme de saveurs<\/td>\n<td>30 saveurs<\/td>\n<td>Large s\u00e9lection pour une rotation \u00e0 long terme.<\/td>\n<\/tr>\n<tr>\n<td>Style de nicotine<\/td>\n<td>Option \u00e0 faible nicotine support\u00e9e<\/td>\n<td>Convient aux utilisateurs qui pr\u00e9f\u00e8rent une sensation plus douce.<\/td>\n<\/tr>\n<tr>\n<td>Positionnement<\/td>\n<td>Mod\u00e8le de vente au d\u00e9tail et en gros \u00e0 rotation \u00e9lev\u00e9e<\/td>\n<td>Design \u00e0 impact visuel plus longue dur\u00e9e de vie.<\/td>\n<\/tr>\n<\/tbody>\n<\/table>\n<h2 class=\"product-title\"><strong>Liste des saveurs RandM Tornado 30000<\/strong><\/h2>\n<p>1. Glace \u00e0 la banane<br \/>\n2. Glace noire<br \/>\n3. Glace \u00e0 la framboise bleue<br \/>\n4. Myrtille sur glace<br \/>\n5. Myrtille framboise<br \/>\n6. Myrtille framboise sure<br \/>\n7. Glace \u00e0 la cerise<br \/>\n8. Cerise cola<br \/>\n9. Cola glac\u00e9<br \/>\n10. Menthe fra\u00eeche<br \/>\n11. Pomme double<br \/>\n12. Dr Bleu<br \/>\n13. Raisin glac\u00e9<br \/>\n14. Sucette glac\u00e9e<br \/>\n15. Kiwi Fruit de la Passion Goyave<br \/>\n16. Amour 66<br \/>\n17. Glace luxuriante<br \/>\n18. Baies m\u00e9lang\u00e9es<br \/>\n19. P\u00eache Baie<br \/>\n20. Glace \u00e0 la p\u00eache<br \/>\n21. Ananas Mangue P\u00eache<br \/>\n22. Glace \u00e0 l'ananas<br \/>\n23. Limonade rose<br \/>\n24. Drag\u00e9es<br \/>\n25. Fraise Banane<br \/>\n26. Fraise Raisin<br \/>\n27. Glace \u00e0 la fraise<br \/>\n28. Fraise Past\u00e8que<br \/>\n29. Triple Mangue<br \/>\nVimto<\/p>\n<h2>Pourquoi choisir vapestornado pour la vente en gros de vapes Fumot 30k ?<\/h2>\n<div class=\"flex-shrink-0 flex flex-col relative items-end\">\n<div class=\"pt-0\">\n<div class=\"gizmo-bot-avatar flex h-8 w-8 items-center justify-center overflow-hidden rounded-full\">\n<div class=\"relative p-1 rounded-sm flex items-center justify-center bg-token-main-surface-primary text-token-text-primary h-8 w-8\">\n<p>Bienvenue chez vapestornado, votre boutique de vape en ligne de confiance pour les vapes jetables de qualit\u00e9 sup\u00e9rieure. Avec plus de 5 ans d'expertise, nous vous proposons des marques populaires de vapes jetables telles que Fumot RandM Vape, <a href=\"https:\/\/vapestornado.com\/fr\/product\/vapme-crystal-7000-puffs-rechargeable-disposable-vape-wholesale-cheap-price\/\">Vapme<\/a>, Bang Vape, Waspe Vape et WGA Vape, etc.<\/p>\n<p>Notre gamme comprend des vapes tr\u00e8s demand\u00e9es comme le <a href=\"https:\/\/vapestornado.com\/fr\/product\/fumot-randm-tornado-15000-puffs-rechargeable-disposable-vape-wholesale\/\">RandM Tornade 15000<\/a>, et des choix riches en saveurs comme le <a href=\"https:\/\/vapestornado.com\/fr\/product\/waspe-40000-puffs-double-flavour-led-display-disposable-vape-wholesale\/\">WASPE Double Saveur 40000 Bouff\u00e9es<\/a> . Chaque produit est choisi en mettant l'accent sur la qualit\u00e9, la valeur et la vari\u00e9t\u00e9, afin de vous assurer de trouver la solution id\u00e9ale pour vos besoins. D\u00e9couvrez un service exceptionnel et une large gamme de produits de qualit\u00e9 sup\u00e9rieure \u00e0 prix de gros chez vapestornado.<\/p>\n<\/div>\n<h3><\/h3>\n<div class=\"relative p-1 rounded-sm flex items-center justify-center bg-token-main-surface-primary text-token-text-primary h-8 w-8\">\n<h2>FAQ pour la vape jetable RandM 30k Music<\/h2>\n<\/div>\n<\/div>\n<\/div>\n<\/div>\n<div class=\"flex-shrink-0 flex flex-col relative items-end\">\n<div class=\"pt-0\">\n<div class=\"gizmo-bot-avatar flex h-8 w-8 items-center justify-center overflow-hidden rounded-full\">\n<div class=\"relative p-1 rounded-sm flex items-center justify-center bg-token-main-surface-primary text-token-text-primary h-8 w-8\">\n<div class=\"mb-2 flex gap-3 empty:hidden -ml-2\">\n<h2 data-start=\"2910\" data-end=\"2929\"><\/h2>\n<ol data-start=\"2931\" data-end=\"4128\">\n<li data-start=\"2931\" data-end=\"3167\">\n<p data-start=\"2934\" data-end=\"3167\"><strong data-start=\"2934\" data-end=\"3034\">Comment le dispositif jetable \u00e0 coil mesh RandM Tornado 30000 bouff\u00e9es conserve-t-il la stabilit\u00e9 de la saveur lors d'une utilisation prolong\u00e9e ?<\/strong><br data-start=\"3034\" data-end=\"3037\" \/>L' <strong data-start=\"3041\" data-end=\"3059\">Bobine Mesh 1.0\u03a9<\/strong> diffuse la chaleur uniform\u00e9ment, aidant la vapeur \u00e0 rester douce et la saveur \u00e0 perdurer plus profond\u00e9ment dans la dur\u00e9e de vie de l'appareil.<\/p>\n<\/li>\n<li data-start=\"3169\" data-end=\"3415\">\n<p data-start=\"3172\" data-end=\"3415\"><strong data-start=\"3172\" data-end=\"3281\">Qu'est-ce qui diff\u00e9rencie le vape rechargeable jetable RandM Tornado 30K Music d'un appareil standard de 30K ?<\/strong><br data-start=\"3281\" data-end=\"3284\" \/>L' <strong data-start=\"3288\" data-end=\"3315\">\u00e9clairage LED synchronis\u00e9 avec la musique<\/strong> r\u00e9agit \u00e0 votre playlist, offrant un effet rythmique visuel qui s'adapte aux environnements sociaux et nocturnes.<\/p>\n<\/li>\n<li data-start=\"3417\" data-end=\"3661\">\n<p data-start=\"3420\" data-end=\"3661\"><strong data-start=\"3420\" data-end=\"3533\">Le vapoteur rechargeable Fumot Tornado 30000 Type-C termine-t-il sa capacit\u00e9 de bouff\u00e9e compl\u00e8te sans baisse de batterie ?<\/strong><br data-start=\"3533\" data-end=\"3536\" \/>La rechargeable r\u00e9sout le probl\u00e8me de la batterie pr\u00e9coce. Lorsque l'\u00e9nergie est faible, une recharge Type-C la maintient en marche jusqu'\u00e0 ce que les bouff\u00e9es soient termin\u00e9es.<\/p>\n<\/li>\n<li data-start=\"3663\" data-end=\"3885\">\n<p data-start=\"3666\" data-end=\"3885\"><strong data-start=\"3666\" data-end=\"3768\">Le vapoteur jetable Fumot 30K LED est-il adapt\u00e9 pour une utilisation quotidienne ainsi que pour les sorties nocturnes ?<\/strong><br data-start=\"3768\" data-end=\"3771\" \/>Oui. Il reste portable pour une utilisation quotidienne, tandis que la fonction LED ajoute du charme dans les bars, clubs et lors des weekends.<\/p>\n<\/li>\n<li data-start=\"3887\" data-end=\"4128\">\n<p data-start=\"3890\" data-end=\"4128\"><strong data-start=\"3890\" data-end=\"3982\">Comment les 30 saveurs du RandM Tornado 30000 Puffs Music Vape aident-elles les utilisateurs \u00e0 long terme ?<\/strong><br data-start=\"3982\" data-end=\"3985\" \/>Une large gamme de saveurs rend les appareils \u00e0 longue utilisation plus agr\u00e9ables, permettant aux utilisateurs de faire tourner les profils au lieu de rester bloqu\u00e9s sur un seul go\u00fbt pendant des semaines.<\/p>\n<\/li>\n<\/ol>\n<\/div>\n<\/div>\n<\/div>\n<\/div>\n<\/div>\n<div class=\"group\/conversation-turn relative flex w-full min-w-0 flex-col agent-turn\">\n<div class=\"flex-col gap-1 md:gap-3\">\n<div class=\"flex max-w-full flex-col flex-grow\">\n<div class=\"min-h-8 text-message flex w-full flex-col items-end gap-2 whitespace-normal break-words [.text-message+&amp;]:mt-5\" dir=\"auto\" data-message-author-role=\"assistant\" data-message-id=\"db716a1c-9ed0-4b8d-b3b0-7bdb913c3d42\" data-message-model-slug=\"gpt-4o\">\n<div class=\"flex w-full flex-col gap-1 empty:hidden first:pt-[3px]\">\n<div class=\"markdown prose w-full break-words dark:prose-invert light\">\n<p>&nbsp;<\/p>\n<\/div>\n<\/div>\n<\/div>\n<\/div>\n<\/div>\n<\/div>","protected":false},"excerpt":{"rendered":"<p data-start=\"1465\" data-end=\"1662\">Fumot RandM Tornado 30000 Bouff\u00e9es Vape jetable rechargeable avec 1.0\u03a9 coil en mesh, charge rapide Type-C de 650mAh, \u00e9clairage LED synchronis\u00e9 avec la musique, et 20 saveurs. Con\u00e7u pour des sessions longues et fluides ainsi qu'une forte demande en vente au d\u00e9tail en Europe. Un jetable remarquable con\u00e7u pour <strong data-start=\"1624\" data-end=\"1659\">les acheteurs en gros en Europe<\/strong>.<\/p>\n<p><strong>Ajoutez le WhatsApp d'Amy pour obtenir une bonne r\u00e9ponse et un coupon de vape !<\/strong><\/p>\n<p><img fetchpriority=\"high\" decoding=\"async\" class=\"size-full wp-image-2932\" src=\"https:\/\/vapestornado.com\/wp-content\/uploads\/2024\/12\/Vape-Wholesale.jpg\" alt=\"Vente en Gros de Vapes\" width=\"229\" height=\"300\" \/><\/p>\n<h3><a href=\"https:\/\/wa.me\/8617776015835\"><span style=\"color: #ff0000;\"><strong>WhatsApp : +86 17776015835<\/strong><\/span><\/a><\/h3>\n<p>&nbsp;<\/p>","protected":false},"featured_media":3025,"comment_status":"open","ping_status":"closed","template":"","meta":{"_acf_changed":false,"_uag_custom_page_level_css":"","_lmt_disableupdate":"no","_lmt_disable":"","_monsterinsights_skip_tracking":false,"_monsterinsights_sitenote_active":false,"_monsterinsights_sitenote_note":"","_monsterinsights_sitenote_category":0,"site-sidebar-layout":"default","site-content-layout":"","ast-site-content-layout":"default","site-content-style":"default","site-sidebar-style":"default","ast-global-header-display":"","ast-banner-title-visibility":"","ast-main-header-display":"","ast-hfb-above-header-display":"","ast-hfb-below-header-display":"","ast-hfb-mobile-header-display":"","site-post-title":"","ast-breadcrumbs-content":"","ast-featured-img":"","footer-sml-layout":"","ast-disable-related-posts":"","theme-transparent-header-meta":"default","adv-header-id-meta":"","stick-header-meta":"","header-above-stick-meta":"","header-main-stick-meta":"","header-below-stick-meta":"","astra-migrate-meta-layouts":"set","ast-page-background-enabled":"default","ast-page-background-meta":{"desktop":{"background-color":"","background-image":"","background-repeat":"repeat","background-position":"center center","background-size":"auto","background-attachment":"scroll","background-type":"","background-media":"","overlay-type":"","overlay-color":"","overlay-opacity":"","overlay-gradient":""},"tablet":{"background-color":"","background-image":"","background-repeat":"repeat","background-position":"center center","background-size":"auto","background-attachment":"scroll","background-type":"","background-media":"","overlay-type":"","overlay-color":"","overlay-opacity":"","overlay-gradient":""},"mobile":{"background-color":"","background-image":"","background-repeat":"repeat","background-position":"center center","background-size":"auto","background-attachment":"scroll","background-type":"","background-media":"","overlay-type":"","overlay-color":"","overlay-opacity":"","overlay-gradient":""}},"ast-content-background-meta":{"desktop":{"background-color":"var(--ast-global-color-5)","background-image":"","background-repeat":"repeat","background-position":"center center","background-size":"auto","background-attachment":"scroll","background-type":"","background-media":"","overlay-type":"","overlay-color":"","overlay-opacity":"","overlay-gradient":""},"tablet":{"background-color":"var(--ast-global-color-5)","background-image":"","background-repeat":"repeat","background-position":"center center","background-size":"auto","background-attachment":"scroll","background-type":"","background-media":"","overlay-type":"","overlay-color":"","overlay-opacity":"","overlay-gradient":""},"mobile":{"background-color":"var(--ast-global-color-5)","background-image":"","background-repeat":"repeat","background-position":"center center","background-size":"auto","background-attachment":"scroll","background-type":"","background-media":"","overlay-type":"","overlay-color":"","overlay-opacity":"","overlay-gradient":""}},"_joinchat":{"telephone":"+8617776015835"}},"product_brand":[],"product_cat":[67,153,154,160,142,58,148],"product_tag":[83,125,124,126,78,114],"class_list":{"0":"post-3076","1":"product","2":"type-product","3":"status-publish","4":"has-post-thumbnail","6":"product_cat-30000-puff","7":"product_cat-buy-disposable-vapes-in-italy","8":"product_cat-buy-disposable-vapes-in-netherlands","9":"product_cat-buy-disposable-vapes-in-switzerland","10":"product_cat-digital-box-disposable-vapes","11":"product_cat-fumot-vape","12":"product_cat-tornado-disposable-vapes","13":"product_tag-fumot-vape","14":"product_tag-randm-30000","15":"product_tag-randm-tornado-30000","16":"product_tag-randm-tornado-30k","17":"product_tag-randm-vape","18":"product_tag-tornado-vape","19":"desktop-align-left","20":"tablet-align-left","21":"mobile-align-left","23":"first","24":"instock","25":"sale","26":"shipping-taxable","27":"purchasable","28":"product-type-simple"},"acf":[],"uagb_featured_image_src":{"full":["https:\/\/vapestornado.com\/wp-content\/uploads\/2024\/12\/Randm-Tornado-30K-Puffs-Rechargeable-Disposable-Vapes.jpg",1126,1126,false],"thumbnail":["https:\/\/vapestornado.com\/wp-content\/uploads\/2024\/12\/Randm-Tornado-30K-Puffs-Rechargeable-Disposable-Vapes-150x150.jpg",150,150,true],"medium":["https:\/\/vapestornado.com\/wp-content\/uploads\/2024\/12\/Randm-Tornado-30K-Puffs-Rechargeable-Disposable-Vapes-300x300.jpg",300,300,true],"medium_large":["https:\/\/vapestornado.com\/wp-content\/uploads\/2024\/12\/Randm-Tornado-30K-Puffs-Rechargeable-Disposable-Vapes-768x768.jpg",768,768,true],"large":["https:\/\/vapestornado.com\/wp-content\/uploads\/2024\/12\/Randm-Tornado-30K-Puffs-Rechargeable-Disposable-Vapes-1024x1024.jpg",1024,1024,true],"1536x1536":["https:\/\/vapestornado.com\/wp-content\/uploads\/2024\/12\/Randm-Tornado-30K-Puffs-Rechargeable-Disposable-Vapes.jpg",1126,1126,false],"2048x2048":["https:\/\/vapestornado.com\/wp-content\/uploads\/2024\/12\/Randm-Tornado-30K-Puffs-Rechargeable-Disposable-Vapes.jpg",1126,1126,false],"trp-custom-language-flag":["https:\/\/vapestornado.com\/wp-content\/uploads\/2024\/12\/Randm-Tornado-30K-Puffs-Rechargeable-Disposable-Vapes.jpg",12,12,false],"woocommerce_thumbnail":["https:\/\/vapestornado.com\/wp-content\/uploads\/2024\/12\/Randm-Tornado-30K-Puffs-Rechargeable-Disposable-Vapes-300x300.jpg",300,300,true],"woocommerce_single":["https:\/\/vapestornado.com\/wp-content\/uploads\/2024\/12\/Randm-Tornado-30K-Puffs-Rechargeable-Disposable-Vapes-600x600.jpg",600,600,true],"woocommerce_gallery_thumbnail":["https:\/\/vapestornado.com\/wp-content\/uploads\/2024\/12\/Randm-Tornado-30K-Puffs-Rechargeable-Disposable-Vapes-100x100.jpg",100,100,true]},"uagb_author_info":{"display_name":"ESAMY","author_link":"https:\/\/vapestornado.com\/fr\/author\/"},"uagb_comment_info":0,"uagb_excerpt":"Fumot RandM Tornado 30000 Puffs Music rechargeable disposable vape with 1.0\u03a9 mesh coil, 650mAh Type-C fast charging, music-sync LED lighting, and 20 flavours. Built for long, smooth sessions and strong EU retail demand.\u00a0A standout disposable designed for wholesale bulk buyers in Europe. Add Amy's whatsapp get right reply and vape vape coupon! WhatsApp: +86 17776015835\u2026","_links":{"self":[{"href":"https:\/\/vapestornado.com\/fr\/wp-json\/wp\/v2\/product\/3076","targetHints":{"allow":["GET"]}}],"collection":[{"href":"https:\/\/vapestornado.com\/fr\/wp-json\/wp\/v2\/product"}],"about":[{"href":"https:\/\/vapestornado.com\/fr\/wp-json\/wp\/v2\/types\/product"}],"replies":[{"embeddable":true,"href":"https:\/\/vapestornado.com\/fr\/wp-json\/wp\/v2\/comments?post=3076"}],"wp:featuredmedia":[{"embeddable":true,"href":"https:\/\/vapestornado.com\/fr\/wp-json\/wp\/v2\/media\/3025"}],"wp:attachment":[{"href":"https:\/\/vapestornado.com\/fr\/wp-json\/wp\/v2\/media?parent=3076"}],"wp:term":[{"taxonomy":"product_brand","embeddable":true,"href":"https:\/\/vapestornado.com\/fr\/wp-json\/wp\/v2\/product_brand?post=3076"},{"taxonomy":"product_cat","embeddable":true,"href":"https:\/\/vapestornado.com\/fr\/wp-json\/wp\/v2\/product_cat?post=3076"},{"taxonomy":"product_tag","embeddable":true,"href":"https:\/\/vapestornado.com\/fr\/wp-json\/wp\/v2\/product_tag?post=3076"}],"curies":[{"name":"wp","href":"https:\/\/api.w.org\/{rel}","templated":true}]}}