{"id":3033,"date":"2024-12-10T06:54:50","date_gmt":"2024-12-10T06:54:50","guid":{"rendered":"https:\/\/vapestornado.com\/?post_type=product&#038;p=3033"},"modified":"2025-08-23T10:12:12","modified_gmt":"2025-08-23T10:12:12","slug":"wga-crystal-pro-max-15k-puffs-wholesale-price-vape-pods","status":"publish","type":"product","link":"https:\/\/vapestornado.com\/fr\/product\/wga-crystal-pro-max-15k-puffs-wholesale-price-vape-pods\/","title":{"rendered":"WGA Crystal Pro Max 15k Bouff\u00e9es Prix de Gros Vape Pods"},"content":{"rendered":"<h1>WGA Crystal Pro Max 15k Bouff\u00e9es Prix de Gros Vape Pods<\/h1>\n<p data-start=\"286\" data-end=\"581\">L' <strong data-start=\"290\" data-end=\"339\">WGA Crystal Pro Max 15K Bouff\u00e9es Vape Jetable<\/strong> est con\u00e7u pour les grossistes et les d\u00e9taillants \u00e0 la recherche de produits fiables et \u00e0 forte demande pour le march\u00e9 europ\u00e9en. Avec jusqu'\u00e0 <strong data-start=\"457\" data-end=\"484\">15 000 bouff\u00e9es par appareil<\/strong> et une <strong data-start=\"491\" data-end=\"524\">r\u00e9servoir de e-liquide pr\u00e9-rempli de 25 ml<\/strong>, il offre une utilisation prolong\u00e9e et un fort potentiel de revente.<\/p>\n<p data-start=\"583\" data-end=\"874\">Aliment\u00e9 par une <strong data-start=\"596\" data-end=\"627\">batterie rechargeable de 650 mAh<\/strong> avec <strong data-start=\"633\" data-end=\"657\">Charge rapide Type-C<\/strong>, le Crystal Pro Max assure des s\u00e9ances constantes sans interruption. Un <strong data-start=\"732\" data-end=\"759\">indicateur LED en temps r\u00e9el<\/strong> informe les utilisateurs de l'\u00e9tat de la batterie, tandis que le <strong data-start=\"810\" data-end=\"828\">bobine de maille de 0,8 \u03a9<\/strong> am\u00e9liore la densit\u00e9 de la vapeur et la restitution des saveurs.<\/p>\n<p data-start=\"876\" data-end=\"1231\">Compact et portable \u00e0 <strong data-start=\"900\" data-end=\"923\">43 mm \u00d7 23 mm \u00d7 105 mm<\/strong>, le <strong data-start=\"929\" data-end=\"961\">WGA Crystal Pro Max 15K Vape<\/strong> est facile \u00e0 transporter, \u00e9l\u00e9gant \u00e0 exposer et disponible dans une large gamme de profils de saveurs pour satisfaire diff\u00e9rentes pr\u00e9f\u00e9rences. Sa combinaison de capacit\u00e9, de design et de comp\u00e9titivit\u00e9 <strong data-start=\"1133\" data-end=\"1154\">des prix de gros<\/strong> en fait un excellent choix pour les d\u00e9taillants et les distributeurs \u00e0 travers l'Europe.<\/p>\n<p>&nbsp;<\/p>\n<p><img fetchpriority=\"high\" decoding=\"async\" class=\"size-medium wp-image-2951\" src=\"https:\/\/vapestornado.com\/wp-content\/uploads\/2024\/12\/Wholesale-Disposable-Vape-265x300.jpg\" alt=\"Vape jetable en gros\" width=\"265\" height=\"300\" srcset=\"https:\/\/vapestornado.com\/wp-content\/uploads\/2024\/12\/Wholesale-Disposable-Vape-265x300.jpg 265w, https:\/\/vapestornado.com\/wp-content\/uploads\/2024\/12\/Wholesale-Disposable-Vape-768x871.jpg 768w, https:\/\/vapestornado.com\/wp-content\/uploads\/2024\/12\/Wholesale-Disposable-Vape-600x680.jpg 600w, https:\/\/vapestornado.com\/wp-content\/uploads\/2024\/12\/Wholesale-Disposable-Vape.jpg 823w\" sizes=\"(max-width: 265px) 100vw, 265px\" \/><\/p>\n<h6><span style=\"font-size: 1.1em; font-weight: bold;\">Veuillez contacter Mandy sur WhatsApp pour obtenir un prix r\u00e9duit<\/span><a style=\"font-size: 1.1em; font-weight: bold; background-color: #ffffff;\" href=\"https:\/\/wa.me\/8618077105796\" target=\"_blank\" rel=\"noopener\">+8618077105796<\/a><\/h6>\n<p>&nbsp;<\/p>\n<h2><strong>WGA The Crystal Pro Max Extra 15,000 Puffs Vape \u2013 Sp\u00e9cifications cl\u00e9s<\/strong><\/h2>\n<ul>\n<li><strong>Grande capacit\u00e9 de bouff\u00e9es<\/strong>: D\u00e9livre jusqu'\u00e0 15 000 bouff\u00e9es par appareil, offrant une utilisation prolong\u00e9e et un besoin r\u00e9duit de remplacements.<\/li>\n<li><strong>Batterie rechargeable de 650 mAh<\/strong>: Dispose d'une batterie durable de 650mAh pour une puissance stable tout au long de chaque session.<\/li>\n<li><strong>Charge Efficace de Type-C<\/strong>: Int\u00e8gre un port moderne de Type-C pour une charge rapide et pratique afin de garder votre appareil pr\u00eat.<\/li>\n<li><strong>Grande capacit\u00e9 d'e-liquide<\/strong>: \u00c9quip\u00e9 d'un r\u00e9servoir d'e-liquide de 25ml, supportant de longues sessions de vapotage sans recharge constante.<\/li>\n<li><strong>Affichage de l'\u00e9tat de la batterie LED<\/strong>: Inclut un indicateur LED en temps r\u00e9el pour surveiller les niveaux de batterie et \u00e9viter les interruptions inattendues.<\/li>\n<li><strong>Design Portable et \u00c9l\u00e9gant<\/strong>: Les dimensions compactes de 43mm x 23mm x 105mm assurent une manipulation facile et une portabilit\u00e9, id\u00e9ales pour une utilisation en d\u00e9placement.<\/li>\n<\/ul>\n<h2><strong>WGA Crystal Pro Max 15k Puffs Liste des saveurs:<\/strong><\/h2>\n<p>1.GLACE \u00c0 LA PAST\u00c8QUE<br \/>\n2.FRAMBOISE MYRTILLE<br \/>\n3.CERISE P\u00c9TILLANTE<br \/>\n4.OURSON G\u00c9LIFI\u00c9<br \/>\n5.CITRON VERT ET CITRON<br \/>\n6.GLACE \u00c0 LA FRAISE<br \/>\n7.MYRTILLE FRAMBOISE SURE<br \/>\n8.GLACE \u00c0 LA FRAMBOISE BLEUE<br \/>\n9.MR BLEU<br \/>\n10.BONBONS<br \/>\n11.MYRTILLE CERISE CANNEBERGE<br \/>\n12.P\u00caCHE JUTEUSE<br \/>\n13.Glace \u00e0 la fraise, framboise et cerise<br \/>\n14.CHEWING-GUM<br \/>\n15.M\u00fbre, myrtille, framboise<br \/>\n16.Sucette glac\u00e9e \u00e0 la fraise<br \/>\n17.Sucette glac\u00e9e \u00e0 la myrtille<br \/>\n18.Fraise et past\u00e8que de premier choix<br \/>\n19.Chewing-gum \u00e0 la fraise et \u00e0 la cerise<br \/>\n20.Glace \u00e0 la framboise et \u00e0 la cerise<br \/>\n21.GLACE \u00c0 L'ANANAS<br \/>\n22.R\u00caVE D'\u00c9T\u00c9<br \/>\n23.WGA ROSE<br \/>\n24.MENTHE FRA\u00ceCHE<br \/>\n25.DOUBLE POMME<br \/>\n26.TRIPLE MANGUE<br \/>\n27.GLACE AU DRAGON NOIR<br \/>\n28.GLACE AU COLA<br \/>\n29.ANANAS CITRON<br \/>\n30.MR NOIR<br \/>\n31.KIWI FRUIT DE LA PASSION GOYAVE<\/p>\n<h3><strong>Pourquoi choisir les vapes WGA The Crystal Pro Max 15 000 bouff\u00e9es ?<\/strong><\/h3>\n<ul>\n<li><strong>Profils de saveurs exceptionnels<\/strong>: Plongez dans une s\u00e9lection de saveurs de fruits vives et rafra\u00eechissantes, chacune con\u00e7ue pour offrir une exp\u00e9rience de vapotage toujours agr\u00e9able.<\/li>\n<li><strong>Commodit\u00e9 sans effort<\/strong>: Con\u00e7ue dans un souci de simplicit\u00e9, cette cigarette \u00e9lectronique jetable offre un moyen simple et sans stress de profiter d'un vapotage de qualit\u00e9, partout et \u00e0 tout moment.<\/li>\n<li><strong>Durabilit\u00e9 et performance<\/strong>: Avec jusqu'\u00e0 15 000 bouff\u00e9es, une batterie rechargeable robuste de 650 mAh et une capacit\u00e9 d'e-liquide de 25 ml, cette cigarette \u00e9lectronique est con\u00e7ue pour offrir des performances fiables sur une longue dur\u00e9e.<\/li>\n<li><strong>Design moderne et compact<\/strong>: Ses dimensions \u00e9pur\u00e9es et sa conception \u00e9l\u00e9gante garantissent sa portabilit\u00e9 sans sacrifier le style ou la fonctionnalit\u00e9.<\/li>\n<\/ul>\n<p>L' <strong>WGA The Crystal Pro Max Extra 15 000 bouff\u00e9es Vape Pod\u00a0<\/strong> est le choix ultime pour les vapoteurs \u00e0 la recherche de commodit\u00e9, de performance et d'une exp\u00e9rience sensorielle exceptionnelle. Une fusion parfaite de technologie de pointe et de saveur sup\u00e9rieure vous attend.<\/p>\n<p>&nbsp;<\/p>\n<h3><strong>FAQ sur la cigarette \u00e9lectronique rechargeable WGA The Crystal Pro Max 15 000 bouff\u00e9es<\/strong><\/h3>\n<ol>\n<li><strong>Combien de bouff\u00e9es la WGA Crystal Pro Max 15k offre-t-elle ?<\/strong><br \/>\nL'appareil d\u00e9livre jusqu'\u00e0 15 000 bouff\u00e9es, ce qui le rend id\u00e9al pour une utilisation prolong\u00e9e sans remplacements fr\u00e9quents.<\/li>\n<li><strong>Quel type de batterie utilise-t-il ?<\/strong><br \/>\nIl est dot\u00e9 d'une batterie rechargeable de 650 mAh avec un port de charge Type-C, garantissant une charge rapide et efficace.<\/li>\n<li><strong>Quelle est la capacit\u00e9 d'e-liquide de la cigarette \u00e9lectronique 15000 bouff\u00e9es ? <a href=\"https:\/\/vapestornado.com\/fr\/product\/wga-crystal-pro-max-15k-puffs-wholesale-price-vape-pods\/\">WGA Vape<\/a>?<\/strong><br \/>\nLe Crystal Pro Max est livr\u00e9 avec une g\u00e9n\u00e9reuse capacit\u00e9 d'e-liquide de 25 ml, offrant des sessions de vapotage prolong\u00e9es.<\/li>\n<li><strong>Le WGA Crystal Vape 15000 bouff\u00e9es a-t-il un indicateur de batterie ?<\/strong><br \/>\nOui, il comprend un indicateur de batterie LED en temps r\u00e9el, vous permettant de surveiller le niveau de la batterie et de recharger au besoin.<\/li>\n<li><strong>L'e-liquide de la WGA 15000 bouff\u00e9es peut-il \u00eatre recharg\u00e9 ?<\/strong><br \/>\nNon, la WGA Crystal Pro Max 15000 bouff\u00e9es est un appareil jetable pr\u00e9-rempli et ne prend pas en charge le rechargement.<\/li>\n<\/ol>","protected":false},"excerpt":{"rendered":"<p>Pods de vapotage WGA Crystal Pro Max 15k Puffs \u00e0 prix de gros. Profitez de bouff\u00e9es longue dur\u00e9e, de saveurs de premi\u00e8re qualit\u00e9 et d'options d'achat en gros pour votre entreprise.<\/p>\n<figure id=\"attachment_2951\" aria-describedby=\"caption-attachment-2951\" style=\"width: 265px\" class=\"wp-caption alignnone\"><img fetchpriority=\"high\" decoding=\"async\" class=\"size-medium wp-image-2951\" src=\"https:\/\/vapestornado.com\/wp-content\/uploads\/2024\/12\/Wholesale-Disposable-Vape-265x300.jpg\" alt=\"Vape jetable en gros\" width=\"265\" height=\"300\" srcset=\"https:\/\/vapestornado.com\/wp-content\/uploads\/2024\/12\/Wholesale-Disposable-Vape-265x300.jpg 265w, https:\/\/vapestornado.com\/wp-content\/uploads\/2024\/12\/Wholesale-Disposable-Vape-768x871.jpg 768w, https:\/\/vapestornado.com\/wp-content\/uploads\/2024\/12\/Wholesale-Disposable-Vape-600x680.jpg 600w, https:\/\/vapestornado.com\/wp-content\/uploads\/2024\/12\/Wholesale-Disposable-Vape.jpg 823w\" sizes=\"(max-width: 265px) 100vw, 265px\" \/><figcaption id=\"caption-attachment-2951\" class=\"wp-caption-text\">Veuillez contacter Mandy sur WhatsApp pour obtenir un prix r\u00e9duit<a href=\"https:\/\/wa.me\/8618077105796\">+8618077105796<\/a><\/figcaption><\/figure>\n<p>&nbsp;<\/p>","protected":false},"featured_media":3052,"comment_status":"open","ping_status":"closed","template":"","meta":{"_acf_changed":false,"_uag_custom_page_level_css":"","_lmt_disableupdate":"no","_lmt_disable":"","_monsterinsights_skip_tracking":false,"_monsterinsights_sitenote_active":false,"_monsterinsights_sitenote_note":"","_monsterinsights_sitenote_category":0,"site-sidebar-layout":"default","site-content-layout":"","ast-site-content-layout":"default","site-content-style":"default","site-sidebar-style":"default","ast-global-header-display":"","ast-banner-title-visibility":"","ast-main-header-display":"","ast-hfb-above-header-display":"","ast-hfb-below-header-display":"","ast-hfb-mobile-header-display":"","site-post-title":"","ast-breadcrumbs-content":"","ast-featured-img":"","footer-sml-layout":"","ast-disable-related-posts":"","theme-transparent-header-meta":"default","adv-header-id-meta":"","stick-header-meta":"","header-above-stick-meta":"","header-main-stick-meta":"","header-below-stick-meta":"","astra-migrate-meta-layouts":"set","ast-page-background-enabled":"default","ast-page-background-meta":{"desktop":{"background-color":"","background-image":"","background-repeat":"repeat","background-position":"center center","background-size":"auto","background-attachment":"scroll","background-type":"","background-media":"","overlay-type":"","overlay-color":"","overlay-opacity":"","overlay-gradient":""},"tablet":{"background-color":"","background-image":"","background-repeat":"repeat","background-position":"center center","background-size":"auto","background-attachment":"scroll","background-type":"","background-media":"","overlay-type":"","overlay-color":"","overlay-opacity":"","overlay-gradient":""},"mobile":{"background-color":"","background-image":"","background-repeat":"repeat","background-position":"center center","background-size":"auto","background-attachment":"scroll","background-type":"","background-media":"","overlay-type":"","overlay-color":"","overlay-opacity":"","overlay-gradient":""}},"ast-content-background-meta":{"desktop":{"background-color":"var(--ast-global-color-5)","background-image":"","background-repeat":"repeat","background-position":"center center","background-size":"auto","background-attachment":"scroll","background-type":"","background-media":"","overlay-type":"","overlay-color":"","overlay-opacity":"","overlay-gradient":""},"tablet":{"background-color":"var(--ast-global-color-5)","background-image":"","background-repeat":"repeat","background-position":"center center","background-size":"auto","background-attachment":"scroll","background-type":"","background-media":"","overlay-type":"","overlay-color":"","overlay-opacity":"","overlay-gradient":""},"mobile":{"background-color":"var(--ast-global-color-5)","background-image":"","background-repeat":"repeat","background-position":"center center","background-size":"auto","background-attachment":"scroll","background-type":"","background-media":"","overlay-type":"","overlay-color":"","overlay-opacity":"","overlay-gradient":""}},"_joinchat":{"telephone":"+8618077105796"}},"product_brand":[],"product_cat":[71,140,153,158,159,160,141,59],"product_tag":[97,111],"class_list":{"0":"post-3033","1":"product","2":"type-product","3":"status-publish","4":"has-post-thumbnail","6":"product_cat-15000-puff","7":"product_cat-big-puffs-disposable-vapes","8":"product_cat-buy-disposable-vapes-in-italy","9":"product_cat-buy-disposable-vapes-in-spain","10":"product_cat-buy-disposable-vapes-in-sweden","11":"product_cat-buy-disposable-vapes-in-switzerland","12":"product_cat-crystal-disposable-vapes","13":"product_cat-wga-crystal-vape","14":"product_tag-hot-sale-disposable-vape","15":"product_tag-wga-15k-puffs","16":"desktop-align-left","17":"tablet-align-left","18":"mobile-align-left","20":"first","21":"instock","22":"sale","23":"shipping-taxable","24":"purchasable","25":"product-type-simple"},"acf":[],"uagb_featured_image_src":{"full":["https:\/\/vapestornado.com\/wp-content\/uploads\/2024\/12\/WGA-15000-PUFFS-JUICY-PEACH-Disposable-Vape.jpg",800,800,false],"thumbnail":["https:\/\/vapestornado.com\/wp-content\/uploads\/2024\/12\/WGA-15000-PUFFS-JUICY-PEACH-Disposable-Vape-150x150.jpg",150,150,true],"medium":["https:\/\/vapestornado.com\/wp-content\/uploads\/2024\/12\/WGA-15000-PUFFS-JUICY-PEACH-Disposable-Vape-300x300.jpg",300,300,true],"medium_large":["https:\/\/vapestornado.com\/wp-content\/uploads\/2024\/12\/WGA-15000-PUFFS-JUICY-PEACH-Disposable-Vape-768x768.jpg",768,768,true],"large":["https:\/\/vapestornado.com\/wp-content\/uploads\/2024\/12\/WGA-15000-PUFFS-JUICY-PEACH-Disposable-Vape.jpg",800,800,false],"1536x1536":["https:\/\/vapestornado.com\/wp-content\/uploads\/2024\/12\/WGA-15000-PUFFS-JUICY-PEACH-Disposable-Vape.jpg",800,800,false],"2048x2048":["https:\/\/vapestornado.com\/wp-content\/uploads\/2024\/12\/WGA-15000-PUFFS-JUICY-PEACH-Disposable-Vape.jpg",800,800,false],"trp-custom-language-flag":["https:\/\/vapestornado.com\/wp-content\/uploads\/2024\/12\/WGA-15000-PUFFS-JUICY-PEACH-Disposable-Vape.jpg",12,12,false],"woocommerce_thumbnail":["https:\/\/vapestornado.com\/wp-content\/uploads\/2024\/12\/WGA-15000-PUFFS-JUICY-PEACH-Disposable-Vape-300x300.jpg",300,300,true],"woocommerce_single":["https:\/\/vapestornado.com\/wp-content\/uploads\/2024\/12\/WGA-15000-PUFFS-JUICY-PEACH-Disposable-Vape-600x600.jpg",600,600,true],"woocommerce_gallery_thumbnail":["https:\/\/vapestornado.com\/wp-content\/uploads\/2024\/12\/WGA-15000-PUFFS-JUICY-PEACH-Disposable-Vape-100x100.jpg",100,100,true]},"uagb_author_info":{"display_name":"ESMANDY","author_link":"https:\/\/vapestornado.com\/fr\/author\/"},"uagb_comment_info":0,"uagb_excerpt":"WGA Crystal Pro Max 15k Puffs vape pods at wholesale prices. Enjoy long-lasting puffs, premium flavors, and bulk purchase options for your business. [caption id=\"attachment_2951\" align=\"alignnone\" width=\"265\"] Pls Contact Mandy's WhatsApp For Discount Price+8618077105796[\/caption] &nbsp;","_links":{"self":[{"href":"https:\/\/vapestornado.com\/fr\/wp-json\/wp\/v2\/product\/3033","targetHints":{"allow":["GET"]}}],"collection":[{"href":"https:\/\/vapestornado.com\/fr\/wp-json\/wp\/v2\/product"}],"about":[{"href":"https:\/\/vapestornado.com\/fr\/wp-json\/wp\/v2\/types\/product"}],"replies":[{"embeddable":true,"href":"https:\/\/vapestornado.com\/fr\/wp-json\/wp\/v2\/comments?post=3033"}],"wp:featuredmedia":[{"embeddable":true,"href":"https:\/\/vapestornado.com\/fr\/wp-json\/wp\/v2\/media\/3052"}],"wp:attachment":[{"href":"https:\/\/vapestornado.com\/fr\/wp-json\/wp\/v2\/media?parent=3033"}],"wp:term":[{"taxonomy":"product_brand","embeddable":true,"href":"https:\/\/vapestornado.com\/fr\/wp-json\/wp\/v2\/product_brand?post=3033"},{"taxonomy":"product_cat","embeddable":true,"href":"https:\/\/vapestornado.com\/fr\/wp-json\/wp\/v2\/product_cat?post=3033"},{"taxonomy":"product_tag","embeddable":true,"href":"https:\/\/vapestornado.com\/fr\/wp-json\/wp\/v2\/product_tag?post=3033"}],"curies":[{"name":"wp","href":"https:\/\/api.w.org\/{rel}","templated":true}]}}