{"id":3021,"date":"2024-12-09T09:52:59","date_gmt":"2024-12-09T09:52:59","guid":{"rendered":"https:\/\/vapestornado.com\/?post_type=product&#038;p=3021"},"modified":"2025-12-05T09:42:57","modified_gmt":"2025-12-05T09:42:57","slug":"bang-36000-smart-disposable-vape-wholesale-shop-online","status":"publish","type":"product","link":"https:\/\/vapestornado.com\/fr\/product\/bang-36000-smart-disposable-vape-wholesale-shop-online\/","title":{"rendered":"Boutique en ligne de vapes jetables intelligentes Bang 36000 en gros"},"content":{"rendered":"<div class=\"flex-shrink-0 flex flex-col relative items-end\">\n<div>\n<div class=\"pt-0\">\n<div class=\"gizmo-bot-avatar flex h-8 w-8 items-center justify-center overflow-hidden rounded-full\">\n<div class=\"relative p-1 rounded-sm flex items-center justify-center bg-token-main-surface-primary text-token-text-primary h-8 w-8\"><\/div>\n<\/div>\n<\/div>\n<\/div>\n<\/div>\n<div class=\"group\/conversation-turn relative flex w-full min-w-0 flex-col agent-turn\">\n<div class=\"flex-col gap-1 md:gap-3\">\n<div class=\"flex max-w-full flex-col flex-grow\">\n<div class=\"min-h-8 text-message flex w-full flex-col items-end gap-2 whitespace-normal break-words text-start [.text-message+&amp;]:mt-5\" dir=\"auto\" data-message-author-role=\"assistant\" data-message-id=\"24923bbb-bc24-49c4-aeeb-a72cf182457d\" data-message-model-slug=\"gpt-4o\">\n<div class=\"flex w-full flex-col gap-1 empty:hidden first:pt-[3px]\">\n<div class=\"markdown prose w-full break-words dark:prose-invert light\">\n<h3><strong>Boutique en ligne de vapes jetables intelligentes Bang 36000 en gros<\/strong><\/h3>\n<\/div>\n<\/div>\n<\/div>\n<\/div>\n<\/div>\n<\/div>\n<p data-start=\"289\" data-end=\"603\">Bang 36000 Vape Jetable Intelligente offre une dur\u00e9e de vie longue de 36 000 bouff\u00e9es avec un r\u00e9servoir de 30 ml, une bobine en mesh de 0,6\u03a9, un flux d'air ajustable, un \u00e9cran d'\u00e9tat LED en direct, et une batterie rechargeable Type-C de 650mAh dans un appareil compact.<\/p>\n<p data-start=\"571\" data-end=\"921\"><strong data-start=\"571\" data-end=\"615\">36 000 bouff\u00e9es soutenues par un r\u00e9servoir complet de 30 ml.<\/strong><br data-start=\"615\" data-end=\"618\" \/>L' <strong data-start=\"622\" data-end=\"658\">Bang 36000 Vape Jetable Intelligent<\/strong> se situe dans la cat\u00e9gorie haute capacit\u00e9 pour les personnes qui vapotent tous les jours et ne veulent pas remplacer constamment de petites unit\u00e9s. Un <strong data-start=\"768\" data-end=\"797\">R\u00e9servoir pr\u00e9-rempli de 30 ml<\/strong> supporte la capacit\u00e9 de bouff\u00e9es en utilisation normale, ce qui permet \u00e0 l'appareil de durer plus longtemps que les disposables standard et de maintenir une routine stable.<\/p>\n<p data-start=\"923\" data-end=\"1193\"><strong data-start=\"923\" data-end=\"971\">\u00c9cran LED intelligent qui indique ce qu'il reste.<\/strong><br data-start=\"971\" data-end=\"974\" \/>Un <strong data-start=\"985\" data-end=\"1010\">Affichage indicateur LED<\/strong> indique <strong data-start=\"1017\" data-end=\"1067\">niveau de batterie et statut du e-liquide en temps r\u00e9el<\/strong>. C'est une fonctionnalit\u00e9 simple, mais utile : vous savez quand recharger et quand le r\u00e9servoir est presque vide, sans deviner en cours de session.<\/p>\n<p data-start=\"1195\" data-end=\"1456\"><strong data-start=\"1195\" data-end=\"1238\">Bobine en mesh 0,6\u03a9 pour une vapeur dense et lisse.<\/strong><br data-start=\"1238\" data-end=\"1241\" \/>L' <strong data-start=\"1245\" data-end=\"1265\">Bobine en mesh 0,6ohm<\/strong> est r\u00e9gl\u00e9e pour une aspiration ouverte et une vapeur plus \u00e9paisse. Le chauffage en mesh r\u00e9partit la temp\u00e9rature uniform\u00e9ment, aidant \u00e0 pr\u00e9server la saveur et \u00e0 r\u00e9duire cette sensation s\u00e8che et br\u00fbl\u00e9e que beaucoup de disposables \u00e0 haute bouff\u00e9e ressentent vers la fin.<\/p>\n<p data-start=\"1458\" data-end=\"1688\"><strong data-start=\"1458\" data-end=\"1496\">Ajustement du flux d'air selon votre style.<\/strong><br data-start=\"1496\" data-end=\"1499\" \/>Le contr\u00f4le du flux d'air vous permet de choisir une aspiration plus serr\u00e9e ou une inhalation plus ouverte. Les fumeurs qui souhaitent une r\u00e9sistance similaire \u00e0 celle d'une cigarette peuvent le r\u00e9duire ; ceux qui pr\u00e9f\u00e8rent une aspiration plus l\u00e2che peuvent l'ouvrir.<\/p>\n<p data-start=\"1690\" data-end=\"1987\"><strong data-start=\"1690\" data-end=\"1740\">Alimentation rechargeable Type-C et gamme de nicotine.<\/strong><br data-start=\"1740\" data-end=\"1743\" \/>Le Vape Jetable Intelligent Bang 36k est livr\u00e9 avec un <strong data-start=\"1745\" data-end=\"1776\">batterie rechargeable de 650 mAh<\/strong> avec <strong data-start=\"1782\" data-end=\"1810\">charge rapide USB Type-C<\/strong> r\u00e9duit le temps d'arr\u00eat et vous permet de finir le r\u00e9servoir plut\u00f4t que de jeter la vape pr\u00e9matur\u00e9ment. Les options de nicotine couvrent <strong data-start=\"1919\" data-end=\"1941\">0%, 2%, 3% et 5%<\/strong>, afin que les utilisateurs puissent adapter la puissance \u00e0 leurs habitudes quotidiennes.<\/p>\n<p>&nbsp;<\/p>\n<p><strong>Ajoutez le Whatsapp d'Amy pour obtenir une r\u00e9ponse rapide et un coupon de vape !<\/strong><\/p>\n<p><img fetchpriority=\"high\" decoding=\"async\" class=\"size-full wp-image-2932\" src=\"https:\/\/vapestornado.com\/wp-content\/uploads\/2024\/12\/Vape-Wholesale.jpg\" alt=\"Vente en Gros de Vapes\" width=\"229\" height=\"300\" \/><\/p>\n<h3><a href=\"https:\/\/wa.me\/8617776015835\" target=\"_blank\" rel=\"noopener\"><span style=\"color: #ff0000;\"><strong>WhatsApp : +86 17776015835<\/strong><\/span><\/a><\/h3>\n<p>&nbsp;<\/p>\n<h4><strong style=\"font-size: 1.7em;\">\u00a0Caract\u00e9ristiques du produit Bang 36000<\/strong><\/h4>\n<table>\n<thead>\n<tr>\n<th>Fonction \/ Param\u00e8tre<\/th>\n<th align=\"right\">Spec<\/th>\n<th>Explication<\/th>\n<\/tr>\n<\/thead>\n<tbody>\n<tr>\n<td>Nom du produit<\/td>\n<td align=\"right\">Bang 36000 Vape Jetable Intelligent<\/td>\n<td>Nomination claire du mod\u00e8le pour les commandes r\u00e9p\u00e9t\u00e9es et la recherche.<\/td>\n<\/tr>\n<tr>\n<td>Capacit\u00e9 de bouff\u00e9es<\/td>\n<td align=\"right\">Jusqu'\u00e0 36 000 bouff\u00e9es<\/td>\n<td>Jetable \u00e0 haute capacit\u00e9 ; moins de remplacements.<\/td>\n<\/tr>\n<tr>\n<td>Volume d'E-Liquide<\/td>\n<td align=\"right\">30ml pr\u00e9-rempli<\/td>\n<td>Grand r\u00e9servoir supportant la capacit\u00e9 de 36K.<\/td>\n<\/tr>\n<tr>\n<td>Bobine \/ R\u00e9sistance<\/td>\n<td align=\"right\">Bobine mesh de 0,6 \u03a9<\/td>\n<td>Inhalation ouverte, vapeur dense, saveur plus stable.<\/td>\n<\/tr>\n<tr>\n<td>Flux d'air<\/td>\n<td align=\"right\">R\u00e9glable<\/td>\n<td>Inhalation forte ou douce, l'utilisateur d\u00e9cide.<\/td>\n<\/tr>\n<tr>\n<td>Batterie<\/td>\n<td align=\"right\">Batterie rechargeable de 650 mAh<\/td>\n<td>Rechargez pour utiliser le r\u00e9servoir complet.<\/td>\n<\/tr>\n<tr>\n<td>Chargement<\/td>\n<td align=\"right\">Charge rapide USB Type-C<\/td>\n<td>Standard de c\u00e2ble commun et recharges rapides.<\/td>\n<\/tr>\n<tr>\n<td>Options de Nicotine<\/td>\n<td align=\"right\">0% \/ 2% \/ 3% \/ 5%<\/td>\n<td>Choisissez z\u00e9ro nicotine ou une inhalation plus forte.<\/td>\n<\/tr>\n<tr>\n<td>Saveurs<\/td>\n<td align=\"right\">12 options<\/td>\n<td>Couvre les principales tendances gustatives de l'UE.<\/td>\n<\/tr>\n<tr>\n<td>Affichage<\/td>\n<td align=\"right\">Batterie LED intelligente + \u00e9cran de e-liquide<\/td>\n<td>Suivi du statut en temps r\u00e9el pendant la vapotage.<\/td>\n<\/tr>\n<tr>\n<td>Format<\/td>\n<td align=\"right\">Corps compact pr\u00eat \u00e0 tenir dans la poche<\/td>\n<td>Pratique pour une utilisation quotidienne et en voyage.<\/td>\n<\/tr>\n<\/tbody>\n<\/table>\n<p>&nbsp;<\/p>\n<h2 class=\"product-title\"><strong>\u00a0Liste des saveurs Bang 36000<\/strong><\/h2>\n<p>1. Fraise Kiwi<br \/>\n2. Fruits Rouges M\u00e9lang\u00e9s<br \/>\n3. Myrtille glac\u00e9e<br \/>\n4. Raisin glac\u00e9<br \/>\n5. Glace \u00e0 la cerise<br \/>\n6. Limonade aux bleuets et framboises<br \/>\n7. Glace \u00e0 la p\u00eache<br \/>\n8. Fraise et past\u00e8que<br \/>\n9. P\u00eache, mangue et past\u00e8que<br \/>\n10. Glace \u00e0 la past\u00e8que<\/p>\n<h3>Pourquoi choisir vapestornado pour la vente en gros de vapes Bang 36k ?<\/h3>\n<div class=\"flex-shrink-0 flex flex-col relative items-end\">\n<div class=\"pt-0\">\n<div class=\"gizmo-bot-avatar flex h-8 w-8 items-center justify-center overflow-hidden rounded-full\">\n<div class=\"relative p-1 rounded-sm flex items-center justify-center bg-token-main-surface-primary text-token-text-primary h-8 w-8\">\n<p>Bienvenue chez vapestornado, votre boutique de vape en ligne de confiance pour les vapes jetables de qualit\u00e9 sup\u00e9rieure. Avec plus de 5 ans d'expertise, nous vous proposons des marques populaires de vapes jetables telles que Fumot RandM Vape, Vapme, Bang Vape, Waspe Vape et WGA Vape, etc.<\/p>\n<p>Notre gamme comprend des vapes tr\u00e8s demand\u00e9es comme le <a href=\"https:\/\/vapestornado.com\/fr\/product\/fumot-randm-tornado-15000-puffs-rechargeable-disposable-vape-wholesale\/\">RandM Tornade 15000<\/a>, et des choix riches en saveurs comme le <a href=\"https:\/\/vapestornado.com\/fr\/product\/waspe-40000-puffs-double-flavour-led-display-disposable-vape-wholesale\/\">WASPE Double Saveur 40000 Bouff\u00e9es<\/a> . Chaque produit est choisi en mettant l'accent sur la qualit\u00e9, la valeur et la vari\u00e9t\u00e9, vous assurant de trouver la correspondance parfaite \u00e0 vos besoins. D\u00e9couvrez un service exceptionnel et une large gamme de produits de qualit\u00e9 sup\u00e9rieure chez vapestornado.<\/p>\n<\/div>\n<h3><\/h3>\n<div class=\"relative p-1 rounded-sm flex items-center justify-center bg-token-main-surface-primary text-token-text-primary h-8 w-8\">\n<h3>FAQ pour la vape jetable rechargeable Bang 36000<\/h3>\n<\/div>\n<\/div>\n<\/div>\n<\/div>\n<div class=\"group\/conversation-turn relative flex w-full min-w-0 flex-col agent-turn\">\n<div class=\"flex-col gap-1 md:gap-3\">\n<div class=\"flex max-w-full flex-col flex-grow\">\n<div class=\"min-h-8 text-message flex w-full flex-col items-end gap-2 whitespace-normal break-words [.text-message+&amp;]:mt-5\" dir=\"auto\" data-message-author-role=\"assistant\" data-message-id=\"db716a1c-9ed0-4b8d-b3b0-7bdb913c3d42\" data-message-model-slug=\"gpt-4o\">\n<div class=\"flex w-full flex-col gap-1 empty:hidden first:pt-[3px]\">\n<div class=\"markdown prose w-full break-words dark:prose-invert light\">\n<div class=\"flex max-w-full flex-col flex-grow\">\n<div class=\"min-h-8 text-message flex w-full flex-col items-end gap-2 whitespace-normal break-words text-start [.text-message+&amp;]:mt-5\" dir=\"auto\" data-message-author-role=\"assistant\" data-message-id=\"2dbf2369-71ab-44c2-8168-31d5a517a1e4\" data-message-model-slug=\"gpt-4o-mini\">\n<div class=\"flex w-full flex-col gap-1 empty:hidden first:pt-[3px]\">\n<div class=\"markdown prose w-full break-words dark:prose-invert light\">\n<article class=\"text-token-text-primary w-full focus:outline-none [--shadow-height:45px] has-data-writing-block:pointer-events-none has-data-writing-block:-mt-(--shadow-height) has-data-writing-block:pt-(--shadow-height) [&amp;:has([data-writing-block])&gt;*]:pointer-events-auto scroll-mt-[calc(var(--header-height)+min(200px,max(70px,20svh)))]\" dir=\"auto\" tabindex=\"-1\" data-turn-id=\"ee759558-2db1-4861-8932-66c87485c242\" data-testid=\"conversation-turn-82\" data-scroll-anchor=\"true\" data-turn=\"assistant\">\n<div class=\"text-base my-auto mx-auto pb-10 [--thread-content-margin:--spacing(4)] @w-sm\/main:[--thread-content-margin:--spacing(6)] @w-lg\/main:[--thread-content-margin:--spacing(16)] px-(--thread-content-margin)\">\n<div class=\"[--thread-content-max-width:40rem] @w-lg\/main:[--thread-content-max-width:48rem] mx-auto max-w-(--thread-content-max-width) flex-1 group\/turn-messages focus-visible:outline-hidden relative flex w-full min-w-0 flex-col agent-turn\" tabindex=\"-1\">\n<div class=\"flex max-w-full flex-col grow\">\n<div class=\"min-h-8 text-message relative flex w-full flex-col items-end gap-2 text-start break-words whitespace-normal [.text-message+&amp;]:mt-1\" dir=\"auto\" data-message-author-role=\"assistant\" data-message-id=\"370325a1-2e03-4ed2-9b16-18960ddf0293\" data-message-model-slug=\"gpt-5-1\">\n<div class=\"flex w-full flex-col gap-1 empty:hidden first:pt-[1px]\">\n<div class=\"markdown prose dark:prose-invert w-full break-words light markdown-new-styling\">\n<p data-start=\"0\" data-end=\"139\">\n<ol data-start=\"141\" data-end=\"1633\">\n<li data-start=\"141\" data-end=\"427\">\n<p data-start=\"144\" data-end=\"427\"><strong data-start=\"144\" data-end=\"221\">Le Bang 36000 Smart Disposable Vape est-il adapt\u00e9 pour une inhalation MTL ou plus l\u00e2che<\/strong><br data-start=\"221\" data-end=\"224\" \/>Oui. Le <strong data-start=\"233\" data-end=\"269\" data-is-only-node=\"\">Bang 36000 Vape Jetable Intelligent<\/strong> dispose d'une airflow r\u00e9glable, permettant de l'ajuster pour une inhalation plus serr\u00e9e de style MTL ou de l'ouvrir pour une inhalation plus l\u00e2che. Cela aide les ex-fumeurs \u00e0 reproduire l'inhalation \u00e0 laquelle ils sont habitu\u00e9s.<\/p>\n<\/li>\n<li data-start=\"429\" data-end=\"754\">\n<p data-start=\"432\" data-end=\"754\"><strong data-start=\"432\" data-end=\"517\">Le Bang King 36K peut-il \u00eatre utilis\u00e9 jusqu'\u00e0 la derni\u00e8re goutte sans perte de performance<\/strong><br data-start=\"517\" data-end=\"520\" \/>L' <strong data-start=\"524\" data-end=\"552\" data-is-only-node=\"\">Bang King 36K jetable<\/strong> utilise une r\u00e9sistance en mesh de 0,6\u03a9 et une batterie rechargeable. Le chauffage par mesh maintient une sortie plus stable sur un grand r\u00e9servoir, et la recharge \u00e9vite l'arr\u00eat pr\u00e9matur\u00e9 de la batterie, ce qui permet une performance plus coh\u00e9rente en profondeur d'utilisation.<\/p>\n<\/li>\n<li data-start=\"756\" data-end=\"1035\">\n<p data-start=\"759\" data-end=\"1035\"><strong data-start=\"759\" data-end=\"839\">Pourquoi mon jetable Bang 36 000 bouff\u00e9es semble-t-il parfois plus faible apr\u00e8s la recharge<\/strong><br data-start=\"839\" data-end=\"842\" \/>Juste apr\u00e8s la recharge, la condensation de l'air peut l\u00e9g\u00e8rement adoucir les premi\u00e8res bouff\u00e9es. Faites quelques inhalations courtes et cela se dissipe g\u00e9n\u00e9ralement. Si cela reste faible, v\u00e9rifiez que le flux d'air n'est pas r\u00e9gl\u00e9 trop serr\u00e9.<\/p>\n<\/li>\n<li data-start=\"1037\" data-end=\"1313\">\n<p data-start=\"1040\" data-end=\"1313\"><strong data-start=\"1040\" data-end=\"1120\">Le Bang 36000 Smart Disposable est-il livr\u00e9 avec des saveurs mixtes pour les commandes en gros<\/strong><br data-start=\"1120\" data-end=\"1123\" \/>La plupart des grossistes permettent des cartons de saveurs mixtes pour la <strong data-start=\"1175\" data-end=\"1206\" data-is-only-node=\"\">Ligne Bang 36000 Smart Disposable<\/strong> Avec 12 saveurs disponibles, les boutiques m\u00e9langent souvent les best-sellers avec quelques favoris r\u00e9gionaux pour tester la demande.<\/p>\n<\/li>\n<li data-start=\"1315\" data-end=\"1633\">\n<p data-start=\"1318\" data-end=\"1633\"><strong data-start=\"1318\" data-end=\"1399\">Comment dois-je stocker le Bang 36K Smart Disposable pour \u00e9viter les fuites ou les hits secs<\/strong><br data-start=\"1399\" data-end=\"1402\" \/>Conservez le <strong data-start=\"1412\" data-end=\"1446\" data-is-only-node=\"\">Bang 36K Smart Disposable Vape<\/strong> debout lorsque cela est possible et gardez-le \u00e0 l'\u00e9cart des voitures chaudes ou des conditions de gel. Les variations extr\u00eames de temp\u00e9rature peuvent provoquer de la condensation ou un e-liquide qui s'amincit, ce qui est la cause habituelle de petites fuites.<\/p>\n<\/li>\n<\/ol>\n<\/div>\n<\/div>\n<\/div>\n<\/div>\n<\/div>\n<\/div>\n<\/article>\n<\/div>\n<\/div>\n<\/div>\n<\/div>\n<\/div>\n<\/div>\n<\/div>\n<\/div>\n<\/div>\n<\/div>","protected":false},"excerpt":{"rendered":"<p>Bang 36000 Vape Jetable Intelligente \u2014 36K Bouff\u00e9es Con\u00e7ues pour une Utilisation Quotidienne Longue<br \/>\nBobine en Mesh 36K et Flux d'Air Ajustable pour Vapeur Lisse et Dense<br \/>\nBang 36000 Vape Jetable Intelligente avec \u00c9cran LED et Rechargeable Type-C<\/p>\n<p><strong>Ajoutez le WhatsApp d'Amy pour obtenir une bonne r\u00e9ponse et un coupon de vape !<\/strong><\/p>\n<p><img fetchpriority=\"high\" decoding=\"async\" class=\"size-full wp-image-2932\" src=\"https:\/\/vapestornado.com\/wp-content\/uploads\/2024\/12\/Vape-Wholesale.jpg\" alt=\"Vente en Gros de Vapes\" width=\"229\" height=\"300\" \/><\/p>\n<h3><a href=\"https:\/\/wa.me\/8617776015835\"><span style=\"color: #ff0000;\"><strong>WhatsApp : +86 17776015835<\/strong><\/span><\/a><\/h3>\n<p>&nbsp;<\/p>","protected":false},"featured_media":3006,"comment_status":"open","ping_status":"closed","template":"","meta":{"_acf_changed":false,"_uag_custom_page_level_css":"","_lmt_disableupdate":"no","_lmt_disable":"","_monsterinsights_skip_tracking":false,"_monsterinsights_sitenote_active":false,"_monsterinsights_sitenote_note":"","_monsterinsights_sitenote_category":0,"site-sidebar-layout":"default","site-content-layout":"","ast-site-content-layout":"default","site-content-style":"default","site-sidebar-style":"default","ast-global-header-display":"","ast-banner-title-visibility":"","ast-main-header-display":"","ast-hfb-above-header-display":"","ast-hfb-below-header-display":"","ast-hfb-mobile-header-display":"","site-post-title":"","ast-breadcrumbs-content":"","ast-featured-img":"","footer-sml-layout":"","ast-disable-related-posts":"","theme-transparent-header-meta":"default","adv-header-id-meta":"","stick-header-meta":"","header-above-stick-meta":"","header-main-stick-meta":"","header-below-stick-meta":"","astra-migrate-meta-layouts":"set","ast-page-background-enabled":"default","ast-page-background-meta":{"desktop":{"background-color":"","background-image":"","background-repeat":"repeat","background-position":"center center","background-size":"auto","background-attachment":"scroll","background-type":"","background-media":"","overlay-type":"","overlay-color":"","overlay-opacity":"","overlay-gradient":""},"tablet":{"background-color":"","background-image":"","background-repeat":"repeat","background-position":"center center","background-size":"auto","background-attachment":"scroll","background-type":"","background-media":"","overlay-type":"","overlay-color":"","overlay-opacity":"","overlay-gradient":""},"mobile":{"background-color":"","background-image":"","background-repeat":"repeat","background-position":"center center","background-size":"auto","background-attachment":"scroll","background-type":"","background-media":"","overlay-type":"","overlay-color":"","overlay-opacity":"","overlay-gradient":""}},"ast-content-background-meta":{"desktop":{"background-color":"var(--ast-global-color-5)","background-image":"","background-repeat":"repeat","background-position":"center center","background-size":"auto","background-attachment":"scroll","background-type":"","background-media":"","overlay-type":"","overlay-color":"","overlay-opacity":"","overlay-gradient":""},"tablet":{"background-color":"var(--ast-global-color-5)","background-image":"","background-repeat":"repeat","background-position":"center center","background-size":"auto","background-attachment":"scroll","background-type":"","background-media":"","overlay-type":"","overlay-color":"","overlay-opacity":"","overlay-gradient":""},"mobile":{"background-color":"var(--ast-global-color-5)","background-image":"","background-repeat":"repeat","background-position":"center center","background-size":"auto","background-attachment":"scroll","background-type":"","background-media":"","overlay-type":"","overlay-color":"","overlay-opacity":"","overlay-gradient":""}},"_joinchat":{"telephone":"+8617776015835"}},"product_brand":[],"product_cat":[66,62,149,154,160,146],"product_tag":[109,108,110,105,93],"class_list":{"0":"post-3021","1":"product","2":"type-product","3":"status-publish","4":"has-post-thumbnail","6":"product_cat-36000-puff","7":"product_cat-bang-vape","8":"product_cat-buy-disposable-vapes-in-austria","9":"product_cat-buy-disposable-vapes-in-netherlands","10":"product_cat-buy-disposable-vapes-in-switzerland","11":"product_cat-rechargeable-disposable-vapes","12":"product_tag-bang-36000","13":"product_tag-bang-vape-36000","14":"product_tag-bang-vape-36k","15":"product_tag-digital-disposable-vape","16":"product_tag-vape-wholesale","17":"desktop-align-left","18":"tablet-align-left","19":"mobile-align-left","21":"first","22":"instock","23":"sale","24":"shipping-taxable","25":"purchasable","26":"product-type-simple"},"acf":[],"uagb_featured_image_src":{"full":["https:\/\/vapestornado.com\/wp-content\/uploads\/2024\/12\/Bang-36000-Puffs-Disposable-Vape-Wholesale-Price.jpg",1126,1126,false],"thumbnail":["https:\/\/vapestornado.com\/wp-content\/uploads\/2024\/12\/Bang-36000-Puffs-Disposable-Vape-Wholesale-Price-150x150.jpg",150,150,true],"medium":["https:\/\/vapestornado.com\/wp-content\/uploads\/2024\/12\/Bang-36000-Puffs-Disposable-Vape-Wholesale-Price-300x300.jpg",300,300,true],"medium_large":["https:\/\/vapestornado.com\/wp-content\/uploads\/2024\/12\/Bang-36000-Puffs-Disposable-Vape-Wholesale-Price-768x768.jpg",768,768,true],"large":["https:\/\/vapestornado.com\/wp-content\/uploads\/2024\/12\/Bang-36000-Puffs-Disposable-Vape-Wholesale-Price-1024x1024.jpg",1024,1024,true],"1536x1536":["https:\/\/vapestornado.com\/wp-content\/uploads\/2024\/12\/Bang-36000-Puffs-Disposable-Vape-Wholesale-Price.jpg",1126,1126,false],"2048x2048":["https:\/\/vapestornado.com\/wp-content\/uploads\/2024\/12\/Bang-36000-Puffs-Disposable-Vape-Wholesale-Price.jpg",1126,1126,false],"trp-custom-language-flag":["https:\/\/vapestornado.com\/wp-content\/uploads\/2024\/12\/Bang-36000-Puffs-Disposable-Vape-Wholesale-Price.jpg",12,12,false],"woocommerce_thumbnail":["https:\/\/vapestornado.com\/wp-content\/uploads\/2024\/12\/Bang-36000-Puffs-Disposable-Vape-Wholesale-Price-300x300.jpg",300,300,true],"woocommerce_single":["https:\/\/vapestornado.com\/wp-content\/uploads\/2024\/12\/Bang-36000-Puffs-Disposable-Vape-Wholesale-Price-600x600.jpg",600,600,true],"woocommerce_gallery_thumbnail":["https:\/\/vapestornado.com\/wp-content\/uploads\/2024\/12\/Bang-36000-Puffs-Disposable-Vape-Wholesale-Price-100x100.jpg",100,100,true]},"uagb_author_info":{"display_name":"ESAMY","author_link":"https:\/\/vapestornado.com\/fr\/author\/"},"uagb_comment_info":0,"uagb_excerpt":"Bang 36000 Smart Disposable Vape \u2014 36K Puffs Built for Long Daily Use Bang 36K Mesh Coil and Adjustable Airflow for Smooth, Dense Vapor Bang 36000 Smart Disposable with LED Screen and Type-C Rechargeable Power Add Amy's whatsapp to get right reply and vape vape coupon! WhatsApp: +86 17776015835 &nbsp;","_links":{"self":[{"href":"https:\/\/vapestornado.com\/fr\/wp-json\/wp\/v2\/product\/3021","targetHints":{"allow":["GET"]}}],"collection":[{"href":"https:\/\/vapestornado.com\/fr\/wp-json\/wp\/v2\/product"}],"about":[{"href":"https:\/\/vapestornado.com\/fr\/wp-json\/wp\/v2\/types\/product"}],"replies":[{"embeddable":true,"href":"https:\/\/vapestornado.com\/fr\/wp-json\/wp\/v2\/comments?post=3021"}],"wp:featuredmedia":[{"embeddable":true,"href":"https:\/\/vapestornado.com\/fr\/wp-json\/wp\/v2\/media\/3006"}],"wp:attachment":[{"href":"https:\/\/vapestornado.com\/fr\/wp-json\/wp\/v2\/media?parent=3021"}],"wp:term":[{"taxonomy":"product_brand","embeddable":true,"href":"https:\/\/vapestornado.com\/fr\/wp-json\/wp\/v2\/product_brand?post=3021"},{"taxonomy":"product_cat","embeddable":true,"href":"https:\/\/vapestornado.com\/fr\/wp-json\/wp\/v2\/product_cat?post=3021"},{"taxonomy":"product_tag","embeddable":true,"href":"https:\/\/vapestornado.com\/fr\/wp-json\/wp\/v2\/product_tag?post=3021"}],"curies":[{"name":"wp","href":"https:\/\/api.w.org\/{rel}","templated":true}]}}