{"id":3020,"date":"2024-12-09T09:13:52","date_gmt":"2024-12-09T09:13:52","guid":{"rendered":"https:\/\/vapestornado.com\/?post_type=product&#038;p=3020"},"modified":"2025-08-23T10:17:17","modified_gmt":"2025-08-23T10:17:17","slug":"vapme-uwin-crystal-10000-puff-vape-pen-cheap-price-2-5-nicotine","status":"publish","type":"product","link":"https:\/\/vapestornado.com\/fr\/product\/vapme-uwin-crystal-10000-puff-vape-pen-cheap-price-2-5-nicotine\/","title":{"rendered":"Vapme UWIN Crystal 10000 BOUFF\u00c9ES Vape Stylo Prix Pas Cher 2% 5% Nicotine"},"content":{"rendered":"<h1>Vapme UWIN Crystal 10000 BOUFF\u00c9ES Vape Stylo Prix Pas Cher 2% 5% Nicotine<\/h1>\n<p data-start=\"391\" data-end=\"692\">L' <strong data-start=\"395\" data-end=\"439\">Vape jetable UWIN Crystal 10000 Puffs<\/strong> combine capacit\u00e9, design et performance fiable, ce qui en fait un choix judicieux pour <strong data-start=\"523\" data-end=\"562\">les grossistes et les d\u00e9taillants en Europe<\/strong>. Avec jusqu'\u00e0 <strong data-start=\"575\" data-end=\"591\">10 000 bouff\u00e9es<\/strong> et une <strong data-start=\"599\" data-end=\"632\">R\u00e9servoir d'e-liquide pr\u00e9-rempli de 18 ml<\/strong>, il offre une utilisation plus longue par rapport aux produits jetables standard.<\/p>\n<p data-start=\"694\" data-end=\"952\">Aliment\u00e9 par une <strong data-start=\"707\" data-end=\"738\">batterie rechargeable de 650 mAh<\/strong> avec <strong data-start=\"744\" data-end=\"768\">Charge rapide Type-C<\/strong>, l'UWIN 10K assure une sortie stable et un temps d'arr\u00eat r\u00e9duit. Son <strong data-start=\"831\" data-end=\"849\">bobine de maille de 0,8 \u03a9<\/strong> fournit une production de vapeur douce et une distribution de saveur constante, attirant un large \u00e9ventail d'utilisateurs.<\/p>\n<p data-start=\"954\" data-end=\"1246\">Dot\u00e9 d'une <strong data-start=\"966\" data-end=\"994\">corps en cristal transparent<\/strong> avec <strong data-start=\"1000\" data-end=\"1016\">\u00c9clairage RVB<\/strong>, cette vape se d\u00e9marque dans les rayons des magasins tout en restant compacte et facile \u00e0 transporter. Disponible en <strong data-start=\"1112\" data-end=\"1144\">2% et 5% de taux de nicotine<\/strong>, le <strong data-start=\"1150\" data-end=\"1177\">UWIN Crystal 10000 Vape<\/strong> r\u00e9pond aux diff\u00e9rents besoins des clients, des vapoteurs occasionnels aux vapoteurs r\u00e9guliers.<\/p>\n<p data-start=\"1248\" data-end=\"1373\">Pour les grossistes, son <strong data-start=\"1269\" data-end=\"1297\">des prix de gros comp\u00e9titifs<\/strong> et son fort attrait aupr\u00e8s des consommateurs en font un produit rentable \u00e0 stocker en 2025.<\/p>\n<p><img fetchpriority=\"high\" decoding=\"async\" class=\"size-medium wp-image-2951\" src=\"https:\/\/vapestornado.com\/wp-content\/uploads\/2024\/12\/Wholesale-Disposable-Vape-265x300.jpg\" alt=\"Vape jetable en gros\" width=\"265\" height=\"300\" srcset=\"https:\/\/vapestornado.com\/wp-content\/uploads\/2024\/12\/Wholesale-Disposable-Vape-265x300.jpg 265w, https:\/\/vapestornado.com\/wp-content\/uploads\/2024\/12\/Wholesale-Disposable-Vape-768x871.jpg 768w, https:\/\/vapestornado.com\/wp-content\/uploads\/2024\/12\/Wholesale-Disposable-Vape-600x680.jpg 600w, https:\/\/vapestornado.com\/wp-content\/uploads\/2024\/12\/Wholesale-Disposable-Vape.jpg 823w\" sizes=\"(max-width: 265px) 100vw, 265px\" \/><\/p>\n<h6>Veuillez contacter Mandy sur WhatsApp pour obtenir un prix r\u00e9duit<a href=\"https:\/\/wa.me\/8618077105796\" target=\"_blank\" rel=\"noopener\">+8618077105796<\/a><\/h6>\n<p>&nbsp;<\/p>\n<h2><strong>Caract\u00e9ristiques principales des pods de cigarette \u00e9lectronique Uwin Crystal 10000 Puffs<\/strong><\/h2>\n<ul>\n<li><strong>Jusqu'\u00e0 10000 bouff\u00e9es<\/strong>: Performances durables pour une utilisation prolong\u00e9e.<\/li>\n<li><strong>Plusieurs concentrations de nicotine<\/strong>: Disponible en options de nicotine 0%, 2%, 3% et 5%.<\/li>\n<li><strong>Capacit\u00e9 de 18 ml d'e-liquide<\/strong>: Grand r\u00e9servoir pour moins de recharges.<\/li>\n<li><strong>Batterie rechargeable de 650 mAh<\/strong>: Chargement rapide de type C pour des mises sous tension rapides.<\/li>\n<li><strong>Bobine en maille de 0,8\u03a9<\/strong>: Saveur et production de vapeur am\u00e9lior\u00e9es.<\/li>\n<li><strong>Lumi\u00e8res RVB<\/strong>: \u00c9clairage dynamique pour un look moderne.<\/li>\n<li><strong>Achat en gros<\/strong>: Options de vente en gros avec 200 unit\u00e9s par carton.<\/li>\n<li><strong>Portable et l\u00e9ger<\/strong>: Facile \u00e0 transporter et id\u00e9al pour les d\u00e9butants et les vapoteurs exp\u00e9riment\u00e9s.<\/li>\n<\/ul>\n<h2><strong>Une gamme diversifi\u00e9e de saveurs<\/strong><\/h2>\n<p>Le Uwin Crystal 10000 Puffs propose une gamme de 15 saveurs distinctives soigneusement s\u00e9lectionn\u00e9es, con\u00e7ues pour satisfaire tous les palais. Que vous pr\u00e9f\u00e9riez les m\u00e9langes sucr\u00e9s, fruit\u00e9s ou les menthols rafra\u00eechissants, il y a une saveur pour chaque pr\u00e9f\u00e9rence. Voici un aper\u00e7u plus d\u00e9taill\u00e9 des options disponibles :<\/p>\n<p>1. Framboise Bleue<br \/>\n2. Raisin glac\u00e9<br \/>\n3. Fraise Past\u00e8que<br \/>\n4. Myrtille glac\u00e9e<br \/>\n5. Past\u00e8que glac\u00e9e<br \/>\n6. Cerise glac\u00e9e<br \/>\n7. Fraise framboise cerise<br \/>\n8. Kiwi fruit de la passion goyave<br \/>\n9. Fraise glac\u00e9e<br \/>\n10. P\u00eache glac\u00e9e<br \/>\n11. Fraise kiwi<br \/>\n12. P\u00eache baies<br \/>\n13. Cerise cola<br \/>\n14. Baies m\u00e9lang\u00e9es<br \/>\n15. Mr blue<\/p>\n<h3><strong>Pourquoi choisir <a href=\"https:\/\/vapestornado.com\/fr\/product\/vapme-uwin-crystal-10000-puff-vape-pen-cheap-price-2-5-nicotine\/\">Uwin Crystal 10000 bouff\u00e9es<\/a> de <a href=\"https:\/\/vapestornado.com\/fr\/store\/\">vapestornado.com<\/a>?<\/strong><\/h3>\n<ul>\n<li><strong>Qualit\u00e9 Premium<\/strong>: Le Uwin Crystal 10000 Puffs offre des performances exceptionnelles gr\u00e2ce \u00e0 la technologie de bobine en maille avanc\u00e9e, garantissant une saveur douce et une vapeur dense \u00e0 chaque bouff\u00e9e.<\/li>\n<li><strong>Longue dur\u00e9e<\/strong>: Avec jusqu'\u00e0 10 000 bouff\u00e9es et une grande capacit\u00e9 de e-liquide de 18 ml, cet appareil offre une utilisation prolong\u00e9e, ce qui en fait une option rentable pour les vapoteurs occasionnels et r\u00e9guliers.<\/li>\n<li><strong>Niveaux de nicotine personnalisables<\/strong>: Disponible en concentrations de nicotine de 0 %, 2 %, 3 % et 5 %, pour r\u00e9pondre \u00e0 un large \u00e9ventail de pr\u00e9f\u00e9rences.<\/li>\n<li><strong>Charge rapide<\/strong>: La batterie rechargeable de 650 mAh avec charge Type-C assure des recharges rapides et fiables, vous permettant de vapoter plus longtemps.<\/li>\n<li><strong>\u00c9l\u00e9gant et styl\u00e9<\/strong>: Le design transparent avec des lumi\u00e8res RVB vibrantes am\u00e9liore non seulement l'esth\u00e9tique, mais en fait \u00e9galement un accessoire remarquable.<\/li>\n<li><strong>Commodit\u00e9<\/strong>: Facile \u00e0 transporter et pr\u00eat \u00e0 l'emploi, parfait pour vapoter en d\u00e9placement.<\/li>\n<li><strong>Prix comp\u00e9titifs<\/strong>: vapestornado propose le Uwin Crystal 10000 Puffs \u00e0 un prix imbattable, avec des options d'achat en gros pour les grossistes.<\/li>\n<li><strong>Service fiable<\/strong>: Profitez d'une exp\u00e9dition rapide, d'un excellent support client et d'une exp\u00e9rience d'achat sans tracas sur vapestornado.com.<\/li>\n<\/ul>\n<p>&nbsp;<\/p>\n<h3><strong>Avantages d'acheter en gros sur vapestornado.com<\/strong><\/h3>\n<ul>\n<li><strong>\u00c9conomies<\/strong>: L'achat en gros r\u00e9duit le co\u00fbt par unit\u00e9, augmentant ainsi votre rentabilit\u00e9 globale.<\/li>\n<li><strong>Disponibilit\u00e9 constante<\/strong>: Maintenez un stock fiable pour r\u00e9pondre \u00e0 la demande des clients sans interruption, parfait pour maintenir le flux de l'entreprise.<\/li>\n<li><strong>Commandes flexibles<\/strong>: Personnalisez votre achat en gros avec une vari\u00e9t\u00e9 de saveurs et de forces de nicotine pour r\u00e9pondre \u00e0 votre client\u00e8le.<\/li>\n<li><strong>R\u00e9ductions exclusives pour les grossistes<\/strong>: Profitez de prix sp\u00e9ciaux sur les commandes en gros, vous assurant d'obtenir le meilleur rapport qualit\u00e9-prix sur les produits haut de gamme.<\/li>\n<\/ul>\n<div class=\"flex-shrink-0 flex flex-col relative items-end\">\n<div>\n<div class=\"pt-0\">\n<div class=\"gizmo-bot-avatar flex h-8 w-8 items-center justify-center overflow-hidden rounded-full\">\n<div class=\"relative p-1 rounded-sm flex items-center justify-center bg-token-main-surface-primary text-token-text-primary h-8 w-8\"><\/div>\n<\/div>\n<\/div>\n<\/div>\n<\/div>\n<div class=\"group\/conversation-turn relative flex w-full min-w-0 flex-col agent-turn\">\n<div class=\"flex-col gap-1 md:gap-3\">\n<div class=\"flex max-w-full flex-col flex-grow\">\n<div class=\"min-h-8 text-message flex w-full flex-col items-end gap-2 whitespace-normal break-words text-start [.text-message+&amp;]:mt-5\" dir=\"auto\" data-message-author-role=\"assistant\" data-message-id=\"782e374d-2cea-4922-b41d-46c77a1b831e\" data-message-model-slug=\"gpt-4o\">\n<div class=\"flex w-full flex-col gap-1 empty:hidden first:pt-[3px]\">\n<div class=\"markdown prose w-full break-words dark:prose-invert light\">\n<h3><strong>FAQ sur le Uwin Crystal 10000 Puffs Vape rechargeable<\/strong><\/h3>\n<\/div>\n<\/div>\n<\/div>\n<\/div>\n<\/div>\n<\/div>\n<div class=\"flex max-w-full flex-col flex-grow\">\n<div class=\"min-h-8 text-message flex w-full flex-col items-end gap-2 whitespace-normal break-words text-start [.text-message+&amp;]:mt-5\" dir=\"auto\" data-message-author-role=\"assistant\" data-message-id=\"782e374d-2cea-4922-b41d-46c77a1b831e\" data-message-model-slug=\"gpt-4o\">\n<div class=\"flex w-full flex-col gap-1 empty:hidden first:pt-[3px]\">\n<div class=\"markdown prose w-full break-words dark:prose-invert light\">\n<ol>\n<li><strong>Combien de temps dure le Uwin Crystal Vape 10000 Puffs?<\/strong><br \/>\nAvec jusqu'\u00e0 10 000 bouff\u00e9es, cet appareil est con\u00e7u pour durer plusieurs jours, voire plusieurs semaines, selon les habitudes d'utilisation.<\/li>\n<li><strong>Le Uwin Crystal 10k Puffs est-il rechargeable?<\/strong><br \/>\nOui, il dispose d'une batterie rechargeable de 650mAh avec chargement Type-C pour des recharges rapides et efficaces.<\/li>\n<li><strong>Quelles sont les forces de nicotine disponibles pour le Uwin Crystal 10000 Puffs?<\/strong><br \/>\nCet appareil est disponible en niveaux de nicotine de 0%, 2%, 3% et 5%, offrant des options pour s'adapter aux diff\u00e9rentes pr\u00e9f\u00e9rences.<\/li>\n<li><strong>Qu'est-ce qui rend le Uwin Crystal 10000 Puffs unique?<\/strong><br \/>\nLe Uwin Crystal se distingue par sa capacit\u00e9 de 18ml d'e-liquide, sa bobine maill\u00e9e avanc\u00e9e de 0,8\u03a9 pour une saveur am\u00e9lior\u00e9e, son design \u00e9l\u00e9gant et transparent, et son \u00e9clairage RVB dynamique.<\/li>\n<li><strong>Puis-je acheter le Uwin Crystal 10000 Puffs en gros?<\/strong><br \/>\nOui, vapestornado propose des options de vente en gros avec 200 unit\u00e9s par carton, id\u00e9ales pour les d\u00e9taillants ou les entreprises.<\/li>\n<li><strong>Le Uwin Crystal 10000 Puffs Disposable Vape est-il facile \u00e0 utiliser pour les d\u00e9butants?<\/strong><br \/>\nAbsolument! Son design convivial et activ\u00e9 par tirage le rend parfait pour les vapoteurs d\u00e9butants et exp\u00e9riment\u00e9s.<\/li>\n<\/ol>\n<\/div>\n<\/div>\n<\/div>\n<\/div>\n<div class=\"mb-2 flex gap-3 empty:hidden -ml-2\">\n<div class=\"items-center justify-start rounded-xl p-1 flex\"><\/div>\n<\/div>","protected":false},"excerpt":{"rendered":"<p>La cigarette \u00e9lectronique rechargeable UWIN Crystal 10000 Puffs offre des performances durables, un design \u00e9clatant et une saveur de premi\u00e8re qualit\u00e9 gr\u00e2ce \u00e0 une technologie de vapotage avanc\u00e9e.<\/p>\n<figure id=\"attachment_2951\" aria-describedby=\"caption-attachment-2951\" style=\"width: 265px\" class=\"wp-caption alignnone\"><img fetchpriority=\"high\" decoding=\"async\" class=\"size-medium wp-image-2951\" src=\"https:\/\/vapestornado.com\/wp-content\/uploads\/2024\/12\/Wholesale-Disposable-Vape-265x300.jpg\" alt=\"Vape jetable en gros\" width=\"265\" height=\"300\" srcset=\"https:\/\/vapestornado.com\/wp-content\/uploads\/2024\/12\/Wholesale-Disposable-Vape-265x300.jpg 265w, https:\/\/vapestornado.com\/wp-content\/uploads\/2024\/12\/Wholesale-Disposable-Vape-768x871.jpg 768w, https:\/\/vapestornado.com\/wp-content\/uploads\/2024\/12\/Wholesale-Disposable-Vape-600x680.jpg 600w, https:\/\/vapestornado.com\/wp-content\/uploads\/2024\/12\/Wholesale-Disposable-Vape.jpg 823w\" sizes=\"(max-width: 265px) 100vw, 265px\" \/><figcaption id=\"caption-attachment-2951\" class=\"wp-caption-text\">Contactez Mandy pour un prix r\u00e9duit<a href=\"https:\/\/wa.me\/8618077105796\">+86 18077105796<\/a><\/figcaption><\/figure>\n<p>&nbsp;<\/p>","protected":false},"featured_media":3009,"comment_status":"open","ping_status":"closed","template":"","meta":{"_acf_changed":false,"_uag_custom_page_level_css":"","_lmt_disableupdate":"no","_lmt_disable":"","_monsterinsights_skip_tracking":false,"_monsterinsights_sitenote_active":false,"_monsterinsights_sitenote_note":"","_monsterinsights_sitenote_category":0,"site-sidebar-layout":"default","site-content-layout":"","ast-site-content-layout":"default","site-content-style":"default","site-sidebar-style":"default","ast-global-header-display":"","ast-banner-title-visibility":"","ast-main-header-display":"","ast-hfb-above-header-display":"","ast-hfb-below-header-display":"","ast-hfb-mobile-header-display":"","site-post-title":"","ast-breadcrumbs-content":"","ast-featured-img":"","footer-sml-layout":"","ast-disable-related-posts":"","theme-transparent-header-meta":"default","adv-header-id-meta":"","stick-header-meta":"","header-above-stick-meta":"","header-main-stick-meta":"","header-below-stick-meta":"","astra-migrate-meta-layouts":"set","ast-page-background-enabled":"default","ast-page-background-meta":{"desktop":{"background-color":"","background-image":"","background-repeat":"repeat","background-position":"center center","background-size":"auto","background-attachment":"scroll","background-type":"","background-media":"","overlay-type":"","overlay-color":"","overlay-opacity":"","overlay-gradient":""},"tablet":{"background-color":"","background-image":"","background-repeat":"repeat","background-position":"center center","background-size":"auto","background-attachment":"scroll","background-type":"","background-media":"","overlay-type":"","overlay-color":"","overlay-opacity":"","overlay-gradient":""},"mobile":{"background-color":"","background-image":"","background-repeat":"repeat","background-position":"center center","background-size":"auto","background-attachment":"scroll","background-type":"","background-media":"","overlay-type":"","overlay-color":"","overlay-opacity":"","overlay-gradient":""}},"ast-content-background-meta":{"desktop":{"background-color":"var(--ast-global-color-5)","background-image":"","background-repeat":"repeat","background-position":"center center","background-size":"auto","background-attachment":"scroll","background-type":"","background-media":"","overlay-type":"","overlay-color":"","overlay-opacity":"","overlay-gradient":""},"tablet":{"background-color":"var(--ast-global-color-5)","background-image":"","background-repeat":"repeat","background-position":"center center","background-size":"auto","background-attachment":"scroll","background-type":"","background-media":"","overlay-type":"","overlay-color":"","overlay-opacity":"","overlay-gradient":""},"mobile":{"background-color":"var(--ast-global-color-5)","background-image":"","background-repeat":"repeat","background-position":"center center","background-size":"auto","background-attachment":"scroll","background-type":"","background-media":"","overlay-type":"","overlay-color":"","overlay-opacity":"","overlay-gradient":""}},"_joinchat":{"telephone":"+8618077105796"}},"product_brand":[],"product_cat":[106,140,149,150,153,155,158,141,233],"product_tag":[97,107],"class_list":{"0":"post-3020","1":"product","2":"type-product","3":"status-publish","4":"has-post-thumbnail","6":"product_cat-10000-puff","7":"product_cat-big-puffs-disposable-vapes","8":"product_cat-buy-disposable-vapes-in-austria","9":"product_cat-buy-disposable-vapes-in-belgium","10":"product_cat-buy-disposable-vapes-in-italy","11":"product_cat-buy-disposable-vapes-in-norway","12":"product_cat-buy-disposable-vapes-in-spain","13":"product_cat-crystal-disposable-vapes","14":"product_cat-uwin-vape","15":"product_tag-hot-sale-disposable-vape","16":"product_tag-uwin-crystal-10000-puffs","17":"desktop-align-left","18":"tablet-align-left","19":"mobile-align-left","21":"first","22":"instock","23":"sale","24":"shipping-taxable","25":"purchasable","26":"product-type-simple"},"acf":[],"uagb_featured_image_src":{"full":["https:\/\/vapestornado.com\/wp-content\/uploads\/2024\/12\/UWIN-Crystal-10000-Puffs-Vape-Pen-cherry-cola.jpg",800,800,false],"thumbnail":["https:\/\/vapestornado.com\/wp-content\/uploads\/2024\/12\/UWIN-Crystal-10000-Puffs-Vape-Pen-cherry-cola-150x150.jpg",150,150,true],"medium":["https:\/\/vapestornado.com\/wp-content\/uploads\/2024\/12\/UWIN-Crystal-10000-Puffs-Vape-Pen-cherry-cola-300x300.jpg",300,300,true],"medium_large":["https:\/\/vapestornado.com\/wp-content\/uploads\/2024\/12\/UWIN-Crystal-10000-Puffs-Vape-Pen-cherry-cola-768x768.jpg",768,768,true],"large":["https:\/\/vapestornado.com\/wp-content\/uploads\/2024\/12\/UWIN-Crystal-10000-Puffs-Vape-Pen-cherry-cola.jpg",800,800,false],"1536x1536":["https:\/\/vapestornado.com\/wp-content\/uploads\/2024\/12\/UWIN-Crystal-10000-Puffs-Vape-Pen-cherry-cola.jpg",800,800,false],"2048x2048":["https:\/\/vapestornado.com\/wp-content\/uploads\/2024\/12\/UWIN-Crystal-10000-Puffs-Vape-Pen-cherry-cola.jpg",800,800,false],"trp-custom-language-flag":["https:\/\/vapestornado.com\/wp-content\/uploads\/2024\/12\/UWIN-Crystal-10000-Puffs-Vape-Pen-cherry-cola.jpg",12,12,false],"woocommerce_thumbnail":["https:\/\/vapestornado.com\/wp-content\/uploads\/2024\/12\/UWIN-Crystal-10000-Puffs-Vape-Pen-cherry-cola-300x300.jpg",300,300,true],"woocommerce_single":["https:\/\/vapestornado.com\/wp-content\/uploads\/2024\/12\/UWIN-Crystal-10000-Puffs-Vape-Pen-cherry-cola-600x600.jpg",600,600,true],"woocommerce_gallery_thumbnail":["https:\/\/vapestornado.com\/wp-content\/uploads\/2024\/12\/UWIN-Crystal-10000-Puffs-Vape-Pen-cherry-cola-100x100.jpg",100,100,true]},"uagb_author_info":{"display_name":"ESMANDY","author_link":"https:\/\/vapestornado.com\/fr\/author\/"},"uagb_comment_info":0,"uagb_excerpt":"UWIN Crystal 10000 Puffs Rechargeable vape offers long-lasting performance, vibrant design, and premium flavor with advanced vaping technology. [caption id=\"attachment_2951\" align=\"alignnone\" width=\"265\"] Contact Mandy For Discount Price+86 18077105796[\/caption] &nbsp;","_links":{"self":[{"href":"https:\/\/vapestornado.com\/fr\/wp-json\/wp\/v2\/product\/3020","targetHints":{"allow":["GET"]}}],"collection":[{"href":"https:\/\/vapestornado.com\/fr\/wp-json\/wp\/v2\/product"}],"about":[{"href":"https:\/\/vapestornado.com\/fr\/wp-json\/wp\/v2\/types\/product"}],"replies":[{"embeddable":true,"href":"https:\/\/vapestornado.com\/fr\/wp-json\/wp\/v2\/comments?post=3020"}],"wp:featuredmedia":[{"embeddable":true,"href":"https:\/\/vapestornado.com\/fr\/wp-json\/wp\/v2\/media\/3009"}],"wp:attachment":[{"href":"https:\/\/vapestornado.com\/fr\/wp-json\/wp\/v2\/media?parent=3020"}],"wp:term":[{"taxonomy":"product_brand","embeddable":true,"href":"https:\/\/vapestornado.com\/fr\/wp-json\/wp\/v2\/product_brand?post=3020"},{"taxonomy":"product_cat","embeddable":true,"href":"https:\/\/vapestornado.com\/fr\/wp-json\/wp\/v2\/product_cat?post=3020"},{"taxonomy":"product_tag","embeddable":true,"href":"https:\/\/vapestornado.com\/fr\/wp-json\/wp\/v2\/product_tag?post=3020"}],"curies":[{"name":"wp","href":"https:\/\/api.w.org\/{rel}","templated":true}]}}