{"id":2993,"date":"2024-12-06T08:51:10","date_gmt":"2024-12-06T08:51:10","guid":{"rendered":"https:\/\/vapestornado.com\/?post_type=product&#038;p=2993"},"modified":"2025-08-23T10:20:29","modified_gmt":"2025-08-23T10:20:29","slug":"randm-tornado-25000-puffs-2-nicotine-bulk-buy-vape-pods","status":"publish","type":"product","link":"https:\/\/vapestornado.com\/fr\/product\/randm-tornado-25000-puffs-2-nicotine-bulk-buy-vape-pods\/","title":{"rendered":"Randm Tornado 25000 Bouff\u00e9es 2% Nicotine Achat en gros Vapes Pods"},"content":{"rendered":"<h1>Randm Tornado 25000 Bouff\u00e9es 2% Nicotine Achat en Gros Pods de Vape<\/h1>\n<p>&nbsp;<\/p>\n<p data-start=\"281\" data-end=\"553\">L' <strong data-start=\"285\" data-end=\"323\">Randm Tornado 25000 Bouff\u00e9es Vape Pod<\/strong> est con\u00e7u pour les grossistes et les propri\u00e9taires de magasins \u00e0 la recherche d'une vape jetable haute capacit\u00e9 et riche en fonctionnalit\u00e9s. Avec jusqu'\u00e0 <strong data-start=\"436\" data-end=\"463\">25 000 bouff\u00e9es par appareil<\/strong> et une <strong data-start=\"470\" data-end=\"492\">R\u00e9servoir d'e-liquide de 20 ml<\/strong>, il offre une utilisation durable et un fort potentiel de revente.<\/p>\n<p data-start=\"555\" data-end=\"811\">\u00c9quip\u00e9 d'une <strong data-start=\"571\" data-end=\"602\">batterie rechargeable de 700mAh<\/strong> et de <strong data-start=\"607\" data-end=\"631\">Charge rapide Type-C<\/strong>, le Randm 25K minimise les temps d'arr\u00eat. Son <strong data-start=\"671\" data-end=\"698\">technologie de commutateur tactile<\/strong> et de <strong data-start=\"703\" data-end=\"720\">mode de jeu amusant<\/strong> ajoute de l'interactivit\u00e9, ce qui le rend populaire aupr\u00e8s des jeunes consommateurs europ\u00e9ens. Les fonctionnalit\u00e9s incluent\u00a0:<\/p>\n<ul data-start=\"812\" data-end=\"925\">\n<li data-start=\"812\" data-end=\"849\">\n<p data-start=\"814\" data-end=\"849\"><strong data-start=\"814\" data-end=\"828\">Double-clic<\/strong> pour r\u00e9veiller l'\u00e9cran<\/p>\n<\/li>\n<li data-start=\"850\" data-end=\"886\">\n<p data-start=\"852\" data-end=\"886\"><strong data-start=\"852\" data-end=\"866\">Triple-clic<\/strong> pour r\u00e9gler la puissance<\/p>\n<\/li>\n<li data-start=\"887\" data-end=\"925\">\n<p data-start=\"889\" data-end=\"925\"><strong data-start=\"889\" data-end=\"901\">Quadruple-clic<\/strong> pour activer le mode jeu<\/p>\n<\/li>\n<\/ul>\n<p data-start=\"927\" data-end=\"1181\">Disponible en <strong data-start=\"940\" data-end=\"979\">options de nicotine 0 %, 2 %, 3 % et 5 %<\/strong>, le <strong data-start=\"985\" data-end=\"1006\">Tornado Randm 25K<\/strong> s'adresse aux utilisateurs l\u00e9gers et intensifs. Compact, \u00e9l\u00e9gant et portable, il combine performance et commodit\u00e9, ce qui en fait un vendeur solide sur le march\u00e9 de la vape en gros en Europe.<\/p>\n<p><img fetchpriority=\"high\" decoding=\"async\" class=\"size-medium wp-image-2951\" src=\"https:\/\/vapestornado.com\/wp-content\/uploads\/2024\/12\/Wholesale-Disposable-Vape-265x300.jpg\" alt=\"Vape jetable en gros\" width=\"265\" height=\"300\" srcset=\"https:\/\/vapestornado.com\/wp-content\/uploads\/2024\/12\/Wholesale-Disposable-Vape-265x300.jpg 265w, https:\/\/vapestornado.com\/wp-content\/uploads\/2024\/12\/Wholesale-Disposable-Vape-768x871.jpg 768w, https:\/\/vapestornado.com\/wp-content\/uploads\/2024\/12\/Wholesale-Disposable-Vape-600x680.jpg 600w, https:\/\/vapestornado.com\/wp-content\/uploads\/2024\/12\/Wholesale-Disposable-Vape.jpg 823w\" sizes=\"(max-width: 265px) 100vw, 265px\" \/><\/p>\n<h6>Veuillez contacter Mandy sur WhatsApp pour obtenir un prix r\u00e9duit<a href=\"https:\/\/wa.me\/8618077105796\" target=\"_blank\" rel=\"noopener\">+8618077105796<\/a><\/h6>\n<p>&nbsp;<\/p>\n<h2><strong>Caract\u00e9ristiques principales du Fumot Tornado Vape 25000 Bouff\u00e9es<\/strong><\/h2>\n<ul>\n<li><strong>Nombre de bouff\u00e9es :<\/strong> 25 000 bouff\u00e9es<\/li>\n<li><strong>, chacune con\u00e7ue pour une satisfaction ultime.<\/strong> 700mAh, rechargeable<\/li>\n<li><strong>Capacit\u00e9 d'e-liquide :<\/strong> 20ml<\/li>\n<li><strong>Taux de nicotine :<\/strong> 0%, 2%, 3%, 5%<\/li>\n<li><strong>Chargement :<\/strong> Charge rapide Type-C<\/li>\n<li><strong>Mode Jeu :<\/strong> Fonction de jeu interactive amusante<\/li>\n<li><strong>Fonctions du commutateur tactile :<\/strong>\n<ul>\n<li>Double-tap : R\u00e9veiller l'\u00e9cran<\/li>\n<li>Triple-tap : Ajuster la puissance<\/li>\n<li>Quadruple-tap : Entrer en mode jeu ; cliquer une fois pour jouer<\/li>\n<\/ul>\n<\/li>\n<li><strong>Conception :<\/strong> Pod de vape portable et convivial<\/li>\n<\/ul>\n<h2><strong>Liste des saveurs de vape jetable RandM Tornado 25k Puff :<\/strong><\/h2>\n<p>1. Glace \u00e0 la banane<br \/>\n2. Fraise past\u00e8que<br \/>\n3. Menthe de Miami<br \/>\n4. Framboise myrtille<br \/>\n5. Glace noire<br \/>\n6. Glace aux bonbons g\u00e9lifi\u00e9s blancs<br \/>\n7. Glace \u00e0 la past\u00e8que<br \/>\n8. Glace \u00e0 la p\u00eache juteuse<br \/>\n9. Limonade rose<br \/>\n10. Mangue Fraise<br \/>\n11. P\u00eache Mangue Past\u00e8que<br \/>\n12. Raisin Citron<br \/>\n13. Explosion Arc-en-ciel Tropicale<br \/>\n14. Bombe Cerise<br \/>\n15. Bonbon Fraise Menthe<br \/>\n16. Double Pomme<br \/>\n17. Myrtille Glac\u00e9e<br \/>\n18. Fraise Glac\u00e9e<br \/>\n19. Glace luxuriante<br \/>\n20. Ananas Glac\u00e9<br \/>\n21. Raisin Glac\u00e9<br \/>\n22. Dr Blue<br \/>\n23. Kiwi Fruit de la Passion Goyave<br \/>\n24. Cola Cerise<\/p>\n<h3>Pourquoi choisir RandM Tornado 25000 Puff chez <a href=\"https:\/\/vapestornado.com\/fr\/\">tornade de vapeur<\/a>?<\/h3>\n<p><strong>1. Avantages d'acheter chez vapestornado<\/strong><\/p>\n<ul>\n<li><strong>Large s\u00e9lection<\/strong>: vapestornado offre une gamme compl\u00e8te de marques et de mod\u00e8les de vape de haute qualit\u00e9, r\u00e9pondant \u00e0 tous les besoins des clients en un seul endroit.<\/li>\n<li><strong>Service excellent<\/strong>: Profitez d'une exp\u00e9dition rapide et d'un support apr\u00e8s-vente fiable pour une exp\u00e9rience d'achat sans souci.<\/li>\n<li><strong>Prix transparents<\/strong>: Chaque produit est list\u00e9 avec des prix clairs et d\u00e9taill\u00e9s, sans co\u00fbts cach\u00e9s.<\/li>\n<li><strong>Offres sp\u00e9ciales<\/strong>: Remises et promotions r\u00e9guli\u00e8res, avec des offres exclusives pour les membres.<\/li>\n<li><strong>Plateforme conviviale<\/strong>: Site web facile \u00e0 naviguer prenant en charge plusieurs langues et m\u00e9thodes de paiement, y compris les cartes de cr\u00e9dit et PayPal.<\/li>\n<\/ul>\n<p><strong>2. Points forts du RandM Tornado 25k Puffs<\/strong><\/p>\n<ul>\n<li><strong>Utilisation longue dur\u00e9e<\/strong>: Con\u00e7u avec 25 000 bouff\u00e9es, assurant durabilit\u00e9 et utilisation prolong\u00e9e pour les vapoteurs fr\u00e9quents.<\/li>\n<li><strong>Batterie puissante<\/strong>: \u00c9quip\u00e9 d'une batterie rechargeable de 700mAh et d'une charge rapide de type C pour une commodit\u00e9 \u00e9cologique.<\/li>\n<li><strong>Options de saveurs riches<\/strong>: Offre jusqu'\u00e0 30 saveurs, y compris des profils fruit\u00e9s, menthol\u00e9s et inspir\u00e9s de boissons pour satisfaire divers go\u00fbts.<\/li>\n<li><strong>Design \u00e9l\u00e9gant<\/strong>: Comprend des lumi\u00e8res LED pour un look tendance et accrocheur.<\/li>\n<li><strong>Facilit\u00e9 d'utilisation<\/strong>: Pr\u00eat \u00e0 l'emploi d\u00e8s la sortie de la bo\u00eete, sans aucune configuration requise, parfait pour les d\u00e9butants et les utilisateurs exp\u00e9riment\u00e9s.<\/li>\n<\/ul>\n<p><strong>3. Tarification sp\u00e9ciale de vapestornado<\/strong><\/p>\n<ul>\n<li><strong>Prix abordable<\/strong>: RandM Tornado 25000 Puffs est disponible au prix promotionnel de vapestornado, vous permettant d'\u00e9conomiser X% par rapport aux prix du march\u00e9.<\/li>\n<li><strong>Remises en gros<\/strong>: \u00c9conomies suppl\u00e9mentaires pour les achats en gros, id\u00e9ales pour les distributeurs et les acheteurs en gros.<\/li>\n<li><strong>Offres \u00e0 dur\u00e9e limit\u00e9e<\/strong>: Consultez la page d'accueil pour des coupons de r\u00e9duction exclusifs sur les produits RandM.<\/li>\n<\/ul>\n<p>Achetez maintenant sur vapestornado pour profiter d'offres imbattables et d'une exp\u00e9rience de vapotage exceptionnelle avec RandM Tornado 25000 Bouff\u00e9es !<\/p>\n<h3><\/h3>\n<h3>FAQ sur la Vape RandM 25000 Bouff\u00e9es Rechargeable :<\/h3>\n<ul>\n<li><strong>Combien de temps devrait durer le RandM Tornado 25000 Bouff\u00e9es ?<\/strong><br \/>\nLe RandM Tornado 25000 Bouff\u00e9es offre une exp\u00e9rience de vapotage longue dur\u00e9e, fournissant jusqu'\u00e0 25 000 bouff\u00e9es, ce qui le rend parfait pour une utilisation prolong\u00e9e sans remplacements fr\u00e9quents.<\/li>\n<li><strong>Comment activer le RandM Tornado 25000 Bouff\u00e9es ?<\/strong><br \/>\nLe RandM Tornado 25000 Bouff\u00e9es est pr\u00eat \u00e0 l'emploi d\u00e8s sa sortie de l'emballage. Il suffit d'inhaler par l'embout buccal pour activer l'appareil, sans boutons ni configurations compliqu\u00e9es.<\/li>\n<li><strong>Le RandM Tornado 25000 Bouff\u00e9es est-il rechargeable ?<\/strong><br \/>\nOui, le RandM Tornado 25000 Bouff\u00e9es est dot\u00e9 d'une batterie rechargeable de 700 mAh, vous assurant de profiter de performances constantes avec une charge rapide de Type-C.<\/li>\n<li><strong>Comment savoir quand la batterie ou l'e-liquide de mon RandM Tornado 25000 Bouff\u00e9es est presque \u00e9puis\u00e9 ?<\/strong><br \/>\nLorsque la production de vapeur diminue ou que le go\u00fbt devient moins intense, c'est un signe que la batterie ou l'e-liquide est presque \u00e9puis\u00e9. Rechargez la batterie ou remplacez l'appareil une fois l'e-liquide termin\u00e9.<\/li>\n<\/ul>","protected":false},"excerpt":{"rendered":"<p data-start=\"1221\" data-end=\"1388\">L' <strong data-start=\"1225\" data-end=\"1263\">Randm Tornado 25000 Bouff\u00e9es Vape Pod<\/strong> offre des options de nicotine doubles, des commandes tactiles intelligentes et 25 000 bouff\u00e9es. Un choix fiable pour <strong data-start=\"1353\" data-end=\"1385\">achat en gros en Europe<\/strong>.<\/p>\n<figure id=\"attachment_2951\" aria-describedby=\"caption-attachment-2951\" style=\"width: 265px\" class=\"wp-caption alignnone\"><img fetchpriority=\"high\" decoding=\"async\" class=\"size-medium wp-image-2951\" src=\"https:\/\/vapestornado.com\/wp-content\/uploads\/2024\/12\/Wholesale-Disposable-Vape-265x300.jpg\" alt=\"Vape jetable en gros\" width=\"265\" height=\"300\" srcset=\"https:\/\/vapestornado.com\/wp-content\/uploads\/2024\/12\/Wholesale-Disposable-Vape-265x300.jpg 265w, https:\/\/vapestornado.com\/wp-content\/uploads\/2024\/12\/Wholesale-Disposable-Vape-768x871.jpg 768w, https:\/\/vapestornado.com\/wp-content\/uploads\/2024\/12\/Wholesale-Disposable-Vape-600x680.jpg 600w, https:\/\/vapestornado.com\/wp-content\/uploads\/2024\/12\/Wholesale-Disposable-Vape.jpg 823w\" sizes=\"(max-width: 265px) 100vw, 265px\" \/><figcaption id=\"caption-attachment-2951\" class=\"wp-caption-text\">Veuillez contacter Mandy sur WhatsApp pour obtenir un prix r\u00e9duit<a href=\"https:\/\/wa.me\/8618077105796\">+8618077105796<\/a><\/figcaption><\/figure>\n<p>&nbsp;<\/p>","protected":false},"featured_media":2987,"comment_status":"open","ping_status":"closed","template":"","meta":{"_acf_changed":false,"_uag_custom_page_level_css":"","_lmt_disableupdate":"no","_lmt_disable":"","_monsterinsights_skip_tracking":false,"_monsterinsights_sitenote_active":false,"_monsterinsights_sitenote_note":"","_monsterinsights_sitenote_category":0,"site-sidebar-layout":"default","site-content-layout":"","ast-site-content-layout":"default","site-content-style":"default","site-sidebar-style":"default","ast-global-header-display":"","ast-banner-title-visibility":"","ast-main-header-display":"","ast-hfb-above-header-display":"","ast-hfb-below-header-display":"","ast-hfb-mobile-header-display":"","site-post-title":"","ast-breadcrumbs-content":"","ast-featured-img":"","footer-sml-layout":"","ast-disable-related-posts":"","theme-transparent-header-meta":"default","adv-header-id-meta":"","stick-header-meta":"","header-above-stick-meta":"","header-main-stick-meta":"","header-below-stick-meta":"","astra-migrate-meta-layouts":"set","ast-page-background-enabled":"default","ast-page-background-meta":{"desktop":{"background-color":"","background-image":"","background-repeat":"repeat","background-position":"center center","background-size":"auto","background-attachment":"scroll","background-type":"","background-media":"","overlay-type":"","overlay-color":"","overlay-opacity":"","overlay-gradient":""},"tablet":{"background-color":"","background-image":"","background-repeat":"repeat","background-position":"center center","background-size":"auto","background-attachment":"scroll","background-type":"","background-media":"","overlay-type":"","overlay-color":"","overlay-opacity":"","overlay-gradient":""},"mobile":{"background-color":"","background-image":"","background-repeat":"repeat","background-position":"center center","background-size":"auto","background-attachment":"scroll","background-type":"","background-media":"","overlay-type":"","overlay-color":"","overlay-opacity":"","overlay-gradient":""}},"ast-content-background-meta":{"desktop":{"background-color":"var(--ast-global-color-5)","background-image":"","background-repeat":"repeat","background-position":"center center","background-size":"auto","background-attachment":"scroll","background-type":"","background-media":"","overlay-type":"","overlay-color":"","overlay-opacity":"","overlay-gradient":""},"tablet":{"background-color":"var(--ast-global-color-5)","background-image":"","background-repeat":"repeat","background-position":"center center","background-size":"auto","background-attachment":"scroll","background-type":"","background-media":"","overlay-type":"","overlay-color":"","overlay-opacity":"","overlay-gradient":""},"mobile":{"background-color":"var(--ast-global-color-5)","background-image":"","background-repeat":"repeat","background-position":"center center","background-size":"auto","background-attachment":"scroll","background-type":"","background-media":"","overlay-type":"","overlay-color":"","overlay-opacity":"","overlay-gradient":""}},"_joinchat":{"telephone":"+8618077105796"}},"product_brand":[],"product_cat":[68,153,156,58,148],"product_tag":[97,102],"class_list":{"0":"post-2993","1":"product","2":"type-product","3":"status-publish","4":"has-post-thumbnail","6":"product_cat-25000-puff","7":"product_cat-buy-disposable-vapes-in-italy","8":"product_cat-buy-disposable-vapes-in-poland","9":"product_cat-fumot-vape","10":"product_cat-tornado-disposable-vapes","11":"product_tag-hot-sale-disposable-vape","12":"product_tag-randm-tornado-25k","13":"desktop-align-left","14":"tablet-align-left","15":"mobile-align-left","17":"first","18":"instock","19":"sale","20":"shipping-taxable","21":"purchasable","22":"product-type-simple"},"acf":[],"uagb_featured_image_src":{"full":["https:\/\/vapestornado.com\/wp-content\/uploads\/2024\/12\/RandM-Fumot-25000-Dr-Blue-Disposable-Vape.jpg",800,800,false],"thumbnail":["https:\/\/vapestornado.com\/wp-content\/uploads\/2024\/12\/RandM-Fumot-25000-Dr-Blue-Disposable-Vape-150x150.jpg",150,150,true],"medium":["https:\/\/vapestornado.com\/wp-content\/uploads\/2024\/12\/RandM-Fumot-25000-Dr-Blue-Disposable-Vape-300x300.jpg",300,300,true],"medium_large":["https:\/\/vapestornado.com\/wp-content\/uploads\/2024\/12\/RandM-Fumot-25000-Dr-Blue-Disposable-Vape-768x768.jpg",768,768,true],"large":["https:\/\/vapestornado.com\/wp-content\/uploads\/2024\/12\/RandM-Fumot-25000-Dr-Blue-Disposable-Vape.jpg",800,800,false],"1536x1536":["https:\/\/vapestornado.com\/wp-content\/uploads\/2024\/12\/RandM-Fumot-25000-Dr-Blue-Disposable-Vape.jpg",800,800,false],"2048x2048":["https:\/\/vapestornado.com\/wp-content\/uploads\/2024\/12\/RandM-Fumot-25000-Dr-Blue-Disposable-Vape.jpg",800,800,false],"trp-custom-language-flag":["https:\/\/vapestornado.com\/wp-content\/uploads\/2024\/12\/RandM-Fumot-25000-Dr-Blue-Disposable-Vape.jpg",12,12,false],"woocommerce_thumbnail":["https:\/\/vapestornado.com\/wp-content\/uploads\/2024\/12\/RandM-Fumot-25000-Dr-Blue-Disposable-Vape-300x300.jpg",300,300,true],"woocommerce_single":["https:\/\/vapestornado.com\/wp-content\/uploads\/2024\/12\/RandM-Fumot-25000-Dr-Blue-Disposable-Vape-600x600.jpg",600,600,true],"woocommerce_gallery_thumbnail":["https:\/\/vapestornado.com\/wp-content\/uploads\/2024\/12\/RandM-Fumot-25000-Dr-Blue-Disposable-Vape-100x100.jpg",100,100,true]},"uagb_author_info":{"display_name":"ESMANDY","author_link":"https:\/\/vapestornado.com\/fr\/author\/"},"uagb_comment_info":0,"uagb_excerpt":"The Randm Tornado 25000 Puffs Vape Pod offers dual nicotine options, smart touch controls, and 25K puffs. A reliable choice for wholesale bulk buy in Europe. [caption id=\"attachment_2951\" align=\"alignnone\" width=\"265\"] Pls Contact Mandy's WhatsApp For Discount Price+8618077105796[\/caption] &nbsp;","_links":{"self":[{"href":"https:\/\/vapestornado.com\/fr\/wp-json\/wp\/v2\/product\/2993","targetHints":{"allow":["GET"]}}],"collection":[{"href":"https:\/\/vapestornado.com\/fr\/wp-json\/wp\/v2\/product"}],"about":[{"href":"https:\/\/vapestornado.com\/fr\/wp-json\/wp\/v2\/types\/product"}],"replies":[{"embeddable":true,"href":"https:\/\/vapestornado.com\/fr\/wp-json\/wp\/v2\/comments?post=2993"}],"wp:featuredmedia":[{"embeddable":true,"href":"https:\/\/vapestornado.com\/fr\/wp-json\/wp\/v2\/media\/2987"}],"wp:attachment":[{"href":"https:\/\/vapestornado.com\/fr\/wp-json\/wp\/v2\/media?parent=2993"}],"wp:term":[{"taxonomy":"product_brand","embeddable":true,"href":"https:\/\/vapestornado.com\/fr\/wp-json\/wp\/v2\/product_brand?post=2993"},{"taxonomy":"product_cat","embeddable":true,"href":"https:\/\/vapestornado.com\/fr\/wp-json\/wp\/v2\/product_cat?post=2993"},{"taxonomy":"product_tag","embeddable":true,"href":"https:\/\/vapestornado.com\/fr\/wp-json\/wp\/v2\/product_tag?post=2993"}],"curies":[{"name":"wp","href":"https:\/\/api.w.org\/{rel}","templated":true}]}}