{"id":2974,"date":"2024-12-05T03:54:55","date_gmt":"2024-12-05T03:54:55","guid":{"rendered":"https:\/\/vapestornado.com\/?post_type=product&#038;p=2974"},"modified":"2025-08-23T11:41:10","modified_gmt":"2025-08-23T11:41:10","slug":"vopk-ultra-40000-puffs-2-in-1-digital-screen-rechargeable-disposable-vape","status":"publish","type":"product","link":"https:\/\/vapestornado.com\/fr\/product\/vopk-ultra-40000-puffs-2-in-1-digital-screen-rechargeable-disposable-vape\/","title":{"rendered":"VOPK ULTRA 40000 Bouff\u00e9es 2 en 1 Vape jetable rechargeable \u00e0 \u00e9cran num\u00e9rique"},"content":{"rendered":"<h1 class=\"product-title\">VOPK ULTRA 40000 Bouff\u00e9es 2 en 1 Vape jetable rechargeable \u00e0 \u00e9cran num\u00e9rique<\/h1>\n<p>D\u00e9couvrez le niveau sup\u00e9rieur du vapotage avec le <strong>VOPK ULTRA 40000<\/strong>, un appareil de pointe <strong>vape jetable rechargeable<\/strong> con\u00e7u pour offrir une commodit\u00e9, une saveur et des performances in\u00e9gal\u00e9es. Avec un extraordinaire syst\u00e8me <strong>40000 bouff\u00e9es<\/strong> et une <strong>2 en 1 double saveur<\/strong> , cet appareil permet aux utilisateurs de basculer entre deux go\u00fbts distincts en toute transparence, red\u00e9finissant le concept de vari\u00e9t\u00e9 des saveurs.<\/p>\n<p>Dot\u00e9 d'une \u00e9norme capacit\u00e9 <strong>capacit\u00e9 de 36 ml d\u2019e-liquide<\/strong> et disponible en <strong>concentrations de nicotine de 2% ou 5%<\/strong>, le <strong>VOPK 40K<\/strong> garantit que chaque bouff\u00e9e est douce, satisfaisante et adapt\u00e9e \u00e0 vos pr\u00e9f\u00e9rences. L'innovant <strong>\u00c9cran LED<\/strong> porte la commodit\u00e9 au niveau sup\u00e9rieur, en fournissant des informations en temps r\u00e9el sur la dur\u00e9e de vie de la batterie et les niveaux de e-liquide restants afin que vous puissiez vapoter sans souci.<\/p>\n<p>L' <strong>Batterie rechargeable de type C<\/strong> offre une charge rapide et fiable, tandis que son design compact et portable rend le <strong>VOPK ULTRA 40000<\/strong> parfait pour le vapotage en d\u00e9placement. Choisissez parmi 10 saveurs all\u00e9chantes pour vous adonner \u00e0 une exp\u00e9rience v\u00e9ritablement personnalisable, tout en profitant des avantages d'un <strong>vape jetable \u00e0 faible teneur en nicotine<\/strong>.<\/p>\n<p>Que vous soyez un d\u00e9taillant ou que vous cherchiez \u00e0 acheter en gros, le <strong>VOPK ULTRA 40000<\/strong> se distingue sur le march\u00e9 <strong>vente en gros de vape<\/strong> comme la combinaison parfaite de durabilit\u00e9, d'innovation et de prix abordable. Am\u00e9liorez votre exp\u00e9rience de vapotage avec un appareil con\u00e7u pour durer et pour offrir un double go\u00fbt, tout en vous tenant inform\u00e9 gr\u00e2ce \u00e0 son \u00e9cran LED <strong>\u00e9cran num\u00e9rique<\/strong>.<\/p>\n<p>Passez au <strong>VOPK ULTRA 40000 Bouff\u00e9es<\/strong> et profitez du meilleur du vapotage moderne avec style et commodit\u00e9 !<\/p>\n<p>&nbsp;<\/p>\n<p><strong>Ajoutez le Whatsapp d'Amy pour obtenir une r\u00e9ponse rapide et un coupon de vape !<\/strong><\/p>\n<p><img fetchpriority=\"high\" decoding=\"async\" class=\"size-full wp-image-2932\" src=\"https:\/\/vapestornado.com\/wp-content\/uploads\/2024\/12\/Vape-Wholesale.jpg\" alt=\"Vente en Gros de Vapes\" width=\"229\" height=\"300\" \/><\/p>\n<h3><a href=\"https:\/\/wa.me\/8617776015835\" target=\"_blank\" rel=\"noopener\"><span style=\"color: #ff0000;\"><strong>WhatsApp : +86 17776015835<\/strong><\/span><\/a><\/h3>\n<p>&nbsp;<\/p>\n<h2><strong>Caract\u00e9ristiques du produit VOPK ULTRA 40000 Bouff\u00e9es<\/strong><\/h2>\n<p>Bouff\u00e9es: 40000 Bouff\u00e9es<br \/>\nCapacit\u00e9 d\u2019E-Liquide: 36 mL<br \/>\nNicotine: 2%\/5%<br \/>\nRechargeable Type-C pour une charge rapide<br \/>\nL\u2019\u00e9cran LED intelligent affiche l\u2019autonomie de la batterie et les niveaux de e-liquide<br \/>\nExp\u00e9rience \u00e0 double saveur<br \/>\n10 saveurs au choix<\/p>\n<h2 class=\"product-title\"><strong>Liste des saveurs VOPK ULTRA 40000<\/strong><\/h2>\n<p>1.Fraise Past\u00e8que \/ Kiwi Fruit de la Passion Goyave<br \/>\n2.Myrtille Framboise \/ P\u00eache Mangue Past\u00e8que<br \/>\n3.Ours en G\u00e9latine Framboise Bleue \/ Fraise Kiwi<br \/>\n4.Cerise Framboise Bleue \/ Fraise Framboise<br \/>\n5.Citron P\u00e9tillant<br \/>\n6.Past\u00e8que glac\u00e9e \/ Framboise bleue glac\u00e9e<br \/>\n7.Ananas Framboise bleue \/ Triple Mangue<br \/>\n8.Explosion de baies et de raisin \/ Poire Pomme Framboise<br \/>\n9.Fraise Canneberge Cerise \/ Ananas Passion Citron vert<br \/>\n10.Myrtille Fraise Menthol \/ Myrtille Framboise Menthol<\/p>\n<p>&nbsp;<\/p>\n<h2>Pourquoi choisir vapestornado pour la vente en gros de la vape VOPK 40k ?<\/h2>\n<div class=\"flex-shrink-0 flex flex-col relative items-end\">\n<div class=\"pt-0\">\n<div class=\"gizmo-bot-avatar flex h-8 w-8 items-center justify-center overflow-hidden rounded-full\">\n<div class=\"relative p-1 rounded-sm flex items-center justify-center bg-token-main-surface-primary text-token-text-primary h-8 w-8\">\n<p>Bienvenue chez vapestornado, votre boutique de vape en ligne de confiance pour les vapes jetables de qualit\u00e9 sup\u00e9rieure. Avec plus de 5 ans d'expertise, nous vous proposons des marques populaires de vapes jetables telles que Fumot RandM Vape, Vapme, Bang Vape, Waspe Vape et WGA Vape, etc.<\/p>\n<p>Notre gamme comprend des vapes tr\u00e8s demand\u00e9es comme le <a href=\"https:\/\/vapestornado.com\/fr\/product\/fumot-randm-tornado-15000-puffs-rechargeable-disposable-vape-wholesale\/\">RandM Tornade 15000<\/a>, et des choix riches en saveurs comme le <a href=\"https:\/\/vapestornado.com\/fr\/product\/waspe-40000-puffs-double-flavour-led-display-disposable-vape-wholesale\/\">WASPE Double Saveur 40000 Bouff\u00e9es<\/a> . Chaque produit est choisi en mettant l'accent sur la qualit\u00e9, la valeur et la vari\u00e9t\u00e9, vous assurant de trouver la correspondance parfaite \u00e0 vos besoins. D\u00e9couvrez un service exceptionnel et une large gamme de produits de qualit\u00e9 sup\u00e9rieure chez vapestornado.<\/p>\n<\/div>\n<h3><\/h3>\n<div class=\"relative p-1 rounded-sm flex items-center justify-center bg-token-main-surface-primary text-token-text-primary h-8 w-8\">\n<h2>FAQ pour la vape jetable rechargeable VOPK 40k<\/h2>\n<\/div>\n<\/div>\n<\/div>\n<\/div>\n<div class=\"group\/conversation-turn relative flex w-full min-w-0 flex-col agent-turn\">\n<div class=\"flex-col gap-1 md:gap-3\">\n<div class=\"flex max-w-full flex-col flex-grow\">\n<div class=\"min-h-8 text-message flex w-full flex-col items-end gap-2 whitespace-normal break-words [.text-message+&amp;]:mt-5\" dir=\"auto\" data-message-author-role=\"assistant\" data-message-id=\"db716a1c-9ed0-4b8d-b3b0-7bdb913c3d42\" data-message-model-slug=\"gpt-4o\">\n<div class=\"flex w-full flex-col gap-1 empty:hidden first:pt-[3px]\">\n<div class=\"markdown prose w-full break-words dark:prose-invert light\">\n<p>&nbsp;<\/p>\n<p><strong>1. O\u00f9 acheter la vape jetable VOPK 40000 Puffs au prix de gros en France<\/strong><br \/>\nVous pouvez acheter le <strong>Vape jetable VOPK 40000 Puffs<\/strong> \u00e0 des prix de gros en ligne <strong>vente en gros de vape<\/strong> plateformes qui s'adressent \u00e0 la France.<\/p>\n<p><strong>2. Combien de bouff\u00e9es la VOPK Ultra 40k Puffs offre-t-elle?<\/strong><br \/>\nL' <strong>VOPK Ultra 40k Puffs vape jetable<\/strong> fournit jusqu'\u00e0 <strong>40 000 bouff\u00e9es<\/strong>, ce qui en fait l'un des appareils les plus durables disponibles.<\/p>\n<p><strong>3. Combien de temps dure la populaire bo\u00eete \u00e0 vape jetable VOPK 40000 bouff\u00e9es Ultra?<\/strong><br \/>\nLa dur\u00e9e de la <strong>VOPK Ultra 40000<\/strong> d\u00e9pend des habitudes d'utilisation, mais avec sa massive <strong>capacit\u00e9 de 36 ml d\u2019e-liquide<\/strong> et sa batterie rechargeable, elle est con\u00e7ue pour durer beaucoup plus longtemps que la plupart des vapes jetables.<\/p>\n<p><strong>4. Quelles sont les saveurs populaires pour la bo\u00eete num\u00e9rique VOPK 40000 Puffs?<\/strong><br \/>\nL' <strong>VOPK 40k bouff\u00e9es<\/strong> offre 10 saveurs excitantes, avec son syst\u00e8me <strong>double saveur<\/strong> permettant aux utilisateurs de profiter de deux go\u00fbts dans un seul appareil. Les saveurs populaires varient en fonction des pr\u00e9f\u00e9rences, mais les combinaisons fruit\u00e9es et menthol\u00e9es sont particuli\u00e8rementE appr\u00e9ci\u00e9es.<\/p>\n<p><strong>5. Combien de temps faut-il pour charger un VOPK 40k Puffs Spaceman Vapes jetables?<\/strong><br \/>\nL' <strong>VOPK Ultra 40k bouff\u00e9es<\/strong> utilise un <strong>Batterie rechargeable de type C<\/strong>, qui prend g\u00e9n\u00e9ralement environ <strong>1 \u00e0 2 heures<\/strong> pour se charger compl\u00e8tement, selon la source d'alimentation.<\/p>\n<p><strong>6. Quelle est la quantit\u00e9 de nicotine dans un VOPK 40k \u00c9cran num\u00e9rique bo\u00eete Vapes jetables?<\/strong><br \/>\nL' <strong>VOPK Ultra 40000<\/strong> est disponible en <strong>2% (20mg)<\/strong> or <strong>50mg<\/strong> taux de nicotine, r\u00e9pondant \u00e0 diff\u00e9rentes pr\u00e9f\u00e9rences de nicotine.<\/p>\n<\/div>\n<\/div>\n<\/div>\n<\/div>\n<\/div>\n<\/div>","protected":false},"excerpt":{"rendered":"<p>VOPK 40000 Puffs 2 en 1 Vape jetable double go\u00fbt 40K Vente en gros<br \/>\nVOPK Double saveur 40000 Puffs Vape jetable rechargeable<br \/>\nVOPK 40000 Puffs Double saveur avec \u00e9cran LED<\/p>\n<p><strong>Ajoutez le WhatsApp d'Amy pour obtenir une bonne r\u00e9ponse et un coupon de vape !<\/strong><\/p>\n<p><img fetchpriority=\"high\" decoding=\"async\" class=\"size-full wp-image-2932\" src=\"https:\/\/vapestornado.com\/wp-content\/uploads\/2024\/12\/Vape-Wholesale.jpg\" alt=\"Vente en Gros de Vapes\" width=\"229\" height=\"300\" \/><\/p>","protected":false},"featured_media":2973,"comment_status":"open","ping_status":"closed","template":"","meta":{"_acf_changed":false,"_uag_custom_page_level_css":"","_lmt_disableupdate":"no","_lmt_disable":"","_monsterinsights_skip_tracking":false,"_monsterinsights_sitenote_active":false,"_monsterinsights_sitenote_note":"","_monsterinsights_sitenote_category":0,"site-sidebar-layout":"default","site-content-layout":"","ast-site-content-layout":"default","site-content-style":"default","site-sidebar-style":"default","ast-global-header-display":"","ast-banner-title-visibility":"","ast-main-header-display":"","ast-hfb-above-header-display":"","ast-hfb-below-header-display":"","ast-hfb-mobile-header-display":"","site-post-title":"","ast-breadcrumbs-content":"","ast-featured-img":"","footer-sml-layout":"","ast-disable-related-posts":"","theme-transparent-header-meta":"default","adv-header-id-meta":"","stick-header-meta":"","header-above-stick-meta":"","header-main-stick-meta":"","header-below-stick-meta":"","astra-migrate-meta-layouts":"set","ast-page-background-enabled":"default","ast-page-background-meta":{"desktop":{"background-color":"","background-image":"","background-repeat":"repeat","background-position":"center center","background-size":"auto","background-attachment":"scroll","background-type":"","background-media":"","overlay-type":"","overlay-color":"","overlay-opacity":"","overlay-gradient":""},"tablet":{"background-color":"","background-image":"","background-repeat":"repeat","background-position":"center center","background-size":"auto","background-attachment":"scroll","background-type":"","background-media":"","overlay-type":"","overlay-color":"","overlay-opacity":"","overlay-gradient":""},"mobile":{"background-color":"","background-image":"","background-repeat":"repeat","background-position":"center center","background-size":"auto","background-attachment":"scroll","background-type":"","background-media":"","overlay-type":"","overlay-color":"","overlay-opacity":"","overlay-gradient":""}},"ast-content-background-meta":{"desktop":{"background-color":"var(--ast-global-color-5)","background-image":"","background-repeat":"repeat","background-position":"center center","background-size":"auto","background-attachment":"scroll","background-type":"","background-media":"","overlay-type":"","overlay-color":"","overlay-opacity":"","overlay-gradient":""},"tablet":{"background-color":"var(--ast-global-color-5)","background-image":"","background-repeat":"repeat","background-position":"center center","background-size":"auto","background-attachment":"scroll","background-type":"","background-media":"","overlay-type":"","overlay-color":"","overlay-opacity":"","overlay-gradient":""},"mobile":{"background-color":"var(--ast-global-color-5)","background-image":"","background-repeat":"repeat","background-position":"center center","background-size":"auto","background-attachment":"scroll","background-type":"","background-media":"","overlay-type":"","overlay-color":"","overlay-opacity":"","overlay-gradient":""}},"_joinchat":{"telephone":"+8617776015835"}},"product_brand":[],"product_cat":[65,140,153,157,158,142,144,290],"product_tag":[94,95,93,96,92],"class_list":{"0":"post-2974","1":"product","2":"type-product","3":"status-publish","4":"has-post-thumbnail","6":"product_cat-40000-puff","7":"product_cat-big-puffs-disposable-vapes","8":"product_cat-buy-disposable-vapes-in-italy","9":"product_cat-buy-disposable-vapes-in-portugal","10":"product_cat-buy-disposable-vapes-in-spain","11":"product_cat-digital-box-disposable-vapes","12":"product_cat-low-nicotine-disposable-vapes","13":"product_cat-vopk-vape","14":"product_tag-rechargeable-disposable-vape","15":"product_tag-spaceman-disposable-vape","16":"product_tag-vape-wholesale","17":"product_tag-vopk-40000","18":"product_tag-vopk-vape","19":"desktop-align-left","20":"tablet-align-left","21":"mobile-align-left","23":"first","24":"instock","25":"sale","26":"shipping-taxable","27":"purchasable","28":"product-type-simple"},"acf":[],"uagb_featured_image_src":{"full":["https:\/\/vapestornado.com\/wp-content\/uploads\/2024\/12\/VOPK-ULTRA-40000-Disposable-Vape.jpg",1126,1126,false],"thumbnail":["https:\/\/vapestornado.com\/wp-content\/uploads\/2024\/12\/VOPK-ULTRA-40000-Disposable-Vape-150x150.jpg",150,150,true],"medium":["https:\/\/vapestornado.com\/wp-content\/uploads\/2024\/12\/VOPK-ULTRA-40000-Disposable-Vape-300x300.jpg",300,300,true],"medium_large":["https:\/\/vapestornado.com\/wp-content\/uploads\/2024\/12\/VOPK-ULTRA-40000-Disposable-Vape-768x768.jpg",768,768,true],"large":["https:\/\/vapestornado.com\/wp-content\/uploads\/2024\/12\/VOPK-ULTRA-40000-Disposable-Vape-1024x1024.jpg",1024,1024,true],"1536x1536":["https:\/\/vapestornado.com\/wp-content\/uploads\/2024\/12\/VOPK-ULTRA-40000-Disposable-Vape.jpg",1126,1126,false],"2048x2048":["https:\/\/vapestornado.com\/wp-content\/uploads\/2024\/12\/VOPK-ULTRA-40000-Disposable-Vape.jpg",1126,1126,false],"trp-custom-language-flag":["https:\/\/vapestornado.com\/wp-content\/uploads\/2024\/12\/VOPK-ULTRA-40000-Disposable-Vape.jpg",12,12,false],"woocommerce_thumbnail":["https:\/\/vapestornado.com\/wp-content\/uploads\/2024\/12\/VOPK-ULTRA-40000-Disposable-Vape-300x300.jpg",300,300,true],"woocommerce_single":["https:\/\/vapestornado.com\/wp-content\/uploads\/2024\/12\/VOPK-ULTRA-40000-Disposable-Vape-600x600.jpg",600,600,true],"woocommerce_gallery_thumbnail":["https:\/\/vapestornado.com\/wp-content\/uploads\/2024\/12\/VOPK-ULTRA-40000-Disposable-Vape-100x100.jpg",100,100,true]},"uagb_author_info":{"display_name":"ESAMY","author_link":"https:\/\/vapestornado.com\/fr\/author\/"},"uagb_comment_info":0,"uagb_excerpt":"VOPK 40000 Puffs 2 in 1 Disposable Vape Dual Taste 40K Wholesale VOPK Double Flavor 40000 Puffs Rechargeable Disposable Vape VOPK 40000 Puffs Double Flavor with LED Display Add Amy's whatsapp to get right reply and vape vape coupon!","_links":{"self":[{"href":"https:\/\/vapestornado.com\/fr\/wp-json\/wp\/v2\/product\/2974","targetHints":{"allow":["GET"]}}],"collection":[{"href":"https:\/\/vapestornado.com\/fr\/wp-json\/wp\/v2\/product"}],"about":[{"href":"https:\/\/vapestornado.com\/fr\/wp-json\/wp\/v2\/types\/product"}],"replies":[{"embeddable":true,"href":"https:\/\/vapestornado.com\/fr\/wp-json\/wp\/v2\/comments?post=2974"}],"wp:featuredmedia":[{"embeddable":true,"href":"https:\/\/vapestornado.com\/fr\/wp-json\/wp\/v2\/media\/2973"}],"wp:attachment":[{"href":"https:\/\/vapestornado.com\/fr\/wp-json\/wp\/v2\/media?parent=2974"}],"wp:term":[{"taxonomy":"product_brand","embeddable":true,"href":"https:\/\/vapestornado.com\/fr\/wp-json\/wp\/v2\/product_brand?post=2974"},{"taxonomy":"product_cat","embeddable":true,"href":"https:\/\/vapestornado.com\/fr\/wp-json\/wp\/v2\/product_cat?post=2974"},{"taxonomy":"product_tag","embeddable":true,"href":"https:\/\/vapestornado.com\/fr\/wp-json\/wp\/v2\/product_tag?post=2974"}],"curies":[{"name":"wp","href":"https:\/\/api.w.org\/{rel}","templated":true}]}}