{"id":2958,"date":"2024-12-05T08:16:37","date_gmt":"2024-12-05T08:16:37","guid":{"rendered":"https:\/\/vapestornado.com\/?post_type=product&#038;p=2958"},"modified":"2025-08-23T10:27:04","modified_gmt":"2025-08-23T10:27:04","slug":"randm-vape-tornado-15k-puffs-disposable-vapes-wholesale-price-2-5-nicotine","status":"publish","type":"product","link":"https:\/\/vapestornado.com\/fr\/product\/randm-vape-tornado-15k-puffs-disposable-vapes-wholesale-price-2-5-nicotine\/","title":{"rendered":"Randm Vape Tornado 15k Bouff\u00e9es Vapes Jetables Prix de gros 2% 5% Nicotine"},"content":{"rendered":"<h1>Randm Vape Tornado 15k Puffs Vente en gros de vaporisateurs jetables Prix 2% 5% Nicotine<\/h1>\n<p>&nbsp;<\/p>\n<p data-start=\"206\" data-end=\"513\">L' <strong data-start=\"210\" data-end=\"247\">RandM Tornado 15K Vape Jetable<\/strong> est con\u00e7u pour fournir aux d\u00e9taillants et aux distributeurs une option fiable \u00e0 grand volume pour leurs rayons. Chaque unit\u00e9 est pr\u00e9-remplie avec <strong data-start=\"383\" data-end=\"403\">25 ml d'e-liquide<\/strong> et est aliment\u00e9 par un <strong data-start=\"425\" data-end=\"456\">Batterie rechargeable de 850 mAh<\/strong>, offrant jusqu'\u00e0 <strong data-start=\"473\" data-end=\"489\">15 000 bouff\u00e9es<\/strong> sans interruption.<\/p>\n<p data-start=\"515\" data-end=\"845\">Con\u00e7u avec un syst\u00e8me de <strong data-start=\"533\" data-end=\"553\">bobine \u00e0 mailles<\/strong>, l'appareil offre une production de vapeur stable et une saveur cors\u00e9e. Les utilisateurs peuvent facilement surveiller les performances gr\u00e2ce aux <strong data-start=\"672\" data-end=\"691\">indicateurs doubles<\/strong> pour les niveaux de batterie et de liquide. Son <strong data-start=\"732\" data-end=\"767\">m\u00e9canisme de tir activ\u00e9 par tirage<\/strong> assure une utilisation simple, sans bouton, ce qui le rend adapt\u00e9 aux clients de tous les jours.<\/p>\n<p data-start=\"847\" data-end=\"1119\">L' <strong data-start=\"851\" data-end=\"875\">Charge rapide Type-C<\/strong> Le port r\u00e9duit les temps d'arr\u00eat entre les sessions, et le <strong data-start=\"936\" data-end=\"950\">cadre de 103g<\/strong> l\u00e9ger le rend facile \u00e0 transporter en d\u00e9placement. Avec <strong data-start=\"990\" data-end=\"1022\">2% et 5% de taux de nicotine<\/strong>, le <strong data-start=\"1028\" data-end=\"1041\">RandM 15 000<\/strong> convient aussi bien aux utilisateurs l\u00e9gers qu'\u00e0 ceux qui pr\u00e9f\u00e8rent une gorge plus forte.<\/p>\n<p data-start=\"1121\" data-end=\"1311\">Con\u00e7u pour la vente en gros, le <strong data-start=\"1158\" data-end=\"1193\">RandM Tornado 15 000 Bouff\u00e9es Vape<\/strong> \u00e9quilibre la capacit\u00e9, la facilit\u00e9 d'utilisation et les prix de gros comp\u00e9titifs, ce qui en fait un ajout judicieux aux inventaires de cigarettes \u00e9lectroniques europ\u00e9ens.<\/p>\n<p><img fetchpriority=\"high\" decoding=\"async\" class=\"size-medium wp-image-2951\" src=\"https:\/\/vapestornado.com\/wp-content\/uploads\/2024\/12\/Wholesale-Disposable-Vape-265x300.jpg\" alt=\"Vape jetable en gros\" width=\"265\" height=\"300\" srcset=\"https:\/\/vapestornado.com\/wp-content\/uploads\/2024\/12\/Wholesale-Disposable-Vape-265x300.jpg 265w, https:\/\/vapestornado.com\/wp-content\/uploads\/2024\/12\/Wholesale-Disposable-Vape-768x871.jpg 768w, https:\/\/vapestornado.com\/wp-content\/uploads\/2024\/12\/Wholesale-Disposable-Vape-600x680.jpg 600w, https:\/\/vapestornado.com\/wp-content\/uploads\/2024\/12\/Wholesale-Disposable-Vape.jpg 823w\" sizes=\"(max-width: 265px) 100vw, 265px\" \/><\/p>\n<h6>Veuillez contacter Mandy sur WhatsApp pour obtenir un prix r\u00e9duit<a href=\"https:\/\/wa.me\/8618077105796\" target=\"_blank\" rel=\"noopener\">+8618077105796<\/a><\/h6>\n<p>&nbsp;<\/p>\n<h2><strong>RandM Tornado Vape 15000 Puffs \u2013 Points forts du produit<\/strong><\/h2>\n<ul>\n<li><strong>Utilisation prolong\u00e9e<\/strong>: Fournit 15 000 bouff\u00e9es, garantissant une performance durable pour les utilisateurs fr\u00e9quents.<\/li>\n<li><strong>Indicateurs intelligents<\/strong>: \u00c9quip\u00e9 d'indicateurs de niveau de batterie et d'e-liquide, fournissant des mises \u00e0 jour en temps r\u00e9el pour \u00e9viter les interruptions inattendues.<\/li>\n<li><strong>Fonctionnement sans effort<\/strong>: Activ\u00e9 par une simple inhalation, \u00e9liminant le besoin de boutons et offrant une exp\u00e9rience de vapotage sans tracas.<\/li>\n<li><strong>Recharge ais\u00e9e<\/strong>: Aliment\u00e9 par une batterie rechargeable de 850 mAh avec un port de charge Type-C pour une recharge rapide et efficace.<\/li>\n<li><strong>Syst\u00e8me de bobine (coil) sup\u00e9rieur<\/strong>: Comprend une technologie de bobine en maille (mesh coil) avanc\u00e9e pour des saveurs riches et constantes et d'\u00e9pais nuages de vapeur.<\/li>\n<li><strong>Pr\u00eat pour la vente en gros<\/strong>: L'emballage en vrac de 200 unit\u00e9s par carton s'adresse aux grossistes et aux distributeurs en France.<\/li>\n<li><strong>Construction portable<\/strong>: Ne pesant que 103 g, ce design l\u00e9ger est parfait pour les modes de vie en d\u00e9placement.<\/li>\n<\/ul>\n<p>&nbsp;<\/p>\n<h2><strong>RandM Tornado 15000 Puff Descriptions d\u00e9taill\u00e9es des saveurs<\/strong><\/h2>\n<p>1.Limonade aux framboises bleues<br \/>\n2.P\u00eache glac\u00e9e<br \/>\n3.Pomme aigre<br \/>\n4.Past\u00e8que glac\u00e9e<br \/>\n5.Myrtille glac\u00e9e<br \/>\n6.Myrtille framboise<br \/>\n7.Ananas glac\u00e9<br \/>\n8.Cerise<br \/>\n9. Glace \u00e0 la fraise<br \/>\n10.Vimto<br \/>\n11. Glace au raisin<br \/>\n12. Glace au cola<br \/>\n13. Fraise Past\u00e8que<br \/>\n14. Limonade rose<br \/>\n15. Baies m\u00e9lang\u00e9es<br \/>\n16. P\u00eache mangue<br \/>\n17. Fruit du dragon<br \/>\n18. Fraise raisin<br \/>\n19. Monsieur Bleu<br \/>\n20. Glace luxuriante<br \/>\n21. Sucette glac\u00e9e<br \/>\n22.Fraise Kiwi<br \/>\n23.Kiwi Fruit de la passion Goyave<br \/>\n24.Triple Baies<br \/>\n25.Glace \u00e0 la banane<br \/>\n26.Bonbon P\u00eache Myrtille<br \/>\n27.Pomme P\u00eache Poire<br \/>\n28.Limonade aux baies<br \/>\n29.Cerise Framboise Bleue<br \/>\n30.Bubble-gum Myrtille<br \/>\n31.Myrtille Cerise Canneberge<br \/>\n32.Myrtille Grenade<br \/>\n33.Framboise Bleue Acidul\u00e9e<br \/>\n34.Cerise Cola<br \/>\n35.Ours en gomme<br \/>\n36.Citron<br \/>\n37.Mangue Glac\u00e9e<br \/>\n38.Boisson \u00e9nergisante glac\u00e9e<br \/>\n39.Fraise Banane<br \/>\n40.Boisson \u00e9nergisante \u00e0 la fraise<br \/>\n41.Limonade Past\u00e8que Fraise<br \/>\n42.Th\u00e9 glac\u00e9 citron glac\u00e9<br \/>\n43.Th\u00e9 glac\u00e9 p\u00eache glac\u00e9<br \/>\n44.Cerise p\u00e9tillante<br \/>\n45.Skittles<\/p>\n<h3><strong>Pourquoi choisir le RandM Tornado 15000 Puffs ?<\/strong><\/h3>\n<ul>\n<li><strong>Long\u00e9vit\u00e9 in\u00e9gal\u00e9e<\/strong><br \/>\nProfitez de jusqu'\u00e0 15 000 bouff\u00e9es par appareil, assurant une utilisation prolong\u00e9e sans remplacements fr\u00e9quents\u2014un choix parfait pour les vapoteurs assidus.<\/li>\n<li><strong>Technologie avanc\u00e9e<\/strong><br \/>\nDot\u00e9 de la technologie de bobine maill\u00e9e, le RandM Tornado offre des profils de saveurs sup\u00e9rieurs et des nuages de vapeur denses, am\u00e9liorant votre exp\u00e9rience de vapotage.<\/li>\n<li><strong>La commodit\u00e9 red\u00e9finie<\/strong><br \/>\nAvec un syst\u00e8me d'activation par inhalation, vaper est aussi simple que d'inhaler\u2014pas de boutons, pas de tracas, juste un plaisir sans effort.<\/li>\n<li><strong>Batterie rechargeable<\/strong><br \/>\nLa batterie rechargeable de 850mAh, coupl\u00e9e \u00e0 un port de charge Type-C, permet des recharges rapides, vous gardant pr\u00eat \u00e0 vaper \u00e0 tout moment.<\/li>\n<li><strong>Surveillance en temps r\u00e9el<\/strong><br \/>\n\u00c9quip\u00e9 d'indicateurs de batterie et d'e-liquide, vous pouvez rester inform\u00e9 du statut de votre appareil, \u00e9vitant les interruptions inattendues.<\/li>\n<\/ul>\n<h3><strong>Acheter le RandM Tornado 15000 Puffs en gros<\/strong><\/h3>\n<p><strong>L'excellence abordable<\/strong><br \/>\nL'achat du RandM Tornado 15000 Puffs en gros est un moyen \u00e9conomique de profiter d'un vapotage de qualit\u00e9 sup\u00e9rieure \u00e0 un prix unitaire inf\u00e9rieur. Cette option est id\u00e9ale pour les d\u00e9taillants et les acheteurs individuels qui recherchent une valeur maximale sans compromettre la qualit\u00e9.<\/p>\n<p><strong>Disponibilit\u00e9 constante<\/strong><br \/>\nAssurez-vous de ne jamais manquer de votre vape jetable pr\u00e9f\u00e9r\u00e9e avec des achats en gros. Que vous soyez un d\u00e9taillant ou un vapoteur assidu, avoir un approvisionnement constant de ces appareils durables garantit une satisfaction ininterrompue.<\/p>\n<p><strong>Parfait pour les entreprises<\/strong><br \/>\nLes d\u00e9taillants et les propri\u00e9taires de magasins de vape en France peuvent grandement b\u00e9n\u00e9ficier du stockage du RandM Tornado 15000. Sa r\u00e9putation de haute performance, sa fonctionnalit\u00e9 rechargeable et son nombre de bouff\u00e9es impressionnant en font un produit de choix, attirant une large client\u00e8le.<\/p>\n<p><strong>S\u00e9lection de saveurs personnalisable<\/strong><br \/>\nAvec une vaste gamme de saveurs, des plus douces et fruit\u00e9es aux classiques et au menthol, les commandes en gros peuvent \u00eatre adapt\u00e9es pour inclure diverses options qui r\u00e9pondent \u00e0 diverses pr\u00e9f\u00e9rences. Cette flexibilit\u00e9 garantit que chaque client trouve son exp\u00e9rience de vapotage id\u00e9ale.<\/p>\n<h3><\/h3>\n<h3><strong>Pourquoi choisir les achats en gros vapestornado Randm Vape 15k puff?<\/strong><\/h3>\n<ul>\n<li><strong>Avantages de la vente en gros<\/strong>: Les grosses commandes sont assorties de prix r\u00e9duits, ce qui en fait un choix judicieux pour les entreprises.<\/li>\n<li><strong>Conception respectueuse de l'environnement<\/strong>: La technologie rechargeable r\u00e9duit les d\u00e9chets par rapport aux appareils \u00e0 usage unique.<\/li>\n<li><strong>Marges de profit am\u00e9lior\u00e9es<\/strong>: Les d\u00e9taillants peuvent capitaliser sur la popularit\u00e9 de ce produit tr\u00e8s demand\u00e9.<\/li>\n<\/ul>\n<h3><strong>Explorez le Monde de la Vape RandM<\/strong><\/h3>\n<p>Plongez dans une vaste s\u00e9lection de saveurs excitantes comme <strong>Glace Myrtille<\/strong>, <strong>Mangue P\u00eache<\/strong>, <strong>Menthe Fra\u00eeche<\/strong>, et plus encore. Chaque saveur est con\u00e7ue pour offrir un go\u00fbt unique et constant, garantissant que chaque bouff\u00e9e est aussi agr\u00e9able que la premi\u00e8re. D\u00e9couvrez le summum de la satisfaction de vapotage avec le RandM Tornado 15000 Puffs. Des options en gros sont maintenant disponibles chez <a href=\"https:\/\/vapestornado.com\/fr\/\"><strong>tornade de vapeur<\/strong><\/a>, votre source fiable pour les vapes jetables de qualit\u00e9 sup\u00e9rieure. Achetez aujourd'hui etFaites passer votre exp\u00e9rience de vapotage au niveau sup\u00e9rieur !<\/p>","protected":false},"excerpt":{"rendered":"<p>L' <strong data-start=\"1355\" data-end=\"1381\">Vape RandM Tornado 15K<\/strong> offre une capacit\u00e9 de 25 ml, 15 000 bouff\u00e9es et des indicateurs doubles. Une option l\u00e9g\u00e8re et rechargeable con\u00e7ue pour <strong data-start=\"1487\" data-end=\"1523\">les march\u00e9s de gros de vape en Europe<\/strong>.<\/p>\n<figure id=\"attachment_2951\" aria-describedby=\"caption-attachment-2951\" style=\"width: 265px\" class=\"wp-caption alignnone\"><img fetchpriority=\"high\" decoding=\"async\" class=\"size-medium wp-image-2951\" src=\"https:\/\/vapestornado.com\/wp-content\/uploads\/2024\/12\/Wholesale-Disposable-Vape-265x300.jpg\" alt=\"Vape jetable en gros\" width=\"265\" height=\"300\" srcset=\"https:\/\/vapestornado.com\/wp-content\/uploads\/2024\/12\/Wholesale-Disposable-Vape-265x300.jpg 265w, https:\/\/vapestornado.com\/wp-content\/uploads\/2024\/12\/Wholesale-Disposable-Vape-768x871.jpg 768w, https:\/\/vapestornado.com\/wp-content\/uploads\/2024\/12\/Wholesale-Disposable-Vape-600x680.jpg 600w, https:\/\/vapestornado.com\/wp-content\/uploads\/2024\/12\/Wholesale-Disposable-Vape.jpg 823w\" sizes=\"(max-width: 265px) 100vw, 265px\" \/><figcaption id=\"caption-attachment-2951\" class=\"wp-caption-text\">Veuillez contacter Mandy sur WhatsApp pour obtenir un prix r\u00e9duit<a href=\"https:\/\/wa.me\/8618077105796\">+8618077105796<\/a><\/figcaption><\/figure>\n<p>&nbsp;<\/p>","protected":false},"featured_media":2933,"comment_status":"open","ping_status":"closed","template":"","meta":{"_acf_changed":false,"_uag_custom_page_level_css":"","_lmt_disableupdate":"no","_lmt_disable":"","_monsterinsights_skip_tracking":false,"_monsterinsights_sitenote_active":false,"_monsterinsights_sitenote_note":"","_monsterinsights_sitenote_category":0,"site-sidebar-layout":"default","site-content-layout":"","ast-site-content-layout":"default","site-content-style":"default","site-sidebar-style":"default","ast-global-header-display":"","ast-banner-title-visibility":"","ast-main-header-display":"","ast-hfb-above-header-display":"","ast-hfb-below-header-display":"","ast-hfb-mobile-header-display":"","site-post-title":"","ast-breadcrumbs-content":"","ast-featured-img":"","footer-sml-layout":"","ast-disable-related-posts":"","theme-transparent-header-meta":"default","adv-header-id-meta":"","stick-header-meta":"","header-above-stick-meta":"","header-main-stick-meta":"","header-below-stick-meta":"","astra-migrate-meta-layouts":"set","ast-page-background-enabled":"default","ast-page-background-meta":{"desktop":{"background-color":"","background-image":"","background-repeat":"repeat","background-position":"center center","background-size":"auto","background-attachment":"scroll","background-type":"","background-media":"","overlay-type":"","overlay-color":"","overlay-opacity":"","overlay-gradient":""},"tablet":{"background-color":"","background-image":"","background-repeat":"repeat","background-position":"center center","background-size":"auto","background-attachment":"scroll","background-type":"","background-media":"","overlay-type":"","overlay-color":"","overlay-opacity":"","overlay-gradient":""},"mobile":{"background-color":"","background-image":"","background-repeat":"repeat","background-position":"center center","background-size":"auto","background-attachment":"scroll","background-type":"","background-media":"","overlay-type":"","overlay-color":"","overlay-opacity":"","overlay-gradient":""}},"ast-content-background-meta":{"desktop":{"background-color":"var(--ast-global-color-5)","background-image":"","background-repeat":"repeat","background-position":"center center","background-size":"auto","background-attachment":"scroll","background-type":"","background-media":"","overlay-type":"","overlay-color":"","overlay-opacity":"","overlay-gradient":""},"tablet":{"background-color":"var(--ast-global-color-5)","background-image":"","background-repeat":"repeat","background-position":"center center","background-size":"auto","background-attachment":"scroll","background-type":"","background-media":"","overlay-type":"","overlay-color":"","overlay-opacity":"","overlay-gradient":""},"mobile":{"background-color":"var(--ast-global-color-5)","background-image":"","background-repeat":"repeat","background-position":"center center","background-size":"auto","background-attachment":"scroll","background-type":"","background-media":"","overlay-type":"","overlay-color":"","overlay-opacity":"","overlay-gradient":""}},"_joinchat":{"telephone":"+8618077105796"}},"product_brand":[],"product_cat":[71,154,157,58,148],"product_tag":[97,80],"class_list":{"0":"post-2958","1":"product","2":"type-product","3":"status-publish","4":"has-post-thumbnail","6":"product_cat-15000-puff","7":"product_cat-buy-disposable-vapes-in-netherlands","8":"product_cat-buy-disposable-vapes-in-portugal","9":"product_cat-fumot-vape","10":"product_cat-tornado-disposable-vapes","11":"product_tag-hot-sale-disposable-vape","12":"product_tag-randm-15k","13":"desktop-align-left","14":"tablet-align-left","15":"mobile-align-left","17":"first","18":"instock","19":"sale","20":"shipping-taxable","21":"purchasable","22":"product-type-simple"},"acf":[],"uagb_featured_image_src":{"full":["https:\/\/vapestornado.com\/wp-content\/uploads\/2024\/12\/Discount-Price-Randm-Vape-Tornado-15000-Puffs-Apple-Peach-Pear.jpg",800,800,false],"thumbnail":["https:\/\/vapestornado.com\/wp-content\/uploads\/2024\/12\/Discount-Price-Randm-Vape-Tornado-15000-Puffs-Apple-Peach-Pear-150x150.jpg",150,150,true],"medium":["https:\/\/vapestornado.com\/wp-content\/uploads\/2024\/12\/Discount-Price-Randm-Vape-Tornado-15000-Puffs-Apple-Peach-Pear-300x300.jpg",300,300,true],"medium_large":["https:\/\/vapestornado.com\/wp-content\/uploads\/2024\/12\/Discount-Price-Randm-Vape-Tornado-15000-Puffs-Apple-Peach-Pear-768x768.jpg",768,768,true],"large":["https:\/\/vapestornado.com\/wp-content\/uploads\/2024\/12\/Discount-Price-Randm-Vape-Tornado-15000-Puffs-Apple-Peach-Pear.jpg",800,800,false],"1536x1536":["https:\/\/vapestornado.com\/wp-content\/uploads\/2024\/12\/Discount-Price-Randm-Vape-Tornado-15000-Puffs-Apple-Peach-Pear.jpg",800,800,false],"2048x2048":["https:\/\/vapestornado.com\/wp-content\/uploads\/2024\/12\/Discount-Price-Randm-Vape-Tornado-15000-Puffs-Apple-Peach-Pear.jpg",800,800,false],"trp-custom-language-flag":["https:\/\/vapestornado.com\/wp-content\/uploads\/2024\/12\/Discount-Price-Randm-Vape-Tornado-15000-Puffs-Apple-Peach-Pear.jpg",12,12,false],"woocommerce_thumbnail":["https:\/\/vapestornado.com\/wp-content\/uploads\/2024\/12\/Discount-Price-Randm-Vape-Tornado-15000-Puffs-Apple-Peach-Pear-300x300.jpg",300,300,true],"woocommerce_single":["https:\/\/vapestornado.com\/wp-content\/uploads\/2024\/12\/Discount-Price-Randm-Vape-Tornado-15000-Puffs-Apple-Peach-Pear-600x600.jpg",600,600,true],"woocommerce_gallery_thumbnail":["https:\/\/vapestornado.com\/wp-content\/uploads\/2024\/12\/Discount-Price-Randm-Vape-Tornado-15000-Puffs-Apple-Peach-Pear-100x100.jpg",100,100,true]},"uagb_author_info":{"display_name":"ESMANDY","author_link":"https:\/\/vapestornado.com\/fr\/author\/"},"uagb_comment_info":0,"uagb_excerpt":"The RandM Tornado 15K Vape offers 25ml capacity, 15,000 puffs, and dual indicators. A lightweight, rechargeable option tailored for wholesale vape markets in Europe. [caption id=\"attachment_2951\" align=\"alignnone\" width=\"265\"] Pls Contact Mandy's WhatsApp For Discount Price+8618077105796[\/caption] &nbsp;","_links":{"self":[{"href":"https:\/\/vapestornado.com\/fr\/wp-json\/wp\/v2\/product\/2958","targetHints":{"allow":["GET"]}}],"collection":[{"href":"https:\/\/vapestornado.com\/fr\/wp-json\/wp\/v2\/product"}],"about":[{"href":"https:\/\/vapestornado.com\/fr\/wp-json\/wp\/v2\/types\/product"}],"replies":[{"embeddable":true,"href":"https:\/\/vapestornado.com\/fr\/wp-json\/wp\/v2\/comments?post=2958"}],"wp:featuredmedia":[{"embeddable":true,"href":"https:\/\/vapestornado.com\/fr\/wp-json\/wp\/v2\/media\/2933"}],"wp:attachment":[{"href":"https:\/\/vapestornado.com\/fr\/wp-json\/wp\/v2\/media?parent=2958"}],"wp:term":[{"taxonomy":"product_brand","embeddable":true,"href":"https:\/\/vapestornado.com\/fr\/wp-json\/wp\/v2\/product_brand?post=2958"},{"taxonomy":"product_cat","embeddable":true,"href":"https:\/\/vapestornado.com\/fr\/wp-json\/wp\/v2\/product_cat?post=2958"},{"taxonomy":"product_tag","embeddable":true,"href":"https:\/\/vapestornado.com\/fr\/wp-json\/wp\/v2\/product_tag?post=2958"}],"curies":[{"name":"wp","href":"https:\/\/api.w.org\/{rel}","templated":true}]}}