{"id":2926,"date":"2024-12-03T08:03:07","date_gmt":"2024-12-03T08:03:07","guid":{"rendered":"https:\/\/vapestornado.com\/?post_type=product&#038;p=2926"},"modified":"2025-08-23T10:05:34","modified_gmt":"2025-08-23T10:05:34","slug":"fumot-digital-box-12000-puffs-cheap-price-disposable-vape","status":"publish","type":"product","link":"https:\/\/vapestornado.com\/fr\/product\/fumot-digital-box-12000-puffs-cheap-price-disposable-vape\/","title":{"rendered":"Fumot Digital Box 12000 Puffs Vape Jetable \u00e0 Prix Bas"},"content":{"rendered":"<h1>Fumot Digital Box 12000 Puffs Vape Jetable \u00e0 Prix Bas<\/h1>\n<p>&nbsp;<\/p>\n<p data-start=\"298\" data-end=\"609\">L' <strong data-start=\"302\" data-end=\"351\">Fumot Digital Box 12000 Bouff\u00e9es Vape jetable<\/strong> offre une performance durable et un fort attrait en gros. Avec un <strong data-start=\"420\" data-end=\"453\">r\u00e9servoir d'e-liquide pr\u00e9-rempli de 20 ml<\/strong> et jusqu'\u00e0 <strong data-start=\"464\" data-end=\"491\">12 000 bouff\u00e9es par appareil<\/strong>, il offre une utilisation prolong\u00e9e et une saveur constante, ce qui en fait un choix attrayant pour les d\u00e9taillants et les acheteurs en gros.<\/p>\n<p data-start=\"611\" data-end=\"868\">Aliment\u00e9 par une <strong data-start=\"624\" data-end=\"655\">batterie rechargeable de 550 mAh<\/strong> avec <strong data-start=\"661\" data-end=\"685\">Charge rapide Type-C<\/strong>, cette vape minimise les temps d'arr\u00eat tout en offrant des performances fiables. Son <strong data-start=\"759\" data-end=\"789\">contr\u00f4le du flux d'air r\u00e9glable<\/strong> permet aux clients d'adapter le d\u00e9bit de vapeur, ce qui pla\u00eet \u00e0 un large \u00e9ventail d'utilisateurs.<\/p>\n<p data-start=\"870\" data-end=\"1111\">Une caract\u00e9ristique unique du <strong data-start=\"894\" data-end=\"919\">Fumot Bo\u00eete Num\u00e9rique 12K<\/strong> est le <strong data-start=\"927\" data-end=\"943\">6 lumi\u00e8res RVB<\/strong>, qui s'activent pendant l'utilisation pour ajouter un attrait visuel, populaire aupr\u00e8s des jeunes consommateurs europ\u00e9ens. Compact, durable et facile \u00e0 transporter, il convient \u00e0 un usage quotidien et social.<\/p>\n<p data-start=\"1113\" data-end=\"1315\">Gr\u00e2ce \u00e0 son \u00e9quilibre entre une capacit\u00e9 \u00e9lev\u00e9e de bouff\u00e9es, des fonctionnalit\u00e9s personnalisables et <strong data-start=\"1180\" data-end=\"1213\">prix de gros comp\u00e9titifs<\/strong>, le <strong data-start=\"1219\" data-end=\"1246\">Fumot Bo\u00eete Num\u00e9rique 12000<\/strong> est un ajout intelligent pour les boutiques de vape et les distributeurs \u00e0 travers l'Europe.<\/p>\n<p><img fetchpriority=\"high\" decoding=\"async\" class=\"size-medium wp-image-2951\" src=\"https:\/\/vapestornado.com\/wp-content\/uploads\/2024\/12\/Wholesale-Disposable-Vape-265x300.jpg\" alt=\"Vape jetable en gros\" width=\"265\" height=\"300\" srcset=\"https:\/\/vapestornado.com\/wp-content\/uploads\/2024\/12\/Wholesale-Disposable-Vape-265x300.jpg 265w, https:\/\/vapestornado.com\/wp-content\/uploads\/2024\/12\/Wholesale-Disposable-Vape-768x871.jpg 768w, https:\/\/vapestornado.com\/wp-content\/uploads\/2024\/12\/Wholesale-Disposable-Vape-600x680.jpg 600w, https:\/\/vapestornado.com\/wp-content\/uploads\/2024\/12\/Wholesale-Disposable-Vape.jpg 823w\" sizes=\"(max-width: 265px) 100vw, 265px\" \/><\/p>\n<h6>Veuillez contacter Mandy sur WhatsApp pour obtenir un prix r\u00e9duit<a href=\"https:\/\/wa.me\/8618077105796\" target=\"_blank\" rel=\"noopener\">+8618077105796<\/a><\/h6>\n<p>&nbsp;<\/p>\n<h3>Caract\u00e9ristiques du produit<\/h3>\n<ul>\n<li><strong>20 ml de e-liquide<\/strong>: Offre une saveur exceptionnelle et jusqu'\u00e0 12 000 bouff\u00e9es.<\/li>\n<li><strong>batterie rechargeable de 550 mAh<\/strong>: Assure une alimentation \u00e9lectrique de longue dur\u00e9e avec une charge rapide de type-C.<\/li>\n<li><strong>6 lumi\u00e8res RVB<\/strong>: Am\u00e9liore votre exp\u00e9rience de vapotage avec une lueur fra\u00eeche et \u00e9l\u00e9gante.<\/li>\n<li><strong>Commutateur de contr\u00f4le du flux d'air<\/strong>: Ajustez l'intensit\u00e9 de la vapeur selon vos pr\u00e9f\u00e9rences sans effort.<\/li>\n<li><strong>Compact et durable<\/strong>: Parfait pour une utilisation en d\u00e9placement avec un design \u00e9l\u00e9gant et haut de gamme.<\/li>\n<\/ul>\n<h4><strong>Saveurs Fumot 12000<\/strong><\/h4>\n<p>1 Menthe fra\u00eeche<br \/>\n2 Glace \u00e0 la past\u00e8que<br \/>\n3 Glace au Raisin<br \/>\n4 Framboise Bleue<br \/>\n5 Fraise Past\u00e8que<br \/>\n6 Fraise Banane<br \/>\n7 Glace luxuriante<br \/>\n8 Cerise<br \/>\n9 Glace \u00e0 la Fraise<br \/>\n10 Sucette Glac\u00e9e<br \/>\n11 Limonade Rose<br \/>\n12 Mangue Glac\u00e9e<br \/>\n13 Fruits Rouges M\u00e9lang\u00e9s<br \/>\n14 Beignet \u00e0 la Fraise<br \/>\n15 Fraise Raisin<br \/>\n16 Cola Cerise<br \/>\n17 Dr bleu<br \/>\n18 Myrtille glac\u00e9e<br \/>\n19 Kiwi fruit de la passion goyave<br \/>\n20 Fraise kiwi<br \/>\n21 P\u00eache mangue<br \/>\n22 P\u00eache glac\u00e9e<br \/>\n23 Pomme rouge glac\u00e9e<br \/>\n24 Chewing-gum \u00e0 la myrtille<br \/>\n25 Limonade aux baies<br \/>\n26 Limonade framboise bleue<br \/>\n27 Framboise acidul\u00e9e bleue<br \/>\n28 Fraise Red bull<br \/>\n29 Explosion de pomme et de baies<br \/>\n30 Chewing-gum \u00e0 la past\u00e8que<br \/>\n31 Framboise past\u00e8que<br \/>\n32 Glace noire<br \/>\n33 Myrtille cerise canneberge<br \/>\n34 Fraise pomp (grenade)<br \/>\n35 Vimto<br \/>\n36 Cerise et fruits rouges<br \/>\n37 Citron<br \/>\n38 Bingo Crush<br \/>\n39 Myrtille kiwi<br \/>\n40 Pomme cannelle<\/p>\n<p>&nbsp;<\/p>\n<h3>Questions fr\u00e9quemment pos\u00e9es sur la cigarette \u00e9lectronique jetable Fumot Digital Box 12000 bouff\u00e9es<\/h3>\n<p><strong>Q : Les cigarettes \u00e9lectroniques Fumot sont-elles de haute qualit\u00e9 ?<\/strong><br \/>\n<strong>A:<\/strong> Oui, les cigarettes \u00e9lectroniques Fumot sont r\u00e9put\u00e9es pour leur qualit\u00e9 sup\u00e9rieure et leurs performances exceptionnelles. Elles sont \u00e9quip\u00e9es d'une technologie avanc\u00e9e pour offrir une saveur constante, une exp\u00e9rience de vapotage satisfaisante et un nombre impressionnant de bouff\u00e9es, ce qui en fait un choix fiable pour les amateurs de vapotage.<\/p>\n<p><strong>Q : Combien de temps dure une cigarette \u00e9lectronique Fumot de 12 000 bouff\u00e9es ?<\/strong><br \/>\n<strong>A:<\/strong> La dur\u00e9e d\u00e9pend des habitudes d'utilisation individuelles. Pour les utilisateurs intensifs, elle peut durer plusieurs semaines, tandis que les utilisateurs mod\u00e9r\u00e9s peuvent la trouver suffisante pour un \u00e0 deux mois. Les utilisateurs l\u00e9gers pourraient potentiellement profiter de leur appareil jusqu'\u00e0 trois mois, ce qui le rend id\u00e9al pour ceux qui pr\u00e9f\u00e8rent une option de vapotage de longue dur\u00e9e sans remplacements fr\u00e9quents.<\/p>\n<p><strong>Q : Quel est le prix d'une cigarette \u00e9lectronique Fumot de 12 000 bouff\u00e9es ?<\/strong><br \/>\n<strong>A:<\/strong> Le prix d'une cigarette \u00e9lectronique de 12 000 bouff\u00e9es varie en fonction de la marque, des fonctionnalit\u00e9s et du vendeur. En France, il se situe g\u00e9n\u00e9ralement entre 15 \u20ac et 30 \u20ac. Les remises saisonni\u00e8res, la disponibilit\u00e9 et les variations de mod\u00e8le peuvent \u00e9galement influencer le co\u00fbt.<\/p>\n<p><strong>Q : Quelle quantit\u00e9 de nicotine contient une vape de 12 000 bouff\u00e9es ?<\/strong><br \/>\n<strong>A:<\/strong> La Fumot Digital Box offre plusieurs options de taux de nicotine, y compris 0 %, 2 %, 3 % et 5 %. Cette vari\u00e9t\u00e9 permet aux utilisateurs de choisir un niveau qui correspond \u00e0 leurs pr\u00e9f\u00e9rences et \u00e0 leurs habitudes de vapotage.<\/p>\n<p><strong>Q : Combien de temps faut-il pour charger une vape Fumot ?<\/strong><br \/>\n<strong>A:<\/strong> Le temps de charge d'une vape Fumot est d'environ 1 \u00e0 2 heures, selon la capacit\u00e9 de la batterie de l'appareil et le type de chargeur. La fonction de recharge rapide garantit un minimum de temps d'arr\u00eat, afin que les utilisateurs puissent reprendre le vapotage rapidement.<\/p>\n<p>&nbsp;<\/p>\n<h3>Raisons de choisir le prix de gros <a href=\"https:\/\/vapestornado.com\/fr\/product\/fumot-digital-box-12000-puffs-cheap-price-disposable-vape\/\">Fumot Digital Box 12000 bouff\u00e9es<\/a> Vape jetable \u00e0 <a href=\"https:\/\/vapestornado.com\/fr\/store\/\">tornade de vapeur<\/a><\/h3>\n<ol>\n<li><strong>Nombre \u00e9lev\u00e9 de bouff\u00e9es pour une longue dur\u00e9e de vie<\/strong><br \/>\nAvec une capacit\u00e9 impressionnante de 12 000 bouff\u00e9es, cet appareil garantit une utilisation prolong\u00e9e, parfait pour ceux qui recherchent une vape durable sans remplacements fr\u00e9quents.<\/li>\n<li><strong>Options de nicotine personnalisables<\/strong><br \/>\nDisponible en taux de nicotine de 0 %, 2 %, 3 % et 5 %, la Fumot Digital Box r\u00e9pond \u00e0 un large \u00e9ventail de pr\u00e9f\u00e9rences, que vous recherchiez une exp\u00e9rience sans nicotine ou plus forte.<\/li>\n<li><strong>Design compact avec fonctionnalit\u00e9s avanc\u00e9es<\/strong><br \/>\nLe design \u00e9l\u00e9gant et l\u00e9ger est associ\u00e9 \u00e0 des fonctionnalit\u00e9s modernes comme le contr\u00f4le du flux d'air et 6 lumi\u00e8res RVB, offrant \u00e0 la fois fonctionnalit\u00e9 et style.<\/li>\n<li><strong>Batterie rechargeable pratique<\/strong><br \/>\n\u00c9quip\u00e9e d'une batterie rechargeable de 550 mAh et d'un port de charge de type C, elle offre des recharges rapides, r\u00e9duisant au minimum le temps d'arr\u00eat.<\/li>\n<li><strong>Prix abordable<\/strong><br \/>\nOffrant des fonctionnalit\u00e9s haut de gamme \u00e0 un prix comp\u00e9titif, la Fumot Digital Box offre un excellent rapport qualit\u00e9-prix pour ceux qui recherchent une solution de vapotage \u00e9conomique et performante.<\/li>\n<\/ol>","protected":false},"excerpt":{"rendered":"<p>D\u00e9couvrez des offres imbattables sur la cigarette \u00e9lectronique rechargeable Fumot Digital Box 12000 bouff\u00e9es. Contactez-nous d\u00e8s aujourd'hui pour b\u00e9n\u00e9ficier de votre r\u00e9duction sp\u00e9ciale !<strong>(Quantit\u00e9 minimale de commande : 50 pi\u00e8ces)<\/strong><\/p>\n<figure id=\"attachment_2951\" aria-describedby=\"caption-attachment-2951\" style=\"width: 265px\" class=\"wp-caption alignnone\"><img fetchpriority=\"high\" decoding=\"async\" class=\"size-medium wp-image-2951\" src=\"https:\/\/vapestornado.com\/wp-content\/uploads\/2024\/12\/Wholesale-Disposable-Vape-265x300.jpg\" alt=\"Vape jetable en gros\" width=\"265\" height=\"300\" srcset=\"https:\/\/vapestornado.com\/wp-content\/uploads\/2024\/12\/Wholesale-Disposable-Vape-265x300.jpg 265w, https:\/\/vapestornado.com\/wp-content\/uploads\/2024\/12\/Wholesale-Disposable-Vape-768x871.jpg 768w, https:\/\/vapestornado.com\/wp-content\/uploads\/2024\/12\/Wholesale-Disposable-Vape-600x680.jpg 600w, https:\/\/vapestornado.com\/wp-content\/uploads\/2024\/12\/Wholesale-Disposable-Vape.jpg 823w\" sizes=\"(max-width: 265px) 100vw, 265px\" \/><figcaption id=\"caption-attachment-2951\" class=\"wp-caption-text\">Veuillez contacter Mandy sur WhatsApp pour obtenir un prix r\u00e9duit<a href=\"https:\/\/wa.me\/8618077105796\">+8618077105796<\/a><\/figcaption><\/figure>","protected":false},"featured_media":2943,"comment_status":"open","ping_status":"closed","template":"","meta":{"_acf_changed":false,"_uag_custom_page_level_css":"","_lmt_disableupdate":"no","_lmt_disable":"","_monsterinsights_skip_tracking":false,"_monsterinsights_sitenote_active":false,"_monsterinsights_sitenote_note":"","_monsterinsights_sitenote_category":0,"site-sidebar-layout":"default","site-content-layout":"","ast-site-content-layout":"default","site-content-style":"default","site-sidebar-style":"default","ast-global-header-display":"","ast-banner-title-visibility":"","ast-main-header-display":"","ast-hfb-above-header-display":"","ast-hfb-below-header-display":"","ast-hfb-mobile-header-display":"","site-post-title":"","ast-breadcrumbs-content":"","ast-featured-img":"","footer-sml-layout":"","ast-disable-related-posts":"","theme-transparent-header-meta":"default","adv-header-id-meta":"","stick-header-meta":"","header-above-stick-meta":"","header-main-stick-meta":"","header-below-stick-meta":"","astra-migrate-meta-layouts":"set","ast-page-background-enabled":"default","ast-page-background-meta":{"desktop":{"background-color":"","background-image":"","background-repeat":"repeat","background-position":"center center","background-size":"auto","background-attachment":"scroll","background-type":"","background-media":"","overlay-type":"","overlay-color":"","overlay-opacity":"","overlay-gradient":""},"tablet":{"background-color":"","background-image":"","background-repeat":"repeat","background-position":"center center","background-size":"auto","background-attachment":"scroll","background-type":"","background-media":"","overlay-type":"","overlay-color":"","overlay-opacity":"","overlay-gradient":""},"mobile":{"background-color":"","background-image":"","background-repeat":"repeat","background-position":"center center","background-size":"auto","background-attachment":"scroll","background-type":"","background-media":"","overlay-type":"","overlay-color":"","overlay-opacity":"","overlay-gradient":""}},"ast-content-background-meta":{"desktop":{"background-color":"var(--ast-global-color-5)","background-image":"","background-repeat":"repeat","background-position":"center center","background-size":"auto","background-attachment":"scroll","background-type":"","background-media":"","overlay-type":"","overlay-color":"","overlay-opacity":"","overlay-gradient":""},"tablet":{"background-color":"var(--ast-global-color-5)","background-image":"","background-repeat":"repeat","background-position":"center center","background-size":"auto","background-attachment":"scroll","background-type":"","background-media":"","overlay-type":"","overlay-color":"","overlay-opacity":"","overlay-gradient":""},"mobile":{"background-color":"var(--ast-global-color-5)","background-image":"","background-repeat":"repeat","background-position":"center center","background-size":"auto","background-attachment":"scroll","background-type":"","background-media":"","overlay-type":"","overlay-color":"","overlay-opacity":"","overlay-gradient":""}},"_joinchat":{"telephone":"+8618077105796"}},"product_brand":[],"product_cat":[72,154,155,142,58],"product_tag":[82,98],"class_list":{"0":"post-2926","1":"product","2":"type-product","3":"status-publish","4":"has-post-thumbnail","6":"product_cat-12000-puff","7":"product_cat-buy-disposable-vapes-in-netherlands","8":"product_cat-buy-disposable-vapes-in-norway","9":"product_cat-digital-box-disposable-vapes","10":"product_cat-fumot-vape","11":"product_tag-fumot-digital-box-12000-puffs","12":"product_tag-wholesale-price-disposable-vape","13":"desktop-align-left","14":"tablet-align-left","15":"mobile-align-left","17":"first","18":"instock","19":"sale","20":"shipping-taxable","21":"purchasable","22":"product-type-simple"},"acf":[],"uagb_featured_image_src":{"full":["https:\/\/vapestornado.com\/wp-content\/uploads\/2024\/12\/Fumot-Digital-Box-12000-Puffs-Grape-Ice.jpg",800,800,false],"thumbnail":["https:\/\/vapestornado.com\/wp-content\/uploads\/2024\/12\/Fumot-Digital-Box-12000-Puffs-Grape-Ice-150x150.jpg",150,150,true],"medium":["https:\/\/vapestornado.com\/wp-content\/uploads\/2024\/12\/Fumot-Digital-Box-12000-Puffs-Grape-Ice-300x300.jpg",300,300,true],"medium_large":["https:\/\/vapestornado.com\/wp-content\/uploads\/2024\/12\/Fumot-Digital-Box-12000-Puffs-Grape-Ice-768x768.jpg",768,768,true],"large":["https:\/\/vapestornado.com\/wp-content\/uploads\/2024\/12\/Fumot-Digital-Box-12000-Puffs-Grape-Ice.jpg",800,800,false],"1536x1536":["https:\/\/vapestornado.com\/wp-content\/uploads\/2024\/12\/Fumot-Digital-Box-12000-Puffs-Grape-Ice.jpg",800,800,false],"2048x2048":["https:\/\/vapestornado.com\/wp-content\/uploads\/2024\/12\/Fumot-Digital-Box-12000-Puffs-Grape-Ice.jpg",800,800,false],"trp-custom-language-flag":["https:\/\/vapestornado.com\/wp-content\/uploads\/2024\/12\/Fumot-Digital-Box-12000-Puffs-Grape-Ice.jpg",12,12,false],"woocommerce_thumbnail":["https:\/\/vapestornado.com\/wp-content\/uploads\/2024\/12\/Fumot-Digital-Box-12000-Puffs-Grape-Ice-300x300.jpg",300,300,true],"woocommerce_single":["https:\/\/vapestornado.com\/wp-content\/uploads\/2024\/12\/Fumot-Digital-Box-12000-Puffs-Grape-Ice-600x600.jpg",600,600,true],"woocommerce_gallery_thumbnail":["https:\/\/vapestornado.com\/wp-content\/uploads\/2024\/12\/Fumot-Digital-Box-12000-Puffs-Grape-Ice-100x100.jpg",100,100,true]},"uagb_author_info":{"display_name":"ESMANDY","author_link":"https:\/\/vapestornado.com\/fr\/author\/"},"uagb_comment_info":0,"uagb_excerpt":"Discover unbeatable deals on the Fumot Digital Box 12000 puff Rechargeable Vape. Reach out today to secure your special discount!(MOQ is 50pcs) [caption id=\"attachment_2951\" align=\"alignnone\" width=\"265\"] Pls Contact Mandy's WhatsApp For Discount Price+8618077105796[\/caption]","_links":{"self":[{"href":"https:\/\/vapestornado.com\/fr\/wp-json\/wp\/v2\/product\/2926","targetHints":{"allow":["GET"]}}],"collection":[{"href":"https:\/\/vapestornado.com\/fr\/wp-json\/wp\/v2\/product"}],"about":[{"href":"https:\/\/vapestornado.com\/fr\/wp-json\/wp\/v2\/types\/product"}],"replies":[{"embeddable":true,"href":"https:\/\/vapestornado.com\/fr\/wp-json\/wp\/v2\/comments?post=2926"}],"wp:featuredmedia":[{"embeddable":true,"href":"https:\/\/vapestornado.com\/fr\/wp-json\/wp\/v2\/media\/2943"}],"wp:attachment":[{"href":"https:\/\/vapestornado.com\/fr\/wp-json\/wp\/v2\/media?parent=2926"}],"wp:term":[{"taxonomy":"product_brand","embeddable":true,"href":"https:\/\/vapestornado.com\/fr\/wp-json\/wp\/v2\/product_brand?post=2926"},{"taxonomy":"product_cat","embeddable":true,"href":"https:\/\/vapestornado.com\/fr\/wp-json\/wp\/v2\/product_cat?post=2926"},{"taxonomy":"product_tag","embeddable":true,"href":"https:\/\/vapestornado.com\/fr\/wp-json\/wp\/v2\/product_tag?post=2926"}],"curies":[{"name":"wp","href":"https:\/\/api.w.org\/{rel}","templated":true}]}}