{"id":2922,"date":"2024-12-02T03:41:29","date_gmt":"2024-12-02T03:41:29","guid":{"rendered":"https:\/\/vapestornado.com\/?post_type=product&#038;p=2922"},"modified":"2025-10-31T09:41:30","modified_gmt":"2025-10-31T09:41:30","slug":"fumot-randm-tornado-15000-puffs-rechargeable-disposable-vape-wholesale","status":"publish","type":"product","link":"https:\/\/vapestornado.com\/fr\/product\/fumot-randm-tornado-15000-puffs-rechargeable-disposable-vape-wholesale\/","title":{"rendered":"Fumot RandM Tornado 15000 Bouff\u00e9es Vape Jetable Rechargeable en Gros"},"content":{"rendered":"<h1 class=\"product-title\">Fumot RandM Tornado 15000 Bouff\u00e9es Vape Jetable Rechargeable en Gros<\/h1>\n<p data-start=\"0\" data-end=\"528\">L' <strong data-start=\"4\" data-end=\"55\">Fumot RandM Tornado 15000 Bouff\u00e9es Vape jetable<\/strong> est un puissant <strong data-start=\"70\" data-end=\"82\">Vape 15K<\/strong> con\u00e7u pour la performance, la fiabilit\u00e9 et la valeur. Chaque <strong data-start=\"135\" data-end=\"158\">RandM Tornade 15000<\/strong> unit\u00e9 d\u00e9livre jusqu'\u00e0 <strong data-start=\"179\" data-end=\"195\">15 000 bouff\u00e9es<\/strong> avec une capacit\u00e9 massive de <strong data-start=\"211\" data-end=\"235\">R\u00e9servoir pr\u00e9-rempli de 22 ml<\/strong>, offrant une long\u00e9vit\u00e9 exceptionnelle pour les d\u00e9taillants et grossistes recherchant un stock \u00e0 forte demande. Con\u00e7u avec pr\u00e9cision, ce <strong data-start=\"355\" data-end=\"375\">Vape Tornade 15K<\/strong> fournit une production de vapeur constante et une livraison de saveur riche, ce qui en fait l'un des mod\u00e8les de <strong data-start=\"473\" data-end=\"495\">tornado vapeur 15000<\/strong> les plus populaires sur le march\u00e9 europ\u00e9en.<\/p>\n<p data-start=\"530\" data-end=\"866\">\u00c9quip\u00e9 d'un <strong data-start=\"547\" data-end=\"578\">Batterie rechargeable de 850 mAh<\/strong> et de <strong data-start=\"583\" data-end=\"607\">Charge rapide Type-C<\/strong>, l'appareil minimise les temps d'arr\u00eat tout en maintenant une sortie stable tout au long de chaque session. La <strong data-start=\"700\" data-end=\"720\">bobine \u00e0 mailles<\/strong> am\u00e9liore l'intensit\u00e9 de la saveur et la douceur de la vapeur, tandis que le <strong data-start=\"779\" data-end=\"797\">indicateurs LED<\/strong> informe les utilisateurs en un coup d'\u0153il sur le niveau de e-liquide et la batterie.<\/p>\n<p data-start=\"868\" data-end=\"1247\" data-is-last-node=\"\" data-is-only-node=\"\">Disponible en <strong data-start=\"881\" data-end=\"910\">options de nicotine 2% et 5%<\/strong> avec plus de <strong data-start=\"926\" data-end=\"940\">45 saveurs<\/strong>, le <strong data-start=\"946\" data-end=\"966\">Fumot vapeur 15000<\/strong> convient aussi bien aux utilisateurs occasionnels qu'aux vapoteurs intensifs. Compact, \u00e9l\u00e9gant et facile \u00e0 transporter, c\u2019est un ajout parfait \u00e0 tout catalogue de gros. Pour les distributeurs en France, le <strong data-start=\"1132\" data-end=\"1166\">Vape RandM Tornado 15000 Bouff\u00e9es<\/strong> offre des performances de premier ordre, une diversit\u00e9 de saveurs et des prix de gros imbattables.<\/p>\n<p>&nbsp;<\/p>\n<p><strong>Ajoutez le Whatsapp d'Amy pour obtenir une r\u00e9ponse imm\u00e9diate et un coupon de vape !<\/strong><\/p>\n<p><img fetchpriority=\"high\" decoding=\"async\" class=\"size-full wp-image-2932\" src=\"https:\/\/vapestornado.com\/wp-content\/uploads\/2024\/12\/Vape-Wholesale.jpg\" alt=\"Vente en Gros de Vapes\" width=\"229\" height=\"300\" \/><\/p>\n<h3><a href=\"https:\/\/wa.me\/8617776015835\" target=\"_blank\" rel=\"noopener\"><span style=\"color: #ff0000;\"><strong>WhatsApp : +86 17776015835<\/strong><\/span><\/a><\/h3>\n<p>&nbsp;<\/p>\n<h2><strong>Caract\u00e9ristiques du produit RandM Tornado 15000<\/strong><\/h2>\n<p>Bouff\u00e9es : Jusqu'\u00e0 15000 bouff\u00e9es.<br \/>\nCapacit\u00e9 de la batterie : Batterie rechargeable de 850mAh<br \/>\nChargement rapide : USB Type-C<br \/>\nIndicateur de niveau de batterie et d'e-liquide \u00e0 LED.<br \/>\nBobine Mesh<br \/>\n45 saveurs disponibles.<br \/>\nNicotine : 2% 5%<br \/>\nCompact<\/p>\n<h2 class=\"product-title\"><strong>Liste des saveurs de vapotage RandM 15k<\/strong><\/h2>\n<p>1.Limonade aux framboises bleues<br \/>\n2.P\u00eache glac\u00e9e<br \/>\n3.Pomme aigre<br \/>\n4.Past\u00e8que glac\u00e9e<br \/>\n5.Myrtille glac\u00e9e<br \/>\n6.Myrtille framboise<br \/>\n7.Ananas glac\u00e9<br \/>\n8.Cerise<br \/>\n9. Glace \u00e0 la fraise<br \/>\n10.Vimto<br \/>\n11. Glace au raisin<br \/>\n12. Glace au cola<br \/>\n13. Fraise Past\u00e8que<br \/>\n14. Limonade rose<br \/>\n15. Baies m\u00e9lang\u00e9es<br \/>\n16. P\u00eache mangue<br \/>\n17. Fruit du dragon<br \/>\n18. Fraise raisin<br \/>\n19. Monsieur Bleu<br \/>\n20. Glace luxuriante<br \/>\n21. Sucette glac\u00e9e<br \/>\n22.Fraise Kiwi<br \/>\n23.Kiwi Fruit de la passion Goyave<br \/>\n24.Triple Baies<br \/>\n25.Glace \u00e0 la banane<br \/>\n26.Bonbon P\u00eache Myrtille<br \/>\n27.Pomme P\u00eache Poire<br \/>\n28.Limonade aux baies<br \/>\n29.Cerise Framboise Bleue<br \/>\n30.Bubble-gum Myrtille<br \/>\n31.Myrtille Cerise Canneberge<br \/>\n32.Myrtille Grenade<br \/>\n33.Framboise Bleue Acidul\u00e9e<br \/>\n34.Cerise Cola<br \/>\n35.Ours en gomme<br \/>\n36.Citron<br \/>\n37.Mangue Glac\u00e9e<br \/>\n38.Boisson \u00e9nergisante glac\u00e9e<br \/>\n39.Fraise Banane<br \/>\n40.Boisson \u00e9nergisante \u00e0 la fraise<br \/>\n41.Limonade Past\u00e8que Fraise<br \/>\n42.Th\u00e9 glac\u00e9 citron glac\u00e9<br \/>\n43.Th\u00e9 glac\u00e9 p\u00eache glac\u00e9<br \/>\n44.Cerise p\u00e9tillante<br \/>\n45.Skittles<\/p>\n<h3>Pourquoi choisir vapestornado pour Fumot 15k Vape Tornade en gros?<\/h3>\n<div class=\"flex-shrink-0 flex flex-col relative items-end\">\n<div class=\"pt-0\">\n<div class=\"gizmo-bot-avatar flex h-8 w-8 items-center justify-center overflow-hidden rounded-full\">\n<div class=\"relative p-1 rounded-sm flex items-center justify-center bg-token-main-surface-primary text-token-text-primary h-8 w-8\">\n<p>Bienvenue chez vapestornado, votre boutique en ligne de vapoteuse de confiance pour des vapoteuses jetables haut de gamme. Avec plus de 5 ans d'expertise, nous vous proposons des marques populaires de vapoteuses jetables telles que <a href=\"https:\/\/vapestornado.com\/fr\/product\/jnr-ragegorilla-55000-puffs-55k-vape-disposables-42ml-2-nicotine-wholesale-price\/\">JNR Vape<\/a>, Vapme, Bang Vape, Waspe Vape, et <a href=\"https:\/\/vapestornado.com\/fr\/product\/original-wga-ultra-35k-35000-puff-rechargeable-crystal-disposable-nicotine-vape-best-discount-price\/\">WGA Vape<\/a>, etc.<\/p>\n<p>Notre gamme comprend des vapes \u00e0 succ\u00e8s comme le RandM Tornado 15000 et des choix riches en saveurs comme le WASPE Double Flavor 40000 Puffs. Chaque produit est choisi en mettant l'accent sur la qualit\u00e9, la valeur et la vari\u00e9t\u00e9, afin que vous trouviez la solution id\u00e9ale pour vos besoins. D\u00e9couvrez un service exceptionnel et une large gamme de produits de premi\u00e8re qualit\u00e9 chez vapestornado.<\/p>\n<\/div>\n<h3><\/h3>\n<div class=\"relative p-1 rounded-sm flex items-center justify-center bg-token-main-surface-primary text-token-text-primary h-8 w-8\">\n<h3>FAQs pour la vape jetable RandM 15k<\/h3>\n<\/div>\n<\/div>\n<\/div>\n<\/div>\n<div class=\"flex-shrink-0 flex flex-col relative items-end\">\n<div class=\"pt-0\">\n<div class=\"gizmo-bot-avatar flex h-8 w-8 items-center justify-center overflow-hidden rounded-full\">\n<div class=\"relative p-1 rounded-sm flex items-center justify-center bg-token-main-surface-primary text-token-text-primary h-8 w-8\"><\/div>\n<\/div>\n<\/div>\n<\/div>\n<div class=\"group\/conversation-turn relative flex w-full min-w-0 flex-col agent-turn\">\n<div class=\"flex-col gap-1 md:gap-3\">\n<div class=\"flex max-w-full flex-col flex-grow\">\n<div class=\"min-h-8 text-message flex w-full flex-col items-end gap-2 whitespace-normal break-words [.text-message+&amp;]:mt-5\" dir=\"auto\" data-message-author-role=\"assistant\" data-message-id=\"db716a1c-9ed0-4b8d-b3b0-7bdb913c3d42\" data-message-model-slug=\"gpt-4o\">\n<div class=\"flex w-full flex-col gap-1 empty:hidden first:pt-[3px]\">\n<div class=\"markdown prose w-full break-words dark:prose-invert light\">\n<p><strong>O\u00f9 acheter la vape RandM Tornado 15000 au prix de gros en France<\/strong><br \/>\nPour acheter la vape RandM Tornado 15000 \u00e0 des prix de gros en France, contactez les distributeurs en gros de vapes ou les fournisseurs en ligne sp\u00e9cialis\u00e9s dans les produits RandM Vape. Assurez-vous qu'ils respectent les r\u00e9glementations locales et proposent des produits authentiques.<\/p>\n<p><strong>Combien de bouff\u00e9es fournit la vape Fumot 15k ?<\/strong><br \/>\nLa vape Fumot 15k offre jusqu'\u00e0 15 000 bouff\u00e9es, offrant une long\u00e9vit\u00e9 exceptionnelle pour des sessions de vapotage prolong\u00e9es.<\/p>\n<p><strong>Combien de temps dure le stylo \u00e0 vape jetable populaire RandM 15000 ?<\/strong><br \/>\nLa dur\u00e9e du RandM 15000 d\u00e9pend des habitudes de l'utilisateur. Pour les vapoteurs mod\u00e9r\u00e9s, il dure g\u00e9n\u00e9ralement deux \u00e0 trois semaines, gr\u00e2ce \u00e0 sa grande capacit\u00e9 de bouff\u00e9es et \u00e0 sa conception rechargeable.<\/p>\n<p><strong>Quelles sont les saveurs populaires pour la bo\u00eete jetable Fumot 15k Puffs ?<\/strong><br \/>\nLes saveurs populaires pour le Fumot 15k incluent des options fruit\u00e9es comme la mangue glac\u00e9e, la fraise past\u00e8que et la myrtille framboise, ainsi que des m\u00e9langes de menthol rafra\u00eechissants et des profils inspir\u00e9s des desserts.<\/p>\n<p><strong>Combien de temps faut-il pour charger une vape rechargeable RandM 15k ?<\/strong><br \/>\nLe chargement d'une vape rechargeable RandM 15k prend environ 1 \u00e0 2 heures \u00e0 l'aide de son port de chargement rapide USB Type-C, garantissant une restauration rapide et efficace de l'alimentation.<\/p>\n<p><strong>Quelle est la quantit\u00e9 de nicotine dans une vape jetable RandM Tornado 15000 Puffs ?<\/strong><br \/>\nLe RandM Tornado 15000 offre une exp\u00e9rience de nicotine personnalisable, avec des forces allant jusqu'\u00e0 50 mg selon la variante, r\u00e9pondant aux diverses pr\u00e9f\u00e9rences des utilisateurs.<\/p>\n<\/div>\n<\/div>\n<\/div>\n<\/div>\n<\/div>\n<\/div>","protected":false},"excerpt":{"rendered":"<p>Meilleures saveurs du RandM Tornado 15000 Puffs au prix le plus bas<br \/>\nVape jetable Fumot RandM 15000 Puffs en gros<br \/>\nPrix d'achat en gros du RandM Tornado 15000 Vape jetable rechargeable<\/p>\n<p><strong>Ajoutez le WhatsApp d'Amy pour obtenir une bonne r\u00e9ponse et un coupon de vape !<\/strong><\/p>\n<p><img fetchpriority=\"high\" decoding=\"async\" class=\"size-full wp-image-2932\" src=\"https:\/\/vapestornado.com\/wp-content\/uploads\/2024\/12\/Vape-Wholesale.jpg\" alt=\"Vente en Gros de Vapes\" width=\"229\" height=\"300\" \/><\/p>\n<h3><a href=\"https:\/\/wa.me\/8617776015835\"><span style=\"color: #ff0000;\"><strong>WhatsApp : +86 17776015835<\/strong><\/span><\/a><\/h3>\n<p>&nbsp;<\/p>","protected":false},"featured_media":2929,"comment_status":"open","ping_status":"closed","template":"","meta":{"_acf_changed":false,"_uag_custom_page_level_css":"","_lmt_disableupdate":"no","_lmt_disable":"","_monsterinsights_skip_tracking":false,"_monsterinsights_sitenote_active":false,"_monsterinsights_sitenote_note":"","_monsterinsights_sitenote_category":0,"site-sidebar-layout":"default","site-content-layout":"","ast-site-content-layout":"default","site-content-style":"default","site-sidebar-style":"default","ast-global-header-display":"","ast-banner-title-visibility":"","ast-main-header-display":"","ast-hfb-above-header-display":"","ast-hfb-below-header-display":"","ast-hfb-mobile-header-display":"","site-post-title":"","ast-breadcrumbs-content":"","ast-featured-img":"","footer-sml-layout":"","ast-disable-related-posts":"","theme-transparent-header-meta":"default","adv-header-id-meta":"","stick-header-meta":"","header-above-stick-meta":"","header-main-stick-meta":"","header-below-stick-meta":"","astra-migrate-meta-layouts":"set","ast-page-background-enabled":"default","ast-page-background-meta":{"desktop":{"background-color":"","background-image":"","background-repeat":"repeat","background-position":"center center","background-size":"auto","background-attachment":"scroll","background-type":"","background-media":"","overlay-type":"","overlay-color":"","overlay-opacity":"","overlay-gradient":""},"tablet":{"background-color":"","background-image":"","background-repeat":"repeat","background-position":"center center","background-size":"auto","background-attachment":"scroll","background-type":"","background-media":"","overlay-type":"","overlay-color":"","overlay-opacity":"","overlay-gradient":""},"mobile":{"background-color":"","background-image":"","background-repeat":"repeat","background-position":"center center","background-size":"auto","background-attachment":"scroll","background-type":"","background-media":"","overlay-type":"","overlay-color":"","overlay-opacity":"","overlay-gradient":""}},"ast-content-background-meta":{"desktop":{"background-color":"var(--ast-global-color-5)","background-image":"","background-repeat":"repeat","background-position":"center center","background-size":"auto","background-attachment":"scroll","background-type":"","background-media":"","overlay-type":"","overlay-color":"","overlay-opacity":"","overlay-gradient":""},"tablet":{"background-color":"var(--ast-global-color-5)","background-image":"","background-repeat":"repeat","background-position":"center center","background-size":"auto","background-attachment":"scroll","background-type":"","background-media":"","overlay-type":"","overlay-color":"","overlay-opacity":"","overlay-gradient":""},"mobile":{"background-color":"var(--ast-global-color-5)","background-image":"","background-repeat":"repeat","background-position":"center center","background-size":"auto","background-attachment":"scroll","background-type":"","background-media":"","overlay-type":"","overlay-color":"","overlay-opacity":"","overlay-gradient":""}},"_joinchat":{"telephone":"+8617776015835"}},"product_brand":[],"product_cat":[71,140,149,150,152,157,58],"product_tag":[414,415,79,416,81,80,77,78,214],"class_list":{"0":"post-2922","1":"product","2":"type-product","3":"status-publish","4":"has-post-thumbnail","6":"product_cat-15000-puff","7":"product_cat-big-puffs-disposable-vapes","8":"product_cat-buy-disposable-vapes-in-austria","9":"product_cat-buy-disposable-vapes-in-belgium","10":"product_cat-buy-disposable-vapes-in-cermany","11":"product_cat-buy-disposable-vapes-in-portugal","12":"product_cat-fumot-vape","13":"product_tag-15k-tornado-vape","14":"product_tag-15k-vape","15":"product_tag-fumot-15k","16":"product_tag-fumot-vape-15000","17":"product_tag-randm-15000","18":"product_tag-randm-15k","19":"product_tag-randm-tornado-15000","20":"product_tag-randm-vape","21":"product_tag-tornado-vape-15000","22":"desktop-align-left","23":"tablet-align-left","24":"mobile-align-left","26":"first","27":"instock","28":"sale","29":"shipping-taxable","30":"purchasable","31":"product-type-simple"},"acf":[],"uagb_featured_image_src":{"full":["https:\/\/vapestornado.com\/wp-content\/uploads\/2024\/12\/RandM-15000-Tornado-Vape-Wholesale.jpg",1182,1182,false],"thumbnail":["https:\/\/vapestornado.com\/wp-content\/uploads\/2024\/12\/RandM-15000-Tornado-Vape-Wholesale-150x150.jpg",150,150,true],"medium":["https:\/\/vapestornado.com\/wp-content\/uploads\/2024\/12\/RandM-15000-Tornado-Vape-Wholesale-300x300.jpg",300,300,true],"medium_large":["https:\/\/vapestornado.com\/wp-content\/uploads\/2024\/12\/RandM-15000-Tornado-Vape-Wholesale-768x768.jpg",768,768,true],"large":["https:\/\/vapestornado.com\/wp-content\/uploads\/2024\/12\/RandM-15000-Tornado-Vape-Wholesale-1024x1024.jpg",1024,1024,true],"1536x1536":["https:\/\/vapestornado.com\/wp-content\/uploads\/2024\/12\/RandM-15000-Tornado-Vape-Wholesale.jpg",1182,1182,false],"2048x2048":["https:\/\/vapestornado.com\/wp-content\/uploads\/2024\/12\/RandM-15000-Tornado-Vape-Wholesale.jpg",1182,1182,false],"trp-custom-language-flag":["https:\/\/vapestornado.com\/wp-content\/uploads\/2024\/12\/RandM-15000-Tornado-Vape-Wholesale.jpg",12,12,false],"woocommerce_thumbnail":["https:\/\/vapestornado.com\/wp-content\/uploads\/2024\/12\/RandM-15000-Tornado-Vape-Wholesale-300x300.jpg",300,300,true],"woocommerce_single":["https:\/\/vapestornado.com\/wp-content\/uploads\/2024\/12\/RandM-15000-Tornado-Vape-Wholesale-600x600.jpg",600,600,true],"woocommerce_gallery_thumbnail":["https:\/\/vapestornado.com\/wp-content\/uploads\/2024\/12\/RandM-15000-Tornado-Vape-Wholesale-100x100.jpg",100,100,true]},"uagb_author_info":{"display_name":"ESAMY","author_link":"https:\/\/vapestornado.com\/fr\/author\/"},"uagb_comment_info":1,"uagb_excerpt":"Best RandM Tornado 15000 Puffs Flavours Lowest Price Fumot RandM 15000 Puffs Disposable Vape Wholesale RandM Tornado 15000 Rechargeable Disposable Vape Bulk Buy Price Add Amy's whatsapp get right reply and vape vape coupon! WhatsApp: +86 17776015835 &nbsp;","_links":{"self":[{"href":"https:\/\/vapestornado.com\/fr\/wp-json\/wp\/v2\/product\/2922","targetHints":{"allow":["GET"]}}],"collection":[{"href":"https:\/\/vapestornado.com\/fr\/wp-json\/wp\/v2\/product"}],"about":[{"href":"https:\/\/vapestornado.com\/fr\/wp-json\/wp\/v2\/types\/product"}],"replies":[{"embeddable":true,"href":"https:\/\/vapestornado.com\/fr\/wp-json\/wp\/v2\/comments?post=2922"}],"wp:featuredmedia":[{"embeddable":true,"href":"https:\/\/vapestornado.com\/fr\/wp-json\/wp\/v2\/media\/2929"}],"wp:attachment":[{"href":"https:\/\/vapestornado.com\/fr\/wp-json\/wp\/v2\/media?parent=2922"}],"wp:term":[{"taxonomy":"product_brand","embeddable":true,"href":"https:\/\/vapestornado.com\/fr\/wp-json\/wp\/v2\/product_brand?post=2922"},{"taxonomy":"product_cat","embeddable":true,"href":"https:\/\/vapestornado.com\/fr\/wp-json\/wp\/v2\/product_cat?post=2922"},{"taxonomy":"product_tag","embeddable":true,"href":"https:\/\/vapestornado.com\/fr\/wp-json\/wp\/v2\/product_tag?post=2922"}],"curies":[{"name":"wp","href":"https:\/\/api.w.org\/{rel}","templated":true}]}}