{"id":2784,"date":"2024-11-12T10:04:17","date_gmt":"2024-11-12T10:04:17","guid":{"rendered":"https:\/\/vapestornado.com\/?page_id=2784"},"modified":"2024-11-12T10:04:19","modified_gmt":"2024-11-12T10:04:19","slug":"payment-methods-at-vapestornado","status":"publish","type":"page","link":"https:\/\/vapestornado.com\/fr\/payment-methods-at-vapestornado\/","title":{"rendered":"M\u00e9thodes de Paiement chez vapestornado"},"content":{"rendered":"<p>Merci d'avoir choisi <strong>tornade de vapeur<\/strong>, votre boutique en ligne de confiance pour des produits de vape jetables de qualit\u00e9 sup\u00e9rieure. Forts de nos ann\u00e9es d'expertise dans l'industrie, nous sommes fiers d'offrir une large s\u00e9lection de grandes marques et d'exp\u00e9dier nos produits dans le monde entier vers diff\u00e9rents pays. Nous nous engageons \u00e0 vous offrir une exp\u00e9rience d'achat s\u00e9curis\u00e9e, pratique et transparente.<\/p>\n\n\n\n<p>Nous acceptons les modes de paiement suivants :<\/p>\n\n\n\n<ol class=\"wp-block-list\">\n<li><strong>PayPal<\/strong>: B\u00e9n\u00e9ficiez de paiements s\u00e9curis\u00e9s et faciles via PayPal pour vos commandes. <em>(TVA de 20 % applicable)<\/em><\/li>\n\n\n\n<li><strong>Carte de cr\u00e9dit<\/strong>: Nous acceptons les principales cartes de cr\u00e9dit, garantissant un processus de paiement sans tracas. <em>(TVA de 20 % applicable)<\/em><\/li>\n\n\n\n<li><strong>Virement bancaire<\/strong>: Pour les paiements traditionnels, les virements bancaires sont disponibles. <em>(Pas de TVA)<\/em><\/li>\n\n\n\n<li><strong>Cryptomonnaie<\/strong>: Nous proposons des paiements en cryptomonnaie pour une option de paiement moderne et ax\u00e9e sur l'avenir. <em>(Pas de TVA)<\/em><\/li>\n\n\n\n<li><strong>Virement Wise<\/strong>: Utilisez Wise pour des services de transfert efficaces et rentables. <em>(Pas de TVA)<\/em><\/li>\n<\/ol>\n\n\n\n<p>Si vous avez des questions ou des demandes sp\u00e9cifiques concernant le paiement, notre \u00e9quipe de service client\u00e8le est toujours pr\u00eate \u00e0 vous aider. Nous sommes l\u00e0 pour nous assurer que votre exp\u00e9rience d'achat chez vapestornado se d\u00e9roule de mani\u00e8re fluide et s\u00e9curis\u00e9e !<\/p>\n\n\n\n<p><\/p>","protected":false},"excerpt":{"rendered":"<p>Merci d'avoir choisi vapestornado, votre boutique en ligne de confiance pour les produits de vape jetables de qualit\u00e9 sup\u00e9rieure. Forts de nos ann\u00e9es d'expertise dans le secteur, nous sommes fiers de vous offrir une vaste s\u00e9lection de grandes marques et d'exp\u00e9dier nos produits dans le monde entier vers diff\u00e9rents pays. Nous nous engageons \u00e0 vous offrir une exp\u00e9rience d'achat s\u00e9curis\u00e9e, pratique et sans faille.<\/p>","protected":false},"author":1,"featured_media":0,"parent":0,"menu_order":0,"comment_status":"closed","ping_status":"closed","template":"","meta":{"_acf_changed":false,"_uag_custom_page_level_css":"","_lmt_disableupdate":"","_lmt_disable":"","_monsterinsights_skip_tracking":false,"_monsterinsights_sitenote_active":false,"_monsterinsights_sitenote_note":"","_monsterinsights_sitenote_category":0,"site-sidebar-layout":"default","site-content-layout":"","ast-site-content-layout":"default","site-content-style":"default","site-sidebar-style":"default","ast-global-header-display":"","ast-banner-title-visibility":"","ast-main-header-display":"","ast-hfb-above-header-display":"","ast-hfb-below-header-display":"","ast-hfb-mobile-header-display":"","site-post-title":"","ast-breadcrumbs-content":"","ast-featured-img":"","footer-sml-layout":"","ast-disable-related-posts":"","theme-transparent-header-meta":"","adv-header-id-meta":"","stick-header-meta":"","header-above-stick-meta":"","header-main-stick-meta":"","header-below-stick-meta":"","astra-migrate-meta-layouts":"set","ast-page-background-enabled":"default","ast-page-background-meta":{"desktop":{"background-color":"","background-image":"","background-repeat":"repeat","background-position":"center center","background-size":"auto","background-attachment":"scroll","background-type":"","background-media":"","overlay-type":"","overlay-color":"","overlay-opacity":"","overlay-gradient":""},"tablet":{"background-color":"","background-image":"","background-repeat":"repeat","background-position":"center center","background-size":"auto","background-attachment":"scroll","background-type":"","background-media":"","overlay-type":"","overlay-color":"","overlay-opacity":"","overlay-gradient":""},"mobile":{"background-color":"","background-image":"","background-repeat":"repeat","background-position":"center center","background-size":"auto","background-attachment":"scroll","background-type":"","background-media":"","overlay-type":"","overlay-color":"","overlay-opacity":"","overlay-gradient":""}},"ast-content-background-meta":{"desktop":{"background-color":"var(--ast-global-color-5)","background-image":"","background-repeat":"repeat","background-position":"center center","background-size":"auto","background-attachment":"scroll","background-type":"","background-media":"","overlay-type":"","overlay-color":"","overlay-opacity":"","overlay-gradient":""},"tablet":{"background-color":"var(--ast-global-color-5)","background-image":"","background-repeat":"repeat","background-position":"center center","background-size":"auto","background-attachment":"scroll","background-type":"","background-media":"","overlay-type":"","overlay-color":"","overlay-opacity":"","overlay-gradient":""},"mobile":{"background-color":"var(--ast-global-color-5)","background-image":"","background-repeat":"repeat","background-position":"center center","background-size":"auto","background-attachment":"scroll","background-type":"","background-media":"","overlay-type":"","overlay-color":"","overlay-opacity":"","overlay-gradient":""}},"_joinchat":[],"footnotes":""},"class_list":["post-2784","page","type-page","status-publish","hentry"],"acf":[],"uagb_featured_image_src":{"full":false,"thumbnail":false,"medium":false,"medium_large":false,"large":false,"1536x1536":false,"2048x2048":false,"trp-custom-language-flag":false,"woocommerce_thumbnail":false,"woocommerce_single":false,"woocommerce_gallery_thumbnail":false},"uagb_author_info":{"display_name":"yannazhan@gmail.com","author_link":"https:\/\/vapestornado.com\/fr\/author\/yannazhangmail-com\/"},"uagb_comment_info":0,"uagb_excerpt":"Thank you for choosing vapestornado, your trusted online store for premium disposable vape products. With years of expertise in the industry, we are proud to offer a wide selection of top brands and ship our products globally to various countries. We are committed to providing you with a secure, convenient, and seamless shopping experience. We\u2026","_links":{"self":[{"href":"https:\/\/vapestornado.com\/fr\/wp-json\/wp\/v2\/pages\/2784","targetHints":{"allow":["GET"]}}],"collection":[{"href":"https:\/\/vapestornado.com\/fr\/wp-json\/wp\/v2\/pages"}],"about":[{"href":"https:\/\/vapestornado.com\/fr\/wp-json\/wp\/v2\/types\/page"}],"author":[{"embeddable":true,"href":"https:\/\/vapestornado.com\/fr\/wp-json\/wp\/v2\/users\/1"}],"replies":[{"embeddable":true,"href":"https:\/\/vapestornado.com\/fr\/wp-json\/wp\/v2\/comments?post=2784"}],"version-history":[{"count":1,"href":"https:\/\/vapestornado.com\/fr\/wp-json\/wp\/v2\/pages\/2784\/revisions"}],"predecessor-version":[{"id":2785,"href":"https:\/\/vapestornado.com\/fr\/wp-json\/wp\/v2\/pages\/2784\/revisions\/2785"}],"wp:attachment":[{"href":"https:\/\/vapestornado.com\/fr\/wp-json\/wp\/v2\/media?parent=2784"}],"curies":[{"name":"wp","href":"https:\/\/api.w.org\/{rel}","templated":true}]}}