{"id":2781,"date":"2024-11-12T10:02:57","date_gmt":"2024-11-12T10:02:57","guid":{"rendered":"https:\/\/vapestornado.com\/?page_id=2781"},"modified":"2024-11-12T10:02:58","modified_gmt":"2024-11-12T10:02:58","slug":"age-verification-policy-for-vapestornado","status":"publish","type":"page","link":"https:\/\/vapestornado.com\/fr\/age-verification-policy-for-vapestornado\/","title":{"rendered":"Politique de V\u00e9rification de l'\u00c2ge pour vapestornado"},"content":{"rendered":"<p>Chez vapestornado, nous nous engageons \u00e0 maintenir une approche responsable et l\u00e9gale de la vente de nos produits de vapotage. Afin de nous assurer que nous r\u00e9pondons aux exigences l\u00e9gales et que nous promouvons une consommation responsable, nous avons mis en place la politique de v\u00e9rification de l'\u00e2ge suivante\u00a0:<\/p>\n\n\n\n<h3 class=\"wp-block-heading\"><strong>\u00c2ge L\u00e9gal Requis pour Fumer<\/strong><\/h3>\n\n\n\n<p>Les clients doivent avoir au moins <strong>21 ans<\/strong> (l'\u00e2ge l\u00e9gal pour fumer en France) pour acheter des produits de vape sur notre site web, vapestornado.com.<\/p>\n\n\n\n<h3 class=\"wp-block-heading\"><strong>Falsifier son \u00c2ge est Ill\u00e9gal<\/strong><\/h3>\n\n\n\n<p>Il est <strong>illegal<\/strong> de falsifier votre \u00e2ge pour acheter nos produits. La violation de cette loi peut entra\u00eener des sanctions l\u00e9gales, y compris des amendes et des accusations criminelles potentielles.<\/p>\n\n\n\n<h3 class=\"wp-block-heading\"><strong>Interdiction d'Achat pour les Mineurs<\/strong><\/h3>\n\n\n\n<p>L'achat de produits de vape sur vapestornado pour <strong>les mineurs<\/strong> est strictement interdit. Toute tentative en ce sens peut entra\u00eener des cons\u00e9quences juridiques pour l'acheteur.<\/p>\n\n\n\n<h3 class=\"wp-block-heading\"><strong>Processus de V\u00e9rification de l'\u00c2ge<\/strong><\/h3>\n\n\n\n<p>Nous avons un <strong>processus strict de v\u00e9rification de l'\u00e2ge<\/strong> pour assurer la conformit\u00e9 aux exigences l\u00e9gales en mati\u00e8re d'\u00e2ge. Pour compl\u00e9ter la v\u00e9rification de l'\u00e2ge, il peut vous \u00eatre demand\u00e9 de fournir des informations personnelles, notamment votre nom, votre adresse, votre date de naissance et les quatre derniers chiffres de votre num\u00e9ro de s\u00e9curit\u00e9 sociale. Ces informations seront recoup\u00e9es avec les registres publics. Si le recoupement \u00e9choue ou si vous ne pouvez pas fournir votre num\u00e9ro de s\u00e9curit\u00e9 sociale, vous devrez t\u00e9l\u00e9charger une <strong>pi\u00e8ce d'identit\u00e9 \u00e9mise par le gouvernement<\/strong> pour v\u00e9rification.<\/p>\n\n\n\n<h3 class=\"wp-block-heading\"><strong>Droit de Refuser le Service<\/strong><\/h3>\n\n\n\n<p>Nous nous r\u00e9servons le droit de <strong>refuser ou annuler une commande<\/strong> si nous ne sommes pas en mesure de v\u00e9rifier votre \u00e2ge ou si une pi\u00e8ce d'identit\u00e9 appropri\u00e9e ne peut pas \u00eatre fournie rapidement.<\/p>\n\n\n\n<h3 class=\"wp-block-heading\"><strong>Engagement envers la pr\u00e9vention chez les jeunes<\/strong><\/h3>\n\n\n\n<p>vapestornado se consacre \u00e0 la pr\u00e9vention de la vente de produits aux mineurs. Nous utilisons un syst\u00e8me de v\u00e9rification de l'\u00e2ge robuste pour assurer la conformit\u00e9 aux restrictions d'\u00e2ge l\u00e9gales et emp\u00eacher l'acc\u00e8s des jeunes aux produits de vapotage.<\/p>\n\n\n\n<h3 class=\"wp-block-heading\"><strong>Refus ou limitation de service<\/strong><\/h3>\n\n\n\n<p>Nous nous r\u00e9servons le droit de <strong>refuser le service<\/strong> aux personnes qui ne satisfont pas aux exigences d'\u00e2ge ou qui ne fournissent pas une preuve d'\u00e2ge suffisante. Si vous pensez qu'on vous a refus\u00e9 le service \u00e0 tort, veuillez contacter notre service client\u00e8le pour obtenir de l'aide.<\/p>\n\n\n\n<h3 class=\"wp-block-heading\"><strong>Avertissement concernant le contenu du site<\/strong><\/h3>\n\n\n\n<p>Nous incluons un <strong>message de prudence<\/strong> sur notre site Web concernant les produits de cigarettes \u00e9lectroniques, rappelant aux clients qu'ils doivent avoir au moins <strong>21 ans<\/strong> en France pour effectuer un achat.<\/p>\n\n\n\n<p>Chez vapestornado, nous accordons la priorit\u00e9 \u00e0 la <strong>s\u00e9curit\u00e9<\/strong> et de <strong>bien-\u00eatre<\/strong> de nos clients. En assurant le strict respect des protocoles de v\u00e9rification de l'\u00e2ge, nous maintenons une approche responsable et l\u00e9gale de la vente de cigarettes \u00e9lectroniques. Notre engagement \u00e0 pr\u00e9venir l'acc\u00e8s des mineurs refl\u00e8te notre d\u00e9termination \u00e0 promouvoir une communaut\u00e9 de vapotage saine et responsable.<\/p>\n\n\n\n<p>4o mini<\/p>","protected":false},"excerpt":{"rendered":"<p>Chez vapestornado, nous nous engageons \u00e0 maintenir une approche responsable et l\u00e9gale de la vente de nos produits de vapotage. Afin de nous assurer que nous respectons les exigences l\u00e9gales et que nous promouvons un vapotage responsable, nous avons mis en \u0153uvre la politique de v\u00e9rification de l'\u00e2ge suivante : Exigence d'\u00e2ge l\u00e9gal pour fumer Les clients doivent avoir au moins 21 ans (l'\u00e2ge l\u00e9gal pour fumer en France [...])<\/p>","protected":false},"author":1,"featured_media":0,"parent":0,"menu_order":0,"comment_status":"closed","ping_status":"closed","template":"","meta":{"_acf_changed":false,"_uag_custom_page_level_css":"","_lmt_disableupdate":"","_lmt_disable":"","_monsterinsights_skip_tracking":false,"_monsterinsights_sitenote_active":false,"_monsterinsights_sitenote_note":"","_monsterinsights_sitenote_category":0,"site-sidebar-layout":"default","site-content-layout":"","ast-site-content-layout":"default","site-content-style":"default","site-sidebar-style":"default","ast-global-header-display":"","ast-banner-title-visibility":"","ast-main-header-display":"","ast-hfb-above-header-display":"","ast-hfb-below-header-display":"","ast-hfb-mobile-header-display":"","site-post-title":"","ast-breadcrumbs-content":"","ast-featured-img":"","footer-sml-layout":"","ast-disable-related-posts":"","theme-transparent-header-meta":"","adv-header-id-meta":"","stick-header-meta":"","header-above-stick-meta":"","header-main-stick-meta":"","header-below-stick-meta":"","astra-migrate-meta-layouts":"set","ast-page-background-enabled":"default","ast-page-background-meta":{"desktop":{"background-color":"","background-image":"","background-repeat":"repeat","background-position":"center center","background-size":"auto","background-attachment":"scroll","background-type":"","background-media":"","overlay-type":"","overlay-color":"","overlay-opacity":"","overlay-gradient":""},"tablet":{"background-color":"","background-image":"","background-repeat":"repeat","background-position":"center center","background-size":"auto","background-attachment":"scroll","background-type":"","background-media":"","overlay-type":"","overlay-color":"","overlay-opacity":"","overlay-gradient":""},"mobile":{"background-color":"","background-image":"","background-repeat":"repeat","background-position":"center center","background-size":"auto","background-attachment":"scroll","background-type":"","background-media":"","overlay-type":"","overlay-color":"","overlay-opacity":"","overlay-gradient":""}},"ast-content-background-meta":{"desktop":{"background-color":"var(--ast-global-color-5)","background-image":"","background-repeat":"repeat","background-position":"center center","background-size":"auto","background-attachment":"scroll","background-type":"","background-media":"","overlay-type":"","overlay-color":"","overlay-opacity":"","overlay-gradient":""},"tablet":{"background-color":"var(--ast-global-color-5)","background-image":"","background-repeat":"repeat","background-position":"center center","background-size":"auto","background-attachment":"scroll","background-type":"","background-media":"","overlay-type":"","overlay-color":"","overlay-opacity":"","overlay-gradient":""},"mobile":{"background-color":"var(--ast-global-color-5)","background-image":"","background-repeat":"repeat","background-position":"center center","background-size":"auto","background-attachment":"scroll","background-type":"","background-media":"","overlay-type":"","overlay-color":"","overlay-opacity":"","overlay-gradient":""}},"_joinchat":[],"footnotes":""},"class_list":["post-2781","page","type-page","status-publish","hentry"],"acf":[],"uagb_featured_image_src":{"full":false,"thumbnail":false,"medium":false,"medium_large":false,"large":false,"1536x1536":false,"2048x2048":false,"trp-custom-language-flag":false,"woocommerce_thumbnail":false,"woocommerce_single":false,"woocommerce_gallery_thumbnail":false},"uagb_author_info":{"display_name":"yannazhan@gmail.com","author_link":"https:\/\/vapestornado.com\/fr\/author\/yannazhangmail-com\/"},"uagb_comment_info":0,"uagb_excerpt":"At vapestornado, we are committed to maintaining a responsible and legal approach to the sale of our vape products. To ensure we meet legal requirements and promote responsible vaping, we have implemented the following age verification policy: Legal Smoking Age Requirement Customers must be at least 21 years old (the legal smoking age in the\u2026","_links":{"self":[{"href":"https:\/\/vapestornado.com\/fr\/wp-json\/wp\/v2\/pages\/2781","targetHints":{"allow":["GET"]}}],"collection":[{"href":"https:\/\/vapestornado.com\/fr\/wp-json\/wp\/v2\/pages"}],"about":[{"href":"https:\/\/vapestornado.com\/fr\/wp-json\/wp\/v2\/types\/page"}],"author":[{"embeddable":true,"href":"https:\/\/vapestornado.com\/fr\/wp-json\/wp\/v2\/users\/1"}],"replies":[{"embeddable":true,"href":"https:\/\/vapestornado.com\/fr\/wp-json\/wp\/v2\/comments?post=2781"}],"version-history":[{"count":1,"href":"https:\/\/vapestornado.com\/fr\/wp-json\/wp\/v2\/pages\/2781\/revisions"}],"predecessor-version":[{"id":2783,"href":"https:\/\/vapestornado.com\/fr\/wp-json\/wp\/v2\/pages\/2781\/revisions\/2783"}],"wp:attachment":[{"href":"https:\/\/vapestornado.com\/fr\/wp-json\/wp\/v2\/media?parent=2781"}],"curies":[{"name":"wp","href":"https:\/\/api.w.org\/{rel}","templated":true}]}}