{"id":2776,"date":"2024-11-12T09:55:46","date_gmt":"2024-11-12T09:55:46","guid":{"rendered":"https:\/\/vapestornado.com\/?page_id=2776"},"modified":"2024-11-12T09:55:48","modified_gmt":"2024-11-12T09:55:48","slug":"terms-conditions","status":"publish","type":"page","link":"https:\/\/vapestornado.com\/fr\/terms-conditions\/","title":{"rendered":"Termes et Conditions"},"content":{"rendered":"<p>Bienvenue chez vapestornado ! En acc\u00e9dant \u00e0 notre site web et en l'utilisant, vous acceptez de vous conformer aux conditions g\u00e9n\u00e9rales suivantes, ainsi qu'aux lois applicables. Si vous n'\u00eates pas d'accord avec ces conditions, veuillez ne pas utiliser notre site. En effectuant un achat sur notre site web, vous acceptez les Conditions.<\/p>\n\n\n\n<p><strong>Commandes internationales<\/strong><\/p>\n\n\n\n<p>vapestornado est bas\u00e9 \u00e0 Hong Kong et op\u00e8re \u00e0 l'\u00e9chelle mondiale. Les clients qui effectuent des achats chez nous et qui exp\u00e9dient vers des pays autres que Hong Kong seront consid\u00e9r\u00e9s comme des clients internationaux. Veuillez vous assurer de bien comprendre les r\u00e9glementations de votre pays concernant la possession, l'importation, l'exportation et l'utilisation de produits de vaporisation avant d'effectuer un achat. Des politiques suppl\u00e9mentaires pour des pays sp\u00e9cifiques sont d\u00e9crites dans nos politiques d'exp\u00e9dition, de retour et de garantie.<\/p>\n\n\n\n<p><strong>Droits d'auteur<\/strong><\/p>\n\n\n\n<p>Tout le contenu de ce site, y compris les textes, les graphiques et le code, est prot\u00e9g\u00e9 par des droits d'auteur en tant qu'\u0153uvre collective en vertu des lois sur les droits d'auteur. Cette \u0153uvre collective comprend les \u0153uvres conc\u00e9d\u00e9es sous licence \u00e0 vapestornado. Copyright 2022, vapestornado. Tous droits r\u00e9serv\u00e9s. Vous pouvez copier et imprimer \u00e9lectroniquement des parties de ce site dans le seul but de passer une commande aupr\u00e8s de vapestornado ou d'acheter des produits vapestornado. Toute autre utilisation, y compris la reproduction, la distribution, l'affichage ou la transmission du contenu du site, est strictement interdite sans l'autorisation expresse de vapestornado Inc.<\/p>\n\n\n\n<p><strong>Marques de commerce<\/strong><\/p>\n\n\n\n<p>Toutes les marques de commerce, marques de service et appellations commerciales utilis\u00e9es sur le site sont des marques de commerce ou des marques d\u00e9pos\u00e9es de vapestornado.<\/p>\n\n\n\n<p><strong>Exclusion de garantie<\/strong><\/p>\n\n\n\n<p>Notre site et les documents et produits fournis sont offerts \u00ab\u00a0tels quels\u00a0\u00bb sans garantie d'aucune sorte, expresse ou implicite. vapestornado d\u00e9cline toute garantie, y compris la qualit\u00e9 marchande, l'ad\u00e9quation \u00e0 un usage particulier et l'absence de contrefa\u00e7on. Nous ne garantissons pas que les fonctions du site seront ininterrompues ou sans erreur, ou que tout d\u00e9faut sera corrig\u00e9. Nous ne garantissons pas non plus l'exactitude, l'opportunit\u00e9 ou la fiabilit\u00e9 des documents sur le site.<\/p>\n\n\n\n<p><strong>Limitation de responsabilit\u00e9<\/strong><\/p>\n\n\n\n<p>vapestornado ne peut \u00eatre tenu responsable de tout dommage sp\u00e9cial ou cons\u00e9cutif r\u00e9sultant de l'utilisation des documents sur ce site ou de la performance des produits, m\u00eame s'il a \u00e9t\u00e9 inform\u00e9 de la possibilit\u00e9 de tels dommages. Certaines juridictions n'autorisent pas les limitations de garanties ou les exclusions de responsabilit\u00e9 pour les dommages cons\u00e9cutifs, de sorte que ces limitations peuvent ne pas s'appliquer \u00e0 vous.<\/p>\n\n\n\n<p><strong>R\u00e9siliation<\/strong><\/p>\n\n\n\n<p>Ces conditions g\u00e9n\u00e9rales s'appliquent \u00e0 vous d\u00e8s que vous acc\u00e9dez au site ou que vous effectuez un processus d'inscription ou d'achat. vapestornado peut r\u00e9silier ces conditions g\u00e9n\u00e9rales, ou toute partie de celles-ci, sans pr\u00e9avis \u00e0 tout moment, pour quelque raison que ce soit. Certaines dispositions, y compris les droits d'auteur, les marques de commerce, l'exclusion de responsabilit\u00e9, la limitation de responsabilit\u00e9, l'indemnisation et les divers, survivront \u00e0 la r\u00e9siliation.<\/p>\n\n\n\n<p><strong>Avis<\/strong><\/p>\n\n\n\n<p>vapestornado peut vous envoyer un avis par courriel, un avis g\u00e9n\u00e9ral sur le site ou d'autres m\u00e9thodes fiables en utilisant les coordonn\u00e9es que vous avez fournies.<\/p>\n\n\n\n<p><strong>Divers<\/strong><\/p>\n\n\n\n<p>Votre utilisation de ce site est r\u00e9gie par les lois de Hong Kong sans \u00e9gard aux dispositions relatives au choix de la loi. Toute proc\u00e9dure judiciaire li\u00e9e \u00e0 ce site doit se d\u00e9rouler devant les tribunaux de Hong Kong. Toute r\u00e9clamation li\u00e9e au site doit \u00eatre d\u00e9pos\u00e9e dans un d\u00e9lai d'un an \u00e0 compter de la date de la r\u00e9clamation. Le fait que vapestornado ne fasse pas appliquer une disposition de ces conditions ne constitue pas une renonciation \u00e0 ses droits. vapestornado peut c\u00e9der ses droits et obligations en vertu du pr\u00e9sent contrat sans pr\u00e9avis.<\/p>\n\n\n\n<p><strong>Utilisation du site<\/strong><\/p>\n\n\n\n<p>Le harc\u00e8lement sous quelque forme que ce soit sur le site est interdit. Vous ne pouvez pas t\u00e9l\u00e9charger de contenu r\u00e9pr\u00e9hensible ou solliciter d'autres personnes pour des services commerciaux. vapestornado se r\u00e9serve le droit de bloquer ou de supprimer tout contenu inappropri\u00e9 \u00e0 sa discr\u00e9tion.<\/p>\n\n\n\n<p><strong>Avis de non-responsabilit\u00e9 concernant la participation<\/strong><\/p>\n\n\n\n<p>vapestornado n'est pas responsable du contenu g\u00e9n\u00e9r\u00e9 par les utilisateurs sur le site. Nous agissons comme un canal de distribution et nous nous r\u00e9servons le droit de supprimer tout mat\u00e9riel r\u00e9pr\u00e9hensible.<\/p>\n\n\n\n<p><strong>Utilisation des produits<\/strong><\/p>\n\n\n\n<p>vapestornado ne fait aucune d\u00e9claration concernant l'efficacit\u00e9 de ses produits pour un usage sp\u00e9cifique. En achetant nos produits, vous acceptez de les utiliser \u00e0 vos propres risques. Les produits contenant de la nicotine sont destin\u00e9s \u00e0 un usage adulte uniquement. Veuillez consulter un m\u00e9decin avant d'utiliser des produits contenant de la nicotine.<\/p>\n\n\n\n<p><strong>Indemnisation<\/strong><\/p>\n\n\n\n<p>Vous acceptez d'indemniser vapestornado et ses fournisseurs de services contre toutes pertes, d\u00e9penses, blessures, dommages et co\u00fbts r\u00e9sultant de toute violation de ces conditions ou activit\u00e9s li\u00e9es \u00e0 votre compte.<\/p>\n\n\n\n<p><strong>Liens de tiers<\/strong><\/p>\n\n\n\n<p>vapestornado peut cr\u00e9er des liens vers des sites tiers pour la commodit\u00e9 des visiteurs. Nous n'avons aucun contr\u00f4le sur ces sites et ne sommes pas responsables de leurs pratiques.<\/p>\n\n\n\n<p><strong>Avis de non-responsabilit\u00e9 sur les produits<\/strong><\/p>\n\n\n\n<p>Certains produits peuvent avoir des avis de non-responsabilit\u00e9 sp\u00e9cifiques concernant l'admissibilit\u00e9 aux \u00e9changes ou aux remboursements. Veuillez lire tous les avis de non-responsabilit\u00e9 des produits avant d'acheter. En acceptant nos conditions g\u00e9n\u00e9rales lors du paiement, vous confirmez que vous avez lu et compris tous les avis de non-responsabilit\u00e9 des produits.<\/p>\n\n\n\n<p>Merci d'avoir choisi vapestornado !<\/p>","protected":false},"excerpt":{"rendered":"<p>Welcome to vapestornado! By accessing and using our website, you agree to comply with the following terms and conditions, along with applicable laws. If you do not agree with these terms, please do not use our site. By making a purchase on our website, you agree to the Terms &amp; Conditions below, as well as [&hellip;]<\/p>","protected":false},"author":1,"featured_media":0,"parent":0,"menu_order":0,"comment_status":"closed","ping_status":"closed","template":"","meta":{"_acf_changed":false,"_uag_custom_page_level_css":"","_lmt_disableupdate":"","_lmt_disable":"","_monsterinsights_skip_tracking":false,"_monsterinsights_sitenote_active":false,"_monsterinsights_sitenote_note":"","_monsterinsights_sitenote_category":0,"site-sidebar-layout":"default","site-content-layout":"","ast-site-content-layout":"default","site-content-style":"default","site-sidebar-style":"default","ast-global-header-display":"","ast-banner-title-visibility":"","ast-main-header-display":"","ast-hfb-above-header-display":"","ast-hfb-below-header-display":"","ast-hfb-mobile-header-display":"","site-post-title":"","ast-breadcrumbs-content":"","ast-featured-img":"","footer-sml-layout":"","ast-disable-related-posts":"","theme-transparent-header-meta":"","adv-header-id-meta":"","stick-header-meta":"","header-above-stick-meta":"","header-main-stick-meta":"","header-below-stick-meta":"","astra-migrate-meta-layouts":"set","ast-page-background-enabled":"default","ast-page-background-meta":{"desktop":{"background-color":"","background-image":"","background-repeat":"repeat","background-position":"center center","background-size":"auto","background-attachment":"scroll","background-type":"","background-media":"","overlay-type":"","overlay-color":"","overlay-opacity":"","overlay-gradient":""},"tablet":{"background-color":"","background-image":"","background-repeat":"repeat","background-position":"center center","background-size":"auto","background-attachment":"scroll","background-type":"","background-media":"","overlay-type":"","overlay-color":"","overlay-opacity":"","overlay-gradient":""},"mobile":{"background-color":"","background-image":"","background-repeat":"repeat","background-position":"center center","background-size":"auto","background-attachment":"scroll","background-type":"","background-media":"","overlay-type":"","overlay-color":"","overlay-opacity":"","overlay-gradient":""}},"ast-content-background-meta":{"desktop":{"background-color":"var(--ast-global-color-5)","background-image":"","background-repeat":"repeat","background-position":"center center","background-size":"auto","background-attachment":"scroll","background-type":"","background-media":"","overlay-type":"","overlay-color":"","overlay-opacity":"","overlay-gradient":""},"tablet":{"background-color":"var(--ast-global-color-5)","background-image":"","background-repeat":"repeat","background-position":"center center","background-size":"auto","background-attachment":"scroll","background-type":"","background-media":"","overlay-type":"","overlay-color":"","overlay-opacity":"","overlay-gradient":""},"mobile":{"background-color":"var(--ast-global-color-5)","background-image":"","background-repeat":"repeat","background-position":"center center","background-size":"auto","background-attachment":"scroll","background-type":"","background-media":"","overlay-type":"","overlay-color":"","overlay-opacity":"","overlay-gradient":""}},"_joinchat":[],"footnotes":""},"class_list":["post-2776","page","type-page","status-publish","hentry"],"acf":[],"uagb_featured_image_src":{"full":false,"thumbnail":false,"medium":false,"medium_large":false,"large":false,"1536x1536":false,"2048x2048":false,"trp-custom-language-flag":false,"woocommerce_thumbnail":false,"woocommerce_single":false,"woocommerce_gallery_thumbnail":false},"uagb_author_info":{"display_name":"yannazhan@gmail.com","author_link":"https:\/\/vapestornado.com\/fr\/author\/yannazhangmail-com\/"},"uagb_comment_info":0,"uagb_excerpt":"Welcome to vapestornado! By accessing and using our website, you agree to comply with the following terms and conditions, along with applicable laws. If you do not agree with these terms, please do not use our site. By making a purchase on our website, you agree to the Terms &amp; Conditions below, as well as\u2026","_links":{"self":[{"href":"https:\/\/vapestornado.com\/fr\/wp-json\/wp\/v2\/pages\/2776","targetHints":{"allow":["GET"]}}],"collection":[{"href":"https:\/\/vapestornado.com\/fr\/wp-json\/wp\/v2\/pages"}],"about":[{"href":"https:\/\/vapestornado.com\/fr\/wp-json\/wp\/v2\/types\/page"}],"author":[{"embeddable":true,"href":"https:\/\/vapestornado.com\/fr\/wp-json\/wp\/v2\/users\/1"}],"replies":[{"embeddable":true,"href":"https:\/\/vapestornado.com\/fr\/wp-json\/wp\/v2\/comments?post=2776"}],"version-history":[{"count":1,"href":"https:\/\/vapestornado.com\/fr\/wp-json\/wp\/v2\/pages\/2776\/revisions"}],"predecessor-version":[{"id":2777,"href":"https:\/\/vapestornado.com\/fr\/wp-json\/wp\/v2\/pages\/2776\/revisions\/2777"}],"wp:attachment":[{"href":"https:\/\/vapestornado.com\/fr\/wp-json\/wp\/v2\/media?parent=2776"}],"curies":[{"name":"wp","href":"https:\/\/api.w.org\/{rel}","templated":true}]}}