{"id":2772,"date":"2024-11-12T09:48:42","date_gmt":"2024-11-12T09:48:42","guid":{"rendered":"https:\/\/vapestornado.com\/?page_id=2772"},"modified":"2024-11-12T09:52:13","modified_gmt":"2024-11-12T09:52:13","slug":"vapestornado-shipping-policy","status":"publish","type":"page","link":"https:\/\/vapestornado.com\/fr\/vapestornado-shipping-policy\/","title":{"rendered":"Politique d'Exp\u00e9dition de vapestornado"},"content":{"rendered":"<ol class=\"wp-block-list\">\n<li><strong>D\u00e9lais de traitement et d'exp\u00e9dition :<\/strong><br>Les commandes sont trait\u00e9es et exp\u00e9di\u00e9es sous 1 \u00e0 3 jours ouvrables. Les d\u00e9lais de livraison varient g\u00e9n\u00e9ralement de 7 \u00e0 15 jours ouvrables. Veuillez noter que nous n'exp\u00e9dions pas les week-ends.<\/li>\n\n\n\n<li><strong>Informations de suivi :<\/strong><br>Une fois votre commande exp\u00e9di\u00e9e, vous recevrez un e-mail contenant les informations de suivi. Suivez votre envoi en utilisant le num\u00e9ro de suivi fourni sur <a href=\"https:\/\/www.17track.net\/en\" target=\"_blank\" rel=\"noopener\">https:\/\/www.17track.net\/en<\/a>. Veuillez pr\u00e9voir 1 \u00e0 2 jours apr\u00e8s l'exp\u00e9dition pour que les mises \u00e0 jour de suivi apparaissent.<\/li>\n\n\n\n<li><strong>Annulation de commande ou modification d'adresse :<\/strong><br>Vous pouvez annuler ou modifier l'adresse de livraison \u00e0 tout moment avant l'exp\u00e9dition de votre commande. Cependant, une fois qu'elle a \u00e9t\u00e9 exp\u00e9di\u00e9e, nous ne pouvons pas traiter les remboursements ou les modifications d'adresse.<\/li>\n\n\n\n<li><strong>Exp\u00e9dition avec droits acquitt\u00e9s (DDP) :<\/strong><br>Pour certains pays, nous proposons l'exp\u00e9dition DDP, ce qui signifie que vous n'aurez pas \u00e0 vous occuper du d\u00e9douanement ni \u00e0 payer de droits de douane.<ul><li><strong>France<\/strong> \u2013 UPS Express<\/li><li><strong>UK<\/strong> \u2013 DPD Express local<\/li><li><strong>Europe<\/strong> \u2013 UPS Express\/DPD Express\/DHL Express<\/li><\/ul><strong>Pays \u00e9ligibles au DDP en Europe<\/strong> incluent : Allemagne, Belgique, Luxembourg, Pays-Bas, R\u00e9publique tch\u00e8que, Pologne, Croatie, Slovaquie, Slov\u00e9nie, Finlande, Danemark, Su\u00e8de, Autriche, France, Italie, Hongrie, Bulgarie, Lituanie, Estonie, Lettonie, Gr\u00e8ce, Irlande, Portugal et Espagne.<\/li>\n\n\n\n<li><strong>Veuillez noter :<\/strong> Pour les envois vers la Finlande, la Su\u00e8de, le Danemark, la Norv\u00e8ge, l'Islande, la Suisse et la Serbie, il existe un risque de d\u00e9douanement secondaire. Si les marchandises sont saisies par les douanes locales lors de l'inspection, l'assurance de d\u00e9douanement ne couvrira pas la perte.<\/li>\n<\/ol>\n\n\n\n<p>Merci d'avoir choisi vapestornado pour vos besoins en mati\u00e8re de vapotage !<\/p>\n\n\n\n<hr class=\"wp-block-separator has-alpha-channel-opacity\"\/>\n\n\n\n<p><strong>D\u00e9lais d'exp\u00e9dition Puff pour des pays sp\u00e9cifiques<\/strong><\/p>\n\n\n\n<figure class=\"wp-block-table\"><table class=\"has-fixed-layout\"><thead><tr><th>Pays<\/th><th>M\u00e9thode d'exp\u00e9dition<\/th><th>D\u00e9lai d'exp\u00e9dition<\/th><\/tr><\/thead><tbody><tr><td>France<\/td><td>UPS Ground local<\/td><td>10-15 jours<\/td><\/tr><tr><td>UK<\/td><td>DPD Express local<\/td><td>7-12 jours<\/td><\/tr><tr><td>Allemagne<\/td><td>UPS\/DPD\/DHL<\/td><td>8-13 jours<\/td><\/tr><tr><td>France<\/td><td>UPS\/DPD\/DHL<\/td><td>8-13 jours<\/td><\/tr><tr><td>Belgique<\/td><td>UPS\/DPD\/DHL<\/td><td>8-13 jours<\/td><\/tr><tr><td>Luxembourg<\/td><td>UPS\/DPD\/DHL<\/td><td>8-13 jours<\/td><\/tr><tr><td>Pays-Bas<\/td><td>UPS\/DPD\/DHL<\/td><td>8-13 jours<\/td><\/tr><tr><td>R\u00e9publique tch\u00e8que<\/td><td>UPS\/DPD\/DHL<\/td><td>8-13 jours<\/td><\/tr><tr><td>Pologne<\/td><td>UPS\/DPD\/DHL<\/td><td>8-13 jours<\/td><\/tr><tr><td>Croatie<\/td><td>UPS\/DPD\/DHL<\/td><td>8-13 jours<\/td><\/tr><tr><td>Slovaquie<\/td><td>UPS\/DPD\/DHL<\/td><td>8-13 jours<\/td><\/tr><tr><td>Slov\u00e9nie<\/td><td>UPS\/DPD\/DHL<\/td><td>8-13 jours<\/td><\/tr><tr><td>Finlande<\/td><td>UPS\/DPD\/DHL<\/td><td>8-13 jours<\/td><\/tr><tr><td>Danemark<\/td><td>UPS\/DPD\/DHL<\/td><td>8-13 jours<\/td><\/tr><tr><td>Su\u00e8de<\/td><td>UPS\/DPD\/DHL<\/td><td>8-13 jours<\/td><\/tr><tr><td>Autriche<\/td><td>UPS\/DPD\/DHL<\/td><td>8-13 jours<\/td><\/tr><tr><td>Italie<\/td><td>UPS\/DPD\/DHL<\/td><td>8-13 jours<\/td><\/tr><tr><td>Hongrie<\/td><td>UPS\/DPD\/DHL<\/td><td>8-13 jours<\/td><\/tr><tr><td>Lituanie<\/td><td>UPS\/DPD\/DHL<\/td><td>8-13 jours<\/td><\/tr><tr><td>Estonie<\/td><td>UPS\/DPD\/DHL<\/td><td>8-13 jours<\/td><\/tr><tr><td>Lettonie<\/td><td>UPS\/DPD\/DHL<\/td><td>8-13 jours<\/td><\/tr><tr><td>Gr\u00e8ce<\/td><td>UPS\/DPD\/DHL<\/td><td>8-13 jours<\/td><\/tr><tr><td>Irlande<\/td><td>UPS\/DPD\/DHL<\/td><td>8-13 jours<\/td><\/tr><tr><td>Portugal<\/td><td>UPS\/DPD\/DHL<\/td><td>8-13 jours<\/td><\/tr><tr><td>Espagne<\/td><td>UPS\/DPD\/DHL<\/td><td>8-13 jours<\/td><\/tr><tr><td>EAU (Duba\u00ef)<\/td><td>Ligne d\u00e9di\u00e9e \u00e0 Duba\u00ef<\/td><td>12-18 jours<\/td><\/tr><tr><td>Afrique du Sud<\/td><td>Ligne d\u00e9di\u00e9e \u00e0 l'Afrique du Sud<\/td><td>15-25 jours<\/td><\/tr><tr><td>Vietnam<\/td><td>Ligne d\u00e9di\u00e9e au Vietnam<\/td><td>3-5 jours<\/td><\/tr><tr><td>Malaisie occidentale<\/td><td>Ligne d\u00e9di\u00e9e \u00e0 la Malaisie<\/td><td>4-8 jours<\/td><\/tr><\/tbody><\/table><\/figure>\n\n\n\n<p><\/p>","protected":false},"excerpt":{"rendered":"<p>Merci d'avoir choisi vapestornado pour vos besoins en mati\u00e8re de vapotage\u00a0! D\u00e9lais d'exp\u00e9dition Puff pour les pays sp\u00e9cifiques Pays M\u00e9thode d'exp\u00e9dition D\u00e9lai d'exp\u00e9dition France UPS Local Ground 10-15 jours Royaume-Uni DPD Express local 7-12 jours Allemagne UPS\/DPD\/DHL 8-13 jours France UPS\/DPD\/DHL 8-13 jours Belgique UPS\/DPD\/DHL 8-13 jours Luxembourg UPS\/DPD\/DHL 8-13 jours Pays-Bas UPS\/DPD\/DHL 8-13 jours R\u00e9publique tch\u00e8que UPS\/DPD\/DHL [\u2026]<\/p>","protected":false},"author":1,"featured_media":0,"parent":0,"menu_order":0,"comment_status":"closed","ping_status":"closed","template":"","meta":{"_acf_changed":false,"_uag_custom_page_level_css":"","_lmt_disableupdate":"","_lmt_disable":"","_monsterinsights_skip_tracking":false,"_monsterinsights_sitenote_active":false,"_monsterinsights_sitenote_note":"","_monsterinsights_sitenote_category":0,"site-sidebar-layout":"default","site-content-layout":"","ast-site-content-layout":"default","site-content-style":"default","site-sidebar-style":"default","ast-global-header-display":"","ast-banner-title-visibility":"","ast-main-header-display":"","ast-hfb-above-header-display":"","ast-hfb-below-header-display":"","ast-hfb-mobile-header-display":"","site-post-title":"","ast-breadcrumbs-content":"","ast-featured-img":"","footer-sml-layout":"","ast-disable-related-posts":"","theme-transparent-header-meta":"","adv-header-id-meta":"","stick-header-meta":"","header-above-stick-meta":"","header-main-stick-meta":"","header-below-stick-meta":"","astra-migrate-meta-layouts":"set","ast-page-background-enabled":"default","ast-page-background-meta":{"desktop":{"background-color":"","background-image":"","background-repeat":"repeat","background-position":"center center","background-size":"auto","background-attachment":"scroll","background-type":"","background-media":"","overlay-type":"","overlay-color":"","overlay-opacity":"","overlay-gradient":""},"tablet":{"background-color":"","background-image":"","background-repeat":"repeat","background-position":"center center","background-size":"auto","background-attachment":"scroll","background-type":"","background-media":"","overlay-type":"","overlay-color":"","overlay-opacity":"","overlay-gradient":""},"mobile":{"background-color":"","background-image":"","background-repeat":"repeat","background-position":"center center","background-size":"auto","background-attachment":"scroll","background-type":"","background-media":"","overlay-type":"","overlay-color":"","overlay-opacity":"","overlay-gradient":""}},"ast-content-background-meta":{"desktop":{"background-color":"var(--ast-global-color-5)","background-image":"","background-repeat":"repeat","background-position":"center center","background-size":"auto","background-attachment":"scroll","background-type":"","background-media":"","overlay-type":"","overlay-color":"","overlay-opacity":"","overlay-gradient":""},"tablet":{"background-color":"var(--ast-global-color-5)","background-image":"","background-repeat":"repeat","background-position":"center center","background-size":"auto","background-attachment":"scroll","background-type":"","background-media":"","overlay-type":"","overlay-color":"","overlay-opacity":"","overlay-gradient":""},"mobile":{"background-color":"var(--ast-global-color-5)","background-image":"","background-repeat":"repeat","background-position":"center center","background-size":"auto","background-attachment":"scroll","background-type":"","background-media":"","overlay-type":"","overlay-color":"","overlay-opacity":"","overlay-gradient":""}},"_joinchat":[],"footnotes":""},"class_list":["post-2772","page","type-page","status-publish","hentry"],"acf":[],"uagb_featured_image_src":{"full":false,"thumbnail":false,"medium":false,"medium_large":false,"large":false,"1536x1536":false,"2048x2048":false,"trp-custom-language-flag":false,"woocommerce_thumbnail":false,"woocommerce_single":false,"woocommerce_gallery_thumbnail":false},"uagb_author_info":{"display_name":"yannazhan@gmail.com","author_link":"https:\/\/vapestornado.com\/fr\/author\/yannazhangmail-com\/"},"uagb_comment_info":0,"uagb_excerpt":"Thank you for choosing vapestornado for your vaping needs! Puff Shipping Times for Specific Countries Country Shipping Method Shipping Time USA Local UPS Ground 10-15 Days UK Local DPD Express 7-12 Days Germany UPS\/DPD\/DHL 8-13 Days France UPS\/DPD\/DHL 8-13 Days Belgium UPS\/DPD\/DHL 8-13 Days Luxembourg UPS\/DPD\/DHL 8-13 Days Netherlands UPS\/DPD\/DHL 8-13 Days Czech Republic UPS\/DPD\/DHL\u2026","_links":{"self":[{"href":"https:\/\/vapestornado.com\/fr\/wp-json\/wp\/v2\/pages\/2772","targetHints":{"allow":["GET"]}}],"collection":[{"href":"https:\/\/vapestornado.com\/fr\/wp-json\/wp\/v2\/pages"}],"about":[{"href":"https:\/\/vapestornado.com\/fr\/wp-json\/wp\/v2\/types\/page"}],"author":[{"embeddable":true,"href":"https:\/\/vapestornado.com\/fr\/wp-json\/wp\/v2\/users\/1"}],"replies":[{"embeddable":true,"href":"https:\/\/vapestornado.com\/fr\/wp-json\/wp\/v2\/comments?post=2772"}],"version-history":[{"count":3,"href":"https:\/\/vapestornado.com\/fr\/wp-json\/wp\/v2\/pages\/2772\/revisions"}],"predecessor-version":[{"id":2775,"href":"https:\/\/vapestornado.com\/fr\/wp-json\/wp\/v2\/pages\/2772\/revisions\/2775"}],"wp:attachment":[{"href":"https:\/\/vapestornado.com\/fr\/wp-json\/wp\/v2\/media?parent=2772"}],"curies":[{"name":"wp","href":"https:\/\/api.w.org\/{rel}","templated":true}]}}