{"id":2769,"date":"2024-11-12T09:44:18","date_gmt":"2024-11-12T09:44:18","guid":{"rendered":"https:\/\/vapestornado.com\/?page_id=2769"},"modified":"2024-11-12T09:45:01","modified_gmt":"2024-11-12T09:45:01","slug":"refund-policy","status":"publish","type":"page","link":"https:\/\/vapestornado.com\/fr\/refund-policy\/","title":{"rendered":"Politique de Remboursement"},"content":{"rendered":"<p>Merci d'avoir fait vos achats chez vapestornado. Veuillez lire attentivement notre politique de remboursement\u00a0:<\/p>\n\n\n\n<p><strong>Demandes de remboursement dans les 24 heures :<\/strong><br>Vous pouvez demander un remboursement dans les 24 heures suivant votre commande. Contactez-nous rapidement pour recevoir un remboursement complet.<\/p>\n\n\n\n<p><strong>Demandes de remboursement apr\u00e8s 24 heures :<\/strong><br>Pour les commandes pass\u00e9es il y a plus de 24 heures, un remboursement complet peut ne pas \u00eatre possible car les commandes sont g\u00e9n\u00e9ralement pr\u00e9par\u00e9es pour la douane. Dans ces cas, nous pouvons fournir un remboursement partiel allant jusqu'\u00e0 50 % du montant de la commande en raison du co\u00fbt du rappel du colis.<\/p>\n\n\n\n<p><strong>Aucun remboursement apr\u00e8s l'exp\u00e9dition :<\/strong><br>Une fois que votre colis a \u00e9t\u00e9 exp\u00e9di\u00e9 et qu'un num\u00e9ro de suivi a \u00e9t\u00e9 \u00e9mis, vous ne serez plus admissible \u00e0 un remboursement.<\/p>\n\n\n\n<p><strong>Assurance et probl\u00e8mes de douane :<\/strong><br>Tous les colis sont assur\u00e9s. Si votre colis est retenu par la douane et n'est pas lib\u00e9r\u00e9, nous vous rembourserons int\u00e9gralement.<\/p>\n\n\n\n<p><strong>Adresse incorrecte ou probl\u00e8mes de livraison :<\/strong><br>Si un colis ne peut pas \u00eatre livr\u00e9 en raison d'une adresse incorrecte ou d'autres probl\u00e8mes li\u00e9s au client, le client est responsable des frais de r\u00e9exp\u00e9dition.<\/p>\n\n\n\n<p>Pour toute question ou pr\u00e9occupation concernant notre politique de remboursement, veuillez contacter notre \u00e9quipe de support client chez vapestornado.<\/p>\n\n\n\n<p><\/p>","protected":false},"excerpt":{"rendered":"<p>Merci d'avoir fait vos achats chez vapestornado. Veuillez lire attentivement notre politique de remboursement : Demandes de remboursement dans les 24 heures : Vous pouvez demander un remboursement dans les 24 heures suivant votre commande. Contactez-nous rapidement pour recevoir un remboursement complet. Demandes de remboursement apr\u00e8s 24 heures : Pour les commandes pass\u00e9es il y a plus de 24 heures, un remboursement complet peut ne pas \u00eatre possible [\u2026]<\/p>","protected":false},"author":1,"featured_media":0,"parent":0,"menu_order":0,"comment_status":"closed","ping_status":"closed","template":"","meta":{"_acf_changed":false,"_uag_custom_page_level_css":"","_lmt_disableupdate":"","_lmt_disable":"","_monsterinsights_skip_tracking":false,"_monsterinsights_sitenote_active":false,"_monsterinsights_sitenote_note":"","_monsterinsights_sitenote_category":0,"site-sidebar-layout":"default","site-content-layout":"","ast-site-content-layout":"default","site-content-style":"default","site-sidebar-style":"default","ast-global-header-display":"","ast-banner-title-visibility":"","ast-main-header-display":"","ast-hfb-above-header-display":"","ast-hfb-below-header-display":"","ast-hfb-mobile-header-display":"","site-post-title":"","ast-breadcrumbs-content":"","ast-featured-img":"","footer-sml-layout":"","ast-disable-related-posts":"","theme-transparent-header-meta":"","adv-header-id-meta":"","stick-header-meta":"","header-above-stick-meta":"","header-main-stick-meta":"","header-below-stick-meta":"","astra-migrate-meta-layouts":"set","ast-page-background-enabled":"default","ast-page-background-meta":{"desktop":{"background-color":"","background-image":"","background-repeat":"repeat","background-position":"center center","background-size":"auto","background-attachment":"scroll","background-type":"","background-media":"","overlay-type":"","overlay-color":"","overlay-opacity":"","overlay-gradient":""},"tablet":{"background-color":"","background-image":"","background-repeat":"repeat","background-position":"center center","background-size":"auto","background-attachment":"scroll","background-type":"","background-media":"","overlay-type":"","overlay-color":"","overlay-opacity":"","overlay-gradient":""},"mobile":{"background-color":"","background-image":"","background-repeat":"repeat","background-position":"center center","background-size":"auto","background-attachment":"scroll","background-type":"","background-media":"","overlay-type":"","overlay-color":"","overlay-opacity":"","overlay-gradient":""}},"ast-content-background-meta":{"desktop":{"background-color":"var(--ast-global-color-5)","background-image":"","background-repeat":"repeat","background-position":"center center","background-size":"auto","background-attachment":"scroll","background-type":"","background-media":"","overlay-type":"","overlay-color":"","overlay-opacity":"","overlay-gradient":""},"tablet":{"background-color":"var(--ast-global-color-5)","background-image":"","background-repeat":"repeat","background-position":"center center","background-size":"auto","background-attachment":"scroll","background-type":"","background-media":"","overlay-type":"","overlay-color":"","overlay-opacity":"","overlay-gradient":""},"mobile":{"background-color":"var(--ast-global-color-5)","background-image":"","background-repeat":"repeat","background-position":"center center","background-size":"auto","background-attachment":"scroll","background-type":"","background-media":"","overlay-type":"","overlay-color":"","overlay-opacity":"","overlay-gradient":""}},"_joinchat":[],"footnotes":""},"class_list":["post-2769","page","type-page","status-publish","hentry"],"acf":[],"uagb_featured_image_src":{"full":false,"thumbnail":false,"medium":false,"medium_large":false,"large":false,"1536x1536":false,"2048x2048":false,"trp-custom-language-flag":false,"woocommerce_thumbnail":false,"woocommerce_single":false,"woocommerce_gallery_thumbnail":false},"uagb_author_info":{"display_name":"yannazhan@gmail.com","author_link":"https:\/\/vapestornado.com\/fr\/author\/yannazhangmail-com\/"},"uagb_comment_info":0,"uagb_excerpt":"Thank you for shopping with vapestornado. Please review our refund policy carefully: Refund Requests Within 24 Hours:You may request a refund within 24 hours of placing your order. Contact us promptly to receive a full refund. Refund Requests After 24 Hours:For orders placed more than 24 hours ago, a full refund may not be possible\u2026","_links":{"self":[{"href":"https:\/\/vapestornado.com\/fr\/wp-json\/wp\/v2\/pages\/2769","targetHints":{"allow":["GET"]}}],"collection":[{"href":"https:\/\/vapestornado.com\/fr\/wp-json\/wp\/v2\/pages"}],"about":[{"href":"https:\/\/vapestornado.com\/fr\/wp-json\/wp\/v2\/types\/page"}],"author":[{"embeddable":true,"href":"https:\/\/vapestornado.com\/fr\/wp-json\/wp\/v2\/users\/1"}],"replies":[{"embeddable":true,"href":"https:\/\/vapestornado.com\/fr\/wp-json\/wp\/v2\/comments?post=2769"}],"version-history":[{"count":2,"href":"https:\/\/vapestornado.com\/fr\/wp-json\/wp\/v2\/pages\/2769\/revisions"}],"predecessor-version":[{"id":2771,"href":"https:\/\/vapestornado.com\/fr\/wp-json\/wp\/v2\/pages\/2769\/revisions\/2771"}],"wp:attachment":[{"href":"https:\/\/vapestornado.com\/fr\/wp-json\/wp\/v2\/media?parent=2769"}],"curies":[{"name":"wp","href":"https:\/\/api.w.org\/{rel}","templated":true}]}}