{"id":4842,"date":"2026-01-24T09:54:19","date_gmt":"2026-01-24T09:54:19","guid":{"rendered":"https:\/\/vapestornado.com\/?post_type=product&#038;p=4842"},"modified":"2026-01-24T10:03:36","modified_gmt":"2026-01-24T10:03:36","slug":"aivono-avn-mate-120k-puffs-double-flaovr-disposable-e-cigarette-adjust-flavor","status":"publish","type":"product","link":"https:\/\/vapestornado.com\/es\/product\/aivono-avn-mate-120k-puffs-double-flaovr-disposable-e-cigarette-adjust-flavor\/","title":{"rendered":"AIVONO AVN MATE 120k Caladas, Cigarrillo Electr\u00f3nico Descartable de Doble Sabor con Ajuste de Sabor"},"content":{"rendered":"<h1 data-start=\"0\" data-end=\"87\">AIVONO AVN MATE 120k Caladas, Cigarrillo Electr\u00f3nico Descartable de Doble Sabor con Ajuste de Sabor<\/h1>\n<p data-start=\"276\" data-end=\"608\">El <strong data-start=\"280\" data-end=\"304\">AIVONO AVN MATE 120k<\/strong> est\u00e1 dise\u00f1ado para mayoristas que necesitan un desechable de alta capacidad y alto valor que se venda r\u00e1pidamente en mercados europeos competitivos. Con una verdadera <strong data-start=\"439\" data-end=\"464\">vida \u00fatil de 120,000 caladas<\/strong>, dise\u00f1o de cambio de doble sabor y una pantalla inteligente, este dispositivo est\u00e1 dirigido a usuarios que desean variedad, durabilidad y rendimiento visible en una sola unidad.<\/p>\n<p data-start=\"610\" data-end=\"976\">Dise\u00f1ado como un <strong data-start=\"624\" data-end=\"662\">Vape Descartable de Doble Sabor 2 en 1<\/strong>, el AIVONO AVN MATE 120000 permite a los usuarios cambiar entre dos sabores instant\u00e1neamente sin cambiar de dispositivo. Este sistema de sabor ajustable aumenta el tiempo de uso y mejora la satisfacci\u00f3n del cliente, haciendo que sea una opci\u00f3n fuerte para <strong data-start=\"887\" data-end=\"911\">venta al por mayor de vape en Italia<\/strong> compradores que buscan diferenciaci\u00f3n en un <strong data-start=\"952\" data-end=\"975\">bajo precio al por mayor<\/strong>.<\/p>\n<p data-start=\"978\" data-end=\"1308\">gran <strong data-start=\"986\" data-end=\"1012\">capacidad de e-l\u00edquido de 36ml<\/strong>, combinado con un <strong data-start=\"1037\" data-end=\"1050\">n\u00facleo de 1.0\u03a9 estable<\/strong>, garantiza una salida constante de vapor y sabor a lo largo de todo el ciclo de inhalaci\u00f3n. El <strong data-start=\"1127\" data-end=\"1179\">Bater\u00eda recargable de 850mAh con carga Type-C<\/strong> est\u00e1 dise\u00f1ada para coincidir con el volumen de aceite, para que los usuarios puedan terminar el l\u00edquido sin p\u00e9rdida de energ\u00eda\u2014reduciendo quejas y devoluciones a nivel minorista.<\/p>\n<p data-start=\"1310\" data-end=\"1559\">La <strong data-start=\"1323\" data-end=\"1337\">pantalla LED<\/strong> muestra claramente el estado de la bater\u00eda y del e-l\u00edquido, posicionando este modelo como un producto premium <strong data-start=\"1420\" data-end=\"1440\">Vape con pantalla<\/strong> mientras mantiene la operaci\u00f3n sencilla. Su tama\u00f1o compacto tambi\u00e9n ayuda a los minoristas a optimizar el espacio en estanter\u00edas y la eficiencia en env\u00edos al por mayor.<\/p>\n<p data-start=\"1561\" data-end=\"1812\">Para distribuidores que buscan un <strong data-start=\"1597\" data-end=\"1612\">AIVONO vape<\/strong> con fuerte potencial de pedidos repetidos, el AVN MATE 120k ofrece rendimiento, variedad de sabores y precios que favorecen el margen de ganancia.<br data-start=\"1733\" data-end=\"1736\" \/><strong data-start=\"1739\" data-end=\"1812\">Cont\u00e1ctanos ahora para Venta al por mayor de Vape a bajo precio y suministro en masa en Espa\u00f1a.<\/strong><\/p>\n<p><strong><span style=\"color: #ff0000;\">\u00a1A\u00f1ade el whatsapp de Amy para obtener una respuesta inmediata y cup\u00f3n para vaper!<\/span><\/strong><\/p>\n<p><img fetchpriority=\"high\" decoding=\"async\" class=\"size-full wp-image-2932\" src=\"https:\/\/vapestornado.com\/wp-content\/uploads\/2024\/12\/Vape-Wholesale.jpg\" alt=\"Vape al por mayor\" width=\"229\" height=\"300\" \/><\/p>\n<h3><a href=\"https:\/\/wa.me\/8617776015835\" target=\"_blank\" rel=\"noopener\"><span style=\"color: #ff0000;\"><strong>WhatsApp: +86 17776015835<\/strong><\/span><\/a><\/h3>\n<h2><strong>Caracter\u00edsticas del producto AIVONO AVN MATE 120k \u00a0Puffs<\/strong><\/h2>\n<div>\n<ul>\n<li data-start=\"1887\" data-end=\"1985\">\n<p data-start=\"1889\" data-end=\"1985\"><strong data-start=\"1889\" data-end=\"1907\">120,000 Puff:<\/strong> Estructura de puffs verdaderamente de alta duraci\u00f3n dise\u00f1ada para uso a largo plazo y menos reemplazos.<\/p>\n<\/li>\n<li data-start=\"1986\" data-end=\"2096\">\n<p data-start=\"1988\" data-end=\"2096\"><strong data-start=\"1988\" data-end=\"2018\">Sistema de doble sabor 2 en 1:<\/strong> Dos sabores en un solo dispositivo con cambio instant\u00e1neo para mayor retenci\u00f3n del usuario.<\/p>\n<\/li>\n<li data-start=\"2097\" data-end=\"2203\">\n<p data-start=\"2099\" data-end=\"2203\"><strong data-start=\"2099\" data-end=\"2126\">Capacidad de e-l\u00edquido de 36ml:<\/strong> Gran volumen de aceite que soporta una salida estable durante toda la vida \u00fatil de la inhalaci\u00f3n.<\/p>\n<\/li>\n<li data-start=\"2204\" data-end=\"2301\">\n<p data-start=\"2206\" data-end=\"2301\"><strong data-start=\"2206\" data-end=\"2227\">Pantalla LED inteligente:<\/strong> Visualizaci\u00f3n en tiempo real del estado de la bater\u00eda y del aceite que mejora la usabilidad y la confianza en el producto.<\/p>\n<\/li>\n<li data-start=\"2302\" data-end=\"2419\">\n<p data-start=\"2304\" data-end=\"2419\"><strong data-start=\"2304\" data-end=\"2343\">Bater\u00eda recargable de 850mAh con carga Type-C:<\/strong> Sistema de potencia equilibrado que asegura el consumo completo del e-l\u00edquido sin tiempos de inactividad.<\/p>\n<\/li>\n<\/ul>\n<figure id=\"attachment_4838\" aria-describedby=\"caption-attachment-4838\" style=\"width: 162px\" class=\"wp-caption alignnone\"><img decoding=\"async\" class=\"size-medium wp-image-4838\" src=\"https:\/\/vapestornado.com\/wp-content\/uploads\/2026\/01\/AIVONO-AVN-MATE-120k-120000-Puffs-Disposable-Vape-Low-Price-162x300.webp\" alt=\"AIVONO AVN MATE 120k Vape desechable de 120,000 puffs a bajo precio\" width=\"162\" height=\"300\" srcset=\"https:\/\/vapestornado.com\/wp-content\/uploads\/2026\/01\/AIVONO-AVN-MATE-120k-120000-Puffs-Disposable-Vape-Low-Price-162x300.webp 162w, https:\/\/vapestornado.com\/wp-content\/uploads\/2026\/01\/AIVONO-AVN-MATE-120k-120000-Puffs-Disposable-Vape-Low-Price-552x1024.webp 552w, https:\/\/vapestornado.com\/wp-content\/uploads\/2026\/01\/AIVONO-AVN-MATE-120k-120000-Puffs-Disposable-Vape-Low-Price-768x1425.webp 768w, https:\/\/vapestornado.com\/wp-content\/uploads\/2026\/01\/AIVONO-AVN-MATE-120k-120000-Puffs-Disposable-Vape-Low-Price-6x12.webp 6w, https:\/\/vapestornado.com\/wp-content\/uploads\/2026\/01\/AIVONO-AVN-MATE-120k-120000-Puffs-Disposable-Vape-Low-Price-600x1113.webp 600w, https:\/\/vapestornado.com\/wp-content\/uploads\/2026\/01\/AIVONO-AVN-MATE-120k-120000-Puffs-Disposable-Vape-Low-Price.webp 800w\" sizes=\"(max-width: 162px) 100vw, 162px\" \/><figcaption id=\"caption-attachment-4838\" class=\"wp-caption-text\">AIVONO AVN MATE 120k Vape desechable de 120,000 puffs a bajo precio<\/figcaption><\/figure>\n<\/div>\n<h2 class=\"product-title\"><strong>Lista de sabores del Puff AIVONO AVN MATE 120k<\/strong><\/h2>\n<ol data-start=\"2475\" data-end=\"2828\">\n<li data-start=\"2475\" data-end=\"2508\">\n<p data-start=\"2478\" data-end=\"2508\">Cereza Cola + Hielo de Sand\u00eda<\/p>\n<\/li>\n<li data-start=\"2509\" data-end=\"2554\">\n<p data-start=\"2512\" data-end=\"2554\">Kiwi Fruta de la Pasi\u00f3n Guayaba + Hielo de Ar\u00e1ndano<\/p>\n<\/li>\n<li data-start=\"2555\" data-end=\"2584\">\n<p data-start=\"2558\" data-end=\"2584\">Dulce Arco\u00edris + Se\u00f1or Azul<\/p>\n<\/li>\n<li data-start=\"2585\" data-end=\"2617\">\n<p data-start=\"2588\" data-end=\"2617\">Bebida Energ\u00e9tica + Triple Mango<\/p>\n<\/li>\n<li data-start=\"2618\" data-end=\"2653\">\n<p data-start=\"2621\" data-end=\"2653\">Fresa Banana + Lim\u00f3n Rosa<\/p>\n<\/li>\n<li data-start=\"2654\" data-end=\"2691\">\n<p data-start=\"2657\" data-end=\"2691\">Ar\u00e1ndano Frambuesa + Lim\u00f3n Menta<\/p>\n<\/li>\n<li data-start=\"2692\" data-end=\"2734\">\n<p data-start=\"2695\" data-end=\"2734\">Fresa Sand\u00eda + Hielo de Pi\u00f1a<\/p>\n<\/li>\n<li data-start=\"2735\" data-end=\"2768\">\n<p data-start=\"2738\" data-end=\"2768\">Pi\u00f1a Naranja Lima + Menta<\/p>\n<\/li>\n<li data-start=\"2769\" data-end=\"2796\">\n<p data-start=\"2772\" data-end=\"2796\">Lim\u00f3n Lima + Uva Hielo<\/p>\n<\/li>\n<li data-start=\"2797\" data-end=\"2828\">\n<p data-start=\"2801\" data-end=\"2828\">Ositos de Goma + Frutas Mixtas<\/p>\n<h2 data-start=\"2835\" data-end=\"2886\">Por qu\u00e9 los compradores mayoristas eligen AIVONO AVN MATE 120k<\/h2>\n<ul data-start=\"2888\" data-end=\"3159\">\n<li data-start=\"2888\" data-end=\"2950\">\n<p data-start=\"2890\" data-end=\"2950\">El dise\u00f1o de doble sabor aumenta el atractivo en estanter\u00eda y las ventas repetidas<\/p>\n<\/li>\n<li data-start=\"2951\" data-end=\"3020\">\n<p data-start=\"2953\" data-end=\"3020\">El alto recuento de nubes reduce la frecuencia de reemplazo y el riesgo postventa<\/p>\n<\/li>\n<li data-start=\"3021\" data-end=\"3091\">\n<p data-start=\"3023\" data-end=\"3091\">La pantalla inteligente a\u00f1ade valor premium sin aumentar significativamente el costo<\/p>\n<\/li>\n<li data-start=\"3092\" data-end=\"3159\">\n<p data-start=\"3094\" data-end=\"3159\">Ideal para <strong data-start=\"3104\" data-end=\"3128\">venta al por mayor de vape en Italia<\/strong> y canales de distribuci\u00f3n en la UE<\/p>\n<\/li>\n<\/ul>\n<\/li>\n<\/ol>\n<div class=\"flex-shrink-0 flex flex-col relative items-end\">\n<div class=\"pt-0\">\n<div class=\"gizmo-bot-avatar flex h-8 w-8 items-center justify-center overflow-hidden rounded-full\">\n<div class=\"relative p-1 rounded-sm flex items-center justify-center bg-token-main-surface-primary text-token-text-primary h-8 w-8\">\n<h2 data-start=\"1200\" data-end=\"1487\">Vapes Tornado \u2013 Tu tienda mayorista en l\u00ednea de vaporizadores populares<\/h2>\n<p data-start=\"72\" data-end=\"396\"><strong data-start=\"72\" data-end=\"89\">Vapes Tornado<\/strong> es una tienda mayorista en l\u00ednea enfocada en Europa que suministra una gama cuidadosamente seleccionada de <strong data-start=\"178\" data-end=\"195\">vaporizadores populares<\/strong> para compradores profesionales. Trabajamos con minoristas, distribuidores y tiendas en l\u00ednea en toda la UE que necesitan un suministro estable, informaci\u00f3n clara del producto y marcas que los clientes ya reconocen y en las que conf\u00edan.<\/p>\n<p data-start=\"398\" data-end=\"687\">Trabajamos con nombres de confianza como <strong data-start=\"247\" data-end=\"352\"><a href=\"https:\/\/vapestornado.com\/es\/product\/randm-12000-puffs-fumot-digital-disposable-vape-wholesale-price\/\">Fumot VAPE<\/a>, <a href=\"https:\/\/vapestornado.com\/es\/product\/original-wga-ultra-35k-35000-puff-rechargeable-crystal-disposable-nicotine-vape-best-discount-price\/\">WGA VAPE<\/a>, <a href=\"https:\/\/vapestornado.com\/es\/product\/vozol-gear-shisha-25k-25000-puffs-best-dtl-disposable-vape-hookah-cheap-price\/\">VOZOL BAR VAPE<\/a>, <\/strong><strong data-start=\"247\" data-end=\"352\">Elf Bar Vape, WASPE Vape, <a href=\"https:\/\/vapestornado.com\/es\/product\/uzy-150k-puffs-6-in-1-flavor-switch-disposable-vape-pen-wholesale\/\">UZY Vape<\/a>, Bang Vape, Razz Bar Vape, y Stag Bar Vape<\/strong>, elegidos por su calidad constante y fuerte demanda en el mercado europeo.<\/p>\n<h4 data-start=\"1080\" data-end=\"1120\">Construido para mayoristas de Vapers en Espa\u00f1a<\/h4>\n<p data-start=\"1121\" data-end=\"1189\">Vapes Tornado est\u00e1 estructurado en torno a las necesidades reales de los mayoristas de la UE:<\/p>\n<ul data-start=\"1190\" data-end=\"1400\">\n<li data-start=\"1190\" data-end=\"1239\">\n<p data-start=\"1192\" data-end=\"1239\">Precios mayoristas competitivos para pedidos al por mayor<\/p>\n<\/li>\n<li data-start=\"1240\" data-end=\"1289\">\n<p data-start=\"1242\" data-end=\"1289\">Descripciones y especificaciones claras del producto<\/p>\n<\/li>\n<li data-start=\"1290\" data-end=\"1330\">\n<p data-start=\"1292\" data-end=\"1330\">Log\u00edstica r\u00e1pida y confiable orientada a la UE<\/p>\n<\/li>\n<li data-start=\"1331\" data-end=\"1400\">\n<p data-start=\"1333\" data-end=\"1400\">Un cat\u00e1logo enfocado en <strong data-start=\"1356\" data-end=\"1373\">vaporizadores populares<\/strong>, no en SKUs sobre saturados<\/p>\n<\/li>\n<\/ul>\n<h2 data-start=\"2064\" data-end=\"2115\">Preguntas frecuentes sobre AIVONO AVN MATE 120k Puffs Vape desechable<\/h2>\n<p data-start=\"3198\" data-end=\"3373\"><strong data-start=\"3198\" data-end=\"3260\">1. \u00bfEs el AIVONO AVN MATE 120k un dispositivo de 120,000 caladas reales?<\/strong><br data-start=\"3260\" data-end=\"3263\" \/>S\u00ed, est\u00e1 dise\u00f1ado con una bater\u00eda y sistema de aceite compatibles para soportar toda la gama de caladas bajo uso normal.<\/p>\n<p data-start=\"3375\" data-end=\"3514\"><strong data-start=\"3375\" data-end=\"3419\">2. \u00bfC\u00f3mo funciona el sistema de doble sabor?<\/strong><br data-start=\"3419\" data-end=\"3422\" \/>Los usuarios pueden cambiar entre dos sabores integrados en el mismo dispositivo sin mezclar ni rellenar.<\/p>\n<p data-start=\"3516\" data-end=\"3619\"><strong data-start=\"3516\" data-end=\"3562\">3. \u00bfEs este un vape desechable recargable?<\/strong><br data-start=\"3562\" data-end=\"3565\" \/>S\u00ed, cuenta con una bater\u00eda recargable de 850mAh con puerto Tipo-C.<\/p>\n<p data-start=\"3621\" data-end=\"3727\"><strong data-start=\"3621\" data-end=\"3666\">4. \u00bfQu\u00e9 concentraciones de nicotina est\u00e1n disponibles?<\/strong><br data-start=\"3666\" data-end=\"3669\" \/>El dispositivo est\u00e1 disponible en <strong data-start=\"3696\" data-end=\"3726\">opciones de nicotina de 2% y 5%<\/strong>.<\/p>\n<p data-start=\"3729\" data-end=\"3888\"><strong data-start=\"3729\" data-end=\"3789\">5. \u00bfEs esto adecuado para distribuci\u00f3n mayorista en Espa\u00f1a?<\/strong><br data-start=\"3789\" data-end=\"3792\" \/>S\u00ed, el dise\u00f1o, los precios y la estructura de sabores son adecuados para el mercado mayorista en Espa\u00f1a.<\/p>\n<\/div>\n<\/div>\n<\/div>\n<\/div>","protected":false},"excerpt":{"rendered":"<div class=\"flex max-w-full flex-col grow\">\n<div class=\"min-h-8 text-message relative flex w-full flex-col items-end gap-2 text-start break-words whitespace-normal [.text-message+&amp;]:mt-1\" dir=\"auto\" data-message-author-role=\"assistant\" data-message-id=\"2a9d6edf-5b3a-41c0-afc9-caef2e4c2c3b\" data-message-model-slug=\"gpt-5-2\">\n<div class=\"flex w-full flex-col gap-1 empty:hidden first:pt-[1px]\">\n<div class=\"markdown prose dark:prose-invert w-full break-words light markdown-new-styling\">\n<p data-start=\"4127\" data-end=\"4213\"><strong data-start=\"4127\" data-end=\"4211\">AIVONO AVN MATE 120k Vape Descartable de Doble Sabor con Pantalla para Venta al por Mayor en Espa\u00f1a<\/strong><\/p>\n<p data-start=\"4217\" data-end=\"4296\"><strong data-start=\"4217\" data-end=\"4294\">AIVONO AVN MATE 120000 Caladas, Vape Descartable 2 en 1, Precio Bajo, Suministro en Masa<\/strong><\/p>\n<p data-start=\"4300\" data-end=\"4384\"><strong data-start=\"4300\" data-end=\"4384\">AIVONO AVN MATE 120k Cigarrillo Electr\u00f3nico Descartable con Sabor Ajustable para Venta al por Mayor de Vapes<\/strong><\/p>\n<\/div>\n<\/div>\n<\/div>\n<\/div>\n<p><strong>\u00a1A\u00f1ade el WhatsApp de Amy para obtener una respuesta correcta y un precio con descuento!<\/strong><\/p>\n<p><img fetchpriority=\"high\" decoding=\"async\" class=\"size-full wp-image-2932\" src=\"https:\/\/vapestornado.com\/wp-content\/uploads\/2024\/12\/Vape-Wholesale.jpg\" alt=\"Vape al por mayor\" width=\"229\" height=\"300\" \/><\/p>\n<h3><a href=\"https:\/\/wa.me\/8617776015835\"><span style=\"color: #ff0000;\"><strong>WhatsApp: +86 17776015835<\/strong><\/span><\/a><\/h3>","protected":false},"featured_media":4837,"comment_status":"open","ping_status":"closed","template":"","meta":{"_acf_changed":false,"_uag_custom_page_level_css":"","_lmt_disableupdate":"no","_lmt_disable":"","_monsterinsights_skip_tracking":false,"_monsterinsights_sitenote_active":false,"_monsterinsights_sitenote_note":"","_monsterinsights_sitenote_category":0,"site-sidebar-layout":"default","site-content-layout":"","ast-site-content-layout":"default","site-content-style":"default","site-sidebar-style":"default","ast-global-header-display":"","ast-banner-title-visibility":"","ast-main-header-display":"","ast-hfb-above-header-display":"","ast-hfb-below-header-display":"","ast-hfb-mobile-header-display":"","site-post-title":"","ast-breadcrumbs-content":"","ast-featured-img":"","footer-sml-layout":"","ast-disable-related-posts":"","theme-transparent-header-meta":"default","adv-header-id-meta":"","stick-header-meta":"","header-above-stick-meta":"","header-main-stick-meta":"","header-below-stick-meta":"","astra-migrate-meta-layouts":"set","ast-page-background-enabled":"default","ast-page-background-meta":{"desktop":{"background-color":"","background-image":"","background-repeat":"repeat","background-position":"center center","background-size":"auto","background-attachment":"scroll","background-type":"","background-media":"","overlay-type":"","overlay-color":"","overlay-opacity":"","overlay-gradient":""},"tablet":{"background-color":"","background-image":"","background-repeat":"repeat","background-position":"center center","background-size":"auto","background-attachment":"scroll","background-type":"","background-media":"","overlay-type":"","overlay-color":"","overlay-opacity":"","overlay-gradient":""},"mobile":{"background-color":"","background-image":"","background-repeat":"repeat","background-position":"center center","background-size":"auto","background-attachment":"scroll","background-type":"","background-media":"","overlay-type":"","overlay-color":"","overlay-opacity":"","overlay-gradient":""}},"ast-content-background-meta":{"desktop":{"background-color":"var(--ast-global-color-5)","background-image":"","background-repeat":"repeat","background-position":"center center","background-size":"auto","background-attachment":"scroll","background-type":"","background-media":"","overlay-type":"","overlay-color":"","overlay-opacity":"","overlay-gradient":""},"tablet":{"background-color":"var(--ast-global-color-5)","background-image":"","background-repeat":"repeat","background-position":"center center","background-size":"auto","background-attachment":"scroll","background-type":"","background-media":"","overlay-type":"","overlay-color":"","overlay-opacity":"","overlay-gradient":""},"mobile":{"background-color":"var(--ast-global-color-5)","background-image":"","background-repeat":"repeat","background-position":"center center","background-size":"auto","background-attachment":"scroll","background-type":"","background-media":"","overlay-type":"","overlay-color":"","overlay-opacity":"","overlay-gradient":""}},"_joinchat":[]},"product_brand":[],"product_cat":[347,176,150,152,153,158,141,142,492,144,146],"product_tag":[567,563,562,564,195,566,565,522,269],"class_list":{"0":"post-4842","1":"product","2":"type-product","3":"status-publish","4":"has-post-thumbnail","6":"product_cat-120000-puff","7":"product_cat-aivono-vape","8":"product_cat-buy-disposable-vapes-in-belgium","9":"product_cat-buy-disposable-vapes-in-cermany","10":"product_cat-buy-disposable-vapes-in-italy","11":"product_cat-buy-disposable-vapes-in-spain","12":"product_cat-crystal-disposable-vapes","13":"product_cat-digital-box-disposable-vapes","14":"product_cat-eu-warehouse","15":"product_cat-low-nicotine-disposable-vapes","16":"product_cat-rechargeable-disposable-vapes","17":"product_tag-2-in-1-flavor","18":"product_tag-aivono-avn-mate-120000","19":"product_tag-aivono-avn-mate-120k","20":"product_tag-aivono-vape","21":"product_tag-dual-flavor-disposable-vape","22":"product_tag-puff-120k","23":"product_tag-vape-wholesale-at-low-price","24":"product_tag-vape-wholesale-italy","25":"product_tag-vape-with-screen","26":"desktop-align-left","27":"tablet-align-left","28":"mobile-align-left","30":"first","31":"instock","32":"sale","33":"shipping-taxable","34":"purchasable","35":"product-type-simple"},"acf":[],"uagb_featured_image_src":{"full":["https:\/\/vapestornado.com\/wp-content\/uploads\/2026\/01\/AIVONO-AVN-MATE-120k-120000-Puffs-Disposable-Vape-Double-Flaovr.webp",800,800,false],"thumbnail":["https:\/\/vapestornado.com\/wp-content\/uploads\/2026\/01\/AIVONO-AVN-MATE-120k-120000-Puffs-Disposable-Vape-Double-Flaovr-150x150.webp",150,150,true],"medium":["https:\/\/vapestornado.com\/wp-content\/uploads\/2026\/01\/AIVONO-AVN-MATE-120k-120000-Puffs-Disposable-Vape-Double-Flaovr-300x300.webp",300,300,true],"medium_large":["https:\/\/vapestornado.com\/wp-content\/uploads\/2026\/01\/AIVONO-AVN-MATE-120k-120000-Puffs-Disposable-Vape-Double-Flaovr-768x768.webp",768,768,true],"large":["https:\/\/vapestornado.com\/wp-content\/uploads\/2026\/01\/AIVONO-AVN-MATE-120k-120000-Puffs-Disposable-Vape-Double-Flaovr.webp",800,800,false],"1536x1536":["https:\/\/vapestornado.com\/wp-content\/uploads\/2026\/01\/AIVONO-AVN-MATE-120k-120000-Puffs-Disposable-Vape-Double-Flaovr.webp",800,800,false],"2048x2048":["https:\/\/vapestornado.com\/wp-content\/uploads\/2026\/01\/AIVONO-AVN-MATE-120k-120000-Puffs-Disposable-Vape-Double-Flaovr.webp",800,800,false],"trp-custom-language-flag":["https:\/\/vapestornado.com\/wp-content\/uploads\/2026\/01\/AIVONO-AVN-MATE-120k-120000-Puffs-Disposable-Vape-Double-Flaovr-12x12.webp",12,12,true],"woocommerce_thumbnail":["https:\/\/vapestornado.com\/wp-content\/uploads\/2026\/01\/AIVONO-AVN-MATE-120k-120000-Puffs-Disposable-Vape-Double-Flaovr-300x300.webp",300,300,true],"woocommerce_single":["https:\/\/vapestornado.com\/wp-content\/uploads\/2026\/01\/AIVONO-AVN-MATE-120k-120000-Puffs-Disposable-Vape-Double-Flaovr-600x600.webp",600,600,true],"woocommerce_gallery_thumbnail":["https:\/\/vapestornado.com\/wp-content\/uploads\/2026\/01\/AIVONO-AVN-MATE-120k-120000-Puffs-Disposable-Vape-Double-Flaovr-100x100.webp",100,100,true]},"uagb_author_info":{"display_name":"ESAMY","author_link":"https:\/\/vapestornado.com\/es\/author\/"},"uagb_comment_info":0,"uagb_excerpt":"AIVONO AVN MATE 120k Dual Flavor Disposable Vape with Screen for Italy Wholesale AIVONO AVN MATE 120000 Puffs 2 in 1 Disposable Vape Low Price Bulk Supply AIVONO AVN MATE 120k Adjustable Flavor Disposable E-Cigarette for Vape Wholesale Add Amy's whatsapp to get right reply and discount price! WhatsApp: +86 17776015835","_links":{"self":[{"href":"https:\/\/vapestornado.com\/es\/wp-json\/wp\/v2\/product\/4842","targetHints":{"allow":["GET"]}}],"collection":[{"href":"https:\/\/vapestornado.com\/es\/wp-json\/wp\/v2\/product"}],"about":[{"href":"https:\/\/vapestornado.com\/es\/wp-json\/wp\/v2\/types\/product"}],"replies":[{"embeddable":true,"href":"https:\/\/vapestornado.com\/es\/wp-json\/wp\/v2\/comments?post=4842"}],"wp:featuredmedia":[{"embeddable":true,"href":"https:\/\/vapestornado.com\/es\/wp-json\/wp\/v2\/media\/4837"}],"wp:attachment":[{"href":"https:\/\/vapestornado.com\/es\/wp-json\/wp\/v2\/media?parent=4842"}],"wp:term":[{"taxonomy":"product_brand","embeddable":true,"href":"https:\/\/vapestornado.com\/es\/wp-json\/wp\/v2\/product_brand?post=4842"},{"taxonomy":"product_cat","embeddable":true,"href":"https:\/\/vapestornado.com\/es\/wp-json\/wp\/v2\/product_cat?post=4842"},{"taxonomy":"product_tag","embeddable":true,"href":"https:\/\/vapestornado.com\/es\/wp-json\/wp\/v2\/product_tag?post=4842"}],"curies":[{"name":"wp","href":"https:\/\/api.w.org\/{rel}","templated":true}]}}