{"id":4822,"date":"2026-01-22T08:52:40","date_gmt":"2026-01-22T08:52:40","guid":{"rendered":"https:\/\/vapestornado.com\/?post_type=product&#038;p=4822"},"modified":"2026-01-22T09:13:50","modified_gmt":"2026-01-22T09:13:50","slug":"vozol-neon-45000-puffs-45k-adjustable-ice-level-disposable-vape-pod","status":"publish","type":"product","link":"https:\/\/vapestornado.com\/es\/product\/vozol-neon-45000-puffs-45k-adjustable-ice-level-disposable-vape-pod\/","title":{"rendered":"Vozol Neon 45000 Puff 45k Ajustable Nivel de Hielo Vape Desechable Pod"},"content":{"rendered":"<h1 data-start=\"0\" data-end=\"87\">Vozol Neon 45000 Puff Ajustable Hielo Vape Desechable Pod<\/h1>\n<p data-start=\"63\" data-end=\"414\">El <strong data-start=\"67\" data-end=\"93\">Vozol Neon 45000 Puff<\/strong> est\u00e1 dise\u00f1ado para usuarios que desean una larga duraci\u00f3n, control claro y sabor estable desde la primera inhalaci\u00f3n hasta la \u00faltima. Dise\u00f1ado como un <strong data-start=\"217\" data-end=\"249\">vape desechable de alta calidad<\/strong>, ofrece hasta <strong data-start=\"269\" data-end=\"285\">45,000 caladas<\/strong> con un sistema recargable, convirti\u00e9ndolo en una opci\u00f3n confiable para usuarios intensivos y compradores al por mayor que se centran en valor y rendimiento.<\/p>\n<p data-start=\"416\" data-end=\"786\">Alimentado por una <strong data-start=\"429\" data-end=\"468\">Bater\u00eda recargable Tipo-C de 1000mAh<\/strong>, el <strong data-start=\"474\" data-end=\"492\">Vozol Neon 45K<\/strong> garantiza que el e-l\u00edquido se utilice completamente, sin desperdicio. La <strong data-start=\"554\" data-end=\"574\">Vape con pantalla<\/strong> muestra en tiempo real los niveles de bater\u00eda y e-l\u00edquido, ayudando a los usuarios a gestionar el uso sin conjeturas. Combinado con la bobina de malla Vozol y la tecnolog\u00eda de sabor S.i.L.C, cada inhalaci\u00f3n permanece consistente, suave y con cuerpo.<\/p>\n<p data-start=\"788\" data-end=\"1345\">Como un <strong data-start=\"794\" data-end=\"828\">Vape Desechable de Hielo Ajustable<\/strong>, el Vozol Neon 45000 permite a los usuarios ajustar el nivel de enfriamiento para coincidir con diferentes perfiles de sabor y preferencias personales. Con 20 ml de e-l\u00edquido prellenado, fuerza de nicotina 2% y un cuerpo estilo pod moderno, este <strong data-start=\"1037\" data-end=\"1060\">Pod de Vape Desechable<\/strong> equilibra un rendimiento fuerte con comodidad diaria. Para distribuidores y minoristas, los productos de vape Vozol son conocidos por su calidad estable, fuerte reconocimiento de marca y demanda repetida.<br data-start=\"1235\" data-end=\"1238\" \/><strong data-start=\"1238\" data-end=\"1251\">Haz tu pedido ahora<\/strong> y asegura un desechable duradero, equipado con pantalla, que cumple con las expectativas del mercado actual.<\/p>\n<p><strong><span style=\"color: #ff0000;\">\u00a1A\u00f1ade el whatsapp de Amy para obtener una respuesta inmediata y cup\u00f3n para vaper!<\/span><\/strong><\/p>\n<p><img fetchpriority=\"high\" decoding=\"async\" class=\"size-full wp-image-2932\" src=\"https:\/\/vapestornado.com\/wp-content\/uploads\/2024\/12\/Vape-Wholesale.jpg\" alt=\"Vape al por mayor\" width=\"229\" height=\"300\" \/><\/p>\n<h3><a href=\"https:\/\/wa.me\/8617776015835\" target=\"_blank\" rel=\"noopener\"><span style=\"color: #ff0000;\"><strong>WhatsApp: +86 17776015835<\/strong><\/span><\/a><\/h3>\n<p>&nbsp;<\/p>\n<h2><strong>Caracter\u00edsticas del Producto Vozol Neon 45000 Puff<\/strong><\/h2>\n<ul data-start=\"1939\" data-end=\"2435\">\n<li data-start=\"1939\" data-end=\"2042\">\n<p data-start=\"1941\" data-end=\"2042\"><strong data-start=\"1941\" data-end=\"1966\">Capacidad de 45,000 Puff:<\/strong> Dise\u00f1ado para uso prolongado, reduciendo el coste de reemplazo para vaporizadores frecuentes.<\/p>\n<\/li>\n<li data-start=\"2043\" data-end=\"2145\">\n<p data-start=\"2045\" data-end=\"2145\"><strong data-start=\"2045\" data-end=\"2078\">Bater\u00eda recargable de 1000mAh:<\/strong> Carga r\u00e1pida Tipo-C que garantiza el uso completo de todo el e-l\u00edquido prellenado.<\/p>\n<\/li>\n<li data-start=\"2146\" data-end=\"2238\">\n<p data-start=\"2148\" data-end=\"2238\"><strong data-start=\"2148\" data-end=\"2173\">lo que lo convierte en una excelente opci\u00f3n para<\/strong> Muestra claramente los niveles de bater\u00eda y aceite para un mejor control del uso.<\/p>\n<\/li>\n<li data-start=\"2239\" data-end=\"2337\">\n<p data-start=\"2241\" data-end=\"2337\"><strong data-start=\"2241\" data-end=\"2266\">Nivel de hielo ajustable:<\/strong> Permite a los usuarios personalizar la intensidad del enfriamiento sin cambiar de dispositivo.<\/p>\n<\/li>\n<li data-start=\"2338\" data-end=\"2435\">\n<p data-start=\"2340\" data-end=\"2435\"><strong data-start=\"2340\" data-end=\"2365\">Tecnolog\u00eda de resistencia de malla:<\/strong> Proporciona un calentamiento uniforme, vapor suave y salida de sabor constante.<\/p>\n<\/li>\n<\/ul>\n<figure id=\"attachment_4816\" aria-describedby=\"caption-attachment-4816\" style=\"width: 284px\" class=\"wp-caption alignnone\"><img decoding=\"async\" class=\"size-medium wp-image-4816\" src=\"https:\/\/vapestornado.com\/wp-content\/uploads\/2026\/01\/Vozol-45K-45000-Puff-Disposable-Vape-Pod-Wholesale-1-284x300.webp\" alt=\"Vozol 45K 45000 Puff Vape Desechable Pod Venta al por mayor\" width=\"284\" height=\"300\" srcset=\"https:\/\/vapestornado.com\/wp-content\/uploads\/2026\/01\/Vozol-45K-45000-Puff-Disposable-Vape-Pod-Wholesale-1-284x300.webp 284w, https:\/\/vapestornado.com\/wp-content\/uploads\/2026\/01\/Vozol-45K-45000-Puff-Disposable-Vape-Pod-Wholesale-1-971x1024.webp 971w, https:\/\/vapestornado.com\/wp-content\/uploads\/2026\/01\/Vozol-45K-45000-Puff-Disposable-Vape-Pod-Wholesale-1-768x810.webp 768w, https:\/\/vapestornado.com\/wp-content\/uploads\/2026\/01\/Vozol-45K-45000-Puff-Disposable-Vape-Pod-Wholesale-1-1456x1536.webp 1456w, https:\/\/vapestornado.com\/wp-content\/uploads\/2026\/01\/Vozol-45K-45000-Puff-Disposable-Vape-Pod-Wholesale-1-11x12.webp 11w, https:\/\/vapestornado.com\/wp-content\/uploads\/2026\/01\/Vozol-45K-45000-Puff-Disposable-Vape-Pod-Wholesale-1-600x633.webp 600w, https:\/\/vapestornado.com\/wp-content\/uploads\/2026\/01\/Vozol-45K-45000-Puff-Disposable-Vape-Pod-Wholesale-1.webp 1500w\" sizes=\"(max-width: 284px) 100vw, 284px\" \/><figcaption id=\"caption-attachment-4816\" class=\"wp-caption-text\">Vozol 45K 45000 Puff Vape Desechable Pod Venta al por mayor<\/figcaption><\/figure>\n<div><\/div>\n<h2 class=\"product-title\"><strong>Lista de sabores de Vozol Neon 45000 Puff<\/strong><\/h2>\n<p>1. Cereza Frambuesa Lima<br \/>\n2. Menta de frambuesa<br \/>\n3. Hielo de frambuesa azul<br \/>\n4. Ar\u00e1ndano y Sand\u00eda<br \/>\n5. Cola de cereza<br \/>\n6. Estrag\u00f3n de cereza<br \/>\n7. Ar\u00e1ndano con hielo<br \/>\n8. Fruta del drag\u00f3n, pl\u00e1tano y cereza<br \/>\n9. Fresa congelada<br \/>\n10. Hielo de uva<br \/>\n11. Para\u00edso de pi\u00f1a hawaiana<br \/>\n12. Amor 777<br \/>\n13. Lychee, naranja y fruta de la pasi\u00f3n<br \/>\n14. Doncella<br \/>\n15,Mango Ice<br \/>\n16.Miami Mint<br \/>\n17.Berries Mixtas<br \/>\n18.Peach Ice<br \/>\n19.Manzana \u00c1cida Ice<br \/>\n20.Mango \u00c1cido Pi\u00f1a<br \/>\n21.Fresa Banana<br \/>\n22.margarita de fresa<br \/>\n23.vzbull<br \/>\n24.Sand\u00eda Ice<br \/>\n25.Sand\u00eda Razz Rancher<br \/>\n26.Sand\u00eda \u00c1cida Durazno<\/p>\n<div class=\"flex-shrink-0 flex flex-col relative items-end\">\n<div class=\"pt-0\">\n<div class=\"gizmo-bot-avatar flex h-8 w-8 items-center justify-center overflow-hidden rounded-full\">\n<div class=\"relative p-1 rounded-sm flex items-center justify-center bg-token-main-surface-primary text-token-text-primary h-8 w-8\">\n<h2 data-start=\"1200\" data-end=\"1487\">Vapes Tornado \u2013 Tu tienda mayorista en l\u00ednea de vaporizadores populares<\/h2>\n<p data-start=\"72\" data-end=\"396\"><strong data-start=\"72\" data-end=\"89\">Vapes Tornado<\/strong> es una tienda mayorista en l\u00ednea enfocada en Europa que suministra una gama cuidadosamente seleccionada de <strong data-start=\"178\" data-end=\"195\">vaporizadores populares<\/strong> para compradores profesionales. Trabajamos con minoristas, distribuidores y tiendas en l\u00ednea en toda la UE que necesitan un suministro estable, informaci\u00f3n clara del producto y marcas que los clientes ya reconocen y en las que conf\u00edan.<\/p>\n<p data-start=\"398\" data-end=\"687\">Trabajamos con nombres de confianza como <strong data-start=\"247\" data-end=\"352\">Elf Bar Vape, WASPE Vape, <a href=\"https:\/\/vapestornado.com\/es\/product\/uzy-150k-puffs-6-in-1-flavor-switch-disposable-vape-pen-wholesale\/\">UZY Vape<\/a>, Bang Vape, Razz Bar Vape, <a href=\"https:\/\/vapestornado.com\/es\/product\/randm-12000-puffs-fumot-digital-disposable-vape-wholesale-price\/\">Fumot VAPE<\/a>, <a href=\"https:\/\/vapestornado.com\/es\/product\/original-wga-ultra-35k-35000-puff-rechargeable-crystal-disposable-nicotine-vape-best-discount-price\/\">WGA VAPE<\/a>, <a href=\"https:\/\/vapestornado.com\/es\/product\/vozol-gear-shisha-25k-25000-puffs-best-dtl-disposable-vape-hookah-cheap-price\/\">VOZOL BAR VAPE<\/a>,\u00a0y Stag Bar Vape<\/strong>, elegidos por su calidad constante y fuerte demanda en el mercado europeo.<\/p>\n<h4 data-start=\"1080\" data-end=\"1120\">Dise\u00f1ado para Compradores Mayoristas en Europa<\/h4>\n<p data-start=\"1121\" data-end=\"1189\">Vapes Tornado est\u00e1 estructurado en torno a las necesidades reales de los mayoristas de la UE:<\/p>\n<ul data-start=\"1190\" data-end=\"1400\">\n<li data-start=\"1190\" data-end=\"1239\">\n<p data-start=\"1192\" data-end=\"1239\">Precios mayoristas competitivos para pedidos al por mayor<\/p>\n<\/li>\n<li data-start=\"1240\" data-end=\"1289\">\n<p data-start=\"1242\" data-end=\"1289\">Descripciones y especificaciones claras del producto<\/p>\n<\/li>\n<li data-start=\"1290\" data-end=\"1330\">\n<p data-start=\"1292\" data-end=\"1330\">Log\u00edstica r\u00e1pida y confiable orientada a la UE<\/p>\n<\/li>\n<li data-start=\"1331\" data-end=\"1400\">\n<p data-start=\"1333\" data-end=\"1400\">Un cat\u00e1logo enfocado en <strong data-start=\"1356\" data-end=\"1373\">vaporizadores populares<\/strong>, no en SKUs sobre saturados<\/p>\n<\/li>\n<\/ul>\n<h2 data-start=\"2064\" data-end=\"2115\">Preguntas frecuentes sobre Vozol Neon 45000 Puffers Vape desechable<\/h2>\n<p data-start=\"2720\" data-end=\"2871\"><strong data-start=\"2720\" data-end=\"2767\">\u00bfEs este Neon 45000 un producto genuino de Vozol?<\/strong><br data-start=\"2767\" data-end=\"2770\" \/>S\u00ed, el Vozol Neon 45000 Puffers es un vape aut\u00e9ntico de Vozol con marca y especificaciones oficiales.<\/p>\n<p data-start=\"2873\" data-end=\"3008\"><strong data-start=\"2873\" data-end=\"2915\">\u00bfCu\u00e1nto dura el Vozol Neon 45K?<\/strong><br data-start=\"2915\" data-end=\"2918\" \/>El uso depende de los h\u00e1bitos, pero la capacidad de 45,000 caladas est\u00e1 dise\u00f1ada para uso diario a largo plazo.<\/p>\n<p data-start=\"3010\" data-end=\"3133\"><strong data-start=\"3010\" data-end=\"3048\">\u00bfPuedo recargar el Vozol Neon 45000?<\/strong><br data-start=\"3048\" data-end=\"3051\" \/>S\u00ed, cuenta con una bater\u00eda recargable Tipo-C para consumir completamente los 20ml de e-l\u00edquido.<\/p>\n<p data-start=\"3135\" data-end=\"3256\"><strong data-start=\"3135\" data-end=\"3174\">\u00bfQu\u00e9 nivel de nicotina utiliza?<\/strong><br data-start=\"3174\" data-end=\"3177\" \/>Este modelo viene con una potencia de nicotina de 2% (20 mg\/ml) para una satisfacci\u00f3n equilibrada.<\/p>\n<p data-start=\"3258\" data-end=\"3368\"><strong data-start=\"3258\" data-end=\"3298\">\u00bfC\u00f3mo s\u00e9 cu\u00e1ndo se est\u00e1 acabando?<\/strong><br data-start=\"3298\" data-end=\"3301\" \/>La pantalla incorporada muestra los niveles de bater\u00eda y e-l\u00edquido en tiempo real.<\/p>\n<\/div>\n<\/div>\n<\/div>\n<\/div>","protected":false},"excerpt":{"rendered":"<div class=\"flex max-w-full flex-col grow\">\n<div class=\"min-h-8 text-message relative flex w-full flex-col items-end gap-2 text-start break-words whitespace-normal [.text-message+&amp;]:mt-1\" dir=\"auto\" data-message-author-role=\"assistant\" data-message-id=\"2a9d6edf-5b3a-41c0-afc9-caef2e4c2c3b\" data-message-model-slug=\"gpt-5-2\">\n<div class=\"flex w-full flex-col gap-1 empty:hidden first:pt-[1px]\">\n<div class=\"markdown prose dark:prose-invert w-full break-words light markdown-new-styling\">\n<p data-start=\"3612\" data-end=\"3673\">El pod de vape desechable Vozol Neon 45000 Puff est\u00e1 dise\u00f1ado para usuarios que exigen un rendimiento duradero y una salida de sabor estable. Con una bater\u00eda recargable potente, pantalla inteligente y nivel de hielo ajustable, ofrece una vaporizaci\u00f3n controlada, suave y con sabor consistente. Dise\u00f1ado con la tecnolog\u00eda de bobina de malla Vozol, ofrece calidad confiable en un formato de vape desechable elegante y de alta gama.<\/p>\n<\/div>\n<\/div>\n<\/div>\n<\/div>\n<p><strong>\u00a1A\u00f1ade el WhatsApp de Amy para obtener una respuesta correcta y un precio con descuento!<\/strong><\/p>\n<p><img fetchpriority=\"high\" decoding=\"async\" class=\"size-full wp-image-2932\" src=\"https:\/\/vapestornado.com\/wp-content\/uploads\/2024\/12\/Vape-Wholesale.jpg\" alt=\"Vape al por mayor\" width=\"229\" height=\"300\" \/><\/p>\n<h3><a href=\"https:\/\/wa.me\/8617776015835\"><span style=\"color: #ff0000;\"><strong>WhatsApp: +86 17776015835<\/strong><\/span><\/a><\/h3>","protected":false},"featured_media":4820,"comment_status":"open","ping_status":"closed","template":"","meta":{"_acf_changed":false,"_uag_custom_page_level_css":"","_lmt_disableupdate":"no","_lmt_disable":"","_monsterinsights_skip_tracking":false,"_monsterinsights_sitenote_active":false,"_monsterinsights_sitenote_note":"","_monsterinsights_sitenote_category":0,"site-sidebar-layout":"default","site-content-layout":"","ast-site-content-layout":"default","site-content-style":"default","site-sidebar-style":"default","ast-global-header-display":"","ast-banner-title-visibility":"","ast-main-header-display":"","ast-hfb-above-header-display":"","ast-hfb-below-header-display":"","ast-hfb-mobile-header-display":"","site-post-title":"","ast-breadcrumbs-content":"","ast-featured-img":"","footer-sml-layout":"","ast-disable-related-posts":"","theme-transparent-header-meta":"default","adv-header-id-meta":"","stick-header-meta":"","header-above-stick-meta":"","header-main-stick-meta":"","header-below-stick-meta":"","astra-migrate-meta-layouts":"set","ast-page-background-enabled":"default","ast-page-background-meta":{"desktop":{"background-color":"","background-image":"","background-repeat":"repeat","background-position":"center center","background-size":"auto","background-attachment":"scroll","background-type":"","background-media":"","overlay-type":"","overlay-color":"","overlay-opacity":"","overlay-gradient":""},"tablet":{"background-color":"","background-image":"","background-repeat":"repeat","background-position":"center center","background-size":"auto","background-attachment":"scroll","background-type":"","background-media":"","overlay-type":"","overlay-color":"","overlay-opacity":"","overlay-gradient":""},"mobile":{"background-color":"","background-image":"","background-repeat":"repeat","background-position":"center center","background-size":"auto","background-attachment":"scroll","background-type":"","background-media":"","overlay-type":"","overlay-color":"","overlay-opacity":"","overlay-gradient":""}},"ast-content-background-meta":{"desktop":{"background-color":"var(--ast-global-color-5)","background-image":"","background-repeat":"repeat","background-position":"center center","background-size":"auto","background-attachment":"scroll","background-type":"","background-media":"","overlay-type":"","overlay-color":"","overlay-opacity":"","overlay-gradient":""},"tablet":{"background-color":"var(--ast-global-color-5)","background-image":"","background-repeat":"repeat","background-position":"center center","background-size":"auto","background-attachment":"scroll","background-type":"","background-media":"","overlay-type":"","overlay-color":"","overlay-opacity":"","overlay-gradient":""},"mobile":{"background-color":"var(--ast-global-color-5)","background-image":"","background-repeat":"repeat","background-position":"center center","background-size":"auto","background-attachment":"scroll","background-type":"","background-media":"","overlay-type":"","overlay-color":"","overlay-opacity":"","overlay-gradient":""}},"_joinchat":[]},"product_brand":[],"product_cat":[265,149,150,151,152,153,143,492,146,57],"product_tag":[554,555,550,556,549,513,93,269,552,553,220],"class_list":{"0":"post-4822","1":"product","2":"type-product","3":"status-publish","4":"has-post-thumbnail","6":"product_cat-45000-puff","7":"product_cat-buy-disposable-vapes-in-austria","8":"product_cat-buy-disposable-vapes-in-belgium","9":"product_cat-buy-disposable-vapes-in-france","10":"product_cat-buy-disposable-vapes-in-cermany","11":"product_cat-buy-disposable-vapes-in-italy","12":"product_cat-dual-mesh-disposable-vapes","13":"product_cat-eu-warehouse","14":"product_cat-rechargeable-disposable-vapes","15":"product_cat-vozol-vape","16":"product_tag-adjustable-ice-disposable-vape","17":"product_tag-disposable-vape-pod","18":"product_tag-disposable-vape-with-screen","19":"product_tag-high-quanlity-disposable-vape","20":"product_tag-vape-cheap-price","21":"product_tag-vape-discount-price","22":"product_tag-vape-wholesale","23":"product_tag-vape-with-screen","24":"product_tag-vozol-neon-45000-puffs","25":"product_tag-vozol-neon-45k","26":"product_tag-vozol-vape","27":"desktop-align-left","28":"tablet-align-left","29":"mobile-align-left","31":"first","32":"instock","33":"sale","34":"shipping-taxable","35":"purchasable","36":"product-type-simple"},"acf":[],"uagb_featured_image_src":{"full":["https:\/\/vapestornado.com\/wp-content\/uploads\/2026\/01\/Vozol-45000-Puff-Disposable-Vape-Box-Wholesale.webp",800,800,false],"thumbnail":["https:\/\/vapestornado.com\/wp-content\/uploads\/2026\/01\/Vozol-45000-Puff-Disposable-Vape-Box-Wholesale-150x150.webp",150,150,true],"medium":["https:\/\/vapestornado.com\/wp-content\/uploads\/2026\/01\/Vozol-45000-Puff-Disposable-Vape-Box-Wholesale-300x300.webp",300,300,true],"medium_large":["https:\/\/vapestornado.com\/wp-content\/uploads\/2026\/01\/Vozol-45000-Puff-Disposable-Vape-Box-Wholesale-768x768.webp",768,768,true],"large":["https:\/\/vapestornado.com\/wp-content\/uploads\/2026\/01\/Vozol-45000-Puff-Disposable-Vape-Box-Wholesale.webp",800,800,false],"1536x1536":["https:\/\/vapestornado.com\/wp-content\/uploads\/2026\/01\/Vozol-45000-Puff-Disposable-Vape-Box-Wholesale.webp",800,800,false],"2048x2048":["https:\/\/vapestornado.com\/wp-content\/uploads\/2026\/01\/Vozol-45000-Puff-Disposable-Vape-Box-Wholesale.webp",800,800,false],"trp-custom-language-flag":["https:\/\/vapestornado.com\/wp-content\/uploads\/2026\/01\/Vozol-45000-Puff-Disposable-Vape-Box-Wholesale-12x12.webp",12,12,true],"woocommerce_thumbnail":["https:\/\/vapestornado.com\/wp-content\/uploads\/2026\/01\/Vozol-45000-Puff-Disposable-Vape-Box-Wholesale-300x300.webp",300,300,true],"woocommerce_single":["https:\/\/vapestornado.com\/wp-content\/uploads\/2026\/01\/Vozol-45000-Puff-Disposable-Vape-Box-Wholesale-600x600.webp",600,600,true],"woocommerce_gallery_thumbnail":["https:\/\/vapestornado.com\/wp-content\/uploads\/2026\/01\/Vozol-45000-Puff-Disposable-Vape-Box-Wholesale-100x100.webp",100,100,true]},"uagb_author_info":{"display_name":"ESAMY","author_link":"https:\/\/vapestornado.com\/es\/author\/"},"uagb_comment_info":0,"uagb_excerpt":"The Vozol Neon 45000 Puffs disposable vape pod is built for users who demand long-lasting performance and stable flavour output. With a powerful rechargeable battery, smart screen display, and adjustable ice level, it delivers controlled, smooth vaping with consistent taste. Designed with Vozol mesh coil technology, it offers reliable quality in a sleek, high-end disposable&hellip;","_links":{"self":[{"href":"https:\/\/vapestornado.com\/es\/wp-json\/wp\/v2\/product\/4822","targetHints":{"allow":["GET"]}}],"collection":[{"href":"https:\/\/vapestornado.com\/es\/wp-json\/wp\/v2\/product"}],"about":[{"href":"https:\/\/vapestornado.com\/es\/wp-json\/wp\/v2\/types\/product"}],"replies":[{"embeddable":true,"href":"https:\/\/vapestornado.com\/es\/wp-json\/wp\/v2\/comments?post=4822"}],"wp:featuredmedia":[{"embeddable":true,"href":"https:\/\/vapestornado.com\/es\/wp-json\/wp\/v2\/media\/4820"}],"wp:attachment":[{"href":"https:\/\/vapestornado.com\/es\/wp-json\/wp\/v2\/media?parent=4822"}],"wp:term":[{"taxonomy":"product_brand","embeddable":true,"href":"https:\/\/vapestornado.com\/es\/wp-json\/wp\/v2\/product_brand?post=4822"},{"taxonomy":"product_cat","embeddable":true,"href":"https:\/\/vapestornado.com\/es\/wp-json\/wp\/v2\/product_cat?post=4822"},{"taxonomy":"product_tag","embeddable":true,"href":"https:\/\/vapestornado.com\/es\/wp-json\/wp\/v2\/product_tag?post=4822"}],"curies":[{"name":"wp","href":"https:\/\/api.w.org\/{rel}","templated":true}]}}