{"id":4795,"date":"2026-01-13T03:09:18","date_gmt":"2026-01-13T03:09:18","guid":{"rendered":"https:\/\/vapestornado.com\/?post_type=product&#038;p=4795"},"modified":"2026-01-13T03:17:55","modified_gmt":"2026-01-13T03:17:55","slug":"al-fakher-crown-bar-15k-ice-adjust-disposable-shisha-hookah-wholesale-netherlands","status":"publish","type":"product","link":"https:\/\/vapestornado.com\/es\/product\/al-fakher-crown-bar-15k-ice-adjust-disposable-shisha-hookah-wholesale-netherlands\/","title":{"rendered":"Al Fakher Crown Bar 15K Ice Adjust Dispositivo desechable de shisha pipa de agua Mayorista Pa\u00edses Bajos"},"content":{"rendered":"<h1 data-start=\"0\" data-end=\"87\">Al Fakher Mega Max 40K Puffs Crown Bar Desechable E Shisha Hookah Vape con Flujo de Aire Ajustable<\/h1>\n<p data-start=\"107\" data-end=\"502\">El Crown Bar 15K Ice Adjust de Al Fakher est\u00e1 dise\u00f1ado para el mercado mayorista europeo que exige control de sabor, larga duraci\u00f3n y calidad confiable a un <strong data-start=\"259\" data-end=\"274\">precio econ\u00f3mico<\/strong>. Dise\u00f1ado para <strong data-start=\"289\" data-end=\"316\">Cigarrillos electr\u00f3nicos desechables<\/strong> minoristas y <strong data-start=\"331\" data-end=\"368\">Vapes desechables al por mayor Francia<\/strong> distribuidores, este modelo ofrece hasta <strong data-start=\"409\" data-end=\"440\">15,000 caladas suaves y estables<\/strong> con la precisi\u00f3n de sabor y construcci\u00f3n premium caracter\u00edsticos de Al Fakher.<\/p>\n<p data-start=\"504\" data-end=\"842\">A diferencia de los desechables est\u00e1ndar, el <strong data-start=\"537\" data-end=\"568\">sistema Crown Bar Ice Adjust<\/strong> permite a los usuarios controlar la intensidad del enfriamiento, permitiendo a cada cliente elegir una calada fuerte con hielo o una m\u00e1s suave y c\u00e1lida. Esto hace que el <strong data-start=\"703\" data-end=\"730\">Al Fakher Crown Bar 15K<\/strong> sea m\u00e1s f\u00e1cil venderlo a diferentes preferencias de los usuarios, aumentando las compras repetidas y reduciendo sabores de baja rotaci\u00f3n.<\/p>\n<p data-start=\"844\" data-end=\"1140\">Alimentado por una <strong data-start=\"858\" data-end=\"889\">bater\u00eda recargable de 850mAh<\/strong> y lleno de <strong data-start=\"906\" data-end=\"926\">22ml de e-l\u00edquido<\/strong>, el <strong data-start=\"932\" data-end=\"960\">Al Fakher Ice Adjust 15K<\/strong> mantiene una salida constante desde la primera calada hasta la \u00faltima. <strong data-start=\"1026\" data-end=\"1044\">bobina de malla de 0.6\u03a9<\/strong> garantiza vapor limpio, claridad de sabor fuerte y rendimiento estable, incluso durante un uso diario prolongado.<\/p>\n<p data-start=\"1142\" data-end=\"1446\">Una pantalla incorporada <strong data-start=\"1153\" data-end=\"1171\">pantalla digital<\/strong> muestra tanto los niveles de bater\u00eda como de l\u00edquido, brindando confianza a los clientes y reduciendo las devoluciones del dispositivo. Con <strong data-start=\"1272\" data-end=\"1293\">45 sabores probados<\/strong>, el <strong data-start=\"1299\" data-end=\"1312\">Crown Bar<\/strong> la l\u00ednea soporta una rotaci\u00f3n fuerte en el comercio minorista y ayuda a las tiendas a construir una categor\u00eda de best-sellers confiable en el <strong data-start=\"1411\" data-end=\"1438\">Cigarrillos electr\u00f3nicos desechables<\/strong> de Espa\u00f1a.<\/p>\n<p data-start=\"1448\" data-end=\"1645\">Si est\u00e1s buscando <strong data-start=\"1468\" data-end=\"1505\">Vaporizadores Desechables al por Mayor en Espa\u00f1a<\/strong>\u00a0a un precio competitivo con sabores de r\u00e1pida rotaci\u00f3n, el <strong data-start=\"1559\" data-end=\"1597\">Al Fakher Crown Bar 15K Ice Ajuste<\/strong> es una opci\u00f3n segura y de alta rotaci\u00f3n para tu tienda.<\/p>\n<p><strong><span style=\"color: #ff0000;\">\u00a1A\u00f1ade el whatsapp de Amy para obtener una respuesta inmediata y cup\u00f3n para vaper!<\/span><\/strong><\/p>\n<p><img fetchpriority=\"high\" decoding=\"async\" class=\"size-full wp-image-2932\" src=\"https:\/\/vapestornado.com\/wp-content\/uploads\/2024\/12\/Vape-Wholesale.jpg\" alt=\"Vape al por mayor\" width=\"229\" height=\"300\" \/><\/p>\n<h3><a href=\"https:\/\/wa.me\/8617776015835\" target=\"_blank\" rel=\"noopener\"><span style=\"color: #ff0000;\"><strong>WhatsApp: +86 17776015835<\/strong><\/span><\/a><\/h3>\n<p>&nbsp;<\/p>\n<h2><strong>Caracter\u00edsticas del Producto Al Fakher Crown Bar 15K<\/strong><\/h2>\n<ul>\n<li data-start=\"1701\" data-end=\"1810\">\n<p data-start=\"1703\" data-end=\"1810\"><strong data-start=\"1703\" data-end=\"1719\">15,000 Puff<\/strong> \u2013 Ofrece un rendimiento duradero que mantiene a los clientes vaporizando durante semanas con un solo dispositivo.<\/p>\n<\/li>\n<li data-start=\"1811\" data-end=\"1909\">\n<p data-start=\"1813\" data-end=\"1909\"><strong data-start=\"1813\" data-end=\"1830\">E-L\u00edquido de 22ml<\/strong> \u2013 Gran capacidad de l\u00edquido que garantiza un sabor estable sin reemplazos frecuentes.<\/p>\n<\/li>\n<li data-start=\"1910\" data-end=\"1991\">\n<p data-start=\"1912\" data-end=\"1991\"><strong data-start=\"1912\" data-end=\"1930\">Bobina de malla de 0,6 \u03a9<\/strong> \u2013 Produce vapor suave y sabor preciso en cada inhalaci\u00f3n.<\/p>\n<\/li>\n<li data-start=\"1992\" data-end=\"2075\">\n<p data-start=\"1994\" data-end=\"2075\"><strong data-start=\"1994\" data-end=\"2011\">0.5% Nicotina<\/strong> \u2013 Ofrece una sensaci\u00f3n de nicotina ligera y suave, adecuada para uso diario.<\/p>\n<\/li>\n<li data-start=\"2076\" data-end=\"2164\">\n<p data-start=\"2078\" data-end=\"2164\"><strong data-start=\"2078\" data-end=\"2096\">Bater\u00eda de 850mAh<\/strong> \u2013 Proporciona energ\u00eda confiable durante toda la vida \u00fatil del dispositivo.<\/p>\n<\/li>\n<li data-start=\"2165\" data-end=\"2229\">\n<p data-start=\"2167\" data-end=\"2229\"><strong data-start=\"2167\" data-end=\"2185\">Carga USB-C<\/strong> \u2013 Permite una recarga m\u00e1s r\u00e1pida y estable.<\/p>\n<\/li>\n<li data-start=\"2230\" data-end=\"2319\">\n<p data-start=\"2232\" data-end=\"2319\"><strong data-start=\"2232\" data-end=\"2254\">Control de Ajuste de Hielo<\/strong> \u2013 Permite a los usuarios configurar su nivel de enfriamiento preferido para cada calada.<\/p>\n<\/li>\n<li data-start=\"2320\" data-end=\"2395\">\n<p data-start=\"2322\" data-end=\"2395\"><strong data-start=\"2322\" data-end=\"2340\">Pantalla Digital<\/strong> \u2013 Muestra en tiempo real los niveles de bater\u00eda y e-l\u00edquido.<\/p>\n<\/li>\n<li data-start=\"2396\" data-end=\"2474\">\n<p data-start=\"2398\" data-end=\"2474\"><strong data-start=\"2398\" data-end=\"2417\">Construcci\u00f3n de la Barra Crown<\/strong> \u2013 Dise\u00f1o premium del cuerpo que mejora la durabilidad y el flujo de aire.<\/p>\n<\/li>\n<li data-start=\"2475\" data-end=\"2543\">\n<p data-start=\"2477\" data-end=\"2543\"><strong data-start=\"2477\" data-end=\"2491\">45 Sabores<\/strong> \u2013 Apoya una rotaci\u00f3n fuerte en el comercio minorista y ventas repetidas.<\/p>\n<\/li>\n<\/ul>\n<figure id=\"attachment_4791\" aria-describedby=\"caption-attachment-4791\" style=\"width: 300px\" class=\"wp-caption alignnone\"><img decoding=\"async\" class=\"size-medium wp-image-4791\" src=\"https:\/\/vapestornado.com\/wp-content\/uploads\/2026\/01\/Al-Fakher-Crown-Bar-Ice-Adjust-15K-15000-Puff-300x300.webp\" alt=\"Al Fakher Crown Bar Ice Adjust 15K 15000 Caladas\" width=\"300\" height=\"300\" srcset=\"https:\/\/vapestornado.com\/wp-content\/uploads\/2026\/01\/Al-Fakher-Crown-Bar-Ice-Adjust-15K-15000-Puff-300x300.webp 300w, https:\/\/vapestornado.com\/wp-content\/uploads\/2026\/01\/Al-Fakher-Crown-Bar-Ice-Adjust-15K-15000-Puff-150x150.webp 150w, https:\/\/vapestornado.com\/wp-content\/uploads\/2026\/01\/Al-Fakher-Crown-Bar-Ice-Adjust-15K-15000-Puff-768x768.webp 768w, https:\/\/vapestornado.com\/wp-content\/uploads\/2026\/01\/Al-Fakher-Crown-Bar-Ice-Adjust-15K-15000-Puff-12x12.webp 12w, https:\/\/vapestornado.com\/wp-content\/uploads\/2026\/01\/Al-Fakher-Crown-Bar-Ice-Adjust-15K-15000-Puff-600x600.webp 600w, https:\/\/vapestornado.com\/wp-content\/uploads\/2026\/01\/Al-Fakher-Crown-Bar-Ice-Adjust-15K-15000-Puff-100x100.webp 100w, https:\/\/vapestornado.com\/wp-content\/uploads\/2026\/01\/Al-Fakher-Crown-Bar-Ice-Adjust-15K-15000-Puff.webp 800w\" sizes=\"(max-width: 300px) 100vw, 300px\" \/><figcaption id=\"caption-attachment-4791\" class=\"wp-caption-text\">Al Fakher Crown Bar Ice Adjust 15K 15000 Caladas<\/figcaption><\/figure>\n<div>\n<div class=\"mceTemp\"><\/div>\n<\/div>\n<h2 class=\"product-title\"><strong>Lista de Sabores de la Crown Bar de 15K de Al Fakher<\/strong><\/h2>\n<p>1 Blueberry Blue<br \/>\n2 Ice de Frambuesa<br \/>\n3 Ice de Grosella Negra<br \/>\n4 Menta con Grosella Negra<br \/>\n5 Explosi\u00f3n de Razz Azul<br \/>\n6 Limonada Razz Azul<br \/>\n7 Cereza con Ar\u00e1ndano<br \/>\n8 Chicle de Ar\u00e1ndano<br \/>\n9 Limonada de Ar\u00e1ndano Azul<br \/>\n10 Menta de Ar\u00e1ndano Azul<br \/>\n11 Frambuesa de Ar\u00e1ndano Azul<br \/>\n12 Frambuesa \u00c1cida de Ar\u00e1ndano Azul<br \/>\n13 Fiesta de Cereza<br \/>\n14 Efervescencia de Cereza<br \/>\n15 Hielo de Cereza<br \/>\n16 Mango Fresco<br \/>\n17 Explosi\u00f3n de Fusi\u00f3n<br \/>\n18 Uva<br \/>\n19 Uva y Baya<br \/>\n20 Uva y Menta<br \/>\n21 Chicle y Menta<br \/>\n22 Hubba<br \/>\n23 Hielo Azul<br \/>\n24 Lim\u00f3n y Lima<br \/>\n25 Efervescencia de Lim\u00f3n, Lima y Cereza<br \/>\n26 Lim\u00f3n y Menta<br \/>\n27 Hielo Exuberante<br \/>\n28 Amor M\u00e1gico<br \/>\n29 Mango y Pi\u00f1a<br \/>\n30 Mentol<br \/>\n31 Menta<br \/>\n32 Frambuesa Mixta<br \/>\n33 Naranja Menta<br \/>\n34 Durazno Hielo<br \/>\n35 Pi\u00f1a Hielo<br \/>\n36 Sue\u00f1o Espacial<br \/>\n37 Hierbabuena<br \/>\n38 Fresa Cereza<br \/>\n39 Ponche de Fresa<br \/>\n40 Sue\u00f1o de Verano<br \/>\n41 Dos Manzanas<br \/>\n42 Sand\u00eda Cereza<br \/>\n43 Sand\u00eda Kiwi<br \/>\n44 Sand\u00eda Lima<br \/>\n45 Sand\u00eda Pi\u00f1a<\/p>\n<h2 data-start=\"2951\" data-end=\"2994\"><strong data-start=\"2954\" data-end=\"2994\">Por qu\u00e9 los Mayoristas Eligen Crown Bar 15K<\/strong><\/h2>\n<p data-start=\"2996\" data-end=\"3213\">El <strong data-start=\"3000\" data-end=\"3028\">Al Fakher Ice Adjust 15K<\/strong> combina <strong data-start=\"3038\" data-end=\"3086\">larga duraci\u00f3n de la calada, control de hielo y confianza en la marca<\/strong> en un desechable, ofreciendo a los minoristas un producto que se vende r\u00e1pido, entrega calidad constante y hace que los clientes vuelvan.<\/p>\n<p data-start=\"3215\" data-end=\"3339\">Haz tu pedido ahora y asegura un <strong data-start=\"3238\" data-end=\"3253\">precio econ\u00f3mico<\/strong> on <strong data-start=\"3257\" data-end=\"3284\">Al Fakher Crown Bar 15K<\/strong> para tu <strong data-start=\"3294\" data-end=\"3331\">Vapes desechables al por mayor Francia<\/strong> suministro.<\/p>\n<p>&nbsp;<\/p>\n<div class=\"flex-shrink-0 flex flex-col relative items-end\">\n<div class=\"pt-0\">\n<div class=\"gizmo-bot-avatar flex h-8 w-8 items-center justify-center overflow-hidden rounded-full\">\n<div class=\"relative p-1 rounded-sm flex items-center justify-center bg-token-main-surface-primary text-token-text-primary h-8 w-8\">\n<h2 data-start=\"1200\" data-end=\"1487\">Vapes Tornado \u2013 Tu tienda mayorista en l\u00ednea de vaporizadores populares<\/h2>\n<p data-start=\"72\" data-end=\"396\"><strong data-start=\"72\" data-end=\"89\">Vapes Tornado<\/strong> es una tienda mayorista en l\u00ednea enfocada en Europa que suministra una gama cuidadosamente seleccionada de <strong data-start=\"178\" data-end=\"195\">vaporizadores populares<\/strong> para compradores profesionales. Trabajamos con minoristas, distribuidores y tiendas en l\u00ednea en toda la UE que necesitan un suministro estable, informaci\u00f3n clara del producto y marcas que los clientes ya reconocen y en las que conf\u00edan.<\/p>\n<p data-start=\"398\" data-end=\"687\">Trabajamos con nombres de confianza como <strong data-start=\"247\" data-end=\"352\">Elf Bar Vape, WASPE Vape, <a href=\"https:\/\/vapestornado.com\/es\/product\/uzy-150k-puffs-6-in-1-flavor-switch-disposable-vape-pen-wholesale\/\">UZY Vape<\/a>, Bang Vape, Razz Bar Vape, <a href=\"https:\/\/vapestornado.com\/es\/product\/randm-12000-puffs-fumot-digital-disposable-vape-wholesale-price\/\">Fumot VAPE<\/a>, <a href=\"https:\/\/vapestornado.com\/es\/product\/original-wga-ultra-35k-35000-puff-rechargeable-crystal-disposable-nicotine-vape-best-discount-price\/\">WGA VAPE<\/a>, <a href=\"https:\/\/vapestornado.com\/es\/product\/vozol-gear-shisha-25k-25000-puffs-best-dtl-disposable-vape-hookah-cheap-price\/\">VOZOL BAR VAPE<\/a>,\u00a0y Stag Bar Vape<\/strong>, elegidos por su calidad constante y fuerte demanda en el mercado europeo.<\/p>\n<h4 data-start=\"1080\" data-end=\"1120\">Dise\u00f1ado para Compradores Mayoristas en Europa<\/h4>\n<p data-start=\"1121\" data-end=\"1189\">Vapes Tornado est\u00e1 estructurado en torno a las necesidades reales de los mayoristas de la UE:<\/p>\n<ul data-start=\"1190\" data-end=\"1400\">\n<li data-start=\"1190\" data-end=\"1239\">\n<p data-start=\"1192\" data-end=\"1239\">Precios mayoristas competitivos para pedidos al por mayor<\/p>\n<\/li>\n<li data-start=\"1240\" data-end=\"1289\">\n<p data-start=\"1242\" data-end=\"1289\">Descripciones y especificaciones claras del producto<\/p>\n<\/li>\n<li data-start=\"1290\" data-end=\"1330\">\n<p data-start=\"1292\" data-end=\"1330\">Log\u00edstica r\u00e1pida y confiable orientada a la UE<\/p>\n<\/li>\n<li data-start=\"1331\" data-end=\"1400\">\n<p data-start=\"1333\" data-end=\"1400\">Un cat\u00e1logo enfocado en <strong data-start=\"1356\" data-end=\"1373\">vaporizadores populares<\/strong>, no en SKUs sobre saturados<\/p>\n<\/li>\n<\/ul>\n<h2 data-start=\"2064\" data-end=\"2115\">Preguntas frecuentes sobre el Vape desechable Al Fakher Crown Bar 15K<\/h2>\n<p data-start=\"3359\" data-end=\"3484\"><strong data-start=\"3359\" data-end=\"3413\">1. \u00bfCu\u00e1nto dura el Al Fakher Crown Bar 15K?<\/strong><br data-start=\"3413\" data-end=\"3416\" \/>Con hasta 15,000 caladas, puede durar semanas dependiendo del uso diario.<\/p>\n<p data-start=\"3486\" data-end=\"3605\"><strong data-start=\"3486\" data-end=\"3532\">2. \u00bfLos clientes pueden ajustar el nivel de enfriamiento?<\/strong><br data-start=\"3532\" data-end=\"3535\" \/>S\u00ed, el sistema Ice Adjust permite a los usuarios elegir qu\u00e9 tan fr\u00edo se siente cada calada.<\/p>\n<p data-start=\"3607\" data-end=\"3700\"><strong data-start=\"3607\" data-end=\"3642\">3. \u00bfLa bater\u00eda es recargable?<\/strong><br data-start=\"3642\" data-end=\"3645\" \/>S\u00ed, tiene una bater\u00eda de 850mAh con carga r\u00e1pida USB-C.<\/p>\n<p data-start=\"3702\" data-end=\"3807\"><strong data-start=\"3702\" data-end=\"3744\">4. \u00bfQu\u00e9 nivel de nicotina utiliza?<\/strong><br data-start=\"3744\" data-end=\"3747\" \/>El dispositivo viene con nicotina 0.5% para una calada suave y ligera.<\/p>\n<p data-start=\"3809\" data-end=\"3972\"><strong data-start=\"3809\" data-end=\"3857\">5. \u00bfEs esto adecuado para venta al por mayor en Espa\u00f1a?<\/strong><br data-start=\"3857\" data-end=\"3860\" \/>S\u00ed, est\u00e1 dise\u00f1ado para <strong data-start=\"3884\" data-end=\"3921\">Vapes desechables al por mayor Francia<\/strong> con un fuerte atractivo minorista y sabores de r\u00e1pida rotaci\u00f3n.<\/p>\n<\/div>\n<\/div>\n<\/div>\n<\/div>","protected":false},"excerpt":{"rendered":"<p data-start=\"4393\" data-end=\"4476\"><strong data-start=\"4393\" data-end=\"4474\">AL Fakher Crown Bar 15K Ice Adjust \u2013 Cigarrillos electr\u00f3nicos desechables mayoristas Francia<\/strong><\/p>\n<p data-start=\"4480\" data-end=\"4550\"><strong data-start=\"4480\" data-end=\"4548\">Al Fakher Ice Adjust 15K Crown Bar | 15,000 caladas a precio econ\u00f3mico<\/strong><\/p>\n<p data-start=\"4554\" data-end=\"4622\" data-is-last-node=\"\"><strong data-start=\"4554\" data-end=\"4622\" data-is-last-node=\"\">Crown Bar 15K Vape desechable \u2013 Control de hielo y suministro al por mayor Europa<\/strong><\/p>\n<p><strong>\u00a1A\u00f1ade el WhatsApp de Amy para obtener una respuesta correcta y un precio con descuento!<\/strong><\/p>\n<p><img fetchpriority=\"high\" decoding=\"async\" class=\"size-full wp-image-2932\" src=\"https:\/\/vapestornado.com\/wp-content\/uploads\/2024\/12\/Vape-Wholesale.jpg\" alt=\"Vape al por mayor\" width=\"229\" height=\"300\" \/><\/p>\n<h3><a href=\"https:\/\/wa.me\/8617776015835\"><span style=\"color: #ff0000;\"><strong>WhatsApp: +86 17776015835<\/strong><\/span><\/a><\/h3>","protected":false},"featured_media":4790,"comment_status":"open","ping_status":"closed","template":"","meta":{"_acf_changed":false,"_uag_custom_page_level_css":"","_lmt_disableupdate":"no","_lmt_disable":"","_monsterinsights_skip_tracking":false,"_monsterinsights_sitenote_active":false,"_monsterinsights_sitenote_note":"","_monsterinsights_sitenote_category":0,"site-sidebar-layout":"default","site-content-layout":"","ast-site-content-layout":"default","site-content-style":"default","site-sidebar-style":"default","ast-global-header-display":"","ast-banner-title-visibility":"","ast-main-header-display":"","ast-hfb-above-header-display":"","ast-hfb-below-header-display":"","ast-hfb-mobile-header-display":"","site-post-title":"","ast-breadcrumbs-content":"","ast-featured-img":"","footer-sml-layout":"","ast-disable-related-posts":"","theme-transparent-header-meta":"default","adv-header-id-meta":"","stick-header-meta":"","header-above-stick-meta":"","header-main-stick-meta":"","header-below-stick-meta":"","astra-migrate-meta-layouts":"set","ast-page-background-enabled":"default","ast-page-background-meta":{"desktop":{"background-color":"","background-image":"","background-repeat":"repeat","background-position":"center center","background-size":"auto","background-attachment":"scroll","background-type":"","background-media":"","overlay-type":"","overlay-color":"","overlay-opacity":"","overlay-gradient":""},"tablet":{"background-color":"","background-image":"","background-repeat":"repeat","background-position":"center center","background-size":"auto","background-attachment":"scroll","background-type":"","background-media":"","overlay-type":"","overlay-color":"","overlay-opacity":"","overlay-gradient":""},"mobile":{"background-color":"","background-image":"","background-repeat":"repeat","background-position":"center center","background-size":"auto","background-attachment":"scroll","background-type":"","background-media":"","overlay-type":"","overlay-color":"","overlay-opacity":"","overlay-gradient":""}},"ast-content-background-meta":{"desktop":{"background-color":"var(--ast-global-color-5)","background-image":"","background-repeat":"repeat","background-position":"center center","background-size":"auto","background-attachment":"scroll","background-type":"","background-media":"","overlay-type":"","overlay-color":"","overlay-opacity":"","overlay-gradient":""},"tablet":{"background-color":"var(--ast-global-color-5)","background-image":"","background-repeat":"repeat","background-position":"center center","background-size":"auto","background-attachment":"scroll","background-type":"","background-media":"","overlay-type":"","overlay-color":"","overlay-opacity":"","overlay-gradient":""},"mobile":{"background-color":"var(--ast-global-color-5)","background-image":"","background-repeat":"repeat","background-position":"center center","background-size":"auto","background-attachment":"scroll","background-type":"","background-media":"","overlay-type":"","overlay-color":"","overlay-opacity":"","overlay-gradient":""}},"_joinchat":[]},"product_brand":[],"product_cat":[71,531,140,150,152,156,158,142,146,147],"product_tag":[541,542,317,540,538,291,539,513,512],"class_list":{"0":"post-4795","1":"product","2":"type-product","3":"status-publish","4":"has-post-thumbnail","6":"product_cat-15000-puff","7":"product_cat-al-fakher-crown-bar","8":"product_cat-big-puffs-disposable-vapes","9":"product_cat-buy-disposable-vapes-in-belgium","10":"product_cat-buy-disposable-vapes-in-cermany","11":"product_cat-buy-disposable-vapes-in-poland","12":"product_cat-buy-disposable-vapes-in-spain","13":"product_cat-digital-box-disposable-vapes","14":"product_cat-rechargeable-disposable-vapes","15":"product_cat-shisha-hookah-disposable-vapes","16":"product_tag-al-fakher-15k-ice-adjust","17":"product_tag-al-fakher-15k-sound-adjust","18":"product_tag-al-fakher-crown-bar","19":"product_tag-al-fakher-crown-bar-15k","20":"product_tag-disposable-e-shisha","21":"product_tag-disposable-shisha-hookah","22":"product_tag-hookah-shisha","23":"product_tag-vape-discount-price","24":"product_tag-vape-wholesale-distributor","25":"desktop-align-left","26":"tablet-align-left","27":"mobile-align-left","29":"first","30":"instock","31":"sale","32":"shipping-taxable","33":"purchasable","34":"product-type-simple"},"acf":[],"uagb_featured_image_src":{"full":["https:\/\/vapestornado.com\/wp-content\/uploads\/2026\/01\/Al-Fakher-Crown-Bar-15K-Ice-Adjust-Disposable-Vape-Wholesale.webp",800,800,false],"thumbnail":["https:\/\/vapestornado.com\/wp-content\/uploads\/2026\/01\/Al-Fakher-Crown-Bar-15K-Ice-Adjust-Disposable-Vape-Wholesale-150x150.webp",150,150,true],"medium":["https:\/\/vapestornado.com\/wp-content\/uploads\/2026\/01\/Al-Fakher-Crown-Bar-15K-Ice-Adjust-Disposable-Vape-Wholesale-300x300.webp",300,300,true],"medium_large":["https:\/\/vapestornado.com\/wp-content\/uploads\/2026\/01\/Al-Fakher-Crown-Bar-15K-Ice-Adjust-Disposable-Vape-Wholesale-768x768.webp",768,768,true],"large":["https:\/\/vapestornado.com\/wp-content\/uploads\/2026\/01\/Al-Fakher-Crown-Bar-15K-Ice-Adjust-Disposable-Vape-Wholesale.webp",800,800,false],"1536x1536":["https:\/\/vapestornado.com\/wp-content\/uploads\/2026\/01\/Al-Fakher-Crown-Bar-15K-Ice-Adjust-Disposable-Vape-Wholesale.webp",800,800,false],"2048x2048":["https:\/\/vapestornado.com\/wp-content\/uploads\/2026\/01\/Al-Fakher-Crown-Bar-15K-Ice-Adjust-Disposable-Vape-Wholesale.webp",800,800,false],"trp-custom-language-flag":["https:\/\/vapestornado.com\/wp-content\/uploads\/2026\/01\/Al-Fakher-Crown-Bar-15K-Ice-Adjust-Disposable-Vape-Wholesale-12x12.webp",12,12,true],"woocommerce_thumbnail":["https:\/\/vapestornado.com\/wp-content\/uploads\/2026\/01\/Al-Fakher-Crown-Bar-15K-Ice-Adjust-Disposable-Vape-Wholesale-300x300.webp",300,300,true],"woocommerce_single":["https:\/\/vapestornado.com\/wp-content\/uploads\/2026\/01\/Al-Fakher-Crown-Bar-15K-Ice-Adjust-Disposable-Vape-Wholesale-600x600.webp",600,600,true],"woocommerce_gallery_thumbnail":["https:\/\/vapestornado.com\/wp-content\/uploads\/2026\/01\/Al-Fakher-Crown-Bar-15K-Ice-Adjust-Disposable-Vape-Wholesale-100x100.webp",100,100,true]},"uagb_author_info":{"display_name":"ESAMY","author_link":"https:\/\/vapestornado.com\/es\/author\/"},"uagb_comment_info":0,"uagb_excerpt":"AL Fakher Crown Bar 15K Ice Adjust \u2013 Wholesale Disposable E Cigarettes France Al Fakher Ice Adjust 15K Crown Bar | 15,000 Puffs at Cheap Price Crown Bar 15K Disposable Vape \u2013 Ice Control &amp; Bulk Supply Europe Add Amy's whatsapp to get right reply and discount price! WhatsApp: +86 17776015835","_links":{"self":[{"href":"https:\/\/vapestornado.com\/es\/wp-json\/wp\/v2\/product\/4795","targetHints":{"allow":["GET"]}}],"collection":[{"href":"https:\/\/vapestornado.com\/es\/wp-json\/wp\/v2\/product"}],"about":[{"href":"https:\/\/vapestornado.com\/es\/wp-json\/wp\/v2\/types\/product"}],"replies":[{"embeddable":true,"href":"https:\/\/vapestornado.com\/es\/wp-json\/wp\/v2\/comments?post=4795"}],"wp:featuredmedia":[{"embeddable":true,"href":"https:\/\/vapestornado.com\/es\/wp-json\/wp\/v2\/media\/4790"}],"wp:attachment":[{"href":"https:\/\/vapestornado.com\/es\/wp-json\/wp\/v2\/media?parent=4795"}],"wp:term":[{"taxonomy":"product_brand","embeddable":true,"href":"https:\/\/vapestornado.com\/es\/wp-json\/wp\/v2\/product_brand?post=4795"},{"taxonomy":"product_cat","embeddable":true,"href":"https:\/\/vapestornado.com\/es\/wp-json\/wp\/v2\/product_cat?post=4795"},{"taxonomy":"product_tag","embeddable":true,"href":"https:\/\/vapestornado.com\/es\/wp-json\/wp\/v2\/product_tag?post=4795"}],"curies":[{"name":"wp","href":"https:\/\/api.w.org\/{rel}","templated":true}]}}