{"id":4781,"date":"2026-01-07T09:28:57","date_gmt":"2026-01-07T09:28:57","guid":{"rendered":"https:\/\/vapestornado.com\/?post_type=product&#038;p=4781"},"modified":"2026-01-07T09:59:16","modified_gmt":"2026-01-07T09:59:16","slug":"al-fakher-mega-max-40k-puffs-crown-bar-disposable-e-shisha-hookah-vape-adjustable-airflow","status":"publish","type":"product","link":"https:\/\/vapestornado.com\/es\/product\/al-fakher-mega-max-40k-puffs-crown-bar-disposable-e-shisha-hookah-vape-adjustable-airflow\/","title":{"rendered":"Al Fakher Mega Max 40K Puffs Crown Bar Desechable E Shisha Hookah Vape Flujo de Aire Ajustable"},"content":{"rendered":"<h1 data-start=\"0\" data-end=\"87\">Al Fakher Mega Max 40K Puffs Crown Bar Desechable E Shisha Hookah Vape con Flujo de Aire Ajustable<\/h1>\n<p data-start=\"207\" data-end=\"581\">Construido para usuarios de alto volumen y mercados mayoristas, el <strong data-start=\"262\" data-end=\"288\">Al Fakher Mega Max 40K<\/strong> representa la pr\u00f3xima evoluci\u00f3n del rendimiento de la e-shisha desechable. Con hasta <strong data-start=\"366\" data-end=\"382\">40,000 caladas<\/strong>, flujo de aire ajustable e ingenier\u00eda de sabor caracter\u00edstica de Al Fakher, este dispositivo se posiciona como una soluci\u00f3n premium pero pr\u00e1ctica para los distribuidores de la UE que buscan una rotaci\u00f3n estable y una fuerte demanda repetida.<\/p>\n<p data-start=\"583\" data-end=\"1045\">Como parte de la <strong data-start=\"598\" data-end=\"621\">Bar de Corona Al Fakher<\/strong> l\u00ednea, el Mega Max 40000 est\u00e1 dise\u00f1ado para ofrecer una salida constante durante todo su ciclo de vida. La combinaci\u00f3n de un <strong data-start=\"738\" data-end=\"756\">bobina de malla dual<\/strong>, <strong data-start=\"758\" data-end=\"785\">e-l\u00edquido precargado de 20 ml<\/strong>, y un <strong data-start=\"793\" data-end=\"824\">bater\u00eda recargable de 850mAh<\/strong> garantiza una densidad de vapor y una claridad de sabor fiables desde la primera calada hasta la \u00faltima. Esto lo hace especialmente adecuado para clientes que hacen la transici\u00f3n de la hookah tradicional o los sistemas de e-shisha reutilizables a los formatos desechables.<\/p>\n<p data-start=\"1047\" data-end=\"1332\">El <strong data-start=\"1051\" data-end=\"1080\">sistema de flujo de aire ajustable<\/strong> permite a los usuarios ajustar su inhalaci\u00f3n, cambiando entre una calada m\u00e1s ajustada al estilo hookah y una calada m\u00e1s abierta y aireada. Esta flexibilidad ampl\u00eda su atractivo entre las diferentes preferencias de vapeo, lo que ayuda a los minoristas a cubrir m\u00e1s perfiles de clientes con una sola referencia.<\/p>\n<p data-start=\"1334\" data-end=\"1686\">Para los compradores al por mayor, el Al Fakher Mega Max 40K ofrece lo que m\u00e1s importa: marca reconocible, concentraci\u00f3n de nicotina controlada, carga moderna tipo C y una calidad de construcci\u00f3n que refleja la fiabilidad a largo plazo en lugar de la novedad a corto plazo. Posicionado en un <strong data-start=\"1589\" data-end=\"1620\">precio mayorista competitivo<\/strong>, es un producto de alto rendimiento en la categor\u00eda de e-shisha desechable de la UE.<\/p>\n<h2 data-start=\"2768\" data-end=\"2821\">\u00bfPor qu\u00e9 elegir Al Fakher Mega Max 40000 para la venta al por mayor?<\/h2>\n<p data-start=\"2823\" data-end=\"3237\">El <strong data-start=\"2827\" data-end=\"2855\">Al Fakher Mega Max 40000<\/strong> est\u00e1 dise\u00f1ado para la consistencia, no para trucos. Aprovecha la confianza en la marca global de Al Fakher mientras cumple con las expectativas de los distribuidores de la UE que priorizan la fiabilidad, la posici\u00f3n legal y la venta predecible. Su formato desechable de e-shisha hookah, flujo de aire ajustable y larga duraci\u00f3n de calada lo convierten en una adici\u00f3n s\u00f3lida tanto para canales minoristas enfocados en vapeo como en hookah.<\/p>\n<p><strong><span style=\"color: #ff0000;\">\u00a1A\u00f1ade el whatsapp de Amy para obtener una respuesta inmediata y cup\u00f3n para vaper!<\/span><\/strong><\/p>\n<p><img fetchpriority=\"high\" decoding=\"async\" class=\"size-full wp-image-2932\" src=\"https:\/\/vapestornado.com\/wp-content\/uploads\/2024\/12\/Vape-Wholesale.jpg\" alt=\"Vape al por mayor\" width=\"229\" height=\"300\" \/><\/p>\n<h3><a href=\"https:\/\/wa.me\/8617776015835\" target=\"_blank\" rel=\"noopener\"><span style=\"color: #ff0000;\"><strong>WhatsApp: +86 17776015835<\/strong><\/span><\/a><\/h3>\n<p>&nbsp;<\/p>\n<h2><strong>Caracter\u00edsticas del producto Al Fakher Mega Max 40K Puffs<\/strong><\/h2>\n<ul>\n<li data-start=\"113\" data-end=\"228\">\n<p data-start=\"115\" data-end=\"228\"><strong data-start=\"115\" data-end=\"139\">Capacidad de 40,000 caladas<\/strong> \u2013 Ofrece un rendimiento de vapeo DTL prolongado dise\u00f1ado para un uso frecuente a largo plazo.<\/p>\n<\/li>\n<li data-start=\"229\" data-end=\"361\">\n<p data-start=\"231\" data-end=\"361\"><strong data-start=\"231\" data-end=\"258\">Estilo de hookah shisha DTL<\/strong> \u2013 Optimizado para caladas directas a los pulmones, produciendo nubes densas similares a las sesiones tradicionales de hookah.<\/p>\n<\/li>\n<li data-start=\"362\" data-end=\"476\">\n<p data-start=\"364\" data-end=\"476\"><strong data-start=\"364\" data-end=\"393\">Tecnolog\u00eda de bobina de malla doble<\/strong> \u2013 Asegura una distribuci\u00f3n uniforme del calor y una salida de sabor estable desde la primera hasta la \u00faltima calada.<\/p>\n<\/li>\n<li data-start=\"477\" data-end=\"605\">\n<p data-start=\"479\" data-end=\"605\"><strong data-start=\"479\" data-end=\"508\">Sistema de flujo de aire ajustable<\/strong> \u2013 Permite a los usuarios ajustar la resistencia de la calada para una inhalaci\u00f3n personalizada en estilo DTL o shisha.<\/p>\n<\/li>\n<li data-start=\"606\" data-end=\"729\">\n<p data-start=\"608\" data-end=\"729\"><strong data-start=\"608\" data-end=\"636\">E-l\u00edquido prellenado de 20ml<\/strong> \u2013 Gran capacidad de e-l\u00edquido que reduce la frecuencia de reemplazo y soporta largas sesiones de vapeo.<\/p>\n<\/li>\n<li data-start=\"730\" data-end=\"841\">\n<p data-start=\"732\" data-end=\"841\"><strong data-start=\"732\" data-end=\"757\">Nivel de nicotina 0.6%<\/strong> \u2013 Proporciona una entrega suave y controlada de nicotina adecuada para un uso diario prolongado.<\/p>\n<\/li>\n<li data-start=\"842\" data-end=\"945\">\n<p data-start=\"844\" data-end=\"945\"><strong data-start=\"844\" data-end=\"875\">Bater\u00eda recargable de 850mAh<\/strong> Proporciona potencia constante durante todo el ciclo de 40K caladas.<\/p>\n<\/li>\n<li data-start=\"946\" data-end=\"1051\">\n<p data-start=\"948\" data-end=\"1051\"><strong data-start=\"948\" data-end=\"976\">Carga r\u00e1pida USB Tipo-C<\/strong> \u2013 Permite una recarga r\u00e1pida y conveniente con compatibilidad con dispositivos modernos.<\/p>\n<\/li>\n<li data-start=\"1052\" data-end=\"1148\">\n<p data-start=\"1054\" data-end=\"1148\"><strong data-start=\"1054\" data-end=\"1076\">Pantalla LED<\/strong> \u2013 Muestra claramente los niveles de bater\u00eda y e-l\u00edquido para un mejor control del uso.<\/p>\n<\/li>\n<li data-start=\"1149\" data-end=\"1259\">\n<p data-start=\"1151\" data-end=\"1259\"><strong data-start=\"1151\" data-end=\"1176\">Cuerpo de aluminio de alta calidad<\/strong> \u2013 Combina durabilidad con un acabado ergon\u00f3mico y de alta gama para la portabilidad diaria.<\/p>\n<\/li>\n<\/ul>\n<figure id=\"attachment_4777\" aria-describedby=\"caption-attachment-4777\" style=\"width: 300px\" class=\"wp-caption alignnone\"><img decoding=\"async\" class=\"size-medium wp-image-4777\" src=\"https:\/\/vapestornado.com\/wp-content\/uploads\/2026\/01\/Al-Fakher-Mega-Max-40K-40000-Puff-Vape-Wholesale-Spain-300x300.webp\" alt=\"Al Fakher Mega Max 40K 40000 Puff Vape Mayorista en Espa\u00f1a\" width=\"300\" height=\"300\" srcset=\"https:\/\/vapestornado.com\/wp-content\/uploads\/2026\/01\/Al-Fakher-Mega-Max-40K-40000-Puff-Vape-Wholesale-Spain-300x300.webp 300w, https:\/\/vapestornado.com\/wp-content\/uploads\/2026\/01\/Al-Fakher-Mega-Max-40K-40000-Puff-Vape-Wholesale-Spain-150x150.webp 150w, https:\/\/vapestornado.com\/wp-content\/uploads\/2026\/01\/Al-Fakher-Mega-Max-40K-40000-Puff-Vape-Wholesale-Spain-768x768.webp 768w, https:\/\/vapestornado.com\/wp-content\/uploads\/2026\/01\/Al-Fakher-Mega-Max-40K-40000-Puff-Vape-Wholesale-Spain-12x12.webp 12w, https:\/\/vapestornado.com\/wp-content\/uploads\/2026\/01\/Al-Fakher-Mega-Max-40K-40000-Puff-Vape-Wholesale-Spain-600x600.webp 600w, https:\/\/vapestornado.com\/wp-content\/uploads\/2026\/01\/Al-Fakher-Mega-Max-40K-40000-Puff-Vape-Wholesale-Spain-100x100.webp 100w, https:\/\/vapestornado.com\/wp-content\/uploads\/2026\/01\/Al-Fakher-Mega-Max-40K-40000-Puff-Vape-Wholesale-Spain.webp 800w\" sizes=\"(max-width: 300px) 100vw, 300px\" \/><figcaption id=\"caption-attachment-4777\" class=\"wp-caption-text\">Al Fakher Mega Max 40K 40000 Puff Vape Mayorista en Espa\u00f1a<\/figcaption><\/figure>\n<p>&nbsp;<\/p>\n<div><\/div>\n<h2 class=\"product-title\"><strong>Lista de Sabores de Al Fakher Mega Max 40K Puff<\/strong><\/h2>\n<p>1 Blueberry Blue<br \/>\n2 Ice de Frambuesa<br \/>\n3 Ice de Grosella Negra<br \/>\n4 Menta con Grosella Negra<br \/>\n5 Explosi\u00f3n de Razz Azul<br \/>\n6 Limonada Razz Azul<br \/>\n7 Cereza con Ar\u00e1ndano<br \/>\n8 Chicle de Ar\u00e1ndano<br \/>\n9 Limonada de Ar\u00e1ndano Azul<br \/>\n10 Menta de Ar\u00e1ndano Azul<br \/>\n11 Frambuesa de Ar\u00e1ndano Azul<br \/>\n12 Frambuesa \u00c1cida de Ar\u00e1ndano Azul<br \/>\n13 Fiesta de Cereza<br \/>\n14 Efervescencia de Cereza<br \/>\n15 Hielo de Cereza<br \/>\n16 Mango Fresco<br \/>\n17 Explosi\u00f3n de Fusi\u00f3n<br \/>\n18 Uva<br \/>\n19 Uva y Baya<br \/>\n20 Uva y Menta<br \/>\n21 Chicle y Menta<br \/>\n22 Hubba<br \/>\n23 Hielo Azul<br \/>\n24 Lim\u00f3n y Lima<br \/>\n25 Efervescencia de Lim\u00f3n, Lima y Cereza<br \/>\n26 Lim\u00f3n y Menta<br \/>\n27 Hielo Exuberante<br \/>\n28 Amor M\u00e1gico<br \/>\n29 Mango y Pi\u00f1a<br \/>\n30 Mentol<br \/>\n31 Menta<br \/>\n32 Frambuesa Mixta<br \/>\n33 Naranja Menta<br \/>\n34 Durazno Hielo<br \/>\n35 Pi\u00f1a Hielo<br \/>\n36 Sue\u00f1o Espacial<br \/>\n37 Hierbabuena<br \/>\n38 Fresa Cereza<br \/>\n39 Ponche de Fresa<br \/>\n40 Sue\u00f1o de Verano<br \/>\n41 Dos Manzanas<br \/>\n42 Sand\u00eda Cereza<br \/>\n43 Sand\u00eda Kiwi<br \/>\n44 Sand\u00eda Lima<br \/>\n45 Sand\u00eda Pi\u00f1a<\/p>\n<div class=\"flex-shrink-0 flex flex-col relative items-end\">\n<div class=\"pt-0\">\n<div class=\"gizmo-bot-avatar flex h-8 w-8 items-center justify-center overflow-hidden rounded-full\">\n<div class=\"relative p-1 rounded-sm flex items-center justify-center bg-token-main-surface-primary text-token-text-primary h-8 w-8\">\n<h2 data-start=\"1200\" data-end=\"1487\">Vapes Tornado \u2013 Tu tienda mayorista en l\u00ednea de vaporizadores populares<\/h2>\n<p data-start=\"72\" data-end=\"396\"><strong data-start=\"72\" data-end=\"89\">Vapes Tornado<\/strong> es una tienda mayorista en l\u00ednea enfocada en Europa que suministra una gama cuidadosamente seleccionada de <strong data-start=\"178\" data-end=\"195\">vaporizadores populares<\/strong> para compradores profesionales. Trabajamos con minoristas, distribuidores y tiendas en l\u00ednea en toda la UE que necesitan un suministro estable, informaci\u00f3n clara del producto y marcas que los clientes ya reconocen y en las que conf\u00edan.<\/p>\n<p data-start=\"398\" data-end=\"687\">Trabajamos con nombres de confianza como <strong data-start=\"307\" data-end=\"362\"><a href=\"https:\/\/vapestornado.com\/es\/product\/randm-12000-puffs-fumot-digital-disposable-vape-wholesale-price\/\">Fumot VAPE<\/a>, <a href=\"https:\/\/vapestornado.com\/es\/product\/original-wga-ultra-35k-35000-puff-rechargeable-crystal-disposable-nicotine-vape-best-discount-price\/\">WGA VAPE<\/a>, <\/strong><strong data-start=\"307\" data-end=\"362\"><a href=\"https:\/\/vapestornado.com\/es\/product\/vozol-gear-shisha-25k-25000-puffs-best-dtl-disposable-vape-hookah-cheap-price\/\">VOZOL BAR VAPE<\/a>,<\/strong><strong data-start=\"247\" data-end=\"352\">\u00a0Elf Bar Vape, WASPE Vape, <a href=\"https:\/\/vapestornado.com\/es\/product\/uzy-150k-puffs-6-in-1-flavor-switch-disposable-vape-pen-wholesale\/\">UZY Vape<\/a>, Bang Vape, Razz Bar Vape, y Stag Bar Vape<\/strong>, elegidos por su calidad constante y fuerte demanda en el mercado europeo.<\/p>\n<h4 data-start=\"1080\" data-end=\"1120\">Dise\u00f1ado para Compradores Mayoristas en Europa<\/h4>\n<p data-start=\"1121\" data-end=\"1189\">Vapes Tornado est\u00e1 estructurado en torno a las necesidades reales de los mayoristas de la UE:<\/p>\n<ul data-start=\"1190\" data-end=\"1400\">\n<li data-start=\"1190\" data-end=\"1239\">\n<p data-start=\"1192\" data-end=\"1239\">Precios mayoristas competitivos para pedidos al por mayor<\/p>\n<\/li>\n<li data-start=\"1240\" data-end=\"1289\">\n<p data-start=\"1242\" data-end=\"1289\">Descripciones y especificaciones claras del producto<\/p>\n<\/li>\n<li data-start=\"1290\" data-end=\"1330\">\n<p data-start=\"1292\" data-end=\"1330\">Log\u00edstica r\u00e1pida y confiable orientada a la UE<\/p>\n<\/li>\n<li data-start=\"1331\" data-end=\"1400\">\n<p data-start=\"1333\" data-end=\"1400\">Un cat\u00e1logo enfocado en <strong data-start=\"1356\" data-end=\"1373\">vaporizadores populares<\/strong>, no en SKUs sobre saturados<\/p>\n<\/li>\n<\/ul>\n<h2 data-start=\"2064\" data-end=\"2115\">Preguntas frecuentes sobre Al Fakher Mega Max 40000 Vape desechable<\/h2>\n<p data-start=\"3278\" data-end=\"3451\"><strong data-start=\"3278\" data-end=\"3343\">1. \u00bfCu\u00e1nto dura realmente el Al Fakher Mega Max 40K en uso real?<\/strong><br data-start=\"3343\" data-end=\"3346\" \/>El uso depende de los h\u00e1bitos individuales, pero la mayor\u00eda de los usuarios reportan un rendimiento de varias semanas con uso diario regular.<\/p>\n<p data-start=\"3453\" data-end=\"3579\"><strong data-start=\"3453\" data-end=\"3497\">2. \u00bfSe puede ajustar el flujo de aire durante el uso?<\/strong><br data-start=\"3497\" data-end=\"3500\" \/>S\u00ed, el flujo de aire ajustable permite a los usuarios modificar la resistencia al inhalar en cualquier momento.<\/p>\n<p data-start=\"3581\" data-end=\"3678\"><strong data-start=\"3581\" data-end=\"3615\">3. \u00bfEl dispositivo es recargable?<\/strong><br data-start=\"3615\" data-end=\"3618\" \/>S\u00ed, cuenta con una bater\u00eda de 850mAh con carga USB Tipo-C.<\/p>\n<p data-start=\"3680\" data-end=\"3856\"><strong data-start=\"3680\" data-end=\"3744\">4. \u00bfQu\u00e9 hace que esto sea diferente de los vapes desechables est\u00e1ndar?<\/strong><br data-start=\"3744\" data-end=\"3747\" \/>Su dise\u00f1o de shisha electr\u00f3nica, gran capacidad de e-l\u00edquido y control de flujo de aire lo diferencian de los b\u00e1sicos desechables.<\/p>\n<p data-start=\"3858\" data-end=\"4007\"><strong data-start=\"3858\" data-end=\"3912\">5. \u00bfEs esto adecuado para distribuci\u00f3n mayorista en la UE?<\/strong><br data-start=\"3912\" data-end=\"3915\" \/>S\u00ed, est\u00e1 dise\u00f1ado para mercados de la UE y se suministra com\u00fanmente a precio mayorista para pedidos al por mayor.<\/p>\n<\/div>\n<\/div>\n<\/div>\n<\/div>","protected":false},"excerpt":{"rendered":"<p data-start=\"4472\" data-end=\"4562\"><strong data-start=\"4472\" data-end=\"4560\">Al Fakher Mega Max 40K E Shisha Desechable con Flujo de Aire Ajustable \u2013 Listo para Venta al por Mayor<\/strong><\/p>\n<p data-start=\"4566\" data-end=\"4641\"><strong data-start=\"4566\" data-end=\"4639\">Al Fakher Crown Bar Mega Max 40000 Puffs Hookah Vape para Venta al por Mayor en la UE<\/strong><\/p>\n<p data-start=\"4645\" data-end=\"4728\"><strong data-start=\"4645\" data-end=\"4728\">Mega Max 40K de Al Fakher \u2013 E Shisha Desechable de Larga Duraci\u00f3n a Precio de Mayorista<\/strong><\/p>\n<p><strong>\u00a1A\u00f1ade el WhatsApp de Amy para obtener una respuesta correcta y un precio con descuento!<\/strong><\/p>\n<p><img fetchpriority=\"high\" decoding=\"async\" class=\"size-full wp-image-2932\" src=\"https:\/\/vapestornado.com\/wp-content\/uploads\/2024\/12\/Vape-Wholesale.jpg\" alt=\"Vape al por mayor\" width=\"229\" height=\"300\" \/><\/p>\n<h3><a href=\"https:\/\/wa.me\/8617776015835\"><span style=\"color: #ff0000;\"><strong>WhatsApp: +86 17776015835<\/strong><\/span><\/a><\/h3>","protected":false},"featured_media":4776,"comment_status":"open","ping_status":"closed","template":"","meta":{"_acf_changed":false,"_uag_custom_page_level_css":"","_lmt_disableupdate":"no","_lmt_disable":"","_monsterinsights_skip_tracking":false,"_monsterinsights_sitenote_active":false,"_monsterinsights_sitenote_note":"","_monsterinsights_sitenote_category":0,"site-sidebar-layout":"default","site-content-layout":"","ast-site-content-layout":"default","site-content-style":"default","site-sidebar-style":"default","ast-global-header-display":"","ast-banner-title-visibility":"","ast-main-header-display":"","ast-hfb-above-header-display":"","ast-hfb-below-header-display":"","ast-hfb-mobile-header-display":"","site-post-title":"","ast-breadcrumbs-content":"","ast-featured-img":"","footer-sml-layout":"","ast-disable-related-posts":"","theme-transparent-header-meta":"default","adv-header-id-meta":"","stick-header-meta":"","header-above-stick-meta":"","header-main-stick-meta":"","header-below-stick-meta":"","astra-migrate-meta-layouts":"set","ast-page-background-enabled":"default","ast-page-background-meta":{"desktop":{"background-color":"","background-image":"","background-repeat":"repeat","background-position":"center center","background-size":"auto","background-attachment":"scroll","background-type":"","background-media":"","overlay-type":"","overlay-color":"","overlay-opacity":"","overlay-gradient":""},"tablet":{"background-color":"","background-image":"","background-repeat":"repeat","background-position":"center center","background-size":"auto","background-attachment":"scroll","background-type":"","background-media":"","overlay-type":"","overlay-color":"","overlay-opacity":"","overlay-gradient":""},"mobile":{"background-color":"","background-image":"","background-repeat":"repeat","background-position":"center center","background-size":"auto","background-attachment":"scroll","background-type":"","background-media":"","overlay-type":"","overlay-color":"","overlay-opacity":"","overlay-gradient":""}},"ast-content-background-meta":{"desktop":{"background-color":"var(--ast-global-color-5)","background-image":"","background-repeat":"repeat","background-position":"center center","background-size":"auto","background-attachment":"scroll","background-type":"","background-media":"","overlay-type":"","overlay-color":"","overlay-opacity":"","overlay-gradient":""},"tablet":{"background-color":"var(--ast-global-color-5)","background-image":"","background-repeat":"repeat","background-position":"center center","background-size":"auto","background-attachment":"scroll","background-type":"","background-media":"","overlay-type":"","overlay-color":"","overlay-opacity":"","overlay-gradient":""},"mobile":{"background-color":"var(--ast-global-color-5)","background-image":"","background-repeat":"repeat","background-position":"center center","background-size":"auto","background-attachment":"scroll","background-type":"","background-media":"","overlay-type":"","overlay-color":"","overlay-opacity":"","overlay-gradient":""}},"_joinchat":[]},"product_brand":[],"product_cat":[65,531,140,150,156,158,141,142,146,147],"product_tag":[533,534,535,532,355,287,513,512],"class_list":{"0":"post-4781","1":"product","2":"type-product","3":"status-publish","4":"has-post-thumbnail","6":"product_cat-40000-puff","7":"product_cat-al-fakher-crown-bar","8":"product_cat-big-puffs-disposable-vapes","9":"product_cat-buy-disposable-vapes-in-belgium","10":"product_cat-buy-disposable-vapes-in-poland","11":"product_cat-buy-disposable-vapes-in-spain","12":"product_cat-crystal-disposable-vapes","13":"product_cat-digital-box-disposable-vapes","14":"product_cat-rechargeable-disposable-vapes","15":"product_cat-shisha-hookah-disposable-vapes","16":"product_tag-al-fakher-crown-bar-mega-max","17":"product_tag-al-fakher-crown-bar-mega-max-40000-puffs","18":"product_tag-al-fakher-crown-bar-mega-max-40k","19":"product_tag-al-fakher-mega-max-40k","20":"product_tag-big-puff-vape","21":"product_tag-disposable-vape-pen","22":"product_tag-vape-discount-price","23":"product_tag-vape-wholesale-distributor","24":"desktop-align-left","25":"tablet-align-left","26":"mobile-align-left","28":"first","29":"instock","30":"sale","31":"shipping-taxable","32":"purchasable","33":"product-type-simple"},"acf":[],"uagb_featured_image_src":{"full":["https:\/\/vapestornado.com\/wp-content\/uploads\/2026\/01\/Al-Fakher-Mega-Max-40K-40000-Puff-Disposable-Vapor.webp",800,800,false],"thumbnail":["https:\/\/vapestornado.com\/wp-content\/uploads\/2026\/01\/Al-Fakher-Mega-Max-40K-40000-Puff-Disposable-Vapor-150x150.webp",150,150,true],"medium":["https:\/\/vapestornado.com\/wp-content\/uploads\/2026\/01\/Al-Fakher-Mega-Max-40K-40000-Puff-Disposable-Vapor-300x300.webp",300,300,true],"medium_large":["https:\/\/vapestornado.com\/wp-content\/uploads\/2026\/01\/Al-Fakher-Mega-Max-40K-40000-Puff-Disposable-Vapor-768x768.webp",768,768,true],"large":["https:\/\/vapestornado.com\/wp-content\/uploads\/2026\/01\/Al-Fakher-Mega-Max-40K-40000-Puff-Disposable-Vapor.webp",800,800,false],"1536x1536":["https:\/\/vapestornado.com\/wp-content\/uploads\/2026\/01\/Al-Fakher-Mega-Max-40K-40000-Puff-Disposable-Vapor.webp",800,800,false],"2048x2048":["https:\/\/vapestornado.com\/wp-content\/uploads\/2026\/01\/Al-Fakher-Mega-Max-40K-40000-Puff-Disposable-Vapor.webp",800,800,false],"trp-custom-language-flag":["https:\/\/vapestornado.com\/wp-content\/uploads\/2026\/01\/Al-Fakher-Mega-Max-40K-40000-Puff-Disposable-Vapor-12x12.webp",12,12,true],"woocommerce_thumbnail":["https:\/\/vapestornado.com\/wp-content\/uploads\/2026\/01\/Al-Fakher-Mega-Max-40K-40000-Puff-Disposable-Vapor-300x300.webp",300,300,true],"woocommerce_single":["https:\/\/vapestornado.com\/wp-content\/uploads\/2026\/01\/Al-Fakher-Mega-Max-40K-40000-Puff-Disposable-Vapor-600x600.webp",600,600,true],"woocommerce_gallery_thumbnail":["https:\/\/vapestornado.com\/wp-content\/uploads\/2026\/01\/Al-Fakher-Mega-Max-40K-40000-Puff-Disposable-Vapor-100x100.webp",100,100,true]},"uagb_author_info":{"display_name":"ESAMY","author_link":"https:\/\/vapestornado.com\/es\/author\/"},"uagb_comment_info":0,"uagb_excerpt":"Al Fakher Mega Max 40K Disposable E Shisha with Adjustable Airflow \u2013 Wholesale Ready Al Fakher Crown Bar Mega Max 40000 Puffs Hookah Vape for EU Wholesale Mega Max 40K by Al Fakher \u2013 Long-Lasting Disposable E Shisha at Wholesale Price Add Amy's whatsapp to get right reply and discount price! WhatsApp: +86 17776015835","_links":{"self":[{"href":"https:\/\/vapestornado.com\/es\/wp-json\/wp\/v2\/product\/4781","targetHints":{"allow":["GET"]}}],"collection":[{"href":"https:\/\/vapestornado.com\/es\/wp-json\/wp\/v2\/product"}],"about":[{"href":"https:\/\/vapestornado.com\/es\/wp-json\/wp\/v2\/types\/product"}],"replies":[{"embeddable":true,"href":"https:\/\/vapestornado.com\/es\/wp-json\/wp\/v2\/comments?post=4781"}],"wp:featuredmedia":[{"embeddable":true,"href":"https:\/\/vapestornado.com\/es\/wp-json\/wp\/v2\/media\/4776"}],"wp:attachment":[{"href":"https:\/\/vapestornado.com\/es\/wp-json\/wp\/v2\/media?parent=4781"}],"wp:term":[{"taxonomy":"product_brand","embeddable":true,"href":"https:\/\/vapestornado.com\/es\/wp-json\/wp\/v2\/product_brand?post=4781"},{"taxonomy":"product_cat","embeddable":true,"href":"https:\/\/vapestornado.com\/es\/wp-json\/wp\/v2\/product_cat?post=4781"},{"taxonomy":"product_tag","embeddable":true,"href":"https:\/\/vapestornado.com\/es\/wp-json\/wp\/v2\/product_tag?post=4781"}],"curies":[{"name":"wp","href":"https:\/\/api.w.org\/{rel}","templated":true}]}}