{"id":4731,"date":"2025-12-26T02:21:15","date_gmt":"2025-12-26T02:21:15","guid":{"rendered":"https:\/\/vapestornado.com\/?post_type=product&#038;p=4731"},"modified":"2025-12-26T02:37:50","modified_gmt":"2025-12-26T02:37:50","slug":"okso-50000-puff-50k-switch-kit-disposable-vape-boost-mode-airflow-adjustable-low-price","status":"publish","type":"product","link":"https:\/\/vapestornado.com\/es\/product\/okso-50000-puff-50k-switch-kit-disposable-vape-boost-mode-airflow-adjustable-low-price\/","title":{"rendered":"OKSO Kit desechable de 50,000 caladas 50K Switch con modo Boost, flujo de aire ajustable, precio bajo"},"content":{"rendered":"<h2 data-pm-slice=\"1 1 []\">Kit Switch OKSO 50K Puff: Dos perfiles de potencia, una configuraci\u00f3n limpia<\/h2>\n<p data-start=\"66\" data-end=\"524\">El <strong data-start=\"70\" data-end=\"87\">OKSO 50K Puff<\/strong> (tambi\u00e9n listado como <strong data-start=\"104\" data-end=\"124\">OKSO 50000 Puffs<\/strong>) es un vape desechable Kit Switch dise\u00f1ado para adultos que quieren control sin llevar dispositivos adicionales. Combina un modo de larga duraci\u00f3n para uso diario con uno m\u00e1s potente <strong data-start=\"285\" data-end=\"299\">Modo Inteligente<\/strong> para momentos en los que quieres m\u00e1s intensidad. A\u00f1ade <strong data-start=\"342\" data-end=\"369\">Ajuste de flujo de aire de vapeo ajustable<\/strong> sintonizaci\u00f3n y una estructura de doble malla de bobina, y obtienes un <strong data-start=\"423\" data-end=\"435\">puff 50k<\/strong> dispositivo que se siente deliberado en lugar de gen\u00e9rico\u2014especialmente en una <strong data-start=\"501\" data-end=\"514\">precio bajo<\/strong> posici\u00f3n.<\/p>\n<h3 data-start=\"531\" data-end=\"590\">Modo Potencia Que Golpea M\u00e1s Fuerte, Modo Normal Que Dura M\u00e1s Tiempo<\/h3>\n<p data-start=\"592\" data-end=\"652\">Este Kit de Interruptor est\u00e1 dise\u00f1ado en torno a dos casos de uso del mundo real:<\/p>\n<ul data-start=\"654\" data-end=\"916\">\n<li data-start=\"654\" data-end=\"774\">\n<p data-start=\"656\" data-end=\"774\"><strong data-start=\"656\" data-end=\"689\">Modo normal: hasta 50,000 caladas<\/strong><br data-start=\"689\" data-end=\"692\" \/>Un perfil estable pensado para una mayor duraci\u00f3n y una sensaci\u00f3n m\u00e1s consistente durante todo el d\u00eda.<\/p>\n<\/li>\n<li data-start=\"776\" data-end=\"916\">\n<p data-start=\"778\" data-end=\"916\"><strong data-start=\"778\" data-end=\"812\">Modo potencia: hasta 30,000 caladas<\/strong><br data-start=\"812\" data-end=\"815\" \/>Un perfil m\u00e1s fuerte y m\u00e1s intenso que generalmente consume m\u00e1s r\u00e1pido, pero ofrece una sesi\u00f3n m\u00e1s en\u00e9rgica.<\/p>\n<\/li>\n<\/ul>\n<p data-start=\"918\" data-end=\"1056\">Ese es el objetivo de <strong data-start=\"938\" data-end=\"952\">Modo Inteligente<\/strong> aqu\u00ed: puedes cambiar seg\u00fan el contexto\u2014d\u00eda laboral vs fin de semana, m\u00e1s ligero vs m\u00e1s fuerte\u2014sin cambiar de dispositivo.<\/p>\n<h3>Flujo de aire ajustable: inhalaci\u00f3n ajustada o flujo abierto, t\u00fa eliges<\/h3>\n<p data-start=\"1122\" data-end=\"1212\"><strong data-start=\"1122\" data-end=\"1149\">Ajuste de flujo de aire de vapeo ajustable<\/strong> el control cambia c\u00f3mo el dispositivo aspira y c\u00f3mo se siente el vapor:<\/p>\n<ul data-start=\"1214\" data-end=\"1371\">\n<li data-start=\"1214\" data-end=\"1280\">\n<p data-start=\"1216\" data-end=\"1280\"><strong data-start=\"1216\" data-end=\"1235\">Flujo de aire m\u00e1s ajustado<\/strong> puede sentirse m\u00e1s concentrado y controlado.<\/p>\n<\/li>\n<li data-start=\"1281\" data-end=\"1371\">\n<p data-start=\"1283\" data-end=\"1371\"><strong data-start=\"1283\" data-end=\"1304\">Flujo de aire m\u00e1s abierto<\/strong> puede sentirse m\u00e1s suave y de flujo m\u00e1s libre, a menudo con m\u00e1s vapor.<\/p>\n<\/li>\n<\/ul>\n<p data-start=\"1373\" data-end=\"1545\">Para usuarios adultos, el flujo de aire es una de las pocas caracter\u00edsticas que notar\u00e1s realmente todos los d\u00edas. Convierte un desechable de talla \u00fanica en algo que puedes ajustar a tu preferencia.<\/p>\n<h3 data-start=\"1552\" data-end=\"1610\">Bobina de malla doble 1.0+1.0\u03a9: La consistencia es el verdadero lujo<\/h3>\n<p data-start=\"1612\" data-end=\"1797\">El OKSO 50K utiliza un <strong data-start=\"1632\" data-end=\"1662\">Resistencia de Malla Dual: 1.0 + 1.0\u03a9<\/strong> (resistencia de malla \u00d72). Esta configuraci\u00f3n est\u00e1 dise\u00f1ada para un calentamiento uniforme y una salida estable, lo cual es importante cuando se utiliza un dispositivo durante mucho tiempo.<\/p>\n<p data-start=\"1799\" data-end=\"1833\">En t\u00e9rminos pr\u00e1cticos, est\u00e1 pensado para:<\/p>\n<ul data-start=\"1834\" data-end=\"2016\">\n<li data-start=\"1834\" data-end=\"1891\">\n<p data-start=\"1836\" data-end=\"1891\">mantener la entrega de sabor m\u00e1s constante durante sesiones prolongadas<\/p>\n<\/li>\n<li data-start=\"1892\" data-end=\"1951\">\n<p data-start=\"1894\" data-end=\"1951\">reducir el problema de \u201cbueno el primer d\u00eda, ins\u00edpido el tercer d\u00eda\u201d<\/p>\n<\/li>\n<li data-start=\"1952\" data-end=\"2016\">\n<p data-start=\"1954\" data-end=\"2016\">permitir una salida de vapor fiable tanto en el perfil Norm como en el Boost<\/p>\n<\/li>\n<\/ul>\n<h3 data-start=\"2023\" data-end=\"2077\">Bater\u00eda + Pantalla: Dise\u00f1ado para Ser Gestionado, No Adivinado<\/h3>\n<p data-start=\"2079\" data-end=\"2425\">El dispositivo incluye una <strong data-start=\"2101\" data-end=\"2121\">1000mAh + 200mAh<\/strong> configuraci\u00f3n de bater\u00eda y una <strong data-start=\"2151\" data-end=\"2166\">pantalla LED<\/strong>. La ventaja no es solo la capacidad, sino la predictibilidad. Una pantalla le brinda una visibilidad r\u00e1pida del estado para que no est\u00e9 adivinando por qu\u00e9 cambian las prestaciones. Para un dispositivo de larga duraci\u00f3n <strong data-start=\"2331\" data-end=\"2351\">OKSO 50000 Puffs<\/strong> , esa es una caracter\u00edstica pr\u00e1ctica, especialmente si cambia de modo con frecuencia.<\/p>\n<h3 data-start=\"2432\" data-end=\"2485\">Atracci\u00f3n Magn\u00e9tica: Un Kit de Interruptor Que Se Siente S\u00f3lido<\/h3>\n<p data-start=\"2487\" data-end=\"2765\">El <strong data-start=\"2491\" data-end=\"2514\">atracci\u00f3n magn\u00e9tica<\/strong> El dise\u00f1o mejora el manejo diario: menos manipulaci\u00f3n, un ajuste m\u00e1s limpio y una sensaci\u00f3n m\u00e1s segura cuando lo usa con regularidad. Es un peque\u00f1o detalle, pero hace que la experiencia del Kit de Interruptor se sienta m\u00e1s refinada que los desechables t\u00edpicos en el mismo rango de precios bajos.<\/p>\n<p><strong><span style=\"color: #ff0000;\">\u00a1A\u00f1ade el whatsapp de Amy para obtener una respuesta inmediata y cup\u00f3n para vaper!<\/span><\/strong><\/p>\n<p><img fetchpriority=\"high\" decoding=\"async\" class=\"size-full wp-image-2932\" src=\"https:\/\/vapestornado.com\/wp-content\/uploads\/2024\/12\/Vape-Wholesale.jpg\" alt=\"Vape al por mayor\" width=\"229\" height=\"300\" \/><\/p>\n<h3><a href=\"https:\/\/wa.me\/8617776015835\" target=\"_blank\" rel=\"noopener\"><span style=\"color: #ff0000;\"><strong>WhatsApp: +86 17776015835<\/strong><\/span><\/a><\/h3>\n<p>&nbsp;<\/p>\n<h2><strong>Caracter\u00edsticas del Producto OKSO 50000 Caladas 50K Kit de Interruptor<\/strong><\/h2>\n<table>\n<thead>\n<tr>\n<th>Caracter\u00edstica<\/th>\n<th align=\"right\">facilita tenerlo a mano cuando est\u00e1s fuera. Est\u00e1 dise\u00f1ado para uso diario sin sentirse voluminoso. Las opciones de concentraci\u00f3n de nicotina incluyen<\/th>\n<th>Lo que significa en uso real<\/th>\n<\/tr>\n<\/thead>\n<tbody>\n<tr>\n<td>Modo (Norm)<\/td>\n<td align=\"right\">Hasta 50.000 caladas<\/td>\n<td>Perfil de tiempo de ejecuci\u00f3n m\u00e1s largo para un vapeo diario constante (las caladas reales var\u00edan seg\u00fan la duraci\u00f3n de la calada).<\/td>\n<\/tr>\n<tr>\n<td>Modo (Boost)<\/td>\n<td align=\"right\">Hasta 30,000 inhalaciones<\/td>\n<td>Perfil de salida m\u00e1s fuerte; una mayor intensidad generalmente reduce el total de caladas.<\/td>\n<\/tr>\n<tr>\n<td>Sistema de Bobinas<\/td>\n<td align=\"right\">Bobina de malla dual 1.0 + 1.0\u03a9 (bobina de malla \u00d72)<\/td>\n<td>El calentamiento uniforme soporta un sabor y vapor consistentes en ambos modos.<\/td>\n<\/tr>\n<tr>\n<td>E-l\u00edquido<\/td>\n<td align=\"right\">20ml<\/td>\n<td>Gran capacidad dise\u00f1ada para uso prolongado sin reemplazo frecuente.<\/td>\n<\/tr>\n<tr>\n<td>Bater\u00eda<\/td>\n<td align=\"right\">1000mAh + 200mAh<\/td>\n<td>Construido para soportar sesiones largas y cambios de modo con menos ca\u00eddas de potencia.<\/td>\n<\/tr>\n<tr>\n<td>Pantalla<\/td>\n<td align=\"right\">Pantalla LED<\/td>\n<td>Ofrece un estado visible del dispositivo para una gesti\u00f3n diaria m\u00e1s sencilla.<\/td>\n<\/tr>\n<tr>\n<td>Flujo de aire<\/td>\n<td align=\"right\">Flujo de aire ajustable<\/td>\n<td>Permite ajustar la sensaci\u00f3n de inhalaci\u00f3n desde m\u00e1s ajustada hasta m\u00e1s abierta.<\/td>\n<\/tr>\n<tr>\n<td>Estructura<\/td>\n<td align=\"right\">Atracci\u00f3n magn\u00e9tica<\/td>\n<td>Mejora el manejo y ajuste, reduciendo molestias en el uso diario.<\/td>\n<\/tr>\n<tr>\n<td>Tama\u00f1o<\/td>\n<td align=\"right\">65 \u00d7 35 \u00d7 110mm<\/td>\n<td>Tama\u00f1o equilibrado para capacidad y portabilidad.<\/td>\n<\/tr>\n<tr>\n<td>Peso<\/td>\n<td align=\"right\">129g<\/td>\n<td>Sensaci\u00f3n s\u00f3lida en la mano, t\u00edpica de dispositivos de alta capacidad.<\/td>\n<\/tr>\n<tr>\n<td>Opciones de nicotina<\/td>\n<td align=\"right\">0% \/ 2% \/ 3% \/ 5%<\/td>\n<td>Cubre opciones sin nicotina hasta las m\u00e1s fuertes, seg\u00fan las necesidades del mercado.<\/td>\n<\/tr>\n<\/tbody>\n<\/table>\n<h2 class=\"product-title\"><strong>Lista de sabores del kit de cambio OKSO 50000 Puff 50K<\/strong><\/h2>\n<h2 data-start=\"3958\" data-end=\"4012\"><\/h2>\n<ol data-start=\"4014\" data-end=\"4238\">\n<li data-start=\"4014\" data-end=\"4028\">\n<p data-start=\"4017\" data-end=\"4028\">Melocot\u00f3n Helado<\/p>\n<\/li>\n<li data-start=\"4029\" data-end=\"4046\">\n<p data-start=\"4032\" data-end=\"4046\">Mango de M\u00e9xico<\/p>\n<\/li>\n<li data-start=\"4047\" data-end=\"4073\">\n<p data-start=\"4050\" data-end=\"4073\">Fresa Sand\u00eda<\/p>\n<\/li>\n<li data-start=\"4074\" data-end=\"4088\">\n<p data-start=\"4077\" data-end=\"4088\">Frambuesa Azul<\/p>\n<\/li>\n<li data-start=\"4089\" data-end=\"4104\">\n<p data-start=\"4092\" data-end=\"4104\">Osito de Gominola<\/p>\n<\/li>\n<li data-start=\"4105\" data-end=\"4120\">\n<p data-start=\"4108\" data-end=\"4120\">Manzana \u00c1cida<\/p>\n<\/li>\n<li data-start=\"4121\" data-end=\"4136\">\n<p data-start=\"4124\" data-end=\"4136\">Menta Miami<\/p>\n<\/li>\n<li data-start=\"4137\" data-end=\"4151\">\n<p data-start=\"4140\" data-end=\"4151\">Hielo de Uva<\/p>\n<\/li>\n<li data-start=\"4152\" data-end=\"4165\">\n<p data-start=\"4155\" data-end=\"4165\">Hielo Exuberante<\/p>\n<\/li>\n<li data-start=\"4166\" data-end=\"4195\">\n<p data-start=\"4170\" data-end=\"4195\">Fruta Kiwi Drag\u00f3n Baya<\/p>\n<\/li>\n<li data-start=\"4196\" data-end=\"4217\">\n<p data-start=\"4200\" data-end=\"4217\">Fresa Kiwi<\/p>\n<\/li>\n<li data-start=\"4218\" data-end=\"4238\">\n<p data-start=\"4222\" data-end=\"4238\">Hielo de fresa<\/p>\n<\/li>\n<\/ol>\n<figure id=\"attachment_4721\" aria-describedby=\"caption-attachment-4721\" style=\"width: 300px\" class=\"wp-caption alignnone\"><img decoding=\"async\" class=\"size-medium wp-image-4721\" src=\"https:\/\/vapestornado.com\/wp-content\/uploads\/2025\/12\/Okso-50K-50000-Puffs-Disposable-Vape-Popular-Flavor-300x300.webp\" alt=\"Vape desechable OKSO 50K 50000 Puffs sabor popular\" width=\"300\" height=\"300\" srcset=\"https:\/\/vapestornado.com\/wp-content\/uploads\/2025\/12\/Okso-50K-50000-Puffs-Disposable-Vape-Popular-Flavor-300x300.webp 300w, https:\/\/vapestornado.com\/wp-content\/uploads\/2025\/12\/Okso-50K-50000-Puffs-Disposable-Vape-Popular-Flavor-150x150.webp 150w, https:\/\/vapestornado.com\/wp-content\/uploads\/2025\/12\/Okso-50K-50000-Puffs-Disposable-Vape-Popular-Flavor-768x768.webp 768w, https:\/\/vapestornado.com\/wp-content\/uploads\/2025\/12\/Okso-50K-50000-Puffs-Disposable-Vape-Popular-Flavor-12x12.webp 12w, https:\/\/vapestornado.com\/wp-content\/uploads\/2025\/12\/Okso-50K-50000-Puffs-Disposable-Vape-Popular-Flavor-600x600.webp 600w, https:\/\/vapestornado.com\/wp-content\/uploads\/2025\/12\/Okso-50K-50000-Puffs-Disposable-Vape-Popular-Flavor-100x100.webp 100w, https:\/\/vapestornado.com\/wp-content\/uploads\/2025\/12\/Okso-50K-50000-Puffs-Disposable-Vape-Popular-Flavor.webp 800w\" sizes=\"(max-width: 300px) 100vw, 300px\" \/><figcaption id=\"caption-attachment-4721\" class=\"wp-caption-text\">Vape desechable OKSO 50K 50000 Puffs sabor popular<\/figcaption><\/figure>\n<div class=\"flex-shrink-0 flex flex-col relative items-end\">\n<div class=\"pt-0\">\n<div class=\"gizmo-bot-avatar flex h-8 w-8 items-center justify-center overflow-hidden rounded-full\">\n<div class=\"relative p-1 rounded-sm flex items-center justify-center bg-token-main-surface-primary text-token-text-primary h-8 w-8\">\n<h2 data-start=\"1200\" data-end=\"1487\">Vapes Tornado \u2013 Tu tienda mayorista en l\u00ednea de vapeo con las mejores marcas<\/h2>\n<p data-start=\"1200\" data-end=\"1487\"><strong data-start=\"141\" data-end=\"177\">Tienda de vapores en l\u00ednea Tornado Vape<\/strong> es tu fuente confiable para <strong data-start=\"205\" data-end=\"270\">vaporizadores desechables premium y cigarrillos electr\u00f3nicos al por mayor en Europa<\/strong>. Contamos con marcas l\u00edderes en ventas como <strong data-start=\"307\" data-end=\"362\"><a href=\"https:\/\/vapestornado.com\/es\/product\/randm-12000-puffs-fumot-digital-disposable-vape-wholesale-price\/\">Fumot VAPE<\/a>, <a href=\"https:\/\/vapestornado.com\/es\/product\/original-wga-ultra-35k-35000-puff-rechargeable-crystal-disposable-nicotine-vape-best-discount-price\/\">WGA VAPE<\/a>, <\/strong><strong data-start=\"307\" data-end=\"362\"><a href=\"https:\/\/vapestornado.com\/es\/product\/vozol-gear-shisha-25k-25000-puffs-best-dtl-disposable-vape-hookah-cheap-price\/\">VOZOL BAR VAPE<\/a>, \u00a0 Bang Vape<\/strong>, y m\u00e1s, asegurando calidad y variedad para cada cliente. Ya seas un vaporizador individual o un comprador mayorista, entregamos <strong data-start=\"481\" data-end=\"550\">dispositivos de alto rendimiento, dise\u00f1os elegantes y precios competitivos<\/strong> para satisfacer tus necesidades.<\/p>\n<h2 data-start=\"2064\" data-end=\"2115\">Preguntas frecuentes sobre el vape desechable OKSO 50000 Puff 50K<\/h2>\n<p data-start=\"4515\" data-end=\"4726\"><strong data-start=\"4515\" data-end=\"4578\">1) \u00bfPor qu\u00e9 este dispositivo indica 50,000 puffs y 30,000 puffs?<\/strong><br data-start=\"4578\" data-end=\"4581\" \/>Porque tiene dos modos: <strong data-start=\"4607\" data-end=\"4639\">Modo Norm up to 50.000 caladas<\/strong> y el <strong data-start=\"4644\" data-end=\"4677\">Modo Boost hasta 30.000 caladas<\/strong>, con diferentes intensidades y tasas de consumo.<\/p>\n<p data-start=\"4728\" data-end=\"4886\"><strong data-start=\"4728\" data-end=\"4776\">2) \u00bfQu\u00e9 cambia Vape Airflow Adjustable?<\/strong><br data-start=\"4776\" data-end=\"4779\" \/>Cambia la resistencia al tiro y la sensaci\u00f3n de vapor\u2014m\u00e1s ajustado para una inhalaci\u00f3n m\u00e1s enfocada, m\u00e1s abierto para un flujo de aire m\u00e1s suave.<\/p>\n<p data-start=\"4888\" data-end=\"5039\"><strong data-start=\"4888\" data-end=\"4943\">3) \u00bfCu\u00e1l es el prop\u00f3sito de una Bobina de Malla Dual (1.0+1.0\u03a9)?<\/strong><br data-start=\"4943\" data-end=\"4946\" \/>Soporta un calentamiento m\u00e1s uniforme, ayudando a mantener el sabor y la salida de vapor m\u00e1s estables durante un uso prolongado.<\/p>\n<p data-start=\"5041\" data-end=\"5217\"><strong data-start=\"5041\" data-end=\"5077\">4) \u00bfEs este un kit de pod recargable?<\/strong><br data-start=\"5077\" data-end=\"5080\" \/>Se presenta como un Kit Switch desechable con <strong data-start=\"5127\" data-end=\"5135\">20ml<\/strong> l\u00edquido electr\u00f3nico; rellenar y reemplazar la bobina no est\u00e1n descritos en las especificaciones proporcionadas.<\/p>\n<p data-start=\"5219\" data-end=\"5340\"><strong data-start=\"5219\" data-end=\"5265\">5) \u00bfQu\u00e9 niveles de nicotina est\u00e1n disponibles?<\/strong><br data-start=\"5265\" data-end=\"5268\" \/>Se listan opciones 0%, 2%, 3% y 5%, dependiendo de la disponibilidad en el mercado.<\/p>\n<\/div>\n<\/div>\n<\/div>\n<\/div>","protected":false},"excerpt":{"rendered":"<p data-start=\"3411\" data-end=\"3490\">El <strong data-start=\"5381\" data-end=\"5398\">OKSO 50K Puff<\/strong> (<strong data-start=\"5400\" data-end=\"5420\">OKSO 50000 Puffs<\/strong>) es un vape desechable <strong data-start=\"5438\" data-end=\"5452\">Kit Switch<\/strong> dise\u00f1ado para adultos que quieren opci\u00f3n: <strong data-start=\"5487\" data-end=\"5500\">modo Norm<\/strong> para mayor duraci\u00f3n y <strong data-start=\"5524\" data-end=\"5538\">Modo Inteligente<\/strong> para sesiones m\u00e1s fuertes. Con <strong data-start=\"5567\" data-end=\"5594\">Ajuste de flujo de aire de vapeo ajustable<\/strong> afinaci\u00f3n, un <strong data-start=\"5605\" data-end=\"5632\">Bobina de malla doble 1.0+1.0\u03a9<\/strong>, <strong data-start=\"5634\" data-end=\"5651\">20 ml de e-l\u00edquido<\/strong>, y una <strong data-start=\"5660\" data-end=\"5675\">pantalla LED<\/strong>, ofrece un rendimiento controlado a un precio bajo en el <strong data-start=\"5734\" data-end=\"5746\">puff 50k<\/strong> categor\u00eda.<\/p>\n<p><strong>\u00a1A\u00f1ade el WhatsApp de Amy para obtener una respuesta correcta y un precio con descuento!<\/strong><\/p>\n<p><img fetchpriority=\"high\" decoding=\"async\" class=\"size-full wp-image-2932\" src=\"https:\/\/vapestornado.com\/wp-content\/uploads\/2024\/12\/Vape-Wholesale.jpg\" alt=\"Vape al por mayor\" width=\"229\" height=\"300\" \/><\/p>\n<h3><a href=\"https:\/\/wa.me\/8617776015835\"><span style=\"color: #ff0000;\"><strong>WhatsApp: +86 17776015835<\/strong><\/span><\/a><\/h3>","protected":false},"featured_media":4718,"comment_status":"open","ping_status":"closed","template":"","meta":{"_acf_changed":false,"_uag_custom_page_level_css":"","_lmt_disableupdate":"no","_lmt_disable":"","_monsterinsights_skip_tracking":false,"_monsterinsights_sitenote_active":false,"_monsterinsights_sitenote_note":"","_monsterinsights_sitenote_category":0,"site-sidebar-layout":"default","site-content-layout":"","ast-site-content-layout":"default","site-content-style":"default","site-sidebar-style":"default","ast-global-header-display":"","ast-banner-title-visibility":"","ast-main-header-display":"","ast-hfb-above-header-display":"","ast-hfb-below-header-display":"","ast-hfb-mobile-header-display":"","site-post-title":"","ast-breadcrumbs-content":"","ast-featured-img":"","footer-sml-layout":"","ast-disable-related-posts":"","theme-transparent-header-meta":"default","adv-header-id-meta":"","stick-header-meta":"","header-above-stick-meta":"","header-main-stick-meta":"","header-below-stick-meta":"","astra-migrate-meta-layouts":"set","ast-page-background-enabled":"default","ast-page-background-meta":{"desktop":{"background-color":"","background-image":"","background-repeat":"repeat","background-position":"center center","background-size":"auto","background-attachment":"scroll","background-type":"","background-media":"","overlay-type":"","overlay-color":"","overlay-opacity":"","overlay-gradient":""},"tablet":{"background-color":"","background-image":"","background-repeat":"repeat","background-position":"center center","background-size":"auto","background-attachment":"scroll","background-type":"","background-media":"","overlay-type":"","overlay-color":"","overlay-opacity":"","overlay-gradient":""},"mobile":{"background-color":"","background-image":"","background-repeat":"repeat","background-position":"center center","background-size":"auto","background-attachment":"scroll","background-type":"","background-media":"","overlay-type":"","overlay-color":"","overlay-opacity":"","overlay-gradient":""}},"ast-content-background-meta":{"desktop":{"background-color":"var(--ast-global-color-5)","background-image":"","background-repeat":"repeat","background-position":"center center","background-size":"auto","background-attachment":"scroll","background-type":"","background-media":"","overlay-type":"","overlay-color":"","overlay-opacity":"","overlay-gradient":""},"tablet":{"background-color":"var(--ast-global-color-5)","background-image":"","background-repeat":"repeat","background-position":"center center","background-size":"auto","background-attachment":"scroll","background-type":"","background-media":"","overlay-type":"","overlay-color":"","overlay-opacity":"","overlay-gradient":""},"mobile":{"background-color":"var(--ast-global-color-5)","background-image":"","background-repeat":"repeat","background-position":"center center","background-size":"auto","background-attachment":"scroll","background-type":"","background-media":"","overlay-type":"","overlay-color":"","overlay-opacity":"","overlay-gradient":""}},"_joinchat":[]},"product_brand":[],"product_cat":[192,153,156,157,158,142,144,146,60],"product_tag":[387,287,503,506,507,508,393,509],"class_list":{"0":"post-4731","1":"product","2":"type-product","3":"status-publish","4":"has-post-thumbnail","6":"product_cat-50000-puff","7":"product_cat-buy-disposable-vapes-in-italy","8":"product_cat-buy-disposable-vapes-in-poland","9":"product_cat-buy-disposable-vapes-in-portugal","10":"product_cat-buy-disposable-vapes-in-spain","11":"product_cat-digital-box-disposable-vapes","12":"product_cat-low-nicotine-disposable-vapes","13":"product_cat-rechargeable-disposable-vapes","14":"product_cat-waspe-fihp-vape","15":"product_tag-cigarette-vapor","16":"product_tag-disposable-vape-pen","17":"product_tag-multi-flavor-disposable-vape","18":"product_tag-okso-50000-puff","19":"product_tag-okso-switch-kit-50k","20":"product_tag-vape-airflow-adjustable","21":"product_tag-vape-cartridge","22":"product_tag-vape-low-price","23":"desktop-align-left","24":"tablet-align-left","25":"mobile-align-left","27":"first","28":"instock","29":"sale","30":"shipping-taxable","31":"purchasable","32":"product-type-simple"},"acf":[],"uagb_featured_image_src":{"full":["https:\/\/vapestornado.com\/wp-content\/uploads\/2025\/12\/Okso-50K-50000-Puffs-Disposable-Vape-Best-Flavor.webp",800,800,false],"thumbnail":["https:\/\/vapestornado.com\/wp-content\/uploads\/2025\/12\/Okso-50K-50000-Puffs-Disposable-Vape-Best-Flavor-150x150.webp",150,150,true],"medium":["https:\/\/vapestornado.com\/wp-content\/uploads\/2025\/12\/Okso-50K-50000-Puffs-Disposable-Vape-Best-Flavor-300x300.webp",300,300,true],"medium_large":["https:\/\/vapestornado.com\/wp-content\/uploads\/2025\/12\/Okso-50K-50000-Puffs-Disposable-Vape-Best-Flavor-768x768.webp",768,768,true],"large":["https:\/\/vapestornado.com\/wp-content\/uploads\/2025\/12\/Okso-50K-50000-Puffs-Disposable-Vape-Best-Flavor.webp",800,800,false],"1536x1536":["https:\/\/vapestornado.com\/wp-content\/uploads\/2025\/12\/Okso-50K-50000-Puffs-Disposable-Vape-Best-Flavor.webp",800,800,false],"2048x2048":["https:\/\/vapestornado.com\/wp-content\/uploads\/2025\/12\/Okso-50K-50000-Puffs-Disposable-Vape-Best-Flavor.webp",800,800,false],"trp-custom-language-flag":["https:\/\/vapestornado.com\/wp-content\/uploads\/2025\/12\/Okso-50K-50000-Puffs-Disposable-Vape-Best-Flavor-12x12.webp",12,12,true],"woocommerce_thumbnail":["https:\/\/vapestornado.com\/wp-content\/uploads\/2025\/12\/Okso-50K-50000-Puffs-Disposable-Vape-Best-Flavor-300x300.webp",300,300,true],"woocommerce_single":["https:\/\/vapestornado.com\/wp-content\/uploads\/2025\/12\/Okso-50K-50000-Puffs-Disposable-Vape-Best-Flavor-600x600.webp",600,600,true],"woocommerce_gallery_thumbnail":["https:\/\/vapestornado.com\/wp-content\/uploads\/2025\/12\/Okso-50K-50000-Puffs-Disposable-Vape-Best-Flavor-100x100.webp",100,100,true]},"uagb_author_info":{"display_name":"ESAMY","author_link":"https:\/\/vapestornado.com\/es\/author\/"},"uagb_comment_info":0,"uagb_excerpt":"The OKSO 50K Puff (OKSO 50000 Puffs) is a disposable Switch Kit built for adults who want choice: Norm mode for longer runtime and Boost Mode for stronger sessions. With Vape Airflow Adjustable tuning, a Dual Mesh Coil 1.0+1.0\u03a9, 20ml e-liquid, and an LED display, it delivers controlled performance at a low price in the&hellip;","_links":{"self":[{"href":"https:\/\/vapestornado.com\/es\/wp-json\/wp\/v2\/product\/4731","targetHints":{"allow":["GET"]}}],"collection":[{"href":"https:\/\/vapestornado.com\/es\/wp-json\/wp\/v2\/product"}],"about":[{"href":"https:\/\/vapestornado.com\/es\/wp-json\/wp\/v2\/types\/product"}],"replies":[{"embeddable":true,"href":"https:\/\/vapestornado.com\/es\/wp-json\/wp\/v2\/comments?post=4731"}],"wp:featuredmedia":[{"embeddable":true,"href":"https:\/\/vapestornado.com\/es\/wp-json\/wp\/v2\/media\/4718"}],"wp:attachment":[{"href":"https:\/\/vapestornado.com\/es\/wp-json\/wp\/v2\/media?parent=4731"}],"wp:term":[{"taxonomy":"product_brand","embeddable":true,"href":"https:\/\/vapestornado.com\/es\/wp-json\/wp\/v2\/product_brand?post=4731"},{"taxonomy":"product_cat","embeddable":true,"href":"https:\/\/vapestornado.com\/es\/wp-json\/wp\/v2\/product_cat?post=4731"},{"taxonomy":"product_tag","embeddable":true,"href":"https:\/\/vapestornado.com\/es\/wp-json\/wp\/v2\/product_tag?post=4731"}],"curies":[{"name":"wp","href":"https:\/\/api.w.org\/{rel}","templated":true}]}}