{"id":4702,"date":"2025-12-19T06:49:15","date_gmt":"2025-12-19T06:49:15","guid":{"rendered":"https:\/\/vapestornado.com\/?post_type=product&#038;p=4702"},"modified":"2025-12-22T09:50:48","modified_gmt":"2025-12-22T09:50:48","slug":"okso-120k-120000-puffs-6-in-1-multiple-flavors-screen-digital-display-disposable-vaper","status":"publish","type":"product","link":"https:\/\/vapestornado.com\/es\/product\/okso-120k-120000-puffs-6-in-1-multiple-flavors-screen-digital-display-disposable-vaper\/","title":{"rendered":"OKSO 120k 120000 caladas Vaper desechable 6 en 1 m\u00faltiples sabores Pantalla digital en pantalla"},"content":{"rendered":"<h2 data-pm-slice=\"1 1 []\">OKSO 120k 120000 caladas Vaper desechable 6 en 1 m\u00faltiples sabores Pantalla digital en pantalla<\/h2>\n<p data-start=\"84\" data-end=\"483\">El <strong data-start=\"88\" data-end=\"106\">OKSO 120k Puff<\/strong> (tambi\u00e9n conocido como <strong data-start=\"122\" data-end=\"143\">OKSO 120000 Puff<\/strong>) es una de alta capacidad <strong data-start=\"164\" data-end=\"184\">Vaporizador desechable<\/strong> dise\u00f1ado para usuarios adultos que desean un tiempo de uso prolongado, retroalimentaci\u00f3n clara del dispositivo y flexibilidad de sabor en una unidad s\u00f3lida. Este modelo est\u00e1 construido en torno a un <strong data-start=\"331\" data-end=\"364\">sistema de m\u00faltiples sabores 6 en 1<\/strong>, una <strong data-start=\"368\" data-end=\"387\">pantalla digital<\/strong>, y una disposici\u00f3n interna estructurada que soporta un uso extendido sin depender de promesas vagas.<\/p>\n<p data-start=\"485\" data-end=\"734\">En lugar de centrarse en la apariencia o las tendencias, el OKSO 120k est\u00e1 dise\u00f1ado en funci\u00f3n de c\u00f3mo las personas realmente usan un dispositivo de alto rendimiento a lo largo del tiempo: uso frecuente diario, cambios en las preferencias de sabor y la necesidad de entender qu\u00e9 hace el dispositivo en cada momento.<\/p>\n<h3 data-start=\"741\" data-end=\"772\">\u00bfPor qu\u00e9 este dispositivo de vapeo OKSO 120K est\u00e1 ganando popularidad?<\/h3>\n<p data-start=\"774\" data-end=\"930\">\u00a0Un dispositivo calificado en <strong data-start=\"871\" data-end=\"887\">120000 caladas<\/strong> requiere m\u00e1s que un gran n\u00famero en la caja. Los elementos del vape OKSO 120000 puff trabajan juntos para hacer que el rendimiento sea m\u00e1s predecible, que es la base de la confianza del usuario a largo plazo.<\/p>\n<ul data-start=\"932\" data-end=\"1451\">\n<li data-start=\"932\" data-end=\"1111\">\n<p data-start=\"934\" data-end=\"1111\"><strong data-start=\"934\" data-end=\"977\">Sistema de triple bobina de malla (Bobina de malla \u00d73):<\/strong> m\u00faltiples n\u00facleos de malla ayudan a distribuir el calor de manera m\u00e1s uniforme a medida que se consume el l\u00edquido, lo que soporta una salida de vapor m\u00e1s estable durante un uso prolongado.<\/p>\n<\/li>\n<li data-start=\"1112\" data-end=\"1258\">\n<p data-start=\"1114\" data-end=\"1258\"><strong data-start=\"1114\" data-end=\"1152\">Tres c\u00e1maras de e-l\u00edquido (20ml \u00d73):<\/strong> el volumen de l\u00edquido se divide para soportar una entrega constante en lugar de depender de un solo tanque grande.<\/p>\n<\/li>\n<li data-start=\"1259\" data-end=\"1451\">\n<p data-start=\"1261\" data-end=\"1451\"><strong data-start=\"1261\" data-end=\"1301\">Bater\u00eda de 850mAh con pantalla digital:<\/strong> la capacidad de la bater\u00eda est\u00e1 dise\u00f1ada para el uso diario regular, mientras que el <strong data-start=\"1366\" data-end=\"1385\">Pantalla digital<\/strong> muestra el estado del dispositivo en tiempo real, reduciendo la incertidumbre para el usuario.<\/p>\n<\/li>\n<li data-start=\"1696\" data-end=\"1852\">\n<p data-start=\"1698\" data-end=\"1852\"><strong data-start=\"1698\" data-end=\"1733\">Sistema de sabor ajustable 6 en 1<\/strong> permite a los usuarios cambiar entre opciones de sabor dentro de un mismo dispositivo, ayudando a evitar la fatiga de sabor durante un uso prolongado.<\/p>\n<\/li>\n<li data-start=\"1853\" data-end=\"1964\">\n<p data-start=\"1855\" data-end=\"1964\"><strong data-start=\"1855\" data-end=\"1874\">Pantalla digital<\/strong> proporciona retroalimentaci\u00f3n visible en lugar de depender de suposiciones cuando cambia la intensidad del vapor.<\/p>\n<\/li>\n<li data-start=\"1965\" data-end=\"2065\">\n<p data-start=\"1967\" data-end=\"2065\"><strong data-start=\"1967\" data-end=\"1989\">Alta capacidad de caladas<\/strong> reduce la frecuencia con la que se necesita reemplazar, lo cual es importante para usuarios habituales.<\/p>\n<\/li>\n<\/ul>\n<p>Para minoristas y distribuidores, estos mismos puntos hacen que el dispositivo sea m\u00e1s f\u00e1cil de explicar, m\u00e1s f\u00e1cil de soportar y adecuado para <strong data-start=\"2188\" data-end=\"2210\">Proveedor Mayorista<\/strong> canales que compiten en <strong data-start=\"2236\" data-end=\"2251\">Precio Barato<\/strong> sin sacrificar la credibilidad.<\/p>\n<p><strong><span style=\"color: #ff0000;\">\u00a1A\u00f1ade el whatsapp de Amy para obtener una respuesta inmediata y cup\u00f3n para vaper!<\/span><\/strong><\/p>\n<p><img fetchpriority=\"high\" decoding=\"async\" class=\"size-full wp-image-2932\" src=\"https:\/\/vapestornado.com\/wp-content\/uploads\/2024\/12\/Vape-Wholesale.jpg\" alt=\"Vape al por mayor\" width=\"229\" height=\"300\" \/><\/p>\n<h3><a href=\"https:\/\/wa.me\/8617776015835\" target=\"_blank\" rel=\"noopener\"><span style=\"color: #ff0000;\"><strong>WhatsApp: +86 17776015835<\/strong><\/span><\/a><\/h3>\n<p>&nbsp;<\/p>\n<h2><strong>Caracter\u00edsticas del producto OKSO 120k 120000 caladas<\/strong><\/h2>\n<table>\n<thead>\n<tr>\n<th>Caracter\u00edstica<\/th>\n<th>facilita tenerlo a mano cuando est\u00e1s fuera. Est\u00e1 dise\u00f1ado para uso diario sin sentirse voluminoso. Las opciones de concentraci\u00f3n de nicotina incluyen<\/th>\n<th>Descripci\u00f3n<\/th>\n<\/tr>\n<\/thead>\n<tbody>\n<tr>\n<td>Marca<\/td>\n<td>OKSO<\/td>\n<td>Marca de vape establecida enfocada en dispositivos desechables de alta capacidad.<\/td>\n<\/tr>\n<tr>\n<td>Capacidad de caladas<\/td>\n<td>Hasta 120000 caladas<\/td>\n<td>Dise\u00f1ado para uso prolongado; el recuento real de caladas var\u00eda seg\u00fan la longitud de la inhalaci\u00f3n y los h\u00e1bitos de uso.<\/td>\n<\/tr>\n<tr>\n<td>Estructura de la bobina<\/td>\n<td>Bobina de malla \u00d73<\/td>\n<td>M\u00faltiples n\u00facleos de malla ayudan a distribuir el calor de manera uniforme para una salida de vapor m\u00e1s estable con el tiempo.<\/td>\n<\/tr>\n<tr>\n<td>Capacidad de e-l\u00edquido<\/td>\n<td>20ml \u00d73<\/td>\n<td>C\u00e1maras de l\u00edquido divididas que soportan una entrega constante durante ciclos de uso prolongados.<\/td>\n<\/tr>\n<tr>\n<td>Opciones de nicotina<\/td>\n<td>2% \/ 5%<\/td>\n<td>Dos opciones de intensidad para adaptarse a diferentes preferencias de adultos (depende del mercado).<\/td>\n<\/tr>\n<tr>\n<td>Capacidad de Bater\u00eda<\/td>\n<td>850mAh<\/td>\n<td>Soporta uso diario regular y una salida estable durante sesiones prolongadas.<\/td>\n<\/tr>\n<tr>\n<td>Pantalla<\/td>\n<td>Pantalla digital<\/td>\n<td>Muestra claramente el estado del dispositivo, reduciendo la incertidumbre durante el uso.<\/td>\n<\/tr>\n<tr>\n<td>Sistema de sabor<\/td>\n<td>Sabor ajustable 6 en 1<\/td>\n<td>Permite cambiar entre m\u00faltiples combinaciones de sabores dentro de un solo dispositivo.<\/td>\n<\/tr>\n<tr>\n<td>Peso del producto<\/td>\n<td>166g<\/td>\n<td>Construcci\u00f3n s\u00f3lida dise\u00f1ada para uso de alta capacidad.<\/td>\n<\/tr>\n<tr>\n<td>Tama\u00f1o del producto<\/td>\n<td>51 \u00d7 51 \u00d7 131mm<\/td>\n<td>Compacto para su capacidad, mientras acomoda la estructura interna.<\/td>\n<\/tr>\n<\/tbody>\n<\/table>\n<figure id=\"attachment_4705\" aria-describedby=\"caption-attachment-4705\" style=\"width: 300px\" class=\"wp-caption alignnone\"><img decoding=\"async\" class=\"size-medium wp-image-4705\" src=\"https:\/\/vapestornado.com\/wp-content\/uploads\/2025\/12\/OKSO-120K-120000-Puff-Disposable-Vape-POD-300x300.webp\" alt=\"OKSO 120K Vape desechable de 120000 caladas POD\" width=\"300\" height=\"300\" srcset=\"https:\/\/vapestornado.com\/wp-content\/uploads\/2025\/12\/OKSO-120K-120000-Puff-Disposable-Vape-POD-300x300.webp 300w, https:\/\/vapestornado.com\/wp-content\/uploads\/2025\/12\/OKSO-120K-120000-Puff-Disposable-Vape-POD-150x150.webp 150w, https:\/\/vapestornado.com\/wp-content\/uploads\/2025\/12\/OKSO-120K-120000-Puff-Disposable-Vape-POD-768x768.webp 768w, https:\/\/vapestornado.com\/wp-content\/uploads\/2025\/12\/OKSO-120K-120000-Puff-Disposable-Vape-POD-12x12.webp 12w, https:\/\/vapestornado.com\/wp-content\/uploads\/2025\/12\/OKSO-120K-120000-Puff-Disposable-Vape-POD-600x600.webp 600w, https:\/\/vapestornado.com\/wp-content\/uploads\/2025\/12\/OKSO-120K-120000-Puff-Disposable-Vape-POD-100x100.webp 100w, https:\/\/vapestornado.com\/wp-content\/uploads\/2025\/12\/OKSO-120K-120000-Puff-Disposable-Vape-POD.webp 800w\" sizes=\"(max-width: 300px) 100vw, 300px\" \/><figcaption id=\"caption-attachment-4705\" class=\"wp-caption-text\">OKSO 120K Vape desechable de 120000 caladas POD<\/figcaption><\/figure>\n<h2 class=\"product-title\"><strong>OKSO 120k 120000 Lista de Sabores Puff Puff<\/strong><\/h2>\n<p data-start=\"2550\" data-end=\"2736\">Cada dispositivo OKSO 120k incluye <strong data-start=\"4483\" data-end=\"4502\">10 conjuntos de sabores<\/strong>, y cada conjunto contiene <strong data-start=\"4526\" data-end=\"4545\">3 sabores base<\/strong> y 3 sabores combinados que pueden usarse individualmente o como combinaciones emparejadas. Esta estructura permite cambiar de sabor sin cambiar de dispositivo y cubre perfiles de fruta, hielo, caramelo, bebida y mezclados, com\u00fanmente preferidos en los mercados europeos.<\/p>\n<p data-start=\"238\" data-end=\"252\">1. Fresa Hielo \/ Hielo Lush \/ Mamba<br data-start=\"290\" data-end=\"293\" \/>Fresa Hielo + Hielo Lush \/ Mamba + Fresa Hielo \/ Hielo Lush + Mamba<\/p>\n<p data-start=\"369\" data-end=\"383\">2. Osito de Gominola de Fresa \/ Pi\u00f1a Hielo \/ Limonada Blue Razz<br data-start=\"446\" data-end=\"449\" \/>Osito de Gominola de Fresa + Pi\u00f1a Hielo \/ Osito de Gominola de Fresa + Limonada Blue Razz \/ Limonada Blue Razz + Pi\u00f1a Hielo<\/p>\n<p data-start=\"575\" data-end=\"589\">3. Blue Razz \/ Lim\u00f3n Lima \/ Hielo de Cereza<br data-start=\"629\" data-end=\"632\" \/>Blue Razz + Hielo de Cereza \/ Blue Razz + Lim\u00f3n Lima \/ Lim\u00f3n Lima + Hielo de Cereza<\/p>\n<p data-start=\"712\" data-end=\"726\">4. Kiwi Fruta de la Pasi\u00f3n Guayaba \/ Fruta del Drag\u00f3n Hielo \/ Hielo de Ar\u00e1ndano<br data-start=\"790\" data-end=\"793\" \/>Kiwi Fruta de la Pasi\u00f3n Guayaba + Hielo de Ar\u00e1ndano \/ Kiwi Fruta de la Pasi\u00f3n Guayaba + Fruta del Drag\u00f3n Hielo \/ Fruta del Drag\u00f3n Hielo + Hielo de Ar\u00e1ndano<\/p>\n<p data-start=\"921\" data-end=\"935\">5. Dos Manzanas \/ Fanta \/ Red Bull<br data-start=\"968\" data-end=\"971\" \/>Dos Manzanas + Red Bull \/ Dos Manzanas + Fanta \/ Fanta + Red Bull<\/p>\n<p data-start=\"1037\" data-end=\"1051\">6. Naranja Manzana \u00c1cida \/ Grosella Negra \/ Hielo de Uva<br data-start=\"1101\" data-end=\"1104\" \/>Naranja Manzana \u00c1cida + Hielo de Uva \/ Naranja Manzana \u00c1cida + Grosella Negra \/ Grosella Negra + Hielo de Uva<\/p>\n<p data-start=\"1204\" data-end=\"1218\">7. Fresa Sand\u00eda \/ Mango Hielo \/ Hielo de Durazno<br data-start=\"1268\" data-end=\"1271\" \/>Fresa Sand\u00eda + Hielo de Durazno \/ Fresa Sand\u00eda + Mango Hielo \/ Mango Hielo + Hielo de Durazno<\/p>\n<p data-start=\"1371\" data-end=\"1385\">8. Fresa Frambuesa \/ Kiwi \/ Mango de Fresa<br data-start=\"1442\" data-end=\"1445\" \/>Frambuesa de Fresa + Mango de Fresa \/ Frambuesa de Fresa + Kiwi \/ Kiwi + Mango de Fresa<\/p>\n<p data-start=\"1559\" data-end=\"1573\">9. Kiwi de Fresa \/ Menta Refrescante \/ Hielo de Ar\u00e1ndano y Durazno<br data-start=\"1627\" data-end=\"1630\" \/>Kiwi de Fresa + Hielo de Ar\u00e1ndano y Durazno \/ Kiwi de Fresa + Menta Refrescante \/ Menta Refrescante + Hielo de Ar\u00e1ndano y Durazno<\/p>\n<p data-start=\"1738\" data-end=\"1753\">10. Peras y Manzanas \/ Frutas Mixtas \/ Fresa con Granada<br data-start=\"1810\" data-end=\"1813\" \/>Peras y Manzanas + Fresa con Granada \/ Peras y Manzanas + Frutas Mixtas \/ Frutas Mixtas + Peras y Manzanas<\/p>\n<div class=\"flex-shrink-0 flex flex-col relative items-end\">\n<div class=\"pt-0\">\n<div class=\"gizmo-bot-avatar flex h-8 w-8 items-center justify-center overflow-hidden rounded-full\">\n<div class=\"relative p-1 rounded-sm flex items-center justify-center bg-token-main-surface-primary text-token-text-primary h-8 w-8\">\n<h2 data-start=\"1200\" data-end=\"1487\">Vapes Tornado \u2013 Tu tienda mayorista en l\u00ednea de vapeo con las mejores marcas<\/h2>\n<p data-start=\"1200\" data-end=\"1487\"><strong data-start=\"141\" data-end=\"177\">Tienda de vapores en l\u00ednea Tornado Vape<\/strong> es tu fuente confiable para <strong data-start=\"205\" data-end=\"270\">vaporizadores desechables premium y cigarrillos electr\u00f3nicos al por mayor en Europa<\/strong>. Contamos con marcas l\u00edderes en ventas como <strong data-start=\"307\" data-end=\"362\"><a href=\"https:\/\/vapestornado.com\/es\/product\/randm-12000-puffs-fumot-digital-disposable-vape-wholesale-price\/\">Fumot VAPE<\/a>, <a href=\"https:\/\/vapestornado.com\/es\/product\/original-wga-ultra-35k-35000-puff-rechargeable-crystal-disposable-nicotine-vape-best-discount-price\/\">WGA VAPE<\/a>, <\/strong><strong data-start=\"307\" data-end=\"362\"><a href=\"https:\/\/vapestornado.com\/es\/product\/vozol-gear-shisha-25k-25000-puffs-best-dtl-disposable-vape-hookah-cheap-price\/\">VOZOL BAR VAPE<\/a>, \u00a0 Bang Vape<\/strong>, y m\u00e1s, asegurando calidad y variedad para cada cliente. Ya seas un vaporizador individual o un comprador mayorista, entregamos <strong data-start=\"481\" data-end=\"550\">dispositivos de alto rendimiento, dise\u00f1os elegantes y precios competitivos<\/strong> para satisfacer tus necesidades.<\/p>\n<h2 data-start=\"2064\" data-end=\"2115\">Preguntas frecuentes sobre OKSO 120k 120000 Puff Vape desechable<\/h2>\n<p data-start=\"5010\" data-end=\"5178\"><strong data-start=\"5010\" data-end=\"5059\">1) \u00bfEst\u00e1 garantizado que cada usuario tenga 120000 caladas?<\/strong><br data-start=\"5059\" data-end=\"5062\" \/>No. La cantidad de caladas depende de la longitud de la inhalaci\u00f3n, la frecuencia y el estilo de uso individual. Representa un objetivo de dise\u00f1o m\u00e1ximo.<\/p>\n<p data-start=\"5180\" data-end=\"5363\"><strong data-start=\"5180\" data-end=\"5227\">2) \u00bfQu\u00e9 significa sabor ajustable 6 en 1?<\/strong><br data-start=\"5227\" data-end=\"5230\" \/>Significa que un dispositivo permite cambiar entre m\u00faltiples opciones y combinaciones de sabores, ayudando a reducir la fatiga de sabores durante un uso prolongado.<\/p>\n<p data-start=\"5365\" data-end=\"5536\"><strong data-start=\"5365\" data-end=\"5414\">3) \u00bfPor qu\u00e9 este dispositivo usa tres bobinas de malla?<\/strong><br data-start=\"5414\" data-end=\"5417\" \/>El uso de m\u00faltiples bobinas de malla ayuda a distribuir el calor de manera m\u00e1s uniforme, apoyando una salida de vapor constante durante un uso prolongado.<\/p>\n<p data-start=\"5538\" data-end=\"5709\"><strong data-start=\"5538\" data-end=\"5592\">4) \u00bfQu\u00e9 informaci\u00f3n muestra la Pantalla Digital?<\/strong><br data-start=\"5592\" data-end=\"5595\" \/>La pantalla proporciona un estado visible del dispositivo para que los usuarios puedan entender mejor los cambios en el rendimiento en lugar de adivinar.<\/p>\n<p data-start=\"5711\" data-end=\"5913\"><strong data-start=\"5711\" data-end=\"5766\">5) \u00bfEs este producto adecuado para compras al por mayor?<\/strong><br data-start=\"5766\" data-end=\"5769\" \/>S\u00ed. El conjunto de caracter\u00edsticas, el dise\u00f1o de rendimiento estable y la estructura de precios lo hacen adecuado para <strong data-start=\"5861\" data-end=\"5883\">Proveedor Mayorista<\/strong> distribuci\u00f3n y pedidos en volumen.<\/p>\n<p data-start=\"5915\" data-end=\"6067\" data-is-last-node=\"\" data-is-only-node=\"\">Si quieres, tambi\u00e9n puedo preparar un <strong data-start=\"5949\" data-end=\"5974\">listado B2B abreviado<\/strong>, una <strong data-start=\"5978\" data-end=\"6007\">hoja t\u00e9cnica solo de especificaciones<\/strong>, o una <strong data-start=\"6014\" data-end=\"6041\">versi\u00f3n espec\u00edfica para el mercado<\/strong> para diferentes regiones de la UE.<\/p>\n<\/div>\n<\/div>\n<\/div>\n<\/div>","protected":false},"excerpt":{"rendered":"<p data-start=\"3411\" data-end=\"3490\">El <strong data-start=\"35\" data-end=\"53\">OKSO 120k Puff<\/strong> es un dispositivo de alta capacidad <strong data-start=\"73\" data-end=\"93\">Vaporizador desechable<\/strong> entregando hasta <strong data-start=\"111\" data-end=\"127\">120000 caladas<\/strong> m\u00e1s demandados, con una <strong data-start=\"135\" data-end=\"161\">6 en 1 con m\u00faltiples sabores<\/strong> sistema ajustable. Cuenta con un <strong data-start=\"195\" data-end=\"214\">pantalla digital<\/strong>, <strong data-start=\"216\" data-end=\"237\">resistencias de malla triple<\/strong>, <strong data-start=\"239\" data-end=\"269\">capacidad de e-l\u00edquido de 20ml \u00d7 3<\/strong>, y una <strong data-start=\"278\" data-end=\"296\">La bater\u00eda de 850mAh<\/strong> para un rendimiento estable y a largo plazo. Dise\u00f1ado para usuarios adultos y suministro mayorista, el <strong data-start=\"383\" data-end=\"427\">Vape desechable OKSO 120000 Puff<\/strong>\u00a0ofrece control pr\u00e1ctico del sabor en un <strong data-start=\"466\" data-end=\"481\">precio econ\u00f3mico<\/strong>, con la opci\u00f3n de <strong data-start=\"502\" data-end=\"516\">comprar en l\u00ednea<\/strong> de un proveedor mayorista confiable.<\/p>\n<p><strong>\u00a1A\u00f1ade el WhatsApp de Amy para obtener una respuesta correcta y un precio con descuento!<\/strong><\/p>\n<p><img fetchpriority=\"high\" decoding=\"async\" class=\"size-full wp-image-2932\" src=\"https:\/\/vapestornado.com\/wp-content\/uploads\/2024\/12\/Vape-Wholesale.jpg\" alt=\"Vape al por mayor\" width=\"229\" height=\"300\" \/><\/p>\n<h3><a href=\"https:\/\/wa.me\/8617776015835\"><span style=\"color: #ff0000;\"><strong>WhatsApp: +86 17776015835<\/strong><\/span><\/a><\/h3>","protected":false},"featured_media":4707,"comment_status":"open","ping_status":"closed","template":"","meta":{"_acf_changed":false,"_uag_custom_page_level_css":"","_lmt_disableupdate":"no","_lmt_disable":"","_monsterinsights_skip_tracking":false,"_monsterinsights_sitenote_active":false,"_monsterinsights_sitenote_note":"","_monsterinsights_sitenote_category":0,"site-sidebar-layout":"default","site-content-layout":"","ast-site-content-layout":"default","site-content-style":"default","site-sidebar-style":"default","ast-global-header-display":"","ast-banner-title-visibility":"","ast-main-header-display":"","ast-hfb-above-header-display":"","ast-hfb-below-header-display":"","ast-hfb-mobile-header-display":"","site-post-title":"","ast-breadcrumbs-content":"","ast-featured-img":"","footer-sml-layout":"","ast-disable-related-posts":"","theme-transparent-header-meta":"default","adv-header-id-meta":"","stick-header-meta":"","header-above-stick-meta":"","header-main-stick-meta":"","header-below-stick-meta":"","astra-migrate-meta-layouts":"set","ast-page-background-enabled":"default","ast-page-background-meta":{"desktop":{"background-color":"","background-image":"","background-repeat":"repeat","background-position":"center center","background-size":"auto","background-attachment":"scroll","background-type":"","background-media":"","overlay-type":"","overlay-color":"","overlay-opacity":"","overlay-gradient":""},"tablet":{"background-color":"","background-image":"","background-repeat":"repeat","background-position":"center center","background-size":"auto","background-attachment":"scroll","background-type":"","background-media":"","overlay-type":"","overlay-color":"","overlay-opacity":"","overlay-gradient":""},"mobile":{"background-color":"","background-image":"","background-repeat":"repeat","background-position":"center center","background-size":"auto","background-attachment":"scroll","background-type":"","background-media":"","overlay-type":"","overlay-color":"","overlay-opacity":"","overlay-gradient":""}},"ast-content-background-meta":{"desktop":{"background-color":"var(--ast-global-color-5)","background-image":"","background-repeat":"repeat","background-position":"center center","background-size":"auto","background-attachment":"scroll","background-type":"","background-media":"","overlay-type":"","overlay-color":"","overlay-opacity":"","overlay-gradient":""},"tablet":{"background-color":"var(--ast-global-color-5)","background-image":"","background-repeat":"repeat","background-position":"center center","background-size":"auto","background-attachment":"scroll","background-type":"","background-media":"","overlay-type":"","overlay-color":"","overlay-opacity":"","overlay-gradient":""},"mobile":{"background-color":"var(--ast-global-color-5)","background-image":"","background-repeat":"repeat","background-position":"center center","background-size":"auto","background-attachment":"scroll","background-type":"","background-media":"","overlay-type":"","overlay-color":"","overlay-opacity":"","overlay-gradient":""}},"_joinchat":[]},"product_brand":[],"product_cat":[347,153,158,142,144,146,60],"product_tag":[387,287,503,502,501,393],"class_list":{"0":"post-4702","1":"product","2":"type-product","3":"status-publish","4":"has-post-thumbnail","6":"product_cat-120000-puff","7":"product_cat-buy-disposable-vapes-in-italy","8":"product_cat-buy-disposable-vapes-in-spain","9":"product_cat-digital-box-disposable-vapes","10":"product_cat-low-nicotine-disposable-vapes","11":"product_cat-rechargeable-disposable-vapes","12":"product_cat-waspe-fihp-vape","13":"product_tag-cigarette-vapor","14":"product_tag-disposable-vape-pen","15":"product_tag-multi-flavor-disposable-vape","16":"product_tag-okso-120000-puff","17":"product_tag-okso-120k","18":"product_tag-vape-cartridge","19":"desktop-align-left","20":"tablet-align-left","21":"mobile-align-left","23":"first","24":"instock","25":"sale","26":"shipping-taxable","27":"purchasable","28":"product-type-simple"},"acf":[],"uagb_featured_image_src":{"full":["https:\/\/vapestornado.com\/wp-content\/uploads\/2025\/12\/OKSO-120K-120000-Puff-Disposable-Vaper.webp",800,800,false],"thumbnail":["https:\/\/vapestornado.com\/wp-content\/uploads\/2025\/12\/OKSO-120K-120000-Puff-Disposable-Vaper-150x150.webp",150,150,true],"medium":["https:\/\/vapestornado.com\/wp-content\/uploads\/2025\/12\/OKSO-120K-120000-Puff-Disposable-Vaper-300x300.webp",300,300,true],"medium_large":["https:\/\/vapestornado.com\/wp-content\/uploads\/2025\/12\/OKSO-120K-120000-Puff-Disposable-Vaper-768x768.webp",768,768,true],"large":["https:\/\/vapestornado.com\/wp-content\/uploads\/2025\/12\/OKSO-120K-120000-Puff-Disposable-Vaper.webp",800,800,false],"1536x1536":["https:\/\/vapestornado.com\/wp-content\/uploads\/2025\/12\/OKSO-120K-120000-Puff-Disposable-Vaper.webp",800,800,false],"2048x2048":["https:\/\/vapestornado.com\/wp-content\/uploads\/2025\/12\/OKSO-120K-120000-Puff-Disposable-Vaper.webp",800,800,false],"trp-custom-language-flag":["https:\/\/vapestornado.com\/wp-content\/uploads\/2025\/12\/OKSO-120K-120000-Puff-Disposable-Vaper-12x12.webp",12,12,true],"woocommerce_thumbnail":["https:\/\/vapestornado.com\/wp-content\/uploads\/2025\/12\/OKSO-120K-120000-Puff-Disposable-Vaper-300x300.webp",300,300,true],"woocommerce_single":["https:\/\/vapestornado.com\/wp-content\/uploads\/2025\/12\/OKSO-120K-120000-Puff-Disposable-Vaper-600x600.webp",600,600,true],"woocommerce_gallery_thumbnail":["https:\/\/vapestornado.com\/wp-content\/uploads\/2025\/12\/OKSO-120K-120000-Puff-Disposable-Vaper-100x100.webp",100,100,true]},"uagb_author_info":{"display_name":"ESAMY","author_link":"https:\/\/vapestornado.com\/es\/author\/"},"uagb_comment_info":0,"uagb_excerpt":"The OKSO 120k Puff is a high-capacity Disposable Vaper delivering up to 120000 puffs with a 6 in 1 multiple flavor adjustable system. It features a digital display, triple mesh coils, 20ml \u00d7 3 e-liquid capacity, and an 850mAh battery for stable, long-term performance. Designed for adult users and wholesale supply, the OKSO 120000 Puffs&hellip;","_links":{"self":[{"href":"https:\/\/vapestornado.com\/es\/wp-json\/wp\/v2\/product\/4702","targetHints":{"allow":["GET"]}}],"collection":[{"href":"https:\/\/vapestornado.com\/es\/wp-json\/wp\/v2\/product"}],"about":[{"href":"https:\/\/vapestornado.com\/es\/wp-json\/wp\/v2\/types\/product"}],"replies":[{"embeddable":true,"href":"https:\/\/vapestornado.com\/es\/wp-json\/wp\/v2\/comments?post=4702"}],"wp:featuredmedia":[{"embeddable":true,"href":"https:\/\/vapestornado.com\/es\/wp-json\/wp\/v2\/media\/4707"}],"wp:attachment":[{"href":"https:\/\/vapestornado.com\/es\/wp-json\/wp\/v2\/media?parent=4702"}],"wp:term":[{"taxonomy":"product_brand","embeddable":true,"href":"https:\/\/vapestornado.com\/es\/wp-json\/wp\/v2\/product_brand?post=4702"},{"taxonomy":"product_cat","embeddable":true,"href":"https:\/\/vapestornado.com\/es\/wp-json\/wp\/v2\/product_cat?post=4702"},{"taxonomy":"product_tag","embeddable":true,"href":"https:\/\/vapestornado.com\/es\/wp-json\/wp\/v2\/product_tag?post=4702"}],"curies":[{"name":"wp","href":"https:\/\/api.w.org\/{rel}","templated":true}]}}