{"id":4614,"date":"2025-11-29T06:20:23","date_gmt":"2025-11-29T06:20:23","guid":{"rendered":"https:\/\/vapestornado.com\/?post_type=product&#038;p=4614"},"modified":"2025-11-29T06:33:24","modified_gmt":"2025-11-29T06:33:24","slug":"razz-bar-40000-puff-40k-dual-flavours-disposable-vape-factory-price","status":"publish","type":"product","link":"https:\/\/vapestornado.com\/es\/product\/razz-bar-40000-puff-40k-dual-flavours-disposable-vape-factory-price\/","title":{"rendered":"Razz Bar 40000 Puff 40K Doble Sabores Vape Descartable Precio de F\u00e1brica"},"content":{"rendered":"<h2 data-pm-slice=\"1 1 []\">Razz Bar 40000 Puff Vape Descartable Doble Sabores Precio de Venta al por Mayor<\/h2>\n<p data-start=\"289\" data-end=\"881\">El <strong data-start=\"293\" data-end=\"316\">Razz Bar 40000 Puff<\/strong> est\u00e1 dise\u00f1ado para mayoristas que buscan un dispositivo confiable, de alto volumen, con fuerte demanda y rotaci\u00f3n r\u00e1pida. Este <strong data-start=\"425\" data-end=\"447\">Vape de sabor 2 en 1<\/strong> ofrece dos sabores completos en un solo dispositivo, brindando a los usuarios m\u00e1s opciones y m\u00e1s valor. Con hasta <strong data-start=\"551\" data-end=\"564\">40K inhalaciones<\/strong>, una pantalla clara y una bater\u00eda recargable de 650mAh, el <strong data-start=\"622\" data-end=\"638\">Razz Bar 40K<\/strong> destaca como un vape descartable duradero y de larga duraci\u00f3n <strong data-start=\"677\" data-end=\"708\">de doble sabor<\/strong> ideal para minoristas en la UE que buscan ventas semanales estables. El stock se env\u00eda r\u00e1pidamente desde nuestro <strong data-start=\"794\" data-end=\"815\">Vape Almac\u00e9n UE<\/strong>, asegurando una entrega r\u00e1pida y un suministro constante para sus clientes.<\/p>\n<p data-start=\"883\" data-end=\"1342\">Las bobinas de malla doble avanzadas garantizan una separaci\u00f3n limpia de sabores\u2014cada sabor tiene su propio tanque dedicado, por lo que el sabor se mantiene n\u00edtido y aut\u00e9ntico desde el primer puff hasta el 40,000\u00ba. Un simple giro de interruptor permite a los usuarios cambiar de sabor al instante, haciendo del Razz Bar un favorito para los vaporizadores que desean variedad sin llevar m\u00faltiples dispositivos. Combinado con carga r\u00e1pida Tipo-C y m\u00e1s de 10 combinaciones de frutas variadas, es una opci\u00f3n confiable de alto rendimiento para uso diario.<\/p>\n<p data-start=\"1344\" data-end=\"1558\">Para distribuidores o usuarios particulares que buscan un producto premium <strong data-start=\"1385\" data-end=\"1416\">de doble sabor<\/strong> con demanda comprobada, fuerte rendimiento en sabor y un sistema de pantalla moderno, el <strong data-start=\"1496\" data-end=\"1519\">Razz Bar 40000 Puff<\/strong> es un claro ganador en la categor\u00eda 40K.<\/p>\n<p data-start=\"666\" data-end=\"1235\"><strong style=\"font-size: 16px;\"><span style=\"color: #ff0000;\">\u00a1A\u00f1ade el WhatsApp de Amy para obtener una respuesta correcta y un precio con descuento!<\/span><\/strong><\/p>\n<p><img fetchpriority=\"high\" decoding=\"async\" class=\"size-full wp-image-2932\" src=\"https:\/\/vapestornado.com\/wp-content\/uploads\/2024\/12\/Vape-Wholesale.jpg\" alt=\"Vape al por mayor\" width=\"229\" height=\"300\" \/><\/p>\n<h3><a href=\"https:\/\/wa.me\/8617776015835\" target=\"_blank\" rel=\"noopener\"><span style=\"color: #ff0000;\"><strong>WhatsApp: +86 17776015835<\/strong><\/span><\/a><\/h3>\n<p>&nbsp;<\/p>\n<h2><strong>\u00bfQu\u00e9 sabores est\u00e1n disponibles en los vaporizadores desechables Razz Bar 40000 Puff?<\/strong><\/h2>\n<ol data-start=\"1912\" data-end=\"2668\">\n<li data-start=\"1912\" data-end=\"1938\">\n<p data-start=\"1915\" data-end=\"1938\">Lim\u00f3n Lima \/ Hielo Lush<\/p>\n<\/li>\n<li data-start=\"1939\" data-end=\"1974\">\n<p data-start=\"1942\" data-end=\"1974\">Fresa Hielo \/ Bayas Mixtas<\/p>\n<\/li>\n<li data-start=\"1975\" data-end=\"2028\">\n<p data-start=\"1978\" data-end=\"2028\">Razz Azul Hielo \/ Chicle de Fresa Sand\u00eda<\/p>\n<\/li>\n<li data-start=\"2029\" data-end=\"2064\">\n<p data-start=\"2032\" data-end=\"2064\">Bayas Mixtas \/ Hielo de Sand\u00eda<\/p>\n<\/li>\n<li data-start=\"2065\" data-end=\"2102\">\n<p data-start=\"2068\" data-end=\"2102\">Fresa Banana \/ Hielo Red Bull<\/p>\n<\/li>\n<li data-start=\"2103\" data-end=\"2131\">\n<p data-start=\"2106\" data-end=\"2131\">Ar\u00e1ndano Hielo \/ Love 66<\/p>\n<\/li>\n<li data-start=\"2132\" data-end=\"2162\">\n<p data-start=\"2135\" data-end=\"2162\">Durazno Hielo \/ Ar\u00e1ndano Hielo<\/p>\n<\/li>\n<li data-start=\"2163\" data-end=\"2210\">\n<p data-start=\"2166\" data-end=\"2210\">Fresa Kiwi \/ Frambuesa \u00c1cida Ar\u00e1ndano<\/p>\n<\/li>\n<li data-start=\"2211\" data-end=\"2241\">\n<p data-start=\"2214\" data-end=\"2241\">Sand\u00eda Hielo \/ Hielo de Cola<\/p>\n<\/li>\n<li data-start=\"2242\" data-end=\"2281\">\n<p data-start=\"2246\" data-end=\"2281\">Fresa Sand\u00eda \/ Uva Hielo<\/p>\n<\/li>\n<li data-start=\"2282\" data-end=\"2316\">\n<p data-start=\"2286\" data-end=\"2316\">Lim\u00f3n Lima \/ Kiwi Fresa<\/p>\n<\/li>\n<li data-start=\"2317\" data-end=\"2353\">\n<p data-start=\"2321\" data-end=\"2353\">Limonada Rosa \/ Mora Hielo<\/p>\n<\/li>\n<li data-start=\"2354\" data-end=\"2391\">\n<p data-start=\"2358\" data-end=\"2391\">Durazno Jugoso Hielo \/ Pi\u00f1a Hielo<\/p>\n<\/li>\n<li data-start=\"2392\" data-end=\"2442\">\n<p data-start=\"2396\" data-end=\"2442\">Kiwi Maracuy\u00e1 Guayaba \/ Pi\u00f1a Coco<\/p>\n<\/li>\n<li data-start=\"2443\" data-end=\"2471\">\n<p data-start=\"2447\" data-end=\"2471\">Skittles \/ Explosi\u00f3n de Uva<\/p>\n<\/li>\n<li data-start=\"2472\" data-end=\"2526\">\n<p data-start=\"2476\" data-end=\"2526\">Hielo Negro Fruta Drag\u00f3n Fresa \/ Triple Mel\u00f3n<\/p>\n<\/li>\n<li data-start=\"2527\" data-end=\"2565\">\n<p data-start=\"2531\" data-end=\"2565\">Sue\u00f1o de Verano \/ Fresa Banana<\/p>\n<\/li>\n<li data-start=\"2566\" data-end=\"2611\">\n<p data-start=\"2570\" data-end=\"2611\">Cereza Lim\u00f3n \/ Frambuesa \u00c1cida Ar\u00e1ndano<\/p>\n<\/li>\n<li data-start=\"2612\" data-end=\"2638\">\n<p data-start=\"2616\" data-end=\"2638\">Love 66 \/ Manzana \u00c1cida<\/p>\n<\/li>\n<li data-start=\"2639\" data-end=\"2668\">\n<p data-start=\"2643\" data-end=\"2668\">Lim\u00f3n Lima \/ Menta Fresca<\/p>\n<\/li>\n<\/ol>\n<h2><strong>Razz Bar 40000 Puff Vape Descartable Caracter\u00edsticas Clave del Producto<\/strong><\/h2>\n<ul data-start=\"2707\" data-end=\"3053\">\n<li data-start=\"2707\" data-end=\"2765\">\n<p data-start=\"2709\" data-end=\"2765\">Sistema de cambio de doble sabor con dos tanques independientes.<\/p>\n<\/li>\n<li data-start=\"2766\" data-end=\"2820\">\n<p data-start=\"2768\" data-end=\"2820\">Hasta <strong data-start=\"2774\" data-end=\"2790\">40,000 caladas<\/strong> para uso diario de larga duraci\u00f3n.<\/p>\n<\/li>\n<li data-start=\"2821\" data-end=\"2878\">\n<p data-start=\"2823\" data-end=\"2878\">Bater\u00eda recargable de 650mAh con <strong data-start=\"2856\" data-end=\"2866\">Tipo-C<\/strong> carga.<\/p>\n<\/li>\n<li data-start=\"2879\" data-end=\"2927\">\n<p data-start=\"2881\" data-end=\"2927\">Bobina de malla doble para sabores limpios y separados.<\/p>\n<\/li>\n<li data-start=\"2928\" data-end=\"2974\">\n<p data-start=\"2930\" data-end=\"2974\">Pantalla LED para niveles de bater\u00eda + e-l\u00edquido.<\/p>\n<\/li>\n<li data-start=\"2975\" data-end=\"3004\">\n<p data-start=\"2977\" data-end=\"3004\">Opciones de nicotina salina 2% \/ 5%.<\/p>\n<\/li>\n<li data-start=\"3005\" data-end=\"3053\">\n<p data-start=\"3007\" data-end=\"3053\">200 piezas por caja para optimizaci\u00f3n al por mayor.<\/p>\n<\/li>\n<\/ul>\n<figure id=\"attachment_4609\" aria-describedby=\"caption-attachment-4609\" style=\"width: 300px\" class=\"wp-caption alignnone\"><img decoding=\"async\" class=\"size-medium wp-image-4609\" src=\"https:\/\/vapestornado.com\/wp-content\/uploads\/2025\/11\/Razz-Bar-40k-Puffs-Disposable-Vape-Wholesale-Price-300x300.webp\" alt=\"Precio mayorista de Razz Bar 40k Puff Vape Descartable\" width=\"300\" height=\"300\" srcset=\"https:\/\/vapestornado.com\/wp-content\/uploads\/2025\/11\/Razz-Bar-40k-Puffs-Disposable-Vape-Wholesale-Price-300x300.webp 300w, https:\/\/vapestornado.com\/wp-content\/uploads\/2025\/11\/Razz-Bar-40k-Puffs-Disposable-Vape-Wholesale-Price-150x150.webp 150w, https:\/\/vapestornado.com\/wp-content\/uploads\/2025\/11\/Razz-Bar-40k-Puffs-Disposable-Vape-Wholesale-Price-768x768.webp 768w, https:\/\/vapestornado.com\/wp-content\/uploads\/2025\/11\/Razz-Bar-40k-Puffs-Disposable-Vape-Wholesale-Price-12x12.webp 12w, https:\/\/vapestornado.com\/wp-content\/uploads\/2025\/11\/Razz-Bar-40k-Puffs-Disposable-Vape-Wholesale-Price-600x600.webp 600w, https:\/\/vapestornado.com\/wp-content\/uploads\/2025\/11\/Razz-Bar-40k-Puffs-Disposable-Vape-Wholesale-Price-100x100.webp 100w, https:\/\/vapestornado.com\/wp-content\/uploads\/2025\/11\/Razz-Bar-40k-Puffs-Disposable-Vape-Wholesale-Price.webp 800w\" sizes=\"(max-width: 300px) 100vw, 300px\" \/><figcaption id=\"caption-attachment-4609\" class=\"wp-caption-text\">Precio mayorista de Razz Bar 40k Puff Vape Descartable<\/figcaption><\/figure>\n<h2>\u00bfPor qu\u00e9 elegir Vapestornado para comprar vaporizadores desechables en l\u00ednea?<\/h2>\n<div class=\"flex-shrink-0 flex flex-col relative items-end\">\n<div class=\"pt-0\">\n<div class=\"gizmo-bot-avatar flex h-8 w-8 items-center justify-center overflow-hidden rounded-full\">\n<div class=\"relative p-1 rounded-sm flex items-center justify-center bg-token-main-surface-primary text-token-text-primary h-8 w-8\">\n<p data-start=\"136\" data-end=\"686\">Elegir <strong data-start=\"145\" data-end=\"161\">Vapestornado<\/strong> como su fuente confiable para el <strong data-start=\"193\" data-end=\"227\">Elf Bar Moon Night 40000 caladas<\/strong> significa asociarse con un proveedor que realmente comprende las demandas de mayoristas y minoristas en Espa\u00f1a. Priorizamos <strong data-start=\"343\" data-end=\"409\">env\u00edo r\u00e1pido, inventario verificado y suministro estable a largo plazo<\/strong>, asegurando que nunca enfrente interrupciones de stock\u2014especialmente para art\u00edculos de alto volumen como el <a href=\"https:\/\/vapestornado.com\/es\/product\/airmez-140k-puff-6-in-1-flavor-disposable-vape-wholesale-disposable-vape-pen-eu-warehouse\/\">Airmez 140k 6 en 1 ,<\/a>\u00a0<a href=\"https:\/\/vapestornado.com\/es\/product\/bang-legend-150000-puffs-6-in-1-flavor-newest-disposable-vape\/\">HiFancy Space 50000, Bang Legend 150k <\/a>Todos los productos provienen de canales certificados, brind\u00e1ndole <strong data-start=\"582\" data-end=\"651\">calidad aut\u00e9ntica, rendimiento de sabor consistente y fiabilidad<\/strong> que cumple con las expectativas del mercado de la UE.<\/p>\n<\/div>\n<h2>Preguntas frecuentes sobre Razz Bar 40000 Puff Bar<\/h2>\n<div class=\"relative p-1 rounded-sm flex items-center justify-center bg-token-main-surface-primary text-token-text-primary h-8 w-8\">\n<p data-start=\"3094\" data-end=\"3257\"><strong data-start=\"3094\" data-end=\"3159\">1. \u00bfC\u00f3mo funciona el interruptor de doble sabor en el Razz Bar 40K?<\/strong><br data-start=\"3159\" data-end=\"3162\" \/>Simplemente levante y gire la boquilla 180 grados para cambiar entre los dos sabores al instante.<\/p>\n<p data-start=\"3259\" data-end=\"3371\"><strong data-start=\"3259\" data-end=\"3306\">2. \u00bfEl Razz Bar 40000 Puff es recargable?<\/strong><br data-start=\"3306\" data-end=\"3309\" \/>S\u00ed, utiliza una bater\u00eda recargable de 650mAh con puerto Tipo-C.<\/p>\n<p data-start=\"3373\" data-end=\"3507\"><strong data-start=\"3373\" data-end=\"3416\">3. \u00bfCada sabor tiene su propia bobina?<\/strong><br data-start=\"3416\" data-end=\"3419\" \/>S\u00ed, el Razz Bar utiliza un tanque de bobina de malla doble, asegurando que los sabores permanezcan limpios y separados.<\/p>\n<p data-start=\"3509\" data-end=\"3638\"><strong data-start=\"3509\" data-end=\"3546\">4. \u00bfCu\u00e1nto dura el dispositivo?<\/strong><br data-start=\"3546\" data-end=\"3549\" \/>Con hasta 40K caladas, la mayor\u00eda de los usuarios obtiene varias semanas de uso dependiendo del consumo diario.<\/p>\n<p data-start=\"3640\" data-end=\"3791\"><strong data-start=\"3640\" data-end=\"3701\">5. \u00bfPuedo pedir el Razz Bar 40K desde un almac\u00e9n de Vape en Espa\u00f1a?<\/strong><br data-start=\"3701\" data-end=\"3704\" \/>S\u00ed, los pedidos al por mayor se env\u00edan directamente desde nuestro almac\u00e9n en Espa\u00f1a para una entrega regional m\u00e1s r\u00e1pida.<\/p>\n<\/div>\n<\/div>\n<\/div>\n<\/div>","protected":false},"excerpt":{"rendered":"<article class=\"text-token-text-primary w-full focus:outline-none [--shadow-height:45px] has-data-writing-block:pointer-events-none has-data-writing-block:-mt-(--shadow-height) has-data-writing-block:pt-(--shadow-height) [&amp;:has([data-writing-block])&gt;*]:pointer-events-auto [content-visibility:auto] supports-[content-visibility:auto]:[contain-intrinsic-size:auto_100lvh] scroll-mt-[calc(var(--header-height)+min(200px,max(70px,20svh)))]\" dir=\"auto\" tabindex=\"-1\" data-turn-id=\"86ca9d92-7a10-4e6b-bda0-15f9df36adca\" data-testid=\"conversation-turn-120\" data-scroll-anchor=\"true\" data-turn=\"assistant\">\n<div class=\"text-base my-auto mx-auto pb-10 [--thread-content-margin:--spacing(4)] thread-sm:[--thread-content-margin:--spacing(6)] thread-lg:[--thread-content-margin:--spacing(16)] px-(--thread-content-margin)\">\n<div class=\"[--thread-content-max-width:40rem] thread-lg:[--thread-content-max-width:48rem] mx-auto max-w-(--thread-content-max-width) flex-1 group\/turn-messages focus-visible:outline-hidden relative flex w-full min-w-0 flex-col agent-turn\" tabindex=\"-1\">\n<div class=\"flex max-w-full flex-col grow\">\n<div class=\"min-h-8 text-message relative flex w-full flex-col items-end gap-2 text-start break-words whitespace-normal [.text-message+&amp;]:mt-1\" dir=\"auto\" data-message-author-role=\"assistant\" data-message-id=\"43b070d6-bf28-4fbe-8049-1032a61ea3ac\" data-message-model-slug=\"gpt-5\">\n<div class=\"flex w-full flex-col gap-1 empty:hidden first:pt-[1px]\">\n<div class=\"markdown prose dark:prose-invert w-full break-words light markdown-new-styling\">\n<article class=\"text-token-text-primary w-full focus:outline-none [--shadow-height:45px] has-data-writing-block:pointer-events-none has-data-writing-block:-mt-(--shadow-height) has-data-writing-block:pt-(--shadow-height) [&amp;:has([data-writing-block])&gt;*]:pointer-events-auto [content-visibility:auto] supports-[content-visibility:auto]:[contain-intrinsic-size:auto_100lvh] scroll-mt-[calc(var(--header-height)+min(200px,max(70px,20svh)))]\" dir=\"auto\" tabindex=\"-1\" data-turn-id=\"4d6f00b8-d41a-438b-8912-05a895842882\" data-testid=\"conversation-turn-130\" data-scroll-anchor=\"true\" data-turn=\"assistant\">\n<div class=\"text-base my-auto mx-auto pb-10 [--thread-content-margin:--spacing(4)] thread-sm:[--thread-content-margin:--spacing(6)] thread-lg:[--thread-content-margin:--spacing(16)] px-(--thread-content-margin)\">\n<div class=\"[--thread-content-max-width:40rem] thread-lg:[--thread-content-max-width:48rem] mx-auto max-w-(--thread-content-max-width) flex-1 group\/turn-messages focus-visible:outline-hidden relative flex w-full min-w-0 flex-col agent-turn\" tabindex=\"-1\">\n<div class=\"flex max-w-full flex-col grow\">\n<div class=\"min-h-8 text-message relative flex w-full flex-col items-end gap-2 text-start break-words whitespace-normal [.text-message+&amp;]:mt-1\" dir=\"auto\" data-message-author-role=\"assistant\" data-message-id=\"f3c520bf-c043-4392-87ea-b3bf1b3ae6d3\" data-message-model-slug=\"gpt-5-1\">\n<div class=\"flex w-full flex-col gap-1 empty:hidden first:pt-[1px]\">\n<div class=\"markdown prose dark:prose-invert w-full break-words light markdown-new-styling\">\n<p data-start=\"1595\" data-end=\"1691\"><strong data-start=\"1595\" data-end=\"1689\">Razz Bar 40K Doble Sabor Power \u2013 El Vape Descartable 2 en 1 m\u00e1s Vendido para Venta al por Mayor en la UE<\/strong><\/p>\n<p data-start=\"1695\" data-end=\"1780\"><strong data-start=\"1695\" data-end=\"1778\">Razz Bar 40000 Puff Vape Recargable \u2013 M\u00e1ximo Sabor, Rendimiento Duradero<\/strong><\/p>\n<p data-start=\"1784\" data-end=\"1867\"><strong data-start=\"1784\" data-end=\"1865\">Razz Bar Vape al por Mayor 40K \u2013 Doble Bobina de Malla, Doble Sabor, Cero Compromiso<\/strong><\/p>\n<\/div>\n<\/div>\n<\/div>\n<\/div>\n<\/div>\n<\/div>\n<\/article>\n<\/div>\n<\/div>\n<\/div>\n<\/div>\n<\/div>\n<\/div>\n<\/article>\n<p><img fetchpriority=\"high\" decoding=\"async\" class=\"size-full wp-image-2932\" src=\"https:\/\/vapestornado.com\/wp-content\/uploads\/2024\/12\/Vape-Wholesale.jpg\" alt=\"Vape al por mayor\" width=\"229\" height=\"300\" \/><\/p>\n<h3><a href=\"https:\/\/wa.me\/8617776015835\"><span style=\"color: #ff0000;\"><strong>WhatsApp: +86 17776015835<\/strong><\/span><\/a><\/h3>\n<p>&nbsp;<\/p>","protected":false},"featured_media":4613,"comment_status":"open","ping_status":"closed","template":"","meta":{"_acf_changed":false,"_uag_custom_page_level_css":"","_lmt_disableupdate":"no","_lmt_disable":"","_monsterinsights_skip_tracking":false,"_monsterinsights_sitenote_active":false,"_monsterinsights_sitenote_note":"","_monsterinsights_sitenote_category":0,"site-sidebar-layout":"default","site-content-layout":"","ast-site-content-layout":"default","site-content-style":"default","site-sidebar-style":"default","ast-global-header-display":"","ast-banner-title-visibility":"","ast-main-header-display":"","ast-hfb-above-header-display":"","ast-hfb-below-header-display":"","ast-hfb-mobile-header-display":"","site-post-title":"","ast-breadcrumbs-content":"","ast-featured-img":"","footer-sml-layout":"","ast-disable-related-posts":"","theme-transparent-header-meta":"default","adv-header-id-meta":"","stick-header-meta":"","header-above-stick-meta":"","header-main-stick-meta":"","header-below-stick-meta":"","astra-migrate-meta-layouts":"set","ast-page-background-enabled":"default","ast-page-background-meta":{"desktop":{"background-color":"","background-image":"","background-repeat":"repeat","background-position":"center center","background-size":"auto","background-attachment":"scroll","background-type":"","background-media":"","overlay-type":"","overlay-color":"","overlay-opacity":"","overlay-gradient":""},"tablet":{"background-color":"","background-image":"","background-repeat":"repeat","background-position":"center center","background-size":"auto","background-attachment":"scroll","background-type":"","background-media":"","overlay-type":"","overlay-color":"","overlay-opacity":"","overlay-gradient":""},"mobile":{"background-color":"","background-image":"","background-repeat":"repeat","background-position":"center center","background-size":"auto","background-attachment":"scroll","background-type":"","background-media":"","overlay-type":"","overlay-color":"","overlay-opacity":"","overlay-gradient":""}},"ast-content-background-meta":{"desktop":{"background-color":"var(--ast-global-color-5)","background-image":"","background-repeat":"repeat","background-position":"center center","background-size":"auto","background-attachment":"scroll","background-type":"","background-media":"","overlay-type":"","overlay-color":"","overlay-opacity":"","overlay-gradient":""},"tablet":{"background-color":"var(--ast-global-color-5)","background-image":"","background-repeat":"repeat","background-position":"center center","background-size":"auto","background-attachment":"scroll","background-type":"","background-media":"","overlay-type":"","overlay-color":"","overlay-opacity":"","overlay-gradient":""},"mobile":{"background-color":"var(--ast-global-color-5)","background-image":"","background-repeat":"repeat","background-position":"center center","background-size":"auto","background-attachment":"scroll","background-type":"","background-media":"","overlay-type":"","overlay-color":"","overlay-opacity":"","overlay-gradient":""}},"_joinchat":{"telephone":"17776015835"}},"product_brand":[],"product_cat":[149,150,151,152,144],"product_tag":[463,105,446,461,462,436],"class_list":{"0":"post-4614","1":"product","2":"type-product","3":"status-publish","4":"has-post-thumbnail","6":"product_cat-buy-disposable-vapes-in-austria","7":"product_cat-buy-disposable-vapes-in-belgium","8":"product_cat-buy-disposable-vapes-in-france","9":"product_cat-buy-disposable-vapes-in-cermany","10":"product_cat-low-nicotine-disposable-vapes","11":"product_tag-2-in-1-flavor-vape","12":"product_tag-digital-disposable-vape","13":"product_tag-disposable-vape-kit","14":"product_tag-razz-bar-40000","15":"product_tag-razz-bar-40k","16":"product_tag-shop-vape-online","17":"desktop-align-left","18":"tablet-align-left","19":"mobile-align-left","21":"first","22":"instock","23":"sale","24":"shipping-taxable","25":"purchasable","26":"product-type-simple"},"acf":[],"uagb_featured_image_src":{"full":["https:\/\/vapestornado.com\/wp-content\/uploads\/2025\/11\/RAZZ-BAR-40000-Puffs-Wholesale-Vape-Factory-Price.webp",800,800,false],"thumbnail":["https:\/\/vapestornado.com\/wp-content\/uploads\/2025\/11\/RAZZ-BAR-40000-Puffs-Wholesale-Vape-Factory-Price-150x150.webp",150,150,true],"medium":["https:\/\/vapestornado.com\/wp-content\/uploads\/2025\/11\/RAZZ-BAR-40000-Puffs-Wholesale-Vape-Factory-Price-300x300.webp",300,300,true],"medium_large":["https:\/\/vapestornado.com\/wp-content\/uploads\/2025\/11\/RAZZ-BAR-40000-Puffs-Wholesale-Vape-Factory-Price-768x768.webp",768,768,true],"large":["https:\/\/vapestornado.com\/wp-content\/uploads\/2025\/11\/RAZZ-BAR-40000-Puffs-Wholesale-Vape-Factory-Price.webp",800,800,false],"1536x1536":["https:\/\/vapestornado.com\/wp-content\/uploads\/2025\/11\/RAZZ-BAR-40000-Puffs-Wholesale-Vape-Factory-Price.webp",800,800,false],"2048x2048":["https:\/\/vapestornado.com\/wp-content\/uploads\/2025\/11\/RAZZ-BAR-40000-Puffs-Wholesale-Vape-Factory-Price.webp",800,800,false],"trp-custom-language-flag":["https:\/\/vapestornado.com\/wp-content\/uploads\/2025\/11\/RAZZ-BAR-40000-Puffs-Wholesale-Vape-Factory-Price-12x12.webp",12,12,true],"woocommerce_thumbnail":["https:\/\/vapestornado.com\/wp-content\/uploads\/2025\/11\/RAZZ-BAR-40000-Puffs-Wholesale-Vape-Factory-Price-300x300.webp",300,300,true],"woocommerce_single":["https:\/\/vapestornado.com\/wp-content\/uploads\/2025\/11\/RAZZ-BAR-40000-Puffs-Wholesale-Vape-Factory-Price-600x600.webp",600,600,true],"woocommerce_gallery_thumbnail":["https:\/\/vapestornado.com\/wp-content\/uploads\/2025\/11\/RAZZ-BAR-40000-Puffs-Wholesale-Vape-Factory-Price-100x100.webp",100,100,true]},"uagb_author_info":{"display_name":"ESAMY","author_link":"https:\/\/vapestornado.com\/es\/author\/"},"uagb_comment_info":0,"uagb_excerpt":"Razz Bar 40K Dual Flavour Power \u2013 The Best-Selling 2-in-1 Disposable Vape for EU Wholesale Razz Bar 40000 Puff Rechargeable Vape \u2013 Maximum Taste, Long-Lasting Performance Razz Bar 40K Wholesale Vape \u2013 Dual Mesh Coil, Double Flavour, Zero Compromise WhatsApp: +86 17776015835 &nbsp;","_links":{"self":[{"href":"https:\/\/vapestornado.com\/es\/wp-json\/wp\/v2\/product\/4614","targetHints":{"allow":["GET"]}}],"collection":[{"href":"https:\/\/vapestornado.com\/es\/wp-json\/wp\/v2\/product"}],"about":[{"href":"https:\/\/vapestornado.com\/es\/wp-json\/wp\/v2\/types\/product"}],"replies":[{"embeddable":true,"href":"https:\/\/vapestornado.com\/es\/wp-json\/wp\/v2\/comments?post=4614"}],"wp:featuredmedia":[{"embeddable":true,"href":"https:\/\/vapestornado.com\/es\/wp-json\/wp\/v2\/media\/4613"}],"wp:attachment":[{"href":"https:\/\/vapestornado.com\/es\/wp-json\/wp\/v2\/media?parent=4614"}],"wp:term":[{"taxonomy":"product_brand","embeddable":true,"href":"https:\/\/vapestornado.com\/es\/wp-json\/wp\/v2\/product_brand?post=4614"},{"taxonomy":"product_cat","embeddable":true,"href":"https:\/\/vapestornado.com\/es\/wp-json\/wp\/v2\/product_cat?post=4614"},{"taxonomy":"product_tag","embeddable":true,"href":"https:\/\/vapestornado.com\/es\/wp-json\/wp\/v2\/product_tag?post=4614"}],"curies":[{"name":"wp","href":"https:\/\/api.w.org\/{rel}","templated":true}]}}