{"id":4582,"date":"2025-11-20T09:22:11","date_gmt":"2025-11-20T09:22:11","guid":{"rendered":"https:\/\/vapestornado.com\/?post_type=product&#038;p=4582"},"modified":"2025-11-20T09:36:36","modified_gmt":"2025-11-20T09:36:36","slug":"hifancy-dream-45k-45000-puffs-disposable-vape-kit-fast-shipping-from-eu-warehouse","status":"publish","type":"product","link":"https:\/\/vapestornado.com\/es\/product\/hifancy-dream-45k-45000-puffs-disposable-vape-kit-fast-shipping-from-eu-warehouse\/","title":{"rendered":"HiFancy Dream 45k 45000 caladas Kit de Vapeo Desechable Env\u00edo R\u00e1pido desde Almac\u00e9n de la UE"},"content":{"rendered":"<h2 data-pm-slice=\"1 1 []\">HiFancy Dream 45k 45000 caladas Kit de Vapeo Desechable Env\u00edo R\u00e1pido desde Almac\u00e9n de la UE<\/h2>\n<p data-start=\"522\" data-end=\"892\">El <strong data-start=\"526\" data-end=\"547\">HiFancy Dream 45k<\/strong> est\u00e1 dise\u00f1ado para minoristas que necesitan un dispositivo confiable y de alta capacidad que satisfaga la demanda del mercado de vapeo desechable en r\u00e1pida expansi\u00f3n en Europa. Posicionado como un <strong data-start=\"704\" data-end=\"727\">Kit de Vapeo Desechable<\/strong> con impresionante resistencia y rendimiento constante, ofrece a los mayoristas un producto confiable que se mueve r\u00e1pidamente en Francia, Italia, Espa\u00f1a, Alemania y otras regiones de la UE.<\/p>\n<p data-start=\"894\" data-end=\"1347\">Dise\u00f1ado con un <strong data-start=\"912\" data-end=\"925\">Tanque de 39ml<\/strong>, <strong data-start=\"927\" data-end=\"958\">bater\u00eda recargable de 650 mAh<\/strong>, y <strong data-start=\"964\" data-end=\"984\">bobina de malla doble<\/strong>, el <strong data-start=\"990\" data-end=\"1013\">HiFancy Dream 45000<\/strong> ofrece una salida de sabor limpia y una producci\u00f3n de vapor fuerte. Con una <strong data-start=\"1085\" data-end=\"1118\">pantalla digital de nivel de bater\u00eda<\/strong>, los usuarios siempre conocen su carga restante, reduciendo quejas y mejorando la satisfacci\u00f3n diaria. La cuenta ultra alta de puffs y el sistema de flujo de aire estable lo hacen una opci\u00f3n pr\u00e1ctica para vapear que buscan longevidad sin complicaciones.<\/p>\n<p data-start=\"1349\" data-end=\"1737\">los minoristas con sede en la UE se benefician de <strong data-start=\"1381\" data-end=\"1421\">env\u00edo r\u00e1pido de vapeo desde almac\u00e9n en la UE<\/strong>, reduciendo el tiempo de espera y los riesgos de importaci\u00f3n. El dise\u00f1o es adecuado para vapear masculinos de 25 a 35 a\u00f1os que buscan un dispositivo potente y sencillo con entrega de sabor constante. Ya sea que sus clientes prefieran mezclas de frutas o cl\u00e1sicos helados, <strong data-start=\"1637\" data-end=\"1658\">HiFancy Dream 45k<\/strong> se mantiene suave de principio a fin gracias a su estructura de separaci\u00f3n de n\u00facleo de aceite.<\/p>\n<p data-start=\"666\" data-end=\"1235\"><strong style=\"font-size: 16px;\"><span style=\"color: #ff0000;\">\u00a1A\u00f1ade el WhatsApp de Amy para obtener una respuesta correcta y un precio con descuento!<\/span><\/strong><\/p>\n<p><img fetchpriority=\"high\" decoding=\"async\" class=\"size-full wp-image-2932\" src=\"https:\/\/vapestornado.com\/wp-content\/uploads\/2024\/12\/Vape-Wholesale.jpg\" alt=\"Vape al por mayor\" width=\"229\" height=\"300\" \/><\/p>\n<h3><a href=\"https:\/\/wa.me\/8617776015835\" target=\"_blank\" rel=\"noopener\"><span style=\"color: #ff0000;\"><strong>WhatsApp: +86 17776015835<\/strong><\/span><\/a><\/h3>\n<p>&nbsp;<\/p>\n<h2><strong>\u00bfQu\u00e9 hace que el cigarrillo electr\u00f3nico desechable HiFancy Dream 45k Puff destaque?<\/strong><\/h2>\n<ol data-start=\"246\" data-end=\"1434\">\n<li data-start=\"246\" data-end=\"361\">\n<p data-start=\"249\" data-end=\"361\"><strong data-start=\"249\" data-end=\"273\">Capacidad de 45000 Puffs<\/strong>: Ofrece un rendimiento duradero sin necesidad de reemplazos frecuentes del dispositivo.<\/p>\n<\/li>\n<li data-start=\"362\" data-end=\"503\">\n<p data-start=\"365\" data-end=\"503\"><strong data-start=\"365\" data-end=\"408\">Sistema de Modo Triple (ECO \/ Suave \/ Impulso)<\/strong>: Permite a los usuarios cambiar instant\u00e1neamente entre modos de ahorro de energ\u00eda, suaves o de impacto alto en el vapeo.<\/p>\n<\/li>\n<li data-start=\"504\" data-end=\"611\">\n<p data-start=\"507\" data-end=\"611\"><strong data-start=\"507\" data-end=\"535\">Pantalla Inteligente a Color Completo<\/strong>: Muestra claramente los niveles de bater\u00eda y de e-l\u00edquido para una monitorizaci\u00f3n f\u00e1cil en tiempo real.<\/p>\n<\/li>\n<li data-start=\"612\" data-end=\"746\">\n<p data-start=\"615\" data-end=\"746\"><strong data-start=\"615\" data-end=\"637\">Tanque de E-l\u00edquido de 20mL<\/strong>: Proporciona un gran dep\u00f3sito para garantizar un sabor y vapor consistentes durante toda la vida \u00fatil del dispositivo.<\/p>\n<\/li>\n<li data-start=\"747\" data-end=\"859\">\n<p data-start=\"750\" data-end=\"859\"><strong data-start=\"750\" data-end=\"788\">Bater\u00eda Recargable de 850mAh con Conector Tipo-C<\/strong>: Ofrece una resistencia fuerte con carga r\u00e1pida para un uso intensivo durante todo el d\u00eda.<\/p>\n<\/li>\n<li data-start=\"860\" data-end=\"971\">\n<p data-start=\"863\" data-end=\"971\"><strong data-start=\"863\" data-end=\"891\">Estructura de Doble Bobina de Malla<\/strong>: Mejora la densidad del vapor y aumenta la claridad del sabor para un gusto m\u00e1s rico y completo.<\/p>\n<\/li>\n<li data-start=\"972\" data-end=\"1099\">\n<p data-start=\"975\" data-end=\"1099\"><strong data-start=\"975\" data-end=\"1002\">Opciones M\u00faltiples de Sabores<\/strong>: Presenta una selecci\u00f3n diversa de mezclas frutales, heladas y dulces para adaptarse a diferentes preferencias.<\/p>\n<\/li>\n<li data-start=\"1100\" data-end=\"1223\">\n<p data-start=\"1103\" data-end=\"1223\"><strong data-start=\"1103\" data-end=\"1131\">Dise\u00f1o Est\u00e9tico Premium<\/strong>: Construido con un acabado elegante y de alta calidad que atrae a usuarios modernos y a la moda.<\/p>\n<\/li>\n<li data-start=\"1224\" data-end=\"1319\">\n<p data-start=\"1227\" data-end=\"1319\"><strong data-start=\"1227\" data-end=\"1253\">Camino de Flujo de Aire Optimizado<\/strong>: Garantiza una inhalaci\u00f3n suave y estable desde la primera calada hasta la \u00faltima.<\/p>\n<\/li>\n<li data-start=\"1320\" data-end=\"1434\">\n<p data-start=\"1324\" data-end=\"1434\"><strong data-start=\"1324\" data-end=\"1348\">Chipset de Salida Inteligente<\/strong>: Mantiene un rendimiento y una entrega de sabor consistentes durante todo el ciclo de vapeo.<\/p>\n<\/li>\n<\/ol>\n<h2><strong>Lista de Sabores de los Vapes Desechables HiFancy Dream 45k Puff<\/strong><\/h2>\n<h1 data-start=\"1744\" data-end=\"1781\"><\/h1>\n<ol data-start=\"1783\" data-end=\"2063\">\n<li data-start=\"1783\" data-end=\"1802\">\n<p data-start=\"1786\" data-end=\"1802\">Hielo de sand\u00eda<\/p>\n<\/li>\n<li data-start=\"1803\" data-end=\"1855\">\n<p data-start=\"1806\" data-end=\"1855\">Sue\u00f1o de verano (uva + naranja + lim\u00f3n + redbull)<\/p>\n<\/li>\n<li data-start=\"1856\" data-end=\"1869\">\n<p data-start=\"1859\" data-end=\"1869\">Hielo de Cola<\/p>\n<\/li>\n<li data-start=\"1870\" data-end=\"1888\">\n<p data-start=\"1873\" data-end=\"1888\">Helado de Frambuesa Azul<\/p>\n<\/li>\n<li data-start=\"1889\" data-end=\"1911\">\n<p data-start=\"1892\" data-end=\"1911\">Fresa y pl\u00e1tano<\/p>\n<\/li>\n<li data-start=\"1912\" data-end=\"1931\">\n<p data-start=\"1915\" data-end=\"1931\">Hielo de fresa<\/p>\n<\/li>\n<li data-start=\"1932\" data-end=\"1959\">\n<p data-start=\"1935\" data-end=\"1959\">Melocot\u00f3n Mango Sand\u00eda<\/p>\n<\/li>\n<li data-start=\"1960\" data-end=\"1980\">\n<p data-start=\"1963\" data-end=\"1980\">Melocot\u00f3n Jugoso Helado<\/p>\n<\/li>\n<li data-start=\"1981\" data-end=\"2046\">\n<p data-start=\"1984\" data-end=\"2046\">Amor 66 (sand\u00eda + mel\u00f3n honeydew + fruta de la pasi\u00f3n + menta)<\/p>\n<\/li>\n<li data-start=\"2047\" data-end=\"2063\">\n<p data-start=\"2051\" data-end=\"2063\">Lima Lim\u00f3n<\/p>\n<\/li>\n<\/ol>\n<figure id=\"attachment_4576\" aria-describedby=\"caption-attachment-4576\" style=\"width: 300px\" class=\"wp-caption alignnone\"><img decoding=\"async\" class=\"size-medium wp-image-4576\" src=\"https:\/\/vapestornado.com\/wp-content\/uploads\/2025\/11\/Hifancy-Dream-45k-Puff-Disposable-Vape-300x300.webp\" alt=\"Hifancy Dream 45k Puff Vape desechable\" width=\"300\" height=\"300\" srcset=\"https:\/\/vapestornado.com\/wp-content\/uploads\/2025\/11\/Hifancy-Dream-45k-Puff-Disposable-Vape-300x300.webp 300w, https:\/\/vapestornado.com\/wp-content\/uploads\/2025\/11\/Hifancy-Dream-45k-Puff-Disposable-Vape-150x150.webp 150w, https:\/\/vapestornado.com\/wp-content\/uploads\/2025\/11\/Hifancy-Dream-45k-Puff-Disposable-Vape-768x768.webp 768w, https:\/\/vapestornado.com\/wp-content\/uploads\/2025\/11\/Hifancy-Dream-45k-Puff-Disposable-Vape-12x12.webp 12w, https:\/\/vapestornado.com\/wp-content\/uploads\/2025\/11\/Hifancy-Dream-45k-Puff-Disposable-Vape-600x600.webp 600w, https:\/\/vapestornado.com\/wp-content\/uploads\/2025\/11\/Hifancy-Dream-45k-Puff-Disposable-Vape-100x100.webp 100w, https:\/\/vapestornado.com\/wp-content\/uploads\/2025\/11\/Hifancy-Dream-45k-Puff-Disposable-Vape.webp 800w\" sizes=\"(max-width: 300px) 100vw, 300px\" \/><figcaption id=\"caption-attachment-4576\" class=\"wp-caption-text\">Hifancy Dream 45k Puff Vape desechable<\/figcaption><\/figure>\n<h2>\u00bfPor qu\u00e9 elegir Vapestornado para compra al por mayor de vaporizadores desechables?<\/h2>\n<div class=\"flex-shrink-0 flex flex-col relative items-end\">\n<div class=\"pt-0\">\n<div class=\"gizmo-bot-avatar flex h-8 w-8 items-center justify-center overflow-hidden rounded-full\">\n<div class=\"relative p-1 rounded-sm flex items-center justify-center bg-token-main-surface-primary text-token-text-primary h-8 w-8\">\n<p data-start=\"648\" data-end=\"799\">Elegir <strong data-start=\"189\" data-end=\"205\">Vapestornado<\/strong> como su proveedor para <strong data-start=\"227\" data-end=\"261\">Elf Bar Moon Night 40000 caladas<\/strong> significa asegurar un socio que comprenda las necesidades de mayoristas y minoristas con sede en Espa\u00f1a. Nos enfocamos en entregas r\u00e1pidas, stock verificado y suministro estable a largo plazo\u2014factores clave para negocios que venden productos de alto volumen como el <strong data-start=\"489\" data-end=\"515\">Elf Bar Noche de Luna 40K<\/strong>. Cada lote se obtiene directamente de canales certificados, garantizando productos aut\u00e9nticos, una fuerte consistencia en el sabor y una calidad confiable que cumple con las expectativas de los compradores en Espa\u00f1a.<\/p>\n<p data-start=\"559\" data-end=\"933\" data-is-last-node=\"\" data-is-only-node=\"\">Tambi\u00e9n tenemos otros vaporizadores desechables populares con pantalla como <a href=\"https:\/\/vapestornado.com\/es\/product\/uzy-150k-puffs-6-in-1-flavor-switch-disposable-vape-pen-wholesale\/\">Vape de cambio de sabor UZY 150K Puff<\/a>, <a href=\"https:\/\/vapestornado.com\/es\/product\/vozol-rave-40k-40000-puffs-disposable-vape-smart-screen-5-nicotine\/\">VOZOL RAVE 40K Vape desechable<\/a>, <a href=\"https:\/\/vapestornado.com\/es\/product\/waspe-150k-150000-puff-6-in-1-disposable-vape-pen-cartridge-best-wholesale-price-in-poland\/\">WASPE 150K Puff 6 en 1<\/a>, y m\u00e1s.<\/p>\n<p data-start=\"559\" data-end=\"933\" data-is-last-node=\"\" data-is-only-node=\"\">\n<\/div>\n<h2>Preguntas frecuentes sobre HiFancy Dream 45k<\/h2>\n<div class=\"relative p-1 rounded-sm flex items-center justify-center bg-token-main-surface-primary text-token-text-primary h-8 w-8\">\n<h3 data-start=\"2713\" data-end=\"2767\"><strong data-start=\"2717\" data-end=\"2765\">1. \u00bfCu\u00e1nto dura el HiFancy Dream 45k?<\/strong><\/h3>\n<p data-start=\"2768\" data-end=\"2924\">El <strong data-start=\"2772\" data-end=\"2793\">HiFancy Dream 45k<\/strong> ofrece hasta <strong data-start=\"2807\" data-end=\"2823\">45,000 caladas<\/strong>, soportado por un tanque de 39 ml y una bater\u00eda recargable de 650 mAh, que ofrece a la mayor\u00eda de los usuarios un uso prolongado de varios d\u00edas.<\/p>\n<h3 data-start=\"2926\" data-end=\"2984\"><strong data-start=\"2930\" data-end=\"2982\">2. \u00bfEl HiFancy Dream 45000 usa una bobina de malla?<\/strong><\/h3>\n<p data-start=\"2985\" data-end=\"3103\">S\u00ed. Cuenta con una <strong data-start=\"3004\" data-end=\"3024\">bobina de malla doble<\/strong> para mayor claridad en el sabor y vapor m\u00e1s suave durante todo el ciclo de calada.<\/p>\n<h3 data-start=\"3105\" data-end=\"3159\"><strong data-start=\"3109\" data-end=\"3157\">3. \u00bfQu\u00e9 hace que el env\u00edo sea m\u00e1s r\u00e1pido para los compradores de la UE?<\/strong><\/h3>\n<p data-start=\"3160\" data-end=\"3297\">El producto se env\u00eda directamente desde un <strong data-start=\"3195\" data-end=\"3211\">almac\u00e9n de la UE<\/strong>, asegurando una entrega m\u00e1s r\u00e1pida y evitando largos retrasos en aduanas para mayoristas europeos.<\/p>\n<h3 data-start=\"3299\" data-end=\"3364\"><strong data-start=\"3303\" data-end=\"3362\">4. \u00bfEl HiFancy Dream 45k tiene indicador de bater\u00eda?<\/strong><\/h3>\n<p data-start=\"3365\" data-end=\"3499\">S\u00ed. Un <strong data-start=\"3372\" data-end=\"3405\">pantalla digital de nivel de bater\u00eda<\/strong> muestra los niveles de bater\u00eda en tiempo real, mejorando la confianza del usuario y reduciendo p\u00e9rdidas de energ\u00eda inesperadas.<\/p>\n<h3 data-start=\"3501\" data-end=\"3571\"><strong data-start=\"3505\" data-end=\"3569\">5. \u00bfCu\u00e1les son los sabores m\u00e1s vendidos de HiFancy Dream 45000?<\/strong><\/h3>\n<p data-start=\"3572\" data-end=\"3733\">Las opciones populares incluyen <strong data-start=\"3596\" data-end=\"3614\">Hielo de sand\u00eda<\/strong>, <strong data-start=\"3616\" data-end=\"3633\">Helado de Frambuesa Azul<\/strong>, <strong data-start=\"3635\" data-end=\"3646\">Amor 66<\/strong>, y <strong data-start=\"3652\" data-end=\"3678\">Melocot\u00f3n Mango Sand\u00eda<\/strong>, preferidos por su dulzura equilibrada y acabado fresco.<\/p>\n<\/div>\n<\/div>\n<\/div>\n<\/div>","protected":false},"excerpt":{"rendered":"<article class=\"text-token-text-primary w-full focus:outline-none [--shadow-height:45px] has-data-writing-block:pointer-events-none has-data-writing-block:-mt-(--shadow-height) has-data-writing-block:pt-(--shadow-height) [&amp;:has([data-writing-block])&gt;*]:pointer-events-auto [content-visibility:auto] supports-[content-visibility:auto]:[contain-intrinsic-size:auto_100lvh] scroll-mt-[calc(var(--header-height)+min(200px,max(70px,20svh)))]\" dir=\"auto\" tabindex=\"-1\" data-turn-id=\"86ca9d92-7a10-4e6b-bda0-15f9df36adca\" data-testid=\"conversation-turn-120\" data-scroll-anchor=\"true\" data-turn=\"assistant\">\n<div class=\"text-base my-auto mx-auto pb-10 [--thread-content-margin:--spacing(4)] thread-sm:[--thread-content-margin:--spacing(6)] thread-lg:[--thread-content-margin:--spacing(16)] px-(--thread-content-margin)\">\n<div class=\"[--thread-content-max-width:40rem] thread-lg:[--thread-content-max-width:48rem] mx-auto max-w-(--thread-content-max-width) flex-1 group\/turn-messages focus-visible:outline-hidden relative flex w-full min-w-0 flex-col agent-turn\" tabindex=\"-1\">\n<div class=\"flex max-w-full flex-col grow\">\n<div class=\"min-h-8 text-message relative flex w-full flex-col items-end gap-2 text-start break-words whitespace-normal [.text-message+&amp;]:mt-1\" dir=\"auto\" data-message-author-role=\"assistant\" data-message-id=\"43b070d6-bf28-4fbe-8049-1032a61ea3ac\" data-message-model-slug=\"gpt-5\">\n<div class=\"flex w-full flex-col gap-1 empty:hidden first:pt-[1px]\">\n<div class=\"markdown prose dark:prose-invert w-full break-words light markdown-new-styling\">\n<article class=\"text-token-text-primary w-full focus:outline-none [--shadow-height:45px] has-data-writing-block:pointer-events-none has-data-writing-block:-mt-(--shadow-height) has-data-writing-block:pt-(--shadow-height) [&amp;:has([data-writing-block])&gt;*]:pointer-events-auto [content-visibility:auto] supports-[content-visibility:auto]:[contain-intrinsic-size:auto_100lvh] scroll-mt-[calc(var(--header-height)+min(200px,max(70px,20svh)))]\" dir=\"auto\" tabindex=\"-1\" data-turn-id=\"4d6f00b8-d41a-438b-8912-05a895842882\" data-testid=\"conversation-turn-130\" data-scroll-anchor=\"true\" data-turn=\"assistant\">\n<div class=\"text-base my-auto mx-auto pb-10 [--thread-content-margin:--spacing(4)] thread-sm:[--thread-content-margin:--spacing(6)] thread-lg:[--thread-content-margin:--spacing(16)] px-(--thread-content-margin)\">\n<div class=\"[--thread-content-max-width:40rem] thread-lg:[--thread-content-max-width:48rem] mx-auto max-w-(--thread-content-max-width) flex-1 group\/turn-messages focus-visible:outline-hidden relative flex w-full min-w-0 flex-col agent-turn\" tabindex=\"-1\">\n<div class=\"flex max-w-full flex-col grow\">\n<div class=\"min-h-8 text-message relative flex w-full flex-col items-end gap-2 text-start break-words whitespace-normal [.text-message+&amp;]:mt-1\" dir=\"auto\" data-message-author-role=\"assistant\" data-message-id=\"f3c520bf-c043-4392-87ea-b3bf1b3ae6d3\" data-message-model-slug=\"gpt-5-1\">\n<div class=\"flex w-full flex-col gap-1 empty:hidden first:pt-[1px]\">\n<div class=\"markdown prose dark:prose-invert w-full break-words light markdown-new-styling\">\n<p>Kit de Vapeo HiFancy Dream 45k 45000 Puffs \u2014 Almac\u00e9n de la UE Entrega R\u00e1pida Venta al por Mayor<br \/>\nVenta al por mayor de Kit de Vapeo Desechable HiFancy Dream 45000 con Doble Bobina de Malla Stock en la UE<br \/>\nHiFancy Dream 45k Vape Desechable de Alta Capacidad \u2014 Mejor 45000 Puffs Env\u00edo R\u00e1pido en la UE<\/p>\n<\/div>\n<\/div>\n<\/div>\n<\/div>\n<\/div>\n<\/div>\n<\/article>\n<div class=\"pointer-events-none h-px w-px\" aria-hidden=\"true\" data-edge=\"true\"><\/div>\n<\/div>\n<\/div>\n<\/div>\n<\/div>\n<\/div>\n<\/div>\n<\/article>\n<p><img fetchpriority=\"high\" decoding=\"async\" class=\"size-full wp-image-2932\" src=\"https:\/\/vapestornado.com\/wp-content\/uploads\/2024\/12\/Vape-Wholesale.jpg\" alt=\"Vape al por mayor\" width=\"229\" height=\"300\" \/><\/p>\n<h3><a href=\"https:\/\/wa.me\/8617776015835\"><span style=\"color: #ff0000;\"><strong>WhatsApp: +86 17776015835<\/strong><\/span><\/a><\/h3>\n<p>&nbsp;<\/p>","protected":false},"featured_media":4581,"comment_status":"open","ping_status":"closed","template":"","meta":{"_acf_changed":false,"_uag_custom_page_level_css":"","_lmt_disableupdate":"no","_lmt_disable":"","_monsterinsights_skip_tracking":false,"_monsterinsights_sitenote_active":false,"_monsterinsights_sitenote_note":"","_monsterinsights_sitenote_category":0,"site-sidebar-layout":"default","site-content-layout":"","ast-site-content-layout":"default","site-content-style":"default","site-sidebar-style":"default","ast-global-header-display":"","ast-banner-title-visibility":"","ast-main-header-display":"","ast-hfb-above-header-display":"","ast-hfb-below-header-display":"","ast-hfb-mobile-header-display":"","site-post-title":"","ast-breadcrumbs-content":"","ast-featured-img":"","footer-sml-layout":"","ast-disable-related-posts":"","theme-transparent-header-meta":"default","adv-header-id-meta":"","stick-header-meta":"","header-above-stick-meta":"","header-main-stick-meta":"","header-below-stick-meta":"","astra-migrate-meta-layouts":"set","ast-page-background-enabled":"default","ast-page-background-meta":{"desktop":{"background-color":"","background-image":"","background-repeat":"repeat","background-position":"center center","background-size":"auto","background-attachment":"scroll","background-type":"","background-media":"","overlay-type":"","overlay-color":"","overlay-opacity":"","overlay-gradient":""},"tablet":{"background-color":"","background-image":"","background-repeat":"repeat","background-position":"center center","background-size":"auto","background-attachment":"scroll","background-type":"","background-media":"","overlay-type":"","overlay-color":"","overlay-opacity":"","overlay-gradient":""},"mobile":{"background-color":"","background-image":"","background-repeat":"repeat","background-position":"center center","background-size":"auto","background-attachment":"scroll","background-type":"","background-media":"","overlay-type":"","overlay-color":"","overlay-opacity":"","overlay-gradient":""}},"ast-content-background-meta":{"desktop":{"background-color":"var(--ast-global-color-5)","background-image":"","background-repeat":"repeat","background-position":"center center","background-size":"auto","background-attachment":"scroll","background-type":"","background-media":"","overlay-type":"","overlay-color":"","overlay-opacity":"","overlay-gradient":""},"tablet":{"background-color":"var(--ast-global-color-5)","background-image":"","background-repeat":"repeat","background-position":"center center","background-size":"auto","background-attachment":"scroll","background-type":"","background-media":"","overlay-type":"","overlay-color":"","overlay-opacity":"","overlay-gradient":""},"mobile":{"background-color":"var(--ast-global-color-5)","background-image":"","background-repeat":"repeat","background-position":"center center","background-size":"auto","background-attachment":"scroll","background-type":"","background-media":"","overlay-type":"","overlay-color":"","overlay-opacity":"","overlay-gradient":""}},"_joinchat":{"telephone":"17776015835"}},"product_brand":[],"product_cat":[265,149,150,151,156,357,146],"product_tag":[105,446,443,444,436,268,445],"class_list":{"0":"post-4582","1":"product","2":"type-product","3":"status-publish","4":"has-post-thumbnail","6":"product_cat-45000-puff","7":"product_cat-buy-disposable-vapes-in-austria","8":"product_cat-buy-disposable-vapes-in-belgium","9":"product_cat-buy-disposable-vapes-in-france","10":"product_cat-buy-disposable-vapes-in-poland","11":"product_cat-flavor-adjustable-vape","12":"product_cat-rechargeable-disposable-vapes","13":"product_tag-digital-disposable-vape","14":"product_tag-disposable-vape-kit","15":"product_tag-hifancy-dream-450000","16":"product_tag-hifancy-dream-45k","17":"product_tag-shop-vape-online","18":"product_tag-touch-screen-vape","19":"product_tag-vape-eu-warehouse-fast-shipping","20":"desktop-align-left","21":"tablet-align-left","22":"mobile-align-left","24":"first","25":"instock","26":"sale","27":"shipping-taxable","28":"purchasable","29":"product-type-simple"},"acf":[],"uagb_featured_image_src":{"full":["https:\/\/vapestornado.com\/wp-content\/uploads\/2025\/11\/Shop-HIFANCY-45k-Disposable-Vape-Bar.webp",800,800,false],"thumbnail":["https:\/\/vapestornado.com\/wp-content\/uploads\/2025\/11\/Shop-HIFANCY-45k-Disposable-Vape-Bar-150x150.webp",150,150,true],"medium":["https:\/\/vapestornado.com\/wp-content\/uploads\/2025\/11\/Shop-HIFANCY-45k-Disposable-Vape-Bar-300x300.webp",300,300,true],"medium_large":["https:\/\/vapestornado.com\/wp-content\/uploads\/2025\/11\/Shop-HIFANCY-45k-Disposable-Vape-Bar-768x768.webp",768,768,true],"large":["https:\/\/vapestornado.com\/wp-content\/uploads\/2025\/11\/Shop-HIFANCY-45k-Disposable-Vape-Bar.webp",800,800,false],"1536x1536":["https:\/\/vapestornado.com\/wp-content\/uploads\/2025\/11\/Shop-HIFANCY-45k-Disposable-Vape-Bar.webp",800,800,false],"2048x2048":["https:\/\/vapestornado.com\/wp-content\/uploads\/2025\/11\/Shop-HIFANCY-45k-Disposable-Vape-Bar.webp",800,800,false],"trp-custom-language-flag":["https:\/\/vapestornado.com\/wp-content\/uploads\/2025\/11\/Shop-HIFANCY-45k-Disposable-Vape-Bar-12x12.webp",12,12,true],"woocommerce_thumbnail":["https:\/\/vapestornado.com\/wp-content\/uploads\/2025\/11\/Shop-HIFANCY-45k-Disposable-Vape-Bar-300x300.webp",300,300,true],"woocommerce_single":["https:\/\/vapestornado.com\/wp-content\/uploads\/2025\/11\/Shop-HIFANCY-45k-Disposable-Vape-Bar-600x600.webp",600,600,true],"woocommerce_gallery_thumbnail":["https:\/\/vapestornado.com\/wp-content\/uploads\/2025\/11\/Shop-HIFANCY-45k-Disposable-Vape-Bar-100x100.webp",100,100,true]},"uagb_author_info":{"display_name":"ESAMY","author_link":"https:\/\/vapestornado.com\/es\/author\/"},"uagb_comment_info":0,"uagb_excerpt":"HiFancy Dream 45k 45000 Puffs Vape Kit \u2014 EU Warehouse Fast Delivery Wholesale Wholesale HiFancy Dream 45000 Disposable Vape Kit with Double Mesh Coil EU Stock HiFancy Dream 45k High-Capacity Disposable \u2014 Best 45000 Puffs Vape Fast Shipping EU WhatsApp: +86 17776015835 &nbsp;","_links":{"self":[{"href":"https:\/\/vapestornado.com\/es\/wp-json\/wp\/v2\/product\/4582","targetHints":{"allow":["GET"]}}],"collection":[{"href":"https:\/\/vapestornado.com\/es\/wp-json\/wp\/v2\/product"}],"about":[{"href":"https:\/\/vapestornado.com\/es\/wp-json\/wp\/v2\/types\/product"}],"replies":[{"embeddable":true,"href":"https:\/\/vapestornado.com\/es\/wp-json\/wp\/v2\/comments?post=4582"}],"wp:featuredmedia":[{"embeddable":true,"href":"https:\/\/vapestornado.com\/es\/wp-json\/wp\/v2\/media\/4581"}],"wp:attachment":[{"href":"https:\/\/vapestornado.com\/es\/wp-json\/wp\/v2\/media?parent=4582"}],"wp:term":[{"taxonomy":"product_brand","embeddable":true,"href":"https:\/\/vapestornado.com\/es\/wp-json\/wp\/v2\/product_brand?post=4582"},{"taxonomy":"product_cat","embeddable":true,"href":"https:\/\/vapestornado.com\/es\/wp-json\/wp\/v2\/product_cat?post=4582"},{"taxonomy":"product_tag","embeddable":true,"href":"https:\/\/vapestornado.com\/es\/wp-json\/wp\/v2\/product_tag?post=4582"}],"curies":[{"name":"wp","href":"https:\/\/api.w.org\/{rel}","templated":true}]}}