{"id":4574,"date":"2025-11-19T09:46:33","date_gmt":"2025-11-19T09:46:33","guid":{"rendered":"https:\/\/vapestornado.com\/?post_type=product&#038;p=4574"},"modified":"2025-11-19T09:57:52","modified_gmt":"2025-11-19T09:57:52","slug":"vaprivee-50k-50000-puff-touch-screen-vape-best-wholesale-france","status":"publish","type":"product","link":"https:\/\/vapestornado.com\/es\/product\/vaprivee-50k-50000-puff-touch-screen-vape-best-wholesale-france\/","title":{"rendered":"VAPRIVEE 50k 50000 Puff Pantalla T\u00e1ctil Vape Mejor Mayorista en Espa\u00f1a"},"content":{"rendered":"<h2 data-pm-slice=\"1 1 []\">VAPRIV\u00c9E 50K Vape con pantalla t\u00e1ctil de 50000 caladas \u2014 La mejor opci\u00f3n al por mayor para Espa\u00f1a<\/h2>\n<p data-start=\"344\" data-end=\"802\">El <strong data-start=\"348\" data-end=\"364\">VAPRIV\u00c9E 50K<\/strong> dise\u00f1ado para minoristas que apuntan a consumidores conscientes de la moda en toda Espa\u00f1a y otras regiones de habla hispana. Su cuerpo elegante estilo bolso, combinado con una superficie decorada con adhesivos de diamantes hechos a mano, le confiere una identidad premium que atrae inmediatamente a compradores que valoran la est\u00e9tica tanto como el rendimiento. Este modelo funciona excepcionalmente bien en estanter\u00edas de vapeo orientadas al estilo de vida, tiendas boutique y colecciones mayoristas enfocadas en tendencias.<\/p>\n<p data-start=\"804\" data-end=\"1319\">Ingeniado con dos modos de potencia\u2014<strong data-start=\"836\" data-end=\"871\">Suave 50K para mayor durabilidad<\/strong> y el <strong data-start=\"876\" data-end=\"916\">Impulso 30K para una calada m\u00e1s fuerte y densa<\/strong>\u2014el dispositivo ofrece flexibilidad para diferentes preferencias de vapeo. La salida de 22\u201328W, <strong data-start=\"1002\" data-end=\"1020\">bobina de malla dual<\/strong> estructura y sistema de flujo de aire ajustable aseguran una inhalaci\u00f3n suave y una calidad de vapor estable, ya sea que los clientes prefieran una calada ligera diaria o una sesi\u00f3n m\u00e1s intensa. Su gran <strong data-start=\"1190\" data-end=\"1215\">pantalla t\u00e1ctil Mega LED<\/strong> permite a los usuarios verificar instant\u00e1neamente la duraci\u00f3n de la bater\u00eda y los niveles de e-l\u00edquido, a\u00f1adiendo comodidad y atractivo moderno.<\/p>\n<p data-start=\"1321\" data-end=\"1755\">Con el apoyo de una <strong data-start=\"1336\" data-end=\"1374\">bater\u00eda recargable Tipo-C de 900mAh<\/strong> y una <strong data-start=\"1381\" data-end=\"1406\">c\u00e1mara de 20ml de e-l\u00edquido<\/strong>, el VAPRIV\u00c9E 50K mantiene un sabor consistente de principio a fin. Para mayoristas que ya ofrecen vapes de 50,000 caladas, este modelo funciona perfectamente como una alternativa premium, con dise\u00f1o prioritario, especialmente para clientes que valoran hardware con estilo. Con un MOQ desde solo 50 unidades, es una adici\u00f3n s\u00f3lida a cualquier l\u00ednea mayorista enfocada en Espa\u00f1a.<\/p>\n<p data-start=\"666\" data-end=\"1235\"><strong style=\"font-size: 16px;\"><span style=\"color: #ff0000;\">\u00a1A\u00f1ade el WhatsApp de Amy para obtener una respuesta correcta y un precio con descuento!<\/span><\/strong><\/p>\n<p><img fetchpriority=\"high\" decoding=\"async\" class=\"size-full wp-image-2932\" src=\"https:\/\/vapestornado.com\/wp-content\/uploads\/2024\/12\/Vape-Wholesale.jpg\" alt=\"Vape al por mayor\" width=\"229\" height=\"300\" \/><\/p>\n<h3><a href=\"https:\/\/wa.me\/8617776015835\" target=\"_blank\" rel=\"noopener\"><span style=\"color: #ff0000;\"><strong>WhatsApp: +86 17776015835<\/strong><\/span><\/a><\/h3>\n<p>&nbsp;<\/p>\n<h2><strong>\u00bfQu\u00e9 hace que el vaporizador desechable VAPRIVEE 50k de 50000 caladas destaque?<\/strong><\/h2>\n<ul>\n<li data-start=\"2123\" data-end=\"2158\">\n<p data-start=\"2125\" data-end=\"2158\"><strong data-start=\"2125\" data-end=\"2135\">Caladas:<\/strong> Suave 50K \/ Impulso 30K<\/p>\n<\/li>\n<li data-start=\"2159\" data-end=\"2187\">\n<p data-start=\"2161\" data-end=\"2187\"><strong data-start=\"2161\" data-end=\"2178\">Potencia de salida:<\/strong> 22\u201328W<\/p>\n<\/li>\n<li data-start=\"2188\" data-end=\"2225\">\n<p data-start=\"2190\" data-end=\"2225\"><strong data-start=\"2190\" data-end=\"2201\">Pantalla:<\/strong> pantalla t\u00e1ctil Mega LED<\/p>\n<\/li>\n<li data-start=\"2226\" data-end=\"2255\">\n<p data-start=\"2228\" data-end=\"2255\"><strong data-start=\"2228\" data-end=\"2237\">Resistencia:<\/strong> Resistencias de malla dual<\/p>\n<\/li>\n<li data-start=\"2256\" data-end=\"2291\">\n<p data-start=\"2258\" data-end=\"2291\"><strong data-start=\"2258\" data-end=\"2270\">Flujo de aire:<\/strong> Flujo de aire ajustable<\/p>\n<\/li>\n<li data-start=\"2292\" data-end=\"2323\">\n<p data-start=\"2294\" data-end=\"2323\"><strong data-start=\"2294\" data-end=\"2316\">Capacidad de E-l\u00edquido:<\/strong> 20ml<\/p>\n<\/li>\n<li data-start=\"2324\" data-end=\"2369\">\n<p data-start=\"2326\" data-end=\"2369\"><strong data-start=\"2326\" data-end=\"2338\">Bater\u00eda:<\/strong> Bater\u00eda recargable de 900mAh (Tipo-C)<\/p>\n<\/li>\n<li data-start=\"2370\" data-end=\"2441\">\n<p data-start=\"2372\" data-end=\"2441\"><strong data-start=\"2372\" data-end=\"2383\">Dise\u00f1o:<\/strong> Cuerpo estilo bolso con acabado de pegatina de diamantes hecho a mano<\/p>\n<\/li>\n<\/ul>\n<figure id=\"attachment_4568\" aria-describedby=\"caption-attachment-4568\" style=\"width: 300px\" class=\"wp-caption alignnone\"><img decoding=\"async\" class=\"size-medium wp-image-4568\" src=\"https:\/\/vapestornado.com\/wp-content\/uploads\/2025\/11\/VAPRIVEE-50k-50000-Puff-Disposable-Vape-300x300.webp\" alt=\"VAPRIVEE 50k 50000 Puff Vape desechable\" width=\"300\" height=\"300\" srcset=\"https:\/\/vapestornado.com\/wp-content\/uploads\/2025\/11\/VAPRIVEE-50k-50000-Puff-Disposable-Vape-300x300.webp 300w, https:\/\/vapestornado.com\/wp-content\/uploads\/2025\/11\/VAPRIVEE-50k-50000-Puff-Disposable-Vape-150x150.webp 150w, https:\/\/vapestornado.com\/wp-content\/uploads\/2025\/11\/VAPRIVEE-50k-50000-Puff-Disposable-Vape-768x768.webp 768w, https:\/\/vapestornado.com\/wp-content\/uploads\/2025\/11\/VAPRIVEE-50k-50000-Puff-Disposable-Vape-12x12.webp 12w, https:\/\/vapestornado.com\/wp-content\/uploads\/2025\/11\/VAPRIVEE-50k-50000-Puff-Disposable-Vape-600x600.webp 600w, https:\/\/vapestornado.com\/wp-content\/uploads\/2025\/11\/VAPRIVEE-50k-50000-Puff-Disposable-Vape-100x100.webp 100w, https:\/\/vapestornado.com\/wp-content\/uploads\/2025\/11\/VAPRIVEE-50k-50000-Puff-Disposable-Vape.webp 800w\" sizes=\"(max-width: 300px) 100vw, 300px\" \/><figcaption id=\"caption-attachment-4568\" class=\"wp-caption-text\">VAPRIVEE 50k 50000 Puff Vape desechable<\/figcaption><\/figure>\n<h2><strong>VAPRIVEE 50000<\/strong><strong> Lista de sabores de vaporizadores desechables con Puffs<\/strong><\/h2>\n<ul>\n<li data-start=\"1800\" data-end=\"1813\">\n<p data-start=\"1803\" data-end=\"1813\">Chupete<\/p>\n<\/li>\n<li data-start=\"1814\" data-end=\"1834\">\n<p data-start=\"1817\" data-end=\"1834\">Limonada Blue Razz<\/p>\n<\/li>\n<li data-start=\"1835\" data-end=\"1852\">\n<p data-start=\"1838\" data-end=\"1852\">Cereza Manzana<\/p>\n<\/li>\n<li data-start=\"1853\" data-end=\"1874\">\n<p data-start=\"1856\" data-end=\"1874\">Gomitas de Cola y Osos<\/p>\n<\/li>\n<li data-start=\"1875\" data-end=\"1892\">\n<p data-start=\"1878\" data-end=\"1892\">Mango Doble<\/p>\n<\/li>\n<li data-start=\"1893\" data-end=\"1907\">\n<p data-start=\"1896\" data-end=\"1907\">Hielo de Uva<\/p>\n<\/li>\n<li data-start=\"1908\" data-end=\"1939\">\n<p data-start=\"1911\" data-end=\"1939\">Mangost\u00e1n Rambut\u00e1n Longan<\/p>\n<\/li>\n<li data-start=\"1940\" data-end=\"1961\">\n<p data-start=\"1943\" data-end=\"1961\">Caramelo Menta Miami<\/p>\n<\/li>\n<li data-start=\"1962\" data-end=\"1993\">\n<p data-start=\"1965\" data-end=\"1993\">Fresa Frambuesa Lim\u00f3n<\/p>\n<\/li>\n<li data-start=\"1994\" data-end=\"2030\">\n<p data-start=\"1998\" data-end=\"2030\">Sand\u00eda Pi\u00f1a Frambuesa<\/p>\n<\/li>\n<li data-start=\"2031\" data-end=\"2047\">\n<p data-start=\"2035\" data-end=\"2047\">Sand\u00eda<\/p>\n<\/li>\n<li data-start=\"2048\" data-end=\"2075\">\n<p data-start=\"2052\" data-end=\"2075\">Durazno blanco y frambuesa<\/p>\n<\/li>\n<\/ul>\n<p>&nbsp;<\/p>\n<h2>\u00bfPor qu\u00e9 elegir Vapestornado para compra al por mayor de vaporizadores desechables?<\/h2>\n<div class=\"flex-shrink-0 flex flex-col relative items-end\">\n<div class=\"pt-0\">\n<div class=\"gizmo-bot-avatar flex h-8 w-8 items-center justify-center overflow-hidden rounded-full\">\n<div class=\"relative p-1 rounded-sm flex items-center justify-center bg-token-main-surface-primary text-token-text-primary h-8 w-8\">\n<p data-start=\"648\" data-end=\"799\">Elegir <strong data-start=\"189\" data-end=\"205\">Vapestornado<\/strong> como su proveedor para <strong data-start=\"227\" data-end=\"261\">Elf Bar Moon Night 40000 caladas<\/strong> significa asegurar un socio que comprenda las necesidades de mayoristas y minoristas con sede en Espa\u00f1a. Nos enfocamos en entregas r\u00e1pidas, stock verificado y suministro estable a largo plazo\u2014factores clave para negocios que venden productos de alto volumen como el <strong data-start=\"489\" data-end=\"515\">Elf Bar Noche de Luna 40K<\/strong>. Cada lote se obtiene directamente de canales certificados, garantizando productos aut\u00e9nticos, una fuerte consistencia en el sabor y una calidad confiable que cumple con las expectativas de los compradores en Espa\u00f1a.<\/p>\n<p data-start=\"559\" data-end=\"933\" data-is-last-node=\"\" data-is-only-node=\"\">Tambi\u00e9n tenemos otros vaporizadores desechables populares con pantalla como <a href=\"https:\/\/vapestornado.com\/es\/product\/uzy-150k-puffs-6-in-1-flavor-switch-disposable-vape-pen-wholesale\/\">Vape de cambio de sabor UZY 150K Puff<\/a>, <a href=\"https:\/\/vapestornado.com\/es\/product\/vozol-rave-40k-40000-puffs-disposable-vape-smart-screen-5-nicotine\/\">VOZOL RAVE 40K Vape desechable<\/a>, <a href=\"https:\/\/vapestornado.com\/es\/product\/waspe-150k-150000-puff-6-in-1-disposable-vape-pen-cartridge-best-wholesale-price-in-poland\/\">WASPE 150K Puff 6 en 1<\/a>, y m\u00e1s.<\/p>\n<\/div>\n<div class=\"relative p-1 rounded-sm flex items-center justify-center bg-token-main-surface-primary text-token-text-primary h-8 w-8\">\n<h2><\/h2>\n<p data-start=\"5242\" data-end=\"5375\">\n<\/div>\n<\/div>\n<\/div>\n<\/div>","protected":false},"excerpt":{"rendered":"<article class=\"text-token-text-primary w-full focus:outline-none [--shadow-height:45px] has-data-writing-block:pointer-events-none has-data-writing-block:-mt-(--shadow-height) has-data-writing-block:pt-(--shadow-height) [&amp;:has([data-writing-block])&gt;*]:pointer-events-auto [content-visibility:auto] supports-[content-visibility:auto]:[contain-intrinsic-size:auto_100lvh] scroll-mt-[calc(var(--header-height)+min(200px,max(70px,20svh)))]\" dir=\"auto\" tabindex=\"-1\" data-turn-id=\"86ca9d92-7a10-4e6b-bda0-15f9df36adca\" data-testid=\"conversation-turn-120\" data-scroll-anchor=\"true\" data-turn=\"assistant\">\n<div class=\"text-base my-auto mx-auto pb-10 [--thread-content-margin:--spacing(4)] thread-sm:[--thread-content-margin:--spacing(6)] thread-lg:[--thread-content-margin:--spacing(16)] px-(--thread-content-margin)\">\n<div class=\"[--thread-content-max-width:40rem] thread-lg:[--thread-content-max-width:48rem] mx-auto max-w-(--thread-content-max-width) flex-1 group\/turn-messages focus-visible:outline-hidden relative flex w-full min-w-0 flex-col agent-turn\" tabindex=\"-1\">\n<div class=\"flex max-w-full flex-col grow\">\n<div class=\"min-h-8 text-message relative flex w-full flex-col items-end gap-2 text-start break-words whitespace-normal [.text-message+&amp;]:mt-1\" dir=\"auto\" data-message-author-role=\"assistant\" data-message-id=\"43b070d6-bf28-4fbe-8049-1032a61ea3ac\" data-message-model-slug=\"gpt-5\">\n<div class=\"flex w-full flex-col gap-1 empty:hidden first:pt-[1px]\">\n<div class=\"markdown prose dark:prose-invert w-full break-words light markdown-new-styling\">\n<article class=\"text-token-text-primary w-full focus:outline-none [--shadow-height:45px] has-data-writing-block:pointer-events-none has-data-writing-block:-mt-(--shadow-height) has-data-writing-block:pt-(--shadow-height) [&amp;:has([data-writing-block])&gt;*]:pointer-events-auto [content-visibility:auto] supports-[content-visibility:auto]:[contain-intrinsic-size:auto_100lvh] scroll-mt-[calc(var(--header-height)+min(200px,max(70px,20svh)))]\" dir=\"auto\" tabindex=\"-1\" data-turn-id=\"4d6f00b8-d41a-438b-8912-05a895842882\" data-testid=\"conversation-turn-130\" data-scroll-anchor=\"true\" data-turn=\"assistant\">\n<div class=\"text-base my-auto mx-auto pb-10 [--thread-content-margin:--spacing(4)] thread-sm:[--thread-content-margin:--spacing(6)] thread-lg:[--thread-content-margin:--spacing(16)] px-(--thread-content-margin)\">\n<div class=\"[--thread-content-max-width:40rem] thread-lg:[--thread-content-max-width:48rem] mx-auto max-w-(--thread-content-max-width) flex-1 group\/turn-messages focus-visible:outline-hidden relative flex w-full min-w-0 flex-col agent-turn\" tabindex=\"-1\">\n<div class=\"flex max-w-full flex-col grow\">\n<div class=\"min-h-8 text-message relative flex w-full flex-col items-end gap-2 text-start break-words whitespace-normal [.text-message+&amp;]:mt-1\" dir=\"auto\" data-message-author-role=\"assistant\" data-message-id=\"f3c520bf-c043-4392-87ea-b3bf1b3ae6d3\" data-message-model-slug=\"gpt-5-1\">\n<div class=\"flex w-full flex-col gap-1 empty:hidden first:pt-[1px]\">\n<div class=\"markdown prose dark:prose-invert w-full break-words light markdown-new-styling\">\n<p>1. VAPRIV\u00c9E 50K Dispositivo desechable con pantalla t\u00e1ctil \u2013 Premium 50000 caladas al por mayor en Espa\u00f1a<br \/>\n2. Suministro a granel en Espa\u00f1a: VAPRIV\u00c9E 50K Vape de moda con Mega LED y bobinas de malla doble<br \/>\n3. Vape desechable VAPRIV\u00c9E 50000 caladas estilo bolso al por mayor \u2013 Mejor vendedor para minoristas en Espa\u00f1a<\/p>\n<\/div>\n<\/div>\n<\/div>\n<\/div>\n<\/div>\n<\/div>\n<\/article>\n<div class=\"pointer-events-none h-px w-px\" aria-hidden=\"true\" data-edge=\"true\"><\/div>\n<\/div>\n<\/div>\n<\/div>\n<\/div>\n<\/div>\n<\/div>\n<\/article>\n<p><img fetchpriority=\"high\" decoding=\"async\" class=\"size-full wp-image-2932\" src=\"https:\/\/vapestornado.com\/wp-content\/uploads\/2024\/12\/Vape-Wholesale.jpg\" alt=\"Vape al por mayor\" width=\"229\" height=\"300\" \/><\/p>\n<h3><a href=\"https:\/\/wa.me\/8617776015835\"><span style=\"color: #ff0000;\"><strong>WhatsApp: +86 17776015835<\/strong><\/span><\/a><\/h3>\n<p>&nbsp;<\/p>","protected":false},"featured_media":4572,"comment_status":"open","ping_status":"closed","template":"","meta":{"_acf_changed":false,"_uag_custom_page_level_css":"","_lmt_disableupdate":"no","_lmt_disable":"","_monsterinsights_skip_tracking":false,"_monsterinsights_sitenote_active":false,"_monsterinsights_sitenote_note":"","_monsterinsights_sitenote_category":0,"site-sidebar-layout":"default","site-content-layout":"","ast-site-content-layout":"default","site-content-style":"default","site-sidebar-style":"default","ast-global-header-display":"","ast-banner-title-visibility":"","ast-main-header-display":"","ast-hfb-above-header-display":"","ast-hfb-below-header-display":"","ast-hfb-mobile-header-display":"","site-post-title":"","ast-breadcrumbs-content":"","ast-featured-img":"","footer-sml-layout":"","ast-disable-related-posts":"","theme-transparent-header-meta":"default","adv-header-id-meta":"","stick-header-meta":"","header-above-stick-meta":"","header-main-stick-meta":"","header-below-stick-meta":"","astra-migrate-meta-layouts":"set","ast-page-background-enabled":"default","ast-page-background-meta":{"desktop":{"background-color":"","background-image":"","background-repeat":"repeat","background-position":"center center","background-size":"auto","background-attachment":"scroll","background-type":"","background-media":"","overlay-type":"","overlay-color":"","overlay-opacity":"","overlay-gradient":""},"tablet":{"background-color":"","background-image":"","background-repeat":"repeat","background-position":"center center","background-size":"auto","background-attachment":"scroll","background-type":"","background-media":"","overlay-type":"","overlay-color":"","overlay-opacity":"","overlay-gradient":""},"mobile":{"background-color":"","background-image":"","background-repeat":"repeat","background-position":"center center","background-size":"auto","background-attachment":"scroll","background-type":"","background-media":"","overlay-type":"","overlay-color":"","overlay-opacity":"","overlay-gradient":""}},"ast-content-background-meta":{"desktop":{"background-color":"var(--ast-global-color-5)","background-image":"","background-repeat":"repeat","background-position":"center center","background-size":"auto","background-attachment":"scroll","background-type":"","background-media":"","overlay-type":"","overlay-color":"","overlay-opacity":"","overlay-gradient":""},"tablet":{"background-color":"var(--ast-global-color-5)","background-image":"","background-repeat":"repeat","background-position":"center center","background-size":"auto","background-attachment":"scroll","background-type":"","background-media":"","overlay-type":"","overlay-color":"","overlay-opacity":"","overlay-gradient":""},"mobile":{"background-color":"var(--ast-global-color-5)","background-image":"","background-repeat":"repeat","background-position":"center center","background-size":"auto","background-attachment":"scroll","background-type":"","background-media":"","overlay-type":"","overlay-color":"","overlay-opacity":"","overlay-gradient":""}},"_joinchat":{"telephone":"17776015835"}},"product_brand":[],"product_cat":[192,149,150,151,156,357,146],"product_tag":[105,189,436,268,442],"class_list":{"0":"post-4574","1":"product","2":"type-product","3":"status-publish","4":"has-post-thumbnail","6":"product_cat-50000-puff","7":"product_cat-buy-disposable-vapes-in-austria","8":"product_cat-buy-disposable-vapes-in-belgium","9":"product_cat-buy-disposable-vapes-in-france","10":"product_cat-buy-disposable-vapes-in-poland","11":"product_cat-flavor-adjustable-vape","12":"product_cat-rechargeable-disposable-vapes","13":"product_tag-digital-disposable-vape","14":"product_tag-puff-50k","15":"product_tag-shop-vape-online","16":"product_tag-touch-screen-vape","17":"product_tag-vaprivee-50k","18":"desktop-align-left","19":"tablet-align-left","20":"mobile-align-left","22":"first","23":"instock","24":"sale","25":"shipping-taxable","26":"purchasable","27":"product-type-simple"},"acf":[],"uagb_featured_image_src":{"full":["https:\/\/vapestornado.com\/wp-content\/uploads\/2025\/11\/VAPRIVEE-50000-Puff-50k-Popular-Vapes.webp",800,800,false],"thumbnail":["https:\/\/vapestornado.com\/wp-content\/uploads\/2025\/11\/VAPRIVEE-50000-Puff-50k-Popular-Vapes-150x150.webp",150,150,true],"medium":["https:\/\/vapestornado.com\/wp-content\/uploads\/2025\/11\/VAPRIVEE-50000-Puff-50k-Popular-Vapes-300x300.webp",300,300,true],"medium_large":["https:\/\/vapestornado.com\/wp-content\/uploads\/2025\/11\/VAPRIVEE-50000-Puff-50k-Popular-Vapes-768x768.webp",768,768,true],"large":["https:\/\/vapestornado.com\/wp-content\/uploads\/2025\/11\/VAPRIVEE-50000-Puff-50k-Popular-Vapes.webp",800,800,false],"1536x1536":["https:\/\/vapestornado.com\/wp-content\/uploads\/2025\/11\/VAPRIVEE-50000-Puff-50k-Popular-Vapes.webp",800,800,false],"2048x2048":["https:\/\/vapestornado.com\/wp-content\/uploads\/2025\/11\/VAPRIVEE-50000-Puff-50k-Popular-Vapes.webp",800,800,false],"trp-custom-language-flag":["https:\/\/vapestornado.com\/wp-content\/uploads\/2025\/11\/VAPRIVEE-50000-Puff-50k-Popular-Vapes-12x12.webp",12,12,true],"woocommerce_thumbnail":["https:\/\/vapestornado.com\/wp-content\/uploads\/2025\/11\/VAPRIVEE-50000-Puff-50k-Popular-Vapes-300x300.webp",300,300,true],"woocommerce_single":["https:\/\/vapestornado.com\/wp-content\/uploads\/2025\/11\/VAPRIVEE-50000-Puff-50k-Popular-Vapes-600x600.webp",600,600,true],"woocommerce_gallery_thumbnail":["https:\/\/vapestornado.com\/wp-content\/uploads\/2025\/11\/VAPRIVEE-50000-Puff-50k-Popular-Vapes-100x100.webp",100,100,true]},"uagb_author_info":{"display_name":"ESAMY","author_link":"https:\/\/vapestornado.com\/es\/author\/"},"uagb_comment_info":0,"uagb_excerpt":"1. VAPRIV\u00c9E 50K Touch Screen Disposable \u2013 Premium 50000 Puffs Vape Wholesale France 2. France Bulk Supply: VAPRIV\u00c9E 50K Fashion Vape with Mega LED &amp; Dual Mesh Coils 3. Wholesale VAPRIV\u00c9E 50000 Puff Handbag-Style Vape \u2013 Best Seller for French Retailers WhatsApp: +86 17776015835 &nbsp;","_links":{"self":[{"href":"https:\/\/vapestornado.com\/es\/wp-json\/wp\/v2\/product\/4574","targetHints":{"allow":["GET"]}}],"collection":[{"href":"https:\/\/vapestornado.com\/es\/wp-json\/wp\/v2\/product"}],"about":[{"href":"https:\/\/vapestornado.com\/es\/wp-json\/wp\/v2\/types\/product"}],"replies":[{"embeddable":true,"href":"https:\/\/vapestornado.com\/es\/wp-json\/wp\/v2\/comments?post=4574"}],"wp:featuredmedia":[{"embeddable":true,"href":"https:\/\/vapestornado.com\/es\/wp-json\/wp\/v2\/media\/4572"}],"wp:attachment":[{"href":"https:\/\/vapestornado.com\/es\/wp-json\/wp\/v2\/media?parent=4574"}],"wp:term":[{"taxonomy":"product_brand","embeddable":true,"href":"https:\/\/vapestornado.com\/es\/wp-json\/wp\/v2\/product_brand?post=4574"},{"taxonomy":"product_cat","embeddable":true,"href":"https:\/\/vapestornado.com\/es\/wp-json\/wp\/v2\/product_cat?post=4574"},{"taxonomy":"product_tag","embeddable":true,"href":"https:\/\/vapestornado.com\/es\/wp-json\/wp\/v2\/product_tag?post=4574"}],"curies":[{"name":"wp","href":"https:\/\/api.w.org\/{rel}","templated":true}]}}