{"id":4566,"date":"2025-11-18T08:50:18","date_gmt":"2025-11-18T08:50:18","guid":{"rendered":"https:\/\/vapestornado.com\/?post_type=product&#038;p=4566"},"modified":"2025-11-18T09:04:54","modified_gmt":"2025-11-18T09:04:54","slug":"bang-legend-150000-puffs-6-in-1-flavor-newest-disposable-vape","status":"publish","type":"product","link":"https:\/\/vapestornado.com\/es\/product\/bang-legend-150000-puffs-6-in-1-flavor-newest-disposable-vape\/","title":{"rendered":"Bang Legend 150000 caladas, 6 en 1 sabor, el vaporizador desechable m\u00e1s nuevo"},"content":{"rendered":"<h2 data-pm-slice=\"1 1 []\">Bang Legend 150000 caladas, 6 en 1 sabor, el vaporizador desechable m\u00e1s nuevo \u2014 El mayorista de vaporizadores m\u00e1s vendido en Espa\u00f1a<\/h2>\n<p data-start=\"419\" data-end=\"845\">El <strong data-start=\"423\" data-end=\"451\">Bang Legend 150000 caladas<\/strong> est\u00e1 configurando el mercado de vaporizadores en la UE para 2025 con un formato dise\u00f1ado para mayoristas y consumidores j\u00f3venes masculinos que buscan potencia, profundidad de sabor y rendimiento duradero. Esto <strong data-start=\"614\" data-end=\"640\">El vaporizador desechable m\u00e1s nuevo<\/strong> ofrece una versi\u00f3n mejorada <strong data-start=\"660\" data-end=\"682\">sistema de vaporizador de 6 en 1 sabor<\/strong> que permite a los usuarios cambiar entre seis mezclas premium en un solo dispositivo, simplificando el inventario para los minoristas y ofreciendo una experiencia vers\u00e1til para los usuarios finales.<\/p>\n<p data-start=\"847\" data-end=\"1062\">Dise\u00f1ado pensando en la distribuci\u00f3n mayorista, el Bang Legend 150K combina durabilidad, salida de vapor estable y tecnolog\u00eda de calefacci\u00f3n de primera categor\u00eda, convirti\u00e9ndolo en una opci\u00f3n imprescindible para <strong data-start=\"1023\" data-end=\"1052\">El mayorista de vaporizadores en Espa\u00f1a<\/strong> canales.<\/p>\n<p data-start=\"1064\" data-end=\"1568\">Impulsado por una bater\u00eda recargable de 850mAh y una bobina de malla 1.0*3, el dispositivo ofrece vapor suave y sabor intenso desde la primera calada hasta la \u00faltima. Con carga r\u00e1pida Type-C y una capacidad de <strong data-start=\"1256\" data-end=\"1271\">150000 caladas<\/strong> masiva, este modelo responde a la demanda del mercado de vaporizadores desechables de larga duraci\u00f3n que reducen el tiempo de inactividad y elevan la comodidad del usuario.<\/p>\n<p data-start=\"1570\" data-end=\"1827\">Este es el tipo de dispositivo que valoran las tiendas de la UE: confiable, sabroso, de alta capacidad y listo para compras al por mayor. El <strong data-start=\"1682\" data-end=\"1710\">Bang Legend 150000 caladas<\/strong> no es solo otro desechable, es un l\u00edder en su categor\u00eda dise\u00f1ado para minoristas y distribuidores serios en toda Europa.<\/p>\n<p data-start=\"666\" data-end=\"1235\"><strong style=\"font-size: 16px;\"><span style=\"color: #ff0000;\">\u00a1A\u00f1ade el WhatsApp de Amy para obtener una respuesta correcta y un precio con descuento!<\/span><\/strong><\/p>\n<p><img fetchpriority=\"high\" decoding=\"async\" class=\"size-full wp-image-2932\" src=\"https:\/\/vapestornado.com\/wp-content\/uploads\/2024\/12\/Vape-Wholesale.jpg\" alt=\"Vape al por mayor\" width=\"229\" height=\"300\" \/><\/p>\n<h3><a href=\"https:\/\/wa.me\/8617776015835\" target=\"_blank\" rel=\"noopener\"><span style=\"color: #ff0000;\"><strong>WhatsApp: +86 17776015835<\/strong><\/span><\/a><\/h3>\n<p>&nbsp;<\/p>\n<h2><strong>\u00bfQu\u00e9 hace que el cigarrillo electr\u00f3nico desechable Bang Legend 150000 Puffs destaque?<\/strong><\/h2>\n<ul>\n<li data-start=\"3944\" data-end=\"3990\">\n<p data-start=\"3946\" data-end=\"3990\"><strong data-start=\"3946\" data-end=\"3970\">capacidad de 150000 caladas<\/strong> para uso a largo plazo<\/p>\n<\/li>\n<li data-start=\"3991\" data-end=\"4055\">\n<p data-start=\"3993\" data-end=\"4055\"><strong data-start=\"3993\" data-end=\"4019\">rotaci\u00f3n de sabor 6 en 1<\/strong> dise\u00f1ado para las preferencias de los j\u00f3venes en la UE<\/p>\n<\/li>\n<li data-start=\"4056\" data-end=\"4109\">\n<p data-start=\"4058\" data-end=\"4109\"><strong data-start=\"4058\" data-end=\"4077\">resistencia de malla 1.0*3<\/strong> que proporciona vapor limpio y denso<\/p>\n<\/li>\n<li data-start=\"4110\" data-end=\"4151\">\n<p data-start=\"4112\" data-end=\"4151\"><strong data-start=\"4112\" data-end=\"4130\">La bater\u00eda de 850mAh<\/strong> con salida estable<\/p>\n<\/li>\n<li data-start=\"4152\" data-end=\"4201\">\n<p data-start=\"4154\" data-end=\"4201\"><strong data-start=\"4154\" data-end=\"4178\">carga r\u00e1pida Tipo-C<\/strong> para minimizar el tiempo de inactividad<\/p>\n<\/li>\n<li data-start=\"4202\" data-end=\"4272\">\n<p data-start=\"4204\" data-end=\"4272\"><strong data-start=\"4204\" data-end=\"4229\">personalizaci\u00f3n OEM\/ODM<\/strong> para mayoristas y marcas de etiqueta privada<\/p>\n<\/li>\n<\/ul>\n<figure id=\"attachment_4561\" aria-describedby=\"caption-attachment-4561\" style=\"width: 300px\" class=\"wp-caption alignnone\"><img decoding=\"async\" class=\"size-medium wp-image-4561\" src=\"https:\/\/vapestornado.com\/wp-content\/uploads\/2025\/11\/Bang-Legend-150K-Puff-Multi-Flavor-Disposable-Vape-300x300.webp\" alt=\"Vape desechable Bang Legend 150K Puff de m\u00faltiples sabores\" width=\"300\" height=\"300\" srcset=\"https:\/\/vapestornado.com\/wp-content\/uploads\/2025\/11\/Bang-Legend-150K-Puff-Multi-Flavor-Disposable-Vape-300x300.webp 300w, https:\/\/vapestornado.com\/wp-content\/uploads\/2025\/11\/Bang-Legend-150K-Puff-Multi-Flavor-Disposable-Vape-150x150.webp 150w, https:\/\/vapestornado.com\/wp-content\/uploads\/2025\/11\/Bang-Legend-150K-Puff-Multi-Flavor-Disposable-Vape-768x768.webp 768w, https:\/\/vapestornado.com\/wp-content\/uploads\/2025\/11\/Bang-Legend-150K-Puff-Multi-Flavor-Disposable-Vape-12x12.webp 12w, https:\/\/vapestornado.com\/wp-content\/uploads\/2025\/11\/Bang-Legend-150K-Puff-Multi-Flavor-Disposable-Vape-600x600.webp 600w, https:\/\/vapestornado.com\/wp-content\/uploads\/2025\/11\/Bang-Legend-150K-Puff-Multi-Flavor-Disposable-Vape-100x100.webp 100w, https:\/\/vapestornado.com\/wp-content\/uploads\/2025\/11\/Bang-Legend-150K-Puff-Multi-Flavor-Disposable-Vape.webp 800w\" sizes=\"(max-width: 300px) 100vw, 300px\" \/><figcaption id=\"caption-attachment-4561\" class=\"wp-caption-text\">Vape desechable Bang Legend 150K Puff de m\u00faltiples sabores<\/figcaption><\/figure>\n<h2 class=\"product-title\"><strong>Lista de sabores de los vaporizadores desechables Bang Legend 150000 Puffs<\/strong><\/h2>\n<h2 data-start=\"1834\" data-end=\"1884\"><\/h2>\n<ol>\n<li style=\"list-style-type: none;\">\n<ol data-start=\"1886\" data-end=\"3879\">\n<li data-start=\"1886\" data-end=\"2027\">\n<p data-start=\"1889\" data-end=\"2027\"><strong data-start=\"1889\" data-end=\"1934\">Durazno Hielo \/ Mango Durazno \/ Ar\u00e1ndano Durazno<\/strong><br data-start=\"1934\" data-end=\"1937\" \/>Durazno Hielo + Mango Durazno \/ Durazno Hielo + Ar\u00e1ndano Durazno \/ Mango Durazno + Ar\u00e1ndano Durazno<\/p>\n<\/li>\n<li data-start=\"2028\" data-end=\"2214\">\n<p data-start=\"2031\" data-end=\"2214\"><strong data-start=\"2031\" data-end=\"2091\">Pi\u00f1a Hielo \/ Pi\u00f1a Coco \/ Kiwi Pi\u00f1a<\/strong><br data-start=\"2091\" data-end=\"2094\" \/>Pi\u00f1a Hielo + Pi\u00f1a Coco \/ Pi\u00f1a Hielo + Kiwi Pi\u00f1a \/ Pi\u00f1a Coco + Kiwi Pi\u00f1a<\/p>\n<\/li>\n<li data-start=\"2215\" data-end=\"2371\">\n<p data-start=\"2218\" data-end=\"2371\"><strong data-start=\"2218\" data-end=\"2268\">Uva Hielo \/ Chicle de Uva \/ Uva Frambuesa<\/strong><br data-start=\"2268\" data-end=\"2271\" \/>Uva Hielo + Chicle de Uva \/ Uva Hielo + Uva Frambuesa \/ Chicle de Uva + Uva Frambuesa<\/p>\n<\/li>\n<li data-start=\"2372\" data-end=\"2567\">\n<p data-start=\"2375\" data-end=\"2567\"><strong data-start=\"2375\" data-end=\"2438\">Hielo de Sand\u00eda \/ Bayas de Sand\u00eda \/ Fresa Sand\u00eda<\/strong><br data-start=\"2438\" data-end=\"2441\" \/>Hielo de Sand\u00eda + Bayas de Sand\u00eda \/ Hielo de Sand\u00eda + Fresa Sand\u00eda \/ Bayas de Sand\u00eda + Fresa Sand\u00eda<\/p>\n<\/li>\n<li data-start=\"2568\" data-end=\"2778\">\n<p data-start=\"2571\" data-end=\"2778\"><strong data-start=\"2571\" data-end=\"2639\">Hielo de Ar\u00e1ndano \/ Frambuesa de Ar\u00e1ndano \/ Cereza de Ar\u00e1ndano y Frambuesa<\/strong><br data-start=\"2639\" data-end=\"2642\" \/>Hielo de Ar\u00e1ndano + Frambuesa de Ar\u00e1ndano \/ Hielo de Ar\u00e1ndano + Cereza de Ar\u00e1ndano y Frambuesa \/ Frambuesa de Ar\u00e1ndano + Cereza de Ar\u00e1ndano y Frambuesa<\/p>\n<\/li>\n<li data-start=\"2779\" data-end=\"2950\">\n<p data-start=\"2782\" data-end=\"2950\"><strong data-start=\"2782\" data-end=\"2837\">Hielo de Pl\u00e1tano \/ Fresa Pl\u00e1tano \/ Naranja con \u00c1cido C\u00edtrico<\/strong><br data-start=\"2837\" data-end=\"2840\" \/>Hielo de Pl\u00e1tano + Fresa Pl\u00e1tano \/ Hielo de Pl\u00e1tano + Naranja con \u00c1cido C\u00edtrico \/ Fresa Pl\u00e1tano + Naranja con \u00c1cido C\u00edtrico<\/p>\n<\/li>\n<li data-start=\"2951\" data-end=\"3092\">\n<p data-start=\"2954\" data-end=\"3092\"><strong data-start=\"2954\" data-end=\"2999\">Hielo de Manzana \/ Manzana Uva \/ Ar\u00e1ndano Uva<\/strong><br data-start=\"2999\" data-end=\"3002\" \/>Hielo de Manzana + Manzana Uva \/ Hielo de Manzana + Ar\u00e1ndano Uva \/ Manzana Uva + Ar\u00e1ndano Uva<\/p>\n<\/li>\n<li data-start=\"3093\" data-end=\"3252\">\n<p data-start=\"3096\" data-end=\"3252\"><strong data-start=\"3096\" data-end=\"3147\">Hielo de Mango \/ Durazno Mango Sand\u00eda \/ Osito de Goma<\/strong><br data-start=\"3147\" data-end=\"3150\" \/>Hielo de Mango + Durazno Mango Sand\u00eda \/ Hielo de Mango + Osito de Goma \/ Durazno Mango Sand\u00eda + Osito de Goma<\/p>\n<\/li>\n<li data-start=\"3253\" data-end=\"3382\">\n<p data-start=\"3256\" data-end=\"3382\"><strong data-start=\"3256\" data-end=\"3297\">Hielo de Cereza \/ Frutas Mixtas \/ Cola Roja<\/strong><br data-start=\"3297\" data-end=\"3300\" \/>Hielo de Cereza + Frutas Mixtas \/ Hielo de Cereza + Cola Roja \/ Frutas Mixtas + Cola Roja<\/p>\n<\/li>\n<li data-start=\"3383\" data-end=\"3528\">\n<p data-start=\"3387\" data-end=\"3528\"><strong data-start=\"3387\" data-end=\"3433\">Red Bull \/ Chicle de Sand\u00eda \/ Love 66<\/strong><br data-start=\"3433\" data-end=\"3436\" \/>Red Bull + Chicle de Sand\u00eda \/ Red Bull + Love 66 \/ Chicle de Sand\u00eda + Love 66<\/p>\n<\/li>\n<li data-start=\"3529\" data-end=\"3704\">\n<p data-start=\"3533\" data-end=\"3704\"><strong data-start=\"3533\" data-end=\"3589\">Hielo de Fresa \/ Fresa Kiwi \/ Fresa Lychee<\/strong><br data-start=\"3589\" data-end=\"3592\" \/>Hielo de Fresa + Fresa Kiwi \/ Hielo de Fresa + Fresa Lychee \/ Fresa Kiwi + Fresa Lychee<\/p>\n<\/li>\n<li data-start=\"3705\" data-end=\"3879\">\n<p data-start=\"3709\" data-end=\"3879\"><strong data-start=\"3709\" data-end=\"3772\">Pasi\u00f3n de Fruta de Pasi\u00f3n \/ Guayaba Lima \/ Fruta de Pasi\u00f3n Lim\u00f3n<\/strong><br data-start=\"3772\" data-end=\"3775\" \/>Fruta de Pasi\u00f3n + Guayaba Lima \/ Fruta de Pasi\u00f3n + Fruta de Pasi\u00f3n Lim\u00f3n \/ Guayaba Lima + Fruta de Pasi\u00f3n Lim\u00f3n<\/p>\n<\/li>\n<\/ol>\n<\/li>\n<\/ol>\n<p>&nbsp;<\/p>\n<h2>\u00bfPor qu\u00e9 Elegir Vapestornado para Bang Legend 150000 Puffs Compra al por mayor?<\/h2>\n<div class=\"flex-shrink-0 flex flex-col relative items-end\">\n<div class=\"pt-0\">\n<div class=\"gizmo-bot-avatar flex h-8 w-8 items-center justify-center overflow-hidden rounded-full\">\n<div class=\"relative p-1 rounded-sm flex items-center justify-center bg-token-main-surface-primary text-token-text-primary h-8 w-8\">\n<p data-start=\"648\" data-end=\"799\">Elegir <strong data-start=\"189\" data-end=\"205\">Vapestornado<\/strong> como su proveedor para <strong data-start=\"227\" data-end=\"261\">Elf Bar Moon Night 40000 caladas<\/strong> significa asegurar un socio que comprenda las necesidades de mayoristas y minoristas con sede en Espa\u00f1a. Nos enfocamos en entregas r\u00e1pidas, stock verificado y suministro estable a largo plazo\u2014factores clave para negocios que venden productos de alto volumen como el <strong data-start=\"489\" data-end=\"515\">Elf Bar Noche de Luna 40K<\/strong>. Cada lote se obtiene directamente de canales certificados, garantizando productos aut\u00e9nticos, una fuerte consistencia en el sabor y una calidad confiable que cumple con las expectativas de los compradores en Espa\u00f1a.<\/p>\n<p data-start=\"559\" data-end=\"933\" data-is-last-node=\"\" data-is-only-node=\"\">Tambi\u00e9n tenemos otros vaporizadores desechables populares con pantalla como <a href=\"https:\/\/vapestornado.com\/es\/product\/uzy-150k-puffs-6-in-1-flavor-switch-disposable-vape-pen-wholesale\/\">Vape de cambio de sabor UZY 150K Puff<\/a>, <a href=\"https:\/\/vapestornado.com\/es\/product\/vozol-rave-40k-40000-puffs-disposable-vape-smart-screen-5-nicotine\/\">VOZOL RAVE 40K Vape desechable<\/a>, <a href=\"https:\/\/vapestornado.com\/es\/product\/waspe-150k-150000-puff-6-in-1-disposable-vape-pen-cartridge-best-wholesale-price-in-poland\/\">WASPE 150K Puff 6 en 1<\/a>, y m\u00e1s.<\/p>\n<\/div>\n<div class=\"relative p-1 rounded-sm flex items-center justify-center bg-token-main-surface-primary text-token-text-primary h-8 w-8\">\n<h2>Preguntas frecuentes sobre Bang Legend 150000 caladas<\/h2>\n<p data-start=\"4658\" data-end=\"4815\"><strong data-start=\"4658\" data-end=\"4721\">1. \u00bfCu\u00e1nto tiempo suele durar el Bang Legend 150000 caladas?<\/strong><br data-start=\"4721\" data-end=\"4724\" \/>Para usuarios promedio, el dispositivo puede durar varias semanas debido a su enorme capacidad de 150K caladas.<\/p>\n<p data-start=\"4817\" data-end=\"4927\"><strong data-start=\"4817\" data-end=\"4861\">2. \u00bfEs recargable el Bang Legend 150K?<\/strong><br data-start=\"4861\" data-end=\"4864\" \/>S\u00ed, incluye un puerto Tipo-C para una carga r\u00e1pida y eficiente.<\/p>\n<p data-start=\"4929\" data-end=\"5084\"><strong data-start=\"4929\" data-end=\"4980\">3. \u00bfQu\u00e9 hace que el sistema de sabores 6 en 1 sea especial?<\/strong><br data-start=\"4980\" data-end=\"4983\" \/>Permite a los usuarios cambiar entre seis sabores al instante, reduciendo la necesidad de llevar m\u00faltiples dispositivos.<\/p>\n<p data-start=\"5086\" data-end=\"5240\"><strong data-start=\"5086\" data-end=\"5146\">4. \u00bfEs este modelo adecuado para la venta al por mayor de vape en Espa\u00f1a?<\/strong><br data-start=\"5146\" data-end=\"5149\" \/>S\u00ed, es muy recomendable para redes mayoristas debido a la demanda y estabilidad del suministro.<\/p>\n<p data-start=\"5242\" data-end=\"5375\"><strong data-start=\"5242\" data-end=\"5287\">5. \u00bfUtiliza el Bang Legend 150K una bobina de malla?<\/strong><br data-start=\"5287\" data-end=\"5290\" \/>Cuenta con una bobina de malla 1.0*3, que proporciona un calentamiento uniforme y un sabor fuerte y constante.<\/p>\n<\/div>\n<\/div>\n<\/div>\n<\/div>","protected":false},"excerpt":{"rendered":"<article class=\"text-token-text-primary w-full focus:outline-none [--shadow-height:45px] has-data-writing-block:pointer-events-none has-data-writing-block:-mt-(--shadow-height) has-data-writing-block:pt-(--shadow-height) [&amp;:has([data-writing-block])&gt;*]:pointer-events-auto [content-visibility:auto] supports-[content-visibility:auto]:[contain-intrinsic-size:auto_100lvh] scroll-mt-[calc(var(--header-height)+min(200px,max(70px,20svh)))]\" dir=\"auto\" tabindex=\"-1\" data-turn-id=\"86ca9d92-7a10-4e6b-bda0-15f9df36adca\" data-testid=\"conversation-turn-120\" data-scroll-anchor=\"true\" data-turn=\"assistant\">\n<div class=\"text-base my-auto mx-auto pb-10 [--thread-content-margin:--spacing(4)] thread-sm:[--thread-content-margin:--spacing(6)] thread-lg:[--thread-content-margin:--spacing(16)] px-(--thread-content-margin)\">\n<div class=\"[--thread-content-max-width:40rem] thread-lg:[--thread-content-max-width:48rem] mx-auto max-w-(--thread-content-max-width) flex-1 group\/turn-messages focus-visible:outline-hidden relative flex w-full min-w-0 flex-col agent-turn\" tabindex=\"-1\">\n<div class=\"flex max-w-full flex-col grow\">\n<div class=\"min-h-8 text-message relative flex w-full flex-col items-end gap-2 text-start break-words whitespace-normal [.text-message+&amp;]:mt-1\" dir=\"auto\" data-message-author-role=\"assistant\" data-message-id=\"43b070d6-bf28-4fbe-8049-1032a61ea3ac\" data-message-model-slug=\"gpt-5\">\n<div class=\"flex w-full flex-col gap-1 empty:hidden first:pt-[1px]\">\n<div class=\"markdown prose dark:prose-invert w-full break-words light markdown-new-styling\">\n<article class=\"text-token-text-primary w-full focus:outline-none [--shadow-height:45px] has-data-writing-block:pointer-events-none has-data-writing-block:-mt-(--shadow-height) has-data-writing-block:pt-(--shadow-height) [&amp;:has([data-writing-block])&gt;*]:pointer-events-auto [content-visibility:auto] supports-[content-visibility:auto]:[contain-intrinsic-size:auto_100lvh] scroll-mt-[calc(var(--header-height)+min(200px,max(70px,20svh)))]\" dir=\"auto\" tabindex=\"-1\" data-turn-id=\"4d6f00b8-d41a-438b-8912-05a895842882\" data-testid=\"conversation-turn-130\" data-scroll-anchor=\"true\" data-turn=\"assistant\">\n<div class=\"text-base my-auto mx-auto pb-10 [--thread-content-margin:--spacing(4)] thread-sm:[--thread-content-margin:--spacing(6)] thread-lg:[--thread-content-margin:--spacing(16)] px-(--thread-content-margin)\">\n<div class=\"[--thread-content-max-width:40rem] thread-lg:[--thread-content-max-width:48rem] mx-auto max-w-(--thread-content-max-width) flex-1 group\/turn-messages focus-visible:outline-hidden relative flex w-full min-w-0 flex-col agent-turn\" tabindex=\"-1\">\n<div class=\"flex max-w-full flex-col grow\">\n<div class=\"min-h-8 text-message relative flex w-full flex-col items-end gap-2 text-start break-words whitespace-normal [.text-message+&amp;]:mt-1\" dir=\"auto\" data-message-author-role=\"assistant\" data-message-id=\"f3c520bf-c043-4392-87ea-b3bf1b3ae6d3\" data-message-model-slug=\"gpt-5-1\">\n<div class=\"flex w-full flex-col gap-1 empty:hidden first:pt-[1px]\">\n<div class=\"markdown prose dark:prose-invert w-full break-words light markdown-new-styling\">\n<p>Bang Legend 150000 caladas, 6 en 1 \u2014 El vaporizador desechable m\u00e1s vendido y m\u00e1s nuevo en Espa\u00f1a<\/p>\n<p>Bang Legend 150K 6 en 1 sabor para mayoristas de la UE \u2014 Potente, duradero, listo para pedidos al por mayor<\/p>\n<p>Bang Legend 150000 vaporizador desechable \u2014 Rotaci\u00f3n premium de 6 sabores para el mercado de vaporizadores en Europa<\/p>\n<\/div>\n<\/div>\n<\/div>\n<\/div>\n<\/div>\n<\/div>\n<\/article>\n<div class=\"pointer-events-none h-px w-px\" aria-hidden=\"true\" data-edge=\"true\"><\/div>\n<\/div>\n<\/div>\n<\/div>\n<\/div>\n<\/div>\n<\/div>\n<\/article>\n<p><img fetchpriority=\"high\" decoding=\"async\" class=\"size-full wp-image-2932\" src=\"https:\/\/vapestornado.com\/wp-content\/uploads\/2024\/12\/Vape-Wholesale.jpg\" alt=\"Vape al por mayor\" width=\"229\" height=\"300\" \/><\/p>\n<h3><a href=\"https:\/\/wa.me\/8617776015835\"><span style=\"color: #ff0000;\"><strong>WhatsApp: +86 17776015835<\/strong><\/span><\/a><\/h3>\n<p>&nbsp;<\/p>","protected":false},"featured_media":4560,"comment_status":"open","ping_status":"closed","template":"","meta":{"_acf_changed":false,"_uag_custom_page_level_css":"","_lmt_disableupdate":"no","_lmt_disable":"","_monsterinsights_skip_tracking":false,"_monsterinsights_sitenote_active":false,"_monsterinsights_sitenote_note":"","_monsterinsights_sitenote_category":0,"site-sidebar-layout":"default","site-content-layout":"","ast-site-content-layout":"default","site-content-style":"default","site-sidebar-style":"default","ast-global-header-display":"","ast-banner-title-visibility":"","ast-main-header-display":"","ast-hfb-above-header-display":"","ast-hfb-below-header-display":"","ast-hfb-mobile-header-display":"","site-post-title":"","ast-breadcrumbs-content":"","ast-featured-img":"","footer-sml-layout":"","ast-disable-related-posts":"","theme-transparent-header-meta":"default","adv-header-id-meta":"","stick-header-meta":"","header-above-stick-meta":"","header-main-stick-meta":"","header-below-stick-meta":"","astra-migrate-meta-layouts":"set","ast-page-background-enabled":"default","ast-page-background-meta":{"desktop":{"background-color":"","background-image":"","background-repeat":"repeat","background-position":"center center","background-size":"auto","background-attachment":"scroll","background-type":"","background-media":"","overlay-type":"","overlay-color":"","overlay-opacity":"","overlay-gradient":""},"tablet":{"background-color":"","background-image":"","background-repeat":"repeat","background-position":"center center","background-size":"auto","background-attachment":"scroll","background-type":"","background-media":"","overlay-type":"","overlay-color":"","overlay-opacity":"","overlay-gradient":""},"mobile":{"background-color":"","background-image":"","background-repeat":"repeat","background-position":"center center","background-size":"auto","background-attachment":"scroll","background-type":"","background-media":"","overlay-type":"","overlay-color":"","overlay-opacity":"","overlay-gradient":""}},"ast-content-background-meta":{"desktop":{"background-color":"var(--ast-global-color-5)","background-image":"","background-repeat":"repeat","background-position":"center center","background-size":"auto","background-attachment":"scroll","background-type":"","background-media":"","overlay-type":"","overlay-color":"","overlay-opacity":"","overlay-gradient":""},"tablet":{"background-color":"var(--ast-global-color-5)","background-image":"","background-repeat":"repeat","background-position":"center center","background-size":"auto","background-attachment":"scroll","background-type":"","background-media":"","overlay-type":"","overlay-color":"","overlay-opacity":"","overlay-gradient":""},"mobile":{"background-color":"var(--ast-global-color-5)","background-image":"","background-repeat":"repeat","background-position":"center center","background-size":"auto","background-attachment":"scroll","background-type":"","background-media":"","overlay-type":"","overlay-color":"","overlay-opacity":"","overlay-gradient":""}},"_joinchat":{"telephone":"17776015835"}},"product_brand":[],"product_cat":[394,62,149,150,156,357,146],"product_tag":[440,105,441,436,435,439,301],"class_list":{"0":"post-4566","1":"product","2":"type-product","3":"status-publish","4":"has-post-thumbnail","6":"product_cat-150000-puff","7":"product_cat-bang-vape","8":"product_cat-buy-disposable-vapes-in-austria","9":"product_cat-buy-disposable-vapes-in-belgium","10":"product_cat-buy-disposable-vapes-in-poland","11":"product_cat-flavor-adjustable-vape","12":"product_cat-rechargeable-disposable-vapes","13":"product_tag-bang-legend-150000","14":"product_tag-digital-disposable-vape","15":"product_tag-puff-150k","16":"product_tag-shop-vape-online","17":"product_tag-vape-eu-wholesale","18":"product_tag-vape-germany-wholesale","19":"product_tag-vapor-wholesale","20":"desktop-align-left","21":"tablet-align-left","22":"mobile-align-left","24":"first","25":"instock","26":"sale","27":"shipping-taxable","28":"purchasable","29":"product-type-simple"},"acf":[],"uagb_featured_image_src":{"full":["https:\/\/vapestornado.com\/wp-content\/uploads\/2025\/11\/Bang-Legend-150K-Puff-Disposable-Vape.webp",800,800,false],"thumbnail":["https:\/\/vapestornado.com\/wp-content\/uploads\/2025\/11\/Bang-Legend-150K-Puff-Disposable-Vape-150x150.webp",150,150,true],"medium":["https:\/\/vapestornado.com\/wp-content\/uploads\/2025\/11\/Bang-Legend-150K-Puff-Disposable-Vape-300x300.webp",300,300,true],"medium_large":["https:\/\/vapestornado.com\/wp-content\/uploads\/2025\/11\/Bang-Legend-150K-Puff-Disposable-Vape-768x768.webp",768,768,true],"large":["https:\/\/vapestornado.com\/wp-content\/uploads\/2025\/11\/Bang-Legend-150K-Puff-Disposable-Vape.webp",800,800,false],"1536x1536":["https:\/\/vapestornado.com\/wp-content\/uploads\/2025\/11\/Bang-Legend-150K-Puff-Disposable-Vape.webp",800,800,false],"2048x2048":["https:\/\/vapestornado.com\/wp-content\/uploads\/2025\/11\/Bang-Legend-150K-Puff-Disposable-Vape.webp",800,800,false],"trp-custom-language-flag":["https:\/\/vapestornado.com\/wp-content\/uploads\/2025\/11\/Bang-Legend-150K-Puff-Disposable-Vape-12x12.webp",12,12,true],"woocommerce_thumbnail":["https:\/\/vapestornado.com\/wp-content\/uploads\/2025\/11\/Bang-Legend-150K-Puff-Disposable-Vape-300x300.webp",300,300,true],"woocommerce_single":["https:\/\/vapestornado.com\/wp-content\/uploads\/2025\/11\/Bang-Legend-150K-Puff-Disposable-Vape-600x600.webp",600,600,true],"woocommerce_gallery_thumbnail":["https:\/\/vapestornado.com\/wp-content\/uploads\/2025\/11\/Bang-Legend-150K-Puff-Disposable-Vape-100x100.webp",100,100,true]},"uagb_author_info":{"display_name":"ESAMY","author_link":"https:\/\/vapestornado.com\/es\/author\/"},"uagb_comment_info":0,"uagb_excerpt":"Bang Legend 150000 Puffs 6 in 1 \u2014 Italy\u2019s Best-Selling Newest Disposable Vape Bang Legend 150K 6 in 1 Flavor Vape for EU Wholesalers \u2014 Powerful, Long-Lasting, Ready for Bulk Orders Bang Legend 150000 Puffs Disposable Vape \u2014 Premium 6-Flavor Rotation for Europe\u2019s Vape Market WhatsApp: +86 17776015835 &nbsp;","_links":{"self":[{"href":"https:\/\/vapestornado.com\/es\/wp-json\/wp\/v2\/product\/4566","targetHints":{"allow":["GET"]}}],"collection":[{"href":"https:\/\/vapestornado.com\/es\/wp-json\/wp\/v2\/product"}],"about":[{"href":"https:\/\/vapestornado.com\/es\/wp-json\/wp\/v2\/types\/product"}],"replies":[{"embeddable":true,"href":"https:\/\/vapestornado.com\/es\/wp-json\/wp\/v2\/comments?post=4566"}],"wp:featuredmedia":[{"embeddable":true,"href":"https:\/\/vapestornado.com\/es\/wp-json\/wp\/v2\/media\/4560"}],"wp:attachment":[{"href":"https:\/\/vapestornado.com\/es\/wp-json\/wp\/v2\/media?parent=4566"}],"wp:term":[{"taxonomy":"product_brand","embeddable":true,"href":"https:\/\/vapestornado.com\/es\/wp-json\/wp\/v2\/product_brand?post=4566"},{"taxonomy":"product_cat","embeddable":true,"href":"https:\/\/vapestornado.com\/es\/wp-json\/wp\/v2\/product_cat?post=4566"},{"taxonomy":"product_tag","embeddable":true,"href":"https:\/\/vapestornado.com\/es\/wp-json\/wp\/v2\/product_tag?post=4566"}],"curies":[{"name":"wp","href":"https:\/\/api.w.org\/{rel}","templated":true}]}}