{"id":4544,"date":"2025-11-14T09:07:41","date_gmt":"2025-11-14T09:07:41","guid":{"rendered":"https:\/\/vapestornado.com\/?post_type=product&#038;p=4544"},"modified":"2025-11-17T07:46:36","modified_gmt":"2025-11-17T07:46:36","slug":"uor-120000-puff-120k-4-flavors-rechargeable-disposable-vape-shop-online","status":"publish","type":"product","link":"https:\/\/vapestornado.com\/es\/product\/uor-120000-puff-120k-4-flavors-rechargeable-disposable-vape-shop-online\/","title":{"rendered":"UOR 120000 Puff 120K 4 Sabores Vape Recargable Desechable Tienda en L\u00ednea"},"content":{"rendered":"<h2 data-pm-slice=\"1 1 []\">UOR 120000 Puff \u2013 Vape Desechable de Cambio de 4 Sabores para Compradores en la UE<\/h2>\n<p data-start=\"78\" data-end=\"577\">El <strong data-start=\"82\" data-end=\"101\">UOR 120000 Puff<\/strong> est\u00e1 dise\u00f1ado para mayoristas en la UE y vapers j\u00f3venes que buscan m\u00e1xima resistencia, entrega de sabor fuerte y operaci\u00f3n sencilla. Este <strong data-start=\"232\" data-end=\"249\">UOR 120k Puff<\/strong> dispositivo presenta un <strong data-start=\"268\" data-end=\"295\">sistema de cambio 4 en 1<\/strong>, que permite a los usuarios rotar entre cuatro tanques de sabor premium al instante\u2014sin rellenar, sin ensuciar, solo transiciones limpias con cada clic. Dise\u00f1ado para <strong data-start=\"443\" data-end=\"464\">Vape Mayorista en la UE<\/strong>, el dispositivo combina larga vida \u00fatil y rendimiento estable que encaja tanto en estanter\u00edas minoristas como en tiendas de vapeo en l\u00ednea.<\/p>\n<p data-start=\"579\" data-end=\"998\">Con <strong data-start=\"584\" data-end=\"612\">Capacidad de e-l\u00edquido de 4\u00d716 ml<\/strong>, cada cartucho contiene suficiente para un uso prolongado, respaldado por un <strong data-start=\"669\" data-end=\"707\">Bater\u00eda recargable Tipo-C de 650 mAh<\/strong>. La <strong data-start=\"713\" data-end=\"731\">bobina de malla de 1.0\u03a9<\/strong> que garantiza una densidad de vapor constante y una separaci\u00f3n de sabor limpia para cada una de las cuatro mezclas integradas. Como un <strong data-start=\"836\" data-end=\"863\">Vape Digital Desechable<\/strong>, ofrece una inhalaci\u00f3n suave con eficiencia moderna, convirti\u00e9ndolo en una opci\u00f3n popular entre los consumidores en la UE que buscan dispositivos de m\u00faltiples sabores con muchas caladas.<\/p>\n<p data-start=\"1000\" data-end=\"1408\">La selecci\u00f3n de sabores curada de este modelo, especialmente combinaciones como <em data-start=\"1065\" data-end=\"1088\">Fresa Sand\u00eda<\/em>, <em data-start=\"1090\" data-end=\"1116\">Kiwi, maracuy\u00e1 y guayaba<\/em>, <em data-start=\"1118\" data-end=\"1129\">Mango Helado<\/em>, y <em data-start=\"1135\" data-end=\"1158\">Sand\u00eda Durazno \u00c1cido<\/em>, crea una aventura din\u00e1mica de \u201cFrost Tropical\u201d que va desde la dulzura brillante de la fruta hasta acabados fr\u00edos y refrescantes. Para distribuidores en Espa\u00f1a, <strong data-start=\"1288\" data-end=\"1307\">UOR 120000 Puff<\/strong> ofrece altos m\u00e1rgenes, suministro confiable y demanda competitiva en mercados de verano y todo el a\u00f1o.<\/p>\n<p data-start=\"666\" data-end=\"1235\"><strong style=\"font-size: 16px;\"><span style=\"color: #ff0000;\">\u00a1A\u00f1ade el WhatsApp de Amy para obtener una respuesta correcta y un precio con descuento!<\/span><\/strong><\/p>\n<p><img fetchpriority=\"high\" decoding=\"async\" class=\"size-full wp-image-2932\" src=\"https:\/\/vapestornado.com\/wp-content\/uploads\/2024\/12\/Vape-Wholesale.jpg\" alt=\"Vape al por mayor\" width=\"229\" height=\"300\" \/><\/p>\n<h3><a href=\"https:\/\/wa.me\/8617776015835\" target=\"_blank\" rel=\"noopener\"><span style=\"color: #ff0000;\"><strong>WhatsApp: +86 17776015835<\/strong><\/span><\/a><\/h3>\n<p>&nbsp;<\/p>\n<h2><strong>\u00bfQu\u00e9 hace que el UOR 120000 Puff\u00a0 Disposable Vape Pen destaque?<\/strong><\/h2>\n<ul data-start=\"1447\" data-end=\"1657\">\n<li data-start=\"1447\" data-end=\"1482\">\n<p data-start=\"1449\" data-end=\"1482\"><strong data-start=\"1449\" data-end=\"1467\">Capacidad de Caladas:<\/strong> 120000 caladas<\/p>\n<\/li>\n<li data-start=\"1483\" data-end=\"1512\">\n<p data-start=\"1485\" data-end=\"1512\"><strong data-start=\"1485\" data-end=\"1497\">E-L\u00edquido:<\/strong> Tanques de 4\u00d716ml<\/p>\n<\/li>\n<li data-start=\"1513\" data-end=\"1556\">\n<p data-start=\"1515\" data-end=\"1556\"><strong data-start=\"1515\" data-end=\"1533\">Cambio de Sabor:<\/strong> 4 sabores ajustables<\/p>\n<\/li>\n<li data-start=\"1557\" data-end=\"1601\">\n<p data-start=\"1559\" data-end=\"1601\"><strong data-start=\"1559\" data-end=\"1571\">Bater\u00eda:<\/strong> Bater\u00eda recargable de 650mAh, Tipo-C<\/p>\n<\/li>\n<li data-start=\"1602\" data-end=\"1625\">\n<p data-start=\"1604\" data-end=\"1625\"><strong data-start=\"1604\" data-end=\"1613\">Resistencia:<\/strong> Malla de 1.0\u03a9<\/p>\n<\/li>\n<li data-start=\"1626\" data-end=\"1657\">\n<p data-start=\"1628\" data-end=\"1657\"><strong data-start=\"1628\" data-end=\"1639\">Peso:<\/strong> 145g por dispositivo<\/p>\n<\/li>\n<\/ul>\n<h2 class=\"product-title\"><strong>Lista de Sabores de Vapes Desechables UOR 120k Puff<\/strong><\/h2>\n<h3 data-start=\"1664\" data-end=\"1692\"><\/h3>\n<ol data-start=\"1693\" data-end=\"2434\">\n<li data-start=\"1693\" data-end=\"1761\">\n<p data-start=\"1696\" data-end=\"1761\">Sand\u00eda Hielo \/ Ar\u00e1ndano Menta \/ Manzana Fuji Hielo \/ Lim\u00f3n Romance<\/p>\n<\/li>\n<li data-start=\"1762\" data-end=\"1837\">\n<p data-start=\"1765\" data-end=\"1837\">Sand\u00eda Hielo \/ Cereza Ar\u00e1ndano \/ Verano \/ Mango \u00c1cido Pi\u00f1a<\/p>\n<\/li>\n<li data-start=\"1838\" data-end=\"1904\">\n<p data-start=\"1841\" data-end=\"1904\">Ar\u00e1ndano Hielo \/ Durazno Hielo \/ Caramelo Arco\u00edris \/ Lim\u00f3n \u00c1cido Naranja<\/p>\n<\/li>\n<li data-start=\"1905\" data-end=\"1977\">\n<p data-start=\"1908\" data-end=\"1977\">Ar\u00e1ndano Hielo \/ Durazno Mango Sand\u00eda \/ Beso de Pasi\u00f3n \/ Mel\u00f3n Manzana<\/p>\n<\/li>\n<li data-start=\"1978\" data-end=\"2058\">\n<p data-start=\"1981\" data-end=\"2058\">Ar\u00e1ndano Frambuesa \/ Fruta Mixta \/ Cereza de California \/ Mango de Fruta de Pasi\u00f3n<\/p>\n<\/li>\n<li data-start=\"2059\" data-end=\"2126\">\n<p data-start=\"2062\" data-end=\"2126\">Ar\u00e1ndano Frambuesa \/ Uva Hielo \/ Fruta del Bosque Hielo \/ Aloe Mango Mel\u00f3n<\/p>\n<\/li>\n<li data-start=\"2127\" data-end=\"2203\">\n<p data-start=\"2130\" data-end=\"2203\">Bebida Energ\u00e9tica \/ Ar\u00e1ndano Sand\u00eda \/ Manzana \u00c1cida Frambuesa \/ Oso de Goma<\/p>\n<\/li>\n<li data-start=\"2204\" data-end=\"2271\">\n<p data-start=\"2207\" data-end=\"2271\">Fresa Mango \/ Chicle de Sand\u00eda \/ Mojito Rojo \/ LOVE66<\/p>\n<\/li>\n<li data-start=\"2272\" data-end=\"2343\">\n<p data-start=\"2275\" data-end=\"2343\">Fresa Sand\u00eda \/ Hielo Negro \/ Mel\u00f3n Triple \/ Ar\u00e1ndano Uva<\/p>\n<\/li>\n<li data-start=\"2344\" data-end=\"2434\">\n<p data-start=\"2348\" data-end=\"2434\">Fresa Sand\u00eda \/ Kiwi Maracuy\u00e1 Guayaba \/ Mango Hielo \/ Durazno Agrio de Sand\u00eda<\/p>\n<\/li>\n<\/ol>\n<figure id=\"attachment_4548\" aria-describedby=\"caption-attachment-4548\" style=\"width: 300px\" class=\"wp-caption alignnone\"><img decoding=\"async\" class=\"size-medium wp-image-4548\" src=\"https:\/\/vapestornado.com\/wp-content\/uploads\/2025\/11\/UOR-4-in-1-Flavors-120K-Puffs-4-Distinct-Flavors-Smart-Screen-Vape-300x300.webp\" alt=\"Sabores UOR 4 en 1 120K Puffers Vape con Pantalla Inteligente\" width=\"300\" height=\"300\" srcset=\"https:\/\/vapestornado.com\/wp-content\/uploads\/2025\/11\/UOR-4-in-1-Flavors-120K-Puffs-4-Distinct-Flavors-Smart-Screen-Vape-300x300.webp 300w, https:\/\/vapestornado.com\/wp-content\/uploads\/2025\/11\/UOR-4-in-1-Flavors-120K-Puffs-4-Distinct-Flavors-Smart-Screen-Vape-150x150.webp 150w, https:\/\/vapestornado.com\/wp-content\/uploads\/2025\/11\/UOR-4-in-1-Flavors-120K-Puffs-4-Distinct-Flavors-Smart-Screen-Vape-768x768.webp 768w, https:\/\/vapestornado.com\/wp-content\/uploads\/2025\/11\/UOR-4-in-1-Flavors-120K-Puffs-4-Distinct-Flavors-Smart-Screen-Vape-12x12.webp 12w, https:\/\/vapestornado.com\/wp-content\/uploads\/2025\/11\/UOR-4-in-1-Flavors-120K-Puffs-4-Distinct-Flavors-Smart-Screen-Vape-600x600.webp 600w, https:\/\/vapestornado.com\/wp-content\/uploads\/2025\/11\/UOR-4-in-1-Flavors-120K-Puffs-4-Distinct-Flavors-Smart-Screen-Vape-100x100.webp 100w, https:\/\/vapestornado.com\/wp-content\/uploads\/2025\/11\/UOR-4-in-1-Flavors-120K-Puffs-4-Distinct-Flavors-Smart-Screen-Vape.webp 800w\" sizes=\"(max-width: 300px) 100vw, 300px\" \/><figcaption id=\"caption-attachment-4548\" class=\"wp-caption-text\">Sabores UOR 4 en 1 120K Puffers Vape con Pantalla Inteligente<\/figcaption><\/figure>\n<h2>\u00bfPor qu\u00e9 elegir Vapestornado para compra al por mayor de UOR 120000 Puffers?<\/h2>\n<div class=\"flex-shrink-0 flex flex-col relative items-end\">\n<div class=\"pt-0\">\n<div class=\"gizmo-bot-avatar flex h-8 w-8 items-center justify-center overflow-hidden rounded-full\">\n<div class=\"relative p-1 rounded-sm flex items-center justify-center bg-token-main-surface-primary text-token-text-primary h-8 w-8\">\n<p>At\u00a0<strong>Vapes Tornado<\/strong>, nos enorgullecemos de ofrecer\u00a0<strong>productos de vapeo premium a precios inmejorables<\/strong>\u00a0Aqu\u00ed tienes las razones por las que deber\u00edas comprar con nosotros:<\/p>\n<p data-start=\"235\" data-end=\"360\"><strong data-start=\"235\" data-end=\"261\">Mejores ofertas al por mayor<\/strong> \u2013 Disfruta <strong data-start=\"270\" data-end=\"297\">precios mayoristas con alto margen de beneficio<\/strong> dise\u00f1ados para revendedores, distribuidores de vapeo y tiendas minoristas.<\/p>\n<p data-start=\"362\" data-end=\"513\"><strong data-start=\"362\" data-end=\"400\">\u2714 Env\u00edo r\u00e1pido y seguro a todo el mundo<\/strong> \u2013 Nosotros aseguramos <strong data-start=\"413\" data-end=\"443\">entrega r\u00e1pida y rastreable<\/strong> en toda Europa y m\u00e1s all\u00e1, para que tu stock llegue de manera segura y a tiempo.<\/p>\n<p data-start=\"515\" data-end=\"646\"><strong data-start=\"515\" data-end=\"542\">\u2714 Productos genuinos 100%<\/strong> \u2013 Cada <strong data-start=\"551\" data-end=\"578\">vaporizador WASPE Triple 60000<\/strong> que vendemos es <strong data-start=\"590\" data-end=\"625\">aut\u00e9ntico y certificado por la f\u00e1brica<\/strong>, nunca imitaciones.<\/p>\n<p data-start=\"648\" data-end=\"799\"><strong data-start=\"648\" data-end=\"676\">\u2714 Equipo de soporte dedicado<\/strong> \u2013 \u00bfNecesitas ayuda? Nuestros <strong data-start=\"694\" data-end=\"733\">especialistas en vapeo est\u00e1n disponibles 24\/7<\/strong>, listos para responder a tus preguntas y ayudarte con los pedidos en cualquier momento.<\/p>\n<p>&nbsp;<\/p>\n<p data-start=\"559\" data-end=\"933\" data-is-last-node=\"\" data-is-only-node=\"\">Tambi\u00e9n tenemos otros vaporizadores desechables populares con pantalla como <a href=\"https:\/\/vapestornado.com\/es\/product\/uzy-150k-puffs-6-in-1-flavor-switch-disposable-vape-pen-wholesale\/\">Vape de cambio de sabor UZY 150K Puff<\/a>, <a href=\"https:\/\/vapestornado.com\/es\/product\/vozol-rave-40k-40000-puffs-disposable-vape-smart-screen-5-nicotine\/\">VOZOL RAVE 40K Vape desechable<\/a>, <a href=\"https:\/\/vapestornado.com\/es\/product\/waspe-150k-150000-puff-6-in-1-disposable-vape-pen-cartridge-best-wholesale-price-in-poland\/\">WASPE 150K Puff 6 en 1<\/a>, y m\u00e1s.<\/p>\n<\/div>\n<div class=\"relative p-1 rounded-sm flex items-center justify-center bg-token-main-surface-primary text-token-text-primary h-8 w-8\">\n<h2>Preguntas Frecuentes sobre UOR 120000 Puff<\/h2>\n<p data-start=\"2474\" data-end=\"2646\"><strong data-start=\"2474\" data-end=\"2523\">1. \u00bfC\u00f3mo funciona el sistema de cambio de sabor?<\/strong><br data-start=\"2523\" data-end=\"2526\" \/>El <strong data-start=\"2530\" data-end=\"2559\">Vape desechable con cambio de sabor<\/strong> el dise\u00f1o utiliza cuatro tanques separados de 16ml. Gira el interruptor para cambiar de sabor instant\u00e1neamente.<\/p>\n<p data-start=\"2648\" data-end=\"2797\"><strong data-start=\"2648\" data-end=\"2689\">2. \u00bfEl UOR 120k Puff es recargable?<\/strong><br data-start=\"2689\" data-end=\"2692\" \/>S\u00ed, incluye una <strong data-start=\"2711\" data-end=\"2736\">Bater\u00eda de 650mAh con puerto Tipo-C<\/strong>, proporcionando energ\u00eda estable hasta que se terminen todos los sabores.<\/p>\n<p data-start=\"2799\" data-end=\"2917\"><strong data-start=\"2799\" data-end=\"2836\">3. \u00bfQu\u00e9 tipo de bobina utiliza el dispositivo?<\/strong><br data-start=\"2836\" data-end=\"2839\" \/>Utiliza un <strong data-start=\"2849\" data-end=\"2867\">bobina de malla de 1.0\u03a9<\/strong>, optimizado para vapor suave y sabor preciso.<\/p>\n<p data-start=\"2919\" data-end=\"3102\"><strong data-start=\"2919\" data-end=\"2967\">4. \u00bfEs adecuado para pedidos al por mayor en la UE?<\/strong><br data-start=\"2967\" data-end=\"2970\" \/>Por supuesto \u2014 el <strong data-start=\"2987\" data-end=\"3006\">UOR 120000 Puff<\/strong> es un fuerte competidor en <strong data-start=\"3032\" data-end=\"3053\">Vape Mayorista en la UE<\/strong>, con alto conteo de puffers y atractivo por m\u00faltiples sabores.<\/p>\n<p data-start=\"3104\" data-end=\"3259\"><strong data-start=\"3104\" data-end=\"3145\">5. \u00bfEs este dispositivo adecuado para nuevos usuarios?<\/strong><br data-start=\"3145\" data-end=\"3148\" \/>S\u00ed. Es un <strong data-start=\"3161\" data-end=\"3188\">Vape Digital Desechable<\/strong> con activaci\u00f3n de extracci\u00f3n y conmutaci\u00f3n sencilla, que no requiere mantenimiento.<\/p>\n<\/div>\n<\/div>\n<\/div>\n<\/div>","protected":false},"excerpt":{"rendered":"<article class=\"text-token-text-primary w-full focus:outline-none [--shadow-height:45px] has-data-writing-block:pointer-events-none has-data-writing-block:-mt-(--shadow-height) has-data-writing-block:pt-(--shadow-height) [&amp;:has([data-writing-block])&gt;*]:pointer-events-auto [content-visibility:auto] supports-[content-visibility:auto]:[contain-intrinsic-size:auto_100lvh] scroll-mt-[calc(var(--header-height)+min(200px,max(70px,20svh)))]\" dir=\"auto\" tabindex=\"-1\" data-turn-id=\"86ca9d92-7a10-4e6b-bda0-15f9df36adca\" data-testid=\"conversation-turn-120\" data-scroll-anchor=\"true\" data-turn=\"assistant\">\n<div class=\"text-base my-auto mx-auto pb-10 [--thread-content-margin:--spacing(4)] thread-sm:[--thread-content-margin:--spacing(6)] thread-lg:[--thread-content-margin:--spacing(16)] px-(--thread-content-margin)\">\n<div class=\"[--thread-content-max-width:40rem] thread-lg:[--thread-content-max-width:48rem] mx-auto max-w-(--thread-content-max-width) flex-1 group\/turn-messages focus-visible:outline-hidden relative flex w-full min-w-0 flex-col agent-turn\" tabindex=\"-1\">\n<div class=\"flex max-w-full flex-col grow\">\n<div class=\"min-h-8 text-message relative flex w-full flex-col items-end gap-2 text-start break-words whitespace-normal [.text-message+&amp;]:mt-1\" dir=\"auto\" data-message-author-role=\"assistant\" data-message-id=\"43b070d6-bf28-4fbe-8049-1032a61ea3ac\" data-message-model-slug=\"gpt-5\">\n<div class=\"flex w-full flex-col gap-1 empty:hidden first:pt-[1px]\">\n<div class=\"markdown prose dark:prose-invert w-full break-words light markdown-new-styling\">\n<article class=\"text-token-text-primary w-full focus:outline-none [--shadow-height:45px] has-data-writing-block:pointer-events-none has-data-writing-block:-mt-(--shadow-height) has-data-writing-block:pt-(--shadow-height) [&amp;:has([data-writing-block])&gt;*]:pointer-events-auto [content-visibility:auto] supports-[content-visibility:auto]:[contain-intrinsic-size:auto_100lvh] scroll-mt-[calc(var(--header-height)+min(200px,max(70px,20svh)))]\" dir=\"auto\" tabindex=\"-1\" data-turn-id=\"4d6f00b8-d41a-438b-8912-05a895842882\" data-testid=\"conversation-turn-130\" data-scroll-anchor=\"true\" data-turn=\"assistant\">\n<div class=\"text-base my-auto mx-auto pb-10 [--thread-content-margin:--spacing(4)] thread-sm:[--thread-content-margin:--spacing(6)] thread-lg:[--thread-content-margin:--spacing(16)] px-(--thread-content-margin)\">\n<div class=\"[--thread-content-max-width:40rem] thread-lg:[--thread-content-max-width:48rem] mx-auto max-w-(--thread-content-max-width) flex-1 group\/turn-messages focus-visible:outline-hidden relative flex w-full min-w-0 flex-col agent-turn\" tabindex=\"-1\">\n<div class=\"flex max-w-full flex-col grow\">\n<div class=\"min-h-8 text-message relative flex w-full flex-col items-end gap-2 text-start break-words whitespace-normal [.text-message+&amp;]:mt-1\" dir=\"auto\" data-message-author-role=\"assistant\" data-message-id=\"f3c520bf-c043-4392-87ea-b3bf1b3ae6d3\" data-message-model-slug=\"gpt-5-1\">\n<div class=\"flex w-full flex-col gap-1 empty:hidden first:pt-[1px]\">\n<div class=\"markdown prose dark:prose-invert w-full break-words light markdown-new-styling\">\n<p data-start=\"3562\" data-end=\"3657\"><strong data-start=\"3562\" data-end=\"3655\">UOR 120K Puff Vape de Cambio de 4 Sabores \u2013 120000 Puff Recargable Desechable para Mayoristas en la UE<\/strong><\/p>\n<p data-start=\"3661\" data-end=\"3753\"><strong data-start=\"3661\" data-end=\"3751\">Compra UOR 120000 Puff en L\u00ednea \u2013 Vape Digital Desechable de M\u00faltiples Sabores con Carga Tipo-C<\/strong><\/p>\n<p data-start=\"3757\" data-end=\"3844\" data-is-last-node=\"\"><strong data-start=\"3757\" data-end=\"3844\" data-is-last-node=\"\">UOR 120K Vape 4 en 1 \u2013 Desechable de Larga Duraci\u00f3n con 120000 Puff para Minoristas y Compras al por Mayor en la UE<\/strong><\/p>\n<\/div>\n<\/div>\n<\/div>\n<\/div>\n<div class=\"z-0 flex min-h-[46px] justify-start\"><\/div>\n<div class=\"mt-3 w-full empty:hidden\">\n<div class=\"text-center\"><\/div>\n<\/div>\n<\/div>\n<\/div>\n<\/article>\n<div class=\"pointer-events-none h-px w-px\" aria-hidden=\"true\" data-edge=\"true\"><\/div>\n<\/div>\n<\/div>\n<\/div>\n<\/div>\n<\/div>\n<\/div>\n<\/article>\n<p><img fetchpriority=\"high\" decoding=\"async\" class=\"size-full wp-image-2932\" src=\"https:\/\/vapestornado.com\/wp-content\/uploads\/2024\/12\/Vape-Wholesale.jpg\" alt=\"Vape al por mayor\" width=\"229\" height=\"300\" \/><\/p>\n<h3><a href=\"https:\/\/wa.me\/8617776015835\"><span style=\"color: #ff0000;\"><strong>WhatsApp: +86 17776015835<\/strong><\/span><\/a><\/h3>\n<p>&nbsp;<\/p>","protected":false},"featured_media":4547,"comment_status":"open","ping_status":"closed","template":"","meta":{"_acf_changed":false,"_uag_custom_page_level_css":"","_lmt_disableupdate":"no","_lmt_disable":"","_monsterinsights_skip_tracking":false,"_monsterinsights_sitenote_active":false,"_monsterinsights_sitenote_note":"","_monsterinsights_sitenote_category":0,"site-sidebar-layout":"default","site-content-layout":"","ast-site-content-layout":"default","site-content-style":"default","site-sidebar-style":"default","ast-global-header-display":"","ast-banner-title-visibility":"","ast-main-header-display":"","ast-hfb-above-header-display":"","ast-hfb-below-header-display":"","ast-hfb-mobile-header-display":"","site-post-title":"","ast-breadcrumbs-content":"","ast-featured-img":"","footer-sml-layout":"","ast-disable-related-posts":"","theme-transparent-header-meta":"default","adv-header-id-meta":"","stick-header-meta":"","header-above-stick-meta":"","header-main-stick-meta":"","header-below-stick-meta":"","astra-migrate-meta-layouts":"set","ast-page-background-enabled":"default","ast-page-background-meta":{"desktop":{"background-color":"","background-image":"","background-repeat":"repeat","background-position":"center center","background-size":"auto","background-attachment":"scroll","background-type":"","background-media":"","overlay-type":"","overlay-color":"","overlay-opacity":"","overlay-gradient":""},"tablet":{"background-color":"","background-image":"","background-repeat":"repeat","background-position":"center center","background-size":"auto","background-attachment":"scroll","background-type":"","background-media":"","overlay-type":"","overlay-color":"","overlay-opacity":"","overlay-gradient":""},"mobile":{"background-color":"","background-image":"","background-repeat":"repeat","background-position":"center center","background-size":"auto","background-attachment":"scroll","background-type":"","background-media":"","overlay-type":"","overlay-color":"","overlay-opacity":"","overlay-gradient":""}},"ast-content-background-meta":{"desktop":{"background-color":"var(--ast-global-color-5)","background-image":"","background-repeat":"repeat","background-position":"center center","background-size":"auto","background-attachment":"scroll","background-type":"","background-media":"","overlay-type":"","overlay-color":"","overlay-opacity":"","overlay-gradient":""},"tablet":{"background-color":"var(--ast-global-color-5)","background-image":"","background-repeat":"repeat","background-position":"center center","background-size":"auto","background-attachment":"scroll","background-type":"","background-media":"","overlay-type":"","overlay-color":"","overlay-opacity":"","overlay-gradient":""},"mobile":{"background-color":"var(--ast-global-color-5)","background-image":"","background-repeat":"repeat","background-position":"center center","background-size":"auto","background-attachment":"scroll","background-type":"","background-media":"","overlay-type":"","overlay-color":"","overlay-opacity":"","overlay-gradient":""}},"_joinchat":{"telephone":"17776015835"}},"product_brand":[],"product_cat":[347,149,150,156,143,357,146],"product_tag":[105,427,94,436,434,433,435,301],"class_list":{"0":"post-4544","1":"product","2":"type-product","3":"status-publish","4":"has-post-thumbnail","6":"product_cat-120000-puff","7":"product_cat-buy-disposable-vapes-in-austria","8":"product_cat-buy-disposable-vapes-in-belgium","9":"product_cat-buy-disposable-vapes-in-poland","10":"product_cat-dual-mesh-disposable-vapes","11":"product_cat-flavor-adjustable-vape","12":"product_cat-rechargeable-disposable-vapes","13":"product_tag-digital-disposable-vape","14":"product_tag-multi-flaovr-vape","15":"product_tag-rechargeable-disposable-vape","16":"product_tag-shop-vape-online","17":"product_tag-uor-120000-puffs","18":"product_tag-uor-120k-puff","19":"product_tag-vape-eu-wholesale","20":"product_tag-vapor-wholesale","21":"desktop-align-left","22":"tablet-align-left","23":"mobile-align-left","25":"first","26":"instock","27":"sale","28":"shipping-taxable","29":"purchasable","30":"product-type-simple"},"acf":[],"uagb_featured_image_src":{"full":["https:\/\/vapestornado.com\/wp-content\/uploads\/2025\/11\/The-UOR-120K-is-very-popular-in-the-European-Disposable-Vape-Wholesale.webp",800,800,false],"thumbnail":["https:\/\/vapestornado.com\/wp-content\/uploads\/2025\/11\/The-UOR-120K-is-very-popular-in-the-European-Disposable-Vape-Wholesale-150x150.webp",150,150,true],"medium":["https:\/\/vapestornado.com\/wp-content\/uploads\/2025\/11\/The-UOR-120K-is-very-popular-in-the-European-Disposable-Vape-Wholesale-300x300.webp",300,300,true],"medium_large":["https:\/\/vapestornado.com\/wp-content\/uploads\/2025\/11\/The-UOR-120K-is-very-popular-in-the-European-Disposable-Vape-Wholesale-768x768.webp",768,768,true],"large":["https:\/\/vapestornado.com\/wp-content\/uploads\/2025\/11\/The-UOR-120K-is-very-popular-in-the-European-Disposable-Vape-Wholesale.webp",800,800,false],"1536x1536":["https:\/\/vapestornado.com\/wp-content\/uploads\/2025\/11\/The-UOR-120K-is-very-popular-in-the-European-Disposable-Vape-Wholesale.webp",800,800,false],"2048x2048":["https:\/\/vapestornado.com\/wp-content\/uploads\/2025\/11\/The-UOR-120K-is-very-popular-in-the-European-Disposable-Vape-Wholesale.webp",800,800,false],"trp-custom-language-flag":["https:\/\/vapestornado.com\/wp-content\/uploads\/2025\/11\/The-UOR-120K-is-very-popular-in-the-European-Disposable-Vape-Wholesale-12x12.webp",12,12,true],"woocommerce_thumbnail":["https:\/\/vapestornado.com\/wp-content\/uploads\/2025\/11\/The-UOR-120K-is-very-popular-in-the-European-Disposable-Vape-Wholesale-300x300.webp",300,300,true],"woocommerce_single":["https:\/\/vapestornado.com\/wp-content\/uploads\/2025\/11\/The-UOR-120K-is-very-popular-in-the-European-Disposable-Vape-Wholesale-600x600.webp",600,600,true],"woocommerce_gallery_thumbnail":["https:\/\/vapestornado.com\/wp-content\/uploads\/2025\/11\/The-UOR-120K-is-very-popular-in-the-European-Disposable-Vape-Wholesale-100x100.webp",100,100,true]},"uagb_author_info":{"display_name":"ESAMY","author_link":"https:\/\/vapestornado.com\/es\/author\/"},"uagb_comment_info":1,"uagb_excerpt":"UOR 120K Puff 4-Flavor Switch Vape \u2013 120000 Puff Rechargeable Disposable for EU Wholesale Buy UOR 120000 Puff Online \u2013 Multi-Flavor Digital Disposable Vape with Type-C Charging UOR 120K 4-in-1 Vape \u2013 120000 Puff Long-Life Disposable for EU Retail &amp; Bulk Orders WhatsApp: +86 17776015835 &nbsp;","_links":{"self":[{"href":"https:\/\/vapestornado.com\/es\/wp-json\/wp\/v2\/product\/4544","targetHints":{"allow":["GET"]}}],"collection":[{"href":"https:\/\/vapestornado.com\/es\/wp-json\/wp\/v2\/product"}],"about":[{"href":"https:\/\/vapestornado.com\/es\/wp-json\/wp\/v2\/types\/product"}],"replies":[{"embeddable":true,"href":"https:\/\/vapestornado.com\/es\/wp-json\/wp\/v2\/comments?post=4544"}],"wp:featuredmedia":[{"embeddable":true,"href":"https:\/\/vapestornado.com\/es\/wp-json\/wp\/v2\/media\/4547"}],"wp:attachment":[{"href":"https:\/\/vapestornado.com\/es\/wp-json\/wp\/v2\/media?parent=4544"}],"wp:term":[{"taxonomy":"product_brand","embeddable":true,"href":"https:\/\/vapestornado.com\/es\/wp-json\/wp\/v2\/product_brand?post=4544"},{"taxonomy":"product_cat","embeddable":true,"href":"https:\/\/vapestornado.com\/es\/wp-json\/wp\/v2\/product_cat?post=4544"},{"taxonomy":"product_tag","embeddable":true,"href":"https:\/\/vapestornado.com\/es\/wp-json\/wp\/v2\/product_tag?post=4544"}],"curies":[{"name":"wp","href":"https:\/\/api.w.org\/{rel}","templated":true}]}}