{"id":4543,"date":"2025-11-14T09:06:06","date_gmt":"2025-11-14T09:06:06","guid":{"rendered":"https:\/\/vapestornado.com\/?post_type=product&#038;p=4543"},"modified":"2025-11-14T09:29:50","modified_gmt":"2025-11-14T09:29:50","slug":"ainovo-aim-aipod-30000-30k-puff-replaceable-tank-disposable-vape-kit","status":"publish","type":"product","link":"https:\/\/vapestornado.com\/es\/product\/ainovo-aim-aipod-30000-30k-puff-replaceable-tank-disposable-vape-kit\/","title":{"rendered":"AINOVO AIM AIPOD 30000 30K Puff Kit de Vapeo Desechable con Tanque Reemplazable"},"content":{"rendered":"<h2 data-pm-slice=\"1 1 []\">AINOVO AIM AIPOD 30000 Caladas \u2013 Potencia de Tanque Reemplazable para Vapeadores Serios de la UE<\/h2>\n<p data-start=\"86\" data-end=\"660\">El <strong data-start=\"90\" data-end=\"116\">AINOVO AIM AIPOD 30000<\/strong> est\u00e1 dise\u00f1ado para mayoristas y consumidores de la UE que desean la m\u00e1xima longevidad con tecnolog\u00eda de vapeo moderna. Dise\u00f1ado como un <strong data-start=\"242\" data-end=\"282\">Kit de Vapeo Desechable con Tanque Reemplazable<\/strong>, ofrece hasta <strong data-start=\"302\" data-end=\"332\">30000 caladas en Modo Normal<\/strong> y el <strong data-start=\"337\" data-end=\"366\">20000 caladas en Modo Boost<\/strong>, brindando a los usuarios la libertad de cambiar entre eficiencia suave y nubes fuertes y densas. Con un <strong data-start=\"462\" data-end=\"485\">Bobina de malla dual de 1.0\u03a9<\/strong>, cada calada es rica, estable y con un sabor preciso, una ventaja clave para los minoristas que buscan <strong data-start=\"588\" data-end=\"631\">vapes desechables al por mayor y compra al por mayor<\/strong> que funcionan de manera consistente.<\/p>\n<p data-start=\"662\" data-end=\"1302\">Este dispositivo compacto lleva un <strong data-start=\"692\" data-end=\"717\">tanque reemplazable de 15 ml<\/strong>, impulsando la categor\u00eda con una mayor usabilidad y un menor costo de funcionamiento. El <strong data-start=\"798\" data-end=\"818\">AINOVO AIPOD 30K<\/strong> tambi\u00e9n incluye flujo de aire ajustable para una resistencia de inhalaci\u00f3n personalizada, adem\u00e1s de un <strong data-start=\"893\" data-end=\"917\">pantalla inteligente<\/strong> mostrando niveles de bater\u00eda y l\u00edquido. Con <strong data-start=\"960\" data-end=\"990\">potencia de carga r\u00e1pida de 850mAh<\/strong> y opciones de nicotina desde <strong data-start=\"1016\" data-end=\"1028\">0% hasta 5%<\/strong>, se adapta a las necesidades de diversos mercados de la UE. Como un <strong data-start=\"1076\" data-end=\"1110\">Proveedor de vape desechable de China<\/strong> modelo dise\u00f1ado para la reventa de alto volumen, el <strong data-start=\"1151\" data-end=\"1178\">AINOVO AIPOD 30000 caladas<\/strong> est\u00e1 optimizado para conveniencia, durabilidad y margen de beneficio \u2014 ideal para cadenas minoristas, quioscos y tiendas de vapeo en l\u00ednea en la UE.<\/p>\n<p data-start=\"1304\" data-end=\"1649\">Los compradores de la UE valoran el tama\u00f1o compacto, la recarga r\u00e1pida, el sabor preciso y el bajo mantenimiento. El AIM AIPOD ofrece exactamente eso, adem\u00e1s de 10 perfiles de sabor fuertes que atraen al vapear europeo. Para los distribuidores que buscan un suministro estable de stock y un rendimiento de alta demanda, esta es una de las opciones m\u00e1s confiables de 30K caladas en la categor\u00eda.<\/p>\n<p data-start=\"666\" data-end=\"1235\"><strong style=\"font-size: 16px;\"><span style=\"color: #ff0000;\">\u00a1A\u00f1ade el WhatsApp de Amy para obtener una respuesta correcta y un precio con descuento!<\/span><\/strong><\/p>\n<p><img fetchpriority=\"high\" decoding=\"async\" class=\"size-full wp-image-2932\" src=\"https:\/\/vapestornado.com\/wp-content\/uploads\/2024\/12\/Vape-Wholesale.jpg\" alt=\"Vape al por mayor\" width=\"229\" height=\"300\" \/><\/p>\n<h3><a href=\"https:\/\/wa.me\/8617776015835\" target=\"_blank\" rel=\"noopener\"><span style=\"color: #ff0000;\"><strong>WhatsApp: +86 17776015835<\/strong><\/span><\/a><\/h3>\n<p>&nbsp;<\/p>\n<h2><strong>Caracter\u00edsticas clave del producto AIM AIPOD 30000 de AINOVO<\/strong><\/h2>\n<ul data-start=\"1707\" data-end=\"2033\">\n<li data-start=\"1707\" data-end=\"1739\">\n<p data-start=\"1709\" data-end=\"1739\"><strong data-start=\"1709\" data-end=\"1725\">Modo Normal:<\/strong> 30000 caladas<\/p>\n<\/li>\n<li data-start=\"1740\" data-end=\"1771\">\n<p data-start=\"1742\" data-end=\"1771\"><strong data-start=\"1742\" data-end=\"1757\">Modo Potenciador:<\/strong> 20000 caladas<\/p>\n<\/li>\n<li data-start=\"1772\" data-end=\"1816\">\n<p data-start=\"1774\" data-end=\"1816\"><strong data-start=\"1774\" data-end=\"1792\">Capacidad del tanque:<\/strong> tanque reemplazable de 15 ml<\/p>\n<\/li>\n<li data-start=\"1817\" data-end=\"1845\">\n<p data-start=\"1819\" data-end=\"1845\"><strong data-start=\"1819\" data-end=\"1828\">Resistencia:<\/strong> Dual de malla de 1.0\u03a9<\/p>\n<\/li>\n<li data-start=\"1846\" data-end=\"1882\">\n<p data-start=\"1848\" data-end=\"1882\"><strong data-start=\"1848\" data-end=\"1860\">Bater\u00eda:<\/strong> Recarcable de 850mAh<\/p>\n<\/li>\n<li data-start=\"1883\" data-end=\"1923\">\n<p data-start=\"1885\" data-end=\"1923\"><strong data-start=\"1885\" data-end=\"1906\">Opciones de nicotina:<\/strong> 0%, 2%, 3%, 5%<\/p>\n<\/li>\n<li data-start=\"1924\" data-end=\"1972\">\n<p data-start=\"1926\" data-end=\"1972\"><strong data-start=\"1926\" data-end=\"1943\">Pantalla inteligente:<\/strong> Indicadores de bater\u00eda y l\u00edquido<\/p>\n<\/li>\n<li data-start=\"1973\" data-end=\"1999\">\n<p data-start=\"1975\" data-end=\"1999\"><strong data-start=\"1975\" data-end=\"1997\">Flujo de aire ajustable<\/strong><\/p>\n<\/li>\n<li data-start=\"2000\" data-end=\"2033\">\n<p data-start=\"2002\" data-end=\"2033\"><strong data-start=\"2002\" data-end=\"2011\">Tama\u00f1o:<\/strong> 52.2 \u00d7 27.8 \u00d7 96 mm<\/p>\n<\/li>\n<\/ul>\n<figure id=\"attachment_4542\" aria-describedby=\"caption-attachment-4542\" style=\"width: 300px\" class=\"wp-caption alignnone\"><img decoding=\"async\" class=\"size-medium wp-image-4542\" src=\"https:\/\/vapestornado.com\/wp-content\/uploads\/2025\/11\/Aivono-Aipod-30k-30000-Puffs-Disposable-Vapes-Bulk-Buy-300x300.webp\" alt=\"Aivono Aipod 30k 30000 caladas Vapeo desechable compra al por mayor\" width=\"300\" height=\"300\" srcset=\"https:\/\/vapestornado.com\/wp-content\/uploads\/2025\/11\/Aivono-Aipod-30k-30000-Puffs-Disposable-Vapes-Bulk-Buy-300x300.webp 300w, https:\/\/vapestornado.com\/wp-content\/uploads\/2025\/11\/Aivono-Aipod-30k-30000-Puffs-Disposable-Vapes-Bulk-Buy-150x150.webp 150w, https:\/\/vapestornado.com\/wp-content\/uploads\/2025\/11\/Aivono-Aipod-30k-30000-Puffs-Disposable-Vapes-Bulk-Buy-768x768.webp 768w, https:\/\/vapestornado.com\/wp-content\/uploads\/2025\/11\/Aivono-Aipod-30k-30000-Puffs-Disposable-Vapes-Bulk-Buy-12x12.webp 12w, https:\/\/vapestornado.com\/wp-content\/uploads\/2025\/11\/Aivono-Aipod-30k-30000-Puffs-Disposable-Vapes-Bulk-Buy-600x600.webp 600w, https:\/\/vapestornado.com\/wp-content\/uploads\/2025\/11\/Aivono-Aipod-30k-30000-Puffs-Disposable-Vapes-Bulk-Buy-100x100.webp 100w, https:\/\/vapestornado.com\/wp-content\/uploads\/2025\/11\/Aivono-Aipod-30k-30000-Puffs-Disposable-Vapes-Bulk-Buy.webp 800w\" sizes=\"(max-width: 300px) 100vw, 300px\" \/><figcaption id=\"caption-attachment-4542\" class=\"wp-caption-text\">Aivono Aipod 30k 30000 caladas Vapeo desechable compra al por mayor<\/figcaption><\/figure>\n<h2 class=\"product-title\"><strong>Lista de Sabores de Vaper Desechable AINOVO AIM AIPOD 30000<\/strong><\/h2>\n<h3 data-start=\"2040\" data-end=\"2076\"><\/h3>\n<ol data-start=\"2077\" data-end=\"2293\">\n<li data-start=\"2077\" data-end=\"2096\">\n<p data-start=\"2080\" data-end=\"2096\">Hielo de sand\u00eda<\/p>\n<\/li>\n<li data-start=\"2097\" data-end=\"2112\">\n<p data-start=\"2100\" data-end=\"2112\">Menta Miami<\/p>\n<\/li>\n<li data-start=\"2113\" data-end=\"2129\">\n<p data-start=\"2116\" data-end=\"2129\">Granizado de Uva<\/p>\n<\/li>\n<li data-start=\"2130\" data-end=\"2155\">\n<p data-start=\"2133\" data-end=\"2155\">Mango \u00e1cido, pi\u00f1a<\/p>\n<\/li>\n<li data-start=\"2156\" data-end=\"2182\">\n<p data-start=\"2159\" data-end=\"2182\">Frambuesa Durazno Lim\u00f3n<\/p>\n<\/li>\n<li data-start=\"2183\" data-end=\"2197\">\n<p data-start=\"2186\" data-end=\"2197\">Mermelada de Durazno<\/p>\n<\/li>\n<li data-start=\"2198\" data-end=\"2227\">\n<p data-start=\"2201\" data-end=\"2227\">Cereza Congelada Sand\u00eda<\/p>\n<\/li>\n<li data-start=\"2228\" data-end=\"2245\">\n<p data-start=\"2231\" data-end=\"2245\">Doble Manzana<\/p>\n<\/li>\n<li data-start=\"2246\" data-end=\"2265\">\n<p data-start=\"2249\" data-end=\"2265\">Ar\u00e1ndano Razz<\/p>\n<\/li>\n<li data-start=\"2266\" data-end=\"2293\">\n<p data-start=\"2270\" data-end=\"2293\">Fresa Sand\u00eda<\/p>\n<\/li>\n<\/ol>\n<p>&nbsp;<\/p>\n<h2>\u00bfPor qu\u00e9 Elegir Vapestornado para Compra Mayor de AINOVO AIM AIPOD 30000 Puff?<\/h2>\n<div class=\"flex-shrink-0 flex flex-col relative items-end\">\n<div class=\"pt-0\">\n<div class=\"gizmo-bot-avatar flex h-8 w-8 items-center justify-center overflow-hidden rounded-full\">\n<div class=\"relative p-1 rounded-sm flex items-center justify-center bg-token-main-surface-primary text-token-text-primary h-8 w-8\">\n<p>At\u00a0<strong>Vapes Tornado<\/strong>, nos enorgullecemos de ofrecer\u00a0<strong>productos de vapeo premium a precios inmejorables<\/strong>\u00a0Aqu\u00ed tienes las razones por las que deber\u00edas comprar con nosotros:<\/p>\n<p data-start=\"235\" data-end=\"360\"><strong data-start=\"235\" data-end=\"261\">Mejores ofertas al por mayor<\/strong> \u2013 Disfruta <strong data-start=\"270\" data-end=\"297\">precios mayoristas con alto margen de beneficio<\/strong> dise\u00f1ados para revendedores, distribuidores de vapeo y tiendas minoristas.<\/p>\n<p data-start=\"362\" data-end=\"513\"><strong data-start=\"362\" data-end=\"400\">\u2714 Env\u00edo r\u00e1pido y seguro a todo el mundo<\/strong> \u2013 Nosotros aseguramos <strong data-start=\"413\" data-end=\"443\">entrega r\u00e1pida y rastreable<\/strong> en toda Europa y m\u00e1s all\u00e1, para que tu stock llegue de manera segura y a tiempo.<\/p>\n<p data-start=\"515\" data-end=\"646\"><strong data-start=\"515\" data-end=\"542\">\u2714 Productos genuinos 100%<\/strong> \u2013 Cada <strong data-start=\"551\" data-end=\"578\">vaporizador WASPE Triple 60000<\/strong> que vendemos es <strong data-start=\"590\" data-end=\"625\">aut\u00e9ntico y certificado por la f\u00e1brica<\/strong>, nunca imitaciones.<\/p>\n<p data-start=\"648\" data-end=\"799\"><strong data-start=\"648\" data-end=\"676\">\u2714 Equipo de soporte dedicado<\/strong> \u2013 \u00bfNecesitas ayuda? Nuestros <strong data-start=\"694\" data-end=\"733\">especialistas en vapeo est\u00e1n disponibles 24\/7<\/strong>, listos para responder a tus preguntas y ayudarte con los pedidos en cualquier momento.<\/p>\n<p>&nbsp;<\/p>\n<p data-start=\"559\" data-end=\"933\" data-is-last-node=\"\" data-is-only-node=\"\">Tambi\u00e9n tenemos otros vaporizadores desechables populares con pantalla como <a href=\"https:\/\/vapestornado.com\/es\/product\/uzy-150k-puffs-6-in-1-flavor-switch-disposable-vape-pen-wholesale\/\">Vape de cambio de sabor UZY 150K Puff<\/a>, <a href=\"https:\/\/vapestornado.com\/es\/product\/vozol-rave-40k-40000-puffs-disposable-vape-smart-screen-5-nicotine\/\">VOZOL RAVE 40K Vape desechable<\/a>, <a href=\"https:\/\/vapestornado.com\/es\/product\/waspe-150k-150000-puff-6-in-1-disposable-vape-pen-cartridge-best-wholesale-price-in-poland\/\">WASPE 150K Puff 6 en 1<\/a>, y m\u00e1s.<\/p>\n<\/div>\n<div class=\"relative p-1 rounded-sm flex items-center justify-center bg-token-main-surface-primary text-token-text-primary h-8 w-8\">\n<h2>Preguntas Frecuentes Sobre AINOVO AIM AIPOD 30000 30k Puff<\/h2>\n<p data-start=\"2345\" data-end=\"2507\"><strong data-start=\"2345\" data-end=\"2397\">1. \u00bfCu\u00e1nto dura el AINOVO AIPOD 30K Puff?<\/strong><br data-start=\"2397\" data-end=\"2400\" \/>Modo Normal ofrece hasta <strong data-start=\"2425\" data-end=\"2440\">30000 caladas<\/strong>, mientras que el Modo Boost entrega <strong data-start=\"2468\" data-end=\"2483\">20000 caladas<\/strong> con una salida m\u00e1s potente.<\/p>\n<p data-start=\"2509\" data-end=\"2669\"><strong data-start=\"2509\" data-end=\"2566\">2. \u00bfEs el sistema de tanque reemplazable del AINOVO AIM AIPOD?<\/strong><br data-start=\"2566\" data-end=\"2569\" \/>S\u00ed, utiliza un <strong data-start=\"2584\" data-end=\"2609\">tanque reemplazable de 15 ml<\/strong>, lo que lo hace ideal para usuarios que desean una mayor duraci\u00f3n del dispositivo.<\/p>\n<p data-start=\"2671\" data-end=\"2783\"><strong data-start=\"2671\" data-end=\"2703\">3. \u00bfPuedo ajustar el flujo de aire?<\/strong><br data-start=\"2703\" data-end=\"2706\" \/>S\u00ed, cuenta con <strong data-start=\"2723\" data-end=\"2745\">ajuste de flujo de aire<\/strong> para preferencias de inhalaci\u00f3n ajustadas o abiertas.<\/p>\n<p data-start=\"2785\" data-end=\"2924\"><strong data-start=\"2785\" data-end=\"2828\">4. \u00bfQu\u00e9 opciones de nicotina est\u00e1n disponibles?<\/strong><br data-start=\"2828\" data-end=\"2831\" \/>Admite <strong data-start=\"2843\" data-end=\"2864\">0% \/ 2% \/ 3% \/ 5%<\/strong>, haci\u00e9ndolo adecuado para usuarios sin nicotina y de alta potencia.<\/p>\n<p data-start=\"2926\" data-end=\"3121\"><strong data-start=\"2926\" data-end=\"2974\">5. \u00bfEs bueno para pedidos al por mayor y en volumen?<\/strong><br data-start=\"2974\" data-end=\"2977\" \/>Absolutamente \u2014 est\u00e1 dise\u00f1ado para distribuidores que necesitan un suministro estable de un <strong data-start=\"3050\" data-end=\"3084\">Proveedor de vape desechable de China<\/strong>, con una fuerte demanda en toda Europa.<\/p>\n<\/div>\n<\/div>\n<\/div>\n<\/div>","protected":false},"excerpt":{"rendered":"<article class=\"text-token-text-primary w-full focus:outline-none [--shadow-height:45px] has-data-writing-block:pointer-events-none has-data-writing-block:-mt-(--shadow-height) has-data-writing-block:pt-(--shadow-height) [&amp;:has([data-writing-block])&gt;*]:pointer-events-auto [content-visibility:auto] supports-[content-visibility:auto]:[contain-intrinsic-size:auto_100lvh] scroll-mt-[calc(var(--header-height)+min(200px,max(70px,20svh)))]\" dir=\"auto\" tabindex=\"-1\" data-turn-id=\"86ca9d92-7a10-4e6b-bda0-15f9df36adca\" data-testid=\"conversation-turn-120\" data-scroll-anchor=\"true\" data-turn=\"assistant\">\n<div class=\"text-base my-auto mx-auto pb-10 [--thread-content-margin:--spacing(4)] thread-sm:[--thread-content-margin:--spacing(6)] thread-lg:[--thread-content-margin:--spacing(16)] px-(--thread-content-margin)\">\n<div class=\"[--thread-content-max-width:40rem] thread-lg:[--thread-content-max-width:48rem] mx-auto max-w-(--thread-content-max-width) flex-1 group\/turn-messages focus-visible:outline-hidden relative flex w-full min-w-0 flex-col agent-turn\" tabindex=\"-1\">\n<div class=\"flex max-w-full flex-col grow\">\n<div class=\"min-h-8 text-message relative flex w-full flex-col items-end gap-2 text-start break-words whitespace-normal [.text-message+&amp;]:mt-1\" dir=\"auto\" data-message-author-role=\"assistant\" data-message-id=\"43b070d6-bf28-4fbe-8049-1032a61ea3ac\" data-message-model-slug=\"gpt-5\">\n<div class=\"flex w-full flex-col gap-1 empty:hidden first:pt-[1px]\">\n<div class=\"markdown prose dark:prose-invert w-full break-words light markdown-new-styling\">\n<p data-start=\"3431\" data-end=\"3519\"><strong data-start=\"3431\" data-end=\"3517\">AINOVO AIPOD 30K Vape con Tanque Reemplazable \u2013 30000 Caladas Desechable Inteligente para Venta al por Mayor<\/strong><\/p>\n<p data-start=\"3523\" data-end=\"3604\"><strong data-start=\"3523\" data-end=\"3602\">Compre AINOVO AIM AIPOD 30000 Caladas \u2013 Kit de Vapeo de Malla Dual 30K para Pedidos al por Mayor en la UE<\/strong><\/p>\n<p data-start=\"3608\" data-end=\"3688\" data-is-last-node=\"\"><strong data-start=\"3608\" data-end=\"3688\" data-is-last-node=\"\">AINOVO AIPOD 30000 Caladas Desechable \u2013 Vape de Tanque Reemplazable 30K en Oferta<\/strong><\/p>\n<\/div>\n<\/div>\n<\/div>\n<\/div>\n<\/div>\n<\/div>\n<\/article>\n<p><img fetchpriority=\"high\" decoding=\"async\" class=\"size-full wp-image-2932\" src=\"https:\/\/vapestornado.com\/wp-content\/uploads\/2024\/12\/Vape-Wholesale.jpg\" alt=\"Vape al por mayor\" width=\"229\" height=\"300\" \/><\/p>\n<h3><a href=\"https:\/\/wa.me\/8617776015835\"><span style=\"color: #ff0000;\"><strong>WhatsApp: +86 17776015835<\/strong><\/span><\/a><\/h3>\n<p>&nbsp;<\/p>","protected":false},"featured_media":4538,"comment_status":"open","ping_status":"closed","template":"","meta":{"_acf_changed":false,"_uag_custom_page_level_css":"","_lmt_disableupdate":"no","_lmt_disable":"","_monsterinsights_skip_tracking":false,"_monsterinsights_sitenote_active":false,"_monsterinsights_sitenote_note":"","_monsterinsights_sitenote_category":0,"site-sidebar-layout":"default","site-content-layout":"","ast-site-content-layout":"default","site-content-style":"default","site-sidebar-style":"default","ast-global-header-display":"","ast-banner-title-visibility":"","ast-main-header-display":"","ast-hfb-above-header-display":"","ast-hfb-below-header-display":"","ast-hfb-mobile-header-display":"","site-post-title":"","ast-breadcrumbs-content":"","ast-featured-img":"","footer-sml-layout":"","ast-disable-related-posts":"","theme-transparent-header-meta":"default","adv-header-id-meta":"","stick-header-meta":"","header-above-stick-meta":"","header-main-stick-meta":"","header-below-stick-meta":"","astra-migrate-meta-layouts":"set","ast-page-background-enabled":"default","ast-page-background-meta":{"desktop":{"background-color":"","background-image":"","background-repeat":"repeat","background-position":"center center","background-size":"auto","background-attachment":"scroll","background-type":"","background-media":"","overlay-type":"","overlay-color":"","overlay-opacity":"","overlay-gradient":""},"tablet":{"background-color":"","background-image":"","background-repeat":"repeat","background-position":"center center","background-size":"auto","background-attachment":"scroll","background-type":"","background-media":"","overlay-type":"","overlay-color":"","overlay-opacity":"","overlay-gradient":""},"mobile":{"background-color":"","background-image":"","background-repeat":"repeat","background-position":"center center","background-size":"auto","background-attachment":"scroll","background-type":"","background-media":"","overlay-type":"","overlay-color":"","overlay-opacity":"","overlay-gradient":""}},"ast-content-background-meta":{"desktop":{"background-color":"var(--ast-global-color-5)","background-image":"","background-repeat":"repeat","background-position":"center center","background-size":"auto","background-attachment":"scroll","background-type":"","background-media":"","overlay-type":"","overlay-color":"","overlay-opacity":"","overlay-gradient":""},"tablet":{"background-color":"var(--ast-global-color-5)","background-image":"","background-repeat":"repeat","background-position":"center center","background-size":"auto","background-attachment":"scroll","background-type":"","background-media":"","overlay-type":"","overlay-color":"","overlay-opacity":"","overlay-gradient":""},"mobile":{"background-color":"var(--ast-global-color-5)","background-image":"","background-repeat":"repeat","background-position":"center center","background-size":"auto","background-attachment":"scroll","background-type":"","background-media":"","overlay-type":"","overlay-color":"","overlay-opacity":"","overlay-gradient":""}},"_joinchat":{"telephone":"17776015835"}},"product_brand":[],"product_cat":[67,176,152,154,156,158,142,357,144],"product_tag":[432,105,430,94,431,301],"class_list":{"0":"post-4543","1":"product","2":"type-product","3":"status-publish","4":"has-post-thumbnail","6":"product_cat-30000-puff","7":"product_cat-aivono-vape","8":"product_cat-buy-disposable-vapes-in-cermany","9":"product_cat-buy-disposable-vapes-in-netherlands","10":"product_cat-buy-disposable-vapes-in-poland","11":"product_cat-buy-disposable-vapes-in-spain","12":"product_cat-digital-box-disposable-vapes","13":"product_cat-flavor-adjustable-vape","14":"product_cat-low-nicotine-disposable-vapes","15":"product_tag-china-disposable-vape-supplier","16":"product_tag-digital-disposable-vape","17":"product_tag-disposables-vaper","18":"product_tag-rechargeable-disposable-vape","19":"product_tag-replaceable-tank-disposable-vape-kit","20":"product_tag-vapor-wholesale","21":"desktop-align-left","22":"tablet-align-left","23":"mobile-align-left","25":"first","26":"instock","27":"sale","28":"shipping-taxable","29":"purchasable","30":"product-type-simple"},"acf":[],"uagb_featured_image_src":{"full":["https:\/\/vapestornado.com\/wp-content\/uploads\/2025\/11\/Aivono-30k-30000-Puffs-Disposable-Vape.webp",800,800,false],"thumbnail":["https:\/\/vapestornado.com\/wp-content\/uploads\/2025\/11\/Aivono-30k-30000-Puffs-Disposable-Vape-150x150.webp",150,150,true],"medium":["https:\/\/vapestornado.com\/wp-content\/uploads\/2025\/11\/Aivono-30k-30000-Puffs-Disposable-Vape-300x300.webp",300,300,true],"medium_large":["https:\/\/vapestornado.com\/wp-content\/uploads\/2025\/11\/Aivono-30k-30000-Puffs-Disposable-Vape-768x768.webp",768,768,true],"large":["https:\/\/vapestornado.com\/wp-content\/uploads\/2025\/11\/Aivono-30k-30000-Puffs-Disposable-Vape.webp",800,800,false],"1536x1536":["https:\/\/vapestornado.com\/wp-content\/uploads\/2025\/11\/Aivono-30k-30000-Puffs-Disposable-Vape.webp",800,800,false],"2048x2048":["https:\/\/vapestornado.com\/wp-content\/uploads\/2025\/11\/Aivono-30k-30000-Puffs-Disposable-Vape.webp",800,800,false],"trp-custom-language-flag":["https:\/\/vapestornado.com\/wp-content\/uploads\/2025\/11\/Aivono-30k-30000-Puffs-Disposable-Vape-12x12.webp",12,12,true],"woocommerce_thumbnail":["https:\/\/vapestornado.com\/wp-content\/uploads\/2025\/11\/Aivono-30k-30000-Puffs-Disposable-Vape-300x300.webp",300,300,true],"woocommerce_single":["https:\/\/vapestornado.com\/wp-content\/uploads\/2025\/11\/Aivono-30k-30000-Puffs-Disposable-Vape-600x600.webp",600,600,true],"woocommerce_gallery_thumbnail":["https:\/\/vapestornado.com\/wp-content\/uploads\/2025\/11\/Aivono-30k-30000-Puffs-Disposable-Vape-100x100.webp",100,100,true]},"uagb_author_info":{"display_name":"ESAMY","author_link":"https:\/\/vapestornado.com\/es\/author\/"},"uagb_comment_info":0,"uagb_excerpt":"AINOVO AIPOD 30K Replaceable Tank Vape \u2013 30000 Puff Smart Disposable for Wholesale Buy AINOVO AIM AIPOD 30000 Puff \u2013 Dual Mesh 30K Vape Kit for EU Bulk Orders AINOVO AIPOD 30000 Puff Disposable \u2013 30K Replaceable Tank Vape Hot Sale WhatsApp: +86 17776015835 &nbsp;","_links":{"self":[{"href":"https:\/\/vapestornado.com\/es\/wp-json\/wp\/v2\/product\/4543","targetHints":{"allow":["GET"]}}],"collection":[{"href":"https:\/\/vapestornado.com\/es\/wp-json\/wp\/v2\/product"}],"about":[{"href":"https:\/\/vapestornado.com\/es\/wp-json\/wp\/v2\/types\/product"}],"replies":[{"embeddable":true,"href":"https:\/\/vapestornado.com\/es\/wp-json\/wp\/v2\/comments?post=4543"}],"wp:featuredmedia":[{"embeddable":true,"href":"https:\/\/vapestornado.com\/es\/wp-json\/wp\/v2\/media\/4538"}],"wp:attachment":[{"href":"https:\/\/vapestornado.com\/es\/wp-json\/wp\/v2\/media?parent=4543"}],"wp:term":[{"taxonomy":"product_brand","embeddable":true,"href":"https:\/\/vapestornado.com\/es\/wp-json\/wp\/v2\/product_brand?post=4543"},{"taxonomy":"product_cat","embeddable":true,"href":"https:\/\/vapestornado.com\/es\/wp-json\/wp\/v2\/product_cat?post=4543"},{"taxonomy":"product_tag","embeddable":true,"href":"https:\/\/vapestornado.com\/es\/wp-json\/wp\/v2\/product_tag?post=4543"}],"curies":[{"name":"wp","href":"https:\/\/api.w.org\/{rel}","templated":true}]}}