{"id":4537,"date":"2025-11-13T08:50:19","date_gmt":"2025-11-13T08:50:19","guid":{"rendered":"https:\/\/vapestornado.com\/?post_type=product&#038;p=4537"},"modified":"2025-11-13T09:14:06","modified_gmt":"2025-11-13T09:14:06","slug":"uzy-bang-digital-15k-puff-monkey-vape-pen-eu-warehouse-fast-shipping","status":"publish","type":"product","link":"https:\/\/vapestornado.com\/es\/product\/uzy-bang-digital-15k-puff-monkey-vape-pen-eu-warehouse-fast-shipping\/","title":{"rendered":"UZY Bang Digital 15K Puff 15000 Vape Pen Monkey Almac\u00e9n UE Env\u00edo R\u00e1pido"},"content":{"rendered":"<h2 data-pm-slice=\"1 1 []\">UZY Bang Digital 15K Puff \u2013 Potencia compacta, sabor premium, entrega r\u00e1pida en UE<\/h2>\n<p data-start=\"90\" data-end=\"703\">El <strong data-start=\"94\" data-end=\"118\">UZY Bang Digital 15K<\/strong> redefine lo que un <strong data-start=\"144\" data-end=\"171\">vape digital desechable<\/strong> puede ofrecer. Con una <strong data-start=\"190\" data-end=\"222\">capacidad de 15000 caladas<\/strong> y el <strong data-start=\"227\" data-end=\"254\">e-l\u00edquido prellenado de 25ml<\/strong>, este modelo combina un rendimiento duradero con una producci\u00f3n de vapor suave y constante. Dise\u00f1ado para vapear que exigen tanto resistencia como sabor, el <strong data-start=\"406\" data-end=\"423\">UZY 15K Puff<\/strong> cuenta con un <strong data-start=\"435\" data-end=\"453\">bobina de malla de 1.0\u03a9<\/strong> para nubes densas y sabor puro en cada calada. Su <strong data-start=\"506\" data-end=\"544\">Bater\u00eda recargable Tipo-C de 850mAh<\/strong> garantiza energ\u00eda durante todo el d\u00eda con recarga r\u00e1pida y eficiente \u2014 lo que lo hace ideal tanto para usuarios diarios como para compradores al por mayor que buscan fiabilidad en pedidos en volumen.<\/p>\n<p data-start=\"705\" data-end=\"1168\">Este <strong data-start=\"710\" data-end=\"735\">vape desechable inteligente<\/strong> destaca con un <strong data-start=\"754\" data-end=\"777\">pantalla LED digital<\/strong> que rastrea en tiempo real la duraci\u00f3n de la bater\u00eda y los niveles de e-l\u00edquido \u2014 una caracter\u00edstica rara en vaporizadores compactos. Las <strong data-start=\"883\" data-end=\"930\">opciones ajustables de nicotina (0%, 2%, 3%, 5%)<\/strong> lo hacen perfecto para todas las preferencias, desde usuarios sin nicotina hasta quienes disfrutan de una mayor sensaci\u00f3n en la garganta. Compacto pero potente, este <strong data-start=\"1057\" data-end=\"1080\">UZY Digital 15K Puff<\/strong> encaja f\u00e1cilmente en tu bolsillo mientras ofrece un rendimiento comparable a dispositivos m\u00e1s grandes.<\/p>\n<p data-start=\"1170\" data-end=\"1516\">Con stock disponible en nuestro <strong data-start=\"1198\" data-end=\"1214\">almac\u00e9n de la UE<\/strong> y el <strong data-start=\"1219\" data-end=\"1296\">env\u00edo r\u00e1pido a pa\u00edses como Francia, Alemania, Espa\u00f1a, Italia y Polonia<\/strong>, el <strong data-start=\"1302\" data-end=\"1331\">UZY Bang Digital 15K Puff<\/strong> es tu opci\u00f3n principal para ventas mayoristas y minoristas de alto margen. Es un desechable ecol\u00f3gico y recargable \u2014 reduciendo residuos mientras ofrece una conveniencia y sabor de calidad inigualables.<\/p>\n<p data-start=\"666\" data-end=\"1235\"><strong style=\"font-size: 16px;\"><span style=\"color: #ff0000;\">\u00a1A\u00f1ade el WhatsApp de Amy para obtener una respuesta correcta y un precio con descuento!<\/span><\/strong><\/p>\n<p><img fetchpriority=\"high\" decoding=\"async\" class=\"size-full wp-image-2932\" src=\"https:\/\/vapestornado.com\/wp-content\/uploads\/2024\/12\/Vape-Wholesale.jpg\" alt=\"Vape al por mayor\" width=\"229\" height=\"300\" \/><\/p>\n<h3><a href=\"https:\/\/wa.me\/8617776015835\" target=\"_blank\" rel=\"noopener\"><span style=\"color: #ff0000;\"><strong>WhatsApp: +86 17776015835<\/strong><\/span><\/a><\/h3>\n<p>&nbsp;<\/p>\n<h2><strong>Caracter\u00edsticas principales del producto UZY Bang Digital 15K Puff<\/strong><\/h2>\n<ul>\n<li data-start=\"1573\" data-end=\"1606\">\n<p data-start=\"1575\" data-end=\"1606\"><strong data-start=\"1575\" data-end=\"1585\">Caladas:<\/strong> Hasta 15,000 caladas<\/p>\n<\/li>\n<li data-start=\"1607\" data-end=\"1655\">\n<p data-start=\"1609\" data-end=\"1655\"><strong data-start=\"1609\" data-end=\"1631\">Capacidad de E-l\u00edquido:<\/strong> 25ml de sal nic premium<\/p>\n<\/li>\n<li data-start=\"1656\" data-end=\"1699\">\n<p data-start=\"1658\" data-end=\"1699\"><strong data-start=\"1658\" data-end=\"1670\">Bater\u00eda:<\/strong> 850mAh recargable con Type-C<\/p>\n<\/li>\n<li data-start=\"1700\" data-end=\"1744\">\n<p data-start=\"1702\" data-end=\"1744\"><strong data-start=\"1702\" data-end=\"1711\">Resistencia:<\/strong> Bobina de malla de 1.0\u03a9 para nubes ricas<\/p>\n<\/li>\n<li data-start=\"1745\" data-end=\"1804\">\n<p data-start=\"1747\" data-end=\"1804\"><strong data-start=\"1747\" data-end=\"1759\">Pantalla:<\/strong> Pantalla digital LED (nivel de bater\u00eda y jugo)<\/p>\n<\/li>\n<li data-start=\"1805\" data-end=\"1846\">\n<p data-start=\"1807\" data-end=\"1846\"><strong data-start=\"1807\" data-end=\"1829\">Concentraci\u00f3n de Nicotina:<\/strong> 0%, 2%, 3%, 5%<\/p>\n<\/li>\n<li data-start=\"1847\" data-end=\"1888\">\n<p data-start=\"1849\" data-end=\"1888\"><strong data-start=\"1849\" data-end=\"1867\">Puerto de carga:<\/strong> carga r\u00e1pida Tipo-C<\/p>\n<\/li>\n<li data-start=\"1889\" data-end=\"1945\">\n<p data-start=\"1891\" data-end=\"1945\"><strong data-start=\"1891\" data-end=\"1905\">Almac\u00e9n:<\/strong> Stock en la UE, entrega r\u00e1pida en toda Europa<\/p>\n<\/li>\n<\/ul>\n<figure id=\"attachment_4531\" aria-describedby=\"caption-attachment-4531\" style=\"width: 300px\" class=\"wp-caption alignnone\"><img decoding=\"async\" class=\"size-medium wp-image-4531\" src=\"https:\/\/vapestornado.com\/wp-content\/uploads\/2025\/11\/Original-Uzy-Bang-Digital-15000-Puff-15k-Disposable-E-Cigs-300x300.webp\" alt=\"Cigarros electr\u00f3nicos desechables originales Uzy Bang Digital 15000 Puff 15k\" width=\"300\" height=\"300\" srcset=\"https:\/\/vapestornado.com\/wp-content\/uploads\/2025\/11\/Original-Uzy-Bang-Digital-15000-Puff-15k-Disposable-E-Cigs-300x300.webp 300w, https:\/\/vapestornado.com\/wp-content\/uploads\/2025\/11\/Original-Uzy-Bang-Digital-15000-Puff-15k-Disposable-E-Cigs-150x150.webp 150w, https:\/\/vapestornado.com\/wp-content\/uploads\/2025\/11\/Original-Uzy-Bang-Digital-15000-Puff-15k-Disposable-E-Cigs-768x768.webp 768w, https:\/\/vapestornado.com\/wp-content\/uploads\/2025\/11\/Original-Uzy-Bang-Digital-15000-Puff-15k-Disposable-E-Cigs-12x12.webp 12w, https:\/\/vapestornado.com\/wp-content\/uploads\/2025\/11\/Original-Uzy-Bang-Digital-15000-Puff-15k-Disposable-E-Cigs-600x600.webp 600w, https:\/\/vapestornado.com\/wp-content\/uploads\/2025\/11\/Original-Uzy-Bang-Digital-15000-Puff-15k-Disposable-E-Cigs-100x100.webp 100w, https:\/\/vapestornado.com\/wp-content\/uploads\/2025\/11\/Original-Uzy-Bang-Digital-15000-Puff-15k-Disposable-E-Cigs.webp 800w\" sizes=\"(max-width: 300px) 100vw, 300px\" \/><figcaption id=\"caption-attachment-4531\" class=\"wp-caption-text\">Cigarros electr\u00f3nicos desechables originales Uzy Bang Digital 15000 Puff 15k<\/figcaption><\/figure>\n<h2 class=\"product-title\"><strong>Lista de sabores de vaporizadores desechables UZY Bang Digital 15K<\/strong><\/h2>\n<p>1. Fresa Sand\u00eda<br \/>\n2. Ar\u00e1ndano con hielo<br \/>\n3. Durazno Mango Pi\u00f1a<br \/>\n4. Hielo de uva<br \/>\n5. Hielo de sand\u00eda<br \/>\n6. Hielo de durazno<br \/>\n7. Fresa kiwi<br \/>\n8.Ar\u00e1ndano Frambuesa<br \/>\n9. Kiwi Fruta de la pasi\u00f3n<br \/>\n10. MR Azul<br \/>\n11. Triple Durazno hielo<br \/>\n12. Hielo de Energ\u00eda Roja<\/p>\n<h3 data-start=\"2251\" data-end=\"2296\"><strong data-start=\"2255\" data-end=\"2296\">\u00bfPor qu\u00e9 elegir UZY Bang Digital 15K Puff?<\/strong><\/h3>\n<ul data-start=\"2297\" data-end=\"2680\">\n<li data-start=\"2297\" data-end=\"2373\">\n<p data-start=\"2299\" data-end=\"2373\"><strong data-start=\"2299\" data-end=\"2328\">Rendimiento duradero:<\/strong> 15.000 caladas para sesiones de vapeo prolongadas.<\/p>\n<\/li>\n<li data-start=\"2374\" data-end=\"2447\">\n<p data-start=\"2376\" data-end=\"2447\"><strong data-start=\"2376\" data-end=\"2407\">Opciones vers\u00e1tiles de nicotina:<\/strong> Elige entre 0\u20135% para control total.<\/p>\n<\/li>\n<li data-start=\"2448\" data-end=\"2528\">\n<p data-start=\"2450\" data-end=\"2528\"><strong data-start=\"2450\" data-end=\"2480\">Comodidad de pantalla inteligente:<\/strong> Mantente informado sobre los niveles de bater\u00eda y jugo.<\/p>\n<\/li>\n<li data-start=\"2529\" data-end=\"2601\">\n<p data-start=\"2531\" data-end=\"2601\"><strong data-start=\"2531\" data-end=\"2550\">Stock con base en la UE:<\/strong> Entrega r\u00e1pida y confiable para revendedores europeos.<\/p>\n<\/li>\n<li data-start=\"2602\" data-end=\"2680\">\n<p data-start=\"2604\" data-end=\"2680\"><strong data-start=\"2604\" data-end=\"2629\">Dise\u00f1o ecol\u00f3gico:<\/strong> Sistema recargable que reduce residuos ambientales.<\/p>\n<\/li>\n<\/ul>\n<h3 data-start=\"2687\" data-end=\"2754\"><strong data-start=\"2691\" data-end=\"2754\">Comparaci\u00f3n: UZY Bang Digital 15K vs Dispositivos desechables tradicionales<\/strong><\/h3>\n<p data-start=\"2755\" data-end=\"3026\">A diferencia de las barras de vapor est\u00e1ndar de 5K\u20138K, el <strong data-start=\"2792\" data-end=\"2815\">UZYDigital 15K Puff<\/strong> ofrece el triple de duraci\u00f3n y un control de vapeo m\u00e1s inteligente. La pantalla LED y la carga Type-C lo hacen mucho m\u00e1s pr\u00e1ctico para uso a largo plazo, mientras que la bobina de malla asegura que cada calada tenga un sabor fresco hasta el final.<\/p>\n<p>&nbsp;<\/p>\n<h2>\u00bfPor qu\u00e9 elegir Vapestornado para la compra al por mayor del UZY Bang Digital 15K Puffs?<\/h2>\n<div class=\"flex-shrink-0 flex flex-col relative items-end\">\n<div class=\"pt-0\">\n<div class=\"gizmo-bot-avatar flex h-8 w-8 items-center justify-center overflow-hidden rounded-full\">\n<div class=\"relative p-1 rounded-sm flex items-center justify-center bg-token-main-surface-primary text-token-text-primary h-8 w-8\">\n<p>At\u00a0<strong>Vapes Tornado<\/strong>, nos enorgullecemos de ofrecer\u00a0<strong>productos de vapeo premium a precios inmejorables<\/strong>\u00a0Aqu\u00ed tienes las razones por las que deber\u00edas comprar con nosotros:<\/p>\n<p data-start=\"235\" data-end=\"360\"><strong data-start=\"235\" data-end=\"261\">Mejores ofertas al por mayor<\/strong> \u2013 Disfruta <strong data-start=\"270\" data-end=\"297\">precios mayoristas con alto margen de beneficio<\/strong> dise\u00f1ados para revendedores, distribuidores de vapeo y tiendas minoristas.<\/p>\n<p data-start=\"362\" data-end=\"513\"><strong data-start=\"362\" data-end=\"400\">\u2714 Env\u00edo r\u00e1pido y seguro a todo el mundo<\/strong> \u2013 Nosotros aseguramos <strong data-start=\"413\" data-end=\"443\">entrega r\u00e1pida y rastreable<\/strong> en toda Europa y m\u00e1s all\u00e1, para que tu stock llegue de manera segura y a tiempo.<\/p>\n<p data-start=\"515\" data-end=\"646\"><strong data-start=\"515\" data-end=\"542\">\u2714 Productos genuinos 100%<\/strong> \u2013 Cada <strong data-start=\"551\" data-end=\"578\">vaporizador WASPE Triple 60000<\/strong> que vendemos es <strong data-start=\"590\" data-end=\"625\">aut\u00e9ntico y certificado por la f\u00e1brica<\/strong>, nunca imitaciones.<\/p>\n<p data-start=\"648\" data-end=\"799\"><strong data-start=\"648\" data-end=\"676\">\u2714 Equipo de soporte dedicado<\/strong> \u2013 \u00bfNecesitas ayuda? Nuestros <strong data-start=\"694\" data-end=\"733\">especialistas en vapeo est\u00e1n disponibles 24\/7<\/strong>, listos para responder a tus preguntas y ayudarte con los pedidos en cualquier momento.<\/p>\n<p>&nbsp;<\/p>\n<p data-start=\"559\" data-end=\"933\" data-is-last-node=\"\" data-is-only-node=\"\">Tambi\u00e9n tenemos otros vaporizadores desechables populares con pantalla como <a href=\"https:\/\/vapestornado.com\/es\/product\/uzy-150k-puffs-6-in-1-flavor-switch-disposable-vape-pen-wholesale\/\">Vape de cambio de sabor UZY 150K Puff<\/a>, <a href=\"https:\/\/vapestornado.com\/es\/product\/vozol-rave-40k-40000-puffs-disposable-vape-smart-screen-5-nicotine\/\">VOZOL RAVE 40K Vape desechable<\/a>, <a href=\"https:\/\/vapestornado.com\/es\/product\/waspe-150k-150000-puff-6-in-1-disposable-vape-pen-cartridge-best-wholesale-price-in-poland\/\">WASPE 150K Puff 6 en 1<\/a>, y m\u00e1s.<\/p>\n<\/div>\n<div class=\"relative p-1 rounded-sm flex items-center justify-center bg-token-main-surface-primary text-token-text-primary h-8 w-8\">\n<h2>Preguntas frecuentes sobre UZY Bang Digital 15K Puffs<\/h2>\n<p data-start=\"3074\" data-end=\"3210\"><strong data-start=\"3074\" data-end=\"3125\">1. \u00bfCu\u00e1nto dura el UZY Bang Digital 15K?<\/strong><br data-start=\"3125\" data-end=\"3128\" \/>Ofrece hasta 15,000 caladas, dependiendo de la frecuencia de vapeo y la duraci\u00f3n de cada calada.<\/p>\n<p data-start=\"3212\" data-end=\"3329\"><strong data-start=\"3212\" data-end=\"3255\">2. \u00bfEl UZY Digital 15K es recargable?<\/strong><br data-start=\"3255\" data-end=\"3258\" \/>S\u00ed, cuenta con una bater\u00eda integrada de 850mAh con carga r\u00e1pida Type-C.<\/p>\n<p data-start=\"3331\" data-end=\"3452\"><strong data-start=\"3331\" data-end=\"3369\">3. \u00bfCu\u00e1ntos sabores est\u00e1n disponibles?<\/strong><br data-start=\"3369\" data-end=\"3372\" \/>Hay 12 sabores \u00fanicos, que van desde mezclas frutales hasta variedades muy refrescantes.<\/p>\n<p data-start=\"3454\" data-end=\"3579\"><strong data-start=\"3454\" data-end=\"3499\">4. \u00bfMuestra los niveles de bater\u00eda y l\u00edquido?<\/strong><br data-start=\"3499\" data-end=\"3502\" \/>S\u00ed, la pantalla digital LED muestra en tiempo real el estado de la bater\u00eda y del e-l\u00edquido.<\/p>\n<p data-start=\"3581\" data-end=\"3743\"><strong data-start=\"3581\" data-end=\"3615\">5. \u00bfD\u00f3nde puedo comprarlo al por mayor?<\/strong><br data-start=\"3615\" data-end=\"3618\" \/>Los pedidos al por mayor se env\u00edan directamente desde nuestro <strong data-start=\"3658\" data-end=\"3674\">almac\u00e9n de la UE<\/strong>, asegurando un <strong data-start=\"3685\" data-end=\"3726\">env\u00edo r\u00e1pido y precios competitivos<\/strong> en toda Europa.<\/p>\n<\/div>\n<\/div>\n<\/div>\n<\/div>","protected":false},"excerpt":{"rendered":"<article class=\"text-token-text-primary w-full focus:outline-none [--shadow-height:45px] has-data-writing-block:pointer-events-none has-data-writing-block:-mt-(--shadow-height) has-data-writing-block:pt-(--shadow-height) [&amp;:has([data-writing-block])&gt;*]:pointer-events-auto [content-visibility:auto] supports-[content-visibility:auto]:[contain-intrinsic-size:auto_100lvh] scroll-mt-[calc(var(--header-height)+min(200px,max(70px,20svh)))]\" dir=\"auto\" tabindex=\"-1\" data-turn-id=\"86ca9d92-7a10-4e6b-bda0-15f9df36adca\" data-testid=\"conversation-turn-120\" data-scroll-anchor=\"true\" data-turn=\"assistant\">\n<div class=\"text-base my-auto mx-auto pb-10 [--thread-content-margin:--spacing(4)] thread-sm:[--thread-content-margin:--spacing(6)] thread-lg:[--thread-content-margin:--spacing(16)] px-(--thread-content-margin)\">\n<div class=\"[--thread-content-max-width:40rem] thread-lg:[--thread-content-max-width:48rem] mx-auto max-w-(--thread-content-max-width) flex-1 group\/turn-messages focus-visible:outline-hidden relative flex w-full min-w-0 flex-col agent-turn\" tabindex=\"-1\">\n<div class=\"flex max-w-full flex-col grow\">\n<div class=\"min-h-8 text-message relative flex w-full flex-col items-end gap-2 text-start break-words whitespace-normal [.text-message+&amp;]:mt-1\" dir=\"auto\" data-message-author-role=\"assistant\" data-message-id=\"43b070d6-bf28-4fbe-8049-1032a61ea3ac\" data-message-model-slug=\"gpt-5\">\n<div class=\"flex w-full flex-col gap-1 empty:hidden first:pt-[1px]\">\n<div class=\"markdown prose dark:prose-invert w-full break-words light markdown-new-styling\">\n<p data-start=\"4043\" data-end=\"4133\"><strong data-start=\"4043\" data-end=\"4131\">UZY Bang Digital 15K Puff \u2013 Vape desechable inteligente con pantalla LED y env\u00edo r\u00e1pido en UE<\/strong><\/p>\n<p data-start=\"4137\" data-end=\"4227\"><strong data-start=\"4137\" data-end=\"4225\">Compra UZY Digital 15K Vape Pen \u2013 15000 Puffs desechable recargable a precio mayorista<\/strong><\/p>\n<p data-start=\"4231\" data-end=\"4308\" data-is-last-node=\"\"><strong data-start=\"4231\" data-end=\"4308\" data-is-last-node=\"\">Stock en almac\u00e9n de la UE: UZY 15K Puffs Vape con pantalla inteligente y entrega r\u00e1pida<\/strong><\/p>\n<\/div>\n<\/div>\n<\/div>\n<\/div>\n<\/div>\n<\/div>\n<\/article>\n<p><img fetchpriority=\"high\" decoding=\"async\" class=\"size-full wp-image-2932\" src=\"https:\/\/vapestornado.com\/wp-content\/uploads\/2024\/12\/Vape-Wholesale.jpg\" alt=\"Vape al por mayor\" width=\"229\" height=\"300\" \/><\/p>\n<h3><a href=\"https:\/\/wa.me\/8617776015835\"><span style=\"color: #ff0000;\"><strong>WhatsApp: +86 17776015835<\/strong><\/span><\/a><\/h3>\n<p>&nbsp;<\/p>","protected":false},"featured_media":4532,"comment_status":"open","ping_status":"closed","template":"","meta":{"_acf_changed":false,"_uag_custom_page_level_css":"","_lmt_disableupdate":"no","_lmt_disable":"","_monsterinsights_skip_tracking":false,"_monsterinsights_sitenote_active":false,"_monsterinsights_sitenote_note":"","_monsterinsights_sitenote_category":0,"site-sidebar-layout":"default","site-content-layout":"","ast-site-content-layout":"default","site-content-style":"default","site-sidebar-style":"default","ast-global-header-display":"","ast-banner-title-visibility":"","ast-main-header-display":"","ast-hfb-above-header-display":"","ast-hfb-below-header-display":"","ast-hfb-mobile-header-display":"","site-post-title":"","ast-breadcrumbs-content":"","ast-featured-img":"","footer-sml-layout":"","ast-disable-related-posts":"","theme-transparent-header-meta":"default","adv-header-id-meta":"","stick-header-meta":"","header-above-stick-meta":"","header-main-stick-meta":"","header-below-stick-meta":"","astra-migrate-meta-layouts":"set","ast-page-background-enabled":"default","ast-page-background-meta":{"desktop":{"background-color":"","background-image":"","background-repeat":"repeat","background-position":"center center","background-size":"auto","background-attachment":"scroll","background-type":"","background-media":"","overlay-type":"","overlay-color":"","overlay-opacity":"","overlay-gradient":""},"tablet":{"background-color":"","background-image":"","background-repeat":"repeat","background-position":"center center","background-size":"auto","background-attachment":"scroll","background-type":"","background-media":"","overlay-type":"","overlay-color":"","overlay-opacity":"","overlay-gradient":""},"mobile":{"background-color":"","background-image":"","background-repeat":"repeat","background-position":"center center","background-size":"auto","background-attachment":"scroll","background-type":"","background-media":"","overlay-type":"","overlay-color":"","overlay-opacity":"","overlay-gradient":""}},"ast-content-background-meta":{"desktop":{"background-color":"var(--ast-global-color-5)","background-image":"","background-repeat":"repeat","background-position":"center center","background-size":"auto","background-attachment":"scroll","background-type":"","background-media":"","overlay-type":"","overlay-color":"","overlay-opacity":"","overlay-gradient":""},"tablet":{"background-color":"var(--ast-global-color-5)","background-image":"","background-repeat":"repeat","background-position":"center center","background-size":"auto","background-attachment":"scroll","background-type":"","background-media":"","overlay-type":"","overlay-color":"","overlay-opacity":"","overlay-gradient":""},"mobile":{"background-color":"var(--ast-global-color-5)","background-image":"","background-repeat":"repeat","background-position":"center center","background-size":"auto","background-attachment":"scroll","background-type":"","background-media":"","overlay-type":"","overlay-color":"","overlay-opacity":"","overlay-gradient":""}},"_joinchat":{"telephone":"17776015835"}},"product_brand":[],"product_cat":[71,152,154,156,158,142,357,144,356],"product_tag":[105,406,427,94,428,429,301],"class_list":{"0":"post-4537","1":"product","2":"type-product","3":"status-publish","4":"has-post-thumbnail","6":"product_cat-15000-puff","7":"product_cat-buy-disposable-vapes-in-cermany","8":"product_cat-buy-disposable-vapes-in-netherlands","9":"product_cat-buy-disposable-vapes-in-poland","10":"product_cat-buy-disposable-vapes-in-spain","11":"product_cat-digital-box-disposable-vapes","12":"product_cat-flavor-adjustable-vape","13":"product_cat-low-nicotine-disposable-vapes","14":"product_cat-uzy-vape","15":"product_tag-digital-disposable-vape","16":"product_tag-disposable-vape-fast-shipping","17":"product_tag-multi-flaovr-vape","18":"product_tag-rechargeable-disposable-vape","19":"product_tag-uzy-bang-digital-15k","20":"product_tag-vape-eu-warehouse","21":"product_tag-vapor-wholesale","22":"desktop-align-left","23":"tablet-align-left","24":"mobile-align-left","26":"first","27":"instock","28":"sale","29":"shipping-taxable","30":"purchasable","31":"product-type-simple"},"acf":[],"uagb_featured_image_src":{"full":["https:\/\/vapestornado.com\/wp-content\/uploads\/2025\/11\/UZY-Bang-Digital-15K-Puff-Monkey-Vape-Pen.webp",800,800,false],"thumbnail":["https:\/\/vapestornado.com\/wp-content\/uploads\/2025\/11\/UZY-Bang-Digital-15K-Puff-Monkey-Vape-Pen-150x150.webp",150,150,true],"medium":["https:\/\/vapestornado.com\/wp-content\/uploads\/2025\/11\/UZY-Bang-Digital-15K-Puff-Monkey-Vape-Pen-300x300.webp",300,300,true],"medium_large":["https:\/\/vapestornado.com\/wp-content\/uploads\/2025\/11\/UZY-Bang-Digital-15K-Puff-Monkey-Vape-Pen-768x768.webp",768,768,true],"large":["https:\/\/vapestornado.com\/wp-content\/uploads\/2025\/11\/UZY-Bang-Digital-15K-Puff-Monkey-Vape-Pen.webp",800,800,false],"1536x1536":["https:\/\/vapestornado.com\/wp-content\/uploads\/2025\/11\/UZY-Bang-Digital-15K-Puff-Monkey-Vape-Pen.webp",800,800,false],"2048x2048":["https:\/\/vapestornado.com\/wp-content\/uploads\/2025\/11\/UZY-Bang-Digital-15K-Puff-Monkey-Vape-Pen.webp",800,800,false],"trp-custom-language-flag":["https:\/\/vapestornado.com\/wp-content\/uploads\/2025\/11\/UZY-Bang-Digital-15K-Puff-Monkey-Vape-Pen-12x12.webp",12,12,true],"woocommerce_thumbnail":["https:\/\/vapestornado.com\/wp-content\/uploads\/2025\/11\/UZY-Bang-Digital-15K-Puff-Monkey-Vape-Pen-300x300.webp",300,300,true],"woocommerce_single":["https:\/\/vapestornado.com\/wp-content\/uploads\/2025\/11\/UZY-Bang-Digital-15K-Puff-Monkey-Vape-Pen-600x600.webp",600,600,true],"woocommerce_gallery_thumbnail":["https:\/\/vapestornado.com\/wp-content\/uploads\/2025\/11\/UZY-Bang-Digital-15K-Puff-Monkey-Vape-Pen-100x100.webp",100,100,true]},"uagb_author_info":{"display_name":"ESAMY","author_link":"https:\/\/vapestornado.com\/es\/author\/"},"uagb_comment_info":1,"uagb_excerpt":"UZY Bang Digital 15K Puff \u2013 Smart Disposable Vape with LED Screen &amp; EU Fast Shipping Buy UZY Digital 15K Vape Pen \u2013 15000 Puffs Rechargeable Disposable at Wholesale Price EU Warehouse Stock: UZY 15K Puffs Vape with Smart Display &amp; Fast Delivery WhatsApp: +86 17776015835 &nbsp;","_links":{"self":[{"href":"https:\/\/vapestornado.com\/es\/wp-json\/wp\/v2\/product\/4537","targetHints":{"allow":["GET"]}}],"collection":[{"href":"https:\/\/vapestornado.com\/es\/wp-json\/wp\/v2\/product"}],"about":[{"href":"https:\/\/vapestornado.com\/es\/wp-json\/wp\/v2\/types\/product"}],"replies":[{"embeddable":true,"href":"https:\/\/vapestornado.com\/es\/wp-json\/wp\/v2\/comments?post=4537"}],"wp:featuredmedia":[{"embeddable":true,"href":"https:\/\/vapestornado.com\/es\/wp-json\/wp\/v2\/media\/4532"}],"wp:attachment":[{"href":"https:\/\/vapestornado.com\/es\/wp-json\/wp\/v2\/media?parent=4537"}],"wp:term":[{"taxonomy":"product_brand","embeddable":true,"href":"https:\/\/vapestornado.com\/es\/wp-json\/wp\/v2\/product_brand?post=4537"},{"taxonomy":"product_cat","embeddable":true,"href":"https:\/\/vapestornado.com\/es\/wp-json\/wp\/v2\/product_cat?post=4537"},{"taxonomy":"product_tag","embeddable":true,"href":"https:\/\/vapestornado.com\/es\/wp-json\/wp\/v2\/product_tag?post=4537"}],"curies":[{"name":"wp","href":"https:\/\/api.w.org\/{rel}","templated":true}]}}