{"id":4483,"date":"2025-10-30T06:42:12","date_gmt":"2025-10-30T06:42:12","guid":{"rendered":"https:\/\/vapestornado.com\/?post_type=product&#038;p=4483"},"modified":"2025-12-12T08:55:22","modified_gmt":"2025-12-12T08:55:22","slug":"jnr-falcon-pro-28k-28000-disposable-vape-puff-bar-rechargeable","status":"publish","type":"product","link":"https:\/\/vapestornado.com\/es\/product\/jnr-falcon-pro-28k-28000-disposable-vape-puff-bar-rechargeable\/","title":{"rendered":"JNR Falcon Pro 28k 28000 Vape Desechable Puff Bar Recargable"},"content":{"rendered":"<h2 data-pm-slice=\"1 1 []\">JNR Falcon Pro 28K Puff Bar recargable \u2013 Vape desechable de 28000 caladas al por mayor<\/h2>\n<p data-start=\"73\" data-end=\"688\">El <strong data-start=\"97\" data-end=\"119\">JNR Falcon Pro 28K<\/strong> es un desechable recargable dise\u00f1ado para vapear que esperan m\u00e1s que conveniencia a corto plazo. Con <strong data-start=\"216\" data-end=\"238\">hasta 28.000 caladas<\/strong>, una <strong data-start=\"242\" data-end=\"268\">capacidad de 30 ml de e-l\u00edquido<\/strong>, y un <strong data-start=\"276\" data-end=\"294\">bobina de malla dual<\/strong>, est\u00e1 dise\u00f1ado para ofrecer sabor y vapor estables durante un uso prolongado. A\u00f1ade un <strong data-start=\"372\" data-end=\"410\">Bater\u00eda recargable de 950mAh con puerto Type-C<\/strong> y un <strong data-start=\"418\" data-end=\"446\">pantalla inteligente<\/strong>, y obtienes un dispositivo que se comporta m\u00e1s como un <strong data-start=\"500\" data-end=\"520\">mod de cigarrillo electr\u00f3nico<\/strong> que como un desechable b\u00e1sico \u2014 sin configuraci\u00f3n ni mantenimiento.<\/p>\n<h3 data-start=\"791\" data-end=\"864\">\u00bfPor qu\u00e9 el JNR Falcon Pro 28k ofrece mejor relaci\u00f3n calidad-precio que los vapes desechables t\u00edpicos?<\/h3>\n<ul data-start=\"866\" data-end=\"2179\">\n<li data-start=\"866\" data-end=\"1161\">\n<p data-start=\"868\" data-end=\"1161\"><strong data-start=\"868\" data-end=\"906\">Resistencia que se adapta a rutinas reales.<\/strong> El <strong data-start=\"911\" data-end=\"949\">Vape desechable JNR Falcon Pro 28K<\/strong> combina una alta <strong data-start=\"963\" data-end=\"982\">calificaci\u00f3n de hasta 28K caladas<\/strong> m\u00e1s demandados, con una <strong data-start=\"990\" data-end=\"1003\">tanque de 30ml<\/strong>, lo que lo hace adecuado para usuarios habituales en <strong data-start=\"1045\" data-end=\"1090\">Espa\u00f1a, Francia, Italia, Espa\u00f1a y Polonia<\/strong> que desean menos reemplazos y un uso diario predecible con un solo dispositivo.<\/p>\n<\/li>\n<li data-start=\"1163\" data-end=\"1428\">\n<p data-start=\"1165\" data-end=\"1428\"><strong data-start=\"1165\" data-end=\"1202\">Bobina de malla doble para una salida estable.<\/strong> En el <strong data-start=\"1214\" data-end=\"1243\">dise\u00f1o recargable del vaporizador JNR 28K<\/strong> , el <strong data-start=\"1256\" data-end=\"1274\">bobina de malla dual<\/strong> distribuye el calor de manera uniforme a trav\u00e9s de la mecha. Eso ayuda a que el vapor permanezca suave y el sabor siga siendo completo m\u00e1s profundo en el tanque, en lugar de diluirse despu\u00e9s de un uso intensivo.<\/p>\n<\/li>\n<li data-start=\"1430\" data-end=\"1649\">\n<p data-start=\"1432\" data-end=\"1649\"><strong data-start=\"1432\" data-end=\"1480\">Energ\u00eda recargable que protege el l\u00edquido.<\/strong> A <strong data-start=\"1483\" data-end=\"1521\">Bater\u00eda recargable de 950mAh con puerto Type-C<\/strong> significa que puedes recargar la energ\u00eda cuando sea necesario y seguir vaporizando hasta que el l\u00edquido se acabe \u2014 sin descartes anticipados, sin desperdiciar e-juice.<\/p>\n<\/li>\n<li data-start=\"1651\" data-end=\"1884\">\n<p data-start=\"1653\" data-end=\"1884\"><strong data-start=\"1653\" data-end=\"1689\">La pantalla inteligente te mantiene informado.<\/strong> El <strong data-start=\"1694\" data-end=\"1747\">pantalla LED inteligente en el JNR Falcon Pro 28K<\/strong> muestra los niveles de bater\u00eda y l\u00edquido en tiempo real, para que sepas si el dispositivo puede cubrir un d\u00eda largo de trabajo o una noche de fiesta sin conjeturas.<\/p>\n<\/li>\n<li data-start=\"1886\" data-end=\"2179\">\n<p data-start=\"1888\" data-end=\"2179\"><strong data-start=\"1888\" data-end=\"1939\">Gran valor para canales minoristas y mayoristas.<\/strong> Con funciones que normalmente se ven en dispositivos m\u00e1s complejos, el <strong data-start=\"1996\" data-end=\"2018\">JNR Falcon Pro 28000<\/strong>\u00a0funciona bien en cualquier <strong data-start=\"2040\" data-end=\"2053\">tienda de vaporizadores<\/strong> y se adapta a los compradores que comparan productos desechables premium con <strong data-start=\"2108\" data-end=\"2138\">cigarrillos baratos al por mayor<\/strong> alternativas para un mejor valor a largo plazo.<\/p>\n<\/li>\n<\/ul>\n<p><strong><span style=\"color: #ff0000;\">Agrega el WhatsApp de Amy para obtener respuestas inmediatas y cupones de vapeo!<\/span><\/strong><\/p>\n<p><img fetchpriority=\"high\" decoding=\"async\" class=\"size-full wp-image-2932\" src=\"https:\/\/vapestornado.com\/wp-content\/uploads\/2024\/12\/Vape-Wholesale.jpg\" alt=\"Vape al por mayor\" width=\"229\" height=\"300\" \/><\/p>\n<h3><a href=\"https:\/\/wa.me\/8617776015835\" target=\"_blank\" rel=\"noopener\"><span style=\"color: #ff0000;\"><strong>WhatsApp: +86 17776015835<\/strong><\/span><\/a><\/h3>\n<p>&nbsp;<\/p>\n<h2><strong>Caracter\u00edsticas del producto JNR Falcon Pro 28k<\/strong><\/h2>\n<table>\n<thead>\n<tr>\n<th>Caracter\u00edstica<\/th>\n<th>especificaci\u00f3n<\/th>\n<th>detalles<\/th>\n<\/tr>\n<\/thead>\n<tbody>\n<tr>\n<td>Nombre del producto<\/td>\n<td>JNR Falcon Pro 28K<\/td>\n<td>Vape desechable recargable de alta capacidad<\/td>\n<\/tr>\n<tr>\n<td>Capacidad de caladas<\/td>\n<td>Hasta 28,000 caladas<\/td>\n<td>Dise\u00f1ado para un uso prolongado de varias semanas<\/td>\n<\/tr>\n<tr>\n<td>Volumen de e-l\u00edquido<\/td>\n<td>Prellenado de 30ml<\/td>\n<td>Tanque grande que soporta sesiones largas<\/td>\n<\/tr>\n<tr>\n<td>Tecnolog\u00eda de bobinas<\/td>\n<td>Doble bobina de malla<\/td>\n<td>Calentamiento uniforme para vapor suave y sabor intenso<\/td>\n<\/tr>\n<tr>\n<td>Bater\u00eda<\/td>\n<td>Bater\u00eda recargable de 950mAh<\/td>\n<td>Soporta recargas repetidas durante la vida \u00fatil del dispositivo<\/td>\n<\/tr>\n<tr>\n<td>Carga<\/td>\n<td>carga r\u00e1pida Tipo-C<\/td>\n<td>Carga r\u00e1pida y moderna con cables de est\u00e1ndar UE<\/td>\n<\/tr>\n<tr>\n<td>Pantalla<\/td>\n<td>Pantalla inteligente y moderna<\/td>\n<td>Estado de bater\u00eda y l\u00edquido en tiempo real<\/td>\n<\/tr>\n<tr>\n<td>Dise\u00f1o<\/td>\n<td>Cuerpo estilo cristal con logo Falcon<\/td>\n<td>Apariencia moderna con sensaci\u00f3n s\u00f3lida al tacto<\/td>\n<\/tr>\n<tr>\n<td>Opciones de sabor<\/td>\n<td>Hasta 20 sabores<\/td>\n<td>Perfiles de fruta, hielo y mezclados disponibles<\/td>\n<\/tr>\n<tr>\n<td>Posicionamiento<\/td>\n<td>Venta minorista y mayorista<\/td>\n<td>Adecuado para tienda de vapeo y distribuci\u00f3n en volumen<\/td>\n<\/tr>\n<\/tbody>\n<\/table>\n<figure id=\"attachment_4478\" aria-describedby=\"caption-attachment-4478\" style=\"width: 800px\" class=\"wp-caption alignnone\"><img decoding=\"async\" class=\"wp-image-4478 size-full\" src=\"https:\/\/vapestornado.com\/wp-content\/uploads\/2025\/10\/JNR-Falcon-Pro-28000-2-Nicotine-Disposable-Vapes.webp\" alt=\"JNR Falcon Pro 28000 2% Vape desechable con nicotina\" width=\"800\" height=\"800\" srcset=\"https:\/\/vapestornado.com\/wp-content\/uploads\/2025\/10\/JNR-Falcon-Pro-28000-2-Nicotine-Disposable-Vapes.webp 800w, https:\/\/vapestornado.com\/wp-content\/uploads\/2025\/10\/JNR-Falcon-Pro-28000-2-Nicotine-Disposable-Vapes-300x300.webp 300w, https:\/\/vapestornado.com\/wp-content\/uploads\/2025\/10\/JNR-Falcon-Pro-28000-2-Nicotine-Disposable-Vapes-150x150.webp 150w, https:\/\/vapestornado.com\/wp-content\/uploads\/2025\/10\/JNR-Falcon-Pro-28000-2-Nicotine-Disposable-Vapes-768x768.webp 768w, https:\/\/vapestornado.com\/wp-content\/uploads\/2025\/10\/JNR-Falcon-Pro-28000-2-Nicotine-Disposable-Vapes-12x12.webp 12w, https:\/\/vapestornado.com\/wp-content\/uploads\/2025\/10\/JNR-Falcon-Pro-28000-2-Nicotine-Disposable-Vapes-600x600.webp 600w, https:\/\/vapestornado.com\/wp-content\/uploads\/2025\/10\/JNR-Falcon-Pro-28000-2-Nicotine-Disposable-Vapes-100x100.webp 100w\" sizes=\"(max-width: 800px) 100vw, 800px\" \/><figcaption id=\"caption-attachment-4478\" class=\"wp-caption-text\">JNR Falcon Pro 28000 2% Vape desechable con nicotina<\/figcaption><\/figure>\n<h2 class=\"product-title\"><strong>Lista de sabores de Vape desechable JNR Falcon Pro 28k<\/strong><\/h2>\n<p>1 Fresa con hielo<br \/>\n2 Cereza Cola<br \/>\n3 Sand\u00eda con hielo<br \/>\n4 Cereza Razz Azul<br \/>\n5 Fresa Kiwi<br \/>\n6 Ar\u00e1ndano, frambuesa y cereza<br \/>\n7 Fresa con sand\u00eda y hielo<br \/>\n8 Kiwi con sand\u00eda y hielo<br \/>\n9 Frutas Mixtas Berries<br \/>\n10 Duraznos Jugosos<br \/>\n11 Hielo de Ar\u00e1ndano Azul<br \/>\n12 Frambuesa \u00c1cida de Ar\u00e1ndano Azul<br \/>\n13 Durazno Blanco Razz<br \/>\n14 Mango Fruta de la Pasi\u00f3n<br \/>\n15 Durazno Mango Sand\u00eda<br \/>\n16 Chicle de Sand\u00eda<br \/>\n17 Fresa Banana<br \/>\n18 Doble Manzana<br \/>\n19 Kiwi Passion Guayaba<br \/>\n20 Cereza Baya<\/p>\n<div class=\"flex-shrink-0 flex flex-col relative items-end\">\n<div class=\"pt-0\">\n<div class=\"gizmo-bot-avatar flex h-8 w-8 items-center justify-center overflow-hidden rounded-full\">\n<div class=\"relative p-1 rounded-sm flex items-center justify-center bg-token-main-surface-primary text-token-text-primary h-8 w-8\">\n<h2 data-start=\"1200\" data-end=\"1487\">Vapes Tornado \u2013 Tu tienda mayorista en l\u00ednea de vapeo con las mejores marcas<\/h2>\n<p data-start=\"1200\" data-end=\"1487\">Vapes Tornado Tienda de Humo en L\u00ednea es tu destino confiable para <strong data-start=\"66\" data-end=\"94\">vapers desechables de primera calidad<\/strong> y el <strong data-start=\"99\" data-end=\"125\">cigarrillos electr\u00f3nicos al por mayor<\/strong> en toda Europa. Disponemos de marcas populares de vapeo como <a href=\"https:\/\/vapestornado.com\/es\/product\/elf-bar-raya-d3-25000-puffs-best-disposable-vape-wholesale-in-uk\/\">Vape de Elf Bar<\/a>, <strong data-start=\"175\" data-end=\"228\"><a href=\"https:\/\/vapestornado.com\/es\/product\/fumot-randm-tornado-15000-puffs-rechargeable-disposable-vape-wholesale\/\">Fumot Vape<\/a>, <a href=\"https:\/\/vapestornado.com\/es\/product\/waspe-150k-150000-puff-6-in-1-disposable-vape-pen-cartridge-best-wholesale-price-in-poland\/\">Waspe Vape<\/a>, Vape Vozol Bar, <a href=\"https:\/\/vapestornado.com\/es\/product-category\/bang-vape\/\">Bang Vaper<\/a><\/strong>, y muchas otras\u2014ofreciendo calidad excepcional, opciones de sabores diversas y dise\u00f1os innovadores. Ya seas un usuario personal o un comprador al por mayor, <strong data-start=\"372\" data-end=\"389\">Vapes Tornado<\/strong> ofrece dispositivos de alto rendimiento, estilos elegantes y precios mayoristas inigualables para satisfacer tus necesidades de vapeo.<\/p>\n<h2 data-start=\"2064\" data-end=\"2115\"><\/h2>\n<h2 data-start=\"2064\" data-end=\"2115\">Preguntas frecuentes sobre JNR Falcon Pro 28k Vape Box<\/h2>\n<h3 data-start=\"3123\" data-end=\"3203\">1. \u00bfCu\u00e1nto dura en uso diario el vape desechable JNR Falcon Pro 28K?<\/h3>\n<p data-start=\"3204\" data-end=\"3362\">Con <strong data-start=\"3209\" data-end=\"3225\">28.000 caladas<\/strong> y una <strong data-start=\"3232\" data-end=\"3245\">tanque de 30ml<\/strong>, muchos usuarios habituales encuentran el <strong data-start=\"3275\" data-end=\"3297\">JNR Falcon Pro 28K<\/strong> dura <strong data-start=\"3304\" data-end=\"3321\">varias semanas<\/strong>, dependiendo de la longitud y frecuencia de la inhalaci\u00f3n.<\/p>\n<h3 data-start=\"3369\" data-end=\"3461\">2. \u00bfQu\u00e9 ventaja ofrece la doble bobina de malla en el vape recargable desechable JNR 28K?<\/h3>\n<p data-start=\"3462\" data-end=\"3614\">El <strong data-start=\"3466\" data-end=\"3484\">bobina de malla dual<\/strong> calienta de manera m\u00e1s uniforme que las bobinas de un solo cable, ayudando a que el vapor se mantenga denso y el sabor sea consistente durante toda la vida \u00fatil del dispositivo.<\/p>\n<h3 data-start=\"3621\" data-end=\"3722\">3. \u00bfEl JNR Falcon Pro 28K se asemeja m\u00e1s a mods de cigarrillos electr\u00f3nicos o a desechables est\u00e1ndar en rendimiento?<\/h3>\n<p data-start=\"3723\" data-end=\"3861\">En t\u00e9rminos de estabilidad y control de salida, se siente m\u00e1s cercano a los compactos <strong data-start=\"3792\" data-end=\"3812\">mod de cigarrillo electr\u00f3nico<\/strong>, pero sin bobinas para cambiar o tanques para rellenar.<\/p>\n<h3 data-start=\"3868\" data-end=\"3943\">4. \u00bfQu\u00e9 tan \u00fatil es la pantalla inteligente en el JNR Falcon Pro 28K Puff Bar?<\/h3>\n<p data-start=\"3944\" data-end=\"4092\">El <strong data-start=\"3948\" data-end=\"3964\">pantalla inteligente<\/strong> muestra claramente los niveles de bater\u00eda y l\u00edquido, permitiendo una mejor planificaci\u00f3n para cargar y reduciendo cortes inesperados durante el d\u00eda.<\/p>\n<h3 data-start=\"4099\" data-end=\"4232\">5. \u00bfEs el JNR Falcon Pro 28K una buena opci\u00f3n para compradores de tiendas de vapeo o mayoristas que comparan alternativas baratas de cigarrillos al por mayor?<\/h3>\n<p data-start=\"4233\" data-end=\"4467\">S\u00ed. Para <strong data-start=\"4242\" data-end=\"4255\">tienda de vaporizadores<\/strong> propietarios y compradores al por mayor, el <strong data-start=\"4284\" data-end=\"4306\">JNR Falcon Pro 28K<\/strong> ofrece un alto recuento de caladas, dise\u00f1o recargable y funciones premium que atraen a los usuarios que buscan un valor a largo plazo m\u00e1s all\u00e1 de <strong data-start=\"4427\" data-end=\"4457\">cigarrillos baratos al por mayor<\/strong> productos.<\/p>\n<\/div>\n<\/div>\n<\/div>\n<\/div>","protected":false},"excerpt":{"rendered":"<ul>\n<li data-start=\"2055\" data-end=\"2134\">\n<p data-start=\"2058\" data-end=\"2134\">Compra JNR 28K Puff Bar en l\u00ednea \u2013 Vape desechable recargable de larga duraci\u00f3n EU<\/p>\n<\/li>\n<li data-start=\"2055\" data-end=\"2134\">\n<p data-start=\"2058\" data-end=\"2134\">Vape JNR Falcon 28000 Puffs \u2013 Puff Bar de doble bobina de malla al por mayor<\/p>\n<\/li>\n<\/ul>\n<p><strong>\u00a1A\u00f1ade el WhatsApp de Amy para obtener una respuesta correcta y un precio con descuento!<\/strong><\/p>\n<p><img fetchpriority=\"high\" decoding=\"async\" class=\"size-full wp-image-2932\" src=\"https:\/\/vapestornado.com\/wp-content\/uploads\/2024\/12\/Vape-Wholesale.jpg\" alt=\"Vape al por mayor\" width=\"229\" height=\"300\" \/><\/p>\n<h3><a href=\"https:\/\/wa.me\/8617776015835\"><span style=\"color: #ff0000;\"><strong>WhatsApp: +86 17776015835<\/strong><\/span><\/a><\/h3>","protected":false},"featured_media":4477,"comment_status":"open","ping_status":"closed","template":"","meta":{"_acf_changed":false,"_uag_custom_page_level_css":"","_lmt_disableupdate":"no","_lmt_disable":"","_monsterinsights_skip_tracking":false,"_monsterinsights_sitenote_active":false,"_monsterinsights_sitenote_note":"","_monsterinsights_sitenote_category":0,"site-sidebar-layout":"default","site-content-layout":"","ast-site-content-layout":"default","site-content-style":"default","site-sidebar-style":"default","ast-global-header-display":"","ast-banner-title-visibility":"","ast-main-header-display":"","ast-hfb-above-header-display":"","ast-hfb-below-header-display":"","ast-hfb-mobile-header-display":"","site-post-title":"","ast-breadcrumbs-content":"","ast-featured-img":"","footer-sml-layout":"","ast-disable-related-posts":"","theme-transparent-header-meta":"default","adv-header-id-meta":"","stick-header-meta":"","header-above-stick-meta":"","header-main-stick-meta":"","header-below-stick-meta":"","astra-migrate-meta-layouts":"set","ast-page-background-enabled":"default","ast-page-background-meta":{"desktop":{"background-color":"","background-image":"","background-repeat":"repeat","background-position":"center center","background-size":"auto","background-attachment":"scroll","background-type":"","background-media":"","overlay-type":"","overlay-color":"","overlay-opacity":"","overlay-gradient":""},"tablet":{"background-color":"","background-image":"","background-repeat":"repeat","background-position":"center center","background-size":"auto","background-attachment":"scroll","background-type":"","background-media":"","overlay-type":"","overlay-color":"","overlay-opacity":"","overlay-gradient":""},"mobile":{"background-color":"","background-image":"","background-repeat":"repeat","background-position":"center center","background-size":"auto","background-attachment":"scroll","background-type":"","background-media":"","overlay-type":"","overlay-color":"","overlay-opacity":"","overlay-gradient":""}},"ast-content-background-meta":{"desktop":{"background-color":"var(--ast-global-color-5)","background-image":"","background-repeat":"repeat","background-position":"center center","background-size":"auto","background-attachment":"scroll","background-type":"","background-media":"","overlay-type":"","overlay-color":"","overlay-opacity":"","overlay-gradient":""},"tablet":{"background-color":"var(--ast-global-color-5)","background-image":"","background-repeat":"repeat","background-position":"center center","background-size":"auto","background-attachment":"scroll","background-type":"","background-media":"","overlay-type":"","overlay-color":"","overlay-opacity":"","overlay-gradient":""},"mobile":{"background-color":"var(--ast-global-color-5)","background-image":"","background-repeat":"repeat","background-position":"center center","background-size":"auto","background-attachment":"scroll","background-type":"","background-media":"","overlay-type":"","overlay-color":"","overlay-opacity":"","overlay-gradient":""}},"_joinchat":[]},"product_brand":[],"product_cat":[235,149,150,151,154,141,142,76,144],"product_tag":[403,406,411,412,410,390,397],"class_list":{"0":"post-4483","1":"product","2":"type-product","3":"status-publish","4":"has-post-thumbnail","6":"product_cat-28000-puff","7":"product_cat-buy-disposable-vapes-in-austria","8":"product_cat-buy-disposable-vapes-in-belgium","9":"product_cat-buy-disposable-vapes-in-france","10":"product_cat-buy-disposable-vapes-in-netherlands","11":"product_cat-crystal-disposable-vapes","12":"product_cat-digital-box-disposable-vapes","13":"product_cat-jnr-vape","14":"product_cat-low-nicotine-disposable-vapes","15":"product_tag-disposable-vape-box","16":"product_tag-disposable-vape-fast-shipping","17":"product_tag-jnr-28k","18":"product_tag-jnr-falcon-pro-280000","19":"product_tag-jnr-falcon-pro-28k","20":"product_tag-online-vape-shop","21":"product_tag-vapor","22":"desktop-align-left","23":"tablet-align-left","24":"mobile-align-left","26":"first","27":"instock","28":"sale","29":"shipping-taxable","30":"purchasable","31":"product-type-simple"},"acf":[],"uagb_featured_image_src":{"full":["https:\/\/vapestornado.com\/wp-content\/uploads\/2025\/10\/JNR-Falcon-Pro-28K-Puff-Dispsoable-Vape-Wholesale-Price.webp",800,800,false],"thumbnail":["https:\/\/vapestornado.com\/wp-content\/uploads\/2025\/10\/JNR-Falcon-Pro-28K-Puff-Dispsoable-Vape-Wholesale-Price-150x150.webp",150,150,true],"medium":["https:\/\/vapestornado.com\/wp-content\/uploads\/2025\/10\/JNR-Falcon-Pro-28K-Puff-Dispsoable-Vape-Wholesale-Price-300x300.webp",300,300,true],"medium_large":["https:\/\/vapestornado.com\/wp-content\/uploads\/2025\/10\/JNR-Falcon-Pro-28K-Puff-Dispsoable-Vape-Wholesale-Price-768x768.webp",768,768,true],"large":["https:\/\/vapestornado.com\/wp-content\/uploads\/2025\/10\/JNR-Falcon-Pro-28K-Puff-Dispsoable-Vape-Wholesale-Price.webp",800,800,false],"1536x1536":["https:\/\/vapestornado.com\/wp-content\/uploads\/2025\/10\/JNR-Falcon-Pro-28K-Puff-Dispsoable-Vape-Wholesale-Price.webp",800,800,false],"2048x2048":["https:\/\/vapestornado.com\/wp-content\/uploads\/2025\/10\/JNR-Falcon-Pro-28K-Puff-Dispsoable-Vape-Wholesale-Price.webp",800,800,false],"trp-custom-language-flag":["https:\/\/vapestornado.com\/wp-content\/uploads\/2025\/10\/JNR-Falcon-Pro-28K-Puff-Dispsoable-Vape-Wholesale-Price-12x12.webp",12,12,true],"woocommerce_thumbnail":["https:\/\/vapestornado.com\/wp-content\/uploads\/2025\/10\/JNR-Falcon-Pro-28K-Puff-Dispsoable-Vape-Wholesale-Price-300x300.webp",300,300,true],"woocommerce_single":["https:\/\/vapestornado.com\/wp-content\/uploads\/2025\/10\/JNR-Falcon-Pro-28K-Puff-Dispsoable-Vape-Wholesale-Price-600x600.webp",600,600,true],"woocommerce_gallery_thumbnail":["https:\/\/vapestornado.com\/wp-content\/uploads\/2025\/10\/JNR-Falcon-Pro-28K-Puff-Dispsoable-Vape-Wholesale-Price-100x100.webp",100,100,true]},"uagb_author_info":{"display_name":"ESAMY","author_link":"https:\/\/vapestornado.com\/es\/author\/"},"uagb_comment_info":1,"uagb_excerpt":"Buy JNR 28K Puff Bar Online \u2013 Long-Lasting Rechargeable Disposable Vape EU JNR Falcon 28000 Puffs Vape \u2013 Dual Mesh Coil Puff Bar at Wholesale Price Add Amy's whatsapp to get right reply and discount price! WhatsApp: +86 17776015835","_links":{"self":[{"href":"https:\/\/vapestornado.com\/es\/wp-json\/wp\/v2\/product\/4483","targetHints":{"allow":["GET"]}}],"collection":[{"href":"https:\/\/vapestornado.com\/es\/wp-json\/wp\/v2\/product"}],"about":[{"href":"https:\/\/vapestornado.com\/es\/wp-json\/wp\/v2\/types\/product"}],"replies":[{"embeddable":true,"href":"https:\/\/vapestornado.com\/es\/wp-json\/wp\/v2\/comments?post=4483"}],"wp:featuredmedia":[{"embeddable":true,"href":"https:\/\/vapestornado.com\/es\/wp-json\/wp\/v2\/media\/4477"}],"wp:attachment":[{"href":"https:\/\/vapestornado.com\/es\/wp-json\/wp\/v2\/media?parent=4483"}],"wp:term":[{"taxonomy":"product_brand","embeddable":true,"href":"https:\/\/vapestornado.com\/es\/wp-json\/wp\/v2\/product_brand?post=4483"},{"taxonomy":"product_cat","embeddable":true,"href":"https:\/\/vapestornado.com\/es\/wp-json\/wp\/v2\/product_cat?post=4483"},{"taxonomy":"product_tag","embeddable":true,"href":"https:\/\/vapestornado.com\/es\/wp-json\/wp\/v2\/product_tag?post=4483"}],"curies":[{"name":"wp","href":"https:\/\/api.w.org\/{rel}","templated":true}]}}